{"id":10951,"date":"2024-12-04T16:20:19","date_gmt":"2024-12-04T22:20:19","guid":{"rendered":"https:\/\/visionshare.org\/?page_id=10951"},"modified":"2025-10-10T09:13:48","modified_gmt":"2025-10-10T14:13:48","slug":"nuevo-formulario-de-contacto-del-banco-de-ojos","status":"publish","type":"page","link":"https:\/\/visionshare.org\/es\/new-eye-bank-contact-form\/","title":{"rendered":"Nuevos bancos de ojos - P\u00f3ngase en contacto con nosotros"},"content":{"rendered":"<h2 class=\"wp-block-heading has-text-align-center\"><strong>Nuevo formulario de contacto de bancos de ojos<\/strong><\/h2>\n\n\n\n<div>\n<iframe aria-label='Nuevo formulario de contacto del Banco de Ojos' frameborder=\"0\" style=\"height:1000px;width:99%;border:none;\" src='https:\/\/forms.zohopublic.com\/mhowellvisio1\/form\/NewEyeBankContactForm\/formperma\/05dyG_fdHfQqc4HhVPJZB6vJFXqBpHq5qOguCxh5siU'><\/iframe>\n<\/div>","protected":false},"excerpt":{"rendered":"<p>Nuevo formulario de contacto de bancos de ojos<\/p>","protected":false},"author":1,"featured_media":11013,"parent":0,"menu_order":0,"comment_status":"closed","ping_status":"closed","template":"","meta":{"_acf_changed":false,"footnotes":""},"class_list":["post-10951","page","type-page","status-publish","has-post-thumbnail"],"acf":[],"yoast_head":"<!-- This site is optimized with the Yoast SEO plugin v27.4 - https:\/\/yoast.com\/product\/yoast-seo-wordpress\/ -->\n<title>New Eye Banks - Contact Us Here - Vision Share<\/title>\n<meta name=\"description\" content=\"Are you a new eye bank interested in working with Vision Share? We&#039;d love to learn more about how we can support your operations. Get in touch\" \/>\n<meta name=\"robots\" content=\"noindex, follow\" \/>\n<meta property=\"og:locale\" content=\"es_ES\" \/>\n<meta property=\"og:type\" content=\"article\" \/>\n<meta property=\"og:title\" content=\"New Eye Banks - Contact Us Here - Vision Share\" \/>\n<meta property=\"og:description\" content=\"Are you a new eye bank interested in working with Vision Share? We&#039;d love to learn more about how we can support your operations. Get in touch\" \/>\n<meta property=\"og:url\" content=\"https:\/\/visionshare.org\/es\/nuevo-formulario-de-contacto-del-banco-de-ojos\/\" \/>\n<meta property=\"og:site_name\" content=\"Vision Share\" \/>\n<meta property=\"article:publisher\" content=\"https:\/\/www.facebook.com\/visionshareinc\" \/>\n<meta property=\"article:modified_time\" content=\"2025-10-10T14:13:48+00:00\" \/>\n<meta property=\"og:image\" content=\"https:\/\/visionshare.org\/wp-content\/uploads\/tpb.jpg\" \/>\n\t<meta property=\"og:image:width\" content=\"1920\" \/>\n\t<meta property=\"og:image:height\" content=\"750\" \/>\n\t<meta property=\"og:image:type\" content=\"image\/jpeg\" \/>\n<meta name=\"twitter:card\" content=\"summary_large_image\" \/>\n<meta name=\"twitter:site\" content=\"@Vision_Share\" \/>\n<meta name=\"twitter:label1\" content=\"Tiempo de lectura\" \/>\n\t<meta name=\"twitter:data1\" content=\"1 minuto\" \/>\n<script type=\"application\/ld+json\" class=\"yoast-schema-graph\">{\"@context\":\"https:\\\/\\\/schema.org\",\"@graph\":[{\"@type\":\"WebPage\",\"@id\":\"https:\\\/\\\/visionshare.org\\\/new-eye-bank-contact-form\\\/\",\"url\":\"https:\\\/\\\/visionshare.org\\\/new-eye-bank-contact-form\\\/\",\"name\":\"New Eye Banks - Contact Us Here - Vision Share\",\"isPartOf\":{\"@id\":\"https:\\\/\\\/visionshare.org\\\/#website\"},\"primaryImageOfPage\":{\"@id\":\"https:\\\/\\\/visionshare.org\\\/new-eye-bank-contact-form\\\/#primaryimage\"},\"image\":{\"@id\":\"https:\\\/\\\/visionshare.org\\\/new-eye-bank-contact-form\\\/#primaryimage\"},\"thumbnailUrl\":\"https:\\\/\\\/visionshare.org\\\/wp-content\\\/uploads\\\/tpb.jpg\",\"datePublished\":\"2024-12-04T22:20:19+00:00\",\"dateModified\":\"2025-10-10T14:13:48+00:00\",\"description\":\"Are you a new eye bank interested in working with Vision Share? We'd love to learn more about how we can support your operations. Get in touch\",\"breadcrumb\":{\"@id\":\"https:\\\/\\\/visionshare.org\\\/new-eye-bank-contact-form\\\/#breadcrumb\"},\"inLanguage\":\"es\",\"potentialAction\":[{\"@type\":\"ReadAction\",\"target\":[\"https:\\\/\\\/visionshare.org\\\/new-eye-bank-contact-form\\\/\"]}]},{\"@type\":\"ImageObject\",\"inLanguage\":\"es\",\"@id\":\"https:\\\/\\\/visionshare.org\\\/new-eye-bank-contact-form\\\/#primaryimage\",\"url\":\"https:\\\/\\\/visionshare.org\\\/wp-content\\\/uploads\\\/tpb.jpg\",\"contentUrl\":\"https:\\\/\\\/visionshare.org\\\/wp-content\\\/uploads\\\/tpb.jpg\",\"width\":1920,\"height\":750,\"caption\":\"Vision Share Team at Conference in Spain\"},{\"@type\":\"BreadcrumbList\",\"@id\":\"https:\\\/\\\/visionshare.org\\\/new-eye-bank-contact-form\\\/#breadcrumb\",\"itemListElement\":[{\"@type\":\"ListItem\",\"position\":1,\"name\":\"Home\",\"item\":\"https:\\\/\\\/visionshare.org\\\/\"},{\"@type\":\"ListItem\",\"position\":2,\"name\":\"New Eye Banks &#8211; Contact Us Here\"}]},{\"@type\":\"WebSite\",\"@id\":\"https:\\\/\\\/visionshare.org\\\/#website\",\"url\":\"https:\\\/\\\/visionshare.org\\\/\",\"name\":\"Vision Share\",\"description\":\"Your Trusted Source\",\"publisher\":{\"@id\":\"https:\\\/\\\/visionshare.org\\\/#organization\"},\"potentialAction\":[{\"@type\":\"SearchAction\",\"target\":{\"@type\":\"EntryPoint\",\"urlTemplate\":\"https:\\\/\\\/visionshare.org\\\/?s={search_term_string}\"},\"query-input\":{\"@type\":\"PropertyValueSpecification\",\"valueRequired\":true,\"valueName\":\"search_term_string\"}}],\"inLanguage\":\"es\"},{\"@type\":\"Organization\",\"@id\":\"https:\\\/\\\/visionshare.org\\\/#organization\",\"name\":\"Vision Share\",\"url\":\"https:\\\/\\\/visionshare.org\\\/\",\"logo\":{\"@type\":\"ImageObject\",\"inLanguage\":\"es\",\"@id\":\"https:\\\/\\\/visionshare.org\\\/#\\\/schema\\\/logo\\\/image\\\/\",\"url\":\"https:\\\/\\\/visionshare.org\\\/wp-content\\\/uploads\\\/cropped-cropped-cropped-VS_Your-trusted-source-logo-01-PNG.png\",\"contentUrl\":\"https:\\\/\\\/visionshare.org\\\/wp-content\\\/uploads\\\/cropped-cropped-cropped-VS_Your-trusted-source-logo-01-PNG.png\",\"width\":1655,\"height\":861,\"caption\":\"Vision Share\"},\"image\":{\"@id\":\"https:\\\/\\\/visionshare.org\\\/#\\\/schema\\\/logo\\\/image\\\/\"},\"sameAs\":[\"https:\\\/\\\/www.facebook.com\\\/visionshareinc\",\"https:\\\/\\\/x.com\\\/Vision_Share\",\"https:\\\/\\\/www.linkedin.com\\\/company\\\/visionsshare\\\/\"]}]}<\/script>\n<!-- \/ Yoast SEO plugin. -->","yoast_head_json":{"title":"Nuevos bancos de ojos - P\u00f3ngase en contacto con nosotros aqu\u00ed - Vision Share","description":"\u00bfEres un nuevo banco de ojos interesado en trabajar con Vision Share? Nos encantar\u00eda saber m\u00e1s sobre c\u00f3mo podemos apoyarte. Ponte en contacto.","robots":{"index":"noindex","follow":"follow"},"og_locale":"es_ES","og_type":"article","og_title":"New Eye Banks - Contact Us Here - Vision Share","og_description":"Are you a new eye bank interested in working with Vision Share? We'd love to learn more about how we can support your operations. Get in touch","og_url":"https:\/\/visionshare.org\/es\/nuevo-formulario-de-contacto-del-banco-de-ojos\/","og_site_name":"Vision Share","article_publisher":"https:\/\/www.facebook.com\/visionshareinc","article_modified_time":"2025-10-10T14:13:48+00:00","og_image":[{"width":1920,"height":750,"url":"https:\/\/visionshare.org\/wp-content\/uploads\/tpb.jpg","type":"image\/jpeg"}],"twitter_card":"summary_large_image","twitter_site":"@Vision_Share","twitter_misc":{"Tiempo de lectura":"1 minuto"},"schema":{"@context":"https:\/\/schema.org","@graph":[{"@type":"WebPage","@id":"https:\/\/visionshare.org\/new-eye-bank-contact-form\/","url":"https:\/\/visionshare.org\/new-eye-bank-contact-form\/","name":"Nuevos bancos de ojos - P\u00f3ngase en contacto con nosotros aqu\u00ed - Vision Share","isPartOf":{"@id":"https:\/\/visionshare.org\/#website"},"primaryImageOfPage":{"@id":"https:\/\/visionshare.org\/new-eye-bank-contact-form\/#primaryimage"},"image":{"@id":"https:\/\/visionshare.org\/new-eye-bank-contact-form\/#primaryimage"},"thumbnailUrl":"https:\/\/visionshare.org\/wp-content\/uploads\/tpb.jpg","datePublished":"2024-12-04T22:20:19+00:00","dateModified":"2025-10-10T14:13:48+00:00","description":"\u00bfEres un nuevo banco de ojos interesado en trabajar con Vision Share? Nos encantar\u00eda saber m\u00e1s sobre c\u00f3mo podemos apoyarte. Ponte en contacto.","breadcrumb":{"@id":"https:\/\/visionshare.org\/new-eye-bank-contact-form\/#breadcrumb"},"inLanguage":"es","potentialAction":[{"@type":"ReadAction","target":["https:\/\/visionshare.org\/new-eye-bank-contact-form\/"]}]},{"@type":"ImageObject","inLanguage":"es","@id":"https:\/\/visionshare.org\/new-eye-bank-contact-form\/#primaryimage","url":"https:\/\/visionshare.org\/wp-content\/uploads\/tpb.jpg","contentUrl":"https:\/\/visionshare.org\/wp-content\/uploads\/tpb.jpg","width":1920,"height":750,"caption":"Vision Share Team at Conference in Spain"},{"@type":"BreadcrumbList","@id":"https:\/\/visionshare.org\/new-eye-bank-contact-form\/#breadcrumb","itemListElement":[{"@type":"ListItem","position":1,"name":"Home","item":"https:\/\/visionshare.org\/"},{"@type":"ListItem","position":2,"name":"New Eye Banks &#8211; Contact Us Here"}]},{"@type":"WebSite","@id":"https:\/\/visionshare.org\/#website","url":"https:\/\/visionshare.org\/","name":"Compartir visi\u00f3n","description":"Su fuente de confianza","publisher":{"@id":"https:\/\/visionshare.org\/#organization"},"potentialAction":[{"@type":"SearchAction","target":{"@type":"EntryPoint","urlTemplate":"https:\/\/visionshare.org\/?s={search_term_string}"},"query-input":{"@type":"PropertyValueSpecification","valueRequired":true,"valueName":"search_term_string"}}],"inLanguage":"es"},{"@type":"Organization","@id":"https:\/\/visionshare.org\/#organization","name":"Compartir visi\u00f3n","url":"https:\/\/visionshare.org\/","logo":{"@type":"ImageObject","inLanguage":"es","@id":"https:\/\/visionshare.org\/#\/schema\/logo\/image\/","url":"https:\/\/visionshare.org\/wp-content\/uploads\/cropped-cropped-cropped-VS_Your-trusted-source-logo-01-PNG.png","contentUrl":"https:\/\/visionshare.org\/wp-content\/uploads\/cropped-cropped-cropped-VS_Your-trusted-source-logo-01-PNG.png","width":1655,"height":861,"caption":"Vision Share"},"image":{"@id":"https:\/\/visionshare.org\/#\/schema\/logo\/image\/"},"sameAs":["https:\/\/www.facebook.com\/visionshareinc","https:\/\/x.com\/Vision_Share","https:\/\/www.linkedin.com\/company\/visionsshare\/"]}]}},"_links":{"self":[{"href":"https:\/\/visionshare.org\/es\/wp-json\/wp\/v2\/pages\/10951","targetHints":{"allow":["GET"]}}],"collection":[{"href":"https:\/\/visionshare.org\/es\/wp-json\/wp\/v2\/pages"}],"about":[{"href":"https:\/\/visionshare.org\/es\/wp-json\/wp\/v2\/types\/page"}],"author":[{"embeddable":true,"href":"https:\/\/visionshare.org\/es\/wp-json\/wp\/v2\/users\/1"}],"replies":[{"embeddable":true,"href":"https:\/\/visionshare.org\/es\/wp-json\/wp\/v2\/comments?post=10951"}],"version-history":[{"count":8,"href":"https:\/\/visionshare.org\/es\/wp-json\/wp\/v2\/pages\/10951\/revisions"}],"predecessor-version":[{"id":13113,"href":"https:\/\/visionshare.org\/es\/wp-json\/wp\/v2\/pages\/10951\/revisions\/13113"}],"wp:featuredmedia":[{"embeddable":true,"href":"https:\/\/visionshare.org\/es\/wp-json\/wp\/v2\/media\/11013"}],"wp:attachment":[{"href":"https:\/\/visionshare.org\/es\/wp-json\/wp\/v2\/media?parent=10951"}],"curies":[{"name":"wp","href":"https:\/\/api.w.org\/{rel}","templated":true}]}}