{"id":12185,"date":"2025-05-14T07:53:42","date_gmt":"2025-05-14T12:53:42","guid":{"rendered":"https:\/\/visionshare.org\/?page_id=12185"},"modified":"2026-04-10T09:20:00","modified_gmt":"2026-04-10T14:20:00","slug":"keranatural","status":"publish","type":"page","link":"https:\/\/visionshare.org\/es\/keranatural\/","title":{"rendered":"KeraNatural"},"content":{"rendered":"<div class=\"gb-container gb-container-a1aa1fe9 alignfull\">\n<div class=\"gb-container gb-container-66d5b9c8 alignfull gbp-section\">\n<div class=\"gb-container gb-container-4d2390ca alignfull gbp-section__inner\">\n<div class=\"gb-container gb-container-c91ed29b alignfull\">\n\n<h1 class=\"gb-headline gb-headline-eb9520d3 gb-headline-text gbp-section__headline\">KeraNatural<\/h1>\n\n<\/div>\n<\/div>\n\n\n<p class=\"gb-text\">La innovadora soluci\u00f3n de aloinjerto para un contorno corneal seguro y eficaz.<\/p>\n\n\n\n<div class=\"gb-element-ce9736e1\">\n<a class=\"gb-text gbp-button--primary gb-text-5332b989\" href=\"\/es\/procedimiento-keranatural-cairs\/\">\u00bfNuevo en CAIRS? Obtenga m\u00e1s informaci\u00f3n<\/a>\n\n\n\n<a class=\"gb-text gbp-button--primary gb-text-388332a6\" href=\"#surgicalplan\">Plan de tratamiento quir\u00fargico (formulario de solicitud)<\/a>\n<\/div>\n\n<\/div>\n<div class=\"gb-shapes\"><div class=\"gb-shape gb-shape-1\"><svg xmlns=\"http:\/\/www.w3.org\/2000\/svg\" viewbox=\"0 0 1200 194.3\" preserveaspectratio=\"none\"><path d=\"M1200 133.3l-50 8.9c-50 8.6-150 26.9-250 31.1-100 4.2-200-4.2-300-26.7S400 89.2 300 62.2C200 35.8 100 17.5 50 8.9L0 0v194.3h1200v-61z\"\/><\/svg><\/div><\/div><\/div>\n\n\n<div class=\"gbp-section gb-element-806f2068\">\n<div class=\"gb-element-c1bfef5c\">\n<h2 class=\"gb-text gbp-section__headline gb-text-32bfaaf3\">\u00bfPor qu\u00e9 elegir KeraNatural?<\/h2>\n\n\n\n<div class=\"gb-element-5447f255\">\n<h4 class=\"gb-text gbp-section__headline\">Integraci\u00f3n natural<\/h4>\n\n\n\n<p class=\"gb-text gbp-section__text\">Utiliza tejido corneal humano, lo que reduce el riesgo de rechazo y extrusi\u00f3n en comparaci\u00f3n con las opciones sint\u00e9ticas.<\/p>\n\n\n\n<h4 class=\"gb-text gbp-section__headline\">M\u00ednimamente invasivo<\/h4>\n\n\n\n<p class=\"gb-text gbp-section__text\">Proporciona una alternativa a los trasplantes de c\u00f3rnea de espesor total, preservando una mayor parte de la c\u00f3rnea natural del paciente.&nbsp;<\/p>\n\n\n\n<h4 class=\"gb-text gbp-section__headline\">Est\u00e9ril y de larga duraci\u00f3n<\/h4>\n\n\n\n<p class=\"gb-text gbp-section__text\">Esterilizado por haz de electrones con una caducidad de dos a\u00f1os, lo que garantiza su seguridad y disponibilidad.<\/p>\n\n\n\n<h4 class=\"gb-text gbp-section__headline\">Opciones vers\u00e1tiles<\/h4>\n\n\n\n<p class=\"gb-text gbp-section__text\">KeraNatural\u00ae est\u00e1 disponible en varios tama\u00f1os y grosores para adaptarse a las necesidades de cada paciente.<\/p>\n<\/div>\n<\/div>\n\n\n\n<span class=\"gb-shape gb-shape-3b740c9f gb-shape--divider\"><svg xmlns=\"http:\/\/www.w3.org\/2000\/svg\" viewbox=\"0 0 1200 194.3\" preserveaspectratio=\"none\"><path d=\"M1200 133.3l-50 8.9c-50 8.6-150 26.9-250 31.1-100 4.2-200-4.2-300-26.7S400 89.2 300 62.2C200 35.8 100 17.5 50 8.9L0 0v194.3h1200v-61z\"><\/path><\/svg><\/span>\n<\/div>\n\n\n\n<div class=\"gbp-section gb-element-e4765385\">\n<div class=\"gbp-section__inner gb-element-39555edb\">\n<div>\n<h2 class=\"gb-text gbp-section__headline\">\u00bfC\u00f3mo funciona KeraNatural?<\/h2>\n\n\n\n<figure class=\"wp-block-image size-large is-resized\"><img loading=\"lazy\" decoding=\"async\" width=\"1024\" height=\"576\" src=\"https:\/\/visionshare.org\/wp-content\/uploads\/KN-arc-illustration-1024x576.jpg\" alt=\"KeraArco natural\" class=\"wp-image-12189\" style=\"object-fit:cover;width:560px;height:315px\" srcset=\"https:\/\/visionshare.org\/wp-content\/uploads\/KN-arc-illustration-1024x576.jpg 1024w, https:\/\/visionshare.org\/wp-content\/uploads\/KN-arc-illustration-300x169.jpg 300w, https:\/\/visionshare.org\/wp-content\/uploads\/KN-arc-illustration-768x432.jpg 768w, https:\/\/visionshare.org\/wp-content\/uploads\/KN-arc-illustration-1536x864.jpg 1536w, https:\/\/visionshare.org\/wp-content\/uploads\/KN-arc-illustration-2048x1152.jpg 2048w\" sizes=\"auto, (max-width: 1024px) 100vw, 1024px\" \/><\/figure>\n\n\n\n<p class=\"gb-text gbp-section__text gb-text-d3e23af5\">KeraNatural\u00ae se implanta en el estroma corneal para aplanar y estabilizar la forma de la c\u00f3rnea, mejorando la agudeza visual y retrasando o eliminando potencialmente la necesidad de procedimientos m\u00e1s invasivos.<\/p>\n<\/div>\n\n\n\n<div class=\"gb-element-5c60b6e7\">\n<h2 class=\"gb-text gbp-section__headline\">Ver un resumen<\/h2>\n\n\n\n<iframe loading=\"lazy\" width=\"560\" height=\"315\" src=\"https:\/\/www.youtube.com\/embed\/ze6eHTS9ctw?si=mXykln3kFXc6MbXF\" title=\"Reproductor de v\u00eddeo YouTube\" frameborder=\"0\" allow=\"accelerometer; autoplay; clipboard-write; encrypted-media; gyroscope; picture-in-picture; web-share\" referrerpolicy=\"strict-origin-when-cross-origin\" allowfullscreen><\/iframe>\n\n\n\n<p class=\"gb-text gbp-section__text gb-text-7fc57eee\">Elija KeraNatural\u00ae, un anillo o arco de c\u00f3rnea donante biocompatible que remodela y estabiliza los ojos queratoc\u00f3nicos con menos riesgos que los implantes sint\u00e9ticos.<\/p>\n<\/div>\n<\/div>\n<\/div>\n\n\n\n<div class=\"gbp-section gb-element-6f393903\">\n<div class=\"gbp-section__inner gb-element-4af11625\">\n<div>\n<div class=\"gb-element-1781fefd\"><div class=\"wp-block-image\">\n<figure class=\"aligncenter size-medium is-resized\"><img loading=\"lazy\" decoding=\"async\" width=\"300\" height=\"240\" src=\"https:\/\/visionshare.org\/wp-content\/uploads\/keranatural-arc-300x240.png\" alt=\"KeraArco natural\" class=\"wp-image-12415\" style=\"width:100px\" srcset=\"https:\/\/visionshare.org\/wp-content\/uploads\/keranatural-arc-300x240.png 300w, https:\/\/visionshare.org\/wp-content\/uploads\/keranatural-arc.png 500w\" sizes=\"auto, (max-width: 300px) 100vw, 300px\" \/><\/figure>\n<\/div><\/div>\n\n\n\n<h2 class=\"gb-text gbp-section__headline gb-text-ea077c10\">Arco KeraNatural<\/h2>\n\n\n\n<figure class=\"wp-block-image size-full\"><img loading=\"lazy\" decoding=\"async\" width=\"552\" height=\"204\" src=\"https:\/\/visionshare.org\/wp-content\/uploads\/arcs-updated.png\" alt=\"Tallas de arco KeraNatural\" class=\"wp-image-12829\" style=\"object-fit:cover\" srcset=\"https:\/\/visionshare.org\/wp-content\/uploads\/arcs-updated.png 552w, https:\/\/visionshare.org\/wp-content\/uploads\/arcs-updated-300x111.png 300w\" sizes=\"auto, (max-width: 552px) 100vw, 552px\" \/><\/figure>\n<\/div>\n\n\n\n<div class=\"gb-element-6394e5e5\">\n<div class=\"gb-element-51a3dc91\"><div class=\"wp-block-image\">\n<figure class=\"aligncenter size-medium is-resized\"><img loading=\"lazy\" decoding=\"async\" width=\"300\" height=\"240\" src=\"https:\/\/visionshare.org\/wp-content\/uploads\/keranatural-ring-300x240.png\" alt=\"KeraAnillo natural\" class=\"wp-image-12414\" style=\"width:100px\" srcset=\"https:\/\/visionshare.org\/wp-content\/uploads\/keranatural-ring-300x240.png 300w, https:\/\/visionshare.org\/wp-content\/uploads\/keranatural-ring.png 500w\" sizes=\"auto, (max-width: 300px) 100vw, 300px\" \/><\/figure>\n<\/div><\/div>\n\n\n\n<h2 class=\"gb-text gbp-section__headline gb-text-6d2bcc34\">Anillo KeraNatural<\/h2>\n\n\n\n<figure class=\"wp-block-image size-full\"><img loading=\"lazy\" decoding=\"async\" width=\"552\" height=\"204\" src=\"https:\/\/visionshare.org\/wp-content\/uploads\/rings-updated.png\" alt=\"KeraTallas de anillos naturales\" class=\"wp-image-12830\" style=\"object-fit:cover\" srcset=\"https:\/\/visionshare.org\/wp-content\/uploads\/rings-updated.png 552w, https:\/\/visionshare.org\/wp-content\/uploads\/rings-updated-300x111.png 300w\" sizes=\"auto, (max-width: 552px) 100vw, 552px\" \/><\/figure>\n<\/div>\n<\/div>\n<\/div>\n\n\n\n<div class=\"gb-element-0540d7fb\">\n<blockquote class=\"wp-block-quote has-small-font-size is-layout-flow wp-block-quote-is-layout-flow\">\n<figure class=\"wp-block-pullquote\" style=\"font-size:16px;font-style:normal;font-weight:400\"><blockquote><p><strong>\u201cSi usted ve, trata y maneja el queratocono y tiene inter\u00e9s en proporcionar una herramienta genuina para la mejora quir\u00fargica, entonces empiece a tratar a sus pacientes con KeraNatural\u201d.\u201d<\/strong><\/p><cite><em>Jonathan D. Solomon, MD, FWCRS,<\/em> <em>Director m\u00e9dico,&nbsp;<\/em><br><em>Solomon Eye Physicians &amp; Surgeons<\/em><br><em>Maryland<\/em>, Estados Unidos.<\/cite><\/blockquote><\/figure>\n<\/blockquote>\n<\/div>\n\n\n\n<div class=\"gb-element-bb30777d\" id=\"keranaturalmoreinfo\">\n<span class=\"gb-shape gb-shape-33253384 gb-shape--divider\"><svg xmlns=\"http:\/\/www.w3.org\/2000\/svg\" viewbox=\"0 0 1200 194.3\" preserveaspectratio=\"none\"><path d=\"M1200 133.3l-50 8.9c-50 8.6-150 26.9-250 31.1-100 4.2-200-4.2-300-26.7S400 89.2 300 62.2C200 35.8 100 17.5 50 8.9L0 0v194.3h1200v-61z\"><\/path><\/svg><\/span>\n\n\n\n<div class=\"gb-element-32a4ff2a\">\n<img loading=\"lazy\" decoding=\"async\" width=\"1200\" height=\"357\" class=\"gb-media-a92b1f1d\" alt=\"Logotipo de KeraNatural\" src=\"https:\/\/visionshare.org\/wp-content\/uploads\/KeraNatural-r.png\" title=\"KeraNatural r\" srcset=\"https:\/\/visionshare.org\/wp-content\/uploads\/KeraNatural-r.png 1200w, https:\/\/visionshare.org\/wp-content\/uploads\/KeraNatural-r-300x89.png 300w, https:\/\/visionshare.org\/wp-content\/uploads\/KeraNatural-r-1024x305.png 1024w, https:\/\/visionshare.org\/wp-content\/uploads\/KeraNatural-r-768x228.png 768w\" sizes=\"auto, (max-width: 1200px) 100vw, 1200px\" \/>\n<\/div>\n\n\n\n<h2 class=\"gb-text gbp-section__headline gb-text-ac93ac62\" id=\"surgicalplan\">Solicitar un plan de tratamiento quir\u00fargico<\/h2>\n\n\n\n<p class=\"has-text-align-center\">Rellene el siguiente formulario de solicitud para recibir una recomendaci\u00f3n individualizada de plan de tratamiento quir\u00fargico.<\/p>\n\n\n\n<p class=\"has-text-align-center\"><a href=\"https:\/\/visionshare.org\/wp-content\/uploads\/KeraNatural_sample_plan.pdf\">Ver plan quir\u00fargico de muestra<\/a><\/p>\n\n\n\n<iframe aria-label='VS | Plan de tratamiento quir\u00fargico KeraNatural' frameborder=\"0\" allow=\"camera;\" style=\"height:1950px;width:99%;border:none;\" src='https:\/\/forms.zohopublic.com\/mhowellvisio1\/form\/KeraNaturalSurgeryTreatmentPlanCopy\/formperma\/2B7U3KvZdKt6gvaWs4J9NhKSPKQ87B4zgwTU5xb_NqE?zf_enablecamera=true'><\/iframe>\n\n\n\n<div class=\"gb-element-8ce431fa\">\n<h2 class=\"gb-text gbp-section__headline gb-text-de358dac\"><strong>Notas importantes<\/strong><\/h2>\n\n\n\n<h3 class=\"gb-text gb-text-97246c51\"><strong>Antes de enviar el formulario<\/strong><\/h3>\n\n\n\n<ul class=\"wp-block-list\">\n<li>Por favor, revise sus datos antes de enviar el formulario.<\/li>\n<\/ul>\n\n\n\n<h3 class=\"gb-text gb-text-87f6221c\">Despu\u00e9s de enviar el formulario<\/h3>\n\n\n\n<ul class=\"wp-block-list\">\n<li>Descargue una copia de su formulario cumplimentado en la pantalla que ver\u00e1 tras enviarlo.<\/li>\n\n\n\n<li>Tambi\u00e9n recibir\u00e1 un correo electr\u00f3nico acusando recibo de su solicitud de plan quir\u00fargico. Incluir\u00e1 un identificador \u00fanico para su solicitud. Si necesita realizar alg\u00fan cambio en su solicitud, env\u00ede un correo electr\u00f3nico a <a href=\"mailto:tdang@visionshare.org\">tdang@visionshare.org<\/a> lo antes posible con los cambios solicitados.<\/li>\n\n\n\n<li>A continuaci\u00f3n, realizaremos las actualizaciones y le enviaremos un formulario actualizado para que lo revise y apruebe antes de crear el plan quir\u00fargico.<\/li>\n\n\n\n<li>Si tiene alguna pregunta o duda, no dude en ponerse en contacto con nosotros en el 888-657-4448.<\/li>\n<\/ul>\n<\/div>\n<\/div>","protected":false},"excerpt":{"rendered":"<p>KeraNatural The innovative, allograft solution for safe, effective corneal contouring. New to CAIRS? Learn More Surgical Treatment Plan (request form) Why choose KeraNatural? Natural integration &#8230; <a title=\"KeraNatural\" class=\"read-more\" href=\"https:\/\/visionshare.org\/es\/keranatural\/\" aria-label=\"Leer m\u00e1s sobre KeraNatural\">Leer m\u00e1s<\/a><\/p>","protected":false},"author":1,"featured_media":12189,"parent":0,"menu_order":0,"comment_status":"closed","ping_status":"closed","template":"","meta":{"_acf_changed":false,"footnotes":""},"class_list":["post-12185","page","type-page","status-publish","has-post-thumbnail"],"acf":[],"yoast_head":"<!-- This site is optimized with the Yoast SEO plugin v27.4 - https:\/\/yoast.com\/product\/yoast-seo-wordpress\/ -->\n<title>KeraNatural - Vision Share<\/title>\n<meta name=\"description\" content=\"KeraNatural is a biocompatible donor-cornea ring or arc that reshapes and stabilizes keratoconic eyes with less risk than synthetic implants.\" \/>\n<meta name=\"robots\" content=\"index, follow, max-snippet:-1, max-image-preview:large, max-video-preview:-1\" \/>\n<link rel=\"canonical\" href=\"https:\/\/visionshare.org\/es\/keranatural\/\" \/>\n<meta property=\"og:locale\" content=\"es_ES\" \/>\n<meta property=\"og:type\" content=\"article\" \/>\n<meta property=\"og:title\" content=\"KeraNatural - Vision Share\" \/>\n<meta property=\"og:description\" content=\"KeraNatural is a biocompatible donor-cornea ring or arc that reshapes and stabilizes keratoconic eyes with less risk than synthetic implants.\" \/>\n<meta property=\"og:url\" content=\"https:\/\/visionshare.org\/es\/keranatural\/\" \/>\n<meta property=\"og:site_name\" content=\"Vision Share\" \/>\n<meta property=\"article:publisher\" content=\"https:\/\/www.facebook.com\/visionshareinc\" \/>\n<meta property=\"article:modified_time\" content=\"2026-04-10T14:20:00+00:00\" \/>\n<meta property=\"og:image\" content=\"https:\/\/visionshare.org\/wp-content\/uploads\/KN-arc-illustration-scaled.jpg\" \/>\n\t<meta property=\"og:image:width\" content=\"2560\" \/>\n\t<meta property=\"og:image:height\" content=\"1440\" \/>\n\t<meta property=\"og:image:type\" content=\"image\/jpeg\" \/>\n<meta name=\"twitter:card\" content=\"summary_large_image\" \/>\n<meta name=\"twitter:site\" content=\"@Vision_Share\" \/>\n<meta name=\"twitter:label1\" content=\"Tiempo de lectura\" \/>\n\t<meta name=\"twitter:data1\" content=\"3 minutos\" \/>\n<script type=\"application\/ld+json\" class=\"yoast-schema-graph\">{\"@context\":\"https:\\\/\\\/schema.org\",\"@graph\":[{\"@type\":\"WebPage\",\"@id\":\"https:\\\/\\\/visionshare.org\\\/keranatural\\\/\",\"url\":\"https:\\\/\\\/visionshare.org\\\/keranatural\\\/\",\"name\":\"KeraNatural - Vision Share\",\"isPartOf\":{\"@id\":\"https:\\\/\\\/visionshare.org\\\/#website\"},\"primaryImageOfPage\":{\"@id\":\"https:\\\/\\\/visionshare.org\\\/keranatural\\\/#primaryimage\"},\"image\":{\"@id\":\"https:\\\/\\\/visionshare.org\\\/keranatural\\\/#primaryimage\"},\"thumbnailUrl\":\"https:\\\/\\\/visionshare.org\\\/wp-content\\\/uploads\\\/KN-arc-illustration-scaled.jpg\",\"datePublished\":\"2025-05-14T12:53:42+00:00\",\"dateModified\":\"2026-04-10T14:20:00+00:00\",\"description\":\"KeraNatural is a biocompatible donor-cornea ring or arc that reshapes and stabilizes keratoconic eyes with less risk than synthetic implants.\",\"breadcrumb\":{\"@id\":\"https:\\\/\\\/visionshare.org\\\/keranatural\\\/#breadcrumb\"},\"inLanguage\":\"es\",\"potentialAction\":[{\"@type\":\"ReadAction\",\"target\":[\"https:\\\/\\\/visionshare.org\\\/keranatural\\\/\"]}]},{\"@type\":\"ImageObject\",\"inLanguage\":\"es\",\"@id\":\"https:\\\/\\\/visionshare.org\\\/keranatural\\\/#primaryimage\",\"url\":\"https:\\\/\\\/visionshare.org\\\/wp-content\\\/uploads\\\/KN-arc-illustration-scaled.jpg\",\"contentUrl\":\"https:\\\/\\\/visionshare.org\\\/wp-content\\\/uploads\\\/KN-arc-illustration-scaled.jpg\",\"width\":2560,\"height\":1440},{\"@type\":\"BreadcrumbList\",\"@id\":\"https:\\\/\\\/visionshare.org\\\/keranatural\\\/#breadcrumb\",\"itemListElement\":[{\"@type\":\"ListItem\",\"position\":1,\"name\":\"Home\",\"item\":\"https:\\\/\\\/visionshare.org\\\/\"},{\"@type\":\"ListItem\",\"position\":2,\"name\":\"KeraNatural\"}]},{\"@type\":\"WebSite\",\"@id\":\"https:\\\/\\\/visionshare.org\\\/#website\",\"url\":\"https:\\\/\\\/visionshare.org\\\/\",\"name\":\"Vision Share\",\"description\":\"Your Trusted Source\",\"publisher\":{\"@id\":\"https:\\\/\\\/visionshare.org\\\/#organization\"},\"potentialAction\":[{\"@type\":\"SearchAction\",\"target\":{\"@type\":\"EntryPoint\",\"urlTemplate\":\"https:\\\/\\\/visionshare.org\\\/?s={search_term_string}\"},\"query-input\":{\"@type\":\"PropertyValueSpecification\",\"valueRequired\":true,\"valueName\":\"search_term_string\"}}],\"inLanguage\":\"es\"},{\"@type\":\"Organization\",\"@id\":\"https:\\\/\\\/visionshare.org\\\/#organization\",\"name\":\"Vision Share\",\"url\":\"https:\\\/\\\/visionshare.org\\\/\",\"logo\":{\"@type\":\"ImageObject\",\"inLanguage\":\"es\",\"@id\":\"https:\\\/\\\/visionshare.org\\\/#\\\/schema\\\/logo\\\/image\\\/\",\"url\":\"https:\\\/\\\/visionshare.org\\\/wp-content\\\/uploads\\\/cropped-cropped-cropped-VS_Your-trusted-source-logo-01-PNG.png\",\"contentUrl\":\"https:\\\/\\\/visionshare.org\\\/wp-content\\\/uploads\\\/cropped-cropped-cropped-VS_Your-trusted-source-logo-01-PNG.png\",\"width\":1655,\"height\":861,\"caption\":\"Vision Share\"},\"image\":{\"@id\":\"https:\\\/\\\/visionshare.org\\\/#\\\/schema\\\/logo\\\/image\\\/\"},\"sameAs\":[\"https:\\\/\\\/www.facebook.com\\\/visionshareinc\",\"https:\\\/\\\/x.com\\\/Vision_Share\",\"https:\\\/\\\/www.linkedin.com\\\/company\\\/visionsshare\\\/\"]}]}<\/script>\n<!-- \/ Yoast SEO plugin. -->","yoast_head_json":{"title":"KeraNatural - Compartir visi\u00f3n","description":"KeraNatural es un anillo o arco de c\u00f3rnea donante biocompatible que remodela y estabiliza los ojos queratoc\u00f3nicos con menos riesgo que los implantes sint\u00e9ticos.","robots":{"index":"index","follow":"follow","max-snippet":"max-snippet:-1","max-image-preview":"max-image-preview:large","max-video-preview":"max-video-preview:-1"},"canonical":"https:\/\/visionshare.org\/es\/keranatural\/","og_locale":"es_ES","og_type":"article","og_title":"KeraNatural - Vision Share","og_description":"KeraNatural is a biocompatible donor-cornea ring or arc that reshapes and stabilizes keratoconic eyes with less risk than synthetic implants.","og_url":"https:\/\/visionshare.org\/es\/keranatural\/","og_site_name":"Vision Share","article_publisher":"https:\/\/www.facebook.com\/visionshareinc","article_modified_time":"2026-04-10T14:20:00+00:00","og_image":[{"width":2560,"height":1440,"url":"https:\/\/visionshare.org\/wp-content\/uploads\/KN-arc-illustration-scaled.jpg","type":"image\/jpeg"}],"twitter_card":"summary_large_image","twitter_site":"@Vision_Share","twitter_misc":{"Tiempo de lectura":"3 minutos"},"schema":{"@context":"https:\/\/schema.org","@graph":[{"@type":"WebPage","@id":"https:\/\/visionshare.org\/keranatural\/","url":"https:\/\/visionshare.org\/keranatural\/","name":"KeraNatural - Compartir visi\u00f3n","isPartOf":{"@id":"https:\/\/visionshare.org\/#website"},"primaryImageOfPage":{"@id":"https:\/\/visionshare.org\/keranatural\/#primaryimage"},"image":{"@id":"https:\/\/visionshare.org\/keranatural\/#primaryimage"},"thumbnailUrl":"https:\/\/visionshare.org\/wp-content\/uploads\/KN-arc-illustration-scaled.jpg","datePublished":"2025-05-14T12:53:42+00:00","dateModified":"2026-04-10T14:20:00+00:00","description":"KeraNatural es un anillo o arco de c\u00f3rnea donante biocompatible que remodela y estabiliza los ojos queratoc\u00f3nicos con menos riesgo que los implantes sint\u00e9ticos.","breadcrumb":{"@id":"https:\/\/visionshare.org\/keranatural\/#breadcrumb"},"inLanguage":"es","potentialAction":[{"@type":"ReadAction","target":["https:\/\/visionshare.org\/keranatural\/"]}]},{"@type":"ImageObject","inLanguage":"es","@id":"https:\/\/visionshare.org\/keranatural\/#primaryimage","url":"https:\/\/visionshare.org\/wp-content\/uploads\/KN-arc-illustration-scaled.jpg","contentUrl":"https:\/\/visionshare.org\/wp-content\/uploads\/KN-arc-illustration-scaled.jpg","width":2560,"height":1440},{"@type":"BreadcrumbList","@id":"https:\/\/visionshare.org\/keranatural\/#breadcrumb","itemListElement":[{"@type":"ListItem","position":1,"name":"Home","item":"https:\/\/visionshare.org\/"},{"@type":"ListItem","position":2,"name":"KeraNatural"}]},{"@type":"WebSite","@id":"https:\/\/visionshare.org\/#website","url":"https:\/\/visionshare.org\/","name":"Compartir visi\u00f3n","description":"Su fuente de confianza","publisher":{"@id":"https:\/\/visionshare.org\/#organization"},"potentialAction":[{"@type":"SearchAction","target":{"@type":"EntryPoint","urlTemplate":"https:\/\/visionshare.org\/?s={search_term_string}"},"query-input":{"@type":"PropertyValueSpecification","valueRequired":true,"valueName":"search_term_string"}}],"inLanguage":"es"},{"@type":"Organization","@id":"https:\/\/visionshare.org\/#organization","name":"Compartir visi\u00f3n","url":"https:\/\/visionshare.org\/","logo":{"@type":"ImageObject","inLanguage":"es","@id":"https:\/\/visionshare.org\/#\/schema\/logo\/image\/","url":"https:\/\/visionshare.org\/wp-content\/uploads\/cropped-cropped-cropped-VS_Your-trusted-source-logo-01-PNG.png","contentUrl":"https:\/\/visionshare.org\/wp-content\/uploads\/cropped-cropped-cropped-VS_Your-trusted-source-logo-01-PNG.png","width":1655,"height":861,"caption":"Vision Share"},"image":{"@id":"https:\/\/visionshare.org\/#\/schema\/logo\/image\/"},"sameAs":["https:\/\/www.facebook.com\/visionshareinc","https:\/\/x.com\/Vision_Share","https:\/\/www.linkedin.com\/company\/visionsshare\/"]}]}},"_links":{"self":[{"href":"https:\/\/visionshare.org\/es\/wp-json\/wp\/v2\/pages\/12185","targetHints":{"allow":["GET"]}}],"collection":[{"href":"https:\/\/visionshare.org\/es\/wp-json\/wp\/v2\/pages"}],"about":[{"href":"https:\/\/visionshare.org\/es\/wp-json\/wp\/v2\/types\/page"}],"author":[{"embeddable":true,"href":"https:\/\/visionshare.org\/es\/wp-json\/wp\/v2\/users\/1"}],"replies":[{"embeddable":true,"href":"https:\/\/visionshare.org\/es\/wp-json\/wp\/v2\/comments?post=12185"}],"version-history":[{"count":343,"href":"https:\/\/visionshare.org\/es\/wp-json\/wp\/v2\/pages\/12185\/revisions"}],"predecessor-version":[{"id":16336,"href":"https:\/\/visionshare.org\/es\/wp-json\/wp\/v2\/pages\/12185\/revisions\/16336"}],"wp:featuredmedia":[{"embeddable":true,"href":"https:\/\/visionshare.org\/es\/wp-json\/wp\/v2\/media\/12189"}],"wp:attachment":[{"href":"https:\/\/visionshare.org\/es\/wp-json\/wp\/v2\/media?parent=12185"}],"curies":[{"name":"wp","href":"https:\/\/api.w.org\/{rel}","templated":true}]}}