{"id":12517,"date":"2025-05-21T08:16:48","date_gmt":"2025-05-21T13:16:48","guid":{"rendered":"https:\/\/visionshare.org\/?page_id=12517"},"modified":"2025-09-09T15:08:17","modified_gmt":"2025-09-09T20:08:17","slug":"halo-tejidos-esteriles","status":"publish","type":"page","link":"https:\/\/visionshare.org\/es\/halo-sterile-tissues\/","title":{"rendered":"Halo"},"content":{"rendered":"<div class=\"gb-container gb-container-a1aa1fe9 alignfull\">\n<div class=\"gb-container gb-container-66d5b9c8 alignfull gbp-section\">\n<div class=\"gb-container gb-container-4d2390ca alignfull gbp-section__inner\">\n<div class=\"gb-container gb-container-c91ed29b alignfull\">\n\n<h1 class=\"gb-headline gb-headline-eb9520d3 gb-headline-text gbp-section__headline\">Halo tejido est\u00e9ril<\/h1>\n\n<\/div>\n<\/div>\n\n\n<p class=\"gb-text\"><br>Avances en cirug\u00eda ocular con soluciones est\u00e9riles listas para usar<\/p>\n\n\n\n<div class=\"gb-element-ce9736e1\">\n<a class=\"gb-text gbp-button--primary gb-text-5332b989\" href=\"#halosteriletissuemoreinfo\">Solicitar m\u00e1s informaci\u00f3n<\/a>\n<\/div>\n\n<\/div>\n<div class=\"gb-shapes\"><div class=\"gb-shape gb-shape-1\"><svg xmlns=\"http:\/\/www.w3.org\/2000\/svg\" viewbox=\"0 0 1200 194.3\" preserveaspectratio=\"none\"><path d=\"M1200 133.3l-50 8.9c-50 8.6-150 26.9-250 31.1-100 4.2-200-4.2-300-26.7S400 89.2 300 62.2C200 35.8 100 17.5 50 8.9L0 0v194.3h1200v-61z\"\/><\/svg><\/div><\/div><\/div>\n\n\n<div class=\"gbp-section gb-element-20ece8f3\">\n<div class=\"gb-element-86fbb10a\">\n<div class=\"gbp-section gb-element-1e4c4ad8\">\n<div class=\"gbp-section__inner gb-element-d70200a3\">\n<div class=\"gb-element-546c507b\">\n<figure class=\"wp-block-image size-full\"><img loading=\"lazy\" decoding=\"async\" width=\"503\" height=\"650\" src=\"https:\/\/visionshare.org\/wp-content\/uploads\/Halo-Sterile-Cornea-gb.jpg\" alt=\"halo tejido corneal est\u00e9ril\" class=\"wp-image-12754\" srcset=\"https:\/\/visionshare.org\/wp-content\/uploads\/Halo-Sterile-Cornea-gb.jpg 503w, https:\/\/visionshare.org\/wp-content\/uploads\/Halo-Sterile-Cornea-gb-232x300.jpg 232w\" sizes=\"auto, (max-width: 503px) 100vw, 503px\" \/><\/figure>\n\n\n\n<p class=\"gb-text gbp-section__tagline gb-text-2667cda6\">Halo\u00ae c\u00f3rnea est\u00e9ril<\/p>\n<\/div>\n\n\n\n<div class=\"gb-element-b313e623\">\n<figure class=\"wp-block-image size-full\"><img loading=\"lazy\" decoding=\"async\" width=\"503\" height=\"650\" src=\"https:\/\/visionshare.org\/wp-content\/uploads\/Halo-Sterile-Sclera-gb.jpg\" alt=\"halo escler\u00f3tica est\u00e9ril\" class=\"wp-image-12755\" srcset=\"https:\/\/visionshare.org\/wp-content\/uploads\/Halo-Sterile-Sclera-gb.jpg 503w, https:\/\/visionshare.org\/wp-content\/uploads\/Halo-Sterile-Sclera-gb-232x300.jpg 232w\" sizes=\"auto, (max-width: 503px) 100vw, 503px\" \/><\/figure>\n\n\n\n<p class=\"gb-text gbp-section__tagline gb-text-d68c34ec\">Escler\u00f3tica est\u00e9ril Halo<\/p>\n<\/div>\n\n\n\n<div class=\"gb-element-077e3ba3\">\n<figure class=\"wp-block-image size-full\"><img loading=\"lazy\" decoding=\"async\" width=\"503\" height=\"650\" src=\"https:\/\/visionshare.org\/wp-content\/uploads\/Halo-Sterile-Pericardium-gb.jpg\" alt=\"halo pericardio est\u00e9ril\" class=\"wp-image-12756\" srcset=\"https:\/\/visionshare.org\/wp-content\/uploads\/Halo-Sterile-Pericardium-gb.jpg 503w, https:\/\/visionshare.org\/wp-content\/uploads\/Halo-Sterile-Pericardium-gb-232x300.jpg 232w\" sizes=\"auto, (max-width: 503px) 100vw, 503px\" \/><\/figure>\n\n\n\n<p class=\"gb-text gbp-section__tagline gb-text-37302f56\">Pericardio est\u00e9ril Halo<\/p>\n<\/div>\n<\/div>\n<\/div>\n\n\n\n<h2 class=\"gb-text gbp-section__headline gb-text-b2e61a97\">\u00bfQu\u00e9 es el tejido est\u00e9ril halo?<\/h2>\n\n\n\n<p class=\"gb-text gbp-section__text gb-text-f955fd1a\"><br>El tejido est\u00e9ril Halo\u00ae representa un avance significativo en la cirug\u00eda del glaucoma y la c\u00f3rnea. Desarrollados por VisionGift, estos aloinjertos son estables, se almacenan a temperatura ambiente y no requieren aclarado ni rehidrataci\u00f3n, lo que los hace ideales tanto para procedimientos de emergencia como para cirug\u00edas programadas. Disponible en c\u00f3rnea, escler\u00f3tica y pericardio, el tejido halo\u00ae est\u00e1 disponible en segmentos enteros y precortados.<\/p>\n\n\n\n<div class=\"gb-element-a9299d28\">\n<a class=\"gb-text gbp-button--primary gb-text-3e8f586b\" href=\"#halosteriletissuesmoreinfo\">Solicitar m\u00e1s informaci\u00f3n<\/a>\n<\/div>\n<\/div>\n<\/div>\n\n\n\n<div class=\"gbp-section gb-element-806f2068\">\n<div class=\"gb-element-c1bfef5c\">\n<h2 class=\"gb-text gbp-section__headline gb-text-32bfaaf3\">\u00bfPor qu\u00e9 halo?<\/h2>\n\n\n\n<div class=\"gb-element-5447f255\">\n<h4 class=\"gb-text gbp-section__headline\"><br>Visibilidad n\u00edtida tras la operaci\u00f3n<\/h4>\n\n\n\n<p class=\"gb-text gbp-section__text\">Las c\u00f3rneas est\u00e9riles Halo\u00ae mantienen una claridad duradera, a diferencia de los parches opacos tradicionales, lo que facilita la evaluaci\u00f3n postoperatoria y ofrece un resultado est\u00e9tico m\u00e1s natural.<\/p>\n\n\n\n<h4 class=\"gb-text gbp-section__headline\">Surgeon-Ready<\/h4>\n\n\n\n<p class=\"gb-text gbp-section__text\">Los pa\u00f1uelos est\u00e9riles pelables permiten un almacenamiento c\u00f3modo y una f\u00e1cil manipulaci\u00f3n en el quir\u00f3fano.&nbsp;<\/p>\n\n\n\n<h4 class=\"gb-text gbp-section__headline\">Larga vida \u00fatil<\/h4>\n\n\n\n<p class=\"gb-text gbp-section__text\">Puede conservarse a temperatura ambiente sin necesidad de reconstituci\u00f3n, lo que garantiza la disponibilidad del tejido para necesidades programadas y urgentes.&nbsp;<\/p>\n\n\n\n<h4 class=\"gb-text gbp-section__headline\">Est\u00e9ril<\/h4>\n\n\n\n<p class=\"gb-text gbp-section__text\">Utiliza la esterilizaci\u00f3n E-Beam para alcanzar un nivel de garant\u00eda de esterilidad est\u00e1ndar del sector del 10-\u2076, reduciendo el tiempo de procesamiento y limitando la exposici\u00f3n ambiental durante el procesamiento.&nbsp;<\/p>\n\n\n\n<h4 class=\"gb-text gbp-section__headline\">Variedad<\/h4>\n\n\n\n<p class=\"gb-text gbp-section__text\">Disponibles en c\u00f3rnea, escler\u00f3tica y pericardio, con opciones de segmentos enteros y precortados. Las c\u00f3rneas se ofrecen de medio grosor y de grosor completo.&nbsp;<\/p>\n<\/div>\n<\/div>\n\n\n\n<span class=\"gb-shape gb-shape-3b740c9f gb-shape--divider\"><svg xmlns=\"http:\/\/www.w3.org\/2000\/svg\" viewbox=\"0 0 1200 194.3\" preserveaspectratio=\"none\"><path d=\"M1200 133.3l-50 8.9c-50 8.6-150 26.9-250 31.1-100 4.2-200-4.2-300-26.7S400 89.2 300 62.2C200 35.8 100 17.5 50 8.9L0 0v194.3h1200v-61z\"><\/path><\/svg><\/span>\n<\/div>\n\n\n\n<div class=\"gbp-section gb-element-e4765385\">\n<div class=\"gb-element-b80eb82d\">\n<h2 class=\"gb-text gbp-section__headline gb-text-7fb81e35\">Casos de uso cl\u00ednico ideales para el tejido est\u00e9ril halo<\/h2>\n\n\n\n<div class=\"gb-element-2922b445\">\n<h4 class=\"wp-block-heading\"><strong>Cirug\u00eda del glaucoma<\/strong><\/h4>\n\n\n\n<ul class=\"wp-block-list\">\n<li><strong>Cobertura del tubo\/derivaci\u00f3n:<\/strong> Protege los dispositivos de drenaje del glaucoma para reducir el riesgo de erosi\u00f3n o exposici\u00f3n.<\/li>\n\n\n\n<li><strong>Injertos de parche:<\/strong> Ofrece una protecci\u00f3n est\u00e9ril y transparente para el hardware implantado.<\/li>\n<\/ul>\n\n\n\n<h4 class=\"wp-block-heading\"><strong>Cirug\u00eda y reparaci\u00f3n de la c\u00f3rnea<\/strong><\/h4>\n\n\n\n<ul class=\"wp-block-list\">\n<li><strong>ALK\/DALK<\/strong><\/li>\n\n\n\n<li><strong>Parcheo lamelar <\/strong><\/li>\n\n\n\n<li><strong>Injerto corneal tect\u00f3nico:<\/strong> Proporciona refuerzo estructural en casos de adelgazamiento corneal, perforaciones o fundidos.<\/li>\n\n\n\n<li><strong>Sustituto temporal o de emergencia de la queratoplastia:<\/strong> Cuando no se disponga inmediatamente de tejido fresco.<\/li>\n<\/ul>\n\n\n\n<h4 class=\"wp-block-heading\"><strong>Refuerzo escleral<\/strong><\/h4>\n\n\n\n<ul class=\"wp-block-list\">\n<li>Se utiliza para reforzar zonas de adelgazamiento escleral o defectos debidos a enfermedades o complicaciones quir\u00fargicas.<\/li>\n<\/ul>\n\n\n\n<h4 class=\"wp-block-heading\"><strong>Tratamiento de las enfermedades de la superficie ocular<\/strong><\/h4>\n\n\n\n<ul class=\"wp-block-list\">\n<li>Cubre y protege las zonas comprometidas o inflamadas en las enfermedades cr\u00f3nicas de la superficie ocular.<\/li>\n<\/ul>\n\n\n\n<h4 class=\"wp-block-heading\"><strong>Traumatismos y urgencias<\/strong><\/h4>\n\n\n\n<ul class=\"wp-block-list\">\n<li>Disponibilidad r\u00e1pida en casos de traumatismo en los que se necesita cobertura o refuerzo inmediatos.<\/li>\n\n\n\n<li>Almacenado a temperatura ambiente y listo sin rehidrataci\u00f3n, ideal para necesidades a demanda.<\/li>\n<\/ul>\n\n\n\n<h4 class=\"wp-block-heading\"><strong>Preservaci\u00f3n de tejidos en ojos de alto riesgo<\/strong><\/h4>\n\n\n\n<ul class=\"wp-block-list\">\n<li>Proporciona una barrera est\u00e9ril para reducir da\u00f1os adicionales en ojos comprometidos (por ejemplo, despu\u00e9s de quemaduras qu\u00edmicas, infecci\u00f3n o cirug\u00eda).<\/li>\n<\/ul>\n<\/div>\n<\/div>\n<\/div>\n\n\n\n<div class=\"gbp-section gb-element-09a8f212\">\n<div class=\"gbp-section__inner gb-element-359d33ba\">\n<div class=\"gb-element-dc270d0e\">\n<h2 class=\"gb-text gbp-section__headline\">Vea una intervenci\u00f3n quir\u00fargica de halo<\/h2>\n\n\n\n<div class=\"gb-element-1b833eb5\">\n<figure class=\"wp-block-video\"><video controls poster=\"https:\/\/visionshare.org\/wp-content\/uploads\/halo-video-title.png\" src=\"https:\/\/visionshare.org\/wp-content\/uploads\/halo-surgical-video_low-res-v1.mp4\"><\/video><\/figure>\n\n\n\n<div style=\"height:16px\" aria-hidden=\"true\" class=\"wp-block-spacer\"><\/div>\n\n\n\n<p class=\"has-contrast-color has-text-color has-link-color wp-elements-76078e23719e74ed9781f2d32509b610\"><strong>Halo<\/strong>\u00ae<strong> Los aloinjertos est\u00e9riles est\u00e1n disponibles en una variedad de tipos de tejido para satisfacer sus necesidades quir\u00fargicas.<\/strong> El tejido corneal est\u00e1 disponible tanto en <strong>medio<\/strong> y <strong>espesor total<\/strong>con opciones para <strong>enteros o precortados<\/strong> injertos. Los injertos escler\u00f3ticos y peric\u00e1rdicos tambi\u00e9n est\u00e1n disponibles en <strong>tama\u00f1os est\u00e1ndar<\/strong>, adaptados a aplicaciones que van desde la cobertura de derivaciones de glaucoma hasta la reparaci\u00f3n de la superficie ocular. Todos los tejidos son <strong>Esterilizado por haz de electrones<\/strong>, <strong>estable a temperatura ambiente<\/strong>y <strong>listo para la venta<\/strong>-garantizando la comodidad, seguridad y eficacia en el quir\u00f3fano.<\/p>\n<\/div>\n\n\n\n<div class=\"gb-element-33a9f205\"><\/div>\n\n\n\n<div class=\"gb-element-d45cd2bd\">\n<a class=\"gb-text gb-text-1222e8b6\" href=\"#halosteriletissuesmoreinfo\">Solicitar m\u00e1s informaci\u00f3n<\/a>\n<\/div>\n<\/div>\n\n\n\n<div class=\"gb-element-fffececa\">\n<h2 class=\"gb-text gbp-section__headline gb-text-96c7ebe4\">Opciones de tejidos disponibles<\/h2>\n\n\n\n<figure class=\"wp-block-image size-full is-resized\"><img loading=\"lazy\" decoding=\"async\" width=\"564\" height=\"610\" src=\"https:\/\/visionshare.org\/wp-content\/uploads\/halo.png\" alt=\"tipos de tejidos est\u00e9riles halo\" class=\"wp-image-12520\" style=\"width:560px\" srcset=\"https:\/\/visionshare.org\/wp-content\/uploads\/halo.png 564w, https:\/\/visionshare.org\/wp-content\/uploads\/halo-277x300.png 277w\" sizes=\"auto, (max-width: 564px) 100vw, 564px\" \/><\/figure>\n<\/div>\n<\/div>\n<\/div>\n\n\n\n<div class=\"gb-element-842c473f\" id=\"halosteriletissuemoreinfo\">\n<span class=\"gb-shape gb-shape-846ec584 gb-shape--divider\"><svg xmlns=\"http:\/\/www.w3.org\/2000\/svg\" viewbox=\"0 0 1200 194.3\" preserveaspectratio=\"none\"><path d=\"M1200 133.3l-50 8.9c-50 8.6-150 26.9-250 31.1-100 4.2-200-4.2-300-26.7S400 89.2 300 62.2C200 35.8 100 17.5 50 8.9L0 0v194.3h1200v-61z\"><\/path><\/svg><\/span>\n\n\n\n<div class=\"gb-element-ad40674e\">\n<img loading=\"lazy\" decoding=\"async\" width=\"493\" height=\"163\" class=\"gb-media-e8151557\" alt=\"logotipo halo\" title=\"halohorizR-removebg-preview\" src=\"https:\/\/visionshare.org\/wp-content\/uploads\/halohorizR-removebg-preview.png\" srcset=\"https:\/\/visionshare.org\/wp-content\/uploads\/halohorizR-removebg-preview.png 493w, https:\/\/visionshare.org\/wp-content\/uploads\/halohorizR-removebg-preview-300x99.png 300w\" sizes=\"auto, (max-width: 493px) 100vw, 493px\" \/>\n\n\n\n<h2 class=\"gb-text gbp-section__headline gb-text-c5f602f8\">P\u00f3ngase en contacto con nosotros<\/h2>\n\n\n\n<div>\n<p class=\"has-text-align-center\">\u00bfTiene alguna pregunta sobre c\u00f3mo halo\u00ae puede satisfacer sus necesidades quir\u00fargicas? Estamos aqu\u00ed para ayudarle.<\/p>\n<\/div>\n<\/div>\n<\/div>\n\n\n\n<div class=\"gb-element-721428a9\">\n<div class=\"gb-element-38427ffc\">\n<iframe aria-label='halo Formulario de contacto' frameborder=\"0\" style=\"height:900px;width:99%;border:none;\" src='https:\/\/forms.zohopublic.com\/mhowellvisio1\/form\/haloContactForm\/formperma\/ezopKz9HnJzzZQdu2kRMeoojsvSK2eBHsY0w0LkfA5Q'><\/iframe>\n<\/div>\n<\/div>","protected":false},"excerpt":{"rendered":"<p>Halo sterile tissue Advancing ocular surgery with ready-to-use, sterile solutions Request more information Halo\u00ae sterile cornea Halo\u00ae sterile sclera Halo\u00ae sterile pericardium What is halo &#8230; <a title=\"Halo\" class=\"read-more\" href=\"https:\/\/visionshare.org\/es\/halo-sterile-tissues\/\" aria-label=\"Leer m\u00e1s sobre Halo\">Leer m\u00e1s<\/a><\/p>","protected":false},"author":9,"featured_media":0,"parent":0,"menu_order":0,"comment_status":"closed","ping_status":"closed","template":"","meta":{"_acf_changed":false,"footnotes":""},"class_list":["post-12517","page","type-page","status-publish"],"acf":[],"yoast_head":"<!-- This site is optimized with the Yoast SEO plugin v27.4 - https:\/\/yoast.com\/product\/yoast-seo-wordpress\/ -->\n<title>Halo sterile tissues | Vision Share<\/title>\n<meta name=\"description\" content=\"Halo sterile tissues are shelf-stable, room-temperature stored, and require no rinsing or rehydration, making them ideal for the OR.\" \/>\n<meta name=\"robots\" content=\"index, follow, max-snippet:-1, max-image-preview:large, max-video-preview:-1\" \/>\n<link rel=\"canonical\" href=\"https:\/\/visionshare.org\/es\/halo-tejidos-esteriles\/\" \/>\n<meta property=\"og:locale\" content=\"es_ES\" \/>\n<meta property=\"og:type\" content=\"article\" \/>\n<meta property=\"og:title\" content=\"Halo sterile tissues | Vision Share\" \/>\n<meta property=\"og:description\" content=\"Halo sterile tissues are shelf-stable, room-temperature stored, and require no rinsing or rehydration, making them ideal for the OR.\" \/>\n<meta property=\"og:url\" content=\"https:\/\/visionshare.org\/es\/halo-tejidos-esteriles\/\" \/>\n<meta property=\"og:site_name\" content=\"Vision Share\" \/>\n<meta property=\"article:publisher\" content=\"https:\/\/www.facebook.com\/visionshareinc\" \/>\n<meta property=\"article:modified_time\" content=\"2025-09-09T20:08:17+00:00\" \/>\n<meta property=\"og:image\" content=\"https:\/\/visionshare.org\/wp-content\/uploads\/Halo-Sterile-Cornea-gb.jpg\" \/>\n\t<meta property=\"og:image:width\" content=\"503\" \/>\n\t<meta property=\"og:image:height\" content=\"650\" \/>\n\t<meta property=\"og:image:type\" content=\"image\/jpeg\" \/>\n<meta name=\"twitter:card\" content=\"summary_large_image\" \/>\n<meta name=\"twitter:site\" content=\"@Vision_Share\" \/>\n<meta name=\"twitter:label1\" content=\"Tiempo de lectura\" \/>\n\t<meta name=\"twitter:data1\" content=\"3 minutos\" \/>\n<script type=\"application\/ld+json\" class=\"yoast-schema-graph\">{\"@context\":\"https:\\\/\\\/schema.org\",\"@graph\":[{\"@type\":\"WebPage\",\"@id\":\"https:\\\/\\\/visionshare.org\\\/halo-sterile-tissues\\\/\",\"url\":\"https:\\\/\\\/visionshare.org\\\/halo-sterile-tissues\\\/\",\"name\":\"Halo sterile tissues | Vision Share\",\"isPartOf\":{\"@id\":\"https:\\\/\\\/visionshare.org\\\/#website\"},\"primaryImageOfPage\":{\"@id\":\"https:\\\/\\\/visionshare.org\\\/halo-sterile-tissues\\\/#primaryimage\"},\"image\":{\"@id\":\"https:\\\/\\\/visionshare.org\\\/halo-sterile-tissues\\\/#primaryimage\"},\"thumbnailUrl\":\"https:\\\/\\\/visionshare.org\\\/wp-content\\\/uploads\\\/Halo-Sterile-Cornea-gb.jpg\",\"datePublished\":\"2025-05-21T13:16:48+00:00\",\"dateModified\":\"2025-09-09T20:08:17+00:00\",\"description\":\"Halo sterile tissues are shelf-stable, room-temperature stored, and require no rinsing or rehydration, making them ideal for the OR.\",\"breadcrumb\":{\"@id\":\"https:\\\/\\\/visionshare.org\\\/halo-sterile-tissues\\\/#breadcrumb\"},\"inLanguage\":\"es\",\"potentialAction\":[{\"@type\":\"ReadAction\",\"target\":[\"https:\\\/\\\/visionshare.org\\\/halo-sterile-tissues\\\/\"]}]},{\"@type\":\"ImageObject\",\"inLanguage\":\"es\",\"@id\":\"https:\\\/\\\/visionshare.org\\\/halo-sterile-tissues\\\/#primaryimage\",\"url\":\"https:\\\/\\\/visionshare.org\\\/wp-content\\\/uploads\\\/Halo-Sterile-Cornea-gb.jpg\",\"contentUrl\":\"https:\\\/\\\/visionshare.org\\\/wp-content\\\/uploads\\\/Halo-Sterile-Cornea-gb.jpg\"},{\"@type\":\"BreadcrumbList\",\"@id\":\"https:\\\/\\\/visionshare.org\\\/halo-sterile-tissues\\\/#breadcrumb\",\"itemListElement\":[{\"@type\":\"ListItem\",\"position\":1,\"name\":\"Home\",\"item\":\"https:\\\/\\\/visionshare.org\\\/\"},{\"@type\":\"ListItem\",\"position\":2,\"name\":\"Halo\"}]},{\"@type\":\"WebSite\",\"@id\":\"https:\\\/\\\/visionshare.org\\\/#website\",\"url\":\"https:\\\/\\\/visionshare.org\\\/\",\"name\":\"Vision Share\",\"description\":\"Your Trusted Source\",\"publisher\":{\"@id\":\"https:\\\/\\\/visionshare.org\\\/#organization\"},\"potentialAction\":[{\"@type\":\"SearchAction\",\"target\":{\"@type\":\"EntryPoint\",\"urlTemplate\":\"https:\\\/\\\/visionshare.org\\\/?s={search_term_string}\"},\"query-input\":{\"@type\":\"PropertyValueSpecification\",\"valueRequired\":true,\"valueName\":\"search_term_string\"}}],\"inLanguage\":\"es\"},{\"@type\":\"Organization\",\"@id\":\"https:\\\/\\\/visionshare.org\\\/#organization\",\"name\":\"Vision Share\",\"url\":\"https:\\\/\\\/visionshare.org\\\/\",\"logo\":{\"@type\":\"ImageObject\",\"inLanguage\":\"es\",\"@id\":\"https:\\\/\\\/visionshare.org\\\/#\\\/schema\\\/logo\\\/image\\\/\",\"url\":\"https:\\\/\\\/visionshare.org\\\/wp-content\\\/uploads\\\/cropped-cropped-cropped-VS_Your-trusted-source-logo-01-PNG.png\",\"contentUrl\":\"https:\\\/\\\/visionshare.org\\\/wp-content\\\/uploads\\\/cropped-cropped-cropped-VS_Your-trusted-source-logo-01-PNG.png\",\"width\":1655,\"height\":861,\"caption\":\"Vision Share\"},\"image\":{\"@id\":\"https:\\\/\\\/visionshare.org\\\/#\\\/schema\\\/logo\\\/image\\\/\"},\"sameAs\":[\"https:\\\/\\\/www.facebook.com\\\/visionshareinc\",\"https:\\\/\\\/x.com\\\/Vision_Share\",\"https:\\\/\\\/www.linkedin.com\\\/company\\\/visionsshare\\\/\"]}]}<\/script>\n<!-- \/ Yoast SEO plugin. -->","yoast_head_json":{"title":"Pa\u00f1uelos est\u00e9riles Halo | Vision Share","description":"Los pa\u00f1uelos est\u00e9riles Halo son estables, se almacenan a temperatura ambiente y no requieren aclarado ni rehidrataci\u00f3n, por lo que son ideales para el quir\u00f3fano","robots":{"index":"index","follow":"follow","max-snippet":"max-snippet:-1","max-image-preview":"max-image-preview:large","max-video-preview":"max-video-preview:-1"},"canonical":"https:\/\/visionshare.org\/es\/halo-tejidos-esteriles\/","og_locale":"es_ES","og_type":"article","og_title":"Halo sterile tissues | Vision Share","og_description":"Halo sterile tissues are shelf-stable, room-temperature stored, and require no rinsing or rehydration, making them ideal for the OR.","og_url":"https:\/\/visionshare.org\/es\/halo-tejidos-esteriles\/","og_site_name":"Vision Share","article_publisher":"https:\/\/www.facebook.com\/visionshareinc","article_modified_time":"2025-09-09T20:08:17+00:00","og_image":[{"width":503,"height":650,"url":"https:\/\/visionshare.org\/wp-content\/uploads\/Halo-Sterile-Cornea-gb.jpg","type":"image\/jpeg"}],"twitter_card":"summary_large_image","twitter_site":"@Vision_Share","twitter_misc":{"Tiempo de lectura":"3 minutos"},"schema":{"@context":"https:\/\/schema.org","@graph":[{"@type":"WebPage","@id":"https:\/\/visionshare.org\/halo-sterile-tissues\/","url":"https:\/\/visionshare.org\/halo-sterile-tissues\/","name":"Pa\u00f1uelos est\u00e9riles Halo | Vision Share","isPartOf":{"@id":"https:\/\/visionshare.org\/#website"},"primaryImageOfPage":{"@id":"https:\/\/visionshare.org\/halo-sterile-tissues\/#primaryimage"},"image":{"@id":"https:\/\/visionshare.org\/halo-sterile-tissues\/#primaryimage"},"thumbnailUrl":"https:\/\/visionshare.org\/wp-content\/uploads\/Halo-Sterile-Cornea-gb.jpg","datePublished":"2025-05-21T13:16:48+00:00","dateModified":"2025-09-09T20:08:17+00:00","description":"Los pa\u00f1uelos est\u00e9riles Halo son estables, se almacenan a temperatura ambiente y no requieren aclarado ni rehidrataci\u00f3n, por lo que son ideales para el quir\u00f3fano","breadcrumb":{"@id":"https:\/\/visionshare.org\/halo-sterile-tissues\/#breadcrumb"},"inLanguage":"es","potentialAction":[{"@type":"ReadAction","target":["https:\/\/visionshare.org\/halo-sterile-tissues\/"]}]},{"@type":"ImageObject","inLanguage":"es","@id":"https:\/\/visionshare.org\/halo-sterile-tissues\/#primaryimage","url":"https:\/\/visionshare.org\/wp-content\/uploads\/Halo-Sterile-Cornea-gb.jpg","contentUrl":"https:\/\/visionshare.org\/wp-content\/uploads\/Halo-Sterile-Cornea-gb.jpg"},{"@type":"BreadcrumbList","@id":"https:\/\/visionshare.org\/halo-sterile-tissues\/#breadcrumb","itemListElement":[{"@type":"ListItem","position":1,"name":"Home","item":"https:\/\/visionshare.org\/"},{"@type":"ListItem","position":2,"name":"Halo"}]},{"@type":"WebSite","@id":"https:\/\/visionshare.org\/#website","url":"https:\/\/visionshare.org\/","name":"Compartir visi\u00f3n","description":"Su fuente de confianza","publisher":{"@id":"https:\/\/visionshare.org\/#organization"},"potentialAction":[{"@type":"SearchAction","target":{"@type":"EntryPoint","urlTemplate":"https:\/\/visionshare.org\/?s={search_term_string}"},"query-input":{"@type":"PropertyValueSpecification","valueRequired":true,"valueName":"search_term_string"}}],"inLanguage":"es"},{"@type":"Organization","@id":"https:\/\/visionshare.org\/#organization","name":"Compartir visi\u00f3n","url":"https:\/\/visionshare.org\/","logo":{"@type":"ImageObject","inLanguage":"es","@id":"https:\/\/visionshare.org\/#\/schema\/logo\/image\/","url":"https:\/\/visionshare.org\/wp-content\/uploads\/cropped-cropped-cropped-VS_Your-trusted-source-logo-01-PNG.png","contentUrl":"https:\/\/visionshare.org\/wp-content\/uploads\/cropped-cropped-cropped-VS_Your-trusted-source-logo-01-PNG.png","width":1655,"height":861,"caption":"Vision Share"},"image":{"@id":"https:\/\/visionshare.org\/#\/schema\/logo\/image\/"},"sameAs":["https:\/\/www.facebook.com\/visionshareinc","https:\/\/x.com\/Vision_Share","https:\/\/www.linkedin.com\/company\/visionsshare\/"]}]}},"_links":{"self":[{"href":"https:\/\/visionshare.org\/es\/wp-json\/wp\/v2\/pages\/12517","targetHints":{"allow":["GET"]}}],"collection":[{"href":"https:\/\/visionshare.org\/es\/wp-json\/wp\/v2\/pages"}],"about":[{"href":"https:\/\/visionshare.org\/es\/wp-json\/wp\/v2\/types\/page"}],"author":[{"embeddable":true,"href":"https:\/\/visionshare.org\/es\/wp-json\/wp\/v2\/users\/9"}],"replies":[{"embeddable":true,"href":"https:\/\/visionshare.org\/es\/wp-json\/wp\/v2\/comments?post=12517"}],"version-history":[{"count":191,"href":"https:\/\/visionshare.org\/es\/wp-json\/wp\/v2\/pages\/12517\/revisions"}],"predecessor-version":[{"id":13818,"href":"https:\/\/visionshare.org\/es\/wp-json\/wp\/v2\/pages\/12517\/revisions\/13818"}],"wp:attachment":[{"href":"https:\/\/visionshare.org\/es\/wp-json\/wp\/v2\/media?parent=12517"}],"curies":[{"name":"wp","href":"https:\/\/api.w.org\/{rel}","templated":true}]}}