{"id":12787,"date":"2025-06-02T14:50:37","date_gmt":"2025-06-02T19:50:37","guid":{"rendered":"https:\/\/visionshare.org\/?page_id=12787"},"modified":"2025-09-09T15:43:47","modified_gmt":"2025-09-09T20:43:47","slug":"tejido-esteril","status":"publish","type":"page","link":"https:\/\/visionshare.org\/es\/sterile-tissue\/","title":{"rendered":"Tejidos est\u00e9riles"},"content":{"rendered":"<div class=\"gb-container gb-container-989dc778 gbp-section\">\n<div class=\"gb-container gb-container-7689f7c9\">\n<div class=\"gb-grid-wrapper gb-grid-wrapper-8052e075\">\n<div class=\"gb-grid-column gb-grid-column-f79830a8\"><div class=\"gb-container gb-container-f79830a8\">\n<div class=\"gb-container gb-container-a0046f1f\">\n\n<figure class=\"gb-block-image gb-block-image-d95091c0\"><a href=\"https:\/\/visionshare.org\/es\/keranatural\/\"><img loading=\"lazy\" decoding=\"async\" width=\"2048\" height=\"1365\" class=\"gb-image gb-image-d95091c0\" src=\"https:\/\/visionshare.org\/wp-content\/uploads\/ring-forcep-close.jpg\" alt=\"\" title=\"cierre de la pinza anular\" srcset=\"https:\/\/visionshare.org\/wp-content\/uploads\/ring-forcep-close.jpg 2048w, https:\/\/visionshare.org\/wp-content\/uploads\/ring-forcep-close-300x200.jpg 300w, https:\/\/visionshare.org\/wp-content\/uploads\/ring-forcep-close-1024x683.jpg 1024w, https:\/\/visionshare.org\/wp-content\/uploads\/ring-forcep-close-768x512.jpg 768w, https:\/\/visionshare.org\/wp-content\/uploads\/ring-forcep-close-1536x1024.jpg 1536w\" sizes=\"auto, (max-width: 2048px) 100vw, 2048px\" \/><\/a><\/figure>\n\n\n\n<div>\n<h3 class=\"gb-headline gb-headline-a656f9cc gb-headline-text gbp-section__headline\">KeraNatural<\/h3>\n\n\n\n<p class=\"has-text-align-left\">KeraNatural\u00ae es un anillo o arco de aloinjerto est\u00e9ril fabricado a partir de tejido corneal de donante humano. Desarrollado por VisionGift, ofrece una alternativa natural a los implantes sint\u00e9ticos para pacientes con queratocono, con el objetivo de remodelar la c\u00f3rnea y mejorar la visi\u00f3n.<br><\/p>\n\n\n<div class=\"gb-container gb-container-935333d4\">\n\n<a class=\"gb-button gb-button-46d1155b gb-button-text gbp-button--primary\" href=\"https:\/\/visionshare.org\/es\/keranatural\/\" target=\"_blank\" rel=\"noopener noreferrer\">M\u00e1s informaci\u00f3n - KeraNatural<\/a>\n\n\n\n<a class=\"gb-button gb-button-40b9aa98 gb-button-text gbp-button--primary\" href=\"https:\/\/visionshare.org\/es\/keranatural\/#keranaturalmoreinfo\" target=\"_blank\" rel=\"noopener noreferrer\">P\u00f3ngase en contacto con nosotros<\/a>\n\n<\/div><\/div>\n\n<\/div>\n<\/div><\/div>\n\n<div class=\"gb-grid-column gb-grid-column-de9bdae2\"><div class=\"gb-container gb-container-de9bdae2\">\n<div class=\"gb-container gb-container-919ce250\">\n\n<figure class=\"gb-block-image gb-block-image-a2567325\"><a href=\"https:\/\/visionshare.org\/es\/halo-tejidos-esteriles\/\"><img loading=\"lazy\" decoding=\"async\" width=\"2048\" height=\"1365\" class=\"gb-image gb-image-a2567325\" src=\"https:\/\/visionshare.org\/wp-content\/uploads\/halo-tissue-updated-2.jpg\" alt=\"\" title=\"halo-tissue-updated-2\" srcset=\"https:\/\/visionshare.org\/wp-content\/uploads\/halo-tissue-updated-2.jpg 2048w, https:\/\/visionshare.org\/wp-content\/uploads\/halo-tissue-updated-2-300x200.jpg 300w, https:\/\/visionshare.org\/wp-content\/uploads\/halo-tissue-updated-2-1024x683.jpg 1024w, https:\/\/visionshare.org\/wp-content\/uploads\/halo-tissue-updated-2-768x512.jpg 768w, https:\/\/visionshare.org\/wp-content\/uploads\/halo-tissue-updated-2-1536x1024.jpg 1536w\" sizes=\"auto, (max-width: 2048px) 100vw, 2048px\" \/><\/a><\/figure>\n\n\n\n<div>\n<h3 class=\"gb-headline gb-headline-c81f56d6 gb-headline-text gbp-section__headline\">halo tejido est\u00e9ril<\/h3>\n\n\n\n<p class=\"has-text-align-left\">Los tejidos est\u00e9riles Halo\u00ae son estables en almacenamiento, se conservan a temperatura ambiente y no requieren aclarado ni rehidrataci\u00f3n, por lo que son ideales tanto para procedimientos de urgencia como para cirug\u00edas programadas. El tejido est\u00e1 disponible en c\u00f3rnea, escler\u00f3tica y pericardio.<\/p>\n\n\n<div class=\"gb-container gb-container-046f2e8f\">\n\n<a class=\"gb-button gb-button-227484f7 gb-button-text gbp-button--primary\" href=\"https:\/\/visionshare.org\/es\/halo-sterile-tissue\/\" target=\"_blank\" rel=\"noopener noreferrer\">M\u00e1s informaci\u00f3n - halo<\/a>\n\n\n\n<a class=\"gb-button gb-button-e2dd4899 gb-button-text gbp-button--primary\" href=\"https:\/\/visionshare.org\/es\/halo-tejidos-esteriles\/#halosteriletissuemoreinfo\" target=\"_blank\" rel=\"noopener noreferrer\">P\u00f3ngase en contacto con nosotros<\/a>\n\n<\/div><\/div>\n\n<\/div>\n<\/div><\/div>\n<\/div>\n<\/div>\n\n\n<div class=\"gb-element-a9805da7\"><div class=\"gb-container gb-container-f15e542d gbp-section__inner\">\n<div class=\"gb-container gb-container-527b3663\">\n<div class=\"gb-container gb-container-fb78dc06\">\n\n<h2 class=\"gb-headline gb-headline-dcdd36f8 gb-headline-text gbp-section__headline\"><strong>El Centro de Distribuci\u00f3n de Vision Share est\u00e1 de guardia 24 horas al d\u00eda, 7 d\u00edas a la semana, todos los d\u00edas del a\u00f1o.<\/strong><\/h2>\n\n<\/div>\n\n\n<div class=\"gb-headline gb-headline-bc15c0b4 gb-headline-text gbp-section__text\">Nuestro equipo coordina la distribuci\u00f3n de tejido ocular en Estados Unidos y en todo el mundo. Supervisamos continuamente los resultados del procesamiento y los detalles del env\u00edo para garantizar la precisi\u00f3n y la eficacia. Los coordinadores de distribuci\u00f3n altamente capacitados de Vision Share se comprometen a brindarle un servicio personalizado de calidad. Gracias por confiarnos sus necesidades de tejido ocular. <\/div>\n\n\n\n<p><strong>Centro de distribuci\u00f3n Vision Share<\/strong><br>Tel\u00e9fono:&nbsp;<a href=\"tel:+18886574448\">1-888-657-4448<\/a><br>Correo electr\u00f3nico:&nbsp;&nbsp;<a href=\"mailto:dc@visionshare.org\">dc@visionshare.org<\/a><\/p>\n\n<\/div>\n<\/div><\/div>\n\n<\/div>","protected":false},"excerpt":{"rendered":"<p>The Vision Share Distribution Center is on call 24 hours a day, 7 days a week, every day of the year. Our team coordinates the &#8230; <a title=\"Tejidos est\u00e9riles\" class=\"read-more\" href=\"https:\/\/visionshare.org\/es\/sterile-tissue\/\" aria-label=\"Leer m\u00e1s sobre Sterile Tissue\">Leer m\u00e1s<\/a><\/p>","protected":false},"author":1,"featured_media":13837,"parent":0,"menu_order":0,"comment_status":"closed","ping_status":"closed","template":"","meta":{"_acf_changed":false,"footnotes":""},"class_list":["post-12787","page","type-page","status-publish","has-post-thumbnail"],"acf":[],"yoast_head":"<!-- This site is optimized with the Yoast SEO plugin v27.4 - https:\/\/yoast.com\/product\/yoast-seo-wordpress\/ -->\n<title>Sterile Tissue - Vision Share<\/title>\n<meta name=\"description\" content=\"KeraNatural and halo offer safe, sterile corneal tissue for transplant or research \u2014 ready anytime, anywhere, with no waiting or waste.\" \/>\n<meta name=\"robots\" content=\"index, follow, max-snippet:-1, max-image-preview:large, max-video-preview:-1\" \/>\n<link rel=\"canonical\" href=\"https:\/\/visionshare.org\/es\/tejido-esteril\/\" \/>\n<meta property=\"og:locale\" content=\"es_ES\" \/>\n<meta property=\"og:type\" content=\"article\" \/>\n<meta property=\"og:title\" content=\"Sterile Tissue - Vision Share\" \/>\n<meta property=\"og:description\" content=\"KeraNatural and halo offer safe, sterile corneal tissue for transplant or research \u2014 ready anytime, anywhere, with no waiting or waste.\" \/>\n<meta property=\"og:url\" content=\"https:\/\/visionshare.org\/es\/tejido-esteril\/\" \/>\n<meta property=\"og:site_name\" content=\"Vision Share\" \/>\n<meta property=\"article:publisher\" content=\"https:\/\/www.facebook.com\/visionshareinc\" \/>\n<meta property=\"article:modified_time\" content=\"2025-09-09T20:43:47+00:00\" \/>\n<meta property=\"og:image\" content=\"https:\/\/visionshare.org\/wp-content\/uploads\/sterile-tissue-page-header1.jpg\" \/>\n\t<meta property=\"og:image:width\" content=\"2000\" \/>\n\t<meta property=\"og:image:height\" content=\"741\" \/>\n\t<meta property=\"og:image:type\" content=\"image\/jpeg\" \/>\n<meta name=\"twitter:card\" content=\"summary_large_image\" \/>\n<meta name=\"twitter:site\" content=\"@Vision_Share\" \/>\n<meta name=\"twitter:label1\" content=\"Tiempo de lectura\" \/>\n\t<meta name=\"twitter:data1\" content=\"2 minutos\" \/>\n<script type=\"application\/ld+json\" class=\"yoast-schema-graph\">{\"@context\":\"https:\\\/\\\/schema.org\",\"@graph\":[{\"@type\":\"WebPage\",\"@id\":\"https:\\\/\\\/visionshare.org\\\/sterile-tissue\\\/\",\"url\":\"https:\\\/\\\/visionshare.org\\\/sterile-tissue\\\/\",\"name\":\"Sterile Tissue - Vision Share\",\"isPartOf\":{\"@id\":\"https:\\\/\\\/visionshare.org\\\/#website\"},\"primaryImageOfPage\":{\"@id\":\"https:\\\/\\\/visionshare.org\\\/sterile-tissue\\\/#primaryimage\"},\"image\":{\"@id\":\"https:\\\/\\\/visionshare.org\\\/sterile-tissue\\\/#primaryimage\"},\"thumbnailUrl\":\"https:\\\/\\\/visionshare.org\\\/wp-content\\\/uploads\\\/sterile-tissue-page-header1.jpg\",\"datePublished\":\"2025-06-02T19:50:37+00:00\",\"dateModified\":\"2025-09-09T20:43:47+00:00\",\"description\":\"KeraNatural and halo offer safe, sterile corneal tissue for transplant or research \u2014 ready anytime, anywhere, with no waiting or waste.\",\"breadcrumb\":{\"@id\":\"https:\\\/\\\/visionshare.org\\\/sterile-tissue\\\/#breadcrumb\"},\"inLanguage\":\"es\",\"potentialAction\":[{\"@type\":\"ReadAction\",\"target\":[\"https:\\\/\\\/visionshare.org\\\/sterile-tissue\\\/\"]}]},{\"@type\":\"ImageObject\",\"inLanguage\":\"es\",\"@id\":\"https:\\\/\\\/visionshare.org\\\/sterile-tissue\\\/#primaryimage\",\"url\":\"https:\\\/\\\/visionshare.org\\\/wp-content\\\/uploads\\\/sterile-tissue-page-header1.jpg\",\"contentUrl\":\"https:\\\/\\\/visionshare.org\\\/wp-content\\\/uploads\\\/sterile-tissue-page-header1.jpg\",\"width\":2000,\"height\":741,\"caption\":\"sterile-tissue-page-header1\"},{\"@type\":\"BreadcrumbList\",\"@id\":\"https:\\\/\\\/visionshare.org\\\/sterile-tissue\\\/#breadcrumb\",\"itemListElement\":[{\"@type\":\"ListItem\",\"position\":1,\"name\":\"Home\",\"item\":\"https:\\\/\\\/visionshare.org\\\/\"},{\"@type\":\"ListItem\",\"position\":2,\"name\":\"Sterile Tissue\"}]},{\"@type\":\"WebSite\",\"@id\":\"https:\\\/\\\/visionshare.org\\\/#website\",\"url\":\"https:\\\/\\\/visionshare.org\\\/\",\"name\":\"Vision Share\",\"description\":\"Your Trusted Source\",\"publisher\":{\"@id\":\"https:\\\/\\\/visionshare.org\\\/#organization\"},\"potentialAction\":[{\"@type\":\"SearchAction\",\"target\":{\"@type\":\"EntryPoint\",\"urlTemplate\":\"https:\\\/\\\/visionshare.org\\\/?s={search_term_string}\"},\"query-input\":{\"@type\":\"PropertyValueSpecification\",\"valueRequired\":true,\"valueName\":\"search_term_string\"}}],\"inLanguage\":\"es\"},{\"@type\":\"Organization\",\"@id\":\"https:\\\/\\\/visionshare.org\\\/#organization\",\"name\":\"Vision Share\",\"url\":\"https:\\\/\\\/visionshare.org\\\/\",\"logo\":{\"@type\":\"ImageObject\",\"inLanguage\":\"es\",\"@id\":\"https:\\\/\\\/visionshare.org\\\/#\\\/schema\\\/logo\\\/image\\\/\",\"url\":\"https:\\\/\\\/visionshare.org\\\/wp-content\\\/uploads\\\/cropped-cropped-cropped-VS_Your-trusted-source-logo-01-PNG.png\",\"contentUrl\":\"https:\\\/\\\/visionshare.org\\\/wp-content\\\/uploads\\\/cropped-cropped-cropped-VS_Your-trusted-source-logo-01-PNG.png\",\"width\":1655,\"height\":861,\"caption\":\"Vision Share\"},\"image\":{\"@id\":\"https:\\\/\\\/visionshare.org\\\/#\\\/schema\\\/logo\\\/image\\\/\"},\"sameAs\":[\"https:\\\/\\\/www.facebook.com\\\/visionshareinc\",\"https:\\\/\\\/x.com\\\/Vision_Share\",\"https:\\\/\\\/www.linkedin.com\\\/company\\\/visionsshare\\\/\"]}]}<\/script>\n<!-- \/ Yoast SEO plugin. -->","yoast_head_json":{"title":"Tejidos est\u00e9riles - Vision Share","description":"KeraNatural y halo ofrecen tejido corneal est\u00e9ril y seguro para trasplante o investigaci\u00f3n, disponible sin esperas ni desperdicio.","robots":{"index":"index","follow":"follow","max-snippet":"max-snippet:-1","max-image-preview":"max-image-preview:large","max-video-preview":"max-video-preview:-1"},"canonical":"https:\/\/visionshare.org\/es\/tejido-esteril\/","og_locale":"es_ES","og_type":"article","og_title":"Sterile Tissue - Vision Share","og_description":"KeraNatural and halo offer safe, sterile corneal tissue for transplant or research \u2014 ready anytime, anywhere, with no waiting or waste.","og_url":"https:\/\/visionshare.org\/es\/tejido-esteril\/","og_site_name":"Vision Share","article_publisher":"https:\/\/www.facebook.com\/visionshareinc","article_modified_time":"2025-09-09T20:43:47+00:00","og_image":[{"width":2000,"height":741,"url":"https:\/\/visionshare.org\/wp-content\/uploads\/sterile-tissue-page-header1.jpg","type":"image\/jpeg"}],"twitter_card":"summary_large_image","twitter_site":"@Vision_Share","twitter_misc":{"Tiempo de lectura":"2 minutos"},"schema":{"@context":"https:\/\/schema.org","@graph":[{"@type":"WebPage","@id":"https:\/\/visionshare.org\/sterile-tissue\/","url":"https:\/\/visionshare.org\/sterile-tissue\/","name":"Tejidos est\u00e9riles - Vision Share","isPartOf":{"@id":"https:\/\/visionshare.org\/#website"},"primaryImageOfPage":{"@id":"https:\/\/visionshare.org\/sterile-tissue\/#primaryimage"},"image":{"@id":"https:\/\/visionshare.org\/sterile-tissue\/#primaryimage"},"thumbnailUrl":"https:\/\/visionshare.org\/wp-content\/uploads\/sterile-tissue-page-header1.jpg","datePublished":"2025-06-02T19:50:37+00:00","dateModified":"2025-09-09T20:43:47+00:00","description":"KeraNatural y halo ofrecen tejido corneal est\u00e9ril y seguro para trasplante o investigaci\u00f3n, disponible sin esperas ni desperdicio.","breadcrumb":{"@id":"https:\/\/visionshare.org\/sterile-tissue\/#breadcrumb"},"inLanguage":"es","potentialAction":[{"@type":"ReadAction","target":["https:\/\/visionshare.org\/sterile-tissue\/"]}]},{"@type":"ImageObject","inLanguage":"es","@id":"https:\/\/visionshare.org\/sterile-tissue\/#primaryimage","url":"https:\/\/visionshare.org\/wp-content\/uploads\/sterile-tissue-page-header1.jpg","contentUrl":"https:\/\/visionshare.org\/wp-content\/uploads\/sterile-tissue-page-header1.jpg","width":2000,"height":741,"caption":"sterile-tissue-page-header1"},{"@type":"BreadcrumbList","@id":"https:\/\/visionshare.org\/sterile-tissue\/#breadcrumb","itemListElement":[{"@type":"ListItem","position":1,"name":"Home","item":"https:\/\/visionshare.org\/"},{"@type":"ListItem","position":2,"name":"Sterile Tissue"}]},{"@type":"WebSite","@id":"https:\/\/visionshare.org\/#website","url":"https:\/\/visionshare.org\/","name":"Compartir visi\u00f3n","description":"Su fuente de confianza","publisher":{"@id":"https:\/\/visionshare.org\/#organization"},"potentialAction":[{"@type":"SearchAction","target":{"@type":"EntryPoint","urlTemplate":"https:\/\/visionshare.org\/?s={search_term_string}"},"query-input":{"@type":"PropertyValueSpecification","valueRequired":true,"valueName":"search_term_string"}}],"inLanguage":"es"},{"@type":"Organization","@id":"https:\/\/visionshare.org\/#organization","name":"Compartir visi\u00f3n","url":"https:\/\/visionshare.org\/","logo":{"@type":"ImageObject","inLanguage":"es","@id":"https:\/\/visionshare.org\/#\/schema\/logo\/image\/","url":"https:\/\/visionshare.org\/wp-content\/uploads\/cropped-cropped-cropped-VS_Your-trusted-source-logo-01-PNG.png","contentUrl":"https:\/\/visionshare.org\/wp-content\/uploads\/cropped-cropped-cropped-VS_Your-trusted-source-logo-01-PNG.png","width":1655,"height":861,"caption":"Vision Share"},"image":{"@id":"https:\/\/visionshare.org\/#\/schema\/logo\/image\/"},"sameAs":["https:\/\/www.facebook.com\/visionshareinc","https:\/\/x.com\/Vision_Share","https:\/\/www.linkedin.com\/company\/visionsshare\/"]}]}},"_links":{"self":[{"href":"https:\/\/visionshare.org\/es\/wp-json\/wp\/v2\/pages\/12787","targetHints":{"allow":["GET"]}}],"collection":[{"href":"https:\/\/visionshare.org\/es\/wp-json\/wp\/v2\/pages"}],"about":[{"href":"https:\/\/visionshare.org\/es\/wp-json\/wp\/v2\/types\/page"}],"author":[{"embeddable":true,"href":"https:\/\/visionshare.org\/es\/wp-json\/wp\/v2\/users\/1"}],"replies":[{"embeddable":true,"href":"https:\/\/visionshare.org\/es\/wp-json\/wp\/v2\/comments?post=12787"}],"version-history":[{"count":46,"href":"https:\/\/visionshare.org\/es\/wp-json\/wp\/v2\/pages\/12787\/revisions"}],"predecessor-version":[{"id":13217,"href":"https:\/\/visionshare.org\/es\/wp-json\/wp\/v2\/pages\/12787\/revisions\/13217"}],"wp:featuredmedia":[{"embeddable":true,"href":"https:\/\/visionshare.org\/es\/wp-json\/wp\/v2\/media\/13837"}],"wp:attachment":[{"href":"https:\/\/visionshare.org\/es\/wp-json\/wp\/v2\/media?parent=12787"}],"curies":[{"name":"wp","href":"https:\/\/api.w.org\/{rel}","templated":true}]}}