{"id":13957,"date":"2025-10-02T13:18:02","date_gmt":"2025-10-02T18:18:02","guid":{"rendered":"https:\/\/visionshare.org\/?page_id=13957"},"modified":"2025-10-20T19:03:59","modified_gmt":"2025-10-21T00:03:59","slug":"articulos-de-innovacion-sobre-trasplante-de-cornea","status":"publish","type":"page","link":"https:\/\/visionshare.org\/es\/innovation-corneal-transplantation-articles\/","title":{"rendered":"Art\u00edculos sobre innovaci\u00f3n en el trasplante de c\u00f3rnea"},"content":{"rendered":"<h2 class=\"wp-block-heading\">Innovaci\u00f3n en bancos de ojos<\/h2>\n\n\n\n<p>En el campo de los bancos de ojos, la innovaci\u00f3n est\u00e1 transformando la forma de restaurar y preservar la vista. Vision Share presenta a expertos del sector que lideran este progreso, desde avances en la preservaci\u00f3n de tejidos y t\u00e9cnicas quir\u00fargicas hasta nuevas herramientas que ampl\u00edan el acceso global a la atenci\u00f3n. A continuaci\u00f3n, explore los art\u00edculos que destacan la innovaci\u00f3n en el trasplante de c\u00f3rnea y la investigaci\u00f3n ocular.<\/p>\n\n\n\n<div><div class=\"gb-looper-336211b4\">\n<div class=\"gb-loop-item gb-loop-item-77177ebf post-14460 post type-post status-publish format-standard has-post-thumbnail hentry category-corneal-transplant-innovation generate-columns tablet-grid-50 mobile-grid-100 grid-parent grid-33\">\n<img loading=\"lazy\" decoding=\"async\" width=\"1314\" height=\"1460\" data-media-id=\"14462\" class=\"gb-media-4b2fa0be\" src=\"https:\/\/visionshare.org\/wp-content\/uploads\/KLAL_Pro_Ill_FNL.png\" alt=\"Avanzar en la innovaci\u00f3n del trasplante de c\u00f3rnea: Reflexiones del Vicepresidente de I+D de Eversight\" srcset=\"https:\/\/visionshare.org\/wp-content\/uploads\/KLAL_Pro_Ill_FNL.png 1314w, https:\/\/visionshare.org\/wp-content\/uploads\/KLAL_Pro_Ill_FNL-270x300.png 270w, https:\/\/visionshare.org\/wp-content\/uploads\/KLAL_Pro_Ill_FNL-922x1024.png 922w, https:\/\/visionshare.org\/wp-content\/uploads\/KLAL_Pro_Ill_FNL-768x853.png 768w, https:\/\/visionshare.org\/wp-content\/uploads\/KLAL_Pro_Ill_FNL-11x12.png 11w\" sizes=\"auto, (max-width: 1314px) 100vw, 1314px\" \/>\n\n\n\n<h2 class=\"gb-text gb-text-8d643b7c\"><a href=\"https:\/\/visionshare.org\/es\/advancing-innovation-in-corneal-transplantation-klalpro\/\">Avanzar en la innovaci\u00f3n del trasplante de c\u00f3rnea: Reflexiones del Vicepresidente de I+D de Eversight<\/a><\/h2>\n\n\n\n<p class=\"gb-text gb-text-347b20ac\">22 de diciembre de 2025<\/p>\n\n\n\n<p class=\"gb-text\">Como parte de la serie en curso de Vision Share que explora los avances en el trasplante de c\u00f3rnea, recientemente nos reunimos con el Vicepresidente de Investigaci\u00f3n y Desarrollo de Eversight, Onkar B. Sawant, PhD, para hablar sobre las innovaciones emergentes que dan forma al futuro de este campo. Junto con la informaci\u00f3n del seminario web de Eversight en el que participaron el Dr. Edward Holland y el Dr. Nambi Nallasamy, la conversaci\u00f3n puso de relieve c\u00f3mo la ciencia, la tecnolog\u00eda y las soluciones impulsadas por los bancos de ojos est\u00e1n redefiniendo lo que es posible para los pacientes de todo el mundo. Esta entrevista forma parte de un esfuerzo m\u00e1s amplio de Vision Share por recopilar ... <a title=\"Avanzar en la innovaci\u00f3n del trasplante de c\u00f3rnea: Reflexiones del Vicepresidente de I+D de Eversight\" class=\"read-more\" href=\"https:\/\/visionshare.org\/es\/advancing-innovation-in-corneal-transplantation-klalpro\/\" aria-label=\"Leer m\u00e1s sobre Innovaci\u00f3n en el trasplante de c\u00f3rnea: Reflexiones del Vicepresidente de I+D de Eversight\">Leer m\u00e1s<\/a><\/p>\n<\/div>\n\n<div class=\"gb-loop-item gb-loop-item-77177ebf post-14283 post type-post status-publish format-standard has-post-thumbnail hentry category-corneal-transplant-innovation generate-columns tablet-grid-50 mobile-grid-100 grid-parent grid-33\">\n<img loading=\"lazy\" decoding=\"async\" width=\"2560\" height=\"1449\" data-media-id=\"14297\" class=\"gb-media-4b2fa0be\" src=\"https:\/\/visionshare.org\/wp-content\/uploads\/kerify-4-scaled.webp\" alt=\"Kerify: Una nueva frontera en la evaluaci\u00f3n cuantitativa del da\u00f1o endotelial\" srcset=\"https:\/\/visionshare.org\/wp-content\/uploads\/kerify-4-scaled.webp 2560w, https:\/\/visionshare.org\/wp-content\/uploads\/kerify-4-300x170.webp 300w, https:\/\/visionshare.org\/wp-content\/uploads\/kerify-4-1024x580.webp 1024w, https:\/\/visionshare.org\/wp-content\/uploads\/kerify-4-768x435.webp 768w, https:\/\/visionshare.org\/wp-content\/uploads\/kerify-4-1536x870.webp 1536w, https:\/\/visionshare.org\/wp-content\/uploads\/kerify-4-2048x1159.webp 2048w, https:\/\/visionshare.org\/wp-content\/uploads\/kerify-4-18x10.webp 18w\" sizes=\"auto, (max-width: 2560px) 100vw, 2560px\" \/>\n\n\n\n<h2 class=\"gb-text gb-text-8d643b7c\"><a href=\"https:\/\/visionshare.org\/es\/kerify-an-overview\/\">Kerify: Una nueva frontera en la evaluaci\u00f3n cuantitativa del da\u00f1o endotelial<\/a><\/h2>\n\n\n\n<p class=\"gb-text gb-text-347b20ac\">9 de diciembre de 2025<\/p>\n\n\n\n<p class=\"gb-text\">Desde que las queratoplastias endoteliales se introdujeron en Estados Unidos en 2005, los bancos de ojos han dependido del microscopio especular de posprocesamiento para estimar la salud endotelial, normalmente utilizando una peque\u00f1a imagen central que capta s\u00f3lo una fracci\u00f3n del injerto y que a menudo est\u00e1 influida por el sesgo de selecci\u00f3n. Kerify, desarrollado por Lions Gift of Sight (LGS) en colaboraci\u00f3n con los expertos en imagen ADCIS y con el apoyo de la EBAA, representa un importante avance. Kerify proporciona una visi\u00f3n r\u00e1pida de todo el injerto con un mapeo cuantitativo del da\u00f1o de las c\u00e9lulas endoteliales, ... <a title=\"Kerify: Una nueva frontera en la evaluaci\u00f3n cuantitativa del da\u00f1o endotelial\" class=\"read-more\" href=\"https:\/\/visionshare.org\/es\/kerify-an-overview\/\" aria-label=\"Leer m\u00e1s sobre Kerify: Una nueva frontera en la evaluaci\u00f3n cuantitativa del da\u00f1o endotelial\">Leer m\u00e1s<\/a><\/p>\n<\/div>\n\n<div class=\"gb-loop-item gb-loop-item-77177ebf post-13951 post type-post status-publish format-standard has-post-thumbnail hentry category-corneal-transplant-innovation category-sterile-tissue generate-columns tablet-grid-50 mobile-grid-100 grid-parent grid-33\">\n<img loading=\"lazy\" decoding=\"async\" width=\"2048\" height=\"1365\" data-media-id=\"12188\" class=\"gb-media-4b2fa0be\" src=\"https:\/\/visionshare.org\/wp-content\/uploads\/ring-forcep-close.jpg\" alt=\"El futuro del trasplante de c\u00f3rnea: La opini\u00f3n de un experto del sector\" srcset=\"https:\/\/visionshare.org\/wp-content\/uploads\/ring-forcep-close.jpg 2048w, https:\/\/visionshare.org\/wp-content\/uploads\/ring-forcep-close-300x200.jpg 300w, https:\/\/visionshare.org\/wp-content\/uploads\/ring-forcep-close-1024x683.jpg 1024w, https:\/\/visionshare.org\/wp-content\/uploads\/ring-forcep-close-768x512.jpg 768w, https:\/\/visionshare.org\/wp-content\/uploads\/ring-forcep-close-1536x1024.jpg 1536w\" sizes=\"auto, (max-width: 2048px) 100vw, 2048px\" \/>\n\n\n\n<h2 class=\"gb-text gb-text-8d643b7c\"><a href=\"https:\/\/visionshare.org\/es\/the-future-of-corneal-transplantation-1\/\">El futuro del trasplante de c\u00f3rnea: La opini\u00f3n de un experto del sector<\/a><\/h2>\n\n\n\n<p class=\"gb-text gb-text-347b20ac\">2 de octubre de 2025<\/p>\n\n\n\n<p class=\"gb-text\">Esta conversaci\u00f3n con el Dr. Suphi Taneri forma parte de una serie m\u00e1s amplia que explora la innovaci\u00f3n en el trasplante de c\u00f3rnea. El trasplante de c\u00f3rnea evoluciona r\u00e1pidamente. Desde t\u00e9cnicas quir\u00fargicas refinadas hasta soluciones listas para usar, la innovaci\u00f3n est\u00e1 cambiando los resultados para los pacientes de todo el mundo. Para explorar estos cambios, hablamos con el Prof. Taneri, MD, un destacado oftalm\u00f3logo de Alemania, sobre los avances m\u00e1s significativos y lo que el futuro puede deparar a cirujanos, pacientes y a la atenci\u00f3n oftalmol\u00f3gica mundial. En futuras entradas, compartiremos las perspectivas de otros expertos ... <a title=\"El futuro del trasplante de c\u00f3rnea: La opini\u00f3n de un experto del sector\" class=\"read-more\" href=\"https:\/\/visionshare.org\/es\/the-future-of-corneal-transplantation-1\/\" aria-label=\"Leer m\u00e1s sobre El futuro del trasplante de c\u00f3rnea: La opini\u00f3n de un experto del sector\">Leer m\u00e1s<\/a><\/p>\n<\/div>\n\n<div class=\"gb-loop-item gb-loop-item-77177ebf post-13940 post type-post status-publish format-standard has-post-thumbnail hentry category-corneal-transplant-innovation generate-columns tablet-grid-50 mobile-grid-100 grid-parent grid-33\">\n<img loading=\"lazy\" decoding=\"async\" width=\"2560\" height=\"2560\" data-media-id=\"13942\" class=\"gb-media-4b2fa0be\" src=\"https:\/\/visionshare.org\/wp-content\/uploads\/XTRA4doublevial-scaled.webp\" alt=\"Ampliar la ventana de la visi\u00f3n: XTRA4 podr\u00eda transformar el trasplante de c\u00f3rnea\" srcset=\"https:\/\/visionshare.org\/wp-content\/uploads\/XTRA4doublevial-scaled.webp 2560w, https:\/\/visionshare.org\/wp-content\/uploads\/XTRA4doublevial-300x300.webp 300w, https:\/\/visionshare.org\/wp-content\/uploads\/XTRA4doublevial-1024x1024.webp 1024w, https:\/\/visionshare.org\/wp-content\/uploads\/XTRA4doublevial-150x150.webp 150w, https:\/\/visionshare.org\/wp-content\/uploads\/XTRA4doublevial-768x768.webp 768w, https:\/\/visionshare.org\/wp-content\/uploads\/XTRA4doublevial-1536x1536.webp 1536w, https:\/\/visionshare.org\/wp-content\/uploads\/XTRA4doublevial-2048x2048.webp 2048w, https:\/\/visionshare.org\/wp-content\/uploads\/XTRA4doublevial-12x12.webp 12w\" sizes=\"auto, (max-width: 2560px) 100vw, 2560px\" \/>\n\n\n\n<h2 class=\"gb-text gb-text-8d643b7c\"><a href=\"https:\/\/visionshare.org\/es\/xtra4-corneal-transplant-innovation\/\">Ampliar la ventana de la visi\u00f3n: XTRA4 podr\u00eda transformar el trasplante de c\u00f3rnea<\/a><\/h2>\n\n\n\n<p class=\"gb-text gb-text-347b20ac\">2 de octubre de 2025<\/p>\n\n\n\n<p class=\"gb-text\">En Vision Share, nos comprometemos a destacar las innovaciones que contribuyen a la recuperaci\u00f3n de la vista en todo el mundo. Hoy nos centramos en XTRA4 de Moria Surgical, un medio de almacenamiento hipot\u00e9rmico de \u00faltima generaci\u00f3n dise\u00f1ado para prolongar la conservaci\u00f3n de la c\u00f3rnea. Con la reciente autorizaci\u00f3n 510(k) de la FDA, XTRA4 permite una conservaci\u00f3n de hasta 14 d\u00edas.  Por qu\u00e9 es importante la innovaci\u00f3n en el almacenamiento Actualmente, las soluciones de almacenamiento hipot\u00e9rmico tienen una ventana pr\u00e1ctica limitada para el trasplante de c\u00f3rnea. En EE.UU., muchos cirujanos evitan utilizar tejidos almacenados durante m\u00e1s de siete d\u00edas, lo que a menudo ... <a title=\"Ampliar la ventana de la visi\u00f3n: XTRA4 podr\u00eda transformar el trasplante de c\u00f3rnea\" class=\"read-more\" href=\"https:\/\/visionshare.org\/es\/xtra4-corneal-transplant-innovation\/\" aria-label=\"Leer m\u00e1s sobre Ampliar la ventana de la visi\u00f3n: XTRA4 podr\u00eda transformar el trasplante de c\u00f3rnea\">Leer m\u00e1s<\/a><\/p>\n<\/div>\n\n<div class=\"gb-loop-item gb-loop-item-77177ebf post-13194 post type-post status-publish format-standard has-post-thumbnail hentry category-corneal-transplant-innovation category-halo category-keranatural category-sterile-tissue generate-columns tablet-grid-50 mobile-grid-100 grid-parent grid-33\">\n<img loading=\"lazy\" decoding=\"async\" width=\"989\" height=\"742\" data-media-id=\"13199\" class=\"gb-media-4b2fa0be\" src=\"https:\/\/visionshare.org\/wp-content\/uploads\/tony-phil-corrina-pressrelease.jpg\" alt=\"KeraNatural y el tejido est\u00e9ril halo ya est\u00e1n disponibles a trav\u00e9s de Vision Share\" srcset=\"https:\/\/visionshare.org\/wp-content\/uploads\/tony-phil-corrina-pressrelease.jpg 989w, https:\/\/visionshare.org\/wp-content\/uploads\/tony-phil-corrina-pressrelease-300x225.jpg 300w, https:\/\/visionshare.org\/wp-content\/uploads\/tony-phil-corrina-pressrelease-768x576.jpg 768w\" sizes=\"auto, (max-width: 989px) 100vw, 989px\" \/>\n\n\n\n<h2 class=\"gb-text gb-text-8d643b7c\"><a href=\"https:\/\/visionshare.org\/es\/keranatural-and-halo-now-available-through-vision-share-empowering-surgeons-globally-with-innovative-corneal-treatment-options\/\">KeraNatural y el tejido est\u00e9ril halo ya est\u00e1n disponibles a trav\u00e9s de Vision Share<\/a><\/h2>\n\n\n\n<p class=\"gb-text gb-text-347b20ac\">16 de junio de 2025<\/p>\n\n\n\n<p class=\"gb-text\">Capacitando a los cirujanos de todo el mundo con opciones innovadoras de tratamiento de la c\u00f3rnea Nos enorgullece compartir una noticia emocionante: Vision Share es ahora distribuidor internacional exclusivo de KeraNatural\u00ae y halo\u00ae en Argelia, Costa Rica, Israel, Marruecos, Per\u00fa, Sud\u00e1frica y T\u00fanez. Adem\u00e1s, Vision Share tambi\u00e9n apoyar\u00e1 el acceso en Argentina, Canad\u00e1 y Suiza. Esta asociaci\u00f3n, anunciada en nuestro comunicado de prensa oficial, lleva dos opciones innovadoras de tratamiento de la c\u00f3rnea de VisionGift a m\u00e1s cirujanos y pacientes en todo el mundo, apoyando nuestra misi\u00f3n de apoyar la restauraci\u00f3n de la vista en todo el mundo. ... <a title=\"KeraNatural y el tejido est\u00e9ril halo ya est\u00e1n disponibles a trav\u00e9s de Vision Share\" class=\"read-more\" href=\"https:\/\/visionshare.org\/es\/keranatural-and-halo-now-available-through-vision-share-empowering-surgeons-globally-with-innovative-corneal-treatment-options\/\" aria-label=\"Leer m\u00e1s sobre KeraNatural y el tejido est\u00e9ril halo ya est\u00e1n disponibles a trav\u00e9s de Vision Share\">Leer m\u00e1s<\/a><\/p>\n<\/div>\n<\/div>\n\n\n<div class=\"gb-element-04057fbc gb-query-loop-pagination\">\n\n\n\n<\/div>\n<\/div>\n\n\n\n<p><\/p>","protected":false},"excerpt":{"rendered":"<p>Showcasing innovation in eye banking Across the field of eye banking, innovation is transforming how sight is restored and preserved. Vision Share is featuring industry &#8230; <a title=\"Art\u00edculos sobre innovaci\u00f3n en el trasplante de c\u00f3rnea\" class=\"read-more\" href=\"https:\/\/visionshare.org\/es\/innovation-corneal-transplantation-articles\/\" aria-label=\"Leer m\u00e1s sobre Innovation in Corneal Transplantation Articles\">Leer m\u00e1s<\/a><\/p>","protected":false},"author":1,"featured_media":12188,"parent":0,"menu_order":0,"comment_status":"closed","ping_status":"closed","template":"","meta":{"_acf_changed":false,"footnotes":""},"class_list":["post-13957","page","type-page","status-publish","has-post-thumbnail"],"acf":[],"yoast_head":"<!-- This site is optimized with the Yoast SEO plugin v27.6 - https:\/\/yoast.com\/product\/yoast-seo-wordpress\/ -->\n<title>Innovation in Corneal Transplantation Articles - Vision Share<\/title>\n<meta name=\"description\" content=\"View articles related to innovation in corneal transplantation here. If you have any questions about corneal transplantation contact us today.\" \/>\n<meta name=\"robots\" content=\"index, follow, max-snippet:-1, max-image-preview:large, max-video-preview:-1\" \/>\n<link rel=\"canonical\" href=\"https:\/\/visionshare.org\/es\/articulos-de-innovacion-sobre-trasplante-de-cornea\/\" \/>\n<meta property=\"og:locale\" content=\"es_ES\" \/>\n<meta property=\"og:type\" content=\"article\" \/>\n<meta property=\"og:title\" content=\"Innovation in Corneal Transplantation Articles - Vision Share\" \/>\n<meta property=\"og:description\" content=\"View articles related to innovation in corneal transplantation here. If you have any questions about corneal transplantation contact us today.\" \/>\n<meta property=\"og:url\" content=\"https:\/\/visionshare.org\/es\/articulos-de-innovacion-sobre-trasplante-de-cornea\/\" \/>\n<meta property=\"og:site_name\" content=\"Vision Share\" \/>\n<meta property=\"article:publisher\" content=\"https:\/\/www.facebook.com\/visionshareinc\" \/>\n<meta property=\"article:modified_time\" content=\"2025-10-21T00:03:59+00:00\" \/>\n<meta property=\"og:image\" content=\"https:\/\/visionshare.org\/wp-content\/uploads\/ring-forcep-close.jpg\" \/>\n\t<meta property=\"og:image:width\" content=\"2048\" \/>\n\t<meta property=\"og:image:height\" content=\"1365\" \/>\n\t<meta property=\"og:image:type\" content=\"image\/jpeg\" \/>\n<meta name=\"twitter:card\" content=\"summary_large_image\" \/>\n<meta name=\"twitter:site\" content=\"@Vision_Share\" \/>\n<meta name=\"twitter:label1\" content=\"Tiempo de lectura\" \/>\n\t<meta name=\"twitter:data1\" content=\"1 minuto\" \/>\n<script type=\"application\/ld+json\" class=\"yoast-schema-graph\">{\"@context\":\"https:\\\/\\\/schema.org\",\"@graph\":[{\"@type\":\"WebPage\",\"@id\":\"https:\\\/\\\/visionshare.org\\\/innovation-corneal-transplantation-articles\\\/\",\"url\":\"https:\\\/\\\/visionshare.org\\\/innovation-corneal-transplantation-articles\\\/\",\"name\":\"Innovation in Corneal Transplantation Articles - Vision Share\",\"isPartOf\":{\"@id\":\"https:\\\/\\\/visionshare.org\\\/#website\"},\"primaryImageOfPage\":{\"@id\":\"https:\\\/\\\/visionshare.org\\\/innovation-corneal-transplantation-articles\\\/#primaryimage\"},\"image\":{\"@id\":\"https:\\\/\\\/visionshare.org\\\/innovation-corneal-transplantation-articles\\\/#primaryimage\"},\"thumbnailUrl\":\"https:\\\/\\\/visionshare.org\\\/wp-content\\\/uploads\\\/ring-forcep-close.jpg\",\"datePublished\":\"2025-10-02T18:18:02+00:00\",\"dateModified\":\"2025-10-21T00:03:59+00:00\",\"description\":\"View articles related to innovation in corneal transplantation here. If you have any questions about corneal transplantation contact us today.\",\"breadcrumb\":{\"@id\":\"https:\\\/\\\/visionshare.org\\\/innovation-corneal-transplantation-articles\\\/#breadcrumb\"},\"inLanguage\":\"es\",\"potentialAction\":[{\"@type\":\"ReadAction\",\"target\":[\"https:\\\/\\\/visionshare.org\\\/innovation-corneal-transplantation-articles\\\/\"]}]},{\"@type\":\"ImageObject\",\"inLanguage\":\"es\",\"@id\":\"https:\\\/\\\/visionshare.org\\\/innovation-corneal-transplantation-articles\\\/#primaryimage\",\"url\":\"https:\\\/\\\/visionshare.org\\\/wp-content\\\/uploads\\\/ring-forcep-close.jpg\",\"contentUrl\":\"https:\\\/\\\/visionshare.org\\\/wp-content\\\/uploads\\\/ring-forcep-close.jpg\",\"width\":2048,\"height\":1365},{\"@type\":\"BreadcrumbList\",\"@id\":\"https:\\\/\\\/visionshare.org\\\/innovation-corneal-transplantation-articles\\\/#breadcrumb\",\"itemListElement\":[{\"@type\":\"ListItem\",\"position\":1,\"name\":\"Home\",\"item\":\"https:\\\/\\\/visionshare.org\\\/\"},{\"@type\":\"ListItem\",\"position\":2,\"name\":\"Innovation in Corneal Transplantation Articles\"}]},{\"@type\":\"WebSite\",\"@id\":\"https:\\\/\\\/visionshare.org\\\/#website\",\"url\":\"https:\\\/\\\/visionshare.org\\\/\",\"name\":\"Vision Share\",\"description\":\"Your Trusted Source\",\"publisher\":{\"@id\":\"https:\\\/\\\/visionshare.org\\\/#organization\"},\"potentialAction\":[{\"@type\":\"SearchAction\",\"target\":{\"@type\":\"EntryPoint\",\"urlTemplate\":\"https:\\\/\\\/visionshare.org\\\/?s={search_term_string}\"},\"query-input\":{\"@type\":\"PropertyValueSpecification\",\"valueRequired\":true,\"valueName\":\"search_term_string\"}}],\"inLanguage\":\"es\"},{\"@type\":\"Organization\",\"@id\":\"https:\\\/\\\/visionshare.org\\\/#organization\",\"name\":\"Vision Share\",\"url\":\"https:\\\/\\\/visionshare.org\\\/\",\"logo\":{\"@type\":\"ImageObject\",\"inLanguage\":\"es\",\"@id\":\"https:\\\/\\\/visionshare.org\\\/#\\\/schema\\\/logo\\\/image\\\/\",\"url\":\"https:\\\/\\\/visionshare.org\\\/wp-content\\\/uploads\\\/cropped-cropped-cropped-VS_Your-trusted-source-logo-01-PNG.png\",\"contentUrl\":\"https:\\\/\\\/visionshare.org\\\/wp-content\\\/uploads\\\/cropped-cropped-cropped-VS_Your-trusted-source-logo-01-PNG.png\",\"width\":1655,\"height\":861,\"caption\":\"Vision Share\"},\"image\":{\"@id\":\"https:\\\/\\\/visionshare.org\\\/#\\\/schema\\\/logo\\\/image\\\/\"},\"sameAs\":[\"https:\\\/\\\/www.facebook.com\\\/visionshareinc\",\"https:\\\/\\\/x.com\\\/Vision_Share\",\"https:\\\/\\\/www.linkedin.com\\\/company\\\/visionsshare\\\/\"]}]}<\/script>\n<!-- \/ Yoast SEO plugin. -->","yoast_head_json":{"title":"Art\u00edculos sobre innovaci\u00f3n en trasplantes de c\u00f3rnea - Vision Share","description":"Vea aqu\u00ed art\u00edculos relacionados con la innovaci\u00f3n en el trasplante de c\u00f3rnea. Si tiene alguna pregunta sobre el trasplante de c\u00f3rnea, p\u00f3ngase en contacto con nosotros hoy mismo.","robots":{"index":"index","follow":"follow","max-snippet":"max-snippet:-1","max-image-preview":"max-image-preview:large","max-video-preview":"max-video-preview:-1"},"canonical":"https:\/\/visionshare.org\/es\/articulos-de-innovacion-sobre-trasplante-de-cornea\/","og_locale":"es_ES","og_type":"article","og_title":"Innovation in Corneal Transplantation Articles - Vision Share","og_description":"View articles related to innovation in corneal transplantation here. If you have any questions about corneal transplantation contact us today.","og_url":"https:\/\/visionshare.org\/es\/articulos-de-innovacion-sobre-trasplante-de-cornea\/","og_site_name":"Vision Share","article_publisher":"https:\/\/www.facebook.com\/visionshareinc","article_modified_time":"2025-10-21T00:03:59+00:00","og_image":[{"width":2048,"height":1365,"url":"https:\/\/visionshare.org\/wp-content\/uploads\/ring-forcep-close.jpg","type":"image\/jpeg"}],"twitter_card":"summary_large_image","twitter_site":"@Vision_Share","twitter_misc":{"Tiempo de lectura":"1 minuto"},"schema":{"@context":"https:\/\/schema.org","@graph":[{"@type":"WebPage","@id":"https:\/\/visionshare.org\/innovation-corneal-transplantation-articles\/","url":"https:\/\/visionshare.org\/innovation-corneal-transplantation-articles\/","name":"Art\u00edculos sobre innovaci\u00f3n en trasplantes de c\u00f3rnea - Vision Share","isPartOf":{"@id":"https:\/\/visionshare.org\/#website"},"primaryImageOfPage":{"@id":"https:\/\/visionshare.org\/innovation-corneal-transplantation-articles\/#primaryimage"},"image":{"@id":"https:\/\/visionshare.org\/innovation-corneal-transplantation-articles\/#primaryimage"},"thumbnailUrl":"https:\/\/visionshare.org\/wp-content\/uploads\/ring-forcep-close.jpg","datePublished":"2025-10-02T18:18:02+00:00","dateModified":"2025-10-21T00:03:59+00:00","description":"Vea aqu\u00ed art\u00edculos relacionados con la innovaci\u00f3n en el trasplante de c\u00f3rnea. Si tiene alguna pregunta sobre el trasplante de c\u00f3rnea, p\u00f3ngase en contacto con nosotros hoy mismo.","breadcrumb":{"@id":"https:\/\/visionshare.org\/innovation-corneal-transplantation-articles\/#breadcrumb"},"inLanguage":"es","potentialAction":[{"@type":"ReadAction","target":["https:\/\/visionshare.org\/innovation-corneal-transplantation-articles\/"]}]},{"@type":"ImageObject","inLanguage":"es","@id":"https:\/\/visionshare.org\/innovation-corneal-transplantation-articles\/#primaryimage","url":"https:\/\/visionshare.org\/wp-content\/uploads\/ring-forcep-close.jpg","contentUrl":"https:\/\/visionshare.org\/wp-content\/uploads\/ring-forcep-close.jpg","width":2048,"height":1365},{"@type":"BreadcrumbList","@id":"https:\/\/visionshare.org\/innovation-corneal-transplantation-articles\/#breadcrumb","itemListElement":[{"@type":"ListItem","position":1,"name":"Home","item":"https:\/\/visionshare.org\/"},{"@type":"ListItem","position":2,"name":"Innovation in Corneal Transplantation Articles"}]},{"@type":"WebSite","@id":"https:\/\/visionshare.org\/#website","url":"https:\/\/visionshare.org\/","name":"Compartir visi\u00f3n","description":"Su fuente de confianza","publisher":{"@id":"https:\/\/visionshare.org\/#organization"},"potentialAction":[{"@type":"SearchAction","target":{"@type":"EntryPoint","urlTemplate":"https:\/\/visionshare.org\/?s={search_term_string}"},"query-input":{"@type":"PropertyValueSpecification","valueRequired":true,"valueName":"search_term_string"}}],"inLanguage":"es"},{"@type":"Organization","@id":"https:\/\/visionshare.org\/#organization","name":"Compartir visi\u00f3n","url":"https:\/\/visionshare.org\/","logo":{"@type":"ImageObject","inLanguage":"es","@id":"https:\/\/visionshare.org\/#\/schema\/logo\/image\/","url":"https:\/\/visionshare.org\/wp-content\/uploads\/cropped-cropped-cropped-VS_Your-trusted-source-logo-01-PNG.png","contentUrl":"https:\/\/visionshare.org\/wp-content\/uploads\/cropped-cropped-cropped-VS_Your-trusted-source-logo-01-PNG.png","width":1655,"height":861,"caption":"Vision Share"},"image":{"@id":"https:\/\/visionshare.org\/#\/schema\/logo\/image\/"},"sameAs":["https:\/\/www.facebook.com\/visionshareinc","https:\/\/x.com\/Vision_Share","https:\/\/www.linkedin.com\/company\/visionsshare\/"]}]}},"_links":{"self":[{"href":"https:\/\/visionshare.org\/es\/wp-json\/wp\/v2\/pages\/13957","targetHints":{"allow":["GET"]}}],"collection":[{"href":"https:\/\/visionshare.org\/es\/wp-json\/wp\/v2\/pages"}],"about":[{"href":"https:\/\/visionshare.org\/es\/wp-json\/wp\/v2\/types\/page"}],"author":[{"embeddable":true,"href":"https:\/\/visionshare.org\/es\/wp-json\/wp\/v2\/users\/1"}],"replies":[{"embeddable":true,"href":"https:\/\/visionshare.org\/es\/wp-json\/wp\/v2\/comments?post=13957"}],"version-history":[{"count":26,"href":"https:\/\/visionshare.org\/es\/wp-json\/wp\/v2\/pages\/13957\/revisions"}],"predecessor-version":[{"id":14081,"href":"https:\/\/visionshare.org\/es\/wp-json\/wp\/v2\/pages\/13957\/revisions\/14081"}],"wp:featuredmedia":[{"embeddable":true,"href":"https:\/\/visionshare.org\/es\/wp-json\/wp\/v2\/media\/12188"}],"wp:attachment":[{"href":"https:\/\/visionshare.org\/es\/wp-json\/wp\/v2\/media?parent=13957"}],"curies":[{"name":"wp","href":"https:\/\/api.w.org\/{rel}","templated":true}]}}