{"id":1490,"date":"2017-07-12T10:08:59","date_gmt":"2017-07-12T17:08:59","guid":{"rendered":"https:\/\/visionshare.org\/?page_id=1490"},"modified":"2025-11-11T17:43:04","modified_gmt":"2025-11-11T23:43:04","slug":"solicitar-tejido","status":"publish","type":"page","link":"https:\/\/visionshare.org\/es\/request-tissue\/","title":{"rendered":"Solicitar tejido ocular"},"content":{"rendered":"<div class=\"gb-container gb-container-989dc778 gbp-section\">\n<div class=\"gb-container gb-container-7689f7c9\">\n<div class=\"gb-grid-wrapper gb-grid-wrapper-8052e075\">\n<div class=\"gb-grid-column gb-grid-column-f79830a8\"><div class=\"gb-container gb-container-f79830a8\">\n<div class=\"gb-container gb-container-a0046f1f\">\n\n<figure class=\"gb-block-image gb-block-image-d95091c0\"><a href=\"https:\/\/vsdc.visionshare.org\/\"><img loading=\"lazy\" decoding=\"async\" width=\"1080\" height=\"1080\" class=\"gb-image gb-image-d95091c0\" src=\"https:\/\/visionshare.org\/wp-content\/uploads\/1-1.jpg\" alt=\"Imagen de procesamiento de tejido ocular\" srcset=\"https:\/\/visionshare.org\/wp-content\/uploads\/1-1.jpg 1080w, https:\/\/visionshare.org\/wp-content\/uploads\/1-1-300x300.jpg 300w, https:\/\/visionshare.org\/wp-content\/uploads\/1-1-1024x1024.jpg 1024w, https:\/\/visionshare.org\/wp-content\/uploads\/1-1-150x150.jpg 150w, https:\/\/visionshare.org\/wp-content\/uploads\/1-1-768x768.jpg 768w, https:\/\/visionshare.org\/wp-content\/uploads\/1-1-500x500.jpg 500w, https:\/\/visionshare.org\/wp-content\/uploads\/1-1-700x700.jpg 700w, https:\/\/visionshare.org\/wp-content\/uploads\/1-1-100x100.jpg 100w\" sizes=\"auto, (max-width: 1080px) 100vw, 1080px\" \/><\/a><\/figure>\n\n\n\n<h3 class=\"gb-headline gb-headline-a656f9cc gb-headline-text gbp-section__headline\">Miembros, clientes y usuarios actuales de Vision Share<\/h3>\n\n\n\n<p class=\"has-text-align-left\">Si ya es miembro del Vision Share Eye Bank, cliente o usuario recurrente, utilice el siguiente enlace para solicitar tejido ocular. Gracias por confiarnos sus necesidades de distribuci\u00f3n de tejido ocular. <\/p>\n\n<\/div>\n\n<div class=\"gb-container gb-container-935333d4\">\n\n<a class=\"gb-button gb-button-52b3e3a1 gb-button-text gbp-button--primary\" href=\"https:\/\/vsdc.visionshare.org\/\" target=\"_blank\" rel=\"noopener noreferrer\">Usuarios existentes - Solicitar tejido aqu\u00ed<\/a>\n\n<\/div>\n<\/div><\/div>\n\n<div class=\"gb-grid-column gb-grid-column-de9bdae2\"><div class=\"gb-container gb-container-de9bdae2\">\n<div class=\"gb-container gb-container-919ce250\">\n\n<figure class=\"gb-block-image gb-block-image-a2567325\"><img loading=\"lazy\" decoding=\"async\" width=\"1080\" height=\"1080\" class=\"gb-image gb-image-a2567325\" src=\"https:\/\/visionshare.org\/wp-content\/uploads\/2-1.jpg\" alt=\"Imagen de un cirujano examinando a un paciente\" srcset=\"https:\/\/visionshare.org\/wp-content\/uploads\/2-1.jpg 1080w, https:\/\/visionshare.org\/wp-content\/uploads\/2-1-300x300.jpg 300w, https:\/\/visionshare.org\/wp-content\/uploads\/2-1-1024x1024.jpg 1024w, https:\/\/visionshare.org\/wp-content\/uploads\/2-1-150x150.jpg 150w, https:\/\/visionshare.org\/wp-content\/uploads\/2-1-768x768.jpg 768w\" sizes=\"auto, (max-width: 1080px) 100vw, 1080px\" \/><\/figure>\n\n\n\n<h3 class=\"gb-headline gb-headline-c81f56d6 gb-headline-text gbp-section__headline\">Nuevos cirujanos y bancos de ojos <\/h3>\n\n\n\n<p class=\"has-text-align-left\">\u00bfNo eres usuario? No hay problema. Si es un nuevo cirujano o banco de ojos, nos encantar\u00eda ponernos en contacto con usted para conocer mejor sus necesidades. Utilice los enlaces siguientes para ponerse en contacto con Vision Share. Esperamos hablar con usted pronto.<\/p>\n\n<\/div>\n\n<div class=\"gb-container gb-container-046f2e8f\">\n\n<a class=\"gb-button gb-button-df7cc96e gb-button-text gbp-button--primary\" href=\"https:\/\/visionshare.org\/es\/formulario-de-contacto-para-nuevos-cirujanos\/\" target=\"_blank\" rel=\"noopener noreferrer\">Nuevos cirujanos - P\u00f3ngase en contacto con nosotros aqu\u00ed<\/a>\n\n\n\n<a class=\"gb-button gb-button-806280a3 gb-button-text gbp-button--primary\" href=\"https:\/\/visionshare.org\/es\/nuevo-formulario-de-contacto-del-banco-de-ojos\/\" target=\"_blank\" rel=\"noopener noreferrer\">Nuevos bancos de ojos - P\u00f3ngase en contacto con nosotros<\/a>\n\n<\/div>\n<\/div><\/div>\n\n<div class=\"gb-grid-column gb-grid-column-cdbdb335\"><div class=\"gb-container gb-container-cdbdb335\">\n<div class=\"gb-container gb-container-836ef062\">\n\n<figure class=\"gb-block-image gb-block-image-4d299c0c\"><a href=\"https:\/\/visionshare.org\/es\/suministro-de-tejido-ocular-para-investigacion\/\"><img loading=\"lazy\" decoding=\"async\" width=\"1200\" height=\"1200\" class=\"gb-image gb-image-4d299c0c\" src=\"https:\/\/visionshare.org\/wp-content\/uploads\/vs-researchimage.jpg\" alt=\"Imagen de investigaci\u00f3n de Vision Share con Tony\" srcset=\"https:\/\/visionshare.org\/wp-content\/uploads\/vs-researchimage.jpg 1200w, https:\/\/visionshare.org\/wp-content\/uploads\/vs-researchimage-300x300.jpg 300w, https:\/\/visionshare.org\/wp-content\/uploads\/vs-researchimage-1024x1024.jpg 1024w, https:\/\/visionshare.org\/wp-content\/uploads\/vs-researchimage-150x150.jpg 150w, https:\/\/visionshare.org\/wp-content\/uploads\/vs-researchimage-768x768.jpg 768w, https:\/\/visionshare.org\/wp-content\/uploads\/vs-researchimage-500x500.jpg 500w, https:\/\/visionshare.org\/wp-content\/uploads\/vs-researchimage-700x700.jpg 700w, https:\/\/visionshare.org\/wp-content\/uploads\/vs-researchimage-100x100.jpg 100w\" sizes=\"auto, (max-width: 1200px) 100vw, 1200px\" \/><\/a><\/figure>\n\n\n\n<h3 class=\"gb-headline gb-headline-7da2a2d5 gb-headline-text gbp-section__headline\">Investigadores nuevos en Vision Share<\/h3>\n\n\n\n<p>Si se dedica a la investigaci\u00f3n, utilice los enlaces siguientes para ponerse en contacto con nosotros sobre sus necesidades de investigaci\u00f3n. Gracias por considerar Vision Share para sus necesidades de investigaci\u00f3n.<\/p>\n\n<\/div>\n\n<div class=\"gb-container gb-container-924519f1\">\n\n<a class=\"gb-button gb-button-b4e024fc gb-button-text gbp-button--primary\" href=\"\/es\/suministro-de-tejido-ocular-para-investigacion\/#researchteam\" target=\"_blank\" rel=\"noopener noreferrer\">Investigadores - P\u00f3ngase en contacto con nosotros<\/a>\n\n\n\n<a class=\"gb-button gb-button-04ff14c1 gb-button-text gbp-button--primary\" href=\"https:\/\/visionshare.org\/es\/suministro-de-tejido-ocular-para-investigacion\/\" target=\"_blank\" rel=\"noopener noreferrer\"> Suministro de tejido ocular para investigaci\u00f3n - M\u00e1s informaci\u00f3n<\/a>\n\n<\/div>\n<\/div><\/div>\n<\/div>\n<\/div>\n\n<div class=\"gb-container gb-container-556e0f8a\"><\/div>\n\n\n<div class=\"gb-element-b294ba92\">\n<div class=\"wp-block-columns has-base-4-background-color has-background is-layout-flex wp-container-core-columns-is-layout-9d6595d7 wp-block-columns-is-layout-flex\">\n<div class=\"wp-block-column is-layout-flow wp-block-column-is-layout-flow\" style=\"flex-basis:100%\">\n<h2 class=\"wp-block-heading has-text-align-center has-accent-color has-text-color has-link-color wp-elements-93dd5ae1a3b5b4346750f9d9a23c2816\">\u00bfQu\u00e9 dicen nuestros cirujanos?<\/h2>\n\n\n\n<div class=\"gb-element-922f16eb\">\n<div class=\"gb-element-122c4ffa\">\n<p class=\"gb-text\">Vision Share consigue combinar amabilidad, compromiso, m\u00e1xima calidad, accesibilidad, eficacia, orientaci\u00f3n al cliente y fiabilidad. Siempre es un placer ponerse en contacto con Vision Share, y siempre es tranquilizador saber que esta organizaci\u00f3n est\u00e1 ah\u00ed para usted: si un problema tiene soluci\u00f3n, Vision Share lo resolver\u00e1.<\/p>\n\n\n\n<div>\n<img loading=\"lazy\" decoding=\"async\" width=\"200\" height=\"200\" class=\"gb-media-ea33d3f5\" src=\"https:\/\/visionshare.org\/wp-content\/uploads\/drkandtony.jpg\" title=\"drkandtony\" alt=\"\" srcset=\"https:\/\/visionshare.org\/wp-content\/uploads\/drkandtony.jpg 200w, https:\/\/visionshare.org\/wp-content\/uploads\/drkandtony-150x150.jpg 150w, https:\/\/visionshare.org\/wp-content\/uploads\/drkandtony-12x12.jpg 12w\" sizes=\"auto, (max-width: 200px) 100vw, 200px\" \/>\n\n\n\n<div>\n<div class=\"gb-text gb-text-85a4ea16\">Prof. Claude Kaufmann<\/div>\n\n\n\n<div class=\"gb-text\">Hospital Cantonal de Lucerna<\/div>\n\n\n\n<div class=\"gb-text\">Lucerna, Suiza<\/div>\n<\/div>\n<\/div>\n<\/div>\n<\/div>\n<\/div>\n<\/div>\n<\/div>\n\n\n<div class=\"gb-container gb-container-f15e542d gbp-section__inner\">\n<div class=\"gb-container gb-container-527b3663\">\n<div class=\"gb-container gb-container-fb78dc06\">\n\n<h2 class=\"gb-headline gb-headline-dcdd36f8 gb-headline-text gbp-section__headline\"><strong>El Centro de Distribuci\u00f3n de Vision Share est\u00e1 de guardia 24 horas al d\u00eda, 7 d\u00edas a la semana, todos los d\u00edas del a\u00f1o.<\/strong><\/h2>\n\n<\/div>\n\n\n<div class=\"gb-headline gb-headline-bc15c0b4 gb-headline-text gbp-section__text\">Nuestro equipo coordina la distribuci\u00f3n de tejido ocular en Estados Unidos y en todo el mundo. Supervisamos continuamente los resultados del procesamiento y los detalles del env\u00edo para garantizar la precisi\u00f3n y la eficacia. Los coordinadores de distribuci\u00f3n altamente capacitados de Vision Share se comprometen a brindarle un servicio personalizado de calidad. Gracias por confiarnos sus necesidades de tejido ocular. <\/div>\n\n\n\n<p><strong>Centro de distribuci\u00f3n Vision Share<\/strong><br>Tel\u00e9fono:&nbsp;<a href=\"tel:+18886574448\">1-888-657-4448<\/a><br>Correo electr\u00f3nico:&nbsp;&nbsp;<a href=\"mailto:dc@visionshare.org\">dc@visionshare.org<\/a><\/p>\n\n<\/div>\n<\/div>\n<\/div>","protected":false},"excerpt":{"rendered":"<p>What our surgeons are saying? Vision Share manages to combine friendliness, commitment, the highest quality, accessibility, efficiency, customer focus, and reliability. It is always a &#8230; <a title=\"Solicitar tejido ocular\" class=\"read-more\" href=\"https:\/\/visionshare.org\/es\/request-tissue\/\" aria-label=\"Leer m\u00e1s sobre Request Ocular Tissue\">Leer m\u00e1s<\/a><\/p>","protected":false},"author":1,"featured_media":10032,"parent":0,"menu_order":0,"comment_status":"closed","ping_status":"closed","template":"","meta":{"_acf_changed":false,"footnotes":""},"class_list":["post-1490","page","type-page","status-publish","has-post-thumbnail"],"acf":[],"yoast_head":"<!-- This site is optimized with the Yoast SEO plugin v27.4 - https:\/\/yoast.com\/product\/yoast-seo-wordpress\/ -->\n<title>Request Ocular Tissue - Vision Share<\/title>\n<meta name=\"description\" content=\"Request ocular tissue with confidence \u2014 fast, reliable, and quality-assured for surgery or research. Get in touch with our team today.\" \/>\n<meta name=\"robots\" content=\"index, follow, max-snippet:-1, max-image-preview:large, max-video-preview:-1\" \/>\n<link rel=\"canonical\" href=\"https:\/\/visionshare.org\/es\/solicitar-tejido\/\" \/>\n<meta property=\"og:locale\" content=\"es_ES\" \/>\n<meta property=\"og:type\" content=\"article\" \/>\n<meta property=\"og:title\" content=\"Request Ocular Tissue - Vision Share\" \/>\n<meta property=\"og:description\" content=\"Request ocular tissue with confidence \u2014 fast, reliable, and quality-assured for surgery or research. Get in touch with our team today.\" \/>\n<meta property=\"og:url\" content=\"https:\/\/visionshare.org\/es\/solicitar-tejido\/\" \/>\n<meta property=\"og:site_name\" content=\"Vision Share\" \/>\n<meta property=\"article:publisher\" content=\"https:\/\/www.facebook.com\/visionshareinc\" \/>\n<meta property=\"article:modified_time\" content=\"2025-11-11T23:43:04+00:00\" \/>\n<meta property=\"og:image\" content=\"https:\/\/visionshare.org\/wp-content\/uploads\/requesttissuepageheader.jpg\" \/>\n\t<meta property=\"og:image:width\" content=\"2160\" \/>\n\t<meta property=\"og:image:height\" content=\"850\" \/>\n\t<meta property=\"og:image:type\" content=\"image\/jpeg\" \/>\n<meta name=\"twitter:card\" content=\"summary_large_image\" \/>\n<meta name=\"twitter:site\" content=\"@Vision_Share\" \/>\n<meta name=\"twitter:label1\" content=\"Tiempo de lectura\" \/>\n\t<meta name=\"twitter:data1\" content=\"3 minutos\" \/>\n<script type=\"application\/ld+json\" class=\"yoast-schema-graph\">{\"@context\":\"https:\\\/\\\/schema.org\",\"@graph\":[{\"@type\":\"WebPage\",\"@id\":\"https:\\\/\\\/visionshare.org\\\/request-tissue\\\/\",\"url\":\"https:\\\/\\\/visionshare.org\\\/request-tissue\\\/\",\"name\":\"Request Ocular Tissue - Vision Share\",\"isPartOf\":{\"@id\":\"https:\\\/\\\/visionshare.org\\\/#website\"},\"primaryImageOfPage\":{\"@id\":\"https:\\\/\\\/visionshare.org\\\/request-tissue\\\/#primaryimage\"},\"image\":{\"@id\":\"https:\\\/\\\/visionshare.org\\\/request-tissue\\\/#primaryimage\"},\"thumbnailUrl\":\"https:\\\/\\\/visionshare.org\\\/wp-content\\\/uploads\\\/requesttissuepageheader.jpg\",\"datePublished\":\"2017-07-12T17:08:59+00:00\",\"dateModified\":\"2025-11-11T23:43:04+00:00\",\"description\":\"Request ocular tissue with confidence \u2014 fast, reliable, and quality-assured for surgery or research. Get in touch with our team today.\",\"breadcrumb\":{\"@id\":\"https:\\\/\\\/visionshare.org\\\/request-tissue\\\/#breadcrumb\"},\"inLanguage\":\"es\",\"potentialAction\":[{\"@type\":\"ReadAction\",\"target\":[\"https:\\\/\\\/visionshare.org\\\/request-tissue\\\/\"]}]},{\"@type\":\"ImageObject\",\"inLanguage\":\"es\",\"@id\":\"https:\\\/\\\/visionshare.org\\\/request-tissue\\\/#primaryimage\",\"url\":\"https:\\\/\\\/visionshare.org\\\/wp-content\\\/uploads\\\/requesttissuepageheader.jpg\",\"contentUrl\":\"https:\\\/\\\/visionshare.org\\\/wp-content\\\/uploads\\\/requesttissuepageheader.jpg\",\"width\":2160,\"height\":850,\"caption\":\"request-tissue-pageheader\"},{\"@type\":\"BreadcrumbList\",\"@id\":\"https:\\\/\\\/visionshare.org\\\/request-tissue\\\/#breadcrumb\",\"itemListElement\":[{\"@type\":\"ListItem\",\"position\":1,\"name\":\"Home\",\"item\":\"https:\\\/\\\/visionshare.org\\\/\"},{\"@type\":\"ListItem\",\"position\":2,\"name\":\"Request Ocular Tissue\"}]},{\"@type\":\"WebSite\",\"@id\":\"https:\\\/\\\/visionshare.org\\\/#website\",\"url\":\"https:\\\/\\\/visionshare.org\\\/\",\"name\":\"Vision Share\",\"description\":\"Your Trusted Source\",\"publisher\":{\"@id\":\"https:\\\/\\\/visionshare.org\\\/#organization\"},\"potentialAction\":[{\"@type\":\"SearchAction\",\"target\":{\"@type\":\"EntryPoint\",\"urlTemplate\":\"https:\\\/\\\/visionshare.org\\\/?s={search_term_string}\"},\"query-input\":{\"@type\":\"PropertyValueSpecification\",\"valueRequired\":true,\"valueName\":\"search_term_string\"}}],\"inLanguage\":\"es\"},{\"@type\":\"Organization\",\"@id\":\"https:\\\/\\\/visionshare.org\\\/#organization\",\"name\":\"Vision Share\",\"url\":\"https:\\\/\\\/visionshare.org\\\/\",\"logo\":{\"@type\":\"ImageObject\",\"inLanguage\":\"es\",\"@id\":\"https:\\\/\\\/visionshare.org\\\/#\\\/schema\\\/logo\\\/image\\\/\",\"url\":\"https:\\\/\\\/visionshare.org\\\/wp-content\\\/uploads\\\/cropped-cropped-cropped-VS_Your-trusted-source-logo-01-PNG.png\",\"contentUrl\":\"https:\\\/\\\/visionshare.org\\\/wp-content\\\/uploads\\\/cropped-cropped-cropped-VS_Your-trusted-source-logo-01-PNG.png\",\"width\":1655,\"height\":861,\"caption\":\"Vision Share\"},\"image\":{\"@id\":\"https:\\\/\\\/visionshare.org\\\/#\\\/schema\\\/logo\\\/image\\\/\"},\"sameAs\":[\"https:\\\/\\\/www.facebook.com\\\/visionshareinc\",\"https:\\\/\\\/x.com\\\/Vision_Share\",\"https:\\\/\\\/www.linkedin.com\\\/company\\\/visionsshare\\\/\"]}]}<\/script>\n<!-- \/ Yoast SEO plugin. -->","yoast_head_json":{"title":"Solicitar tejido ocular - Vision Share","description":"Solicita tejido ocular con confianza: r\u00e1pido, confiable y con garant\u00eda de calidad para cirug\u00eda o investigaci\u00f3n. Ponte en contacto con nuestro equipo hoy mismo.","robots":{"index":"index","follow":"follow","max-snippet":"max-snippet:-1","max-image-preview":"max-image-preview:large","max-video-preview":"max-video-preview:-1"},"canonical":"https:\/\/visionshare.org\/es\/solicitar-tejido\/","og_locale":"es_ES","og_type":"article","og_title":"Request Ocular Tissue - Vision Share","og_description":"Request ocular tissue with confidence \u2014 fast, reliable, and quality-assured for surgery or research. Get in touch with our team today.","og_url":"https:\/\/visionshare.org\/es\/solicitar-tejido\/","og_site_name":"Vision Share","article_publisher":"https:\/\/www.facebook.com\/visionshareinc","article_modified_time":"2025-11-11T23:43:04+00:00","og_image":[{"width":2160,"height":850,"url":"https:\/\/visionshare.org\/wp-content\/uploads\/requesttissuepageheader.jpg","type":"image\/jpeg"}],"twitter_card":"summary_large_image","twitter_site":"@Vision_Share","twitter_misc":{"Tiempo de lectura":"3 minutos"},"schema":{"@context":"https:\/\/schema.org","@graph":[{"@type":"WebPage","@id":"https:\/\/visionshare.org\/request-tissue\/","url":"https:\/\/visionshare.org\/request-tissue\/","name":"Solicitar tejido ocular - Vision Share","isPartOf":{"@id":"https:\/\/visionshare.org\/#website"},"primaryImageOfPage":{"@id":"https:\/\/visionshare.org\/request-tissue\/#primaryimage"},"image":{"@id":"https:\/\/visionshare.org\/request-tissue\/#primaryimage"},"thumbnailUrl":"https:\/\/visionshare.org\/wp-content\/uploads\/requesttissuepageheader.jpg","datePublished":"2017-07-12T17:08:59+00:00","dateModified":"2025-11-11T23:43:04+00:00","description":"Solicita tejido ocular con confianza: r\u00e1pido, confiable y con garant\u00eda de calidad para cirug\u00eda o investigaci\u00f3n. Ponte en contacto con nuestro equipo hoy mismo.","breadcrumb":{"@id":"https:\/\/visionshare.org\/request-tissue\/#breadcrumb"},"inLanguage":"es","potentialAction":[{"@type":"ReadAction","target":["https:\/\/visionshare.org\/request-tissue\/"]}]},{"@type":"ImageObject","inLanguage":"es","@id":"https:\/\/visionshare.org\/request-tissue\/#primaryimage","url":"https:\/\/visionshare.org\/wp-content\/uploads\/requesttissuepageheader.jpg","contentUrl":"https:\/\/visionshare.org\/wp-content\/uploads\/requesttissuepageheader.jpg","width":2160,"height":850,"caption":"request-tissue-pageheader"},{"@type":"BreadcrumbList","@id":"https:\/\/visionshare.org\/request-tissue\/#breadcrumb","itemListElement":[{"@type":"ListItem","position":1,"name":"Home","item":"https:\/\/visionshare.org\/"},{"@type":"ListItem","position":2,"name":"Request Ocular Tissue"}]},{"@type":"WebSite","@id":"https:\/\/visionshare.org\/#website","url":"https:\/\/visionshare.org\/","name":"Compartir visi\u00f3n","description":"Su fuente de confianza","publisher":{"@id":"https:\/\/visionshare.org\/#organization"},"potentialAction":[{"@type":"SearchAction","target":{"@type":"EntryPoint","urlTemplate":"https:\/\/visionshare.org\/?s={search_term_string}"},"query-input":{"@type":"PropertyValueSpecification","valueRequired":true,"valueName":"search_term_string"}}],"inLanguage":"es"},{"@type":"Organization","@id":"https:\/\/visionshare.org\/#organization","name":"Compartir visi\u00f3n","url":"https:\/\/visionshare.org\/","logo":{"@type":"ImageObject","inLanguage":"es","@id":"https:\/\/visionshare.org\/#\/schema\/logo\/image\/","url":"https:\/\/visionshare.org\/wp-content\/uploads\/cropped-cropped-cropped-VS_Your-trusted-source-logo-01-PNG.png","contentUrl":"https:\/\/visionshare.org\/wp-content\/uploads\/cropped-cropped-cropped-VS_Your-trusted-source-logo-01-PNG.png","width":1655,"height":861,"caption":"Vision Share"},"image":{"@id":"https:\/\/visionshare.org\/#\/schema\/logo\/image\/"},"sameAs":["https:\/\/www.facebook.com\/visionshareinc","https:\/\/x.com\/Vision_Share","https:\/\/www.linkedin.com\/company\/visionsshare\/"]}]}},"_links":{"self":[{"href":"https:\/\/visionshare.org\/es\/wp-json\/wp\/v2\/pages\/1490","targetHints":{"allow":["GET"]}}],"collection":[{"href":"https:\/\/visionshare.org\/es\/wp-json\/wp\/v2\/pages"}],"about":[{"href":"https:\/\/visionshare.org\/es\/wp-json\/wp\/v2\/types\/page"}],"author":[{"embeddable":true,"href":"https:\/\/visionshare.org\/es\/wp-json\/wp\/v2\/users\/1"}],"replies":[{"embeddable":true,"href":"https:\/\/visionshare.org\/es\/wp-json\/wp\/v2\/comments?post=1490"}],"version-history":[{"count":303,"href":"https:\/\/visionshare.org\/es\/wp-json\/wp\/v2\/pages\/1490\/revisions"}],"predecessor-version":[{"id":14275,"href":"https:\/\/visionshare.org\/es\/wp-json\/wp\/v2\/pages\/1490\/revisions\/14275"}],"wp:featuredmedia":[{"embeddable":true,"href":"https:\/\/visionshare.org\/es\/wp-json\/wp\/v2\/media\/10032"}],"wp:attachment":[{"href":"https:\/\/visionshare.org\/es\/wp-json\/wp\/v2\/media?parent=1490"}],"curies":[{"name":"wp","href":"https:\/\/api.w.org\/{rel}","templated":true}]}}