{"id":2794,"date":"2017-07-21T10:22:47","date_gmt":"2017-07-21T17:22:47","guid":{"rendered":"https:\/\/visionshare.org\/?page_id=2794"},"modified":"2026-04-21T08:52:58","modified_gmt":"2026-04-21T13:52:58","slug":"personas-clave","status":"publish","type":"page","link":"https:\/\/visionshare.org\/es\/about\/key-people\/","title":{"rendered":"El equipo de Vision Share"},"content":{"rendered":"<div class=\"gb-container gb-container-6ba29ab8 alignfull\">\n<div class=\"gb-container gb-container-26a9d2ca alignfull gbp-section\">\n<div class=\"gb-container gb-container-0b400e35 alignfull gbp-section__inner\">\n<div class=\"gb-container gb-container-783e2cc9 alignfull\">\n\n<h1 class=\"gb-headline gb-headline-29f9b541 gb-headline-text gbp-section__headline\">Conoce qui\u00e9nes somos<\/h1>\n\n\n\n<p><\/p>\n\n\n\n<p><\/p>\n\n<\/div>\n<\/div>\n<\/div>\n<div class=\"gb-shapes\"><div class=\"gb-shape gb-shape-1\"><svg xmlns=\"http:\/\/www.w3.org\/2000\/svg\" viewbox=\"0 0 1200 194.3\" preserveaspectratio=\"none\"><path d=\"M1200 133.3l-50 8.9c-50 8.6-150 26.9-250 31.1-100 4.2-200-4.2-300-26.7S400 89.2 300 62.2C200 35.8 100 17.5 50 8.9L0 0v194.3h1200v-61z\"\/><\/svg><\/div><\/div><\/div>\n\n<div class=\"gb-container gb-container-b9dae4f7\">\n<div class=\"gb-container gb-container-3c1719a8 gbp-section__inner\">\n<div class=\"gb-container gb-container-4d641187\">\n\n<h2 class=\"gb-headline gb-headline-5382eb99 gb-headline-text gbp-section__headline\">Gracias por su inter\u00e9s en Vision Share. <\/h2>\n\n\n\n<p class=\"has-text-align-center\">No es frecuente que hablemos de nosotros mismos. He aqu\u00ed una peque\u00f1a presentaci\u00f3n de nuestro equipo. Rompamos el hielo. <\/p>\n\n\n<div class=\"gb-container gb-container-c567bc29\">\n\n<div class=\"wp-block-media-text is-stacked-on-mobile\" style=\"grid-template-columns:33% auto\"><figure class=\"wp-block-media-text__media\"><img loading=\"lazy\" decoding=\"async\" width=\"768\" height=\"1024\" src=\"https:\/\/visionshare.org\/wp-content\/uploads\/PhilFasoneheadshot2024-768x1024.jpg\" alt=\"Phil Fasone 2024 Headshot\" class=\"wp-image-7041 size-full\" srcset=\"https:\/\/visionshare.org\/wp-content\/uploads\/PhilFasoneheadshot2024-768x1024.jpg 768w, https:\/\/visionshare.org\/wp-content\/uploads\/PhilFasoneheadshot2024-225x300.jpg 225w, https:\/\/visionshare.org\/wp-content\/uploads\/PhilFasoneheadshot2024-500x667.jpg 500w, https:\/\/visionshare.org\/wp-content\/uploads\/PhilFasoneheadshot2024-700x933.jpg 700w, https:\/\/visionshare.org\/wp-content\/uploads\/PhilFasoneheadshot2024.jpg 900w\" sizes=\"auto, (max-width: 768px) 100vw, 768px\" \/><\/figure><div class=\"wp-block-media-text__content\">\n<h4 class=\"wp-block-heading has-text-align-left\">Philip Fasone<\/h4>\n\n\n\n<h4 class=\"gb-headline gb-headline-94b75e42 gb-headline-text\"><strong>Director Ejecutivo<\/strong><\/h4>\n\n\n\n<p>Philip se incorpor\u00f3 a Vision Share en 2016. Anteriormente, fue vicepresidente de ventas de un distribuidor internacional de la American Heart Association y director s\u00e9nior de desarrollo de distribuidores internacionales de una empresa de biotecnolog\u00eda. Aporta m\u00e1s de 20 a\u00f1os de experiencia en distribuci\u00f3n internacional, operaciones, atenci\u00f3n al cliente y desarrollo empresarial. Philip es licenciado en Gesti\u00f3n por la Universidad de Phoenix y ha completado cinco triatlones ol\u00edmpicos.<\/p>\n<\/div><\/div>\n\n<\/div>\n\n<div class=\"gb-container gb-container-69e4a5d9\">\n\n<div class=\"wp-block-media-text has-media-on-the-right is-stacked-on-mobile\" style=\"grid-template-columns:auto 33%\"><div class=\"wp-block-media-text__content\">\n<h4 class=\"wp-block-heading has-text-align-left\">Tony Dang<\/h4>\n\n\n\n<h4 class=\"gb-headline gb-headline-a8fe2e0c gb-headline-text\"><strong>Director de Servicios al Cliente<\/strong><\/h4>\n\n\n\n<p>Tony se incorpor\u00f3 a Vision Share en 2016 tras trabajar en el sector sanitario de Canad\u00e1, especializ\u00e1ndose en inventario, gesti\u00f3n de la cadena de suministro y log\u00edstica para el gobierno provincial. Desde entonces, ha avanzado en el sector de los bancos oftalmol\u00f3gicos, centr\u00e1ndose en las rutas de env\u00edo y agilizando las operaciones diarias. Aunque sigue supervisando las operaciones, Tony tambi\u00e9n ha asumido el liderazgo del departamento de Desarrollo Empresarial, centr\u00e1ndose en establecer relaciones y crear nuevas oportunidades para la organizaci\u00f3n. Jugador de tenis de toda la vida, Tony compiti\u00f3 tanto a nivel universitario como profesional. En su tiempo libre, disfruta con su mujer y su hijo de 4 a\u00f1os.<\/p>\n<\/div><figure class=\"wp-block-media-text__media\"><img loading=\"lazy\" decoding=\"async\" width=\"768\" height=\"1024\" src=\"https:\/\/visionshare.org\/wp-content\/uploads\/TonyDangheadshot2024-768x1024.jpg\" alt=\"Tony Dang 2024 Headshot\" class=\"wp-image-7450 size-full\" srcset=\"https:\/\/visionshare.org\/wp-content\/uploads\/TonyDangheadshot2024-768x1024.jpg 768w, https:\/\/visionshare.org\/wp-content\/uploads\/TonyDangheadshot2024-225x300.jpg 225w, https:\/\/visionshare.org\/wp-content\/uploads\/TonyDangheadshot2024-500x667.jpg 500w, https:\/\/visionshare.org\/wp-content\/uploads\/TonyDangheadshot2024-700x933.jpg 700w, https:\/\/visionshare.org\/wp-content\/uploads\/TonyDangheadshot2024.jpg 900w\" sizes=\"auto, (max-width: 768px) 100vw, 768px\" \/><\/figure><\/div>\n\n<\/div>\n\n<div class=\"gb-container gb-container-98e1d076\">\n\n<div class=\"wp-block-media-text is-stacked-on-mobile\" style=\"grid-template-columns:33% auto\"><figure class=\"wp-block-media-text__media\"><img loading=\"lazy\" decoding=\"async\" width=\"768\" height=\"1024\" src=\"https:\/\/visionshare.org\/wp-content\/uploads\/MelanieHowellheadshot20241-768x1024.jpg\" alt=\"Melanie Howell 2024 Headshot\" class=\"wp-image-7463 size-full\" srcset=\"https:\/\/visionshare.org\/wp-content\/uploads\/MelanieHowellheadshot20241-768x1024.jpg 768w, https:\/\/visionshare.org\/wp-content\/uploads\/MelanieHowellheadshot20241-225x300.jpg 225w, https:\/\/visionshare.org\/wp-content\/uploads\/MelanieHowellheadshot20241-500x667.jpg 500w, https:\/\/visionshare.org\/wp-content\/uploads\/MelanieHowellheadshot20241-700x933.jpg 700w, https:\/\/visionshare.org\/wp-content\/uploads\/MelanieHowellheadshot20241.jpg 900w\" sizes=\"auto, (max-width: 768px) 100vw, 768px\" \/><\/figure><div class=\"wp-block-media-text__content\">\n<h4 class=\"wp-block-heading has-text-align-left\">Melanie Howell<\/h4>\n\n\n\n<h4 class=\"gb-headline gb-headline-8cefeb39 gb-headline-text\"><strong>Director de Marketing<\/strong><\/h4>\n\n\n\n<p>Melanie se incorpor\u00f3 a Vision Share en julio de 2024 tras pasar cuatro a\u00f1os como consultora de marketing en una agencia de marketing digital. Antes de eso, ocup\u00f3 varios puestos, incluyendo Marketing, Contabilidad y Gesti\u00f3n de Proyectos, en una empresa de consultor\u00eda de software durante m\u00e1s de una d\u00e9cada. Obtuvo un MBA en Gesti\u00f3n de Proyectos por la Universidad de Mary Washington y una licenciatura en Gesti\u00f3n Empresarial por la Universidad King. En su tiempo libre, Melanie disfruta con la fotograf\u00eda, el senderismo en la naturaleza y hablar en p\u00fablico.<\/p>\n<\/div><\/div>\n\n<\/div>\n\n<div class=\"gb-container gb-container-4d965b89\">\n\n<div class=\"wp-block-media-text has-media-on-the-right is-stacked-on-mobile\" style=\"grid-template-columns:auto 33%\"><div class=\"wp-block-media-text__content\">\n<h4 class=\"wp-block-heading has-text-align-left\">Darrell Walters<\/h4>\n\n\n\n<h4 class=\"gb-headline gb-headline-9c921b80 gb-headline-text\"><strong>Director de contabilidad<\/strong><\/h4>\n\n\n\n<p>Darrell se uni\u00f3 al equipo de Vision Share en 2025, aportando m\u00e1s de 20 a\u00f1os de experiencia en finanzas y liderazgo operativo en los sectores sin \u00e1nimo de lucro, sanitario, log\u00edstico y educativo. Es un apasionado de la creaci\u00f3n de sistemas financieros que permitan el crecimiento impulsado por la misi\u00f3n y ayuden a las organizaciones a operar con claridad y prop\u00f3sito. Darrell tiene un m\u00e1ster en Contabilidad y ha dirigido equipos financieros para organizaciones sin \u00e1nimo de lucro de todo el mundo, gestionando presupuestos multimillonarios con un fuerte enfoque en la transparencia, la administraci\u00f3n y la planificaci\u00f3n estrat\u00e9gica. Fuera del trabajo, Darrell disfruta de la vida como marido y padre de cuatro hijos, animando al equipo de f\u00fatbol americano UGA, alentando a los Braves y pasando los fines de semana en los banquillos como orgulloso padre de futbolista.<\/p>\n<\/div><figure class=\"wp-block-media-text__media\"><img loading=\"lazy\" decoding=\"async\" width=\"768\" height=\"1024\" src=\"https:\/\/visionshare.org\/wp-content\/uploads\/darrellwatersheadshot2025-768x1024.jpg\" alt=\"\" class=\"wp-image-14451 size-full\" srcset=\"https:\/\/visionshare.org\/wp-content\/uploads\/darrellwatersheadshot2025-768x1024.jpg 768w, https:\/\/visionshare.org\/wp-content\/uploads\/darrellwatersheadshot2025-225x300.jpg 225w, https:\/\/visionshare.org\/wp-content\/uploads\/darrellwatersheadshot2025-9x12.jpg 9w, https:\/\/visionshare.org\/wp-content\/uploads\/darrellwatersheadshot2025.jpg 900w\" sizes=\"auto, (max-width: 768px) 100vw, 768px\" \/><\/figure><\/div>\n\n<\/div>\n\n<div class=\"gb-container gb-container-4fb5a17e\">\n\n<div class=\"wp-block-media-text is-stacked-on-mobile\" style=\"grid-template-columns:33% auto\"><figure class=\"wp-block-media-text__media\"><img loading=\"lazy\" decoding=\"async\" width=\"768\" height=\"1024\" src=\"https:\/\/visionshare.org\/wp-content\/uploads\/brian-edited1-768x1024.jpg\" alt=\"Brian Keenan 2024 Headshot\" class=\"wp-image-8428 size-full\" srcset=\"https:\/\/visionshare.org\/wp-content\/uploads\/brian-edited1-768x1024.jpg 768w, https:\/\/visionshare.org\/wp-content\/uploads\/brian-edited1-225x300.jpg 225w, https:\/\/visionshare.org\/wp-content\/uploads\/brian-edited1-500x667.jpg 500w, https:\/\/visionshare.org\/wp-content\/uploads\/brian-edited1-700x933.jpg 700w, https:\/\/visionshare.org\/wp-content\/uploads\/brian-edited1.jpg 900w\" sizes=\"auto, (max-width: 768px) 100vw, 768px\" \/><\/figure><div class=\"wp-block-media-text__content\">\n<h4 class=\"wp-block-heading has-text-align-left\">Brian Keenan<\/h4>\n\n\n\n<h4 class=\"gb-headline gb-headline-e7979b25 gb-headline-text\"><strong>Especialista en desarrollo de clientes<\/strong><\/h4>\n\n\n\n<p>Brian se incorpor\u00f3 al equipo de Vision Share en 2022. Su formaci\u00f3n empresarial es en gesti\u00f3n de marketing de campo y gesti\u00f3n de patrocinios corporativos. Tambi\u00e9n es acupuntor y herborista licenciado. Tiene una licenciatura en Periodismo\/Relaciones P\u00fablicas y un m\u00e1ster en Medicina Tradicional China.<\/p>\n<\/div><\/div>\n\n<\/div>\n\n<div class=\"gb-container gb-container-1f4a9006\">\n\n<div class=\"wp-block-media-text has-media-on-the-right is-stacked-on-mobile\" style=\"grid-template-columns:auto 33%\"><div class=\"wp-block-media-text__content\">\n<h4 class=\"wp-block-heading has-text-align-left\">Salvatore Moore<\/h4>\n\n\n\n<h4 class=\"gb-headline gb-headline-736425bc gb-headline-text\"><strong>Coordinador del Servicio de Atenci\u00f3n al Cliente Ocular<\/strong><\/h4>\n\n\n\n<p>Salvatore se uni\u00f3 a Vision Share en 2023 con experiencia previa en oftalmolog\u00eda de a\u00f1os de trabajo en una pr\u00e1ctica privada. Le encanta el cuidado de los ojos y tiene un deseo genuino de ayudar a la gente. En su tiempo libre, a Sal le gusta jugar a videojuegos y dibujar. Espera alg\u00fan d\u00eda viajar por el pa\u00eds en su autocaravana.<\/p>\n<\/div><figure class=\"wp-block-media-text__media\"><img loading=\"lazy\" decoding=\"async\" width=\"768\" height=\"1024\" src=\"https:\/\/visionshare.org\/wp-content\/uploads\/salmooreheadshot2024-768x1024.jpg\" alt=\"Salvatore Moore 2024 Headshot\" class=\"wp-image-7712 size-full\" srcset=\"https:\/\/visionshare.org\/wp-content\/uploads\/salmooreheadshot2024-768x1024.jpg 768w, https:\/\/visionshare.org\/wp-content\/uploads\/salmooreheadshot2024-225x300.jpg 225w, https:\/\/visionshare.org\/wp-content\/uploads\/salmooreheadshot2024-500x667.jpg 500w, https:\/\/visionshare.org\/wp-content\/uploads\/salmooreheadshot2024-700x933.jpg 700w, https:\/\/visionshare.org\/wp-content\/uploads\/salmooreheadshot2024.jpg 900w\" sizes=\"auto, (max-width: 768px) 100vw, 768px\" \/><\/figure><\/div>\n\n<\/div>\n\n<div class=\"gb-container gb-container-c5d09d77\">\n\n<div class=\"wp-block-media-text is-stacked-on-mobile\" style=\"grid-template-columns:33% auto\"><figure class=\"wp-block-media-text__media\"><img loading=\"lazy\" decoding=\"async\" width=\"768\" height=\"1024\" src=\"https:\/\/visionshare.org\/wp-content\/uploads\/angela2025headshot-768x1024.jpg\" alt=\"Angela Horne 2025 Headshot\" class=\"wp-image-13789 size-full\" srcset=\"https:\/\/visionshare.org\/wp-content\/uploads\/angela2025headshot-768x1024.jpg 768w, https:\/\/visionshare.org\/wp-content\/uploads\/angela2025headshot-225x300.jpg 225w, https:\/\/visionshare.org\/wp-content\/uploads\/angela2025headshot-9x12.jpg 9w, https:\/\/visionshare.org\/wp-content\/uploads\/angela2025headshot.jpg 900w\" sizes=\"auto, (max-width: 768px) 100vw, 768px\" \/><\/figure><div class=\"wp-block-media-text__content\">\n<h4 class=\"wp-block-heading has-text-align-left\">Angela Horne<\/h4>\n\n\n\n<h4 class=\"gb-headline gb-headline-3af7e44a gb-headline-text\"><strong>Coordinador del Servicio de Atenci\u00f3n al Cliente Ocular<\/strong><\/h4>\n\n\n\n<p>Angela se incorpor\u00f3 a Vision Share en agosto de 2025. Como optometrista certificada con una licenciatura en biolog\u00eda de la Universidad de West Florida, combina su experiencia t\u00e9cnica con una profunda pasi\u00f3n por la ciencia y la restauraci\u00f3n de la visi\u00f3n. En su tiempo libre, a Angela le encanta practicar snowboard y pasar tiempo con su familia.<\/p>\n<\/div><\/div>\n\n<\/div>\n<\/div>\n<\/div>\n<\/div>","protected":false},"excerpt":{"rendered":"<p>Meet our Team Thank you for your interest in Vision Share. It&#8217;s not too often that we get to talk about ourselves. Here&#8217;s a little &#8230; <a title=\"El equipo de Vision Share\" class=\"read-more\" href=\"https:\/\/visionshare.org\/es\/about\/key-people\/\" aria-label=\"Leer m\u00e1s sobre The Vision Share Team\">Leer m\u00e1s<\/a><\/p>","protected":false},"author":1,"featured_media":0,"parent":44,"menu_order":0,"comment_status":"closed","ping_status":"closed","template":"","meta":{"_acf_changed":false,"footnotes":""},"class_list":["post-2794","page","type-page","status-publish"],"acf":[],"yoast_head":"<!-- This site is optimized with the Yoast SEO plugin v27.4 - https:\/\/yoast.com\/product\/yoast-seo-wordpress\/ -->\n<title>Meet the Vision Share team<\/title>\n<meta name=\"description\" content=\"Here\u2019s a little introduction to the Vision Share team. Let\u2019s break the ice. Want to connect? We&#039;d love to hear from you. Contact us today.\" \/>\n<meta name=\"robots\" content=\"index, follow, max-snippet:-1, max-image-preview:large, max-video-preview:-1\" \/>\n<link rel=\"canonical\" href=\"https:\/\/visionshare.org\/es\/acerca-de\/personas-clave\/\" \/>\n<meta property=\"og:locale\" content=\"es_ES\" \/>\n<meta property=\"og:type\" content=\"article\" \/>\n<meta property=\"og:title\" content=\"Meet the Vision Share team\" \/>\n<meta property=\"og:description\" content=\"Here\u2019s a little introduction to the Vision Share team. Let\u2019s break the ice. Want to connect? We&#039;d love to hear from you. Contact us today.\" \/>\n<meta property=\"og:url\" content=\"https:\/\/visionshare.org\/es\/acerca-de\/personas-clave\/\" \/>\n<meta property=\"og:site_name\" content=\"Vision Share\" \/>\n<meta property=\"article:publisher\" content=\"https:\/\/www.facebook.com\/visionshareinc\" \/>\n<meta property=\"article:modified_time\" content=\"2026-04-21T13:52:58+00:00\" \/>\n<meta property=\"og:image\" content=\"https:\/\/visionshare.org\/wp-content\/uploads\/PhilFasoneheadshot2024.jpg\" \/>\n\t<meta property=\"og:image:width\" content=\"900\" \/>\n\t<meta property=\"og:image:height\" content=\"1200\" \/>\n\t<meta property=\"og:image:type\" content=\"image\/jpeg\" \/>\n<meta name=\"twitter:card\" content=\"summary_large_image\" \/>\n<meta name=\"twitter:site\" content=\"@Vision_Share\" \/>\n<meta name=\"twitter:label1\" content=\"Tiempo de lectura\" \/>\n\t<meta name=\"twitter:data1\" content=\"4 minutos\" \/>\n<script type=\"application\/ld+json\" class=\"yoast-schema-graph\">{\"@context\":\"https:\\\/\\\/schema.org\",\"@graph\":[{\"@type\":\"WebPage\",\"@id\":\"https:\\\/\\\/visionshare.org\\\/about\\\/key-people\\\/\",\"url\":\"https:\\\/\\\/visionshare.org\\\/about\\\/key-people\\\/\",\"name\":\"Meet the Vision Share team\",\"isPartOf\":{\"@id\":\"https:\\\/\\\/visionshare.org\\\/#website\"},\"primaryImageOfPage\":{\"@id\":\"https:\\\/\\\/visionshare.org\\\/about\\\/key-people\\\/#primaryimage\"},\"image\":{\"@id\":\"https:\\\/\\\/visionshare.org\\\/about\\\/key-people\\\/#primaryimage\"},\"thumbnailUrl\":\"https:\\\/\\\/visionshare.org\\\/wp-content\\\/uploads\\\/PhilFasoneheadshot2024-768x1024.jpg\",\"datePublished\":\"2017-07-21T17:22:47+00:00\",\"dateModified\":\"2026-04-21T13:52:58+00:00\",\"description\":\"Here\u2019s a little introduction to the Vision Share team. Let\u2019s break the ice. Want to connect? We'd love to hear from you. Contact us today.\",\"breadcrumb\":{\"@id\":\"https:\\\/\\\/visionshare.org\\\/about\\\/key-people\\\/#breadcrumb\"},\"inLanguage\":\"es\",\"potentialAction\":[{\"@type\":\"ReadAction\",\"target\":[\"https:\\\/\\\/visionshare.org\\\/about\\\/key-people\\\/\"]}]},{\"@type\":\"ImageObject\",\"inLanguage\":\"es\",\"@id\":\"https:\\\/\\\/visionshare.org\\\/about\\\/key-people\\\/#primaryimage\",\"url\":\"https:\\\/\\\/visionshare.org\\\/wp-content\\\/uploads\\\/PhilFasoneheadshot2024-768x1024.jpg\",\"contentUrl\":\"https:\\\/\\\/visionshare.org\\\/wp-content\\\/uploads\\\/PhilFasoneheadshot2024-768x1024.jpg\"},{\"@type\":\"BreadcrumbList\",\"@id\":\"https:\\\/\\\/visionshare.org\\\/about\\\/key-people\\\/#breadcrumb\",\"itemListElement\":[{\"@type\":\"ListItem\",\"position\":1,\"name\":\"Home\",\"item\":\"https:\\\/\\\/visionshare.org\\\/\"},{\"@type\":\"ListItem\",\"position\":2,\"name\":\"About us\",\"item\":\"https:\\\/\\\/visionshare.org\\\/about\\\/\"},{\"@type\":\"ListItem\",\"position\":3,\"name\":\"The Vision Share Team\"}]},{\"@type\":\"WebSite\",\"@id\":\"https:\\\/\\\/visionshare.org\\\/#website\",\"url\":\"https:\\\/\\\/visionshare.org\\\/\",\"name\":\"Vision Share\",\"description\":\"Your Trusted Source\",\"publisher\":{\"@id\":\"https:\\\/\\\/visionshare.org\\\/#organization\"},\"potentialAction\":[{\"@type\":\"SearchAction\",\"target\":{\"@type\":\"EntryPoint\",\"urlTemplate\":\"https:\\\/\\\/visionshare.org\\\/?s={search_term_string}\"},\"query-input\":{\"@type\":\"PropertyValueSpecification\",\"valueRequired\":true,\"valueName\":\"search_term_string\"}}],\"inLanguage\":\"es\"},{\"@type\":\"Organization\",\"@id\":\"https:\\\/\\\/visionshare.org\\\/#organization\",\"name\":\"Vision Share\",\"url\":\"https:\\\/\\\/visionshare.org\\\/\",\"logo\":{\"@type\":\"ImageObject\",\"inLanguage\":\"es\",\"@id\":\"https:\\\/\\\/visionshare.org\\\/#\\\/schema\\\/logo\\\/image\\\/\",\"url\":\"https:\\\/\\\/visionshare.org\\\/wp-content\\\/uploads\\\/cropped-cropped-cropped-VS_Your-trusted-source-logo-01-PNG.png\",\"contentUrl\":\"https:\\\/\\\/visionshare.org\\\/wp-content\\\/uploads\\\/cropped-cropped-cropped-VS_Your-trusted-source-logo-01-PNG.png\",\"width\":1655,\"height\":861,\"caption\":\"Vision Share\"},\"image\":{\"@id\":\"https:\\\/\\\/visionshare.org\\\/#\\\/schema\\\/logo\\\/image\\\/\"},\"sameAs\":[\"https:\\\/\\\/www.facebook.com\\\/visionshareinc\",\"https:\\\/\\\/x.com\\\/Vision_Share\",\"https:\\\/\\\/www.linkedin.com\\\/company\\\/visionsshare\\\/\"]}]}<\/script>\n<!-- \/ Yoast SEO plugin. -->","yoast_head_json":{"title":"Presentamos al equipo de Vision Share","description":"Conoce al equipo de Vision Share. Rompamos el hielo y conectemos. \u00a1Nos encantar\u00eda saber de ti! Cont\u00e1ctanos hoy mismo.","robots":{"index":"index","follow":"follow","max-snippet":"max-snippet:-1","max-image-preview":"max-image-preview:large","max-video-preview":"max-video-preview:-1"},"canonical":"https:\/\/visionshare.org\/es\/acerca-de\/personas-clave\/","og_locale":"es_ES","og_type":"article","og_title":"Meet the Vision Share team","og_description":"Here\u2019s a little introduction to the Vision Share team. Let\u2019s break the ice. Want to connect? We'd love to hear from you. Contact us today.","og_url":"https:\/\/visionshare.org\/es\/acerca-de\/personas-clave\/","og_site_name":"Vision Share","article_publisher":"https:\/\/www.facebook.com\/visionshareinc","article_modified_time":"2026-04-21T13:52:58+00:00","og_image":[{"width":900,"height":1200,"url":"https:\/\/visionshare.org\/wp-content\/uploads\/PhilFasoneheadshot2024.jpg","type":"image\/jpeg"}],"twitter_card":"summary_large_image","twitter_site":"@Vision_Share","twitter_misc":{"Tiempo de lectura":"4 minutos"},"schema":{"@context":"https:\/\/schema.org","@graph":[{"@type":"WebPage","@id":"https:\/\/visionshare.org\/about\/key-people\/","url":"https:\/\/visionshare.org\/about\/key-people\/","name":"Presentamos al equipo de Vision Share","isPartOf":{"@id":"https:\/\/visionshare.org\/#website"},"primaryImageOfPage":{"@id":"https:\/\/visionshare.org\/about\/key-people\/#primaryimage"},"image":{"@id":"https:\/\/visionshare.org\/about\/key-people\/#primaryimage"},"thumbnailUrl":"https:\/\/visionshare.org\/wp-content\/uploads\/PhilFasoneheadshot2024-768x1024.jpg","datePublished":"2017-07-21T17:22:47+00:00","dateModified":"2026-04-21T13:52:58+00:00","description":"Conoce al equipo de Vision Share. Rompamos el hielo y conectemos. \u00a1Nos encantar\u00eda saber de ti! Cont\u00e1ctanos hoy mismo.","breadcrumb":{"@id":"https:\/\/visionshare.org\/about\/key-people\/#breadcrumb"},"inLanguage":"es","potentialAction":[{"@type":"ReadAction","target":["https:\/\/visionshare.org\/about\/key-people\/"]}]},{"@type":"ImageObject","inLanguage":"es","@id":"https:\/\/visionshare.org\/about\/key-people\/#primaryimage","url":"https:\/\/visionshare.org\/wp-content\/uploads\/PhilFasoneheadshot2024-768x1024.jpg","contentUrl":"https:\/\/visionshare.org\/wp-content\/uploads\/PhilFasoneheadshot2024-768x1024.jpg"},{"@type":"BreadcrumbList","@id":"https:\/\/visionshare.org\/about\/key-people\/#breadcrumb","itemListElement":[{"@type":"ListItem","position":1,"name":"Home","item":"https:\/\/visionshare.org\/"},{"@type":"ListItem","position":2,"name":"About us","item":"https:\/\/visionshare.org\/about\/"},{"@type":"ListItem","position":3,"name":"The Vision Share Team"}]},{"@type":"WebSite","@id":"https:\/\/visionshare.org\/#website","url":"https:\/\/visionshare.org\/","name":"Compartir visi\u00f3n","description":"Su fuente de confianza","publisher":{"@id":"https:\/\/visionshare.org\/#organization"},"potentialAction":[{"@type":"SearchAction","target":{"@type":"EntryPoint","urlTemplate":"https:\/\/visionshare.org\/?s={search_term_string}"},"query-input":{"@type":"PropertyValueSpecification","valueRequired":true,"valueName":"search_term_string"}}],"inLanguage":"es"},{"@type":"Organization","@id":"https:\/\/visionshare.org\/#organization","name":"Compartir visi\u00f3n","url":"https:\/\/visionshare.org\/","logo":{"@type":"ImageObject","inLanguage":"es","@id":"https:\/\/visionshare.org\/#\/schema\/logo\/image\/","url":"https:\/\/visionshare.org\/wp-content\/uploads\/cropped-cropped-cropped-VS_Your-trusted-source-logo-01-PNG.png","contentUrl":"https:\/\/visionshare.org\/wp-content\/uploads\/cropped-cropped-cropped-VS_Your-trusted-source-logo-01-PNG.png","width":1655,"height":861,"caption":"Vision Share"},"image":{"@id":"https:\/\/visionshare.org\/#\/schema\/logo\/image\/"},"sameAs":["https:\/\/www.facebook.com\/visionshareinc","https:\/\/x.com\/Vision_Share","https:\/\/www.linkedin.com\/company\/visionsshare\/"]}]}},"_links":{"self":[{"href":"https:\/\/visionshare.org\/es\/wp-json\/wp\/v2\/pages\/2794","targetHints":{"allow":["GET"]}}],"collection":[{"href":"https:\/\/visionshare.org\/es\/wp-json\/wp\/v2\/pages"}],"about":[{"href":"https:\/\/visionshare.org\/es\/wp-json\/wp\/v2\/types\/page"}],"author":[{"embeddable":true,"href":"https:\/\/visionshare.org\/es\/wp-json\/wp\/v2\/users\/1"}],"replies":[{"embeddable":true,"href":"https:\/\/visionshare.org\/es\/wp-json\/wp\/v2\/comments?post=2794"}],"version-history":[{"count":273,"href":"https:\/\/visionshare.org\/es\/wp-json\/wp\/v2\/pages\/2794\/revisions"}],"predecessor-version":[{"id":16402,"href":"https:\/\/visionshare.org\/es\/wp-json\/wp\/v2\/pages\/2794\/revisions\/16402"}],"up":[{"embeddable":true,"href":"https:\/\/visionshare.org\/es\/wp-json\/wp\/v2\/pages\/44"}],"wp:attachment":[{"href":"https:\/\/visionshare.org\/es\/wp-json\/wp\/v2\/media?parent=2794"}],"curies":[{"name":"wp","href":"https:\/\/api.w.org\/{rel}","templated":true}]}}