{"id":44,"date":"2022-02-13T16:43:35","date_gmt":"2022-02-13T16:43:35","guid":{"rendered":"https:\/\/clinic.wordifysites.com\/?page_id=44"},"modified":"2026-02-13T12:39:41","modified_gmt":"2026-02-13T18:39:41","slug":"acerca-de","status":"publish","type":"page","link":"https:\/\/visionshare.org\/es\/about\/","title":{"rendered":"Qui\u00e9nes somos"},"content":{"rendered":"<div class=\"gb-container gb-container-13cd6077 gbp-section\">\n<div class=\"gb-container gb-container-abc0de2e gbp-section__inner\">\n<div class=\"gb-container gb-container-0662827f alignfull\">\n\n<h1 class=\"gb-headline gb-headline-4919975f gb-headline-text gbp-section__headline\">Qui\u00e9nes somos<\/h1>\n\n<\/div>\n<\/div>\n<div class=\"gb-shapes\"><div class=\"gb-shape gb-shape-1\"><svg xmlns=\"http:\/\/www.w3.org\/2000\/svg\" viewbox=\"0 0 1200 194.3\" preserveaspectratio=\"none\"><path d=\"M1200 133.3l-50 8.9c-50 8.6-150 26.9-250 31.1-100 4.2-200-4.2-300-26.7S400 89.2 300 62.2C200 35.8 100 17.5 50 8.9L0 0v194.3h1200v-61z\"\/><\/svg><\/div><\/div><\/div>\n\n<section class=\"gb-container gb-container-3c70eca0\">\n\n<div class=\"wp-block-media-text is-stacked-on-mobile has-base-4-background-color has-background\" style=\"grid-template-columns:40% auto\"><figure class=\"wp-block-media-text__media\"><img loading=\"lazy\" decoding=\"async\" width=\"1024\" height=\"637\" src=\"https:\/\/visionshare.org\/wp-content\/uploads\/CC7I3581-1365x850-1-1024x637.webp\" alt=\"Reuni\u00f3n del equipo Vision Share en Chicago\" class=\"wp-image-13642 size-full\" srcset=\"https:\/\/visionshare.org\/wp-content\/uploads\/CC7I3581-1365x850-1-1024x637.webp 1024w, https:\/\/visionshare.org\/wp-content\/uploads\/CC7I3581-1365x850-1-300x187.webp 300w, https:\/\/visionshare.org\/wp-content\/uploads\/CC7I3581-1365x850-1-768x478.webp 768w, https:\/\/visionshare.org\/wp-content\/uploads\/CC7I3581-1365x850-1.webp 1365w\" sizes=\"auto, (max-width: 1024px) 100vw, 1024px\" \/><\/figure><div class=\"wp-block-media-text__content\">\n<h2 class=\"wp-block-heading has-accent-color has-text-color has-link-color wp-elements-87c29182b633bba12292c7728711e2c0\">Nuestra misi\u00f3n: Proporcionar tejidos oculares con un servicio excepcional y apoyar el restablecimiento de la vista en todo el mundo.<\/h2>\n\n\n\n<p class=\"has-contrast-color has-text-color has-link-color wp-elements-1d4d715d30b59152242ebb8a09fd0a76\">En <a href=\"https:\/\/visionshare.org\/es\/\">Compartir visi\u00f3n<\/a> suministramos tejido corneal a todo el mundo y conectamos nuestra red de bancos de ojos con cirujanos e investigadores de todo el planeta.<\/p>\n<\/div><\/div>\n\n<\/section>\n\n<div class=\"gb-container gb-container-cd451cd3\">\n<div class=\"gb-container gb-container-7aef3063\">\n\n<h3 class=\"wp-block-heading has-text-align-center\" style=\"font-size:31px\">Al trabajar con Vision Share obtendr\u00e1<\/h3>\n\n\n<div class=\"gb-container gb-container-88846010\">\n\n<div class=\"flip-card-group\">\n    <div class=\"flip-card\">\n        <div class=\"flip-card-inner\">\n            <div class=\"flip-card-front\">\n                <h3><strong>EXPERIENCIA<\/strong><\/h3>\n            <\/div>\n            <div class=\"flip-card-back\">\n                <p>M\u00e1s de 28 a\u00f1os de <strong>Experiencia<\/strong> nos ha consolidado como una fuente de confianza para el trasplante de c\u00f3rnea y el tejido de investigaci\u00f3n al representar con orgullo a una red de bancos de ojos l\u00edderes del sector que est\u00e1n acreditados por la EBAA y registrados en la FDA.<\/p>\n            <\/div>\n        <\/div>\n    <\/div>\n    <div class=\"flip-card middle-card\"> <!-- Added \"middle-card\" class -->\n        <div class=\"flip-card-inner\">\n            <div class=\"flip-card-front\">\n                <h3><strong>FIABILIDAD<\/strong><\/h3>\n            <\/div>\n            <div class=\"flip-card-back\">\n                <p>Nuestra red de bancos de ojos y nuestra experiencia en distribuci\u00f3n ofrecen a cirujanos, bancos de ojos e investigadores una <strong>Fiable<\/strong> y constante de tejidos de calidad que incluya el procesamiento y los dispositivos precargados.<\/p>\n            <\/div>\n        <\/div>\n    <\/div>\n    <div class=\"flip-card\">\n        <div class=\"flip-card-inner\">\n            <div class=\"flip-card-front\">\n                <h3><strong>SERVICIO<\/strong><\/h3>\n            <\/div>\n            <div class=\"flip-card-back\">\n                <p>Ofrecemos una <strong>Servicio<\/strong> que incluye el acceso a expertos del sector de los bancos de ojos como recurso \u00fanico para apoyar el desarrollo de programas mundiales de bancos de ojos, investigaci\u00f3n y trasplantes.<\/p>\n            <\/div>\n        <\/div>\n    <\/div>\n<\/div>\n\n<\/div>\n<\/div>\n\n<section class=\"gb-container gb-container-173c66c2\">\n<div class=\"gb-container gb-container-833cfe47 alignfull\">\n\n<figure class=\"wp-block-image size-full\"><img decoding=\"async\" src=\"https:\/\/visionshare.org\/wp-content\/uploads\/websiteborderinmiddle3.svg\" alt=\"\" class=\"wp-image-7997\"\/><\/figure>\n\n<\/div>\n<\/section>\n<\/div>\n\n<section class=\"gb-container gb-container-38f71c3a\">\n<div class=\"gb-container gb-container-020f4567\">\n<div class=\"gb-grid-wrapper gb-grid-wrapper-939bac29\">\n<div class=\"gb-grid-column gb-grid-column-81012654\"><div class=\"gb-container gb-container-81012654\">\n\n<h2 class=\"gb-headline gb-headline-eeaa93f6 gb-headline-text\">28+<\/h2>\n\n\n\n<h3 class=\"gb-headline gb-headline-993d1d1c gb-headline-text\">A\u00f1os de experiencia<\/h3>\n\n<\/div><\/div>\n\n<div class=\"gb-grid-column gb-grid-column-89550e27\"><div class=\"gb-container gb-container-89550e27\">\n\n<h2 class=\"gb-headline gb-headline-a4b9e51e gb-headline-text\">8<\/h2>\n\n\n\n<h3 class=\"gb-headline gb-headline-1645ebbd gb-headline-text\">Miembros del Banco de Ojos<\/h3>\n\n<\/div><\/div>\n\n<div class=\"gb-grid-column gb-grid-column-c2efb033\"><div class=\"gb-container gb-container-c2efb033\">\n\n<h2 class=\"gb-headline gb-headline-c762790c gb-headline-text\">141,000+<\/h2>\n\n\n\n<h3 class=\"gb-headline gb-headline-fd53bb5b gb-headline-text\">C\u00f3rneas trasplantadas<\/h3>\n\n<\/div><\/div>\n<\/div>\n<\/div>\n<\/section>\n\n<section class=\"gb-container gb-container-bfaa4864\">\n<div class=\"gb-grid-wrapper gb-grid-wrapper-7e5f543c\">\n<div class=\"gb-grid-column gb-grid-column-f2b8ac7f\"><div class=\"gb-container gb-container-f2b8ac7f\">\n\n<h2 class=\"gb-headline gb-headline-c98d35e8 gb-headline-text\">Nuestra historia<\/h2>\n\n\n\n<p class=\"has-text-align-left\">Desde 1998, Vision Share se ha guiado por un sencillo principio: cuando los bancos de ojos a\u00fanan recursos, podemos colocar m\u00e1s tejidos, reducir las ineficiencias y servir mejor a cirujanos y pacientes, sin comprometer los est\u00e1ndares ni la autonom\u00eda.<\/p>\n\n\n\n<p><strong>La puesta en com\u00fan de recursos brinda a los miembros de Vision Share la oportunidad de garantizar que el tejido donado llegue a los pacientes que lo necesitan, cuando y donde m\u00e1s se necesita.<\/strong><\/p>\n\n\n\n<p>En la actualidad, nuestra red apoya programas de trasplante e investigaci\u00f3n en m\u00e1s de 30 pa\u00edses y ha facilitado la colocaci\u00f3n de m\u00e1s de 141.000 c\u00f3rneas en todo el mundo. Esta escala es posible gracias a asociaciones de confianza con los principales bancos de ojos acreditados por la EBAA, comprometidos con la colaboraci\u00f3n y la excelencia.<\/p>\n\n\n\n<p class=\"has-text-align-left\">Cada donaci\u00f3n que administramos nos ayuda a cumplir nuestra misi\u00f3n: prestar un servicio excepcional y apoyar la restauraci\u00f3n de la vista en todo el mundo.<\/p>\n\n\n\n<p><strong>Phil Fasone, Director Ejecutivo<\/strong><\/p>\n\n\n\n<figure class=\"gb-block-image gb-block-image-7d464260\"><img loading=\"lazy\" decoding=\"async\" width=\"903\" height=\"304\" class=\"gb-image gb-image-7d464260\" src=\"https:\/\/visionshare.org\/wp-content\/uploads\/Signature-2024-PHIL.png\" alt=\"Firma de Phil Fasone\" title=\"Firma 2024 PHIL\" srcset=\"https:\/\/visionshare.org\/wp-content\/uploads\/Signature-2024-PHIL.png 903w, https:\/\/visionshare.org\/wp-content\/uploads\/Signature-2024-PHIL-300x101.png 300w, https:\/\/visionshare.org\/wp-content\/uploads\/Signature-2024-PHIL-768x259.png 768w, https:\/\/visionshare.org\/wp-content\/uploads\/Signature-2024-PHIL-500x168.png 500w, https:\/\/visionshare.org\/wp-content\/uploads\/Signature-2024-PHIL-700x236.png 700w\" sizes=\"auto, (max-width: 903px) 100vw, 903px\" \/><\/figure>\n\n\n\n<p><strong>Vision Share, Inc.&nbsp;&nbsp;&nbsp;&nbsp;<\/strong><\/p>\n\n<\/div><\/div>\n\n<div class=\"gb-grid-column gb-grid-column-2f644cb3\"><div class=\"gb-container gb-container-2f644cb3\">\n<div class=\"gb-container gb-container-038a6900\">\n<div class=\"wp-block-image\">\n<figure class=\"aligncenter size-large is-resized\"><img loading=\"lazy\" decoding=\"async\" width=\"768\" height=\"1024\" src=\"https:\/\/visionshare.org\/wp-content\/uploads\/au1-768x1024.jpg\" alt=\"Phil Fasone, Director Ejecutivo de Vision Share\" class=\"wp-image-7790\" style=\"width:359px;height:auto\" srcset=\"https:\/\/visionshare.org\/wp-content\/uploads\/au1-768x1024.jpg 768w, https:\/\/visionshare.org\/wp-content\/uploads\/au1-225x300.jpg 225w, https:\/\/visionshare.org\/wp-content\/uploads\/au1-500x667.jpg 500w, https:\/\/visionshare.org\/wp-content\/uploads\/au1-700x933.jpg 700w, https:\/\/visionshare.org\/wp-content\/uploads\/au1.jpg 900w\" sizes=\"auto, (max-width: 768px) 100vw, 768px\" \/><\/figure>\n<\/div>\n<\/div>\n<\/div><\/div>\n<\/div>\n<\/section>\n\n<section class=\"gb-container gb-container-94daabc2\">\n<div class=\"gb-container gb-container-0412b36c\">\n\n<h2 class=\"gb-headline gb-headline-d62ea97e gb-headline-text\">Lo que dicen nuestros cirujanos<\/h2>\n\n\n<div class=\"gb-grid-wrapper gb-grid-wrapper-3c113c55\">\n<div class=\"gb-grid-column gb-grid-column-5651103b\"><div class=\"gb-container gb-container-5651103b\">\n<div class=\"gb-container gb-container-10bef237\">\n\n<h2 class=\"wp-block-heading has-text-align-center has-accent-color has-text-color has-link-color has-large-font-size wp-elements-32d5ba7ba984d2741faec0ff14fa320d\"><strong>COLABORACI\u00d3N<\/strong><\/h2>\n\n\n\n<p>En 2016, en el congreso de la Academia Americana de Oftalmolog\u00eda celebrado en Chicago, visit\u00e9 el stand de Vision Share. Este fue probablemente el momento que cambi\u00f3 lo que hago en materia de trasplantes de c\u00f3rnea. Esto abri\u00f3 el acceso a tejido de c\u00f3rnea de calidad para m\u00e1s de 8 pa\u00edses de \u00c1frica, empezando por Ruanda. Porque \u00e9ramos una red de hospitales con la misma propiedad. <strong>Esta asociaci\u00f3n cambi\u00f3 muchas vidas en \u00c1frica. Creo que entre 400 y 500 personas se han beneficiado de este encuentro desde 2016.&nbsp;<\/strong><br><br>Me permiti\u00f3, por ejemplo, dar una buena c\u00f3rnea a un ni\u00f1o de 8 a\u00f1os. Ten\u00eda hidropes\u00eda aguda. Despu\u00e9s de empezar a trabajar con Vision Share, pod\u00edamos hacer el pedido, conseguir una c\u00f3rnea y realizar el trasplante en siete d\u00edas. Esto no era posible hasta que conoc\u00ed a Vision Share.<\/p>\n\n\n<div class=\"wp-block-image is-style-rounded\">\n<figure class=\"aligncenter size-large is-resized\"><img loading=\"lazy\" decoding=\"async\" width=\"1024\" height=\"1024\" src=\"https:\/\/visionshare.org\/wp-content\/uploads\/drjohnpic-1024x1024.jpg\" alt=\"Fotograf\u00eda del Dr. John Nkurikiye con testimonio\" class=\"wp-image-8611\" style=\"width:150px;height:150px\" srcset=\"https:\/\/visionshare.org\/wp-content\/uploads\/drjohnpic-1024x1024.jpg 1024w, https:\/\/visionshare.org\/wp-content\/uploads\/drjohnpic-300x300.jpg 300w, https:\/\/visionshare.org\/wp-content\/uploads\/drjohnpic-150x150.jpg 150w, https:\/\/visionshare.org\/wp-content\/uploads\/drjohnpic-768x768.jpg 768w, https:\/\/visionshare.org\/wp-content\/uploads\/drjohnpic-500x500.jpg 500w, https:\/\/visionshare.org\/wp-content\/uploads\/drjohnpic-700x700.jpg 700w, https:\/\/visionshare.org\/wp-content\/uploads\/drjohnpic-100x100.jpg 100w, https:\/\/visionshare.org\/wp-content\/uploads\/drjohnpic.jpg 1200w\" sizes=\"auto, (max-width: 1024px) 100vw, 1024px\" \/><\/figure>\n<\/div>\n\n\n<h3 class=\"gb-headline gb-headline-f86eb354 gb-headline-text\">Dr. John Nkurikiye<\/h3>\n\n\n\n<p class=\"gb-headline gb-headline-3ba82cac gb-headline-text\">Presidente Ejecutivo de RIIO iHospital y Presidente de COESCA<br>Ruanda<\/p>\n\n<\/div>\n<\/div><\/div>\n\n<div class=\"gb-grid-column gb-grid-column-e66c4b8f\"><div class=\"gb-container gb-container-e66c4b8f\">\n<div class=\"gb-container gb-container-7a287172\">\n\n<h2 class=\"wp-block-heading has-text-align-center has-accent-color has-text-color has-link-color has-large-font-size wp-elements-0b677b151a8d4e499c8f39b3e545e7f4\"><strong>COLABORACI\u00d3N<\/strong><\/h2>\n\n\n\n<p>La ceguera corneal es un problema creciente de salud p\u00fablica en pa\u00edses en desarrollo como Marruecos. El queratocono, una enfermedad que afecta sobre todo a los j\u00f3venes, representa el 50% de los casos de trasplante de c\u00f3rnea en Marruecos. Su impacto en los pacientes y sus familias es profundo, ya que altera la educaci\u00f3n, la carrera profesional y el bienestar mental.&nbsp;<br><br>El trasplante de c\u00f3rnea, posible gracias a la donaci\u00f3n de tejidos, ha avanzado mucho en Marruecos, sobre todo gracias a la asociaci\u00f3n entre Vision Share y el Hospital Cheikh Zaid de Rabat. <strong>Esta colaboraci\u00f3n ha permitido a m\u00e1s de 1.000 pacientes acceder a cirug\u00edas que les han cambiado la vida.<\/strong><br><br>Damos las gracias a Vision Share y a todos los implicados en los bancos de ojos de Estados Unidos, cuya dedicaci\u00f3n hace posibles estos trasplantes que transforman vidas.<br><\/p>\n\n\n<div class=\"wp-block-image is-style-rounded\">\n<figure class=\"aligncenter size-full is-resized\"><img loading=\"lazy\" decoding=\"async\" width=\"500\" height=\"500\" src=\"https:\/\/visionshare.org\/wp-content\/uploads\/drbelemekkiheadshot.jpg\" alt=\"Prof. M Belmekki headshot with testimonial\" class=\"wp-image-10026\" style=\"width:150px\" srcset=\"https:\/\/visionshare.org\/wp-content\/uploads\/drbelemekkiheadshot.jpg 500w, https:\/\/visionshare.org\/wp-content\/uploads\/drbelemekkiheadshot-300x300.jpg 300w, https:\/\/visionshare.org\/wp-content\/uploads\/drbelemekkiheadshot-150x150.jpg 150w, https:\/\/visionshare.org\/wp-content\/uploads\/drbelemekkiheadshot-100x100.jpg 100w\" sizes=\"auto, (max-width: 500px) 100vw, 500px\" \/><\/figure>\n<\/div>\n\n\n<h3 class=\"gb-headline gb-headline-34565c99 gb-headline-text\"><strong>Prof. M Belmekki<\/strong><\/h3>\n\n\n\n<p class=\"gb-headline gb-headline-65728991 gb-headline-text\">&nbsp;Hospital Cheikh Zaid <br>Rabat, Marruecos<\/p>\n\n<\/div>\n<\/div><\/div>\n<\/div>\n<\/div>\n<\/section>","protected":false},"excerpt":{"rendered":"<p>About Us Our Mission: Provide ocular tissue with exceptional service and support global sight restoration. At Vision Share we deliver corneal tissue worldwide and connect &#8230; <a title=\"Qui\u00e9nes somos\" class=\"read-more\" href=\"https:\/\/visionshare.org\/es\/about\/\" aria-label=\"Leer m\u00e1s sobre About us\">Leer m\u00e1s<\/a><\/p>","protected":false},"author":1,"featured_media":7352,"parent":0,"menu_order":0,"comment_status":"closed","ping_status":"closed","template":"","meta":{"_acf_changed":false,"footnotes":""},"class_list":["post-44","page","type-page","status-publish","has-post-thumbnail"],"acf":[],"yoast_head":"<!-- This site is optimized with the Yoast SEO plugin v27.4 - https:\/\/yoast.com\/product\/yoast-seo-wordpress\/ -->\n<title>About us - Vision Share<\/title>\n<meta name=\"description\" content=\"At Vision Share we connect eye banks, surgeons, and researchers by providing them access to corneal tissue for transplants and research.\" \/>\n<meta name=\"robots\" content=\"index, follow, max-snippet:-1, max-image-preview:large, max-video-preview:-1\" \/>\n<link rel=\"canonical\" href=\"https:\/\/visionshare.org\/es\/acerca-de\/\" \/>\n<meta property=\"og:locale\" content=\"es_ES\" \/>\n<meta property=\"og:type\" content=\"article\" \/>\n<meta property=\"og:title\" content=\"About us - Vision Share\" \/>\n<meta property=\"og:description\" content=\"At Vision Share we connect eye banks, surgeons, and researchers by providing them access to corneal tissue for transplants and research.\" \/>\n<meta property=\"og:url\" content=\"https:\/\/visionshare.org\/es\/acerca-de\/\" \/>\n<meta property=\"og:site_name\" content=\"Vision Share\" \/>\n<meta property=\"article:publisher\" content=\"https:\/\/www.facebook.com\/visionshareinc\" \/>\n<meta property=\"article:modified_time\" content=\"2026-02-13T18:39:41+00:00\" \/>\n<meta property=\"og:image\" content=\"https:\/\/visionshare.org\/wp-content\/uploads\/teampageheaderimage1875x625.jpg\" \/>\n\t<meta property=\"og:image:width\" content=\"1875\" \/>\n\t<meta property=\"og:image:height\" content=\"625\" \/>\n\t<meta property=\"og:image:type\" content=\"image\/jpeg\" \/>\n<meta name=\"twitter:card\" content=\"summary_large_image\" \/>\n<meta name=\"twitter:site\" content=\"@Vision_Share\" \/>\n<meta name=\"twitter:label1\" content=\"Tiempo de lectura\" \/>\n\t<meta name=\"twitter:data1\" content=\"4 minutos\" \/>\n<script type=\"application\/ld+json\" class=\"yoast-schema-graph\">{\"@context\":\"https:\\\/\\\/schema.org\",\"@graph\":[{\"@type\":\"WebPage\",\"@id\":\"https:\\\/\\\/visionshare.org\\\/about\\\/\",\"url\":\"https:\\\/\\\/visionshare.org\\\/about\\\/\",\"name\":\"About us - Vision Share\",\"isPartOf\":{\"@id\":\"https:\\\/\\\/visionshare.org\\\/#website\"},\"primaryImageOfPage\":{\"@id\":\"https:\\\/\\\/visionshare.org\\\/about\\\/#primaryimage\"},\"image\":{\"@id\":\"https:\\\/\\\/visionshare.org\\\/about\\\/#primaryimage\"},\"thumbnailUrl\":\"https:\\\/\\\/visionshare.org\\\/wp-content\\\/uploads\\\/teampageheaderimage1875x625.jpg\",\"datePublished\":\"2022-02-13T16:43:35+00:00\",\"dateModified\":\"2026-02-13T18:39:41+00:00\",\"description\":\"At Vision Share we connect eye banks, surgeons, and researchers by providing them access to corneal tissue for transplants and research.\",\"breadcrumb\":{\"@id\":\"https:\\\/\\\/visionshare.org\\\/about\\\/#breadcrumb\"},\"inLanguage\":\"es\",\"potentialAction\":[{\"@type\":\"ReadAction\",\"target\":[\"https:\\\/\\\/visionshare.org\\\/about\\\/\"]}]},{\"@type\":\"ImageObject\",\"inLanguage\":\"es\",\"@id\":\"https:\\\/\\\/visionshare.org\\\/about\\\/#primaryimage\",\"url\":\"https:\\\/\\\/visionshare.org\\\/wp-content\\\/uploads\\\/teampageheaderimage1875x625.jpg\",\"contentUrl\":\"https:\\\/\\\/visionshare.org\\\/wp-content\\\/uploads\\\/teampageheaderimage1875x625.jpg\",\"width\":1875,\"height\":625,\"caption\":\"VSTeampage-headerimage\"},{\"@type\":\"BreadcrumbList\",\"@id\":\"https:\\\/\\\/visionshare.org\\\/about\\\/#breadcrumb\",\"itemListElement\":[{\"@type\":\"ListItem\",\"position\":1,\"name\":\"Home\",\"item\":\"https:\\\/\\\/visionshare.org\\\/\"},{\"@type\":\"ListItem\",\"position\":2,\"name\":\"About us\"}]},{\"@type\":\"WebSite\",\"@id\":\"https:\\\/\\\/visionshare.org\\\/#website\",\"url\":\"https:\\\/\\\/visionshare.org\\\/\",\"name\":\"Vision Share\",\"description\":\"Your Trusted Source\",\"publisher\":{\"@id\":\"https:\\\/\\\/visionshare.org\\\/#organization\"},\"potentialAction\":[{\"@type\":\"SearchAction\",\"target\":{\"@type\":\"EntryPoint\",\"urlTemplate\":\"https:\\\/\\\/visionshare.org\\\/?s={search_term_string}\"},\"query-input\":{\"@type\":\"PropertyValueSpecification\",\"valueRequired\":true,\"valueName\":\"search_term_string\"}}],\"inLanguage\":\"es\"},{\"@type\":\"Organization\",\"@id\":\"https:\\\/\\\/visionshare.org\\\/#organization\",\"name\":\"Vision Share\",\"url\":\"https:\\\/\\\/visionshare.org\\\/\",\"logo\":{\"@type\":\"ImageObject\",\"inLanguage\":\"es\",\"@id\":\"https:\\\/\\\/visionshare.org\\\/#\\\/schema\\\/logo\\\/image\\\/\",\"url\":\"https:\\\/\\\/visionshare.org\\\/wp-content\\\/uploads\\\/cropped-cropped-cropped-VS_Your-trusted-source-logo-01-PNG.png\",\"contentUrl\":\"https:\\\/\\\/visionshare.org\\\/wp-content\\\/uploads\\\/cropped-cropped-cropped-VS_Your-trusted-source-logo-01-PNG.png\",\"width\":1655,\"height\":861,\"caption\":\"Vision Share\"},\"image\":{\"@id\":\"https:\\\/\\\/visionshare.org\\\/#\\\/schema\\\/logo\\\/image\\\/\"},\"sameAs\":[\"https:\\\/\\\/www.facebook.com\\\/visionshareinc\",\"https:\\\/\\\/x.com\\\/Vision_Share\",\"https:\\\/\\\/www.linkedin.com\\\/company\\\/visionsshare\\\/\"]}]}<\/script>\n<!-- \/ Yoast SEO plugin. -->","yoast_head_json":{"title":"Qui\u00e9nes somos - Vision Share","description":"En Vision Share ponemos en contacto a bancos de ojos, cirujanos e investigadores facilit\u00e1ndoles el acceso a tejido corneal para trasplantes e investigaci\u00f3n.","robots":{"index":"index","follow":"follow","max-snippet":"max-snippet:-1","max-image-preview":"max-image-preview:large","max-video-preview":"max-video-preview:-1"},"canonical":"https:\/\/visionshare.org\/es\/acerca-de\/","og_locale":"es_ES","og_type":"article","og_title":"About us - Vision Share","og_description":"At Vision Share we connect eye banks, surgeons, and researchers by providing them access to corneal tissue for transplants and research.","og_url":"https:\/\/visionshare.org\/es\/acerca-de\/","og_site_name":"Vision Share","article_publisher":"https:\/\/www.facebook.com\/visionshareinc","article_modified_time":"2026-02-13T18:39:41+00:00","og_image":[{"width":1875,"height":625,"url":"https:\/\/visionshare.org\/wp-content\/uploads\/teampageheaderimage1875x625.jpg","type":"image\/jpeg"}],"twitter_card":"summary_large_image","twitter_site":"@Vision_Share","twitter_misc":{"Tiempo de lectura":"4 minutos"},"schema":{"@context":"https:\/\/schema.org","@graph":[{"@type":"WebPage","@id":"https:\/\/visionshare.org\/about\/","url":"https:\/\/visionshare.org\/about\/","name":"Qui\u00e9nes somos - Vision Share","isPartOf":{"@id":"https:\/\/visionshare.org\/#website"},"primaryImageOfPage":{"@id":"https:\/\/visionshare.org\/about\/#primaryimage"},"image":{"@id":"https:\/\/visionshare.org\/about\/#primaryimage"},"thumbnailUrl":"https:\/\/visionshare.org\/wp-content\/uploads\/teampageheaderimage1875x625.jpg","datePublished":"2022-02-13T16:43:35+00:00","dateModified":"2026-02-13T18:39:41+00:00","description":"En Vision Share ponemos en contacto a bancos de ojos, cirujanos e investigadores facilit\u00e1ndoles el acceso a tejido corneal para trasplantes e investigaci\u00f3n.","breadcrumb":{"@id":"https:\/\/visionshare.org\/about\/#breadcrumb"},"inLanguage":"es","potentialAction":[{"@type":"ReadAction","target":["https:\/\/visionshare.org\/about\/"]}]},{"@type":"ImageObject","inLanguage":"es","@id":"https:\/\/visionshare.org\/about\/#primaryimage","url":"https:\/\/visionshare.org\/wp-content\/uploads\/teampageheaderimage1875x625.jpg","contentUrl":"https:\/\/visionshare.org\/wp-content\/uploads\/teampageheaderimage1875x625.jpg","width":1875,"height":625,"caption":"VSTeampage-headerimage"},{"@type":"BreadcrumbList","@id":"https:\/\/visionshare.org\/about\/#breadcrumb","itemListElement":[{"@type":"ListItem","position":1,"name":"Home","item":"https:\/\/visionshare.org\/"},{"@type":"ListItem","position":2,"name":"About us"}]},{"@type":"WebSite","@id":"https:\/\/visionshare.org\/#website","url":"https:\/\/visionshare.org\/","name":"Compartir visi\u00f3n","description":"Su fuente de confianza","publisher":{"@id":"https:\/\/visionshare.org\/#organization"},"potentialAction":[{"@type":"SearchAction","target":{"@type":"EntryPoint","urlTemplate":"https:\/\/visionshare.org\/?s={search_term_string}"},"query-input":{"@type":"PropertyValueSpecification","valueRequired":true,"valueName":"search_term_string"}}],"inLanguage":"es"},{"@type":"Organization","@id":"https:\/\/visionshare.org\/#organization","name":"Compartir visi\u00f3n","url":"https:\/\/visionshare.org\/","logo":{"@type":"ImageObject","inLanguage":"es","@id":"https:\/\/visionshare.org\/#\/schema\/logo\/image\/","url":"https:\/\/visionshare.org\/wp-content\/uploads\/cropped-cropped-cropped-VS_Your-trusted-source-logo-01-PNG.png","contentUrl":"https:\/\/visionshare.org\/wp-content\/uploads\/cropped-cropped-cropped-VS_Your-trusted-source-logo-01-PNG.png","width":1655,"height":861,"caption":"Vision Share"},"image":{"@id":"https:\/\/visionshare.org\/#\/schema\/logo\/image\/"},"sameAs":["https:\/\/www.facebook.com\/visionshareinc","https:\/\/x.com\/Vision_Share","https:\/\/www.linkedin.com\/company\/visionsshare\/"]}]}},"_links":{"self":[{"href":"https:\/\/visionshare.org\/es\/wp-json\/wp\/v2\/pages\/44","targetHints":{"allow":["GET"]}}],"collection":[{"href":"https:\/\/visionshare.org\/es\/wp-json\/wp\/v2\/pages"}],"about":[{"href":"https:\/\/visionshare.org\/es\/wp-json\/wp\/v2\/types\/page"}],"author":[{"embeddable":true,"href":"https:\/\/visionshare.org\/es\/wp-json\/wp\/v2\/users\/1"}],"replies":[{"embeddable":true,"href":"https:\/\/visionshare.org\/es\/wp-json\/wp\/v2\/comments?post=44"}],"version-history":[{"count":415,"href":"https:\/\/visionshare.org\/es\/wp-json\/wp\/v2\/pages\/44\/revisions"}],"predecessor-version":[{"id":14604,"href":"https:\/\/visionshare.org\/es\/wp-json\/wp\/v2\/pages\/44\/revisions\/14604"}],"wp:featuredmedia":[{"embeddable":true,"href":"https:\/\/visionshare.org\/es\/wp-json\/wp\/v2\/media\/7352"}],"wp:attachment":[{"href":"https:\/\/visionshare.org\/es\/wp-json\/wp\/v2\/media?parent=44"}],"curies":[{"name":"wp","href":"https:\/\/api.w.org\/{rel}","templated":true}]}}