{"id":53,"date":"2022-02-13T18:11:16","date_gmt":"2022-02-13T18:11:16","guid":{"rendered":"https:\/\/clinic.wordifysites.com\/?page_id=53"},"modified":"2025-10-19T15:48:59","modified_gmt":"2025-10-19T20:48:59","slug":"pongase-en-contacto-con","status":"publish","type":"page","link":"https:\/\/visionshare.org\/es\/contact\/","title":{"rendered":"Contacto Vision Share"},"content":{"rendered":"<section class=\"gb-container gb-container-c3960f6e\">\n<div class=\"gb-container gb-container-d5af91d3\">\n\n<h2 class=\"gb-headline gb-headline-7fdc32dc gb-headline-text heading-icon-reversed\">Contacte con NUESTRO EQUIPO<\/h2>\n\n\n\n<h3 class=\"gb-headline gb-headline-d07c52b5 gb-headline-text\">ponerse en contacto<\/h3>\n\n\n\n<p class=\"gb-headline gb-headline-2b6b82fe gb-headline-text\">Gracias por su inter\u00e9s en Vision Share. Estamos deseando ponernos en contacto con usted. Rellene nuestro formulario de contacto si est\u00e1 interesado en <a href=\"https:\/\/visionshare.org\/es\/servicios-de-procesamiento-de-tejidos-para-trasplantes\/\">tejido de trasplante de c\u00f3rnea<\/a>, <a href=\"https:\/\/visionshare.org\/es\/suministro-de-tejido-ocular-para-investigacion\/\">tejido de investigaci\u00f3n ocular<\/a> o <a href=\"https:\/\/visionshare.org\/es\/tejido-esteril\/\">tejido est\u00e9ril<\/a>. Si prefiere ponerse en contacto con Vision Share por tel\u00e9fono o correo electr\u00f3nico, utilice nuestra informaci\u00f3n de contacto que figura a continuaci\u00f3n para ponerse en contacto con nuestro equipo. Estamos deseando ponernos en contacto con usted. <\/p>\n\n\n\n<p class=\"gb-headline gb-headline-e2cbd10f\"><span class=\"gb-icon\"><svg viewbox=\"0 0 512 512\" xmlns=\"http:\/\/www.w3.org\/2000\/svg\"><path d=\"M232.484 390.324c-3.902 3.899-3.902 10.23 0 14.137 3.91 3.902 10.239 3.902 14.137 0 3.91-3.906 3.91-10.238 0-14.137-3.898-3.91-10.226-3.91-14.137 0zm0 0\"><\/path><path d=\"M488.918 372.957l-75.922-64.559c-.351-.296-.723-.57-1.11-.816-19.917-12.68-45.491-9.871-62.19 6.824l-41.395 41.39a9.975 9.975 0 01-10.895 2.173c-46.742-19.336-85.14-48.446-114.129-86.512-22.105-29.027-30.074-52.094-31.125-55.344a9.938 9.938 0 00-.605-2.062 9.949 9.949 0 012.172-10.887l41.39-41.402c16.7-16.7 19.504-42.274 6.825-62.192-.102-.16-.207-.316-.317-.472L146.79 22.906C129.54-3.855 91.965-7.898 69.414 14.648l-8.289 8.29a.047.047 0 01-.02.019L31.512 52.551C-3.778 87.844-9.551 140.875 14.82 205.92c20.875 55.72 62.664 116.7 117.668 171.704 56.305 56.305 118.934 98.867 176.348 119.848 56.828 20.761 117.277 23.32 160.062-19.47l27.91-27.905c22.45-22.453 18.532-59.782-7.89-77.141zm-88.313-48.848l75.856 64.504c.348.297.719.57 1.105.817 16.204 10.316 18.657 32.972 5.098 46.527l-2.07 2.074-129.38-96.867 12.622-12.617c9.863-9.867 24.894-11.652 36.77-4.438zM130.082 33.895c.102.16.207.32.316.472l54.805 76.164c7.445 11.918 5.723 27.133-4.234 37.09l-12.23 12.234L81.206 31.137l2.348-2.348c13.613-13.613 36.25-11.039 46.527 5.106zm185.613 444.793c-54.734-20-114.777-60.915-169.066-115.204-53.031-53.027-93.191-111.476-113.086-164.578-14.934-39.86-24.953-95.152 12.11-132.21l21.16-21.165 87.53 128.719-14.761 14.77a29.88 29.88 0 00-6.848 31.835c3.157 12.954 17.68 39.84 32.332 59.653 21.563 29.156 60.7 69.465 124.696 95.941 11.246 4.653 24.07 2.098 32.68-6.508l14.488-14.492 129.379 96.867-11.551 11.547c-39.73 39.735-97.551 29.992-139.063 14.824zm0 0\"><\/path><path d=\"M213.719 366.45c-10.563-9.262-28.832-25.192-38.453-35.09-23.594-24.247-48.348-53.637-63.067-74.872-3.144-4.539-9.375-5.672-13.914-2.523-4.539 3.144-5.668 9.375-2.523 13.914 18.562 26.781 45.836 57.555 65.168 77.422 10.156 10.453 28.582 26.523 39.601 36.183 4.145 3.633 10.461 3.235 14.114-.925 3.64-4.149 3.226-10.47-.926-14.11zm0 0\"><\/path><\/svg><\/span><span class=\"gb-headline-text\">Distribuci\u00f3n: 1-888-65-SIGHT (1-888-657-4448)<\/span><\/p>\n\n\n\n<p class=\"gb-headline gb-headline-7a91cd7d\"><span class=\"gb-icon\"><svg viewbox=\"0 0 512 512\" xmlns=\"http:\/\/www.w3.org\/2000\/svg\"><path d=\"M467 61H45C20.218 61 0 81.196 0 106v300c0 24.72 20.128 45 45 45h422c24.72 0 45-20.128 45-45V106c0-24.72-20.128-45-45-45zm-6.214 30L256.954 294.833 51.359 91h409.427zM30 399.788V112.069l144.479 143.24L30 399.788zM51.213 421l144.57-144.57 50.657 50.222c5.864 5.814 15.327 5.795 21.167-.046L317 277.213 460.787 421H51.213zM482 399.787L338.213 256 482 112.212v287.575z\"><\/path><\/svg><\/span><span class=\"gb-headline-text\">Servicios al cliente ocular:&nbsp;<a href=\"mailto:dc@visionshare.org\">dc@visionshare.org<\/a><\/span><\/p>\n\n\n\n<p class=\"gb-headline gb-headline-c6b83d21\"><span class=\"gb-icon\"><svg viewbox=\"0 0 512 512\" xmlns=\"http:\/\/www.w3.org\/2000\/svg\"><path d=\"M467 61H45C20.218 61 0 81.196 0 106v300c0 24.72 20.128 45 45 45h422c24.72 0 45-20.128 45-45V106c0-24.72-20.128-45-45-45zm-6.214 30L256.954 294.833 51.359 91h409.427zM30 399.788V112.069l144.479 143.24L30 399.788zM51.213 421l144.57-144.57 50.657 50.222c5.864 5.814 15.327 5.795 21.167-.046L317 277.213 460.787 421H51.213zM482 399.787L338.213 256 482 112.212v287.575z\"><\/path><\/svg><\/span><span class=\"gb-headline-text\"><a href=\"mailto:businessoffice@visionshare.org\">Oficina comercial businessoffice@visionshare.org<\/a><\/span><\/p>\n\n\n\n<p class=\"gb-headline gb-headline-615f0213\"><span class=\"gb-icon\"><svg viewbox=\"0 0 512 512\" xmlns=\"http:\/\/www.w3.org\/2000\/svg\"><path d=\"M256 0C156.748 0 76 80.748 76 180c0 33.534 9.289 66.26 26.869 94.652l142.885 230.257A15 15 0 00258.499 512h.119a14.997 14.997 0 0012.75-7.292L410.611 272.22C427.221 244.428 436 212.539 436 180 436 80.748 355.252 0 256 0zm128.866 256.818L258.272 468.186l-129.905-209.34C113.734 235.214 105.8 207.95 105.8 180c0-82.71 67.49-150.2 150.2-150.2S406.1 97.29 406.1 180c0 27.121-7.411 53.688-21.234 76.818z\"><\/path><path d=\"M256 90c-49.626 0-90 40.374-90 90 0 49.309 39.717 90 90 90 50.903 0 90-41.233 90-90 0-49.626-40.374-90-90-90zm0 150.2c-33.257 0-60.2-27.033-60.2-60.2 0-33.084 27.116-60.2 60.2-60.2s60.1 27.116 60.1 60.2c0 32.683-26.316 60.2-60.1 60.2z\"><\/path><\/svg><\/span><span class=\"gb-headline-text\">3023 N Clark Street, Suite #118, Chicago, IL 60657-5200<\/span><\/p>\n\n\n<div class=\"gb-container gb-container-5ff8353b\">\n\n<a class=\"gb-button gb-button-b9907130\" href=\"https:\/\/www.linkedin.com\/company\/visionsshare\/\"><span class=\"gb-icon\"><svg aria-hidden=\"true\" role=\"img\" height=\"1em\" width=\"1em\" viewbox=\"0 0 448 512\" xmlns=\"http:\/\/www.w3.org\/2000\/svg\"><path fill=\"currentColor\" d=\"M100.28 448H7.4V148.9h92.88zM53.79 108.1C24.09 108.1 0 83.5 0 53.8a53.79 53.79 0 0 1 107.58 0c0 29.7-24.1 54.3-53.79 54.3zM447.9 448h-92.68V302.4c0-34.7-.7-79.2-48.29-79.2-48.29 0-55.69 37.7-55.69 76.7V448h-92.78V148.9h89.08v40.8h1.3c12.4-23.5 42.69-48.3 87.88-48.3 94 0 111.28 61.9 111.28 142.3V448z\"><\/path><\/svg><\/span><\/a>\n\n\n\n<a class=\"gb-button gb-button-c7640f60\" href=\"https:\/\/www.facebook.com\/visionshareinc\/\"><span class=\"gb-icon\"><svg aria-hidden=\"true\" role=\"img\" height=\"1em\" width=\"1em\" viewbox=\"0 0 320 512\" xmlns=\"http:\/\/www.w3.org\/2000\/svg\"><path fill=\"currentColor\" d=\"M279.14 288l14.22-92.66h-88.91v-60.13c0-25.35 12.42-50.06 52.24-50.06h40.42V6.26S260.43 0 225.36 0c-73.22 0-121.08 44.38-121.08 124.72v70.62H22.89V288h81.39v224h100.17V288z\"><\/path><\/svg><\/span><\/a>\n\n<\/div>\n\n<div class=\"gb-container gb-container-3754f9f7\">\n\n<p class=\"gb-headline gb-headline-26e067df\"><span class=\"gb-icon\"><svg xmlns=\"http:\/\/www.w3.org\/2000\/svg\" viewbox=\"0 0 24 24\"><path fill=\"none\" d=\"M0 0h24v24H0z\"><\/path><path d=\"M11.192 15.757c0-.88-.23-1.618-.69-2.217-.326-.412-.768-.683-1.327-.812-.55-.128-1.07-.137-1.54-.028-.16-.95.1-1.956.76-3.022.66-1.065 1.515-1.867 2.558-2.403L9.373 5c-.8.396-1.56.898-2.26 1.505-.71.607-1.34 1.305-1.9 2.094s-.98 1.68-1.25 2.69-.346 2.04-.217 3.1c.168 1.4.62 2.52 1.356 3.35.735.84 1.652 1.26 2.748 1.26.965 0 1.766-.29 2.4-.878.628-.576.94-1.365.94-2.368l.002.003zm9.124 0c0-.88-.23-1.618-.69-2.217-.326-.42-.77-.692-1.327-.817-.56-.124-1.074-.13-1.54-.022-.16-.94.09-1.95.75-3.02.66-1.06 1.514-1.86 2.557-2.4L18.49 5c-.8.396-1.555.898-2.26 1.505a11.29 11.29 0 0 0-1.894 2.094c-.556.79-.97 1.68-1.24 2.69a8.04 8.04 0 0 0-.217 3.1c.165 1.4.615 2.52 1.35 3.35.732.833 1.646 1.25 2.742 1.25.967 0 1.768-.29 2.402-.876.627-.576.942-1.365.942-2.368v.01z\"><\/path><\/svg><\/span><span class=\"gb-headline-text\">Vision Share es un grupo de personas que saben servir a la humanidad con eficacia y humildad. No est\u00e1n en primera l\u00ednea con los pacientes, sino que proporcionan a los cirujanos los medios para atender a pacientes desafortunados que necesitan ayuda para recuperar la visi\u00f3n.<br><\/span><\/p>\n\n\n<div class=\"wp-block-image is-style-rounded\">\n<figure class=\"aligncenter size-full is-resized\"><img loading=\"lazy\" decoding=\"async\" width=\"400\" height=\"400\" src=\"https:\/\/visionshare.org\/wp-content\/uploads\/phil-magrabi-partnership.webp\" alt=\"El director ejecutivo de Vision Share con un cirujano de trasplantes de c\u00f3rnea en Arabia Saud\u00ed\" class=\"wp-image-6893\" style=\"width:150px;height:150px\" srcset=\"https:\/\/visionshare.org\/wp-content\/uploads\/phil-magrabi-partnership.webp 400w, https:\/\/visionshare.org\/wp-content\/uploads\/phil-magrabi-partnership-300x300.webp 300w, https:\/\/visionshare.org\/wp-content\/uploads\/phil-magrabi-partnership-150x150.webp 150w, https:\/\/visionshare.org\/wp-content\/uploads\/phil-magrabi-partnership-100x100.webp 100w\" sizes=\"auto, (max-width: 400px) 100vw, 400px\" \/><\/figure>\n<\/div>\n\n\n<h3 class=\"gb-headline gb-headline-34565c99 gb-headline-text\"><strong>Dr. Danasoury, CMO<\/strong><\/h3>\n\n\n\n<p class=\"gb-headline gb-headline-65728991 gb-headline-text\">Hospitales y centros Magrabi,<br>Arabia Saud\u00ed<\/p>\n\n<\/div>\n<\/div>\n\n<div class=\"gb-container gb-container-78671382\">\n<div class=\"gb-container gb-container-46115740\">\n\n<iframe aria-label='\u00bfTiene preguntas? Tenemos respuestas' frameborder=\"0\" style=\"height:975px;width:99%;border:none;\" src='https:\/\/forms.zohopublic.com\/mhowellvisio1\/form\/GotQuestionsWeHaveAnswers\/formperma\/Sny3Zznkce4twHokU5yvJFKdXpIL59-xnDZgM_C7Mxw'><\/iframe>\n\n<\/div>\n<\/div>\n<\/section>","protected":false},"excerpt":{"rendered":"<p>Contact OUR TEAM get in touch Thank you for your interest in Vision Share. We look forward to connecting with you. Please fill out our &#8230; <a title=\"Contacto Vision Share\" class=\"read-more\" href=\"https:\/\/visionshare.org\/es\/contact\/\" aria-label=\"Leer m\u00e1s sobre Contact Vision Share\">Leer m\u00e1s<\/a><\/p>","protected":false},"author":1,"featured_media":10031,"parent":0,"menu_order":0,"comment_status":"closed","ping_status":"closed","template":"","meta":{"_acf_changed":false,"footnotes":""},"class_list":["post-53","page","type-page","status-publish","has-post-thumbnail"],"acf":[],"yoast_head":"<!-- This site is optimized with the Yoast SEO plugin v27.6 - https:\/\/yoast.com\/product\/yoast-seo-wordpress\/ -->\n<title>Contact Vision Share<\/title>\n<meta name=\"description\" content=\"Interested in corneal tissue for transplant or research? Contact Vision Share to discuss the details further today.\" \/>\n<meta name=\"robots\" content=\"index, follow, max-snippet:-1, max-image-preview:large, max-video-preview:-1\" \/>\n<link rel=\"canonical\" href=\"https:\/\/visionshare.org\/es\/pongase-en-contacto-con\/\" \/>\n<meta property=\"og:locale\" content=\"es_ES\" \/>\n<meta property=\"og:type\" content=\"article\" \/>\n<meta property=\"og:title\" content=\"Contact Vision Share\" \/>\n<meta property=\"og:description\" content=\"Interested in corneal tissue for transplant or research? Contact Vision Share to discuss the details further today.\" \/>\n<meta property=\"og:url\" content=\"https:\/\/visionshare.org\/es\/pongase-en-contacto-con\/\" \/>\n<meta property=\"og:site_name\" content=\"Vision Share\" \/>\n<meta property=\"article:publisher\" content=\"https:\/\/www.facebook.com\/visionshareinc\" \/>\n<meta property=\"article:modified_time\" content=\"2025-10-19T20:48:59+00:00\" \/>\n<meta property=\"og:image\" content=\"https:\/\/visionshare.org\/wp-content\/uploads\/contactpageheader.jpg\" \/>\n\t<meta property=\"og:image:width\" content=\"2160\" \/>\n\t<meta property=\"og:image:height\" content=\"850\" \/>\n\t<meta property=\"og:image:type\" content=\"image\/jpeg\" \/>\n<meta name=\"twitter:card\" content=\"summary_large_image\" \/>\n<meta name=\"twitter:site\" content=\"@Vision_Share\" \/>\n<meta name=\"twitter:label1\" content=\"Tiempo de lectura\" \/>\n\t<meta name=\"twitter:data1\" content=\"2 minutos\" \/>\n<script type=\"application\/ld+json\" class=\"yoast-schema-graph\">{\"@context\":\"https:\\\/\\\/schema.org\",\"@graph\":[{\"@type\":\"WebPage\",\"@id\":\"https:\\\/\\\/visionshare.org\\\/contact\\\/\",\"url\":\"https:\\\/\\\/visionshare.org\\\/contact\\\/\",\"name\":\"Contact Vision Share\",\"isPartOf\":{\"@id\":\"https:\\\/\\\/visionshare.org\\\/#website\"},\"primaryImageOfPage\":{\"@id\":\"https:\\\/\\\/visionshare.org\\\/contact\\\/#primaryimage\"},\"image\":{\"@id\":\"https:\\\/\\\/visionshare.org\\\/contact\\\/#primaryimage\"},\"thumbnailUrl\":\"https:\\\/\\\/visionshare.org\\\/wp-content\\\/uploads\\\/contactpageheader.jpg\",\"datePublished\":\"2022-02-13T18:11:16+00:00\",\"dateModified\":\"2025-10-19T20:48:59+00:00\",\"description\":\"Interested in corneal tissue for transplant or research? Contact Vision Share to discuss the details further today.\",\"breadcrumb\":{\"@id\":\"https:\\\/\\\/visionshare.org\\\/contact\\\/#breadcrumb\"},\"inLanguage\":\"es\",\"potentialAction\":[{\"@type\":\"ReadAction\",\"target\":[\"https:\\\/\\\/visionshare.org\\\/contact\\\/\"]}]},{\"@type\":\"ImageObject\",\"inLanguage\":\"es\",\"@id\":\"https:\\\/\\\/visionshare.org\\\/contact\\\/#primaryimage\",\"url\":\"https:\\\/\\\/visionshare.org\\\/wp-content\\\/uploads\\\/contactpageheader.jpg\",\"contentUrl\":\"https:\\\/\\\/visionshare.org\\\/wp-content\\\/uploads\\\/contactpageheader.jpg\",\"width\":2160,\"height\":850,\"caption\":\"contactus-pageheader\"},{\"@type\":\"BreadcrumbList\",\"@id\":\"https:\\\/\\\/visionshare.org\\\/contact\\\/#breadcrumb\",\"itemListElement\":[{\"@type\":\"ListItem\",\"position\":1,\"name\":\"Home\",\"item\":\"https:\\\/\\\/visionshare.org\\\/\"},{\"@type\":\"ListItem\",\"position\":2,\"name\":\"Contact Vision Share\"}]},{\"@type\":\"WebSite\",\"@id\":\"https:\\\/\\\/visionshare.org\\\/#website\",\"url\":\"https:\\\/\\\/visionshare.org\\\/\",\"name\":\"Vision Share\",\"description\":\"Your Trusted Source\",\"publisher\":{\"@id\":\"https:\\\/\\\/visionshare.org\\\/#organization\"},\"potentialAction\":[{\"@type\":\"SearchAction\",\"target\":{\"@type\":\"EntryPoint\",\"urlTemplate\":\"https:\\\/\\\/visionshare.org\\\/?s={search_term_string}\"},\"query-input\":{\"@type\":\"PropertyValueSpecification\",\"valueRequired\":true,\"valueName\":\"search_term_string\"}}],\"inLanguage\":\"es\"},{\"@type\":\"Organization\",\"@id\":\"https:\\\/\\\/visionshare.org\\\/#organization\",\"name\":\"Vision Share\",\"url\":\"https:\\\/\\\/visionshare.org\\\/\",\"logo\":{\"@type\":\"ImageObject\",\"inLanguage\":\"es\",\"@id\":\"https:\\\/\\\/visionshare.org\\\/#\\\/schema\\\/logo\\\/image\\\/\",\"url\":\"https:\\\/\\\/visionshare.org\\\/wp-content\\\/uploads\\\/cropped-cropped-cropped-VS_Your-trusted-source-logo-01-PNG.png\",\"contentUrl\":\"https:\\\/\\\/visionshare.org\\\/wp-content\\\/uploads\\\/cropped-cropped-cropped-VS_Your-trusted-source-logo-01-PNG.png\",\"width\":1655,\"height\":861,\"caption\":\"Vision Share\"},\"image\":{\"@id\":\"https:\\\/\\\/visionshare.org\\\/#\\\/schema\\\/logo\\\/image\\\/\"},\"sameAs\":[\"https:\\\/\\\/www.facebook.com\\\/visionshareinc\",\"https:\\\/\\\/x.com\\\/Vision_Share\",\"https:\\\/\\\/www.linkedin.com\\\/company\\\/visionsshare\\\/\"]}]}<\/script>\n<!-- \/ Yoast SEO plugin. -->","yoast_head_json":{"title":"Contacto Vision Share","description":"\u00bfInteresado en tejido corneal para trasplante o investigaci\u00f3n? Contacta a Vision Share hoy mismo para hablar m\u00e1s sobre los detalles.","robots":{"index":"index","follow":"follow","max-snippet":"max-snippet:-1","max-image-preview":"max-image-preview:large","max-video-preview":"max-video-preview:-1"},"canonical":"https:\/\/visionshare.org\/es\/pongase-en-contacto-con\/","og_locale":"es_ES","og_type":"article","og_title":"Contact Vision Share","og_description":"Interested in corneal tissue for transplant or research? Contact Vision Share to discuss the details further today.","og_url":"https:\/\/visionshare.org\/es\/pongase-en-contacto-con\/","og_site_name":"Vision Share","article_publisher":"https:\/\/www.facebook.com\/visionshareinc","article_modified_time":"2025-10-19T20:48:59+00:00","og_image":[{"width":2160,"height":850,"url":"https:\/\/visionshare.org\/wp-content\/uploads\/contactpageheader.jpg","type":"image\/jpeg"}],"twitter_card":"summary_large_image","twitter_site":"@Vision_Share","twitter_misc":{"Tiempo de lectura":"2 minutos"},"schema":{"@context":"https:\/\/schema.org","@graph":[{"@type":"WebPage","@id":"https:\/\/visionshare.org\/contact\/","url":"https:\/\/visionshare.org\/contact\/","name":"Contacto Vision Share","isPartOf":{"@id":"https:\/\/visionshare.org\/#website"},"primaryImageOfPage":{"@id":"https:\/\/visionshare.org\/contact\/#primaryimage"},"image":{"@id":"https:\/\/visionshare.org\/contact\/#primaryimage"},"thumbnailUrl":"https:\/\/visionshare.org\/wp-content\/uploads\/contactpageheader.jpg","datePublished":"2022-02-13T18:11:16+00:00","dateModified":"2025-10-19T20:48:59+00:00","description":"\u00bfInteresado en tejido corneal para trasplante o investigaci\u00f3n? Contacta a Vision Share hoy mismo para hablar m\u00e1s sobre los detalles.","breadcrumb":{"@id":"https:\/\/visionshare.org\/contact\/#breadcrumb"},"inLanguage":"es","potentialAction":[{"@type":"ReadAction","target":["https:\/\/visionshare.org\/contact\/"]}]},{"@type":"ImageObject","inLanguage":"es","@id":"https:\/\/visionshare.org\/contact\/#primaryimage","url":"https:\/\/visionshare.org\/wp-content\/uploads\/contactpageheader.jpg","contentUrl":"https:\/\/visionshare.org\/wp-content\/uploads\/contactpageheader.jpg","width":2160,"height":850,"caption":"contactus-pageheader"},{"@type":"BreadcrumbList","@id":"https:\/\/visionshare.org\/contact\/#breadcrumb","itemListElement":[{"@type":"ListItem","position":1,"name":"Home","item":"https:\/\/visionshare.org\/"},{"@type":"ListItem","position":2,"name":"Contact Vision Share"}]},{"@type":"WebSite","@id":"https:\/\/visionshare.org\/#website","url":"https:\/\/visionshare.org\/","name":"Compartir visi\u00f3n","description":"Su fuente de confianza","publisher":{"@id":"https:\/\/visionshare.org\/#organization"},"potentialAction":[{"@type":"SearchAction","target":{"@type":"EntryPoint","urlTemplate":"https:\/\/visionshare.org\/?s={search_term_string}"},"query-input":{"@type":"PropertyValueSpecification","valueRequired":true,"valueName":"search_term_string"}}],"inLanguage":"es"},{"@type":"Organization","@id":"https:\/\/visionshare.org\/#organization","name":"Compartir visi\u00f3n","url":"https:\/\/visionshare.org\/","logo":{"@type":"ImageObject","inLanguage":"es","@id":"https:\/\/visionshare.org\/#\/schema\/logo\/image\/","url":"https:\/\/visionshare.org\/wp-content\/uploads\/cropped-cropped-cropped-VS_Your-trusted-source-logo-01-PNG.png","contentUrl":"https:\/\/visionshare.org\/wp-content\/uploads\/cropped-cropped-cropped-VS_Your-trusted-source-logo-01-PNG.png","width":1655,"height":861,"caption":"Vision Share"},"image":{"@id":"https:\/\/visionshare.org\/#\/schema\/logo\/image\/"},"sameAs":["https:\/\/www.facebook.com\/visionshareinc","https:\/\/x.com\/Vision_Share","https:\/\/www.linkedin.com\/company\/visionsshare\/"]}]}},"_links":{"self":[{"href":"https:\/\/visionshare.org\/es\/wp-json\/wp\/v2\/pages\/53","targetHints":{"allow":["GET"]}}],"collection":[{"href":"https:\/\/visionshare.org\/es\/wp-json\/wp\/v2\/pages"}],"about":[{"href":"https:\/\/visionshare.org\/es\/wp-json\/wp\/v2\/types\/page"}],"author":[{"embeddable":true,"href":"https:\/\/visionshare.org\/es\/wp-json\/wp\/v2\/users\/1"}],"replies":[{"embeddable":true,"href":"https:\/\/visionshare.org\/es\/wp-json\/wp\/v2\/comments?post=53"}],"version-history":[{"count":102,"href":"https:\/\/visionshare.org\/es\/wp-json\/wp\/v2\/pages\/53\/revisions"}],"predecessor-version":[{"id":14143,"href":"https:\/\/visionshare.org\/es\/wp-json\/wp\/v2\/pages\/53\/revisions\/14143"}],"wp:featuredmedia":[{"embeddable":true,"href":"https:\/\/visionshare.org\/es\/wp-json\/wp\/v2\/media\/10031"}],"wp:attachment":[{"href":"https:\/\/visionshare.org\/es\/wp-json\/wp\/v2\/media?parent=53"}],"curies":[{"name":"wp","href":"https:\/\/api.w.org\/{rel}","templated":true}]}}