{"id":6511,"date":"2024-10-08T16:15:31","date_gmt":"2024-10-08T21:15:31","guid":{"rendered":"https:\/\/visionshare.org\/?page_id=6511"},"modified":"2025-09-09T13:54:00","modified_gmt":"2025-09-09T18:54:00","slug":"lebw","status":"publish","type":"page","link":"https:\/\/visionshare.org\/es\/member-list-info\/lebw\/","title":{"rendered":"Banco Leon\u00edstico de Ojos de Wisconsin"},"content":{"rendered":"<div class=\"gb-container gb-container-d452ee7a\">\n<div class=\"gb-container gb-container-7d07da58 gbp-section__inner\">\n<div class=\"gb-container gb-container-9c385b46\">\n\n<figure class=\"gb-block-image gb-block-image-2c8b1d92\"><img loading=\"lazy\" decoding=\"async\" width=\"2048\" height=\"1536\" class=\"gb-image gb-image-2c8b1d92\" src=\"https:\/\/visionshare.org\/wp-content\/uploads\/LEBW-Transporter.jpg\" alt=\"Transportador LEBW\" title=\"Transportador LEBW\" srcset=\"https:\/\/visionshare.org\/wp-content\/uploads\/LEBW-Transporter.jpg 2048w, https:\/\/visionshare.org\/wp-content\/uploads\/LEBW-Transporter-300x225.jpg 300w, https:\/\/visionshare.org\/wp-content\/uploads\/LEBW-Transporter-1024x768.jpg 1024w, https:\/\/visionshare.org\/wp-content\/uploads\/LEBW-Transporter-768x576.jpg 768w, https:\/\/visionshare.org\/wp-content\/uploads\/LEBW-Transporter-1536x1152.jpg 1536w, https:\/\/visionshare.org\/wp-content\/uploads\/LEBW-Transporter-500x375.jpg 500w, https:\/\/visionshare.org\/wp-content\/uploads\/LEBW-Transporter-700x525.jpg 700w\" sizes=\"auto, (max-width: 2048px) 100vw, 2048px\" \/><\/figure>\n\n<\/div>\n\n<div class=\"gb-container gb-container-00852ae2\">\n\n<p class=\"gb-headline gb-headline-50c37c70 gb-headline-text gbp-section__text\">En <strong>Banco Leon\u00edstico de Ojos de Wisconsin (LEBW)<\/strong> se fund\u00f3 hace m\u00e1s de 50 a\u00f1os y est\u00e1 al servicio de todo el estado de Wisconsin colaborando con cirujanos e investigadores para proporcionar tejido ocular de utilidad vital para trasplantes e investigaci\u00f3n.<\/p>\n\n\n\n<h3 class=\"gb-headline gb-headline-273989dd gb-headline-text gbp-section__text\"><strong>Misi\u00f3n y valores<\/strong><\/h3>\n\n\n\n<p>Su misi\u00f3n es devolver el don de la vista. Esto se consigue mediante una combinaci\u00f3n de trasplantes de c\u00f3rnea, el avance de la investigaci\u00f3n en el campo de la oftalmolog\u00eda y la defensa de la donaci\u00f3n de \u00f3rganos, ojos y tejidos.<\/p>\n\n<\/div>\n<\/div>\n\n<div class=\"gb-container gb-container-7295cd14 gbp-section__inner\">\n<div class=\"gb-container gb-container-8800a765 mobile-reverse-container-1\">\n\n<h2 class=\"gb-headline gb-headline-663f7f47 gb-headline-text gbp-section__headline\">Servicios e impacto<\/h2>\n\n\n\n<p>A trav\u00e9s de una red de profesionales m\u00e9dicos, voluntarios y socios del Club de Leones, la LEBW sigue concienciando y promoviendo la importancia de la donaci\u00f3n de ojos, adem\u00e1s de fomentar la colaboraci\u00f3n con hospitales, funerarias y otros centros m\u00e9dicos para agilizar el proceso de donaci\u00f3n.<\/p>\n\n<\/div>\n\n<div class=\"gb-container gb-container-6b58214d mobile-reverse-container-2\">\n\n<figure class=\"gb-block-image gb-block-image-c3c5b2b9\"><img loading=\"lazy\" decoding=\"async\" width=\"1200\" height=\"800\" class=\"gb-image gb-image-c3c5b2b9\" src=\"https:\/\/visionshare.org\/wp-content\/uploads\/lebw-ct-processing.jpg\" alt=\"lebw-procesamiento de tejido corneal\" srcset=\"https:\/\/visionshare.org\/wp-content\/uploads\/lebw-ct-processing.jpg 1200w, https:\/\/visionshare.org\/wp-content\/uploads\/lebw-ct-processing-300x200.jpg 300w, https:\/\/visionshare.org\/wp-content\/uploads\/lebw-ct-processing-1024x683.jpg 1024w, https:\/\/visionshare.org\/wp-content\/uploads\/lebw-ct-processing-768x512.jpg 768w\" sizes=\"auto, (max-width: 1200px) 100vw, 1200px\" \/><\/figure>\n\n<\/div>\n<\/div>\n\n<div class=\"gb-container gb-container-d1339a43 gbp-section__inner\">\n<div class=\"gb-container gb-container-b8cec7d4\">\n\n<figure class=\"gb-block-image gb-block-image-ca505df4\"><img loading=\"lazy\" decoding=\"async\" width=\"1200\" height=\"1200\" class=\"gb-image gb-image-ca505df4\" src=\"https:\/\/visionshare.org\/wp-content\/uploads\/lebw-team.jpg\" alt=\"Equipo LEBW\" title=\"equipo lebw\" srcset=\"https:\/\/visionshare.org\/wp-content\/uploads\/lebw-team.jpg 1200w, https:\/\/visionshare.org\/wp-content\/uploads\/lebw-team-300x300.jpg 300w, https:\/\/visionshare.org\/wp-content\/uploads\/lebw-team-1024x1024.jpg 1024w, https:\/\/visionshare.org\/wp-content\/uploads\/lebw-team-150x150.jpg 150w, https:\/\/visionshare.org\/wp-content\/uploads\/lebw-team-768x768.jpg 768w, https:\/\/visionshare.org\/wp-content\/uploads\/lebw-team-500x500.jpg 500w, https:\/\/visionshare.org\/wp-content\/uploads\/lebw-team-700x700.jpg 700w, https:\/\/visionshare.org\/wp-content\/uploads\/lebw-team-100x100.jpg 100w\" sizes=\"auto, (max-width: 1200px) 100vw, 1200px\" \/><\/figure>\n\n<\/div>\n\n<div class=\"gb-container gb-container-844ef4bb\">\n\n<h2 class=\"gb-headline gb-headline-da595920 gb-headline-text gbp-section__headline\">Compromiso con la comunidad y voluntariado<\/h2>\n\n\n\n<p>La LEBW est\u00e1 estrechamente vinculada a la comunidad, y los voluntarios desempe\u00f1an un papel fundamental en su labor. Los voluntarios ayudan a concienciar, apoyan a las familias de los donantes y facilitan la comunicaci\u00f3n con los receptores de trasplantes. <\/p>\n\n\n\n<p>Este enfoque centrado en la comunidad no s\u00f3lo educa al p\u00fablico sobre la importancia de la donaci\u00f3n de ojos, sino que tambi\u00e9n proporciona apoyo emocional y log\u00edstico a quienes participan en el proceso de donaci\u00f3n.<\/p>\n\n<\/div>\n<\/div>\n\n<div class=\"gb-container gb-container-a0368a4e gbp-section__inner\">\n<div class=\"gb-container gb-container-3120ff1a\">\n<div class=\"gb-container gb-container-e560db6a\">\n<div class=\"gb-container gb-container-2e83002b gbp-section\">\n<div class=\"gb-container gb-container-180e0582 gbp-section__inner\">\n<div class=\"gb-container gb-container-a0f98063\">\n\n<h2 class=\"gb-headline gb-headline-7abefd36 gb-headline-text gbp-section__headline\">Dedicaci\u00f3n a la calidad y la innovaci\u00f3n<\/h2>\n\n\n\n<div class=\"gb-headline gb-headline-99e038e0 gb-headline-text gbp-section__text\">LEBW mantiene rigurosas normas de calidad en la manipulaci\u00f3n, procesamiento y distribuci\u00f3n de tejido corneal. Est\u00e1n comprometidos con la mejora constante, utilizando la investigaci\u00f3n m\u00e9dica innovadora para ampliar las posibilidades de lo que se puede lograr a trav\u00e9s del trasplante de c\u00f3rnea.<\/div>\n\n\n\n<p><\/p>\n\n\n\n<p>En resumen, el Banco Leon\u00edstico de Ojos de Wisconsin es una pieza clave en la lucha contra la ceguera, ya que ayuda a las personas a recuperar la vista y mejora sus vidas mediante los trasplantes, la educaci\u00f3n y la investigaci\u00f3n.<\/p>\n\n\n<div class=\"gb-container gb-container-4bd041a8\">\n\n<a class=\"gb-button gb-button-e89fb59f gb-button-text gbp-button--primary\" href=\"https:\/\/lebw.org\/\" target=\"_blank\" rel=\"noopener noreferrer\">Visite su sitio web<\/a>\n\n<\/div>\n<\/div>\n<\/div>\n<\/div>\n<\/div>\n<\/div>\n<\/div>\n<\/div>","protected":false},"excerpt":{"rendered":"<p>The Lions Eye Bank of Wisconsin (LEBW) was founded over 50 years ago and serves the entire state of Wisconsin by working with surgeons and &#8230; <a title=\"Banco Leon\u00edstico de Ojos de Wisconsin\" class=\"read-more\" href=\"https:\/\/visionshare.org\/es\/member-list-info\/lebw\/\" aria-label=\"Leer m\u00e1s sobre Lions Eye Bank of Wisconsin\">Leer m\u00e1s<\/a><\/p>","protected":false},"author":1,"featured_media":6520,"parent":1306,"menu_order":0,"comment_status":"closed","ping_status":"closed","template":"","meta":{"_acf_changed":false,"footnotes":""},"class_list":["post-6511","page","type-page","status-publish","has-post-thumbnail"],"acf":[],"yoast_head":"<!-- This site is optimized with the Yoast SEO plugin v27.4 - https:\/\/yoast.com\/product\/yoast-seo-wordpress\/ -->\n<title>Lions Eye Bank of Wisconsin - Vision Share<\/title>\n<meta name=\"description\" content=\"Lions Eye Bank of Wisconsin is a member eye bank of the Vision Share network. Learn more about LEBW on our website today.\" \/>\n<meta name=\"robots\" content=\"index, follow, max-snippet:-1, max-image-preview:large, max-video-preview:-1\" \/>\n<link rel=\"canonical\" href=\"https:\/\/visionshare.org\/es\/lista-de-miembros\/lebw\/\" \/>\n<meta property=\"og:locale\" content=\"es_ES\" \/>\n<meta property=\"og:type\" content=\"article\" \/>\n<meta property=\"og:title\" content=\"Lions Eye Bank of Wisconsin - Vision Share\" \/>\n<meta property=\"og:description\" content=\"Lions Eye Bank of Wisconsin is a member eye bank of the Vision Share network. Learn more about LEBW on our website today.\" \/>\n<meta property=\"og:url\" content=\"https:\/\/visionshare.org\/es\/lista-de-miembros\/lebw\/\" \/>\n<meta property=\"og:site_name\" content=\"Vision Share\" \/>\n<meta property=\"article:publisher\" content=\"https:\/\/www.facebook.com\/visionshareinc\" \/>\n<meta property=\"article:modified_time\" content=\"2025-09-09T18:54:00+00:00\" \/>\n<meta property=\"og:image\" content=\"https:\/\/visionshare.org\/wp-content\/uploads\/lebw-outsidethebuilding.jpg\" \/>\n\t<meta property=\"og:image:width\" content=\"1430\" \/>\n\t<meta property=\"og:image:height\" content=\"519\" \/>\n\t<meta property=\"og:image:type\" content=\"image\/jpeg\" \/>\n<meta name=\"twitter:card\" content=\"summary_large_image\" \/>\n<meta name=\"twitter:site\" content=\"@Vision_Share\" \/>\n<meta name=\"twitter:label1\" content=\"Tiempo de lectura\" \/>\n\t<meta name=\"twitter:data1\" content=\"2 minutos\" \/>\n<script type=\"application\/ld+json\" class=\"yoast-schema-graph\">{\"@context\":\"https:\\\/\\\/schema.org\",\"@graph\":[{\"@type\":\"WebPage\",\"@id\":\"https:\\\/\\\/visionshare.org\\\/member-list-info\\\/lebw\\\/\",\"url\":\"https:\\\/\\\/visionshare.org\\\/member-list-info\\\/lebw\\\/\",\"name\":\"Lions Eye Bank of Wisconsin - Vision Share\",\"isPartOf\":{\"@id\":\"https:\\\/\\\/visionshare.org\\\/#website\"},\"primaryImageOfPage\":{\"@id\":\"https:\\\/\\\/visionshare.org\\\/member-list-info\\\/lebw\\\/#primaryimage\"},\"image\":{\"@id\":\"https:\\\/\\\/visionshare.org\\\/member-list-info\\\/lebw\\\/#primaryimage\"},\"thumbnailUrl\":\"https:\\\/\\\/visionshare.org\\\/wp-content\\\/uploads\\\/lebw-outsidethebuilding.jpg\",\"datePublished\":\"2024-10-08T21:15:31+00:00\",\"dateModified\":\"2025-09-09T18:54:00+00:00\",\"description\":\"Lions Eye Bank of Wisconsin is a member eye bank of the Vision Share network. Learn more about LEBW on our website today.\",\"breadcrumb\":{\"@id\":\"https:\\\/\\\/visionshare.org\\\/member-list-info\\\/lebw\\\/#breadcrumb\"},\"inLanguage\":\"es\",\"potentialAction\":[{\"@type\":\"ReadAction\",\"target\":[\"https:\\\/\\\/visionshare.org\\\/member-list-info\\\/lebw\\\/\"]}]},{\"@type\":\"ImageObject\",\"inLanguage\":\"es\",\"@id\":\"https:\\\/\\\/visionshare.org\\\/member-list-info\\\/lebw\\\/#primaryimage\",\"url\":\"https:\\\/\\\/visionshare.org\\\/wp-content\\\/uploads\\\/lebw-outsidethebuilding.jpg\",\"contentUrl\":\"https:\\\/\\\/visionshare.org\\\/wp-content\\\/uploads\\\/lebw-outsidethebuilding.jpg\",\"width\":1430,\"height\":519,\"caption\":\"lebw-outsidethebuilding\"},{\"@type\":\"BreadcrumbList\",\"@id\":\"https:\\\/\\\/visionshare.org\\\/member-list-info\\\/lebw\\\/#breadcrumb\",\"itemListElement\":[{\"@type\":\"ListItem\",\"position\":1,\"name\":\"Home\",\"item\":\"https:\\\/\\\/visionshare.org\\\/\"},{\"@type\":\"ListItem\",\"position\":2,\"name\":\"Vision Share Eye Bank Network\",\"item\":\"https:\\\/\\\/visionshare.org\\\/member-list-info\\\/\"},{\"@type\":\"ListItem\",\"position\":3,\"name\":\"Lions Eye Bank of Wisconsin\"}]},{\"@type\":\"WebSite\",\"@id\":\"https:\\\/\\\/visionshare.org\\\/#website\",\"url\":\"https:\\\/\\\/visionshare.org\\\/\",\"name\":\"Vision Share\",\"description\":\"Your Trusted Source\",\"publisher\":{\"@id\":\"https:\\\/\\\/visionshare.org\\\/#organization\"},\"potentialAction\":[{\"@type\":\"SearchAction\",\"target\":{\"@type\":\"EntryPoint\",\"urlTemplate\":\"https:\\\/\\\/visionshare.org\\\/?s={search_term_string}\"},\"query-input\":{\"@type\":\"PropertyValueSpecification\",\"valueRequired\":true,\"valueName\":\"search_term_string\"}}],\"inLanguage\":\"es\"},{\"@type\":\"Organization\",\"@id\":\"https:\\\/\\\/visionshare.org\\\/#organization\",\"name\":\"Vision Share\",\"url\":\"https:\\\/\\\/visionshare.org\\\/\",\"logo\":{\"@type\":\"ImageObject\",\"inLanguage\":\"es\",\"@id\":\"https:\\\/\\\/visionshare.org\\\/#\\\/schema\\\/logo\\\/image\\\/\",\"url\":\"https:\\\/\\\/visionshare.org\\\/wp-content\\\/uploads\\\/cropped-cropped-cropped-VS_Your-trusted-source-logo-01-PNG.png\",\"contentUrl\":\"https:\\\/\\\/visionshare.org\\\/wp-content\\\/uploads\\\/cropped-cropped-cropped-VS_Your-trusted-source-logo-01-PNG.png\",\"width\":1655,\"height\":861,\"caption\":\"Vision Share\"},\"image\":{\"@id\":\"https:\\\/\\\/visionshare.org\\\/#\\\/schema\\\/logo\\\/image\\\/\"},\"sameAs\":[\"https:\\\/\\\/www.facebook.com\\\/visionshareinc\",\"https:\\\/\\\/x.com\\\/Vision_Share\",\"https:\\\/\\\/www.linkedin.com\\\/company\\\/visionsshare\\\/\"]}]}<\/script>\n<!-- \/ Yoast SEO plugin. -->","yoast_head_json":{"title":"Banco Leon\u00edstico de Ojos de Wisconsin - Vision Share","description":"Lions Eye Bank of Wisconsin es un banco de ojos miembro de la red Vision Share. Conoce m\u00e1s sobre LEBW en nuestro sitio web hoy mismo.","robots":{"index":"index","follow":"follow","max-snippet":"max-snippet:-1","max-image-preview":"max-image-preview:large","max-video-preview":"max-video-preview:-1"},"canonical":"https:\/\/visionshare.org\/es\/lista-de-miembros\/lebw\/","og_locale":"es_ES","og_type":"article","og_title":"Lions Eye Bank of Wisconsin - Vision Share","og_description":"Lions Eye Bank of Wisconsin is a member eye bank of the Vision Share network. Learn more about LEBW on our website today.","og_url":"https:\/\/visionshare.org\/es\/lista-de-miembros\/lebw\/","og_site_name":"Vision Share","article_publisher":"https:\/\/www.facebook.com\/visionshareinc","article_modified_time":"2025-09-09T18:54:00+00:00","og_image":[{"width":1430,"height":519,"url":"https:\/\/visionshare.org\/wp-content\/uploads\/lebw-outsidethebuilding.jpg","type":"image\/jpeg"}],"twitter_card":"summary_large_image","twitter_site":"@Vision_Share","twitter_misc":{"Tiempo de lectura":"2 minutos"},"schema":{"@context":"https:\/\/schema.org","@graph":[{"@type":"WebPage","@id":"https:\/\/visionshare.org\/member-list-info\/lebw\/","url":"https:\/\/visionshare.org\/member-list-info\/lebw\/","name":"Banco Leon\u00edstico de Ojos de Wisconsin - Vision Share","isPartOf":{"@id":"https:\/\/visionshare.org\/#website"},"primaryImageOfPage":{"@id":"https:\/\/visionshare.org\/member-list-info\/lebw\/#primaryimage"},"image":{"@id":"https:\/\/visionshare.org\/member-list-info\/lebw\/#primaryimage"},"thumbnailUrl":"https:\/\/visionshare.org\/wp-content\/uploads\/lebw-outsidethebuilding.jpg","datePublished":"2024-10-08T21:15:31+00:00","dateModified":"2025-09-09T18:54:00+00:00","description":"Lions Eye Bank of Wisconsin es un banco de ojos miembro de la red Vision Share. Conoce m\u00e1s sobre LEBW en nuestro sitio web hoy mismo.","breadcrumb":{"@id":"https:\/\/visionshare.org\/member-list-info\/lebw\/#breadcrumb"},"inLanguage":"es","potentialAction":[{"@type":"ReadAction","target":["https:\/\/visionshare.org\/member-list-info\/lebw\/"]}]},{"@type":"ImageObject","inLanguage":"es","@id":"https:\/\/visionshare.org\/member-list-info\/lebw\/#primaryimage","url":"https:\/\/visionshare.org\/wp-content\/uploads\/lebw-outsidethebuilding.jpg","contentUrl":"https:\/\/visionshare.org\/wp-content\/uploads\/lebw-outsidethebuilding.jpg","width":1430,"height":519,"caption":"lebw-outsidethebuilding"},{"@type":"BreadcrumbList","@id":"https:\/\/visionshare.org\/member-list-info\/lebw\/#breadcrumb","itemListElement":[{"@type":"ListItem","position":1,"name":"Home","item":"https:\/\/visionshare.org\/"},{"@type":"ListItem","position":2,"name":"Vision Share Eye Bank Network","item":"https:\/\/visionshare.org\/member-list-info\/"},{"@type":"ListItem","position":3,"name":"Lions Eye Bank of Wisconsin"}]},{"@type":"WebSite","@id":"https:\/\/visionshare.org\/#website","url":"https:\/\/visionshare.org\/","name":"Compartir visi\u00f3n","description":"Su fuente de confianza","publisher":{"@id":"https:\/\/visionshare.org\/#organization"},"potentialAction":[{"@type":"SearchAction","target":{"@type":"EntryPoint","urlTemplate":"https:\/\/visionshare.org\/?s={search_term_string}"},"query-input":{"@type":"PropertyValueSpecification","valueRequired":true,"valueName":"search_term_string"}}],"inLanguage":"es"},{"@type":"Organization","@id":"https:\/\/visionshare.org\/#organization","name":"Compartir visi\u00f3n","url":"https:\/\/visionshare.org\/","logo":{"@type":"ImageObject","inLanguage":"es","@id":"https:\/\/visionshare.org\/#\/schema\/logo\/image\/","url":"https:\/\/visionshare.org\/wp-content\/uploads\/cropped-cropped-cropped-VS_Your-trusted-source-logo-01-PNG.png","contentUrl":"https:\/\/visionshare.org\/wp-content\/uploads\/cropped-cropped-cropped-VS_Your-trusted-source-logo-01-PNG.png","width":1655,"height":861,"caption":"Vision Share"},"image":{"@id":"https:\/\/visionshare.org\/#\/schema\/logo\/image\/"},"sameAs":["https:\/\/www.facebook.com\/visionshareinc","https:\/\/x.com\/Vision_Share","https:\/\/www.linkedin.com\/company\/visionsshare\/"]}]}},"_links":{"self":[{"href":"https:\/\/visionshare.org\/es\/wp-json\/wp\/v2\/pages\/6511","targetHints":{"allow":["GET"]}}],"collection":[{"href":"https:\/\/visionshare.org\/es\/wp-json\/wp\/v2\/pages"}],"about":[{"href":"https:\/\/visionshare.org\/es\/wp-json\/wp\/v2\/types\/page"}],"author":[{"embeddable":true,"href":"https:\/\/visionshare.org\/es\/wp-json\/wp\/v2\/users\/1"}],"replies":[{"embeddable":true,"href":"https:\/\/visionshare.org\/es\/wp-json\/wp\/v2\/comments?post=6511"}],"version-history":[{"count":58,"href":"https:\/\/visionshare.org\/es\/wp-json\/wp\/v2\/pages\/6511\/revisions"}],"predecessor-version":[{"id":13800,"href":"https:\/\/visionshare.org\/es\/wp-json\/wp\/v2\/pages\/6511\/revisions\/13800"}],"up":[{"embeddable":true,"href":"https:\/\/visionshare.org\/es\/wp-json\/wp\/v2\/pages\/1306"}],"wp:featuredmedia":[{"embeddable":true,"href":"https:\/\/visionshare.org\/es\/wp-json\/wp\/v2\/media\/6520"}],"wp:attachment":[{"href":"https:\/\/visionshare.org\/es\/wp-json\/wp\/v2\/media?parent=6511"}],"curies":[{"name":"wp","href":"https:\/\/api.w.org\/{rel}","templated":true}]}}