{"id":6646,"date":"2024-10-09T15:32:47","date_gmt":"2024-10-09T20:32:47","guid":{"rendered":"https:\/\/visionshare.org\/?page_id=6646"},"modified":"2026-03-04T13:31:26","modified_gmt":"2026-03-04T19:31:26","slug":"banco-de-ojos-de-los-leones-de-utah","status":"publish","type":"page","link":"https:\/\/visionshare.org\/es\/member-list-info\/utah-lions-eye-bank\/","title":{"rendered":"Banco Leon\u00edstico de Ojos de Utah"},"content":{"rendered":"<div class=\"gb-container gb-container-d452ee7a\">\n<div class=\"gb-container gb-container-7d07da58 gbp-section__inner\">\n<div class=\"gb-container gb-container-9c385b46\">\n\n<figure class=\"gb-block-image gb-block-image-2c8b1d92\"><img loading=\"lazy\" decoding=\"async\" width=\"2560\" height=\"1786\" class=\"gb-image gb-image-2c8b1d92\" src=\"https:\/\/visionshare.org\/wp-content\/uploads\/eye-bank-scaled.jpg\" alt=\"Oficina del Banco Leon\u00edstico de Ojos de Utah\" title=\"banco de ojos\" srcset=\"https:\/\/visionshare.org\/wp-content\/uploads\/eye-bank-scaled.jpg 2560w, https:\/\/visionshare.org\/wp-content\/uploads\/eye-bank-300x209.jpg 300w, https:\/\/visionshare.org\/wp-content\/uploads\/eye-bank-1024x714.jpg 1024w, https:\/\/visionshare.org\/wp-content\/uploads\/eye-bank-768x536.jpg 768w, https:\/\/visionshare.org\/wp-content\/uploads\/eye-bank-1536x1071.jpg 1536w, https:\/\/visionshare.org\/wp-content\/uploads\/eye-bank-2048x1429.jpg 2048w, https:\/\/visionshare.org\/wp-content\/uploads\/eye-bank-500x349.jpg 500w, https:\/\/visionshare.org\/wp-content\/uploads\/eye-bank-700x488.jpg 700w\" sizes=\"auto, (max-width: 2560px) 100vw, 2560px\" \/><\/figure>\n\n<\/div>\n\n<div class=\"gb-container gb-container-00852ae2\">\n\n<h2 class=\"gb-headline gb-headline-6c4b8a24 gb-headline-text gbp-section__headline\">Misi\u00f3n y legado<\/h2>\n\n\n\n<p class=\"gb-headline gb-headline-50c37c70 gb-headline-text gbp-section__text\">Fundado en 1972, el Utah Lions Eye Bank (ULEB) lleva m\u00e1s de cinco d\u00e9cadas restaurando la visi\u00f3n y promoviendo la salud ocular en toda la regi\u00f3n. El ULEB, que presta servicio en Utah, Idaho, el este de Nevada y el oeste de Wyoming, colabora con cirujanos, investigadores y familias de donantes para proporcionar tejido corneal destinado a trasplantes que cambian vidas.<br><\/p>\n\n\n\n<p>Basada en la compasi\u00f3n, el servicio y la innovaci\u00f3n, la misi\u00f3n de la ULEB va m\u00e1s all\u00e1 de los trasplantes y apoya la investigaci\u00f3n para avanzar en el tratamiento de enfermedades oculares complejas y reforzar el futuro de la atenci\u00f3n oftalmol\u00f3gica.<\/p>\n\n\n\n<p>En 2022, la ULEB celebr\u00f3 su 50 aniversario acogiendo en sus instalaciones a familias de donantes, receptores de trasplantes y oftalm\u00f3logos para una celebraci\u00f3n comunitaria. El evento brind\u00f3 la oportunidad de dar las gracias personalmente a las familias de los donantes, destacar el impacto de la donaci\u00f3n en el cambio de vida y ofrecer una mirada al interior de las operaciones de recuperaci\u00f3n y procesamiento de vanguardia de la ULEB, un reflejo de su compromiso con la transparencia y la gesti\u00f3n.<\/p>\n\n<\/div>\n<\/div>\n\n<div class=\"gb-container gb-container-7295cd14 gbp-section__inner\">\n<div class=\"gb-container gb-container-8800a765 mobile-reverse-container-1\">\n\n<h2 class=\"gb-headline gb-headline-663f7f47 gb-headline-text gbp-section__headline\">Historia e impacto regional<\/h2>\n\n\n\n<p>Fundada por miembros de la Asociaci\u00f3n Internacional de Clubes de Leones, la ULEB se cre\u00f3 con el objetivo de ampliar el acceso a los trasplantes de c\u00f3rnea y fomentar la concienciaci\u00f3n sobre la donaci\u00f3n de ojos.<\/p>\n\n\n\n<p>A lo largo de los a\u00f1os, la organizaci\u00f3n ha facilitado miles de injertos, mejorando la calidad de vida de las personas que se enfrentan a la p\u00e9rdida de visi\u00f3n. Desde sus comienzos hasta su papel actual como l\u00edder regional en bancos de ojos, la ULEB sigue proporcionando recursos esenciales para el tratamiento de afecciones corneales complejas, como el queratocono, las cicatrices corneales y otras enfermedades que ponen en peligro la visi\u00f3n.<\/p>\n\n\n\n<p>La ULEB se asocia con DonorConnect para apoyar el Monumento a la Celebraci\u00f3n de la Vida, un homenaje a los donantes de \u00f3rganos y tejidos y a las vidas transformadas gracias a la donaci\u00f3n.<\/p>\n\n<\/div>\n\n<div class=\"gb-container gb-container-6b58214d mobile-reverse-container-2\">\n\n<figure class=\"gb-block-image gb-block-image-c3c5b2b9\"><img loading=\"lazy\" decoding=\"async\" width=\"1200\" height=\"900\" class=\"gb-image gb-image-c3c5b2b9\" src=\"https:\/\/visionshare.org\/wp-content\/uploads\/DSAEK-uleb.jpg\" alt=\"Procesador de tejido corneal del Banco Leon\u00edstico de Ojos de Utah\" title=\"DSAEK-uleb\" srcset=\"https:\/\/visionshare.org\/wp-content\/uploads\/DSAEK-uleb.jpg 1200w, https:\/\/visionshare.org\/wp-content\/uploads\/DSAEK-uleb-300x225.jpg 300w, https:\/\/visionshare.org\/wp-content\/uploads\/DSAEK-uleb-1024x768.jpg 1024w, https:\/\/visionshare.org\/wp-content\/uploads\/DSAEK-uleb-768x576.jpg 768w, https:\/\/visionshare.org\/wp-content\/uploads\/DSAEK-uleb-500x375.jpg 500w, https:\/\/visionshare.org\/wp-content\/uploads\/DSAEK-uleb-700x525.jpg 700w\" sizes=\"auto, (max-width: 1200px) 100vw, 1200px\" \/><\/figure>\n\n<\/div>\n<\/div>\n\n<div class=\"gb-container gb-container-d1339a43 gbp-section__inner\">\n<div class=\"gb-container gb-container-b8cec7d4\">\n\n<figure class=\"gb-block-image gb-block-image-ca505df4\"><img loading=\"lazy\" decoding=\"async\" width=\"400\" height=\"600\" class=\"gb-image gb-image-ca505df4\" src=\"https:\/\/visionshare.org\/wp-content\/uploads\/chris-headshot-sm.webp\" alt=\"\" title=\"chris-headshot-sm\" srcset=\"https:\/\/visionshare.org\/wp-content\/uploads\/chris-headshot-sm.webp 400w, https:\/\/visionshare.org\/wp-content\/uploads\/chris-headshot-sm-200x300.webp 200w, https:\/\/visionshare.org\/wp-content\/uploads\/chris-headshot-sm-8x12.webp 8w\" sizes=\"auto, (max-width: 400px) 100vw, 400px\" \/><\/figure>\n\n<\/div>\n\n<div class=\"gb-container gb-container-844ef4bb\">\n\n<h2 class=\"gb-headline gb-headline-16988a04 gb-headline-text gbp-section__headline\">Reconocimiento del liderazgo<\/h2>\n\n\n\n<p>En reconocimiento a su compromiso con el avance de los bancos de ojos y el don de la vista, el Director Ejecutivo de la ULEB, <strong>Chris Hanna<\/strong>, recibi\u00f3 el <strong>Premio Heise 2026<\/strong> - una de las distinciones m\u00e1s prestigiosas del sector. Bajo su liderazgo, la ULEB ha reforzado las asociaciones cl\u00ednicas, ha mejorado la gesti\u00f3n de las familias de donantes y ha ampliado las colaboraciones de investigaci\u00f3n que siguen transformando vidas.<\/p>\n\n<\/div>\n<\/div>\n\n<div class=\"gb-container gb-container-f30a6174 gbp-section__inner\">\n<div class=\"gb-container gb-container-f06b011c\">\n\n<h2 class=\"gb-headline gb-headline-4ebe43a7 gb-headline-text gbp-section__headline\">Investigaci\u00f3n y colaboraci\u00f3n cl\u00ednica<\/h2>\n\n\n\n<p>La ULEB colabora estrechamente con instituciones de investigaci\u00f3n punteras, como el John A. Moran Eye Center, clasificado sistem\u00e1ticamente entre los 10 mejores centros oftalmol\u00f3gicos de Estados Unidos.<\/p>\n\n\n\n<p>A trav\u00e9s de sus asociaciones con destacados investigadores, la ULEB apoya los avances cient\u00edficos de vanguardia. Las \u00e1reas de inter\u00e9s de Moran y sus investigadores afiliados incluyen enfermedades cegadoras como la degeneraci\u00f3n macular asociada a la edad y otras afecciones oculares graves. La investigaci\u00f3n con ojos enteros ultrafrescos recuperados por la ULEB en menos de cinco horas ha contribuido a importantes hallazgos, como la publicaci\u00f3n en Science Advances de un trabajo sobre la recuperaci\u00f3n de lesiones isqu\u00e9micas retinianas.<\/p>\n\n\n\n<p>M\u00e1s informaci\u00f3n sobre esta investigaci\u00f3n en Science Advances:\u00a0<strong><u><a href=\"https:\/\/www.science.org\/doi\/10.1126\/sciadv.adx7204\" target=\"_blank\" rel=\"noreferrer noopener\">Curaci\u00f3n de lesiones isqu\u00e9micas en la retina | Science Advances<\/a><\/u><\/strong><\/p>\n\n\n\n<p>Esta integraci\u00f3n de los trasplantes cl\u00ednicos y los descubrimientos cient\u00edficos sit\u00faa a la ULEB en una posici\u00f3n clave para la atenci\u00f3n al paciente y la innovaci\u00f3n.<\/p>\n\n<\/div>\n\n<div class=\"gb-container gb-container-8b28b8b0\">\n\n<figure class=\"gb-block-image gb-block-image-2f80d544\"><img loading=\"lazy\" decoding=\"async\" width=\"1200\" height=\"790\" class=\"gb-image gb-image-2f80d544\" src=\"https:\/\/visionshare.org\/wp-content\/uploads\/ULEB-Vehicle-at-Moran.jpg\" alt=\"Banco Leon\u00edstico de Ojos de Utah y Centro Oftalmol\u00f3gico John A. Moran\" title=\"Veh\u00edculo ULEB en Moran\" srcset=\"https:\/\/visionshare.org\/wp-content\/uploads\/ULEB-Vehicle-at-Moran.jpg 1200w, https:\/\/visionshare.org\/wp-content\/uploads\/ULEB-Vehicle-at-Moran-300x198.jpg 300w, https:\/\/visionshare.org\/wp-content\/uploads\/ULEB-Vehicle-at-Moran-1024x674.jpg 1024w, https:\/\/visionshare.org\/wp-content\/uploads\/ULEB-Vehicle-at-Moran-768x506.jpg 768w, https:\/\/visionshare.org\/wp-content\/uploads\/ULEB-Vehicle-at-Moran-500x329.jpg 500w, https:\/\/visionshare.org\/wp-content\/uploads\/ULEB-Vehicle-at-Moran-700x461.jpg 700w\" sizes=\"auto, (max-width: 1200px) 100vw, 1200px\" \/><\/figure>\n\n<\/div>\n<\/div>\n\n<div class=\"gb-container gb-container-7e820888 gbp-section__inner\">\n<div class=\"gb-container gb-container-5948e38e mobile-reverse-container-2\">\n\n<figure class=\"gb-block-image gb-block-image-3345b6c5\"><img loading=\"lazy\" decoding=\"async\" width=\"1200\" height=\"800\" class=\"gb-image gb-image-3345b6c5\" src=\"https:\/\/visionshare.org\/wp-content\/uploads\/Donate-Life-glass.jpg\" alt=\"Foto de Dona Vida en la oficina de la ULEB\" title=\"Vidrio Dona Vida\" srcset=\"https:\/\/visionshare.org\/wp-content\/uploads\/Donate-Life-glass.jpg 1200w, https:\/\/visionshare.org\/wp-content\/uploads\/Donate-Life-glass-300x200.jpg 300w, https:\/\/visionshare.org\/wp-content\/uploads\/Donate-Life-glass-1024x683.jpg 1024w, https:\/\/visionshare.org\/wp-content\/uploads\/Donate-Life-glass-768x512.jpg 768w, https:\/\/visionshare.org\/wp-content\/uploads\/Donate-Life-glass-500x333.jpg 500w, https:\/\/visionshare.org\/wp-content\/uploads\/Donate-Life-glass-700x467.jpg 700w\" sizes=\"auto, (max-width: 1200px) 100vw, 1200px\" \/><\/figure>\n\n<\/div>\n\n<div class=\"gb-container gb-container-f9111b8f mobile-reverse-container-1\">\n\n<h2 class=\"gb-headline gb-headline-e27ea809 gb-headline-text gbp-section__headline\">Participaci\u00f3n p\u00fablica y comunitaria<\/h2>\n\n\n\n<p>Como organizaci\u00f3n sin \u00e1nimo de lucro, la ULEB est\u00e1 profundamente arraigada en su comunidad. El Banco de Ojos promueve activamente la concienciaci\u00f3n sobre la donaci\u00f3n de ojos a trav\u00e9s de iniciativas de divulgaci\u00f3n, actos p\u00fablicos y narraciones que ponen en contacto a familias donantes y receptores.<\/p>\n\n\n\n<p>La reciente cobertura medi\u00e1tica de FOX 13 y KUTV pone de relieve el poderoso impacto de la donaci\u00f3n de c\u00f3rneas, que no s\u00f3lo devuelve la visi\u00f3n, sino tambi\u00e9n un prop\u00f3sito y una esperanza renovados.<\/p>\n\n\n\n<p><strong>Vea el reportaje de Fox 13<\/strong><\/p>\n\n\n\n<p><a href=\"https:\/\/www.fox13now.com\/community\/gift-of-hope\/how-a-donated-cornea-gave-one-utahn-back-his-vision-and-his-purpose\">https:\/\/www.fox13now.com\/community\/gift-of-hope\/how-a-donated-cornea-gave-one-utahn-back-his-vision-and-his-purpose<\/a><\/p>\n\n\n\n<p><strong>Vea el reportaje de KUTV<\/strong><\/p>\n\n\n\n<p><a href=\"https:\/\/kutv.com\/news\/arc-salt-lake\/utah-lions-eye-bank-urges-more-people-to-give-ultimate-gift-register-as-donors\">https:\/\/kutv.com\/news\/arc-salt-lake\/utah-lions-eye-bank-urges-more-people-to-give-ultimate-gift-register-as-donors<\/a><\/p>\n\n<\/div>\n<\/div>\n\n<div class=\"gb-container gb-container-a0368a4e gbp-section__inner\">\n<div class=\"gb-container gb-container-3120ff1a\">\n<div class=\"gb-container gb-container-e560db6a\">\n<div class=\"gb-container gb-container-2e83002b gbp-section\">\n<div class=\"gb-container gb-container-180e0582 gbp-section__inner\">\n<div class=\"gb-container gb-container-a0f98063\">\n\n<h2 class=\"gb-headline gb-headline-7abefd36 gb-headline-text gbp-section__headline\">Apoyo a donantes y familiares<\/h2>\n\n\n\n<div class=\"gb-headline gb-headline-99e038e0 gb-headline-text gbp-section__text\">La ULEB se compromete a honrar a cada donante y a apoyar a sus familias con compasi\u00f3n y transparencia. Cuando el tejido no es apto para el trasplante, se destina a la investigaci\u00f3n, ampliando el impacto de la donaci\u00f3n para las generaciones futuras. A trav\u00e9s de su compromiso duradero con la recuperaci\u00f3n de la vista, el avance de la investigaci\u00f3n y el homenaje a los legados de los donantes, el Utah Lions Eye Bank sigue cambiando vidas en el \u00e1mbito local y fuera de \u00e9l.<\/div>\n\n\n<div class=\"gb-container gb-container-4bd041a8\">\n\n<a class=\"gb-button gb-button-e89fb59f gb-button-text gbp-button--primary\" href=\"https:\/\/www.utaheyebank.org\/\" target=\"_blank\" rel=\"noopener noreferrer\">Visite su sitio web<\/a>\n\n<\/div>\n<\/div>\n<\/div>\n<\/div>\n<\/div>\n<\/div>\n<\/div>\n<\/div>\n\n\n<p><\/p>","protected":false},"excerpt":{"rendered":"<p>Mission and Legacy Founded in 1972, the Utah Lions Eye Bank (ULEB) has spent more than five decades restoring vision and advancing eye health across &#8230; <a title=\"Banco Leon\u00edstico de Ojos de Utah\" class=\"read-more\" href=\"https:\/\/visionshare.org\/es\/member-list-info\/utah-lions-eye-bank\/\" aria-label=\"Leer m\u00e1s sobre Utah Lions Eye Bank\">Leer m\u00e1s<\/a><\/p>","protected":false},"author":1,"featured_media":8560,"parent":1306,"menu_order":0,"comment_status":"closed","ping_status":"closed","template":"","meta":{"_acf_changed":false,"footnotes":""},"class_list":["post-6646","page","type-page","status-publish","has-post-thumbnail"],"acf":[],"yoast_head":"<!-- This site is optimized with the Yoast SEO plugin v27.6 - https:\/\/yoast.com\/product\/yoast-seo-wordpress\/ -->\n<title>Utah Lions Eye Bank - Vision Share Member<\/title>\n<meta name=\"description\" content=\"Utah Lions Eye Bank is a member eye bank of the Vision Share network. They have dedicated over five decades to restoring vision and hope.\" \/>\n<meta name=\"robots\" content=\"index, follow, max-snippet:-1, max-image-preview:large, max-video-preview:-1\" \/>\n<link rel=\"canonical\" href=\"https:\/\/visionshare.org\/es\/lista-de-miembros\/banco-de-ojos-de-los-leones-de-utah\/\" \/>\n<meta property=\"og:locale\" content=\"es_ES\" \/>\n<meta property=\"og:type\" content=\"article\" \/>\n<meta property=\"og:title\" content=\"Utah Lions Eye Bank - Vision Share Member\" \/>\n<meta property=\"og:description\" content=\"Utah Lions Eye Bank is a member eye bank of the Vision Share network. They have dedicated over five decades to restoring vision and hope.\" \/>\n<meta property=\"og:url\" content=\"https:\/\/visionshare.org\/es\/lista-de-miembros\/banco-de-ojos-de-los-leones-de-utah\/\" \/>\n<meta property=\"og:site_name\" content=\"Vision Share\" \/>\n<meta property=\"article:publisher\" content=\"https:\/\/www.facebook.com\/visionshareinc\" \/>\n<meta property=\"article:modified_time\" content=\"2026-03-04T19:31:26+00:00\" \/>\n<meta property=\"og:image\" content=\"https:\/\/visionshare.org\/wp-content\/uploads\/eye-bank-scaled.jpg\" \/>\n\t<meta property=\"og:image:width\" content=\"2560\" \/>\n\t<meta property=\"og:image:height\" content=\"1786\" \/>\n\t<meta property=\"og:image:type\" content=\"image\/jpeg\" \/>\n<meta name=\"twitter:card\" content=\"summary_large_image\" \/>\n<meta name=\"twitter:site\" content=\"@Vision_Share\" \/>\n<meta name=\"twitter:label1\" content=\"Tiempo de lectura\" \/>\n\t<meta name=\"twitter:data1\" content=\"4 minutos\" \/>\n<script type=\"application\/ld+json\" class=\"yoast-schema-graph\">{\"@context\":\"https:\\\/\\\/schema.org\",\"@graph\":[{\"@type\":\"WebPage\",\"@id\":\"https:\\\/\\\/visionshare.org\\\/member-list-info\\\/utah-lions-eye-bank\\\/\",\"url\":\"https:\\\/\\\/visionshare.org\\\/member-list-info\\\/utah-lions-eye-bank\\\/\",\"name\":\"Utah Lions Eye Bank - Vision Share Member\",\"isPartOf\":{\"@id\":\"https:\\\/\\\/visionshare.org\\\/#website\"},\"primaryImageOfPage\":{\"@id\":\"https:\\\/\\\/visionshare.org\\\/member-list-info\\\/utah-lions-eye-bank\\\/#primaryimage\"},\"image\":{\"@id\":\"https:\\\/\\\/visionshare.org\\\/member-list-info\\\/utah-lions-eye-bank\\\/#primaryimage\"},\"thumbnailUrl\":\"https:\\\/\\\/visionshare.org\\\/wp-content\\\/uploads\\\/eye-bank-scaled.jpg\",\"datePublished\":\"2024-10-09T20:32:47+00:00\",\"dateModified\":\"2026-03-04T19:31:26+00:00\",\"description\":\"Utah Lions Eye Bank is a member eye bank of the Vision Share network. They have dedicated over five decades to restoring vision and hope.\",\"breadcrumb\":{\"@id\":\"https:\\\/\\\/visionshare.org\\\/member-list-info\\\/utah-lions-eye-bank\\\/#breadcrumb\"},\"inLanguage\":\"es\",\"potentialAction\":[{\"@type\":\"ReadAction\",\"target\":[\"https:\\\/\\\/visionshare.org\\\/member-list-info\\\/utah-lions-eye-bank\\\/\"]}]},{\"@type\":\"ImageObject\",\"inLanguage\":\"es\",\"@id\":\"https:\\\/\\\/visionshare.org\\\/member-list-info\\\/utah-lions-eye-bank\\\/#primaryimage\",\"url\":\"https:\\\/\\\/visionshare.org\\\/wp-content\\\/uploads\\\/eye-bank-scaled.jpg\",\"contentUrl\":\"https:\\\/\\\/visionshare.org\\\/wp-content\\\/uploads\\\/eye-bank-scaled.jpg\",\"width\":2560,\"height\":1786,\"caption\":\"Utah Lions Eye Bank Office\"},{\"@type\":\"BreadcrumbList\",\"@id\":\"https:\\\/\\\/visionshare.org\\\/member-list-info\\\/utah-lions-eye-bank\\\/#breadcrumb\",\"itemListElement\":[{\"@type\":\"ListItem\",\"position\":1,\"name\":\"Home\",\"item\":\"https:\\\/\\\/visionshare.org\\\/\"},{\"@type\":\"ListItem\",\"position\":2,\"name\":\"Vision Share Eye Bank Network\",\"item\":\"https:\\\/\\\/visionshare.org\\\/member-list-info\\\/\"},{\"@type\":\"ListItem\",\"position\":3,\"name\":\"Utah Lions Eye Bank\"}]},{\"@type\":\"WebSite\",\"@id\":\"https:\\\/\\\/visionshare.org\\\/#website\",\"url\":\"https:\\\/\\\/visionshare.org\\\/\",\"name\":\"Vision Share\",\"description\":\"Your Trusted Source\",\"publisher\":{\"@id\":\"https:\\\/\\\/visionshare.org\\\/#organization\"},\"potentialAction\":[{\"@type\":\"SearchAction\",\"target\":{\"@type\":\"EntryPoint\",\"urlTemplate\":\"https:\\\/\\\/visionshare.org\\\/?s={search_term_string}\"},\"query-input\":{\"@type\":\"PropertyValueSpecification\",\"valueRequired\":true,\"valueName\":\"search_term_string\"}}],\"inLanguage\":\"es\"},{\"@type\":\"Organization\",\"@id\":\"https:\\\/\\\/visionshare.org\\\/#organization\",\"name\":\"Vision Share\",\"url\":\"https:\\\/\\\/visionshare.org\\\/\",\"logo\":{\"@type\":\"ImageObject\",\"inLanguage\":\"es\",\"@id\":\"https:\\\/\\\/visionshare.org\\\/#\\\/schema\\\/logo\\\/image\\\/\",\"url\":\"https:\\\/\\\/visionshare.org\\\/wp-content\\\/uploads\\\/cropped-cropped-cropped-VS_Your-trusted-source-logo-01-PNG.png\",\"contentUrl\":\"https:\\\/\\\/visionshare.org\\\/wp-content\\\/uploads\\\/cropped-cropped-cropped-VS_Your-trusted-source-logo-01-PNG.png\",\"width\":1655,\"height\":861,\"caption\":\"Vision Share\"},\"image\":{\"@id\":\"https:\\\/\\\/visionshare.org\\\/#\\\/schema\\\/logo\\\/image\\\/\"},\"sameAs\":[\"https:\\\/\\\/www.facebook.com\\\/visionshareinc\",\"https:\\\/\\\/x.com\\\/Vision_Share\",\"https:\\\/\\\/www.linkedin.com\\\/company\\\/visionsshare\\\/\"]}]}<\/script>\n<!-- \/ Yoast SEO plugin. -->","yoast_head_json":{"title":"Utah Lions Eye Bank - Miembro de Vision Share","description":"Utah Lions Eye Bank es un banco de ojos miembro de la red Vision Share. Han dedicado m\u00e1s de cinco d\u00e9cadas a restaurar la visi\u00f3n y la esperanza.","robots":{"index":"index","follow":"follow","max-snippet":"max-snippet:-1","max-image-preview":"max-image-preview:large","max-video-preview":"max-video-preview:-1"},"canonical":"https:\/\/visionshare.org\/es\/lista-de-miembros\/banco-de-ojos-de-los-leones-de-utah\/","og_locale":"es_ES","og_type":"article","og_title":"Utah Lions Eye Bank - Vision Share Member","og_description":"Utah Lions Eye Bank is a member eye bank of the Vision Share network. They have dedicated over five decades to restoring vision and hope.","og_url":"https:\/\/visionshare.org\/es\/lista-de-miembros\/banco-de-ojos-de-los-leones-de-utah\/","og_site_name":"Vision Share","article_publisher":"https:\/\/www.facebook.com\/visionshareinc","article_modified_time":"2026-03-04T19:31:26+00:00","og_image":[{"width":2560,"height":1786,"url":"https:\/\/visionshare.org\/wp-content\/uploads\/eye-bank-scaled.jpg","type":"image\/jpeg"}],"twitter_card":"summary_large_image","twitter_site":"@Vision_Share","twitter_misc":{"Tiempo de lectura":"4 minutos"},"schema":{"@context":"https:\/\/schema.org","@graph":[{"@type":"WebPage","@id":"https:\/\/visionshare.org\/member-list-info\/utah-lions-eye-bank\/","url":"https:\/\/visionshare.org\/member-list-info\/utah-lions-eye-bank\/","name":"Utah Lions Eye Bank - Miembro de Vision Share","isPartOf":{"@id":"https:\/\/visionshare.org\/#website"},"primaryImageOfPage":{"@id":"https:\/\/visionshare.org\/member-list-info\/utah-lions-eye-bank\/#primaryimage"},"image":{"@id":"https:\/\/visionshare.org\/member-list-info\/utah-lions-eye-bank\/#primaryimage"},"thumbnailUrl":"https:\/\/visionshare.org\/wp-content\/uploads\/eye-bank-scaled.jpg","datePublished":"2024-10-09T20:32:47+00:00","dateModified":"2026-03-04T19:31:26+00:00","description":"Utah Lions Eye Bank es un banco de ojos miembro de la red Vision Share. Han dedicado m\u00e1s de cinco d\u00e9cadas a restaurar la visi\u00f3n y la esperanza.","breadcrumb":{"@id":"https:\/\/visionshare.org\/member-list-info\/utah-lions-eye-bank\/#breadcrumb"},"inLanguage":"es","potentialAction":[{"@type":"ReadAction","target":["https:\/\/visionshare.org\/member-list-info\/utah-lions-eye-bank\/"]}]},{"@type":"ImageObject","inLanguage":"es","@id":"https:\/\/visionshare.org\/member-list-info\/utah-lions-eye-bank\/#primaryimage","url":"https:\/\/visionshare.org\/wp-content\/uploads\/eye-bank-scaled.jpg","contentUrl":"https:\/\/visionshare.org\/wp-content\/uploads\/eye-bank-scaled.jpg","width":2560,"height":1786,"caption":"Utah Lions Eye Bank Office"},{"@type":"BreadcrumbList","@id":"https:\/\/visionshare.org\/member-list-info\/utah-lions-eye-bank\/#breadcrumb","itemListElement":[{"@type":"ListItem","position":1,"name":"Home","item":"https:\/\/visionshare.org\/"},{"@type":"ListItem","position":2,"name":"Vision Share Eye Bank Network","item":"https:\/\/visionshare.org\/member-list-info\/"},{"@type":"ListItem","position":3,"name":"Utah Lions Eye Bank"}]},{"@type":"WebSite","@id":"https:\/\/visionshare.org\/#website","url":"https:\/\/visionshare.org\/","name":"Compartir visi\u00f3n","description":"Su fuente de confianza","publisher":{"@id":"https:\/\/visionshare.org\/#organization"},"potentialAction":[{"@type":"SearchAction","target":{"@type":"EntryPoint","urlTemplate":"https:\/\/visionshare.org\/?s={search_term_string}"},"query-input":{"@type":"PropertyValueSpecification","valueRequired":true,"valueName":"search_term_string"}}],"inLanguage":"es"},{"@type":"Organization","@id":"https:\/\/visionshare.org\/#organization","name":"Compartir visi\u00f3n","url":"https:\/\/visionshare.org\/","logo":{"@type":"ImageObject","inLanguage":"es","@id":"https:\/\/visionshare.org\/#\/schema\/logo\/image\/","url":"https:\/\/visionshare.org\/wp-content\/uploads\/cropped-cropped-cropped-VS_Your-trusted-source-logo-01-PNG.png","contentUrl":"https:\/\/visionshare.org\/wp-content\/uploads\/cropped-cropped-cropped-VS_Your-trusted-source-logo-01-PNG.png","width":1655,"height":861,"caption":"Vision Share"},"image":{"@id":"https:\/\/visionshare.org\/#\/schema\/logo\/image\/"},"sameAs":["https:\/\/www.facebook.com\/visionshareinc","https:\/\/x.com\/Vision_Share","https:\/\/www.linkedin.com\/company\/visionsshare\/"]}]}},"_links":{"self":[{"href":"https:\/\/visionshare.org\/es\/wp-json\/wp\/v2\/pages\/6646","targetHints":{"allow":["GET"]}}],"collection":[{"href":"https:\/\/visionshare.org\/es\/wp-json\/wp\/v2\/pages"}],"about":[{"href":"https:\/\/visionshare.org\/es\/wp-json\/wp\/v2\/types\/page"}],"author":[{"embeddable":true,"href":"https:\/\/visionshare.org\/es\/wp-json\/wp\/v2\/users\/1"}],"replies":[{"embeddable":true,"href":"https:\/\/visionshare.org\/es\/wp-json\/wp\/v2\/comments?post=6646"}],"version-history":[{"count":32,"href":"https:\/\/visionshare.org\/es\/wp-json\/wp\/v2\/pages\/6646\/revisions"}],"predecessor-version":[{"id":15343,"href":"https:\/\/visionshare.org\/es\/wp-json\/wp\/v2\/pages\/6646\/revisions\/15343"}],"up":[{"embeddable":true,"href":"https:\/\/visionshare.org\/es\/wp-json\/wp\/v2\/pages\/1306"}],"wp:featuredmedia":[{"embeddable":true,"href":"https:\/\/visionshare.org\/es\/wp-json\/wp\/v2\/media\/8560"}],"wp:attachment":[{"href":"https:\/\/visionshare.org\/es\/wp-json\/wp\/v2\/media?parent=6646"}],"curies":[{"name":"wp","href":"https:\/\/api.w.org\/{rel}","templated":true}]}}