{"id":6709,"date":"2024-10-10T14:13:10","date_gmt":"2024-10-10T19:13:10","guid":{"rendered":"https:\/\/visionshare.org\/?page_id=6709"},"modified":"2025-09-09T15:28:32","modified_gmt":"2025-09-09T20:28:32","slug":"banco-de-ojos-saving-sight","status":"publish","type":"page","link":"https:\/\/visionshare.org\/es\/member-list-info\/saving-sight-eye-bank\/","title":{"rendered":"Salvar la vista"},"content":{"rendered":"<div class=\"gb-container gb-container-d452ee7a\">\n<div class=\"gb-container gb-container-7d07da58 gbp-section__inner\">\n<div class=\"gb-container gb-container-9c385b46\">\n\n<figure class=\"gb-block-image gb-block-image-2c8b1d92\"><img loading=\"lazy\" decoding=\"async\" width=\"1500\" height=\"980\" class=\"gb-image gb-image-2c8b1d92\" src=\"https:\/\/visionshare.org\/wp-content\/uploads\/SS-Team.jpg\" alt=\"Foto del equipo de Saving Sight\" title=\"Equipo SS\" srcset=\"https:\/\/visionshare.org\/wp-content\/uploads\/SS-Team.jpg 1500w, https:\/\/visionshare.org\/wp-content\/uploads\/SS-Team-300x196.jpg 300w, https:\/\/visionshare.org\/wp-content\/uploads\/SS-Team-1024x669.jpg 1024w, https:\/\/visionshare.org\/wp-content\/uploads\/SS-Team-768x502.jpg 768w, https:\/\/visionshare.org\/wp-content\/uploads\/SS-Team-500x327.jpg 500w, https:\/\/visionshare.org\/wp-content\/uploads\/SS-Team-700x457.jpg 700w\" sizes=\"auto, (max-width: 1500px) 100vw, 1500px\" \/><\/figure>\n\n<\/div>\n\n<div class=\"gb-container gb-container-00852ae2\">\n\n<p>Fundado en 1960, Saving Sight es uno de los principales bancos de ojos de Estados Unidos. Con sede en Kansas City (Misuri), la organizaci\u00f3n facilita donaciones de tejido ocular en Misuri, Kansas y el centro de Illinois, lo que repercute en la poblaci\u00f3n local y mundial a trav\u00e9s de trasplantes de c\u00f3rnea e iniciativas para salvar la visi\u00f3n.<br><\/p>\n\n\n\n<p><strong>Misi\u00f3n y visi\u00f3n<\/strong><\/p>\n\n\n\n<p>En el centro de la labor de Saving Sight est\u00e1 su misi\u00f3n:&nbsp;<em>cambiar vidas salvando la vista<\/em>. Esta misi\u00f3n gu\u00eda todos los aspectos de la organizaci\u00f3n, desde la recuperaci\u00f3n y el procesamiento de tejidos de donantes hasta la colaboraci\u00f3n con hospitales, oftalm\u00f3logos e investigadores para restaurar la visi\u00f3n.<\/p>\n\n<\/div>\n<\/div>\n\n<div class=\"gb-container gb-container-7295cd14 gbp-section__inner\">\n<div class=\"gb-container gb-container-8800a765 mobile-reverse-container-1\">\n\n<h2 class=\"gb-headline gb-headline-663f7f47 gb-headline-text gbp-section__headline\">Valores y compromiso con la calidad<\/h2>\n\n\n\n<p>Saving Sight cumple las normas m\u00e1s estrictas de seguridad y excelencia. Como miembro plenamente acreditado de la Eye Bank Association of America (EBAA) y autorizado por la Administraci\u00f3n de Alimentos y Medicamentos de Estados Unidos (FDA), garantiza que todo el tejido donado cumple estrictas normas de calidad.<\/p>\n\n\n\n<p>La labor de Saving Sight se basa en el principio de actuar como administradores responsables del don de la donaci\u00f3n. Su enfoque hol\u00edstico del servicio incluye honrar la generosidad de los donantes y garantizar que todos los aspectos del proceso de donaci\u00f3n y trasplante se traten con cuidado, dignidad y respeto.<\/p>\n\n<\/div>\n\n<div class=\"gb-container gb-container-6b58214d mobile-reverse-container-2\">\n\n<figure class=\"gb-block-image gb-block-image-c3c5b2b9\"><img loading=\"lazy\" decoding=\"async\" width=\"1200\" height=\"675\" class=\"gb-image gb-image-c3c5b2b9\" src=\"https:\/\/visionshare.org\/wp-content\/uploads\/PLDSAEK-07-1.webp\" alt=\"Tejido corneal de Saving Sight\" title=\"PLDSAEK-07\" srcset=\"https:\/\/visionshare.org\/wp-content\/uploads\/PLDSAEK-07-1.webp 1200w, https:\/\/visionshare.org\/wp-content\/uploads\/PLDSAEK-07-1-300x169.webp 300w, https:\/\/visionshare.org\/wp-content\/uploads\/PLDSAEK-07-1-1024x576.webp 1024w, https:\/\/visionshare.org\/wp-content\/uploads\/PLDSAEK-07-1-768x432.webp 768w, https:\/\/visionshare.org\/wp-content\/uploads\/PLDSAEK-07-1-500x281.webp 500w, https:\/\/visionshare.org\/wp-content\/uploads\/PLDSAEK-07-1-700x394.webp 700w\" sizes=\"auto, (max-width: 1200px) 100vw, 1200px\" \/><\/figure>\n\n<\/div>\n<\/div>\n\n<div class=\"gb-container gb-container-d1339a43 gbp-section__inner\">\n<div class=\"gb-container gb-container-b8cec7d4\">\n\n<figure class=\"gb-block-image gb-block-image-ca505df4\"><img loading=\"lazy\" decoding=\"async\" width=\"1200\" height=\"1021\" class=\"gb-image gb-image-ca505df4\" src=\"https:\/\/visionshare.org\/wp-content\/uploads\/SSPubEd-1200x1021-1.webp\" alt=\"Equipo Saving Sight en Walgreens\" title=\"SSPubEd-1200x1021\" srcset=\"https:\/\/visionshare.org\/wp-content\/uploads\/SSPubEd-1200x1021-1.webp 1200w, https:\/\/visionshare.org\/wp-content\/uploads\/SSPubEd-1200x1021-1-300x255.webp 300w, https:\/\/visionshare.org\/wp-content\/uploads\/SSPubEd-1200x1021-1-1024x871.webp 1024w, https:\/\/visionshare.org\/wp-content\/uploads\/SSPubEd-1200x1021-1-768x653.webp 768w, https:\/\/visionshare.org\/wp-content\/uploads\/SSPubEd-1200x1021-1-500x425.webp 500w, https:\/\/visionshare.org\/wp-content\/uploads\/SSPubEd-1200x1021-1-700x596.webp 700w\" sizes=\"auto, (max-width: 1200px) 100vw, 1200px\" \/><\/figure>\n\n<\/div>\n\n<div class=\"gb-container gb-container-844ef4bb\">\n\n<h2 class=\"gb-headline gb-headline-16988a04 gb-headline-text gbp-section__headline\">Impacto comunitario y educaci\u00f3n<\/h2>\n\n\n\n<p>Adem\u00e1s de su labor directa con la donaci\u00f3n de tejidos, Saving Sight hace especial hincapi\u00e9 en la educaci\u00f3n y la participaci\u00f3n de la comunidad. Trabaja en estrecha colaboraci\u00f3n con familias de donantes, receptores de trasplantes y profesionales m\u00e9dicos para concienciar sobre la importancia de la donaci\u00f3n de ojos.  Como socio colaborador de Donate Life America, anima a m\u00e1s personas a registrarse como donantes, garantizando as\u00ed que los futuros pacientes tengan acceso a los tejidos que necesitan para salvar la vista.<\/p>\n\n\n\n<p>El compromiso de Saving Sight con la comunidad y la educaci\u00f3n les ha convertido en un actor vital no s\u00f3lo en los bancos de ojos, sino en la lucha m\u00e1s amplia contra la ceguera evitable. Al facilitar la conexi\u00f3n entre donantes y receptores, han construido un legado de esperanza, compasi\u00f3n y restauraci\u00f3n.<\/p>\n\n\n\n<p><\/p>\n\n<\/div>\n<\/div>\n\n<div class=\"gb-container gb-container-a0368a4e gbp-section__inner\">\n<div class=\"gb-container gb-container-3120ff1a\">\n<div class=\"gb-container gb-container-e560db6a\">\n<div class=\"gb-container gb-container-2e83002b gbp-section\">\n<div class=\"gb-container gb-container-180e0582 gbp-section__inner\">\n<div class=\"gb-container gb-container-a0f98063\">\n\n<h2 class=\"gb-headline gb-headline-7abefd36 gb-headline-text gbp-section__headline\">Mirando Hacia el Futuro<\/h2>\n\n\n\n<div class=\"gb-headline gb-headline-99e038e0 gb-headline-text gbp-section__text\">Como uno de los mayores bancos de ojos del pa\u00eds, Saving Sight sigue empe\u00f1ada en ampliar su impacto. M\u00e1s all\u00e1 de los servicios tradicionales de banco de ojos, Saving Sight aporta soluciones innovadoras a la comunidad ocular. En 2015, Saving Sight lanz\u00f3 Vital Tears, un procesador l\u00edder de l\u00e1grimas de suero para pacientes con ojo seco en los EE. UU. Adem\u00e1s, Saving Sight es un inversor principal en Brightstar Therapeutics y se enorgullece de ofrecer BrightMEM para tratar enfermedades de la superficie ocular.<\/div>\n\n\n<div class=\"gb-container gb-container-4bd041a8\">\n\n<a class=\"gb-button gb-button-e89fb59f gb-button-text gbp-button--primary\" href=\"https:\/\/saving-sight.org\/\" target=\"_blank\" rel=\"noopener noreferrer\">Visite su sitio web<\/a>\n\n<\/div>\n<\/div>\n<\/div>\n<\/div>\n<\/div>\n<\/div>\n<\/div>\n<\/div>\n\n\n<p><\/p>","protected":false},"excerpt":{"rendered":"<p>Established in 1960, Saving Sight is one of the leading eye banks in the United States. With headquarters in Kansas City, Missouri, the organization facilitates &#8230; <a title=\"Salvar la vista\" class=\"read-more\" href=\"https:\/\/visionshare.org\/es\/member-list-info\/saving-sight-eye-bank\/\" aria-label=\"Leer m\u00e1s sobre Saving Sight\">Leer m\u00e1s<\/a><\/p>","protected":false},"author":1,"featured_media":6839,"parent":1306,"menu_order":0,"comment_status":"closed","ping_status":"closed","template":"","meta":{"_acf_changed":false,"footnotes":""},"class_list":["post-6709","page","type-page","status-publish","has-post-thumbnail"],"acf":[],"yoast_head":"<!-- This site is optimized with the Yoast SEO plugin v27.4 - https:\/\/yoast.com\/product\/yoast-seo-wordpress\/ -->\n<title>Saving Sight - Vision Share<\/title>\n<meta name=\"description\" content=\"We are honored to have Saving Sight as a part of the Vision Share network of eye banks. Saving Sight is a leading eye banks in the US.\" \/>\n<meta name=\"robots\" content=\"index, follow, max-snippet:-1, max-image-preview:large, max-video-preview:-1\" \/>\n<link rel=\"canonical\" href=\"https:\/\/visionshare.org\/es\/lista-de-miembros\/banco-de-ojos-saving-sight\/\" \/>\n<meta property=\"og:locale\" content=\"es_ES\" \/>\n<meta property=\"og:type\" content=\"article\" \/>\n<meta property=\"og:title\" content=\"Saving Sight - Vision Share\" \/>\n<meta property=\"og:description\" content=\"We are honored to have Saving Sight as a part of the Vision Share network of eye banks. Saving Sight is a leading eye banks in the US.\" \/>\n<meta property=\"og:url\" content=\"https:\/\/visionshare.org\/es\/lista-de-miembros\/banco-de-ojos-saving-sight\/\" \/>\n<meta property=\"og:site_name\" content=\"Vision Share\" \/>\n<meta property=\"article:publisher\" content=\"https:\/\/www.facebook.com\/visionshareinc\" \/>\n<meta property=\"article:modified_time\" content=\"2025-09-09T20:28:32+00:00\" \/>\n<meta property=\"og:image\" content=\"https:\/\/visionshare.org\/wp-content\/uploads\/SS-Building-scaled.webp\" \/>\n\t<meta property=\"og:image:width\" content=\"2560\" \/>\n\t<meta property=\"og:image:height\" content=\"1161\" \/>\n\t<meta property=\"og:image:type\" content=\"image\/webp\" \/>\n<meta name=\"twitter:card\" content=\"summary_large_image\" \/>\n<meta name=\"twitter:site\" content=\"@Vision_Share\" \/>\n<meta name=\"twitter:label1\" content=\"Tiempo de lectura\" \/>\n\t<meta name=\"twitter:data1\" content=\"3 minutos\" \/>\n<script type=\"application\/ld+json\" class=\"yoast-schema-graph\">{\"@context\":\"https:\\\/\\\/schema.org\",\"@graph\":[{\"@type\":\"WebPage\",\"@id\":\"https:\\\/\\\/visionshare.org\\\/member-list-info\\\/saving-sight-eye-bank\\\/\",\"url\":\"https:\\\/\\\/visionshare.org\\\/member-list-info\\\/saving-sight-eye-bank\\\/\",\"name\":\"Saving Sight - Vision Share\",\"isPartOf\":{\"@id\":\"https:\\\/\\\/visionshare.org\\\/#website\"},\"primaryImageOfPage\":{\"@id\":\"https:\\\/\\\/visionshare.org\\\/member-list-info\\\/saving-sight-eye-bank\\\/#primaryimage\"},\"image\":{\"@id\":\"https:\\\/\\\/visionshare.org\\\/member-list-info\\\/saving-sight-eye-bank\\\/#primaryimage\"},\"thumbnailUrl\":\"https:\\\/\\\/visionshare.org\\\/wp-content\\\/uploads\\\/SS-Building-scaled.webp\",\"datePublished\":\"2024-10-10T19:13:10+00:00\",\"dateModified\":\"2025-09-09T20:28:32+00:00\",\"description\":\"We are honored to have Saving Sight as a part of the Vision Share network of eye banks. Saving Sight is a leading eye banks in the US.\",\"breadcrumb\":{\"@id\":\"https:\\\/\\\/visionshare.org\\\/member-list-info\\\/saving-sight-eye-bank\\\/#breadcrumb\"},\"inLanguage\":\"es\",\"potentialAction\":[{\"@type\":\"ReadAction\",\"target\":[\"https:\\\/\\\/visionshare.org\\\/member-list-info\\\/saving-sight-eye-bank\\\/\"]}]},{\"@type\":\"ImageObject\",\"inLanguage\":\"es\",\"@id\":\"https:\\\/\\\/visionshare.org\\\/member-list-info\\\/saving-sight-eye-bank\\\/#primaryimage\",\"url\":\"https:\\\/\\\/visionshare.org\\\/wp-content\\\/uploads\\\/SS-Building-scaled.webp\",\"contentUrl\":\"https:\\\/\\\/visionshare.org\\\/wp-content\\\/uploads\\\/SS-Building-scaled.webp\",\"width\":2560,\"height\":1161,\"caption\":\"SS Building1\"},{\"@type\":\"BreadcrumbList\",\"@id\":\"https:\\\/\\\/visionshare.org\\\/member-list-info\\\/saving-sight-eye-bank\\\/#breadcrumb\",\"itemListElement\":[{\"@type\":\"ListItem\",\"position\":1,\"name\":\"Home\",\"item\":\"https:\\\/\\\/visionshare.org\\\/\"},{\"@type\":\"ListItem\",\"position\":2,\"name\":\"Vision Share Eye Bank Network\",\"item\":\"https:\\\/\\\/visionshare.org\\\/member-list-info\\\/\"},{\"@type\":\"ListItem\",\"position\":3,\"name\":\"Saving Sight\"}]},{\"@type\":\"WebSite\",\"@id\":\"https:\\\/\\\/visionshare.org\\\/#website\",\"url\":\"https:\\\/\\\/visionshare.org\\\/\",\"name\":\"Vision Share\",\"description\":\"Your Trusted Source\",\"publisher\":{\"@id\":\"https:\\\/\\\/visionshare.org\\\/#organization\"},\"potentialAction\":[{\"@type\":\"SearchAction\",\"target\":{\"@type\":\"EntryPoint\",\"urlTemplate\":\"https:\\\/\\\/visionshare.org\\\/?s={search_term_string}\"},\"query-input\":{\"@type\":\"PropertyValueSpecification\",\"valueRequired\":true,\"valueName\":\"search_term_string\"}}],\"inLanguage\":\"es\"},{\"@type\":\"Organization\",\"@id\":\"https:\\\/\\\/visionshare.org\\\/#organization\",\"name\":\"Vision Share\",\"url\":\"https:\\\/\\\/visionshare.org\\\/\",\"logo\":{\"@type\":\"ImageObject\",\"inLanguage\":\"es\",\"@id\":\"https:\\\/\\\/visionshare.org\\\/#\\\/schema\\\/logo\\\/image\\\/\",\"url\":\"https:\\\/\\\/visionshare.org\\\/wp-content\\\/uploads\\\/cropped-cropped-cropped-VS_Your-trusted-source-logo-01-PNG.png\",\"contentUrl\":\"https:\\\/\\\/visionshare.org\\\/wp-content\\\/uploads\\\/cropped-cropped-cropped-VS_Your-trusted-source-logo-01-PNG.png\",\"width\":1655,\"height\":861,\"caption\":\"Vision Share\"},\"image\":{\"@id\":\"https:\\\/\\\/visionshare.org\\\/#\\\/schema\\\/logo\\\/image\\\/\"},\"sameAs\":[\"https:\\\/\\\/www.facebook.com\\\/visionshareinc\",\"https:\\\/\\\/x.com\\\/Vision_Share\",\"https:\\\/\\\/www.linkedin.com\\\/company\\\/visionsshare\\\/\"]}]}<\/script>\n<!-- \/ Yoast SEO plugin. -->","yoast_head_json":{"title":"Salvar la vista - Vision Share","description":"Nos honra contar con Saving Sight en la red de Vision Share. Es uno de los principales bancos de ojos en Estados Unidos.","robots":{"index":"index","follow":"follow","max-snippet":"max-snippet:-1","max-image-preview":"max-image-preview:large","max-video-preview":"max-video-preview:-1"},"canonical":"https:\/\/visionshare.org\/es\/lista-de-miembros\/banco-de-ojos-saving-sight\/","og_locale":"es_ES","og_type":"article","og_title":"Saving Sight - Vision Share","og_description":"We are honored to have Saving Sight as a part of the Vision Share network of eye banks. Saving Sight is a leading eye banks in the US.","og_url":"https:\/\/visionshare.org\/es\/lista-de-miembros\/banco-de-ojos-saving-sight\/","og_site_name":"Vision Share","article_publisher":"https:\/\/www.facebook.com\/visionshareinc","article_modified_time":"2025-09-09T20:28:32+00:00","og_image":[{"width":2560,"height":1161,"url":"https:\/\/visionshare.org\/wp-content\/uploads\/SS-Building-scaled.webp","type":"image\/webp"}],"twitter_card":"summary_large_image","twitter_site":"@Vision_Share","twitter_misc":{"Tiempo de lectura":"3 minutos"},"schema":{"@context":"https:\/\/schema.org","@graph":[{"@type":"WebPage","@id":"https:\/\/visionshare.org\/member-list-info\/saving-sight-eye-bank\/","url":"https:\/\/visionshare.org\/member-list-info\/saving-sight-eye-bank\/","name":"Salvar la vista - Vision Share","isPartOf":{"@id":"https:\/\/visionshare.org\/#website"},"primaryImageOfPage":{"@id":"https:\/\/visionshare.org\/member-list-info\/saving-sight-eye-bank\/#primaryimage"},"image":{"@id":"https:\/\/visionshare.org\/member-list-info\/saving-sight-eye-bank\/#primaryimage"},"thumbnailUrl":"https:\/\/visionshare.org\/wp-content\/uploads\/SS-Building-scaled.webp","datePublished":"2024-10-10T19:13:10+00:00","dateModified":"2025-09-09T20:28:32+00:00","description":"Nos honra contar con Saving Sight en la red de Vision Share. Es uno de los principales bancos de ojos en Estados Unidos.","breadcrumb":{"@id":"https:\/\/visionshare.org\/member-list-info\/saving-sight-eye-bank\/#breadcrumb"},"inLanguage":"es","potentialAction":[{"@type":"ReadAction","target":["https:\/\/visionshare.org\/member-list-info\/saving-sight-eye-bank\/"]}]},{"@type":"ImageObject","inLanguage":"es","@id":"https:\/\/visionshare.org\/member-list-info\/saving-sight-eye-bank\/#primaryimage","url":"https:\/\/visionshare.org\/wp-content\/uploads\/SS-Building-scaled.webp","contentUrl":"https:\/\/visionshare.org\/wp-content\/uploads\/SS-Building-scaled.webp","width":2560,"height":1161,"caption":"SS Building1"},{"@type":"BreadcrumbList","@id":"https:\/\/visionshare.org\/member-list-info\/saving-sight-eye-bank\/#breadcrumb","itemListElement":[{"@type":"ListItem","position":1,"name":"Home","item":"https:\/\/visionshare.org\/"},{"@type":"ListItem","position":2,"name":"Vision Share Eye Bank Network","item":"https:\/\/visionshare.org\/member-list-info\/"},{"@type":"ListItem","position":3,"name":"Saving Sight"}]},{"@type":"WebSite","@id":"https:\/\/visionshare.org\/#website","url":"https:\/\/visionshare.org\/","name":"Compartir visi\u00f3n","description":"Su fuente de confianza","publisher":{"@id":"https:\/\/visionshare.org\/#organization"},"potentialAction":[{"@type":"SearchAction","target":{"@type":"EntryPoint","urlTemplate":"https:\/\/visionshare.org\/?s={search_term_string}"},"query-input":{"@type":"PropertyValueSpecification","valueRequired":true,"valueName":"search_term_string"}}],"inLanguage":"es"},{"@type":"Organization","@id":"https:\/\/visionshare.org\/#organization","name":"Compartir visi\u00f3n","url":"https:\/\/visionshare.org\/","logo":{"@type":"ImageObject","inLanguage":"es","@id":"https:\/\/visionshare.org\/#\/schema\/logo\/image\/","url":"https:\/\/visionshare.org\/wp-content\/uploads\/cropped-cropped-cropped-VS_Your-trusted-source-logo-01-PNG.png","contentUrl":"https:\/\/visionshare.org\/wp-content\/uploads\/cropped-cropped-cropped-VS_Your-trusted-source-logo-01-PNG.png","width":1655,"height":861,"caption":"Vision Share"},"image":{"@id":"https:\/\/visionshare.org\/#\/schema\/logo\/image\/"},"sameAs":["https:\/\/www.facebook.com\/visionshareinc","https:\/\/x.com\/Vision_Share","https:\/\/www.linkedin.com\/company\/visionsshare\/"]}]}},"_links":{"self":[{"href":"https:\/\/visionshare.org\/es\/wp-json\/wp\/v2\/pages\/6709","targetHints":{"allow":["GET"]}}],"collection":[{"href":"https:\/\/visionshare.org\/es\/wp-json\/wp\/v2\/pages"}],"about":[{"href":"https:\/\/visionshare.org\/es\/wp-json\/wp\/v2\/types\/page"}],"author":[{"embeddable":true,"href":"https:\/\/visionshare.org\/es\/wp-json\/wp\/v2\/users\/1"}],"replies":[{"embeddable":true,"href":"https:\/\/visionshare.org\/es\/wp-json\/wp\/v2\/comments?post=6709"}],"version-history":[{"count":21,"href":"https:\/\/visionshare.org\/es\/wp-json\/wp\/v2\/pages\/6709\/revisions"}],"predecessor-version":[{"id":13827,"href":"https:\/\/visionshare.org\/es\/wp-json\/wp\/v2\/pages\/6709\/revisions\/13827"}],"up":[{"embeddable":true,"href":"https:\/\/visionshare.org\/es\/wp-json\/wp\/v2\/pages\/1306"}],"wp:featuredmedia":[{"embeddable":true,"href":"https:\/\/visionshare.org\/es\/wp-json\/wp\/v2\/media\/6839"}],"wp:attachment":[{"href":"https:\/\/visionshare.org\/es\/wp-json\/wp\/v2\/media?parent=6709"}],"curies":[{"name":"wp","href":"https:\/\/api.w.org\/{rel}","templated":true}]}}