{"id":6716,"date":"2024-10-10T14:30:51","date_gmt":"2024-10-10T19:30:51","guid":{"rendered":"https:\/\/visionshare.org\/?page_id=6716"},"modified":"2025-09-09T15:12:32","modified_gmt":"2025-09-09T20:12:32","slug":"banco-de-ojos-vision-first","status":"publish","type":"page","link":"https:\/\/visionshare.org\/es\/member-list-info\/vision-first-eye-bank\/","title":{"rendered":"VisionFirst"},"content":{"rendered":"<div class=\"gb-container gb-container-d452ee7a\">\n<div class=\"gb-container gb-container-7d07da58 gbp-section__inner\">\n<div class=\"gb-container gb-container-9c385b46\">\n\n<figure class=\"gb-block-image gb-block-image-2c8b1d92\"><img loading=\"lazy\" decoding=\"async\" width=\"640\" height=\"420\" class=\"gb-image gb-image-2c8b1d92\" src=\"https:\/\/visionshare.org\/wp-content\/uploads\/vfirst-memberprofile2.jpg\" alt=\"Logotipo de Vision First para la p\u00e1gina de perfil del banco de ojos miembro de Vision Share\" srcset=\"https:\/\/visionshare.org\/wp-content\/uploads\/vfirst-memberprofile2.jpg 640w, https:\/\/visionshare.org\/wp-content\/uploads\/vfirst-memberprofile2-300x197.jpg 300w, https:\/\/visionshare.org\/wp-content\/uploads\/vfirst-memberprofile2-500x328.jpg 500w\" sizes=\"auto, (max-width: 640px) 100vw, 640px\" \/><\/figure>\n\n<\/div>\n\n<div class=\"gb-container gb-container-00852ae2\">\n\n<h2 class=\"gb-headline gb-headline-6c4b8a24 gb-headline-text gbp-section__headline\">Misi\u00f3n y valores<\/h2>\n\n\n\n<p class=\"gb-headline gb-headline-50c37c70 gb-headline-text gbp-section__text\">VisionFirst se ha comprometido a cambiar la vida de las personas que necesitan trasplantes de tejido ocular. La organizaci\u00f3n valora la colaboraci\u00f3n con los profesionales m\u00e9dicos y la comunidad, trabajando juntos para eliminar la ceguera corneal.<\/p>\n\n<\/div>\n<\/div>\n\n<div class=\"gb-container gb-container-7295cd14 gbp-section__inner\">\n<div class=\"gb-container gb-container-8800a765 mobile-reverse-container-1\">\n\n<h2 class=\"gb-headline gb-headline-663f7f47 gb-headline-text gbp-section__headline\">Historia<\/h2>\n\n\n\n<p>VisionFirst, anteriormente conocido como Indiana Lions Eye Bank, lleva casi 50 a\u00f1os al servicio de la comunidad. Es el mayor banco de ojos de Indiana y contribuye de forma significativa al campo de los trasplantes de c\u00f3rnea, distribuyendo m\u00e1s de 2.000 c\u00f3rneas al a\u00f1o.<\/p>\n\n<\/div>\n\n<div class=\"gb-container gb-container-6b58214d mobile-reverse-container-2\">\n\n<figure class=\"gb-block-image gb-block-image-c3c5b2b9\"><img loading=\"lazy\" decoding=\"async\" width=\"640\" height=\"420\" class=\"gb-image gb-image-c3c5b2b9\" src=\"https:\/\/visionshare.org\/wp-content\/uploads\/vfirst-memberprofile2.jpg\" alt=\"\" title=\"vfirst-memberprofile2\" srcset=\"https:\/\/visionshare.org\/wp-content\/uploads\/vfirst-memberprofile2.jpg 640w, https:\/\/visionshare.org\/wp-content\/uploads\/vfirst-memberprofile2-300x197.jpg 300w, https:\/\/visionshare.org\/wp-content\/uploads\/vfirst-memberprofile2-500x328.jpg 500w\" sizes=\"auto, (max-width: 640px) 100vw, 640px\" \/><\/figure>\n\n<\/div>\n<\/div>\n\n<div class=\"gb-container gb-container-d1339a43 gbp-section__inner\">\n<div class=\"gb-container gb-container-b8cec7d4\">\n\n<figure class=\"gb-block-image gb-block-image-ca505df4\"><img loading=\"lazy\" decoding=\"async\" width=\"640\" height=\"420\" class=\"gb-image gb-image-ca505df4\" src=\"https:\/\/visionshare.org\/wp-content\/uploads\/vfirst-memberprofile2.jpg\" alt=\"\" title=\"vfirst-memberprofile2\" srcset=\"https:\/\/visionshare.org\/wp-content\/uploads\/vfirst-memberprofile2.jpg 640w, https:\/\/visionshare.org\/wp-content\/uploads\/vfirst-memberprofile2-300x197.jpg 300w, https:\/\/visionshare.org\/wp-content\/uploads\/vfirst-memberprofile2-500x328.jpg 500w\" sizes=\"auto, (max-width: 640px) 100vw, 640px\" \/><\/figure>\n\n<\/div>\n\n<div class=\"gb-container gb-container-844ef4bb\">\n\n<h2 class=\"gb-headline gb-headline-16988a04 gb-headline-text gbp-section__headline\">Servicios<\/h2>\n\n\n\n<p>VisionFirst ofrece una amplia gama de servicios, entre los que se incluyen la recuperaci\u00f3n, el cribado y la distribuci\u00f3n de tejido corneal. Suministran tejidos para diversos procedimientos, como DMEK, DSAEK y ALK, y proporcionan injertos especiales, incluidos injertos precargados y c\u00f3rneas preservadas. La organizaci\u00f3n tambi\u00e9n apoya la investigaci\u00f3n y la educaci\u00f3n, proporcionando tejidos para avances cient\u00edficos.<\/p>\n\n\n\n<p><\/p>\n\n<\/div>\n<\/div>\n\n<div class=\"gb-container gb-container-a0368a4e gbp-section__inner\">\n<div class=\"gb-container gb-container-3120ff1a\">\n<div class=\"gb-container gb-container-e560db6a\">\n<div class=\"gb-container gb-container-2e83002b gbp-section\">\n<div class=\"gb-container gb-container-180e0582 gbp-section__inner\">\n<div class=\"gb-container gb-container-a0f98063\">\n\n<h2 class=\"gb-headline gb-headline-7abefd36 gb-headline-text gbp-section__headline\">Compromiso con la Comunidad<\/h2>\n\n\n\n<div class=\"gb-headline gb-headline-99e038e0 gb-headline-text gbp-section__text\">Adem\u00e1s de los trasplantes, VisionFirst lleva a cabo programas como el Ocular Surgery &amp; Treatment Assistance Program, que ofrece ayuda financiera a los residentes de Indiana sin seguro o asistencia gubernamental. Esta iniciativa ayuda a las personas que necesitan cirug\u00edas vitales, como trasplantes de c\u00f3rnea y cirug\u00eda de cataratas.<\/div>\n\n\n<div class=\"gb-container gb-container-4bd041a8\">\n\n<a class=\"gb-button gb-button-e89fb59f gb-button-text gbp-button--primary\" href=\"https:\/\/www.visionfirst.org\/\" target=\"_blank\" rel=\"noopener noreferrer\">Visite su sitio web<\/a>\n\n<\/div>\n<\/div>\n<\/div>\n<\/div>\n<\/div>\n<\/div>\n<\/div>\n<\/div>\n\n\n<p><\/p>","protected":false},"excerpt":{"rendered":"<p>Mission and Values VisionFirst is committed to changing the lives of individuals in need of eye tissue transplants. The organization values collaboration with medical professionals &#8230; <a title=\"VisionFirst\" class=\"read-more\" href=\"https:\/\/visionshare.org\/es\/member-list-info\/vision-first-eye-bank\/\" aria-label=\"Leer m\u00e1s sobre VisionFirst\">Leer m\u00e1s<\/a><\/p>","protected":false},"author":1,"featured_media":0,"parent":1306,"menu_order":0,"comment_status":"closed","ping_status":"closed","template":"","meta":{"_acf_changed":false,"footnotes":""},"class_list":["post-6716","page","type-page","status-publish"],"acf":[],"yoast_head":"<!-- This site is optimized with the Yoast SEO plugin v27.6 - https:\/\/yoast.com\/product\/yoast-seo-wordpress\/ -->\n<title>VisionFirst - Vision Share<\/title>\n<meta name=\"description\" content=\"Learn more about Vision First, Indiana Lions Eye Bank, one of our member eye banks at Vision Share.\" \/>\n<meta name=\"robots\" content=\"index, follow, max-snippet:-1, max-image-preview:large, max-video-preview:-1\" \/>\n<link rel=\"canonical\" href=\"https:\/\/visionshare.org\/es\/lista-de-miembros\/banco-de-ojos-vision-first\/\" \/>\n<meta property=\"og:locale\" content=\"es_ES\" \/>\n<meta property=\"og:type\" content=\"article\" \/>\n<meta property=\"og:title\" content=\"VisionFirst - Vision Share\" \/>\n<meta property=\"og:description\" content=\"Learn more about Vision First, Indiana Lions Eye Bank, one of our member eye banks at Vision Share.\" \/>\n<meta property=\"og:url\" content=\"https:\/\/visionshare.org\/es\/lista-de-miembros\/banco-de-ojos-vision-first\/\" \/>\n<meta property=\"og:site_name\" content=\"Vision Share\" \/>\n<meta property=\"article:publisher\" content=\"https:\/\/www.facebook.com\/visionshareinc\" \/>\n<meta property=\"article:modified_time\" content=\"2025-09-09T20:12:32+00:00\" \/>\n<meta property=\"og:image\" content=\"https:\/\/visionshare.org\/wp-content\/uploads\/vfirst-memberprofile2.jpg\" \/>\n<meta name=\"twitter:card\" content=\"summary_large_image\" \/>\n<meta name=\"twitter:site\" content=\"@Vision_Share\" \/>\n<meta name=\"twitter:label1\" content=\"Tiempo de lectura\" \/>\n\t<meta name=\"twitter:data1\" content=\"2 minutos\" \/>\n<script type=\"application\/ld+json\" class=\"yoast-schema-graph\">{\"@context\":\"https:\\\/\\\/schema.org\",\"@graph\":[{\"@type\":\"WebPage\",\"@id\":\"https:\\\/\\\/visionshare.org\\\/member-list-info\\\/vision-first-eye-bank\\\/\",\"url\":\"https:\\\/\\\/visionshare.org\\\/member-list-info\\\/vision-first-eye-bank\\\/\",\"name\":\"VisionFirst - Vision Share\",\"isPartOf\":{\"@id\":\"https:\\\/\\\/visionshare.org\\\/#website\"},\"primaryImageOfPage\":{\"@id\":\"https:\\\/\\\/visionshare.org\\\/member-list-info\\\/vision-first-eye-bank\\\/#primaryimage\"},\"image\":{\"@id\":\"https:\\\/\\\/visionshare.org\\\/member-list-info\\\/vision-first-eye-bank\\\/#primaryimage\"},\"thumbnailUrl\":\"https:\\\/\\\/visionshare.org\\\/wp-content\\\/uploads\\\/vfirst-memberprofile2.jpg\",\"datePublished\":\"2024-10-10T19:30:51+00:00\",\"dateModified\":\"2025-09-09T20:12:32+00:00\",\"description\":\"Learn more about Vision First, Indiana Lions Eye Bank, one of our member eye banks at Vision Share.\",\"breadcrumb\":{\"@id\":\"https:\\\/\\\/visionshare.org\\\/member-list-info\\\/vision-first-eye-bank\\\/#breadcrumb\"},\"inLanguage\":\"es\",\"potentialAction\":[{\"@type\":\"ReadAction\",\"target\":[\"https:\\\/\\\/visionshare.org\\\/member-list-info\\\/vision-first-eye-bank\\\/\"]}]},{\"@type\":\"ImageObject\",\"inLanguage\":\"es\",\"@id\":\"https:\\\/\\\/visionshare.org\\\/member-list-info\\\/vision-first-eye-bank\\\/#primaryimage\",\"url\":\"https:\\\/\\\/visionshare.org\\\/wp-content\\\/uploads\\\/vfirst-memberprofile2.jpg\",\"contentUrl\":\"https:\\\/\\\/visionshare.org\\\/wp-content\\\/uploads\\\/vfirst-memberprofile2.jpg\"},{\"@type\":\"BreadcrumbList\",\"@id\":\"https:\\\/\\\/visionshare.org\\\/member-list-info\\\/vision-first-eye-bank\\\/#breadcrumb\",\"itemListElement\":[{\"@type\":\"ListItem\",\"position\":1,\"name\":\"Home\",\"item\":\"https:\\\/\\\/visionshare.org\\\/\"},{\"@type\":\"ListItem\",\"position\":2,\"name\":\"Vision Share Eye Bank Network\",\"item\":\"https:\\\/\\\/visionshare.org\\\/member-list-info\\\/\"},{\"@type\":\"ListItem\",\"position\":3,\"name\":\"VisionFirst\"}]},{\"@type\":\"WebSite\",\"@id\":\"https:\\\/\\\/visionshare.org\\\/#website\",\"url\":\"https:\\\/\\\/visionshare.org\\\/\",\"name\":\"Vision Share\",\"description\":\"Your Trusted Source\",\"publisher\":{\"@id\":\"https:\\\/\\\/visionshare.org\\\/#organization\"},\"potentialAction\":[{\"@type\":\"SearchAction\",\"target\":{\"@type\":\"EntryPoint\",\"urlTemplate\":\"https:\\\/\\\/visionshare.org\\\/?s={search_term_string}\"},\"query-input\":{\"@type\":\"PropertyValueSpecification\",\"valueRequired\":true,\"valueName\":\"search_term_string\"}}],\"inLanguage\":\"es\"},{\"@type\":\"Organization\",\"@id\":\"https:\\\/\\\/visionshare.org\\\/#organization\",\"name\":\"Vision Share\",\"url\":\"https:\\\/\\\/visionshare.org\\\/\",\"logo\":{\"@type\":\"ImageObject\",\"inLanguage\":\"es\",\"@id\":\"https:\\\/\\\/visionshare.org\\\/#\\\/schema\\\/logo\\\/image\\\/\",\"url\":\"https:\\\/\\\/visionshare.org\\\/wp-content\\\/uploads\\\/cropped-cropped-cropped-VS_Your-trusted-source-logo-01-PNG.png\",\"contentUrl\":\"https:\\\/\\\/visionshare.org\\\/wp-content\\\/uploads\\\/cropped-cropped-cropped-VS_Your-trusted-source-logo-01-PNG.png\",\"width\":1655,\"height\":861,\"caption\":\"Vision Share\"},\"image\":{\"@id\":\"https:\\\/\\\/visionshare.org\\\/#\\\/schema\\\/logo\\\/image\\\/\"},\"sameAs\":[\"https:\\\/\\\/www.facebook.com\\\/visionshareinc\",\"https:\\\/\\\/x.com\\\/Vision_Share\",\"https:\\\/\\\/www.linkedin.com\\\/company\\\/visionsshare\\\/\"]}]}<\/script>\n<!-- \/ Yoast SEO plugin. -->","yoast_head_json":{"title":"VisionFirst - Compartir visi\u00f3n","description":"Conoce m\u00e1s sobre Vision First, Indiana Lions Eye Bank, uno de nuestros bancos de ojos miembros en Vision Share.","robots":{"index":"index","follow":"follow","max-snippet":"max-snippet:-1","max-image-preview":"max-image-preview:large","max-video-preview":"max-video-preview:-1"},"canonical":"https:\/\/visionshare.org\/es\/lista-de-miembros\/banco-de-ojos-vision-first\/","og_locale":"es_ES","og_type":"article","og_title":"VisionFirst - Vision Share","og_description":"Learn more about Vision First, Indiana Lions Eye Bank, one of our member eye banks at Vision Share.","og_url":"https:\/\/visionshare.org\/es\/lista-de-miembros\/banco-de-ojos-vision-first\/","og_site_name":"Vision Share","article_publisher":"https:\/\/www.facebook.com\/visionshareinc","article_modified_time":"2025-09-09T20:12:32+00:00","og_image":[{"url":"https:\/\/visionshare.org\/wp-content\/uploads\/vfirst-memberprofile2.jpg","type":"","width":"","height":""}],"twitter_card":"summary_large_image","twitter_site":"@Vision_Share","twitter_misc":{"Tiempo de lectura":"2 minutos"},"schema":{"@context":"https:\/\/schema.org","@graph":[{"@type":"WebPage","@id":"https:\/\/visionshare.org\/member-list-info\/vision-first-eye-bank\/","url":"https:\/\/visionshare.org\/member-list-info\/vision-first-eye-bank\/","name":"VisionFirst - Compartir visi\u00f3n","isPartOf":{"@id":"https:\/\/visionshare.org\/#website"},"primaryImageOfPage":{"@id":"https:\/\/visionshare.org\/member-list-info\/vision-first-eye-bank\/#primaryimage"},"image":{"@id":"https:\/\/visionshare.org\/member-list-info\/vision-first-eye-bank\/#primaryimage"},"thumbnailUrl":"https:\/\/visionshare.org\/wp-content\/uploads\/vfirst-memberprofile2.jpg","datePublished":"2024-10-10T19:30:51+00:00","dateModified":"2025-09-09T20:12:32+00:00","description":"Conoce m\u00e1s sobre Vision First, Indiana Lions Eye Bank, uno de nuestros bancos de ojos miembros en Vision Share.","breadcrumb":{"@id":"https:\/\/visionshare.org\/member-list-info\/vision-first-eye-bank\/#breadcrumb"},"inLanguage":"es","potentialAction":[{"@type":"ReadAction","target":["https:\/\/visionshare.org\/member-list-info\/vision-first-eye-bank\/"]}]},{"@type":"ImageObject","inLanguage":"es","@id":"https:\/\/visionshare.org\/member-list-info\/vision-first-eye-bank\/#primaryimage","url":"https:\/\/visionshare.org\/wp-content\/uploads\/vfirst-memberprofile2.jpg","contentUrl":"https:\/\/visionshare.org\/wp-content\/uploads\/vfirst-memberprofile2.jpg"},{"@type":"BreadcrumbList","@id":"https:\/\/visionshare.org\/member-list-info\/vision-first-eye-bank\/#breadcrumb","itemListElement":[{"@type":"ListItem","position":1,"name":"Home","item":"https:\/\/visionshare.org\/"},{"@type":"ListItem","position":2,"name":"Vision Share Eye Bank Network","item":"https:\/\/visionshare.org\/member-list-info\/"},{"@type":"ListItem","position":3,"name":"VisionFirst"}]},{"@type":"WebSite","@id":"https:\/\/visionshare.org\/#website","url":"https:\/\/visionshare.org\/","name":"Compartir visi\u00f3n","description":"Su fuente de confianza","publisher":{"@id":"https:\/\/visionshare.org\/#organization"},"potentialAction":[{"@type":"SearchAction","target":{"@type":"EntryPoint","urlTemplate":"https:\/\/visionshare.org\/?s={search_term_string}"},"query-input":{"@type":"PropertyValueSpecification","valueRequired":true,"valueName":"search_term_string"}}],"inLanguage":"es"},{"@type":"Organization","@id":"https:\/\/visionshare.org\/#organization","name":"Compartir visi\u00f3n","url":"https:\/\/visionshare.org\/","logo":{"@type":"ImageObject","inLanguage":"es","@id":"https:\/\/visionshare.org\/#\/schema\/logo\/image\/","url":"https:\/\/visionshare.org\/wp-content\/uploads\/cropped-cropped-cropped-VS_Your-trusted-source-logo-01-PNG.png","contentUrl":"https:\/\/visionshare.org\/wp-content\/uploads\/cropped-cropped-cropped-VS_Your-trusted-source-logo-01-PNG.png","width":1655,"height":861,"caption":"Vision Share"},"image":{"@id":"https:\/\/visionshare.org\/#\/schema\/logo\/image\/"},"sameAs":["https:\/\/www.facebook.com\/visionshareinc","https:\/\/x.com\/Vision_Share","https:\/\/www.linkedin.com\/company\/visionsshare\/"]}]}},"_links":{"self":[{"href":"https:\/\/visionshare.org\/es\/wp-json\/wp\/v2\/pages\/6716","targetHints":{"allow":["GET"]}}],"collection":[{"href":"https:\/\/visionshare.org\/es\/wp-json\/wp\/v2\/pages"}],"about":[{"href":"https:\/\/visionshare.org\/es\/wp-json\/wp\/v2\/types\/page"}],"author":[{"embeddable":true,"href":"https:\/\/visionshare.org\/es\/wp-json\/wp\/v2\/users\/1"}],"replies":[{"embeddable":true,"href":"https:\/\/visionshare.org\/es\/wp-json\/wp\/v2\/comments?post=6716"}],"version-history":[{"count":11,"href":"https:\/\/visionshare.org\/es\/wp-json\/wp\/v2\/pages\/6716\/revisions"}],"predecessor-version":[{"id":13824,"href":"https:\/\/visionshare.org\/es\/wp-json\/wp\/v2\/pages\/6716\/revisions\/13824"}],"up":[{"embeddable":true,"href":"https:\/\/visionshare.org\/es\/wp-json\/wp\/v2\/pages\/1306"}],"wp:attachment":[{"href":"https:\/\/visionshare.org\/es\/wp-json\/wp\/v2\/media?parent=6716"}],"curies":[{"name":"wp","href":"https:\/\/api.w.org\/{rel}","templated":true}]}}