{"id":6724,"date":"2024-10-10T15:22:39","date_gmt":"2024-10-10T20:22:39","guid":{"rendered":"https:\/\/visionshare.org\/?page_id=6724"},"modified":"2025-09-09T14:51:12","modified_gmt":"2025-09-09T19:51:12","slug":"banco-de-ojos-eversight","status":"publish","type":"page","link":"https:\/\/visionshare.org\/es\/member-list-info\/eversight-eye-bank\/","title":{"rendered":"Eversight"},"content":{"rendered":"<div class=\"gb-container gb-container-d452ee7a\">\n<div class=\"gb-container gb-container-7d07da58 gbp-section__inner\">\n<div class=\"gb-container gb-container-9c385b46\">\n\n<figure class=\"gb-block-image gb-block-image-2c8b1d92\"><img loading=\"lazy\" decoding=\"async\" width=\"768\" height=\"1024\" class=\"gb-image gb-image-2c8b1d92\" src=\"https:\/\/visionshare.org\/wp-content\/uploads\/EV_VS_Mission-768x1024.jpg\" alt=\"Misi\u00f3n, valores, prop\u00f3sito, filosof\u00eda y m\u00e1s de Eversight\" title=\"Misi\u00f3n EV_VS\" srcset=\"https:\/\/visionshare.org\/wp-content\/uploads\/EV_VS_Mission-768x1024.jpg 768w, https:\/\/visionshare.org\/wp-content\/uploads\/EV_VS_Mission-225x300.jpg 225w, https:\/\/visionshare.org\/wp-content\/uploads\/EV_VS_Mission-1152x1536.jpg 1152w, https:\/\/visionshare.org\/wp-content\/uploads\/EV_VS_Mission-500x667.jpg 500w, https:\/\/visionshare.org\/wp-content\/uploads\/EV_VS_Mission-700x933.jpg 700w, https:\/\/visionshare.org\/wp-content\/uploads\/EV_VS_Mission.jpg 1200w\" sizes=\"auto, (max-width: 768px) 100vw, 768px\" \/><\/figure>\n\n<\/div>\n\n<div class=\"gb-container gb-container-00852ae2\">\n\n<h2 class=\"gb-headline gb-headline-273989dd gb-headline-text gbp-section__text\"><strong>Misi\u00f3n, visi\u00f3n y cultura<\/strong><\/h2>\n\n\n\n<p class=\"has-medium-font-size\">Eversight es un banco ocular mundial sin \u00e1nimo de lucro cuya misi\u00f3n es restaurar la vista y prevenir la ceguera mediante el poder curativo de la donaci\u00f3n, el trasplante y la investigaci\u00f3n. Eversight y sus numerosos socios trabajan para hacer frente a la carga global de la ceguera corneal y ayudar a que la visi\u00f3n sea una realidad para m\u00e1s personas en todo el mundo.<\/p>\n\n\n\n<p class=\"has-medium-font-size\">Durante m\u00e1s de 75 a\u00f1os, Eversight ha fomentado relaciones aut\u00e9nticas con los donantes y sus familias para garantizar que el don de la vista est\u00e9 al alcance del mayor n\u00famero posible de personas. Su prop\u00f3sito al realizar esta labor es capacitar a las personas y transformar vidas. <\/p>\n\n\n\n<p class=\"has-medium-font-size\">Los valores de servicio, empuje y confianza gu\u00edan a Eversight en cada paso de su camino hacia su visi\u00f3n de ver alg\u00fan d\u00eda un mundo sin ceguera, en el que nadie sufra una discapacidad visual evitable.  <\/p>\n\n\n\n<p class=\"has-medium-font-size\"><a href=\"https:\/\/www.eversightvision.org\/who-we-are\/mission-vision-culture\/\">M\u00e1s informaci\u00f3n<\/a><\/p>\n\n<\/div>\n<\/div>\n\n<div class=\"gb-container gb-container-7295cd14 gbp-section__inner\">\n<div class=\"gb-container gb-container-8800a765 mobile-reverse-container-1\">\n\n<h2 class=\"gb-headline gb-headline-663f7f47 gb-headline-text gbp-section__headline\">Historia y legado<\/h2>\n\n\n\n<p class=\"has-medium-font-size\">Fundado en 1947 con el nombre de Illinois Eye Bank, Eversight se ha convertido en un l\u00edder mundial en atenci\u00f3n oftalmol\u00f3gica. Originalmente era el cuarto banco de ojos de Estados Unidos, pero su misi\u00f3n se ha ampliado a lo largo de las d\u00e9cadas para abarcar no solo los trasplantes de c\u00f3rnea, sino tambi\u00e9n la investigaci\u00f3n de vanguardia para prevenir y curar enfermedades oculares que causan ceguera. <\/p>\n\n\n\n<p class=\"has-medium-font-size\">El nombre de Eversight se adopt\u00f3 oficialmente en 2015 y hoy presta servicio a familias de donantes, pacientes, cirujanos e investigadores a nivel mundial desde \u00e1reas de servicio en Arizona, Connecticut, Illinois, Michigan, Nueva Jersey, Ohio y Corea del Sur.<\/p>\n\n\n\n<p class=\"has-medium-font-size\"><a href=\"https:\/\/www.eversightvision.org\/who-we-are\/mission-history\/\">M\u00e1s informaci\u00f3n<\/a><\/p>\n\n<\/div>\n\n<div class=\"gb-container gb-container-6b58214d mobile-reverse-container-2\">\n\n<figure class=\"gb-block-image gb-block-image-c3c5b2b9\"><img loading=\"lazy\" decoding=\"async\" width=\"768\" height=\"1024\" class=\"gb-image gb-image-c3c5b2b9\" src=\"https:\/\/visionshare.org\/wp-content\/uploads\/EV_VS_History-768x1024.jpg\" alt=\"Imagen de los inicios de Eye Banking\" title=\"EV_VS_Historia\" srcset=\"https:\/\/visionshare.org\/wp-content\/uploads\/EV_VS_History-768x1024.jpg 768w, https:\/\/visionshare.org\/wp-content\/uploads\/EV_VS_History-225x300.jpg 225w, https:\/\/visionshare.org\/wp-content\/uploads\/EV_VS_History-1152x1536.jpg 1152w, https:\/\/visionshare.org\/wp-content\/uploads\/EV_VS_History-500x667.jpg 500w, https:\/\/visionshare.org\/wp-content\/uploads\/EV_VS_History-700x933.jpg 700w, https:\/\/visionshare.org\/wp-content\/uploads\/EV_VS_History.jpg 1200w\" sizes=\"auto, (max-width: 768px) 100vw, 768px\" \/><\/figure>\n\n<\/div>\n<\/div>\n\n<div class=\"gb-container gb-container-c50a5e44 gbp-section__inner\">\n<div class=\"gb-container gb-container-9dd23264\">\n\n<figure class=\"gb-block-image gb-block-image-81f4f184\"><img loading=\"lazy\" decoding=\"async\" width=\"768\" height=\"1024\" class=\"gb-image gb-image-81f4f184\" src=\"https:\/\/visionshare.org\/wp-content\/uploads\/EV_VS_Global-768x1024.jpg\" alt=\"Eversight Global Impact a trav\u00e9s del Banco de Ojos\" title=\"EV_VS_Global\" srcset=\"https:\/\/visionshare.org\/wp-content\/uploads\/EV_VS_Global-768x1024.jpg 768w, https:\/\/visionshare.org\/wp-content\/uploads\/EV_VS_Global-225x300.jpg 225w, https:\/\/visionshare.org\/wp-content\/uploads\/EV_VS_Global-1152x1536.jpg 1152w, https:\/\/visionshare.org\/wp-content\/uploads\/EV_VS_Global-500x667.jpg 500w, https:\/\/visionshare.org\/wp-content\/uploads\/EV_VS_Global-700x933.jpg 700w, https:\/\/visionshare.org\/wp-content\/uploads\/EV_VS_Global.jpg 1200w\" sizes=\"auto, (max-width: 768px) 100vw, 768px\" \/><\/figure>\n\n<\/div>\n\n<div class=\"gb-container gb-container-ab912b09\">\n\n<h2 class=\"gb-headline gb-headline-ff1114bd gb-headline-text gbp-section__headline\">Impacto mundial<\/h2>\n\n\n\n<p class=\"has-medium-font-size\">El alcance de Eversight no se limita a Estados Unidos, ya que trabajan para eliminar la ceguera corneal en todo el mundo mediante el desarrollo de bancos de ojos, la formaci\u00f3n cl\u00ednica y el suministro de tejidos. Eversight participa activamente en la soluci\u00f3n de los problemas visuales mundiales, aportando soluciones a corto y largo plazo para transformar la vida de m\u00e1s de 12 millones de personas que sufren ceguera corneal en todo el mundo.<\/p>\n\n\n\n<p class=\"has-medium-font-size\">La organizaci\u00f3n es pionera en asociaciones mundiales y programas de formaci\u00f3n para extender su impacto m\u00e1s all\u00e1 de las fronteras, colaborando estrechamente con oftalm\u00f3logos, investigadores, banqueros de ojos y otros profesionales de la salud ocular para avanzar en los tratamientos y ampliar el acceso a trasplantes que cambian vidas. <\/p>\n\n\n\n<p class=\"has-medium-font-size\">Gracias a la incre\u00edble generosidad de los donantes estadounidenses y sus familias, Eversight tambi\u00e9n proporciona c\u00f3rneas para trasplantes e investigaci\u00f3n en todo el mundo, proporcionando esperanza para el futuro y devolviendo la vista a pacientes necesitados.<\/p>\n\n\n\n<p class=\"has-medium-font-size\"><a href=\"https:\/\/www.eversightvision.org\/our-focus\/global-vision\/\">M\u00e1s informaci\u00f3n<\/a><\/p>\n\n<\/div>\n<\/div>\n\n<div class=\"gb-container gb-container-d197b611 gbp-section__inner\">\n<div class=\"gb-container gb-container-dd20a8b7 mobile-reverse-container-1\">\n\n<h2 class=\"gb-headline gb-headline-d4d70cdc gb-headline-text gbp-section__headline\">Investigaci\u00f3n y desarrollo<\/h2>\n\n\n\n<p class=\"has-medium-font-size\">Eversight es una empresa de servicios integrales de I+D en oftalmolog\u00eda y visi\u00f3n comprometida con la curiosidad desenfrenada, la investigaci\u00f3n cient\u00edfica s\u00f3lida y las innovaciones de laboratorio para prevenir, tratar y curar enfermedades oculares que causan ceguera. Su enfoque colaborativo a\u00fana los \u00e1mbitos acad\u00e9mico, biotecnol\u00f3gico y farmac\u00e9utico para impulsar descubrimientos revolucionarios centrados en el avance de la ciencia con el fin de hacer realidad la visi\u00f3n para las generaciones venideras.<\/p>\n\n\n\n<p class=\"has-medium-font-size\">Como banco de ojos y organizaci\u00f3n de investigaci\u00f3n por contrato (CRO) bajo un mismo techo, Eversight ofrece acceso a tejido ocular humano y biofluidos donados amablemente por los donantes y sus familias. Eversight es su ventanilla \u00fanica para la colaboraci\u00f3n, el tejido de investigaci\u00f3n, el dise\u00f1o de estudios, la redacci\u00f3n de propuestas de subvenci\u00f3n, la evaluaci\u00f3n de datos, la obtenci\u00f3n de im\u00e1genes, las pruebas, la redacci\u00f3n de manuscritos, la publicaci\u00f3n revisada por pares y mucho m\u00e1s. <\/p>\n\n\n\n<p class=\"has-medium-font-size\">Tambi\u00e9n pueden facilitar la caracterizaci\u00f3n de modelos animales con tejidos proporcionados por el cliente. Eversight es una CRO+ guiada por la responsabilidad de administrar los tejidos de los donantes y maximizar sus donaciones desinteresadas.<\/p>\n\n\n\n<p class=\"has-medium-font-size\"><a href=\"https:\/\/www.eversightvision.org\/eye-vision-research\/\">M\u00e1s informaci\u00f3n<\/a><\/p>\n\n<\/div>\n\n<div class=\"gb-container gb-container-ff86357e mobile-reverse-container-2\">\n\n<figure class=\"gb-block-image gb-block-image-3a5a0502\"><img loading=\"lazy\" decoding=\"async\" width=\"768\" height=\"1024\" class=\"gb-image gb-image-3a5a0502\" src=\"https:\/\/visionshare.org\/wp-content\/uploads\/EV_VS_Research-768x1024.jpg\" alt=\"Departamento de I+D de Eversight\" title=\"EV_VS_Investigaci\u00f3n\" srcset=\"https:\/\/visionshare.org\/wp-content\/uploads\/EV_VS_Research-768x1024.jpg 768w, https:\/\/visionshare.org\/wp-content\/uploads\/EV_VS_Research-225x300.jpg 225w, https:\/\/visionshare.org\/wp-content\/uploads\/EV_VS_Research-1152x1536.jpg 1152w, https:\/\/visionshare.org\/wp-content\/uploads\/EV_VS_Research-500x667.jpg 500w, https:\/\/visionshare.org\/wp-content\/uploads\/EV_VS_Research-700x933.jpg 700w, https:\/\/visionshare.org\/wp-content\/uploads\/EV_VS_Research.jpg 1200w\" sizes=\"auto, (max-width: 768px) 100vw, 768px\" \/><\/figure>\n\n<\/div>\n<\/div>\n\n<div class=\"gb-container gb-container-a0368a4e gbp-section__inner\">\n<div class=\"gb-container gb-container-3120ff1a\">\n<div class=\"gb-container gb-container-e560db6a\">\n<div class=\"gb-container gb-container-2e83002b gbp-section\">\n<div class=\"gb-container gb-container-180e0582 gbp-section__inner\">\n<div class=\"gb-container gb-container-a0f98063\">\n\n<p class=\"has-medium-font-size\">Con un rico legado y una misi\u00f3n con visi\u00f3n de futuro, Eversight sigue siendo un actor fundamental en la lucha mundial contra la ceguera, ofreciendo esperanza a millones de personas y trabajando por un mundo en el que la vista sea accesible para todos. <\/p>\n\n\n<div class=\"gb-container gb-container-4bd041a8\">\n\n<a class=\"gb-button gb-button-e89fb59f gb-button-text gbp-button--primary\" href=\"https:\/\/www.eversightvision.org\" target=\"_blank\" rel=\"noopener noreferrer\">Visite su sitio web<\/a>\n\n<\/div>\n<\/div>\n<\/div>\n<\/div>\n<\/div>\n<\/div>\n<\/div>\n<\/div>","protected":false},"excerpt":{"rendered":"<p>Mission, Vision and Culture Eversight is a global nonprofit eye bank with a mission to restore sight and prevent blindness through the healing power of &#8230; <a title=\"Eversight\" class=\"read-more\" href=\"https:\/\/visionshare.org\/es\/member-list-info\/eversight-eye-bank\/\" aria-label=\"Leer m\u00e1s sobre Eversight\">Leer m\u00e1s<\/a><\/p>","protected":false},"author":1,"featured_media":9827,"parent":1306,"menu_order":0,"comment_status":"closed","ping_status":"closed","template":"","meta":{"_acf_changed":false,"footnotes":""},"class_list":["post-6724","page","type-page","status-publish","has-post-thumbnail"],"acf":[],"yoast_head":"<!-- This site is optimized with the Yoast SEO plugin v27.5 - https:\/\/yoast.com\/product\/yoast-seo-wordpress\/ -->\n<title>Eversight - Vision Share Member<\/title>\n<meta name=\"description\" content=\"Learn more about Eversight, one of our member eye banks at Vision Share.\" \/>\n<meta name=\"robots\" content=\"index, follow, max-snippet:-1, max-image-preview:large, max-video-preview:-1\" \/>\n<link rel=\"canonical\" href=\"https:\/\/visionshare.org\/es\/lista-de-miembros\/banco-de-ojos-eversight\/\" \/>\n<meta property=\"og:locale\" content=\"es_ES\" \/>\n<meta property=\"og:type\" content=\"article\" \/>\n<meta property=\"og:title\" content=\"Eversight - Vision Share Member\" \/>\n<meta property=\"og:description\" content=\"Learn more about Eversight, one of our member eye banks at Vision Share.\" \/>\n<meta property=\"og:url\" content=\"https:\/\/visionshare.org\/es\/lista-de-miembros\/banco-de-ojos-eversight\/\" \/>\n<meta property=\"og:site_name\" content=\"Vision Share\" \/>\n<meta property=\"article:publisher\" content=\"https:\/\/www.facebook.com\/visionshareinc\" \/>\n<meta property=\"article:modified_time\" content=\"2025-09-09T19:51:12+00:00\" \/>\n<meta property=\"og:image\" content=\"https:\/\/visionshare.org\/wp-content\/uploads\/EV_VS_Header_REV-1920x600-1.jpg\" \/>\n\t<meta property=\"og:image:width\" content=\"1920\" \/>\n\t<meta property=\"og:image:height\" content=\"600\" \/>\n\t<meta property=\"og:image:type\" content=\"image\/jpeg\" \/>\n<meta name=\"twitter:card\" content=\"summary_large_image\" \/>\n<meta name=\"twitter:site\" content=\"@Vision_Share\" \/>\n<meta name=\"twitter:label1\" content=\"Tiempo de lectura\" \/>\n\t<meta name=\"twitter:data1\" content=\"4 minutos\" \/>\n<script type=\"application\/ld+json\" class=\"yoast-schema-graph\">{\"@context\":\"https:\\\/\\\/schema.org\",\"@graph\":[{\"@type\":\"WebPage\",\"@id\":\"https:\\\/\\\/visionshare.org\\\/member-list-info\\\/eversight-eye-bank\\\/\",\"url\":\"https:\\\/\\\/visionshare.org\\\/member-list-info\\\/eversight-eye-bank\\\/\",\"name\":\"Eversight - Vision Share Member\",\"isPartOf\":{\"@id\":\"https:\\\/\\\/visionshare.org\\\/#website\"},\"primaryImageOfPage\":{\"@id\":\"https:\\\/\\\/visionshare.org\\\/member-list-info\\\/eversight-eye-bank\\\/#primaryimage\"},\"image\":{\"@id\":\"https:\\\/\\\/visionshare.org\\\/member-list-info\\\/eversight-eye-bank\\\/#primaryimage\"},\"thumbnailUrl\":\"https:\\\/\\\/visionshare.org\\\/wp-content\\\/uploads\\\/EV_VS_Header_REV-1920x600-1.jpg\",\"datePublished\":\"2024-10-10T20:22:39+00:00\",\"dateModified\":\"2025-09-09T19:51:12+00:00\",\"description\":\"Learn more about Eversight, one of our member eye banks at Vision Share.\",\"breadcrumb\":{\"@id\":\"https:\\\/\\\/visionshare.org\\\/member-list-info\\\/eversight-eye-bank\\\/#breadcrumb\"},\"inLanguage\":\"es\",\"potentialAction\":[{\"@type\":\"ReadAction\",\"target\":[\"https:\\\/\\\/visionshare.org\\\/member-list-info\\\/eversight-eye-bank\\\/\"]}]},{\"@type\":\"ImageObject\",\"inLanguage\":\"es\",\"@id\":\"https:\\\/\\\/visionshare.org\\\/member-list-info\\\/eversight-eye-bank\\\/#primaryimage\",\"url\":\"https:\\\/\\\/visionshare.org\\\/wp-content\\\/uploads\\\/EV_VS_Header_REV-1920x600-1.jpg\",\"contentUrl\":\"https:\\\/\\\/visionshare.org\\\/wp-content\\\/uploads\\\/EV_VS_Header_REV-1920x600-1.jpg\",\"width\":1920,\"height\":600,\"caption\":\"EV_VS_Header_REV-1920x600\"},{\"@type\":\"BreadcrumbList\",\"@id\":\"https:\\\/\\\/visionshare.org\\\/member-list-info\\\/eversight-eye-bank\\\/#breadcrumb\",\"itemListElement\":[{\"@type\":\"ListItem\",\"position\":1,\"name\":\"Home\",\"item\":\"https:\\\/\\\/visionshare.org\\\/\"},{\"@type\":\"ListItem\",\"position\":2,\"name\":\"Vision Share Eye Bank Network\",\"item\":\"https:\\\/\\\/visionshare.org\\\/member-list-info\\\/\"},{\"@type\":\"ListItem\",\"position\":3,\"name\":\"Eversight\"}]},{\"@type\":\"WebSite\",\"@id\":\"https:\\\/\\\/visionshare.org\\\/#website\",\"url\":\"https:\\\/\\\/visionshare.org\\\/\",\"name\":\"Vision Share\",\"description\":\"Your Trusted Source\",\"publisher\":{\"@id\":\"https:\\\/\\\/visionshare.org\\\/#organization\"},\"potentialAction\":[{\"@type\":\"SearchAction\",\"target\":{\"@type\":\"EntryPoint\",\"urlTemplate\":\"https:\\\/\\\/visionshare.org\\\/?s={search_term_string}\"},\"query-input\":{\"@type\":\"PropertyValueSpecification\",\"valueRequired\":true,\"valueName\":\"search_term_string\"}}],\"inLanguage\":\"es\"},{\"@type\":\"Organization\",\"@id\":\"https:\\\/\\\/visionshare.org\\\/#organization\",\"name\":\"Vision Share\",\"url\":\"https:\\\/\\\/visionshare.org\\\/\",\"logo\":{\"@type\":\"ImageObject\",\"inLanguage\":\"es\",\"@id\":\"https:\\\/\\\/visionshare.org\\\/#\\\/schema\\\/logo\\\/image\\\/\",\"url\":\"https:\\\/\\\/visionshare.org\\\/wp-content\\\/uploads\\\/cropped-cropped-cropped-VS_Your-trusted-source-logo-01-PNG.png\",\"contentUrl\":\"https:\\\/\\\/visionshare.org\\\/wp-content\\\/uploads\\\/cropped-cropped-cropped-VS_Your-trusted-source-logo-01-PNG.png\",\"width\":1655,\"height\":861,\"caption\":\"Vision Share\"},\"image\":{\"@id\":\"https:\\\/\\\/visionshare.org\\\/#\\\/schema\\\/logo\\\/image\\\/\"},\"sameAs\":[\"https:\\\/\\\/www.facebook.com\\\/visionshareinc\",\"https:\\\/\\\/x.com\\\/Vision_Share\",\"https:\\\/\\\/www.linkedin.com\\\/company\\\/visionsshare\\\/\"]}]}<\/script>\n<!-- \/ Yoast SEO plugin. -->","yoast_head_json":{"title":"Eversight - Miembro de Vision Share","description":"Conoce m\u00e1s sobre Eversight, uno de nuestros bancos de ojos miembros en Vision Share.","robots":{"index":"index","follow":"follow","max-snippet":"max-snippet:-1","max-image-preview":"max-image-preview:large","max-video-preview":"max-video-preview:-1"},"canonical":"https:\/\/visionshare.org\/es\/lista-de-miembros\/banco-de-ojos-eversight\/","og_locale":"es_ES","og_type":"article","og_title":"Eversight - Vision Share Member","og_description":"Learn more about Eversight, one of our member eye banks at Vision Share.","og_url":"https:\/\/visionshare.org\/es\/lista-de-miembros\/banco-de-ojos-eversight\/","og_site_name":"Vision Share","article_publisher":"https:\/\/www.facebook.com\/visionshareinc","article_modified_time":"2025-09-09T19:51:12+00:00","og_image":[{"width":1920,"height":600,"url":"https:\/\/visionshare.org\/wp-content\/uploads\/EV_VS_Header_REV-1920x600-1.jpg","type":"image\/jpeg"}],"twitter_card":"summary_large_image","twitter_site":"@Vision_Share","twitter_misc":{"Tiempo de lectura":"4 minutos"},"schema":{"@context":"https:\/\/schema.org","@graph":[{"@type":"WebPage","@id":"https:\/\/visionshare.org\/member-list-info\/eversight-eye-bank\/","url":"https:\/\/visionshare.org\/member-list-info\/eversight-eye-bank\/","name":"Eversight - Miembro de Vision Share","isPartOf":{"@id":"https:\/\/visionshare.org\/#website"},"primaryImageOfPage":{"@id":"https:\/\/visionshare.org\/member-list-info\/eversight-eye-bank\/#primaryimage"},"image":{"@id":"https:\/\/visionshare.org\/member-list-info\/eversight-eye-bank\/#primaryimage"},"thumbnailUrl":"https:\/\/visionshare.org\/wp-content\/uploads\/EV_VS_Header_REV-1920x600-1.jpg","datePublished":"2024-10-10T20:22:39+00:00","dateModified":"2025-09-09T19:51:12+00:00","description":"Conoce m\u00e1s sobre Eversight, uno de nuestros bancos de ojos miembros en Vision Share.","breadcrumb":{"@id":"https:\/\/visionshare.org\/member-list-info\/eversight-eye-bank\/#breadcrumb"},"inLanguage":"es","potentialAction":[{"@type":"ReadAction","target":["https:\/\/visionshare.org\/member-list-info\/eversight-eye-bank\/"]}]},{"@type":"ImageObject","inLanguage":"es","@id":"https:\/\/visionshare.org\/member-list-info\/eversight-eye-bank\/#primaryimage","url":"https:\/\/visionshare.org\/wp-content\/uploads\/EV_VS_Header_REV-1920x600-1.jpg","contentUrl":"https:\/\/visionshare.org\/wp-content\/uploads\/EV_VS_Header_REV-1920x600-1.jpg","width":1920,"height":600,"caption":"EV_VS_Header_REV-1920x600"},{"@type":"BreadcrumbList","@id":"https:\/\/visionshare.org\/member-list-info\/eversight-eye-bank\/#breadcrumb","itemListElement":[{"@type":"ListItem","position":1,"name":"Home","item":"https:\/\/visionshare.org\/"},{"@type":"ListItem","position":2,"name":"Vision Share Eye Bank Network","item":"https:\/\/visionshare.org\/member-list-info\/"},{"@type":"ListItem","position":3,"name":"Eversight"}]},{"@type":"WebSite","@id":"https:\/\/visionshare.org\/#website","url":"https:\/\/visionshare.org\/","name":"Compartir visi\u00f3n","description":"Su fuente de confianza","publisher":{"@id":"https:\/\/visionshare.org\/#organization"},"potentialAction":[{"@type":"SearchAction","target":{"@type":"EntryPoint","urlTemplate":"https:\/\/visionshare.org\/?s={search_term_string}"},"query-input":{"@type":"PropertyValueSpecification","valueRequired":true,"valueName":"search_term_string"}}],"inLanguage":"es"},{"@type":"Organization","@id":"https:\/\/visionshare.org\/#organization","name":"Compartir visi\u00f3n","url":"https:\/\/visionshare.org\/","logo":{"@type":"ImageObject","inLanguage":"es","@id":"https:\/\/visionshare.org\/#\/schema\/logo\/image\/","url":"https:\/\/visionshare.org\/wp-content\/uploads\/cropped-cropped-cropped-VS_Your-trusted-source-logo-01-PNG.png","contentUrl":"https:\/\/visionshare.org\/wp-content\/uploads\/cropped-cropped-cropped-VS_Your-trusted-source-logo-01-PNG.png","width":1655,"height":861,"caption":"Vision Share"},"image":{"@id":"https:\/\/visionshare.org\/#\/schema\/logo\/image\/"},"sameAs":["https:\/\/www.facebook.com\/visionshareinc","https:\/\/x.com\/Vision_Share","https:\/\/www.linkedin.com\/company\/visionsshare\/"]}]}},"_links":{"self":[{"href":"https:\/\/visionshare.org\/es\/wp-json\/wp\/v2\/pages\/6724","targetHints":{"allow":["GET"]}}],"collection":[{"href":"https:\/\/visionshare.org\/es\/wp-json\/wp\/v2\/pages"}],"about":[{"href":"https:\/\/visionshare.org\/es\/wp-json\/wp\/v2\/types\/page"}],"author":[{"embeddable":true,"href":"https:\/\/visionshare.org\/es\/wp-json\/wp\/v2\/users\/1"}],"replies":[{"embeddable":true,"href":"https:\/\/visionshare.org\/es\/wp-json\/wp\/v2\/comments?post=6724"}],"version-history":[{"count":44,"href":"https:\/\/visionshare.org\/es\/wp-json\/wp\/v2\/pages\/6724\/revisions"}],"predecessor-version":[{"id":13811,"href":"https:\/\/visionshare.org\/es\/wp-json\/wp\/v2\/pages\/6724\/revisions\/13811"}],"up":[{"embeddable":true,"href":"https:\/\/visionshare.org\/es\/wp-json\/wp\/v2\/pages\/1306"}],"wp:featuredmedia":[{"embeddable":true,"href":"https:\/\/visionshare.org\/es\/wp-json\/wp\/v2\/media\/9827"}],"wp:attachment":[{"href":"https:\/\/visionshare.org\/es\/wp-json\/wp\/v2\/media?parent=6724"}],"curies":[{"name":"wp","href":"https:\/\/api.w.org\/{rel}","templated":true}]}}