{"id":6761,"date":"2024-10-10T16:31:44","date_gmt":"2024-10-10T21:31:44","guid":{"rendered":"https:\/\/visionshare.org\/?page_id=6761"},"modified":"2025-08-20T10:37:54","modified_gmt":"2025-08-20T15:37:54","slug":"centro-de-trasplantes-ut-southwestern","status":"publish","type":"page","link":"https:\/\/visionshare.org\/es\/member-list-info\/ut-southwestern-transplant-center\/","title":{"rendered":"Centro de Servicios de Trasplante de UT Southwestern"},"content":{"rendered":"<div class=\"gb-container gb-container-d452ee7a\">\n<div class=\"gb-container gb-container-7d07da58 gbp-section__inner\">\n<div class=\"gb-container gb-container-9c385b46\">\n\n<figure class=\"gb-block-image gb-block-image-2c8b1d92\"><img loading=\"lazy\" decoding=\"async\" width=\"640\" height=\"420\" class=\"gb-image gb-image-2c8b1d92\" src=\"https:\/\/visionshare.org\/wp-content\/uploads\/utswmemberprofile2.jpg\" alt=\"utswmemberprofile2\" srcset=\"https:\/\/visionshare.org\/wp-content\/uploads\/utswmemberprofile2.jpg 640w, https:\/\/visionshare.org\/wp-content\/uploads\/utswmemberprofile2-300x197.jpg 300w, https:\/\/visionshare.org\/wp-content\/uploads\/utswmemberprofile2-500x328.jpg 500w\" sizes=\"auto, (max-width: 640px) 100vw, 640px\" \/><\/figure>\n\n<\/div>\n\n<div class=\"gb-container gb-container-00852ae2\">\n\n<h2 class=\"gb-headline gb-headline-663f7f47 gb-headline-text gbp-section__headline\">Historia<\/h2>\n\n\n\n<p>Fundada en 1943 como Southwestern Medical School, la UT Southwestern se ha convertido en una prestigiosa instituci\u00f3n m\u00e9dica acad\u00e9mica. El Centro de Servicios de Trasplante se cre\u00f3 en 1984, con el banco de ojos como parte fundamental de sus operaciones. El crecimiento del centro refleja la mayor expansi\u00f3n de UT Southwestern. Con un s\u00f3lido historial en educaci\u00f3n m\u00e9dica e investigaci\u00f3n, UT Southwestern se ha mantenido a la vanguardia del trasplante de c\u00f3rnea y la donaci\u00f3n de tejidos, ayudando a miles de personas a recuperar la vista y mejorar su calidad de vida.<\/p>\n\n<\/div>\n<\/div>\n\n<div class=\"gb-container gb-container-7295cd14 gbp-section__inner\">\n<div class=\"gb-container gb-container-8800a765 mobile-reverse-container-1\">\n\n<h2 class=\"gb-headline gb-headline-b4a6994c gb-headline-text gbp-section__headline\">Servicios e impacto<\/h2>\n\n\n\n<p>El banco de ojos de la UT Southwestern colabora estrechamente con las familias de los donantes, los receptores y los cirujanos para facilitar las donaciones tanto de ojos completos como de c\u00f3rneas. Adem\u00e1s de los trasplantes de c\u00f3rnea, el centro tambi\u00e9n apoya la recuperaci\u00f3n de tejidos para trasplantes de v\u00e1lvulas cardiacas, tendones, huesos y piel. Los amplios conocimientos cl\u00ednicos y de investigaci\u00f3n de la instituci\u00f3n garantizan que tanto los avances m\u00e9dicos como los resultados de los pacientes sigan siendo una prioridad.<\/p>\n\n<\/div>\n\n<div class=\"gb-container gb-container-6b58214d mobile-reverse-container-2\">\n\n<figure class=\"gb-block-image gb-block-image-c3c5b2b9\"><img loading=\"lazy\" decoding=\"async\" width=\"640\" height=\"420\" class=\"gb-image gb-image-c3c5b2b9\" src=\"https:\/\/visionshare.org\/wp-content\/uploads\/utswmemberprofile2.jpg\" alt=\"utswmemberprofile2\" srcset=\"https:\/\/visionshare.org\/wp-content\/uploads\/utswmemberprofile2.jpg 640w, https:\/\/visionshare.org\/wp-content\/uploads\/utswmemberprofile2-300x197.jpg 300w, https:\/\/visionshare.org\/wp-content\/uploads\/utswmemberprofile2-500x328.jpg 500w\" sizes=\"auto, (max-width: 640px) 100vw, 640px\" \/><\/figure>\n\n<\/div>\n<\/div>\n\n<div class=\"gb-container gb-container-d1339a43 gbp-section__inner\">\n<div class=\"gb-container gb-container-b8cec7d4\">\n\n<figure class=\"gb-block-image gb-block-image-ca505df4\"><img loading=\"lazy\" decoding=\"async\" width=\"640\" height=\"420\" class=\"gb-image gb-image-ca505df4\" src=\"https:\/\/visionshare.org\/wp-content\/uploads\/utswmemberprofile2.jpg\" alt=\"utswmemberprofile2\" srcset=\"https:\/\/visionshare.org\/wp-content\/uploads\/utswmemberprofile2.jpg 640w, https:\/\/visionshare.org\/wp-content\/uploads\/utswmemberprofile2-300x197.jpg 300w, https:\/\/visionshare.org\/wp-content\/uploads\/utswmemberprofile2-500x328.jpg 500w\" sizes=\"auto, (max-width: 640px) 100vw, 640px\" \/><\/figure>\n\n<\/div>\n\n<div class=\"gb-container gb-container-844ef4bb\">\n\n<h2 class=\"gb-headline gb-headline-da595920 gb-headline-text gbp-section__headline\">Comunidad e investigaci\u00f3n<\/h2>\n\n\n\n<p>Adem\u00e1s de facilitar trasplantes que cambian vidas, UT Southwestern hace hincapi\u00e9 en la investigaci\u00f3n y la educaci\u00f3n. La participaci\u00f3n del banco de ojos en la investigaci\u00f3n abarca desde la evaluaci\u00f3n de nuevas t\u00e9cnicas de trasplante de c\u00f3rnea hasta la mejora de la conservaci\u00f3n de tejidos. Sus colaboraciones con otras instituciones sanitarias y programas de investigaci\u00f3n permiten una innovaci\u00f3n continua, ayudando al centro a seguir siendo l\u00edder en el campo de los trasplantes.<\/p>\n\n\n\n<p>Para m\u00e1s informaci\u00f3n sobre el Centro de Trasplantes de UT Southwestern, <a href=\"https:\/\/www.utsouthwestern.edu\/education\/medical-school\/departments\/transplant-services-center\/\">visite su sitio web<\/a> hoy.<\/p>\n\n<\/div>\n<\/div>\n<\/div>","protected":false},"excerpt":{"rendered":"<p>History Founded in 1943 as Southwestern Medical School, UT Southwestern has grown into a prestigious academic medical institution. The Transplant Services Center was established in &#8230; <a title=\"Centro de Servicios de Trasplante de UT Southwestern\" class=\"read-more\" href=\"https:\/\/visionshare.org\/es\/member-list-info\/ut-southwestern-transplant-center\/\" aria-label=\"Leer m\u00e1s sobre UT Southwestern Transplant Services Center\">Leer m\u00e1s<\/a><\/p>","protected":false},"author":1,"featured_media":0,"parent":1306,"menu_order":0,"comment_status":"closed","ping_status":"closed","template":"","meta":{"_acf_changed":false,"footnotes":""},"class_list":["post-6761","page","type-page","status-publish"],"acf":[],"yoast_head":"<!-- This site is optimized with the Yoast SEO plugin v27.4 - https:\/\/yoast.com\/product\/yoast-seo-wordpress\/ -->\n<title>UT Southwestern Transplant Services Center - Vision Share<\/title>\n<meta name=\"description\" content=\"UT Southwestern Transplant Services Center is a member of the Vision Share network of eye banks. They emphasize research and education.\" \/>\n<meta name=\"robots\" content=\"index, follow, max-snippet:-1, max-image-preview:large, max-video-preview:-1\" \/>\n<link rel=\"canonical\" href=\"https:\/\/visionshare.org\/es\/lista-de-miembros\/centro-de-trasplantes-ut-southwestern\/\" \/>\n<meta property=\"og:locale\" content=\"es_ES\" \/>\n<meta property=\"og:type\" content=\"article\" \/>\n<meta property=\"og:title\" content=\"UT Southwestern Transplant Services Center - Vision Share\" \/>\n<meta property=\"og:description\" content=\"UT Southwestern Transplant Services Center is a member of the Vision Share network of eye banks. They emphasize research and education.\" \/>\n<meta property=\"og:url\" content=\"https:\/\/visionshare.org\/es\/lista-de-miembros\/centro-de-trasplantes-ut-southwestern\/\" \/>\n<meta property=\"og:site_name\" content=\"Vision Share\" \/>\n<meta property=\"article:publisher\" content=\"https:\/\/www.facebook.com\/visionshareinc\" \/>\n<meta property=\"article:modified_time\" content=\"2025-08-20T15:37:54+00:00\" \/>\n<meta property=\"og:image\" content=\"https:\/\/visionshare.org\/wp-content\/uploads\/utswmemberprofile2.jpg\" \/>\n<meta name=\"twitter:card\" content=\"summary_large_image\" \/>\n<meta name=\"twitter:site\" content=\"@Vision_Share\" \/>\n<meta name=\"twitter:label1\" content=\"Tiempo de lectura\" \/>\n\t<meta name=\"twitter:data1\" content=\"2 minutos\" \/>\n<script type=\"application\/ld+json\" class=\"yoast-schema-graph\">{\"@context\":\"https:\\\/\\\/schema.org\",\"@graph\":[{\"@type\":\"WebPage\",\"@id\":\"https:\\\/\\\/visionshare.org\\\/member-list-info\\\/ut-southwestern-transplant-center\\\/\",\"url\":\"https:\\\/\\\/visionshare.org\\\/member-list-info\\\/ut-southwestern-transplant-center\\\/\",\"name\":\"UT Southwestern Transplant Services Center - Vision Share\",\"isPartOf\":{\"@id\":\"https:\\\/\\\/visionshare.org\\\/#website\"},\"primaryImageOfPage\":{\"@id\":\"https:\\\/\\\/visionshare.org\\\/member-list-info\\\/ut-southwestern-transplant-center\\\/#primaryimage\"},\"image\":{\"@id\":\"https:\\\/\\\/visionshare.org\\\/member-list-info\\\/ut-southwestern-transplant-center\\\/#primaryimage\"},\"thumbnailUrl\":\"https:\\\/\\\/visionshare.org\\\/wp-content\\\/uploads\\\/utswmemberprofile2.jpg\",\"datePublished\":\"2024-10-10T21:31:44+00:00\",\"dateModified\":\"2025-08-20T15:37:54+00:00\",\"description\":\"UT Southwestern Transplant Services Center is a member of the Vision Share network of eye banks. They emphasize research and education.\",\"breadcrumb\":{\"@id\":\"https:\\\/\\\/visionshare.org\\\/member-list-info\\\/ut-southwestern-transplant-center\\\/#breadcrumb\"},\"inLanguage\":\"es\",\"potentialAction\":[{\"@type\":\"ReadAction\",\"target\":[\"https:\\\/\\\/visionshare.org\\\/member-list-info\\\/ut-southwestern-transplant-center\\\/\"]}]},{\"@type\":\"ImageObject\",\"inLanguage\":\"es\",\"@id\":\"https:\\\/\\\/visionshare.org\\\/member-list-info\\\/ut-southwestern-transplant-center\\\/#primaryimage\",\"url\":\"https:\\\/\\\/visionshare.org\\\/wp-content\\\/uploads\\\/utswmemberprofile2.jpg\",\"contentUrl\":\"https:\\\/\\\/visionshare.org\\\/wp-content\\\/uploads\\\/utswmemberprofile2.jpg\"},{\"@type\":\"BreadcrumbList\",\"@id\":\"https:\\\/\\\/visionshare.org\\\/member-list-info\\\/ut-southwestern-transplant-center\\\/#breadcrumb\",\"itemListElement\":[{\"@type\":\"ListItem\",\"position\":1,\"name\":\"Home\",\"item\":\"https:\\\/\\\/visionshare.org\\\/\"},{\"@type\":\"ListItem\",\"position\":2,\"name\":\"Vision Share Eye Bank Network\",\"item\":\"https:\\\/\\\/visionshare.org\\\/member-list-info\\\/\"},{\"@type\":\"ListItem\",\"position\":3,\"name\":\"UT Southwestern Transplant Services Center\"}]},{\"@type\":\"WebSite\",\"@id\":\"https:\\\/\\\/visionshare.org\\\/#website\",\"url\":\"https:\\\/\\\/visionshare.org\\\/\",\"name\":\"Vision Share\",\"description\":\"Your Trusted Source\",\"publisher\":{\"@id\":\"https:\\\/\\\/visionshare.org\\\/#organization\"},\"potentialAction\":[{\"@type\":\"SearchAction\",\"target\":{\"@type\":\"EntryPoint\",\"urlTemplate\":\"https:\\\/\\\/visionshare.org\\\/?s={search_term_string}\"},\"query-input\":{\"@type\":\"PropertyValueSpecification\",\"valueRequired\":true,\"valueName\":\"search_term_string\"}}],\"inLanguage\":\"es\"},{\"@type\":\"Organization\",\"@id\":\"https:\\\/\\\/visionshare.org\\\/#organization\",\"name\":\"Vision Share\",\"url\":\"https:\\\/\\\/visionshare.org\\\/\",\"logo\":{\"@type\":\"ImageObject\",\"inLanguage\":\"es\",\"@id\":\"https:\\\/\\\/visionshare.org\\\/#\\\/schema\\\/logo\\\/image\\\/\",\"url\":\"https:\\\/\\\/visionshare.org\\\/wp-content\\\/uploads\\\/cropped-cropped-cropped-VS_Your-trusted-source-logo-01-PNG.png\",\"contentUrl\":\"https:\\\/\\\/visionshare.org\\\/wp-content\\\/uploads\\\/cropped-cropped-cropped-VS_Your-trusted-source-logo-01-PNG.png\",\"width\":1655,\"height\":861,\"caption\":\"Vision Share\"},\"image\":{\"@id\":\"https:\\\/\\\/visionshare.org\\\/#\\\/schema\\\/logo\\\/image\\\/\"},\"sameAs\":[\"https:\\\/\\\/www.facebook.com\\\/visionshareinc\",\"https:\\\/\\\/x.com\\\/Vision_Share\",\"https:\\\/\\\/www.linkedin.com\\\/company\\\/visionsshare\\\/\"]}]}<\/script>\n<!-- \/ Yoast SEO plugin. -->","yoast_head_json":{"title":"UT Southwestern Transplant Services Center - Membre de Vision Share","description":"UT Southwestern Transplant Services Center es un banco de ojos miembro de la red Vision Share. Ponen \u00e9nfasis en la investigaci\u00f3n y la educaci\u00f3n.","robots":{"index":"index","follow":"follow","max-snippet":"max-snippet:-1","max-image-preview":"max-image-preview:large","max-video-preview":"max-video-preview:-1"},"canonical":"https:\/\/visionshare.org\/es\/lista-de-miembros\/centro-de-trasplantes-ut-southwestern\/","og_locale":"es_ES","og_type":"article","og_title":"UT Southwestern Transplant Services Center - Vision Share","og_description":"UT Southwestern Transplant Services Center is a member of the Vision Share network of eye banks. They emphasize research and education.","og_url":"https:\/\/visionshare.org\/es\/lista-de-miembros\/centro-de-trasplantes-ut-southwestern\/","og_site_name":"Vision Share","article_publisher":"https:\/\/www.facebook.com\/visionshareinc","article_modified_time":"2025-08-20T15:37:54+00:00","og_image":[{"url":"https:\/\/visionshare.org\/wp-content\/uploads\/utswmemberprofile2.jpg","type":"","width":"","height":""}],"twitter_card":"summary_large_image","twitter_site":"@Vision_Share","twitter_misc":{"Tiempo de lectura":"2 minutos"},"schema":{"@context":"https:\/\/schema.org","@graph":[{"@type":"WebPage","@id":"https:\/\/visionshare.org\/member-list-info\/ut-southwestern-transplant-center\/","url":"https:\/\/visionshare.org\/member-list-info\/ut-southwestern-transplant-center\/","name":"UT Southwestern Transplant Services Center - Membre de Vision Share","isPartOf":{"@id":"https:\/\/visionshare.org\/#website"},"primaryImageOfPage":{"@id":"https:\/\/visionshare.org\/member-list-info\/ut-southwestern-transplant-center\/#primaryimage"},"image":{"@id":"https:\/\/visionshare.org\/member-list-info\/ut-southwestern-transplant-center\/#primaryimage"},"thumbnailUrl":"https:\/\/visionshare.org\/wp-content\/uploads\/utswmemberprofile2.jpg","datePublished":"2024-10-10T21:31:44+00:00","dateModified":"2025-08-20T15:37:54+00:00","description":"UT Southwestern Transplant Services Center es un banco de ojos miembro de la red Vision Share. Ponen \u00e9nfasis en la investigaci\u00f3n y la educaci\u00f3n.","breadcrumb":{"@id":"https:\/\/visionshare.org\/member-list-info\/ut-southwestern-transplant-center\/#breadcrumb"},"inLanguage":"es","potentialAction":[{"@type":"ReadAction","target":["https:\/\/visionshare.org\/member-list-info\/ut-southwestern-transplant-center\/"]}]},{"@type":"ImageObject","inLanguage":"es","@id":"https:\/\/visionshare.org\/member-list-info\/ut-southwestern-transplant-center\/#primaryimage","url":"https:\/\/visionshare.org\/wp-content\/uploads\/utswmemberprofile2.jpg","contentUrl":"https:\/\/visionshare.org\/wp-content\/uploads\/utswmemberprofile2.jpg"},{"@type":"BreadcrumbList","@id":"https:\/\/visionshare.org\/member-list-info\/ut-southwestern-transplant-center\/#breadcrumb","itemListElement":[{"@type":"ListItem","position":1,"name":"Home","item":"https:\/\/visionshare.org\/"},{"@type":"ListItem","position":2,"name":"Vision Share Eye Bank Network","item":"https:\/\/visionshare.org\/member-list-info\/"},{"@type":"ListItem","position":3,"name":"UT Southwestern Transplant Services Center"}]},{"@type":"WebSite","@id":"https:\/\/visionshare.org\/#website","url":"https:\/\/visionshare.org\/","name":"Compartir visi\u00f3n","description":"Su fuente de confianza","publisher":{"@id":"https:\/\/visionshare.org\/#organization"},"potentialAction":[{"@type":"SearchAction","target":{"@type":"EntryPoint","urlTemplate":"https:\/\/visionshare.org\/?s={search_term_string}"},"query-input":{"@type":"PropertyValueSpecification","valueRequired":true,"valueName":"search_term_string"}}],"inLanguage":"es"},{"@type":"Organization","@id":"https:\/\/visionshare.org\/#organization","name":"Compartir visi\u00f3n","url":"https:\/\/visionshare.org\/","logo":{"@type":"ImageObject","inLanguage":"es","@id":"https:\/\/visionshare.org\/#\/schema\/logo\/image\/","url":"https:\/\/visionshare.org\/wp-content\/uploads\/cropped-cropped-cropped-VS_Your-trusted-source-logo-01-PNG.png","contentUrl":"https:\/\/visionshare.org\/wp-content\/uploads\/cropped-cropped-cropped-VS_Your-trusted-source-logo-01-PNG.png","width":1655,"height":861,"caption":"Vision Share"},"image":{"@id":"https:\/\/visionshare.org\/#\/schema\/logo\/image\/"},"sameAs":["https:\/\/www.facebook.com\/visionshareinc","https:\/\/x.com\/Vision_Share","https:\/\/www.linkedin.com\/company\/visionsshare\/"]}]}},"_links":{"self":[{"href":"https:\/\/visionshare.org\/es\/wp-json\/wp\/v2\/pages\/6761","targetHints":{"allow":["GET"]}}],"collection":[{"href":"https:\/\/visionshare.org\/es\/wp-json\/wp\/v2\/pages"}],"about":[{"href":"https:\/\/visionshare.org\/es\/wp-json\/wp\/v2\/types\/page"}],"author":[{"embeddable":true,"href":"https:\/\/visionshare.org\/es\/wp-json\/wp\/v2\/users\/1"}],"replies":[{"embeddable":true,"href":"https:\/\/visionshare.org\/es\/wp-json\/wp\/v2\/comments?post=6761"}],"version-history":[{"count":3,"href":"https:\/\/visionshare.org\/es\/wp-json\/wp\/v2\/pages\/6761\/revisions"}],"predecessor-version":[{"id":11393,"href":"https:\/\/visionshare.org\/es\/wp-json\/wp\/v2\/pages\/6761\/revisions\/11393"}],"up":[{"embeddable":true,"href":"https:\/\/visionshare.org\/es\/wp-json\/wp\/v2\/pages\/1306"}],"wp:attachment":[{"href":"https:\/\/visionshare.org\/es\/wp-json\/wp\/v2\/media?parent=6761"}],"curies":[{"name":"wp","href":"https:\/\/api.w.org\/{rel}","templated":true}]}}