{"id":6768,"date":"2024-10-10T16:48:56","date_gmt":"2024-10-10T21:48:56","guid":{"rendered":"https:\/\/visionshare.org\/?page_id=6768"},"modified":"2025-09-09T15:33:23","modified_gmt":"2025-09-09T20:33:23","slug":"banco-de-ojos-de-sierra-donor-services","status":"publish","type":"page","link":"https:\/\/visionshare.org\/es\/member-list-info\/sierra-donor-services-eye-bank\/","title":{"rendered":"Banco de ojos de Sierra Donor Services"},"content":{"rendered":"<div class=\"gb-container gb-container-d452ee7a\">\n<div class=\"gb-container gb-container-7d07da58 gbp-section__inner\">\n<div class=\"gb-container gb-container-9c385b46\">\n\n<figure class=\"gb-block-image gb-block-image-2c8b1d92\"><img loading=\"lazy\" decoding=\"async\" width=\"1200\" height=\"900\" class=\"gb-image gb-image-2c8b1d92\" src=\"https:\/\/visionshare.org\/wp-content\/uploads\/sierra-global-reach1.jpg\" alt=\"Equipo del Banco de Ojos de Sierra Donor Services.\" title=\"sierra-global-reach1\" srcset=\"https:\/\/visionshare.org\/wp-content\/uploads\/sierra-global-reach1.jpg 1200w, https:\/\/visionshare.org\/wp-content\/uploads\/sierra-global-reach1-300x225.jpg 300w, https:\/\/visionshare.org\/wp-content\/uploads\/sierra-global-reach1-1024x768.jpg 1024w, https:\/\/visionshare.org\/wp-content\/uploads\/sierra-global-reach1-768x576.jpg 768w, https:\/\/visionshare.org\/wp-content\/uploads\/sierra-global-reach1-500x375.jpg 500w, https:\/\/visionshare.org\/wp-content\/uploads\/sierra-global-reach1-700x525.jpg 700w\" sizes=\"auto, (max-width: 1200px) 100vw, 1200px\" \/><\/figure>\n\n<\/div>\n\n<div class=\"gb-container gb-container-00852ae2\">\n\n<h2 class=\"gb-headline gb-headline-663f7f47 gb-headline-text gbp-section__headline\">Misi\u00f3n y valores fundamentales<\/h2>\n\n\n\n<p class=\"gb-headline gb-headline-50c37c70 gb-headline-text gbp-section__text\">La misi\u00f3n del Banco de Ojos Sierra Donor Services (SDSEB) es \"salvar y mejorar vidas\". Lo hacen fomentando un entorno en el que profesionales desinteresados se comprometen con un trabajo que cambia vidas. Apoyando un enfoque local en los donantes, las familias de los donantes y las vidas de aquellos a los que impactan, siendo un miembro estable de la comunidad y poniendo a los pacientes en primer lugar, pueden maximizar el Regalo de la Vista.<\/p>\n\n<\/div>\n<\/div>\n\n<div class=\"gb-container gb-container-7295cd14 gbp-section__inner\">\n<div class=\"gb-container gb-container-8800a765 mobile-reverse-container-1\">\n\n<h2 class=\"gb-headline gb-headline-1ef69c29 gb-headline-text gbp-section__headline\">Historia y alcance mundial<\/h2>\n\n\n\n<p>Sierra Donor Services Eye Bank (SDSEB) es una red de donantes sin \u00e1nimo de lucro que facilita el don de la vista en los estados de California, Nuevo M\u00e9xico, Nevada y Tennessee. SDSEB forma parte de la familia de organizaciones de obtenci\u00f3n de \u00f3rganos y tejidos DCI Donor Services, Inc.<\/p>\n\n\n\n<p>SDSEB lleva 50 a\u00f1os ofreciendo el don de la vista. Originada a partir de clubes de Leones locales que prestaban servicio en sus regiones, esta agencia sin \u00e1nimo de lucro trabaja con m\u00e9dicos asociados de Estados Unidos y de todo el mundo para luchar contra la ceguera tratable y evitable proporcionando tejido corneal para trasplantes. La SDSEB cree que toda persona necesitada merece el don de la vista. En 2024, la SDSEB distribuy\u00f3 tejido corneal en m\u00e1s de 30 pa\u00edses y colabor\u00f3 con m\u00e9dicos para ofrecer cuidados oftalmol\u00f3gicos que cambian la vida de los pacientes y les proporcionan una mejor calidad de vida.<\/p>\n\n\n\n<p>La SDSEB tambi\u00e9n participa en iniciativas de formaci\u00f3n para ampliar los bancos de ojos en los pa\u00edses en desarrollo. Han acogido a m\u00e9dicos, enfermeros oftalmol\u00f3gicos y t\u00e9cnicos de bancos de ojos de varios pa\u00edses de Am\u00e9rica Central y del Sur para ampliar los conocimientos, la seguridad y la sostenibilidad de los bancos de ojos a escala internacional.<\/p>\n\n<\/div>\n\n<div class=\"gb-container gb-container-6b58214d mobile-reverse-container-2\">\n\n<figure class=\"gb-block-image gb-block-image-c3c5b2b9\"><img loading=\"lazy\" decoding=\"async\" width=\"1200\" height=\"834\" class=\"gb-image gb-image-c3c5b2b9\" src=\"https:\/\/visionshare.org\/wp-content\/uploads\/sierradonorservicesmap-2024.jpg\" alt=\"Mapa mundial que muestra los m\u00e1s de 30 pa\u00edses a los que Sierra Donor Services distribuy\u00f3 tejido corneal en 2024.\" title=\"sierradonorservicesmap-2024\" srcset=\"https:\/\/visionshare.org\/wp-content\/uploads\/sierradonorservicesmap-2024.jpg 1200w, https:\/\/visionshare.org\/wp-content\/uploads\/sierradonorservicesmap-2024-300x209.jpg 300w, https:\/\/visionshare.org\/wp-content\/uploads\/sierradonorservicesmap-2024-1024x712.jpg 1024w, https:\/\/visionshare.org\/wp-content\/uploads\/sierradonorservicesmap-2024-768x534.jpg 768w, https:\/\/visionshare.org\/wp-content\/uploads\/sierradonorservicesmap-2024-500x348.jpg 500w, https:\/\/visionshare.org\/wp-content\/uploads\/sierradonorservicesmap-2024-700x487.jpg 700w\" sizes=\"auto, (max-width: 1200px) 100vw, 1200px\" \/><\/figure>\n\n<\/div>\n<\/div>\n\n<div class=\"gb-container gb-container-a0368a4e gbp-section__inner\">\n<div class=\"gb-container gb-container-3120ff1a\">\n<div class=\"gb-container gb-container-e560db6a\">\n<div class=\"gb-container gb-container-2e83002b gbp-section\">\n<div class=\"gb-container gb-container-180e0582 gbp-section__inner\">\n<div class=\"gb-container gb-container-a0f98063\">\n\n<h2 class=\"gb-headline gb-headline-7abefd36 gb-headline-text gbp-section__headline\">Esfuerzos humanitarios<\/h2>\n\n\n\n<p>La SDSEB sigue marcando una profunda diferencia al devolver la vista a pacientes necesitados, tanto a escala nacional como internacional, manteniendo al mismo tiempo los m\u00e1s altos niveles de seguridad y control de calidad. Sus esfuerzos humanitarios han sido significativos, apoyando misiones en regiones como el Caribe, Sudam\u00e9rica, Centroam\u00e9rica, \u00c1frica y Asia. Desde principios de la d\u00e9cada de 2000, han proporcionado tejido corneal a m\u00e1s de 10.000 pacientes en todo el mundo.<\/p>\n\n\n<div class=\"gb-container gb-container-4bd041a8\">\n\n<a class=\"gb-button gb-button-e89fb59f gb-button-text gbp-button--primary\" href=\"https:\/\/sierraeyebank.dcids.org\/\" target=\"_blank\" rel=\"noopener noreferrer\">Visite su sitio web<\/a>\n\n<\/div>\n<\/div>\n<\/div>\n<\/div>\n<\/div>\n<\/div>\n<\/div>\n<\/div>","protected":false},"excerpt":{"rendered":"<p>Mission and Core Values Sierra Donor Services Eye Bank\u2019s (SDSEB) mission is to \u201csave and improve lives.\u201d They do this by fostering an environment where &#8230; <a title=\"Banco de ojos de Sierra Donor Services\" class=\"read-more\" href=\"https:\/\/visionshare.org\/es\/member-list-info\/sierra-donor-services-eye-bank\/\" aria-label=\"Leer m\u00e1s sobre Sierra Donor Services Eye Bank\">Leer m\u00e1s<\/a><\/p>","protected":false},"author":1,"featured_media":9664,"parent":1306,"menu_order":0,"comment_status":"closed","ping_status":"closed","template":"","meta":{"_acf_changed":false,"footnotes":""},"class_list":["post-6768","page","type-page","status-publish","has-post-thumbnail"],"acf":[],"yoast_head":"<!-- This site is optimized with the Yoast SEO plugin v27.6 - https:\/\/yoast.com\/product\/yoast-seo-wordpress\/ -->\n<title>Sierra Donor Services Eye Bank - Vision Share<\/title>\n<meta name=\"description\" content=\"Sierra Donor Services Eye Bank is a part of the Vision Share network of eye banks. They have been providing the gift of sight for 50 years.\" \/>\n<meta name=\"robots\" content=\"index, follow, max-snippet:-1, max-image-preview:large, max-video-preview:-1\" \/>\n<link rel=\"canonical\" href=\"https:\/\/visionshare.org\/es\/lista-de-miembros\/banco-de-ojos-de-sierra-donor-services\/\" \/>\n<meta property=\"og:locale\" content=\"es_ES\" \/>\n<meta property=\"og:type\" content=\"article\" \/>\n<meta property=\"og:title\" content=\"Sierra Donor Services Eye Bank - Vision Share\" \/>\n<meta property=\"og:description\" content=\"Sierra Donor Services Eye Bank is a part of the Vision Share network of eye banks. They have been providing the gift of sight for 50 years.\" \/>\n<meta property=\"og:url\" content=\"https:\/\/visionshare.org\/es\/lista-de-miembros\/banco-de-ojos-de-sierra-donor-services\/\" \/>\n<meta property=\"og:site_name\" content=\"Vision Share\" \/>\n<meta property=\"article:publisher\" content=\"https:\/\/www.facebook.com\/visionshareinc\" \/>\n<meta property=\"article:modified_time\" content=\"2025-09-09T20:33:23+00:00\" \/>\n<meta property=\"og:image\" content=\"https:\/\/visionshare.org\/wp-content\/uploads\/sierra-page-header1.jpg\" \/>\n\t<meta property=\"og:image:width\" content=\"1920\" \/>\n\t<meta property=\"og:image:height\" content=\"1440\" \/>\n\t<meta property=\"og:image:type\" content=\"image\/jpeg\" \/>\n<meta name=\"twitter:card\" content=\"summary_large_image\" \/>\n<meta name=\"twitter:site\" content=\"@Vision_Share\" \/>\n<meta name=\"twitter:label1\" content=\"Tiempo de lectura\" \/>\n\t<meta name=\"twitter:data1\" content=\"2 minutos\" \/>\n<script type=\"application\/ld+json\" class=\"yoast-schema-graph\">{\"@context\":\"https:\\\/\\\/schema.org\",\"@graph\":[{\"@type\":\"WebPage\",\"@id\":\"https:\\\/\\\/visionshare.org\\\/member-list-info\\\/sierra-donor-services-eye-bank\\\/\",\"url\":\"https:\\\/\\\/visionshare.org\\\/member-list-info\\\/sierra-donor-services-eye-bank\\\/\",\"name\":\"Sierra Donor Services Eye Bank - Vision Share\",\"isPartOf\":{\"@id\":\"https:\\\/\\\/visionshare.org\\\/#website\"},\"primaryImageOfPage\":{\"@id\":\"https:\\\/\\\/visionshare.org\\\/member-list-info\\\/sierra-donor-services-eye-bank\\\/#primaryimage\"},\"image\":{\"@id\":\"https:\\\/\\\/visionshare.org\\\/member-list-info\\\/sierra-donor-services-eye-bank\\\/#primaryimage\"},\"thumbnailUrl\":\"https:\\\/\\\/visionshare.org\\\/wp-content\\\/uploads\\\/sierra-page-header1.jpg\",\"datePublished\":\"2024-10-10T21:48:56+00:00\",\"dateModified\":\"2025-09-09T20:33:23+00:00\",\"description\":\"Sierra Donor Services Eye Bank is a part of the Vision Share network of eye banks. They have been providing the gift of sight for 50 years.\",\"breadcrumb\":{\"@id\":\"https:\\\/\\\/visionshare.org\\\/member-list-info\\\/sierra-donor-services-eye-bank\\\/#breadcrumb\"},\"inLanguage\":\"es\",\"potentialAction\":[{\"@type\":\"ReadAction\",\"target\":[\"https:\\\/\\\/visionshare.org\\\/member-list-info\\\/sierra-donor-services-eye-bank\\\/\"]}]},{\"@type\":\"ImageObject\",\"inLanguage\":\"es\",\"@id\":\"https:\\\/\\\/visionshare.org\\\/member-list-info\\\/sierra-donor-services-eye-bank\\\/#primaryimage\",\"url\":\"https:\\\/\\\/visionshare.org\\\/wp-content\\\/uploads\\\/sierra-page-header1.jpg\",\"contentUrl\":\"https:\\\/\\\/visionshare.org\\\/wp-content\\\/uploads\\\/sierra-page-header1.jpg\",\"width\":1920,\"height\":1440,\"caption\":\"sierra-page-header1\"},{\"@type\":\"BreadcrumbList\",\"@id\":\"https:\\\/\\\/visionshare.org\\\/member-list-info\\\/sierra-donor-services-eye-bank\\\/#breadcrumb\",\"itemListElement\":[{\"@type\":\"ListItem\",\"position\":1,\"name\":\"Home\",\"item\":\"https:\\\/\\\/visionshare.org\\\/\"},{\"@type\":\"ListItem\",\"position\":2,\"name\":\"Vision Share Eye Bank Network\",\"item\":\"https:\\\/\\\/visionshare.org\\\/member-list-info\\\/\"},{\"@type\":\"ListItem\",\"position\":3,\"name\":\"Sierra Donor Services Eye Bank\"}]},{\"@type\":\"WebSite\",\"@id\":\"https:\\\/\\\/visionshare.org\\\/#website\",\"url\":\"https:\\\/\\\/visionshare.org\\\/\",\"name\":\"Vision Share\",\"description\":\"Your Trusted Source\",\"publisher\":{\"@id\":\"https:\\\/\\\/visionshare.org\\\/#organization\"},\"potentialAction\":[{\"@type\":\"SearchAction\",\"target\":{\"@type\":\"EntryPoint\",\"urlTemplate\":\"https:\\\/\\\/visionshare.org\\\/?s={search_term_string}\"},\"query-input\":{\"@type\":\"PropertyValueSpecification\",\"valueRequired\":true,\"valueName\":\"search_term_string\"}}],\"inLanguage\":\"es\"},{\"@type\":\"Organization\",\"@id\":\"https:\\\/\\\/visionshare.org\\\/#organization\",\"name\":\"Vision Share\",\"url\":\"https:\\\/\\\/visionshare.org\\\/\",\"logo\":{\"@type\":\"ImageObject\",\"inLanguage\":\"es\",\"@id\":\"https:\\\/\\\/visionshare.org\\\/#\\\/schema\\\/logo\\\/image\\\/\",\"url\":\"https:\\\/\\\/visionshare.org\\\/wp-content\\\/uploads\\\/cropped-cropped-cropped-VS_Your-trusted-source-logo-01-PNG.png\",\"contentUrl\":\"https:\\\/\\\/visionshare.org\\\/wp-content\\\/uploads\\\/cropped-cropped-cropped-VS_Your-trusted-source-logo-01-PNG.png\",\"width\":1655,\"height\":861,\"caption\":\"Vision Share\"},\"image\":{\"@id\":\"https:\\\/\\\/visionshare.org\\\/#\\\/schema\\\/logo\\\/image\\\/\"},\"sameAs\":[\"https:\\\/\\\/www.facebook.com\\\/visionshareinc\",\"https:\\\/\\\/x.com\\\/Vision_Share\",\"https:\\\/\\\/www.linkedin.com\\\/company\\\/visionsshare\\\/\"]}]}<\/script>\n<!-- \/ Yoast SEO plugin. -->","yoast_head_json":{"title":"Banco de ojos de Sierra Donor Services - Vision Share","description":"Sierra Donor Services Eye Bank forma parte de la red de bancos de ojos de Vision Share. Han brindado el regalo de la vista durante 50 a\u00f1os.","robots":{"index":"index","follow":"follow","max-snippet":"max-snippet:-1","max-image-preview":"max-image-preview:large","max-video-preview":"max-video-preview:-1"},"canonical":"https:\/\/visionshare.org\/es\/lista-de-miembros\/banco-de-ojos-de-sierra-donor-services\/","og_locale":"es_ES","og_type":"article","og_title":"Sierra Donor Services Eye Bank - Vision Share","og_description":"Sierra Donor Services Eye Bank is a part of the Vision Share network of eye banks. They have been providing the gift of sight for 50 years.","og_url":"https:\/\/visionshare.org\/es\/lista-de-miembros\/banco-de-ojos-de-sierra-donor-services\/","og_site_name":"Vision Share","article_publisher":"https:\/\/www.facebook.com\/visionshareinc","article_modified_time":"2025-09-09T20:33:23+00:00","og_image":[{"width":1920,"height":1440,"url":"https:\/\/visionshare.org\/wp-content\/uploads\/sierra-page-header1.jpg","type":"image\/jpeg"}],"twitter_card":"summary_large_image","twitter_site":"@Vision_Share","twitter_misc":{"Tiempo de lectura":"2 minutos"},"schema":{"@context":"https:\/\/schema.org","@graph":[{"@type":"WebPage","@id":"https:\/\/visionshare.org\/member-list-info\/sierra-donor-services-eye-bank\/","url":"https:\/\/visionshare.org\/member-list-info\/sierra-donor-services-eye-bank\/","name":"Banco de ojos de Sierra Donor Services - Vision Share","isPartOf":{"@id":"https:\/\/visionshare.org\/#website"},"primaryImageOfPage":{"@id":"https:\/\/visionshare.org\/member-list-info\/sierra-donor-services-eye-bank\/#primaryimage"},"image":{"@id":"https:\/\/visionshare.org\/member-list-info\/sierra-donor-services-eye-bank\/#primaryimage"},"thumbnailUrl":"https:\/\/visionshare.org\/wp-content\/uploads\/sierra-page-header1.jpg","datePublished":"2024-10-10T21:48:56+00:00","dateModified":"2025-09-09T20:33:23+00:00","description":"Sierra Donor Services Eye Bank forma parte de la red de bancos de ojos de Vision Share. Han brindado el regalo de la vista durante 50 a\u00f1os.","breadcrumb":{"@id":"https:\/\/visionshare.org\/member-list-info\/sierra-donor-services-eye-bank\/#breadcrumb"},"inLanguage":"es","potentialAction":[{"@type":"ReadAction","target":["https:\/\/visionshare.org\/member-list-info\/sierra-donor-services-eye-bank\/"]}]},{"@type":"ImageObject","inLanguage":"es","@id":"https:\/\/visionshare.org\/member-list-info\/sierra-donor-services-eye-bank\/#primaryimage","url":"https:\/\/visionshare.org\/wp-content\/uploads\/sierra-page-header1.jpg","contentUrl":"https:\/\/visionshare.org\/wp-content\/uploads\/sierra-page-header1.jpg","width":1920,"height":1440,"caption":"sierra-page-header1"},{"@type":"BreadcrumbList","@id":"https:\/\/visionshare.org\/member-list-info\/sierra-donor-services-eye-bank\/#breadcrumb","itemListElement":[{"@type":"ListItem","position":1,"name":"Home","item":"https:\/\/visionshare.org\/"},{"@type":"ListItem","position":2,"name":"Vision Share Eye Bank Network","item":"https:\/\/visionshare.org\/member-list-info\/"},{"@type":"ListItem","position":3,"name":"Sierra Donor Services Eye Bank"}]},{"@type":"WebSite","@id":"https:\/\/visionshare.org\/#website","url":"https:\/\/visionshare.org\/","name":"Compartir visi\u00f3n","description":"Su fuente de confianza","publisher":{"@id":"https:\/\/visionshare.org\/#organization"},"potentialAction":[{"@type":"SearchAction","target":{"@type":"EntryPoint","urlTemplate":"https:\/\/visionshare.org\/?s={search_term_string}"},"query-input":{"@type":"PropertyValueSpecification","valueRequired":true,"valueName":"search_term_string"}}],"inLanguage":"es"},{"@type":"Organization","@id":"https:\/\/visionshare.org\/#organization","name":"Compartir visi\u00f3n","url":"https:\/\/visionshare.org\/","logo":{"@type":"ImageObject","inLanguage":"es","@id":"https:\/\/visionshare.org\/#\/schema\/logo\/image\/","url":"https:\/\/visionshare.org\/wp-content\/uploads\/cropped-cropped-cropped-VS_Your-trusted-source-logo-01-PNG.png","contentUrl":"https:\/\/visionshare.org\/wp-content\/uploads\/cropped-cropped-cropped-VS_Your-trusted-source-logo-01-PNG.png","width":1655,"height":861,"caption":"Vision Share"},"image":{"@id":"https:\/\/visionshare.org\/#\/schema\/logo\/image\/"},"sameAs":["https:\/\/www.facebook.com\/visionshareinc","https:\/\/x.com\/Vision_Share","https:\/\/www.linkedin.com\/company\/visionsshare\/"]}]}},"_links":{"self":[{"href":"https:\/\/visionshare.org\/es\/wp-json\/wp\/v2\/pages\/6768","targetHints":{"allow":["GET"]}}],"collection":[{"href":"https:\/\/visionshare.org\/es\/wp-json\/wp\/v2\/pages"}],"about":[{"href":"https:\/\/visionshare.org\/es\/wp-json\/wp\/v2\/types\/page"}],"author":[{"embeddable":true,"href":"https:\/\/visionshare.org\/es\/wp-json\/wp\/v2\/users\/1"}],"replies":[{"embeddable":true,"href":"https:\/\/visionshare.org\/es\/wp-json\/wp\/v2\/comments?post=6768"}],"version-history":[{"count":10,"href":"https:\/\/visionshare.org\/es\/wp-json\/wp\/v2\/pages\/6768\/revisions"}],"predecessor-version":[{"id":13834,"href":"https:\/\/visionshare.org\/es\/wp-json\/wp\/v2\/pages\/6768\/revisions\/13834"}],"up":[{"embeddable":true,"href":"https:\/\/visionshare.org\/es\/wp-json\/wp\/v2\/pages\/1306"}],"wp:featuredmedia":[{"embeddable":true,"href":"https:\/\/visionshare.org\/es\/wp-json\/wp\/v2\/media\/9664"}],"wp:attachment":[{"href":"https:\/\/visionshare.org\/es\/wp-json\/wp\/v2\/media?parent=6768"}],"curies":[{"name":"wp","href":"https:\/\/api.w.org\/{rel}","templated":true}]}}