{"id":6785,"date":"2024-10-10T17:12:28","date_gmt":"2024-10-10T22:12:28","guid":{"rendered":"https:\/\/visionshare.org\/?page_id=6785"},"modified":"2025-10-20T19:08:37","modified_gmt":"2025-10-21T00:08:37","slug":"banco-de-ojos-de-kentucky","status":"publish","type":"page","link":"https:\/\/visionshare.org\/es\/member-list-info\/the-eye-bank-of-kentucky\/","title":{"rendered":"Banco de Ojos de Kentucky"},"content":{"rendered":"<div class=\"gb-container gb-container-d452ee7a\">\n<div class=\"gb-container gb-container-7d07da58 gbp-section__inner\">\n<div class=\"gb-container gb-container-9c385b46\">\n\n<figure class=\"gb-block-image gb-block-image-2c8b1d92\"><img loading=\"lazy\" decoding=\"async\" width=\"1200\" height=\"800\" class=\"gb-image gb-image-2c8b1d92\" src=\"https:\/\/visionshare.org\/wp-content\/uploads\/ebky-page1image.jpg\" alt=\"Procesamiento de tejidos de c\u00f3rnea del Eye Bank of Kentucky\" title=\"ebky-p\u00e1gina1imagen\" srcset=\"https:\/\/visionshare.org\/wp-content\/uploads\/ebky-page1image.jpg 1200w, https:\/\/visionshare.org\/wp-content\/uploads\/ebky-page1image-300x200.jpg 300w, https:\/\/visionshare.org\/wp-content\/uploads\/ebky-page1image-1024x683.jpg 1024w, https:\/\/visionshare.org\/wp-content\/uploads\/ebky-page1image-768x512.jpg 768w, https:\/\/visionshare.org\/wp-content\/uploads\/ebky-page1image-500x333.jpg 500w, https:\/\/visionshare.org\/wp-content\/uploads\/ebky-page1image-700x467.jpg 700w\" sizes=\"auto, (max-width: 1200px) 100vw, 1200px\" \/><\/figure>\n\n<\/div>\n\n<div class=\"gb-container gb-container-00852ae2\">\n\n<h2 class=\"gb-headline gb-headline-663f7f47 gb-headline-text gbp-section__headline\">Historia<\/h2>\n\n\n\n<p class=\"gb-headline gb-headline-50c37c70 gb-headline-text gbp-section__text\">El Banco de Ojos de Kentucky tiene una larga historia arraigada en los principios de los bancos de tejidos sin \u00e1nimo de lucro y centrados en la comunidad. Establecido originalmente como parte de la red m\u00e1s amplia del Kentucky Lions Eye Bank, con el tiempo se convirti\u00f3 en una entidad independiente, lo que le permiti\u00f3 centrarse en el crecimiento y el desarrollo dentro del estado. <\/p>\n\n\n\n<p>El legado del Banco de Ojos comenz\u00f3 con peque\u00f1os esfuerzos impulsados por la comunidad para recuperar y almacenar tejido corneal y se ha ampliado hasta convertirse en una operaci\u00f3n de \u00e1mbito estatal que colabora estrechamente con profesionales sanitarios para poner el tejido corneal en contacto con quienes lo necesitan.<\/p>\n\n<\/div>\n<\/div>\n\n<div class=\"gb-container gb-container-7295cd14 gbp-section__inner\">\n<div class=\"gb-container gb-container-8800a765 mobile-reverse-container-1\">\n\n<h2 class=\"gb-headline gb-headline-f9e3a6af gb-headline-text gbp-section__headline\">Misi\u00f3n y valores<\/h2>\n\n\n\n<p>El Banco de Ojos de Kentucky se dedica a restaurar la vista mediante trasplantes de c\u00f3rnea, investigaci\u00f3n ocular y educaci\u00f3n m\u00e9dica. Tambi\u00e9n hace hincapi\u00e9 en promover la importancia de las donaciones de ojos, \u00f3rganos y tejidos. La organizaci\u00f3n defiende valores de compasi\u00f3n, respeto por los donantes y sus familias, y un compromiso con los m\u00e1s altos niveles de calidad, seguridad y resultados positivos para los pacientes. Estos valores son fundamentales para su misi\u00f3n de transformar vidas a trav\u00e9s del don de la vista.<\/p>\n\n<\/div>\n\n<div class=\"gb-container gb-container-6b58214d mobile-reverse-container-2\">\n\n<figure class=\"gb-block-image gb-block-image-c3c5b2b9\"><img loading=\"lazy\" decoding=\"async\" width=\"1200\" height=\"800\" class=\"gb-image gb-image-c3c5b2b9\" src=\"https:\/\/visionshare.org\/wp-content\/uploads\/cpivoneyspeaker.jpg\" alt=\"Charles Pivoney recibe el premio Heise\" title=\"cpivoneyspeaker\" srcset=\"https:\/\/visionshare.org\/wp-content\/uploads\/cpivoneyspeaker.jpg 1200w, https:\/\/visionshare.org\/wp-content\/uploads\/cpivoneyspeaker-300x200.jpg 300w, https:\/\/visionshare.org\/wp-content\/uploads\/cpivoneyspeaker-1024x683.jpg 1024w, https:\/\/visionshare.org\/wp-content\/uploads\/cpivoneyspeaker-768x512.jpg 768w, https:\/\/visionshare.org\/wp-content\/uploads\/cpivoneyspeaker-500x333.jpg 500w, https:\/\/visionshare.org\/wp-content\/uploads\/cpivoneyspeaker-700x467.jpg 700w\" sizes=\"auto, (max-width: 1200px) 100vw, 1200px\" \/><\/figure>\n\n<\/div>\n<\/div>\n\n<div class=\"gb-container gb-container-d1339a43 gbp-section__inner\">\n<div class=\"gb-container gb-container-b8cec7d4\">\n\n<figure class=\"gb-block-image gb-block-image-ca505df4\"><img loading=\"lazy\" decoding=\"async\" width=\"1200\" height=\"900\" class=\"gb-image gb-image-ca505df4\" src=\"https:\/\/visionshare.org\/wp-content\/uploads\/ebky-team.jpg\" alt=\"Charles Pivoney con su equipo\" title=\"ebky-team\" srcset=\"https:\/\/visionshare.org\/wp-content\/uploads\/ebky-team.jpg 1200w, https:\/\/visionshare.org\/wp-content\/uploads\/ebky-team-300x225.jpg 300w, https:\/\/visionshare.org\/wp-content\/uploads\/ebky-team-1024x768.jpg 1024w, https:\/\/visionshare.org\/wp-content\/uploads\/ebky-team-768x576.jpg 768w, https:\/\/visionshare.org\/wp-content\/uploads\/ebky-team-500x375.jpg 500w, https:\/\/visionshare.org\/wp-content\/uploads\/ebky-team-700x525.jpg 700w\" sizes=\"auto, (max-width: 1200px) 100vw, 1200px\" \/><\/figure>\n\n<\/div>\n\n<div class=\"gb-container gb-container-844ef4bb\">\n\n<h2 class=\"gb-headline gb-headline-da595920 gb-headline-text gbp-section__headline\">Impacto y contribuciones<\/h2>\n\n\n\n<p>El Banco de Ojos de Kentucky ha contribuido sustancialmente a la recuperaci\u00f3n de la vista en todo el estado. Mediante la recuperaci\u00f3n, evaluaci\u00f3n y distribuci\u00f3n de c\u00f3rneas donadas, ha mejorado significativamente la calidad de vida de muchos habitantes de Kentucky. Su trabajo en investigaci\u00f3n ocular tambi\u00e9n hace avanzar el conocimiento m\u00e9dico, mientras que sus iniciativas educativas ayudan a concienciar sobre la importancia de la donaci\u00f3n. Mediante la asociaci\u00f3n con profesionales sanitarios y organizaciones comunitarias, el Banco de Ojos sigue ampliando su impacto.<\/p>\n\n<\/div>\n<\/div>\n\n<div class=\"gb-container gb-container-155551ef gbp-section__inner\">\n<div class=\"gb-container gb-container-929181d5 mobile-reverse-container-1\">\n\n<h2 class=\"gb-headline gb-headline-8d48dde1 gb-headline-text gbp-section__headline\">Premios<\/h2>\n\n\n\n<p>Charles Pivoney, Presidente del Banco de Ojos de Kentucky, ha sido el galardonado en 2024 con el prestigioso Premio Heise. Este premio se concede anualmente a banqueros de ojos no m\u00e9dicos en reconocimiento a su destacada dedicaci\u00f3n al desarrollo de la Eye Bank Association of America y por ejemplificar los preceptos de Leonard Heise, uno de los fundadores de la EBAA y uno de los principales contribuyentes a la lucha contra la ceguera.<\/p>\n\n<\/div>\n\n<div class=\"gb-container gb-container-e25a389d mobile-reverse-container-2\">\n\n<figure class=\"gb-block-image gb-block-image-fdbb17b1\"><img loading=\"lazy\" decoding=\"async\" width=\"1200\" height=\"857\" class=\"gb-image gb-image-fdbb17b1\" src=\"https:\/\/visionshare.org\/wp-content\/uploads\/EBKYHeiseAward.jpg\" alt=\"Ganador del premio Heise - EBKY\" title=\"Premio EBKYHeiseAward\" srcset=\"https:\/\/visionshare.org\/wp-content\/uploads\/EBKYHeiseAward.jpg 1200w, https:\/\/visionshare.org\/wp-content\/uploads\/EBKYHeiseAward-300x214.jpg 300w, https:\/\/visionshare.org\/wp-content\/uploads\/EBKYHeiseAward-1024x731.jpg 1024w, https:\/\/visionshare.org\/wp-content\/uploads\/EBKYHeiseAward-768x548.jpg 768w, https:\/\/visionshare.org\/wp-content\/uploads\/EBKYHeiseAward-500x357.jpg 500w, https:\/\/visionshare.org\/wp-content\/uploads\/EBKYHeiseAward-700x500.jpg 700w\" sizes=\"auto, (max-width: 1200px) 100vw, 1200px\" \/><\/figure>\n\n<\/div>\n<\/div>\n\n<div class=\"gb-container gb-container-a0368a4e gbp-section__inner\">\n<div class=\"gb-container gb-container-3120ff1a\">\n<div class=\"gb-container gb-container-e560db6a\">\n<div class=\"gb-container gb-container-2e83002b gbp-section\">\n<div class=\"gb-container gb-container-180e0582 gbp-section__inner\">\n<div class=\"gb-container gb-container-a0f98063\">\n\n<h2 class=\"gb-headline gb-headline-7abefd36 gb-headline-text gbp-section__headline\">Participaci\u00f3n comunitaria<\/h2>\n\n\n\n<p>La implicaci\u00f3n de la comunidad es vital para el \u00e9xito del Banco de Ojos. La organizaci\u00f3n colabora frecuentemente con otras organizaciones sin \u00e1nimo de lucro y participa en campa\u00f1as de educaci\u00f3n p\u00fablica para concienciar sobre la donaci\u00f3n de \u00f3rganos y tejidos. Su participaci\u00f3n en \"Network for Hope\" en Cincinnati ayuda a promover el registro de donantes de \u00f3rganos y tejidos en Kentucky, Ohio, Indiana y Virginia Occidental. Adem\u00e1s, trabajan para garantizar que los donantes y sus familias sean honrados y respetados, reconociendo el profundo impacto de su generosidad.<\/p>\n\n\n<div class=\"gb-container gb-container-4bd041a8\">\n\n<a class=\"gb-button gb-button-e89fb59f gb-button-text gbp-button--primary\" href=\"https:\/\/www.ebky.org\/\" target=\"_blank\" rel=\"noopener noreferrer\">Visite su nuevo sitio web<\/a>\n\n<\/div>\n<\/div>\n<\/div>\n<\/div>\n<\/div>\n<\/div>\n<\/div>\n<\/div>\n\n\n<p><\/p>","protected":false},"excerpt":{"rendered":"<p>History The Eye Bank of Kentucky has a long history rooted in the principles of nonprofit, community-focused tissue banking. Originally established as part of the &#8230; <a title=\"Banco de Ojos de Kentucky\" class=\"read-more\" href=\"https:\/\/visionshare.org\/es\/member-list-info\/the-eye-bank-of-kentucky\/\" aria-label=\"Leer m\u00e1s sobre The Eye Bank Of Kentucky\">Leer m\u00e1s<\/a><\/p>","protected":false},"author":1,"featured_media":0,"parent":1306,"menu_order":0,"comment_status":"closed","ping_status":"closed","template":"","meta":{"_acf_changed":false,"footnotes":""},"class_list":["post-6785","page","type-page","status-publish"],"acf":[],"yoast_head":"<!-- This site is optimized with the Yoast SEO plugin v27.6 - https:\/\/yoast.com\/product\/yoast-seo-wordpress\/ -->\n<title>The Eye Bank Of Kentucky - Vision Share<\/title>\n<meta name=\"description\" content=\"Interested in learning more about the Eye Bank of Kentucky? View our member eye bank&#039;s information on this page.\" \/>\n<meta name=\"robots\" content=\"index, follow, max-snippet:-1, max-image-preview:large, max-video-preview:-1\" \/>\n<link rel=\"canonical\" href=\"https:\/\/visionshare.org\/es\/lista-de-miembros\/banco-de-ojos-de-kentucky\/\" \/>\n<meta property=\"og:locale\" content=\"es_ES\" \/>\n<meta property=\"og:type\" content=\"article\" \/>\n<meta property=\"og:title\" content=\"The Eye Bank Of Kentucky - Vision Share\" \/>\n<meta property=\"og:description\" content=\"Interested in learning more about the Eye Bank of Kentucky? View our member eye bank&#039;s information on this page.\" \/>\n<meta property=\"og:url\" content=\"https:\/\/visionshare.org\/es\/lista-de-miembros\/banco-de-ojos-de-kentucky\/\" \/>\n<meta property=\"og:site_name\" content=\"Vision Share\" \/>\n<meta property=\"article:publisher\" content=\"https:\/\/www.facebook.com\/visionshareinc\" \/>\n<meta property=\"article:modified_time\" content=\"2025-10-21T00:08:37+00:00\" \/>\n<meta property=\"og:image\" content=\"https:\/\/visionshare.org\/wp-content\/uploads\/ebky-page1image.jpg\" \/>\n<meta name=\"twitter:card\" content=\"summary_large_image\" \/>\n<meta name=\"twitter:site\" content=\"@Vision_Share\" \/>\n<meta name=\"twitter:label1\" content=\"Tiempo de lectura\" \/>\n\t<meta name=\"twitter:data1\" content=\"3 minutos\" \/>\n<script type=\"application\/ld+json\" class=\"yoast-schema-graph\">{\"@context\":\"https:\\\/\\\/schema.org\",\"@graph\":[{\"@type\":\"WebPage\",\"@id\":\"https:\\\/\\\/visionshare.org\\\/member-list-info\\\/the-eye-bank-of-kentucky\\\/\",\"url\":\"https:\\\/\\\/visionshare.org\\\/member-list-info\\\/the-eye-bank-of-kentucky\\\/\",\"name\":\"The Eye Bank Of Kentucky - Vision Share\",\"isPartOf\":{\"@id\":\"https:\\\/\\\/visionshare.org\\\/#website\"},\"primaryImageOfPage\":{\"@id\":\"https:\\\/\\\/visionshare.org\\\/member-list-info\\\/the-eye-bank-of-kentucky\\\/#primaryimage\"},\"image\":{\"@id\":\"https:\\\/\\\/visionshare.org\\\/member-list-info\\\/the-eye-bank-of-kentucky\\\/#primaryimage\"},\"thumbnailUrl\":\"https:\\\/\\\/visionshare.org\\\/wp-content\\\/uploads\\\/ebky-page1image.jpg\",\"datePublished\":\"2024-10-10T22:12:28+00:00\",\"dateModified\":\"2025-10-21T00:08:37+00:00\",\"description\":\"Interested in learning more about the Eye Bank of Kentucky? View our member eye bank's information on this page.\",\"breadcrumb\":{\"@id\":\"https:\\\/\\\/visionshare.org\\\/member-list-info\\\/the-eye-bank-of-kentucky\\\/#breadcrumb\"},\"inLanguage\":\"es\",\"potentialAction\":[{\"@type\":\"ReadAction\",\"target\":[\"https:\\\/\\\/visionshare.org\\\/member-list-info\\\/the-eye-bank-of-kentucky\\\/\"]}]},{\"@type\":\"ImageObject\",\"inLanguage\":\"es\",\"@id\":\"https:\\\/\\\/visionshare.org\\\/member-list-info\\\/the-eye-bank-of-kentucky\\\/#primaryimage\",\"url\":\"https:\\\/\\\/visionshare.org\\\/wp-content\\\/uploads\\\/ebky-page1image.jpg\",\"contentUrl\":\"https:\\\/\\\/visionshare.org\\\/wp-content\\\/uploads\\\/ebky-page1image.jpg\"},{\"@type\":\"BreadcrumbList\",\"@id\":\"https:\\\/\\\/visionshare.org\\\/member-list-info\\\/the-eye-bank-of-kentucky\\\/#breadcrumb\",\"itemListElement\":[{\"@type\":\"ListItem\",\"position\":1,\"name\":\"Home\",\"item\":\"https:\\\/\\\/visionshare.org\\\/\"},{\"@type\":\"ListItem\",\"position\":2,\"name\":\"Vision Share Eye Bank Network\",\"item\":\"https:\\\/\\\/visionshare.org\\\/member-list-info\\\/\"},{\"@type\":\"ListItem\",\"position\":3,\"name\":\"The Eye Bank Of Kentucky\"}]},{\"@type\":\"WebSite\",\"@id\":\"https:\\\/\\\/visionshare.org\\\/#website\",\"url\":\"https:\\\/\\\/visionshare.org\\\/\",\"name\":\"Vision Share\",\"description\":\"Your Trusted Source\",\"publisher\":{\"@id\":\"https:\\\/\\\/visionshare.org\\\/#organization\"},\"potentialAction\":[{\"@type\":\"SearchAction\",\"target\":{\"@type\":\"EntryPoint\",\"urlTemplate\":\"https:\\\/\\\/visionshare.org\\\/?s={search_term_string}\"},\"query-input\":{\"@type\":\"PropertyValueSpecification\",\"valueRequired\":true,\"valueName\":\"search_term_string\"}}],\"inLanguage\":\"es\"},{\"@type\":\"Organization\",\"@id\":\"https:\\\/\\\/visionshare.org\\\/#organization\",\"name\":\"Vision Share\",\"url\":\"https:\\\/\\\/visionshare.org\\\/\",\"logo\":{\"@type\":\"ImageObject\",\"inLanguage\":\"es\",\"@id\":\"https:\\\/\\\/visionshare.org\\\/#\\\/schema\\\/logo\\\/image\\\/\",\"url\":\"https:\\\/\\\/visionshare.org\\\/wp-content\\\/uploads\\\/cropped-cropped-cropped-VS_Your-trusted-source-logo-01-PNG.png\",\"contentUrl\":\"https:\\\/\\\/visionshare.org\\\/wp-content\\\/uploads\\\/cropped-cropped-cropped-VS_Your-trusted-source-logo-01-PNG.png\",\"width\":1655,\"height\":861,\"caption\":\"Vision Share\"},\"image\":{\"@id\":\"https:\\\/\\\/visionshare.org\\\/#\\\/schema\\\/logo\\\/image\\\/\"},\"sameAs\":[\"https:\\\/\\\/www.facebook.com\\\/visionshareinc\",\"https:\\\/\\\/x.com\\\/Vision_Share\",\"https:\\\/\\\/www.linkedin.com\\\/company\\\/visionsshare\\\/\"]}]}<\/script>\n<!-- \/ Yoast SEO plugin. -->","yoast_head_json":{"title":"Banco de Ojos de Kentucky - Vision Share","description":"\u00bfLe interesa saber m\u00e1s sobre el Banco de Ojos de Kentucky? Consulte la informaci\u00f3n de nuestro banco de ojos miembro en esta p\u00e1gina.","robots":{"index":"index","follow":"follow","max-snippet":"max-snippet:-1","max-image-preview":"max-image-preview:large","max-video-preview":"max-video-preview:-1"},"canonical":"https:\/\/visionshare.org\/es\/lista-de-miembros\/banco-de-ojos-de-kentucky\/","og_locale":"es_ES","og_type":"article","og_title":"The Eye Bank Of Kentucky - Vision Share","og_description":"Interested in learning more about the Eye Bank of Kentucky? View our member eye bank's information on this page.","og_url":"https:\/\/visionshare.org\/es\/lista-de-miembros\/banco-de-ojos-de-kentucky\/","og_site_name":"Vision Share","article_publisher":"https:\/\/www.facebook.com\/visionshareinc","article_modified_time":"2025-10-21T00:08:37+00:00","og_image":[{"url":"https:\/\/visionshare.org\/wp-content\/uploads\/ebky-page1image.jpg","type":"","width":"","height":""}],"twitter_card":"summary_large_image","twitter_site":"@Vision_Share","twitter_misc":{"Tiempo de lectura":"3 minutos"},"schema":{"@context":"https:\/\/schema.org","@graph":[{"@type":"WebPage","@id":"https:\/\/visionshare.org\/member-list-info\/the-eye-bank-of-kentucky\/","url":"https:\/\/visionshare.org\/member-list-info\/the-eye-bank-of-kentucky\/","name":"Banco de Ojos de Kentucky - Vision Share","isPartOf":{"@id":"https:\/\/visionshare.org\/#website"},"primaryImageOfPage":{"@id":"https:\/\/visionshare.org\/member-list-info\/the-eye-bank-of-kentucky\/#primaryimage"},"image":{"@id":"https:\/\/visionshare.org\/member-list-info\/the-eye-bank-of-kentucky\/#primaryimage"},"thumbnailUrl":"https:\/\/visionshare.org\/wp-content\/uploads\/ebky-page1image.jpg","datePublished":"2024-10-10T22:12:28+00:00","dateModified":"2025-10-21T00:08:37+00:00","description":"\u00bfLe interesa saber m\u00e1s sobre el Banco de Ojos de Kentucky? Consulte la informaci\u00f3n de nuestro banco de ojos miembro en esta p\u00e1gina.","breadcrumb":{"@id":"https:\/\/visionshare.org\/member-list-info\/the-eye-bank-of-kentucky\/#breadcrumb"},"inLanguage":"es","potentialAction":[{"@type":"ReadAction","target":["https:\/\/visionshare.org\/member-list-info\/the-eye-bank-of-kentucky\/"]}]},{"@type":"ImageObject","inLanguage":"es","@id":"https:\/\/visionshare.org\/member-list-info\/the-eye-bank-of-kentucky\/#primaryimage","url":"https:\/\/visionshare.org\/wp-content\/uploads\/ebky-page1image.jpg","contentUrl":"https:\/\/visionshare.org\/wp-content\/uploads\/ebky-page1image.jpg"},{"@type":"BreadcrumbList","@id":"https:\/\/visionshare.org\/member-list-info\/the-eye-bank-of-kentucky\/#breadcrumb","itemListElement":[{"@type":"ListItem","position":1,"name":"Home","item":"https:\/\/visionshare.org\/"},{"@type":"ListItem","position":2,"name":"Vision Share Eye Bank Network","item":"https:\/\/visionshare.org\/member-list-info\/"},{"@type":"ListItem","position":3,"name":"The Eye Bank Of Kentucky"}]},{"@type":"WebSite","@id":"https:\/\/visionshare.org\/#website","url":"https:\/\/visionshare.org\/","name":"Compartir visi\u00f3n","description":"Su fuente de confianza","publisher":{"@id":"https:\/\/visionshare.org\/#organization"},"potentialAction":[{"@type":"SearchAction","target":{"@type":"EntryPoint","urlTemplate":"https:\/\/visionshare.org\/?s={search_term_string}"},"query-input":{"@type":"PropertyValueSpecification","valueRequired":true,"valueName":"search_term_string"}}],"inLanguage":"es"},{"@type":"Organization","@id":"https:\/\/visionshare.org\/#organization","name":"Compartir visi\u00f3n","url":"https:\/\/visionshare.org\/","logo":{"@type":"ImageObject","inLanguage":"es","@id":"https:\/\/visionshare.org\/#\/schema\/logo\/image\/","url":"https:\/\/visionshare.org\/wp-content\/uploads\/cropped-cropped-cropped-VS_Your-trusted-source-logo-01-PNG.png","contentUrl":"https:\/\/visionshare.org\/wp-content\/uploads\/cropped-cropped-cropped-VS_Your-trusted-source-logo-01-PNG.png","width":1655,"height":861,"caption":"Vision Share"},"image":{"@id":"https:\/\/visionshare.org\/#\/schema\/logo\/image\/"},"sameAs":["https:\/\/www.facebook.com\/visionshareinc","https:\/\/x.com\/Vision_Share","https:\/\/www.linkedin.com\/company\/visionsshare\/"]}]}},"_links":{"self":[{"href":"https:\/\/visionshare.org\/es\/wp-json\/wp\/v2\/pages\/6785","targetHints":{"allow":["GET"]}}],"collection":[{"href":"https:\/\/visionshare.org\/es\/wp-json\/wp\/v2\/pages"}],"about":[{"href":"https:\/\/visionshare.org\/es\/wp-json\/wp\/v2\/types\/page"}],"author":[{"embeddable":true,"href":"https:\/\/visionshare.org\/es\/wp-json\/wp\/v2\/users\/1"}],"replies":[{"embeddable":true,"href":"https:\/\/visionshare.org\/es\/wp-json\/wp\/v2\/comments?post=6785"}],"version-history":[{"count":17,"href":"https:\/\/visionshare.org\/es\/wp-json\/wp\/v2\/pages\/6785\/revisions"}],"predecessor-version":[{"id":13816,"href":"https:\/\/visionshare.org\/es\/wp-json\/wp\/v2\/pages\/6785\/revisions\/13816"}],"up":[{"embeddable":true,"href":"https:\/\/visionshare.org\/es\/wp-json\/wp\/v2\/pages\/1306"}],"wp:attachment":[{"href":"https:\/\/visionshare.org\/es\/wp-json\/wp\/v2\/media?parent=6785"}],"curies":[{"name":"wp","href":"https:\/\/api.w.org\/{rel}","templated":true}]}}