{"id":8144,"date":"2024-10-29T08:26:21","date_gmt":"2024-10-29T13:26:21","guid":{"rendered":"https:\/\/visionshare.org\/?page_id=8144"},"modified":"2026-03-02T13:51:45","modified_gmt":"2026-03-02T19:51:45","slug":"de","status":"publish","type":"page","link":"https:\/\/visionshare.org\/es\/give\/","title":{"rendered":"Dona a Vision Share para apoyar la restauraci\u00f3n de la vista a nivel mundial"},"content":{"rendered":"<div class=\"gb-container gb-container-00e842b9 alignfull gbp-section\">\n<div class=\"gb-container gb-container-c576d0c3 gbp-section__inner\">\n<div class=\"gb-container gb-container-9d4def1d\">\n\n<h1 class=\"gb-headline gb-headline-0010e718 gb-headline-text gbp-section__headline\">Su donaci\u00f3n transforma vidas en todo el mundo, dando a las personas necesitadas la oportunidad de lograr un futuro mejor.<\/h1>\n\n\n<div class=\"gb-container gb-container-1f20a3e1\">\n\n<a class=\"gb-button gb-button-4e938dad gb-button-text gbp-button--primary\" href=\"https:\/\/www.paypal.com\/donate\/?hosted_button_id=48UELE8RP7FF8\">Ayude hoy mismo a recuperar la vista de una persona<\/a>\n\n<\/div>\n<\/div>\n<\/div>\n<div class=\"gb-shapes\"><div class=\"gb-shape gb-shape-1\"><svg xmlns=\"http:\/\/www.w3.org\/2000\/svg\" viewbox=\"0 0 1200 194.3\" preserveaspectratio=\"none\"><path d=\"M1200 133.3l-50 8.9c-50 8.6-150 26.9-250 31.1-100 4.2-200-4.2-300-26.7S400 89.2 300 62.2C200 35.8 100 17.5 50 8.9L0 0v194.3h1200v-61z\"\/><\/svg><\/div><\/div><\/div>\n\n<div class=\"gb-container gb-container-535ea841 give-main-section gbp-section\">\n<div class=\"gb-container gb-container-58140729 gbp-section__inner\">\n<div class=\"gb-container gb-container-d19142c2 sub-container-2\">\n\n<h2 class=\"gb-headline gb-headline-8d6d76b4 gb-headline-text gbp-section__headline\" id=\"emmanuels-story\">La impactante historia de Emmanuel<\/h2>\n\n\n\n<div class=\"gb-headline gb-headline-d32fe39e gb-headline-text gbp-section__text\">Emmanuel se enfrentaba a un futuro sin vista, luchando por mantener el ritmo escolar debido a un queratocono avanzado en ambos ojos. Sus sue\u00f1os se desvanec\u00edan y tuvo que abandonar los estudios. Pero gracias a los dedicados cuidados del Dr. John y al apoyo de Vision Share, Emmanuel recibi\u00f3 el trasplante de c\u00f3rnea que necesitaba desesperadamente. Hoy ha recuperado la vista y ha vuelto a estudiar para convertirse en m\u00e9dico especializado en c\u00f3rnea.<br><\/div>\n\n\n\n<h6 class=\"wp-block-heading\">Vea la impactante historia de Emmanuel narrada por el Dr. John Nkurikiye, Presidente Ejecutivo de RIIO iHospital en Ruanda, \u00c1frica.<em> (socio de Vision Share desde 2016).<\/em><\/h6>\n\n\n\n<iframe loading=\"lazy\" width=\"560\" height=\"315\"\n  src=\"https:\/\/www.youtube.com\/embed\/kCIMFSpw8wU?cc_load_policy=1\"\n  title=\"La historia de Emmanuel - Vision Share\"\n  frameborder=\"0\"\n  allow=\"accelerometer; autoplay; clipboard-write; encrypted-media; gyroscope; picture-in-picture\"\n  allowfullscreen>\n<\/iframe>\n\n\n\n<p class=\"has-small-font-size\"><em>Tus generosas donaciones hacen posible historias como la de Emmanuel.<\/em><\/p>\n\n\n<div class=\"gb-container gb-container-27145ff4\">\n\n<a class=\"gb-button gb-button-d754e00c gb-button-text gbp-button--secondary\" href=\"https:\/\/www.paypal.com\/donate\/?hosted_button_id=48UELE8RP7FF8\">\u00danase a nosotros para recuperar la visi\u00f3n y la esperanza<\/a>\n\n<\/div>\n<\/div>\n\n<div class=\"gb-container gb-container-1a335d0e sub-container-1\">\n\n<figure class=\"gb-block-image gb-block-image-db4988b0\"><img loading=\"lazy\" decoding=\"async\" width=\"2250\" height=\"2250\" class=\"gb-image gb-image-db4988b0\" src=\"https:\/\/visionshare.org\/wp-content\/uploads\/emmanuelpicture.jpg\" alt=\"Foto del Dr. John y Emmanuel\" srcset=\"https:\/\/visionshare.org\/wp-content\/uploads\/emmanuelpicture.jpg 2250w, https:\/\/visionshare.org\/wp-content\/uploads\/emmanuelpicture-300x300.jpg 300w, https:\/\/visionshare.org\/wp-content\/uploads\/emmanuelpicture-1024x1024.jpg 1024w, https:\/\/visionshare.org\/wp-content\/uploads\/emmanuelpicture-150x150.jpg 150w, https:\/\/visionshare.org\/wp-content\/uploads\/emmanuelpicture-768x768.jpg 768w, https:\/\/visionshare.org\/wp-content\/uploads\/emmanuelpicture-1536x1536.jpg 1536w, https:\/\/visionshare.org\/wp-content\/uploads\/emmanuelpicture-2048x2048.jpg 2048w, https:\/\/visionshare.org\/wp-content\/uploads\/emmanuelpicture-500x500.jpg 500w, https:\/\/visionshare.org\/wp-content\/uploads\/emmanuelpicture-700x700.jpg 700w, https:\/\/visionshare.org\/wp-content\/uploads\/emmanuelpicture-100x100.jpg 100w\" sizes=\"auto, (max-width: 2250px) 100vw, 2250px\" \/><\/figure>\n\n<\/div>\n<\/div>\n<\/div>\n\n<div class=\"gb-container gb-container-4b1b7ac9 alignfull gbp-section\">\n<div class=\"gb-container gb-container-4dd73ab7 gbp-section__inner\">\n<div class=\"gb-container gb-container-bf0e62f0\">\n\n<div class=\"gb-headline gb-headline-abb5bc4f gb-headline-text gbp-section__tagline\">SU DONACI\u00d3N IMPORTA<\/div>\n\n\n\n<h2 class=\"gb-headline gb-headline-535ea083 gb-headline-text gbp-section__headline\">Juntos podemos ayudar a recuperar la vista en todo el mundo<\/h2>\n\n\n\n<div class=\"gb-headline gb-headline-e3ecc160 gb-headline-text gbp-section__text\">Todo el mundo deber\u00eda tener acceso a tejido corneal. Lamentablemente, esto no es cierto para millones de personas que viven en pa\u00edses en desarrollo. En la actualidad, m\u00e1s de 12,7 millones de personas padecen ceguera corneal, una enfermedad que a menudo puede prevenirse o tratarse. Juntos podemos cambiar esta realidad. <strong>Nuestra misi\u00f3n es apoyar la restauraci\u00f3n de la vista en todo el mundo, y su contribuci\u00f3n nos ayuda a lograr este objetivo y llevar esperanza a innumerables personas. <\/strong><\/div>\n\n<\/div>\n<\/div>\n<\/div>\n\n<div class=\"gb-container gb-container-15fc1ac6 alignfull gbp-section\">\n<div class=\"gb-container gb-container-d566d6fa gbp-section__inner\">\n<div class=\"gb-container gb-container-630317c4\">\n\n<h2 class=\"gb-headline gb-headline-5106f80b gb-headline-text gbp-section__headline\">Algunos datos y m\u00e9tricas clave<\/h2>\n\n<\/div>\n\n<div class=\"gb-container gb-container-dda33ef0\">\n\n<div class=\"gb-headline gb-headline-26eb13e7 gb-headline-text gbp-section__text\">Satisfacer las necesidades de tejidos de los pa\u00edses de renta baja es cada vez m\u00e1s dif\u00edcil. La mitad de los casos son evitables. Su donaci\u00f3n transformar\u00e1 vidas.<\/div>\n\n<\/div>\n<\/div>\n\n<div class=\"gb-container gb-container-e546e9b8\">\n\n<figure class=\"wp-block-image size-large\"><img loading=\"lazy\" decoding=\"async\" width=\"1920\" height=\"1080\" src=\"https:\/\/visionshare.org\/wp-content\/uploads\/globalneedforcornealtissue.svg\" alt=\"Necesidad mundial de estad\u00edsticas sobre tejido corneal\" class=\"wp-image-8213\"\/><\/figure>\n\n<\/div>\n<div class=\"gb-shapes\"><div class=\"gb-shape gb-shape-1\"><svg xmlns=\"http:\/\/www.w3.org\/2000\/svg\" viewbox=\"0 0 1200 194.3\" preserveaspectratio=\"none\"><path d=\"M1200 133.3l-50 8.9c-50 8.6-150 26.9-250 31.1-100 4.2-200-4.2-300-26.7S400 89.2 300 62.2C200 35.8 100 17.5 50 8.9L0 0v194.3h1200v-61z\"\/><\/svg><\/div><div class=\"gb-shape gb-shape-2\"><svg xmlns=\"http:\/\/www.w3.org\/2000\/svg\" viewbox=\"0 0 1200 194.3\" preserveaspectratio=\"none\"><path d=\"M1200 133.3l-50 8.9c-50 8.6-150 26.9-250 31.1-100 4.2-200-4.2-300-26.7S400 89.2 300 62.2C200 35.8 100 17.5 50 8.9L0 0v194.3h1200v-61z\"\/><\/svg><\/div><\/div><\/div>\n\n<div class=\"gb-container gb-container-e3ecbfa3 alignfull gbp-section\">\n<div class=\"gb-container gb-container-f6e7fb02 gbp-section__inner\">\n<div class=\"gb-container gb-container-88d57d2d\">\n\n<h2 class=\"gb-headline gb-headline-1b70fa32 gbp-section__headline\"><span class=\"gb-icon\"><svg aria-hidden=\"true\" role=\"img\" height=\"1em\" width=\"1em\" viewbox=\"0 0 512 512\" xmlns=\"http:\/\/www.w3.org\/2000\/svg\"><path fill=\"currentColor\" d=\"M462.3 62.6C407.5 15.9 326 24.3 275.7 76.2L256 96.5l-19.7-20.3C186.1 24.3 104.5 15.9 49.7 62.6c-62.8 53.6-66.1 149.8-9.9 207.9l193.5 199.8c12.5 12.9 32.8 12.9 45.3 0l193.5-199.8c56.3-58.1 53-154.3-9.8-207.9z\"><\/path><\/svg><\/span><span class=\"gb-headline-text\">Cuando te das<\/span><\/h2>\n\n\n<div class=\"gb-container gb-container-f1bf2fad\">\n\n<div class=\"flip-card-group-give\">\n    <div class=\"flip-card-1\">\n        <div class=\"flip-card-inner-1\">\n            <div class=\"flip-card-front-1\">\n                <h3><strong>Proporcionar tejido corneal<\/strong><\/h3>\n            <\/div>\n            <div class=\"flip-card-back-1\">\n                <p>Cada tejido es un regalo, y encontrar un hogar para ese regalo es nuestra prioridad. Sin embargo, cada donaci\u00f3n est\u00e1 sujeta a tasas de procesamiento de tejidos que pueden dificultar, o incluso imposibilitar, la obtenci\u00f3n de tejidos. Su donaci\u00f3n subvencionar\u00e1 estos gastos en el caso de las personas con recursos limitados o proporcionar\u00e1 un reembolso total a quienes no puedan pagarlos. Todo el mundo deber\u00eda tener la oportunidad de beneficiarse de un trasplante de c\u00f3rnea cuando lo necesite. Su donaci\u00f3n les da esa oportunidad.<\/p>\n            <\/div>\n        <\/div>\n    <\/div>\n    <div class=\"flip-card-1\">\n        <div class=\"flip-card-inner-1\">\n            <div class=\"flip-card-front-1\">\n                <h3><strong>Ayudar con el env\u00edo<\/strong><\/h3>\n            <\/div>\n            <div class=\"flip-card-back-1\">\n                <p>Pacientes de todo el mundo tienen dificultades para pagar el elevado coste de los gastos de env\u00edo. Estos gastos pueden impedir que las personas necesitadas soliciten tejido corneal. Tu donaci\u00f3n ayudar\u00e1 a quienes tienen dificultades para pagar los gastos de env\u00edo y eliminar\u00e1 esta barrera para que los cirujanos puedan centrarse en ofrecer trasplantes de c\u00f3rnea que cambian vidas sin cargar a sus pacientes con los elevados gastos de env\u00edo.<\/p>\n            <\/div>\n        <\/div>\n    <\/div>\n    <div class=\"flip-card-1\">\n        <div class=\"flip-card-inner-1\">\n            <div class=\"flip-card-front-1\">\n <h3><strong>Apoyar la misi\u00f3n de Vision Share<\/strong><\/h3>\n            <\/div>\n            <div class=\"flip-card-back-1\">\n                <p>Una parte de su donaci\u00f3n apoyar\u00e1 las operaciones de Vision Share, incluidas las comunicaciones con los miembros del banco de ojos, el apoyo a cirujanos y pacientes y el desarrollo de programas. Cada una de estas funciones proporciona a Vision Share las herramientas necesarias para apoyar la restauraci\u00f3n de la vista en todo el mundo.<\/p>\n            <\/div>\n        <\/div>\n    <\/div>\n<\/div>\n\n<\/div>\n<\/div>\n\n<div class=\"gb-container gb-container-a4fada3b\">\n\n<a class=\"gb-button gb-button-4d289333 gb-button-text gbp-button--secondary\" href=\"https:\/\/www.paypal.com\/donate\/?hosted_button_id=48UELE8RP7FF8\">Marca hoy la diferencia<\/a>\n\n<\/div>\n<\/div>\n<\/div>\n\n<div class=\"gb-container gb-container-b9c37198 give-main-container alignfull\">\n<div class=\"gb-container gb-container-5c7e8d7f\">\n<div class=\"gb-container gb-container-0c25bb25 sub-container-2\">\n\n<div class=\"gb-headline gb-headline-6164a43e gb-headline-text\">En 2016, en el congreso de la Academia Americana de Oftalmolog\u00eda celebrado en Chicago, visit\u00e9 el stand de Vision Share. Este fue probablemente el momento que cambi\u00f3 lo que hago en materia de trasplantes de c\u00f3rnea. Esto abri\u00f3 el acceso a tejido de c\u00f3rnea de calidad para m\u00e1s de 8 pa\u00edses de \u00c1frica, empezando por Ruanda. Porque \u00e9ramos una red de hospitales con la misma propiedad. Esta asociaci\u00f3n cambi\u00f3 muchas vidas en \u00c1frica. Creo que entre 400 y 500 personas se han beneficiado de este encuentro desde 2016.&nbsp;<br><br>Me permiti\u00f3, por ejemplo, dar una buena c\u00f3rnea a un ni\u00f1o de 8 a\u00f1os. Ten\u00eda hidropes\u00eda aguda. Despu\u00e9s de empezar a trabajar con Vision Share, pod\u00edamos hacer el pedido, conseguir una c\u00f3rnea y realizar el trasplante en siete d\u00edas. Esto no era posible hasta que conoc\u00ed a Vision Share.<\/div>\n\n\n\n<div class=\"gb-headline gb-headline-d5fabb52 gb-headline-text\">Dr. John Nkurikiye, Presidente Ejecutivo de RIIO iHospital y Presidente de COESCA<br> Ruanda, \u00c1frica<\/div>\n\n<\/div>\n\n<div class=\"gb-container gb-container-68ce41c5 sub-container-1\">\n\n<figure class=\"gb-block-image gb-block-image-2c2c725d\"><img loading=\"lazy\" decoding=\"async\" width=\"1200\" height=\"1200\" class=\"gb-image gb-image-2c2c725d\" src=\"https:\/\/visionshare.org\/wp-content\/uploads\/drjohnpic.jpg\" alt=\"Dr. John Nkurikiye\" srcset=\"https:\/\/visionshare.org\/wp-content\/uploads\/drjohnpic.jpg 1200w, https:\/\/visionshare.org\/wp-content\/uploads\/drjohnpic-300x300.jpg 300w, https:\/\/visionshare.org\/wp-content\/uploads\/drjohnpic-1024x1024.jpg 1024w, https:\/\/visionshare.org\/wp-content\/uploads\/drjohnpic-150x150.jpg 150w, https:\/\/visionshare.org\/wp-content\/uploads\/drjohnpic-768x768.jpg 768w, https:\/\/visionshare.org\/wp-content\/uploads\/drjohnpic-500x500.jpg 500w, https:\/\/visionshare.org\/wp-content\/uploads\/drjohnpic-700x700.jpg 700w, https:\/\/visionshare.org\/wp-content\/uploads\/drjohnpic-100x100.jpg 100w\" sizes=\"auto, (max-width: 1200px) 100vw, 1200px\" \/><\/figure>\n\n<\/div>\n<\/div>\n<\/div>\n\n<div class=\"gb-container gb-container-c39500b5 alignfull gbp-section\">\n<div class=\"gb-container gb-container-5cf4528d gbp-section__inner\">\n<div class=\"gb-container gb-container-2cbe5eec\">\n\n<h3 class=\"gb-headline gb-headline-9a8883f4 gb-headline-text gbp-section__headline\">Informaci\u00f3n sobre donaciones<\/h3>\n\n\n\n<div class=\"gb-headline gb-headline-904808f3 gb-headline-text gbp-section__text\"><strong>Vision Share es una organizaci\u00f3n ben\u00e9fica 501 (c)(3). Todas las donaciones son deducibles de impuestos hasta el m\u00e1ximo permitido por la ley.<\/strong> <strong>Vision Share cumple plenamente los requisitos federales y estatales sobre solicitudes ben\u00e9ficas.<\/strong><\/div>\n\n<\/div>\n<\/div>\n<\/div>\n\n<div class=\"gb-container gb-container-b51c48c3 gbp-section\">\n<div class=\"gb-container gb-container-77c4fb6b gbp-section__inner\">\n<div class=\"gb-container gb-container-81d90faf\">\n\n<h2 class=\"gb-headline gb-headline-4488610a gb-headline-text gbp-section__headline\">\u00bfQuieres dar de otra manera?<\/h2>\n\n<\/div>\n<\/div>\n\n<div class=\"gb-container gb-container-14b28e48\">\n<div class=\"gb-container gb-container-d7bd973d\">\n<div class=\"gb-grid-wrapper gb-grid-wrapper-ba287320\">\n<div class=\"gb-grid-column gb-grid-column-d3998992\"><div class=\"gb-container gb-container-d3998992\">\n\n<div class=\"gb-headline gb-headline-0d5eb77d gb-headline-text\">Para transferencia bancaria o ACH<\/div>\n\n\n\n<div class=\"gb-headline gb-headline-c8ecb863 gb-headline-text gbp-section__text\">Env\u00edenos un correo electr\u00f3nico a <a href=\"mailto:giving@visionshare.org\">giving@visionshare.org<\/a>.<br> <\/div>\n\n<\/div><\/div>\n\n<div class=\"gb-grid-column gb-grid-column-10137a19\"><div class=\"gb-container gb-container-10137a19\">\n\n<div class=\"gb-headline gb-headline-e0d8c392 gb-headline-text\">Enviar un cheque<\/div>\n\n\n\n<div class=\"gb-headline gb-headline-dd80100e gb-headline-text gbp-section__text\">Compartir visi\u00f3n <br>3023 N. Clark Street, Suite #118,<br> Chicago, IL 60657<\/div>\n\n<\/div><\/div>\n\n<div class=\"gb-grid-column gb-grid-column-024b28c5\"><div class=\"gb-container gb-container-024b28c5\">\n\n<div class=\"gb-headline gb-headline-3779934d gb-headline-text\">Donar por tel\u00e9fono<\/div>\n\n\n\n<div class=\"gb-headline gb-headline-2b5cfc76 gb-headline-text gbp-section__text\">Llame al 888-657-4448<\/div>\n\n<\/div><\/div>\n<\/div>\n<\/div>\n<\/div>\n<\/div>\n\n\n<p><\/p>","protected":false},"excerpt":{"rendered":"<p>Your gift transforms lives around the world, giving people in need a chance to achieve a brighter future. Emmanuel&#8217;s powerful story Emmanuel faced a future &#8230; <a title=\"Dona a Vision Share para apoyar la restauraci\u00f3n de la vista a nivel mundial\" class=\"read-more\" href=\"https:\/\/visionshare.org\/es\/give\/\" aria-label=\"Leer m\u00e1s sobre Give to Vision Share to Support Global Sight Restoration\">Leer m\u00e1s<\/a><\/p>","protected":false},"author":1,"featured_media":8166,"parent":0,"menu_order":0,"comment_status":"closed","ping_status":"closed","template":"","meta":{"_acf_changed":false,"footnotes":""},"class_list":["post-8144","page","type-page","status-publish","has-post-thumbnail"],"acf":[],"yoast_head":"<!-- This site is optimized with the Yoast SEO plugin v27.6 - https:\/\/yoast.com\/product\/yoast-seo-wordpress\/ -->\n<title>Give to Vision Share to Support Global Sight Restoration<\/title>\n<meta name=\"description\" content=\"Interested in supporting global sight restoration? Your gift to Vision Share will give people in need a chance to achieve a brighter future.\" \/>\n<meta name=\"robots\" content=\"index, follow, max-snippet:-1, max-image-preview:large, max-video-preview:-1\" \/>\n<link rel=\"canonical\" href=\"https:\/\/visionshare.org\/es\/de\/\" \/>\n<meta property=\"og:locale\" content=\"es_ES\" \/>\n<meta property=\"og:type\" content=\"article\" \/>\n<meta property=\"og:title\" content=\"Give to Vision Share to Support Global Sight Restoration\" \/>\n<meta property=\"og:description\" content=\"Interested in supporting global sight restoration? Your gift to Vision Share will give people in need a chance to achieve a brighter future.\" \/>\n<meta property=\"og:url\" content=\"https:\/\/visionshare.org\/es\/de\/\" \/>\n<meta property=\"og:site_name\" content=\"Vision Share\" \/>\n<meta property=\"article:publisher\" content=\"https:\/\/www.facebook.com\/visionshareinc\" \/>\n<meta property=\"article:modified_time\" content=\"2026-03-02T19:51:45+00:00\" \/>\n<meta property=\"og:image\" content=\"https:\/\/visionshare.org\/wp-content\/uploads\/emmanuelpicture.jpg\" \/>\n\t<meta property=\"og:image:width\" content=\"2250\" \/>\n\t<meta property=\"og:image:height\" content=\"2250\" \/>\n\t<meta property=\"og:image:type\" content=\"image\/jpeg\" \/>\n<meta name=\"twitter:card\" content=\"summary_large_image\" \/>\n<meta name=\"twitter:site\" content=\"@Vision_Share\" \/>\n<meta name=\"twitter:label1\" content=\"Tiempo de lectura\" \/>\n\t<meta name=\"twitter:data1\" content=\"4 minutos\" \/>\n<script type=\"application\/ld+json\" class=\"yoast-schema-graph\">{\"@context\":\"https:\\\/\\\/schema.org\",\"@graph\":[{\"@type\":\"WebPage\",\"@id\":\"https:\\\/\\\/visionshare.org\\\/give\\\/\",\"url\":\"https:\\\/\\\/visionshare.org\\\/give\\\/\",\"name\":\"Give to Vision Share to Support Global Sight Restoration\",\"isPartOf\":{\"@id\":\"https:\\\/\\\/visionshare.org\\\/#website\"},\"primaryImageOfPage\":{\"@id\":\"https:\\\/\\\/visionshare.org\\\/give\\\/#primaryimage\"},\"image\":{\"@id\":\"https:\\\/\\\/visionshare.org\\\/give\\\/#primaryimage\"},\"thumbnailUrl\":\"https:\\\/\\\/visionshare.org\\\/wp-content\\\/uploads\\\/emmanuelpicture.jpg\",\"datePublished\":\"2024-10-29T13:26:21+00:00\",\"dateModified\":\"2026-03-02T19:51:45+00:00\",\"description\":\"Interested in supporting global sight restoration? Your gift to Vision Share will give people in need a chance to achieve a brighter future.\",\"breadcrumb\":{\"@id\":\"https:\\\/\\\/visionshare.org\\\/give\\\/#breadcrumb\"},\"inLanguage\":\"es\",\"potentialAction\":[{\"@type\":\"ReadAction\",\"target\":[\"https:\\\/\\\/visionshare.org\\\/give\\\/\"]}]},{\"@type\":\"ImageObject\",\"inLanguage\":\"es\",\"@id\":\"https:\\\/\\\/visionshare.org\\\/give\\\/#primaryimage\",\"url\":\"https:\\\/\\\/visionshare.org\\\/wp-content\\\/uploads\\\/emmanuelpicture.jpg\",\"contentUrl\":\"https:\\\/\\\/visionshare.org\\\/wp-content\\\/uploads\\\/emmanuelpicture.jpg\",\"width\":2250,\"height\":2250,\"caption\":\"emmanuelpicture\"},{\"@type\":\"BreadcrumbList\",\"@id\":\"https:\\\/\\\/visionshare.org\\\/give\\\/#breadcrumb\",\"itemListElement\":[{\"@type\":\"ListItem\",\"position\":1,\"name\":\"Home\",\"item\":\"https:\\\/\\\/visionshare.org\\\/\"},{\"@type\":\"ListItem\",\"position\":2,\"name\":\"Give to Vision Share to Support Global Sight Restoration\"}]},{\"@type\":\"WebSite\",\"@id\":\"https:\\\/\\\/visionshare.org\\\/#website\",\"url\":\"https:\\\/\\\/visionshare.org\\\/\",\"name\":\"Vision Share\",\"description\":\"Your Trusted Source\",\"publisher\":{\"@id\":\"https:\\\/\\\/visionshare.org\\\/#organization\"},\"potentialAction\":[{\"@type\":\"SearchAction\",\"target\":{\"@type\":\"EntryPoint\",\"urlTemplate\":\"https:\\\/\\\/visionshare.org\\\/?s={search_term_string}\"},\"query-input\":{\"@type\":\"PropertyValueSpecification\",\"valueRequired\":true,\"valueName\":\"search_term_string\"}}],\"inLanguage\":\"es\"},{\"@type\":\"Organization\",\"@id\":\"https:\\\/\\\/visionshare.org\\\/#organization\",\"name\":\"Vision Share\",\"url\":\"https:\\\/\\\/visionshare.org\\\/\",\"logo\":{\"@type\":\"ImageObject\",\"inLanguage\":\"es\",\"@id\":\"https:\\\/\\\/visionshare.org\\\/#\\\/schema\\\/logo\\\/image\\\/\",\"url\":\"https:\\\/\\\/visionshare.org\\\/wp-content\\\/uploads\\\/cropped-cropped-cropped-VS_Your-trusted-source-logo-01-PNG.png\",\"contentUrl\":\"https:\\\/\\\/visionshare.org\\\/wp-content\\\/uploads\\\/cropped-cropped-cropped-VS_Your-trusted-source-logo-01-PNG.png\",\"width\":1655,\"height\":861,\"caption\":\"Vision Share\"},\"image\":{\"@id\":\"https:\\\/\\\/visionshare.org\\\/#\\\/schema\\\/logo\\\/image\\\/\"},\"sameAs\":[\"https:\\\/\\\/www.facebook.com\\\/visionshareinc\",\"https:\\\/\\\/x.com\\\/Vision_Share\",\"https:\\\/\\\/www.linkedin.com\\\/company\\\/visionsshare\\\/\"]}]}<\/script>\n<!-- \/ Yoast SEO plugin. -->","yoast_head_json":{"title":"Dona a Vision Share para apoyar la restauraci\u00f3n de la vista a nivel mundial","description":"\u00bfQuieres apoyar la restauraci\u00f3n de la vista en el mundo? Tu donaci\u00f3n a Vision Share ofrece un futuro m\u00e1s brillante a quienes lo necesitan.","robots":{"index":"index","follow":"follow","max-snippet":"max-snippet:-1","max-image-preview":"max-image-preview:large","max-video-preview":"max-video-preview:-1"},"canonical":"https:\/\/visionshare.org\/es\/de\/","og_locale":"es_ES","og_type":"article","og_title":"Give to Vision Share to Support Global Sight Restoration","og_description":"Interested in supporting global sight restoration? Your gift to Vision Share will give people in need a chance to achieve a brighter future.","og_url":"https:\/\/visionshare.org\/es\/de\/","og_site_name":"Vision Share","article_publisher":"https:\/\/www.facebook.com\/visionshareinc","article_modified_time":"2026-03-02T19:51:45+00:00","og_image":[{"width":2250,"height":2250,"url":"https:\/\/visionshare.org\/wp-content\/uploads\/emmanuelpicture.jpg","type":"image\/jpeg"}],"twitter_card":"summary_large_image","twitter_site":"@Vision_Share","twitter_misc":{"Tiempo de lectura":"4 minutos"},"schema":{"@context":"https:\/\/schema.org","@graph":[{"@type":"WebPage","@id":"https:\/\/visionshare.org\/give\/","url":"https:\/\/visionshare.org\/give\/","name":"Dona a Vision Share para apoyar la restauraci\u00f3n de la vista a nivel mundial","isPartOf":{"@id":"https:\/\/visionshare.org\/#website"},"primaryImageOfPage":{"@id":"https:\/\/visionshare.org\/give\/#primaryimage"},"image":{"@id":"https:\/\/visionshare.org\/give\/#primaryimage"},"thumbnailUrl":"https:\/\/visionshare.org\/wp-content\/uploads\/emmanuelpicture.jpg","datePublished":"2024-10-29T13:26:21+00:00","dateModified":"2026-03-02T19:51:45+00:00","description":"\u00bfQuieres apoyar la restauraci\u00f3n de la vista en el mundo? Tu donaci\u00f3n a Vision Share ofrece un futuro m\u00e1s brillante a quienes lo necesitan.","breadcrumb":{"@id":"https:\/\/visionshare.org\/give\/#breadcrumb"},"inLanguage":"es","potentialAction":[{"@type":"ReadAction","target":["https:\/\/visionshare.org\/give\/"]}]},{"@type":"ImageObject","inLanguage":"es","@id":"https:\/\/visionshare.org\/give\/#primaryimage","url":"https:\/\/visionshare.org\/wp-content\/uploads\/emmanuelpicture.jpg","contentUrl":"https:\/\/visionshare.org\/wp-content\/uploads\/emmanuelpicture.jpg","width":2250,"height":2250,"caption":"emmanuelpicture"},{"@type":"BreadcrumbList","@id":"https:\/\/visionshare.org\/give\/#breadcrumb","itemListElement":[{"@type":"ListItem","position":1,"name":"Home","item":"https:\/\/visionshare.org\/"},{"@type":"ListItem","position":2,"name":"Give to Vision Share to Support Global Sight Restoration"}]},{"@type":"WebSite","@id":"https:\/\/visionshare.org\/#website","url":"https:\/\/visionshare.org\/","name":"Compartir visi\u00f3n","description":"Su fuente de confianza","publisher":{"@id":"https:\/\/visionshare.org\/#organization"},"potentialAction":[{"@type":"SearchAction","target":{"@type":"EntryPoint","urlTemplate":"https:\/\/visionshare.org\/?s={search_term_string}"},"query-input":{"@type":"PropertyValueSpecification","valueRequired":true,"valueName":"search_term_string"}}],"inLanguage":"es"},{"@type":"Organization","@id":"https:\/\/visionshare.org\/#organization","name":"Compartir visi\u00f3n","url":"https:\/\/visionshare.org\/","logo":{"@type":"ImageObject","inLanguage":"es","@id":"https:\/\/visionshare.org\/#\/schema\/logo\/image\/","url":"https:\/\/visionshare.org\/wp-content\/uploads\/cropped-cropped-cropped-VS_Your-trusted-source-logo-01-PNG.png","contentUrl":"https:\/\/visionshare.org\/wp-content\/uploads\/cropped-cropped-cropped-VS_Your-trusted-source-logo-01-PNG.png","width":1655,"height":861,"caption":"Vision Share"},"image":{"@id":"https:\/\/visionshare.org\/#\/schema\/logo\/image\/"},"sameAs":["https:\/\/www.facebook.com\/visionshareinc","https:\/\/x.com\/Vision_Share","https:\/\/www.linkedin.com\/company\/visionsshare\/"]}]}},"_links":{"self":[{"href":"https:\/\/visionshare.org\/es\/wp-json\/wp\/v2\/pages\/8144","targetHints":{"allow":["GET"]}}],"collection":[{"href":"https:\/\/visionshare.org\/es\/wp-json\/wp\/v2\/pages"}],"about":[{"href":"https:\/\/visionshare.org\/es\/wp-json\/wp\/v2\/types\/page"}],"author":[{"embeddable":true,"href":"https:\/\/visionshare.org\/es\/wp-json\/wp\/v2\/users\/1"}],"replies":[{"embeddable":true,"href":"https:\/\/visionshare.org\/es\/wp-json\/wp\/v2\/comments?post=8144"}],"version-history":[{"count":335,"href":"https:\/\/visionshare.org\/es\/wp-json\/wp\/v2\/pages\/8144\/revisions"}],"predecessor-version":[{"id":15060,"href":"https:\/\/visionshare.org\/es\/wp-json\/wp\/v2\/pages\/8144\/revisions\/15060"}],"wp:featuredmedia":[{"embeddable":true,"href":"https:\/\/visionshare.org\/es\/wp-json\/wp\/v2\/media\/8166"}],"wp:attachment":[{"href":"https:\/\/visionshare.org\/es\/wp-json\/wp\/v2\/media?parent=8144"}],"curies":[{"name":"wp","href":"https:\/\/api.w.org\/{rel}","templated":true}]}}