{"id":10951,"date":"2024-12-04T16:20:19","date_gmt":"2024-12-04T22:20:19","guid":{"rendered":"https:\/\/visionshare.org\/?page_id=10951"},"modified":"2025-10-10T09:13:48","modified_gmt":"2025-10-10T14:13:48","slug":"nouveau-formulaire-de-contact-pour-la-banque-des-yeux","status":"publish","type":"page","link":"https:\/\/visionshare.org\/fr\/new-eye-bank-contact-form\/","title":{"rendered":"Nouvelles banques d'yeux - Contactez-nous ici"},"content":{"rendered":"<h2 class=\"wp-block-heading has-text-align-center\"><strong>Nouveau formulaire de contact pour Eye Banks<\/strong><\/h2>\n\n\n\n<div>\n<iframe aria-label='Formulaire de contact de la New Eye Bank' frameborder=\"0\" style=\"height:1000px;width:99%;border:none;\" src='https:\/\/forms.zohopublic.com\/mhowellvisio1\/form\/NewEyeBankContactForm\/formperma\/05dyG_fdHfQqc4HhVPJZB6vJFXqBpHq5qOguCxh5siU'><\/iframe>\n<\/div>","protected":false},"excerpt":{"rendered":"<p>Nouveau formulaire de contact pour Eye Banks<\/p>","protected":false},"author":1,"featured_media":11013,"parent":0,"menu_order":0,"comment_status":"closed","ping_status":"closed","template":"","meta":{"_acf_changed":false,"footnotes":""},"class_list":["post-10951","page","type-page","status-publish","has-post-thumbnail"],"acf":[],"yoast_head":"<!-- This site is optimized with the Yoast SEO plugin v27.4 - https:\/\/yoast.com\/product\/yoast-seo-wordpress\/ -->\n<title>New Eye Banks - Contact Us Here - Vision Share<\/title>\n<meta name=\"description\" content=\"Are you a new eye bank interested in working with Vision Share? We&#039;d love to learn more about how we can support your operations. Get in touch\" \/>\n<meta name=\"robots\" content=\"noindex, follow\" \/>\n<meta property=\"og:locale\" content=\"fr_FR\" \/>\n<meta property=\"og:type\" content=\"article\" \/>\n<meta property=\"og:title\" content=\"New Eye Banks - Contact Us Here - Vision Share\" \/>\n<meta property=\"og:description\" content=\"Are you a new eye bank interested in working with Vision Share? We&#039;d love to learn more about how we can support your operations. Get in touch\" \/>\n<meta property=\"og:url\" content=\"https:\/\/visionshare.org\/fr\/nouveau-formulaire-de-contact-pour-la-banque-des-yeux\/\" \/>\n<meta property=\"og:site_name\" content=\"Vision Share\" \/>\n<meta property=\"article:publisher\" content=\"https:\/\/www.facebook.com\/visionshareinc\" \/>\n<meta property=\"article:modified_time\" content=\"2025-10-10T14:13:48+00:00\" \/>\n<meta property=\"og:image\" content=\"https:\/\/visionshare.org\/wp-content\/uploads\/tpb.jpg\" \/>\n\t<meta property=\"og:image:width\" content=\"1920\" \/>\n\t<meta property=\"og:image:height\" content=\"750\" \/>\n\t<meta property=\"og:image:type\" content=\"image\/jpeg\" \/>\n<meta name=\"twitter:card\" content=\"summary_large_image\" \/>\n<meta name=\"twitter:site\" content=\"@Vision_Share\" \/>\n<meta name=\"twitter:label1\" content=\"Dur\u00e9e de lecture estim\u00e9e\" \/>\n\t<meta name=\"twitter:data1\" content=\"1 minute\" \/>\n<script type=\"application\/ld+json\" class=\"yoast-schema-graph\">{\"@context\":\"https:\\\/\\\/schema.org\",\"@graph\":[{\"@type\":\"WebPage\",\"@id\":\"https:\\\/\\\/visionshare.org\\\/new-eye-bank-contact-form\\\/\",\"url\":\"https:\\\/\\\/visionshare.org\\\/new-eye-bank-contact-form\\\/\",\"name\":\"New Eye Banks - Contact Us Here - Vision Share\",\"isPartOf\":{\"@id\":\"https:\\\/\\\/visionshare.org\\\/#website\"},\"primaryImageOfPage\":{\"@id\":\"https:\\\/\\\/visionshare.org\\\/new-eye-bank-contact-form\\\/#primaryimage\"},\"image\":{\"@id\":\"https:\\\/\\\/visionshare.org\\\/new-eye-bank-contact-form\\\/#primaryimage\"},\"thumbnailUrl\":\"https:\\\/\\\/visionshare.org\\\/wp-content\\\/uploads\\\/tpb.jpg\",\"datePublished\":\"2024-12-04T22:20:19+00:00\",\"dateModified\":\"2025-10-10T14:13:48+00:00\",\"description\":\"Are you a new eye bank interested in working with Vision Share? We'd love to learn more about how we can support your operations. Get in touch\",\"breadcrumb\":{\"@id\":\"https:\\\/\\\/visionshare.org\\\/new-eye-bank-contact-form\\\/#breadcrumb\"},\"inLanguage\":\"fr-FR\",\"potentialAction\":[{\"@type\":\"ReadAction\",\"target\":[\"https:\\\/\\\/visionshare.org\\\/new-eye-bank-contact-form\\\/\"]}]},{\"@type\":\"ImageObject\",\"inLanguage\":\"fr-FR\",\"@id\":\"https:\\\/\\\/visionshare.org\\\/new-eye-bank-contact-form\\\/#primaryimage\",\"url\":\"https:\\\/\\\/visionshare.org\\\/wp-content\\\/uploads\\\/tpb.jpg\",\"contentUrl\":\"https:\\\/\\\/visionshare.org\\\/wp-content\\\/uploads\\\/tpb.jpg\",\"width\":1920,\"height\":750,\"caption\":\"Vision Share Team at Conference in Spain\"},{\"@type\":\"BreadcrumbList\",\"@id\":\"https:\\\/\\\/visionshare.org\\\/new-eye-bank-contact-form\\\/#breadcrumb\",\"itemListElement\":[{\"@type\":\"ListItem\",\"position\":1,\"name\":\"Home\",\"item\":\"https:\\\/\\\/visionshare.org\\\/\"},{\"@type\":\"ListItem\",\"position\":2,\"name\":\"New Eye Banks &#8211; Contact Us Here\"}]},{\"@type\":\"WebSite\",\"@id\":\"https:\\\/\\\/visionshare.org\\\/#website\",\"url\":\"https:\\\/\\\/visionshare.org\\\/\",\"name\":\"Vision Share\",\"description\":\"Your Trusted Source\",\"publisher\":{\"@id\":\"https:\\\/\\\/visionshare.org\\\/#organization\"},\"potentialAction\":[{\"@type\":\"SearchAction\",\"target\":{\"@type\":\"EntryPoint\",\"urlTemplate\":\"https:\\\/\\\/visionshare.org\\\/?s={search_term_string}\"},\"query-input\":{\"@type\":\"PropertyValueSpecification\",\"valueRequired\":true,\"valueName\":\"search_term_string\"}}],\"inLanguage\":\"fr-FR\"},{\"@type\":\"Organization\",\"@id\":\"https:\\\/\\\/visionshare.org\\\/#organization\",\"name\":\"Vision Share\",\"url\":\"https:\\\/\\\/visionshare.org\\\/\",\"logo\":{\"@type\":\"ImageObject\",\"inLanguage\":\"fr-FR\",\"@id\":\"https:\\\/\\\/visionshare.org\\\/#\\\/schema\\\/logo\\\/image\\\/\",\"url\":\"https:\\\/\\\/visionshare.org\\\/wp-content\\\/uploads\\\/cropped-cropped-cropped-VS_Your-trusted-source-logo-01-PNG.png\",\"contentUrl\":\"https:\\\/\\\/visionshare.org\\\/wp-content\\\/uploads\\\/cropped-cropped-cropped-VS_Your-trusted-source-logo-01-PNG.png\",\"width\":1655,\"height\":861,\"caption\":\"Vision Share\"},\"image\":{\"@id\":\"https:\\\/\\\/visionshare.org\\\/#\\\/schema\\\/logo\\\/image\\\/\"},\"sameAs\":[\"https:\\\/\\\/www.facebook.com\\\/visionshareinc\",\"https:\\\/\\\/x.com\\\/Vision_Share\",\"https:\\\/\\\/www.linkedin.com\\\/company\\\/visionsshare\\\/\"]}]}<\/script>\n<!-- \/ Yoast SEO plugin. -->","yoast_head_json":{"title":"Nouvelles banques d'yeux - Contactez-nous - Vision Share","description":"\u00cates-vous une banque d\u2019yeux int\u00e9ress\u00e9e \u00e0 collaborer avec Vision Share ? D\u00e9couvrez comment nous pouvons vous soutenir. Contactez-nous!","robots":{"index":"noindex","follow":"follow"},"og_locale":"fr_FR","og_type":"article","og_title":"New Eye Banks - Contact Us Here - Vision Share","og_description":"Are you a new eye bank interested in working with Vision Share? We'd love to learn more about how we can support your operations. Get in touch","og_url":"https:\/\/visionshare.org\/fr\/nouveau-formulaire-de-contact-pour-la-banque-des-yeux\/","og_site_name":"Vision Share","article_publisher":"https:\/\/www.facebook.com\/visionshareinc","article_modified_time":"2025-10-10T14:13:48+00:00","og_image":[{"width":1920,"height":750,"url":"https:\/\/visionshare.org\/wp-content\/uploads\/tpb.jpg","type":"image\/jpeg"}],"twitter_card":"summary_large_image","twitter_site":"@Vision_Share","twitter_misc":{"Dur\u00e9e de lecture estim\u00e9e":"1 minute"},"schema":{"@context":"https:\/\/schema.org","@graph":[{"@type":"WebPage","@id":"https:\/\/visionshare.org\/new-eye-bank-contact-form\/","url":"https:\/\/visionshare.org\/new-eye-bank-contact-form\/","name":"Nouvelles banques d'yeux - Contactez-nous - Vision Share","isPartOf":{"@id":"https:\/\/visionshare.org\/#website"},"primaryImageOfPage":{"@id":"https:\/\/visionshare.org\/new-eye-bank-contact-form\/#primaryimage"},"image":{"@id":"https:\/\/visionshare.org\/new-eye-bank-contact-form\/#primaryimage"},"thumbnailUrl":"https:\/\/visionshare.org\/wp-content\/uploads\/tpb.jpg","datePublished":"2024-12-04T22:20:19+00:00","dateModified":"2025-10-10T14:13:48+00:00","description":"\u00cates-vous une banque d\u2019yeux int\u00e9ress\u00e9e \u00e0 collaborer avec Vision Share ? D\u00e9couvrez comment nous pouvons vous soutenir. Contactez-nous!","breadcrumb":{"@id":"https:\/\/visionshare.org\/new-eye-bank-contact-form\/#breadcrumb"},"inLanguage":"fr-FR","potentialAction":[{"@type":"ReadAction","target":["https:\/\/visionshare.org\/new-eye-bank-contact-form\/"]}]},{"@type":"ImageObject","inLanguage":"fr-FR","@id":"https:\/\/visionshare.org\/new-eye-bank-contact-form\/#primaryimage","url":"https:\/\/visionshare.org\/wp-content\/uploads\/tpb.jpg","contentUrl":"https:\/\/visionshare.org\/wp-content\/uploads\/tpb.jpg","width":1920,"height":750,"caption":"Vision Share Team at Conference in Spain"},{"@type":"BreadcrumbList","@id":"https:\/\/visionshare.org\/new-eye-bank-contact-form\/#breadcrumb","itemListElement":[{"@type":"ListItem","position":1,"name":"Home","item":"https:\/\/visionshare.org\/"},{"@type":"ListItem","position":2,"name":"New Eye Banks &#8211; Contact Us Here"}]},{"@type":"WebSite","@id":"https:\/\/visionshare.org\/#website","url":"https:\/\/visionshare.org\/","name":"Vision Share","description":"Votre source de confiance","publisher":{"@id":"https:\/\/visionshare.org\/#organization"},"potentialAction":[{"@type":"SearchAction","target":{"@type":"EntryPoint","urlTemplate":"https:\/\/visionshare.org\/?s={search_term_string}"},"query-input":{"@type":"PropertyValueSpecification","valueRequired":true,"valueName":"search_term_string"}}],"inLanguage":"fr-FR"},{"@type":"Organization","@id":"https:\/\/visionshare.org\/#organization","name":"Vision Share","url":"https:\/\/visionshare.org\/","logo":{"@type":"ImageObject","inLanguage":"fr-FR","@id":"https:\/\/visionshare.org\/#\/schema\/logo\/image\/","url":"https:\/\/visionshare.org\/wp-content\/uploads\/cropped-cropped-cropped-VS_Your-trusted-source-logo-01-PNG.png","contentUrl":"https:\/\/visionshare.org\/wp-content\/uploads\/cropped-cropped-cropped-VS_Your-trusted-source-logo-01-PNG.png","width":1655,"height":861,"caption":"Vision Share"},"image":{"@id":"https:\/\/visionshare.org\/#\/schema\/logo\/image\/"},"sameAs":["https:\/\/www.facebook.com\/visionshareinc","https:\/\/x.com\/Vision_Share","https:\/\/www.linkedin.com\/company\/visionsshare\/"]}]}},"_links":{"self":[{"href":"https:\/\/visionshare.org\/fr\/wp-json\/wp\/v2\/pages\/10951","targetHints":{"allow":["GET"]}}],"collection":[{"href":"https:\/\/visionshare.org\/fr\/wp-json\/wp\/v2\/pages"}],"about":[{"href":"https:\/\/visionshare.org\/fr\/wp-json\/wp\/v2\/types\/page"}],"author":[{"embeddable":true,"href":"https:\/\/visionshare.org\/fr\/wp-json\/wp\/v2\/users\/1"}],"replies":[{"embeddable":true,"href":"https:\/\/visionshare.org\/fr\/wp-json\/wp\/v2\/comments?post=10951"}],"version-history":[{"count":8,"href":"https:\/\/visionshare.org\/fr\/wp-json\/wp\/v2\/pages\/10951\/revisions"}],"predecessor-version":[{"id":13113,"href":"https:\/\/visionshare.org\/fr\/wp-json\/wp\/v2\/pages\/10951\/revisions\/13113"}],"wp:featuredmedia":[{"embeddable":true,"href":"https:\/\/visionshare.org\/fr\/wp-json\/wp\/v2\/media\/11013"}],"wp:attachment":[{"href":"https:\/\/visionshare.org\/fr\/wp-json\/wp\/v2\/media?parent=10951"}],"curies":[{"name":"wp","href":"https:\/\/api.w.org\/{rel}","templated":true}]}}