{"id":11741,"date":"2025-04-23T09:11:50","date_gmt":"2025-04-23T14:11:50","guid":{"rendered":"https:\/\/visionshare.org\/?page_id=11741"},"modified":"2026-04-03T14:05:10","modified_gmt":"2026-04-03T19:05:10","slug":"lettres-dinformation-visionshare","status":"publish","type":"page","link":"https:\/\/visionshare.org\/fr\/visionshare-newsletters\/","title":{"rendered":"Lisez The INSIDER"},"content":{"rendered":"<div class=\"gbp-section gb-element-cd935cdc\">\n<div class=\"gbp-section__inner gb-element-71317de1\">\n<div class=\"gb-element-d4cda5c4\">\n<p class=\"gb-text gbp-section__tagline gb-text-232f0ac4\">Vision Share<\/p>\n\n\n\n<h2 class=\"gb-text gbp-section__headline gb-text-af17c7b3\">Lisez The INSIDER<\/h2>\n\n\n\n<p class=\"gb-text gbp-section__text gb-text-2f615d48\">Vision Share a publi\u00e9 son \u00e9dition du T1 2026 de son bulletin d'information trimestriel, <span style=\"color:#7f1332;\">Lisez The INSIDER<\/span>. D\u00e9couvrez ce qui se passe \u00e0 Vision Share et ce que font les membres de notre banque d'yeux.<\/p>\n\n\n\n<div class=\"gb-element-2aa50f61\">\n<a class=\"gb-text gb-text-0d974f75\" href=\"https:\/\/visionshare.org\/fr\/linitie-volume-2-edition-1\/\"><strong>Lire The INSIDER<\/strong><\/a>\n\n\n\n<a class=\"gb-text gbp-button--secondary gb-text-d04abb1d\" href=\"https:\/\/visionshare.org\/wp-content\/uploads\/Q12026TheINSIDER.pdf\" target=\"_blank\" rel=\"noopener\"><strong>Lire la version PDF<\/strong><\/a>\n<\/div>\n<\/div>\n\n\n\n<div><div class=\"wp-block-image\">\n<figure class=\"aligncenter size-large is-resized\"><a href=\"https:\/\/visionshare.org\/wp-content\/uploads\/Q12026TheINSIDER.pdf\"><img loading=\"lazy\" decoding=\"async\" width=\"791\" height=\"1024\" src=\"https:\/\/visionshare.org\/wp-content\/uploads\/Q12026TheINSIDER-791x1024.jpg\" alt=\"\" class=\"wp-image-15750\" style=\"width:372px;height:auto\" srcset=\"https:\/\/visionshare.org\/wp-content\/uploads\/Q12026TheINSIDER-791x1024.jpg 791w, https:\/\/visionshare.org\/wp-content\/uploads\/Q12026TheINSIDER-232x300.jpg 232w, https:\/\/visionshare.org\/wp-content\/uploads\/Q12026TheINSIDER-768x994.jpg 768w, https:\/\/visionshare.org\/wp-content\/uploads\/Q12026TheINSIDER-1187x1536.jpg 1187w, https:\/\/visionshare.org\/wp-content\/uploads\/Q12026TheINSIDER-9x12.jpg 9w, https:\/\/visionshare.org\/wp-content\/uploads\/Q12026TheINSIDER.jpg 1352w\" sizes=\"auto, (max-width: 791px) 100vw, 791px\" \/><\/a><\/figure>\n<\/div><\/div>\n<\/div>\n<\/div>\n\n\n\n<h2 class=\"gb-text gb-text-287ec891\">Editions pr\u00e9c\u00e9dentes<\/h2>\n\n\n\n<div class=\"gb-element-677fec41\">\n<div class=\"gb-element-8a4f41f3\">\n<h2 class=\"gb-text gbp-section__headline gb-text-fba13372\">T4 2025 L'INSIDER<\/h2>\n\n\n\n<figure class=\"wp-block-image size-full is-resized\"><img loading=\"lazy\" decoding=\"async\" width=\"1545\" height=\"2000\" src=\"https:\/\/visionshare.org\/wp-content\/uploads\/Q42025-VisionShare-TheINSIDER-final.webp\" alt=\"\" class=\"wp-image-14309\" style=\"width:300px\" srcset=\"https:\/\/visionshare.org\/wp-content\/uploads\/Q42025-VisionShare-TheINSIDER-final.webp 1545w, https:\/\/visionshare.org\/wp-content\/uploads\/Q42025-VisionShare-TheINSIDER-final-232x300.webp 232w, https:\/\/visionshare.org\/wp-content\/uploads\/Q42025-VisionShare-TheINSIDER-final-791x1024.webp 791w, https:\/\/visionshare.org\/wp-content\/uploads\/Q42025-VisionShare-TheINSIDER-final-768x994.webp 768w, https:\/\/visionshare.org\/wp-content\/uploads\/Q42025-VisionShare-TheINSIDER-final-1187x1536.webp 1187w, https:\/\/visionshare.org\/wp-content\/uploads\/Q42025-VisionShare-TheINSIDER-final-9x12.webp 9w\" sizes=\"auto, (max-width: 1545px) 100vw, 1545px\" \/><\/figure>\n\n\n\n<div class=\"gb-element-b91946a8\">\n<p class=\"has-text-align-center\"><a href=\"https:\/\/visionshare.org\/wp-content\/uploads\/VSQ42025TheINSIDER.pdf\">Lire la version PDF<\/a><\/p>\n\n\n\n<p class=\"has-text-align-center\"><a href=\"https:\/\/visionshare.org\/fr\/linitie-volume-1-edition-1\/\">Lire The INSIDER<\/a><\/p>\n<\/div>\n<\/div>\n\n\n\n<div class=\"gb-element-7382b8f1\">\n<h2 class=\"gb-text gbp-section__headline gb-text-d4d7eeb9\">Q3 2025 L'INSIDER<\/h2>\n\n\n\n<figure class=\"wp-block-image size-full is-resized\"><img loading=\"lazy\" decoding=\"async\" width=\"1545\" height=\"2000\" src=\"https:\/\/visionshare.org\/wp-content\/uploads\/VisionShare-TheINSIDER-Q32025.jpg\" alt=\"\" class=\"wp-image-14054\" style=\"width:300px\" srcset=\"https:\/\/visionshare.org\/wp-content\/uploads\/VisionShare-TheINSIDER-Q32025.jpg 1545w, https:\/\/visionshare.org\/wp-content\/uploads\/VisionShare-TheINSIDER-Q32025-232x300.jpg 232w, https:\/\/visionshare.org\/wp-content\/uploads\/VisionShare-TheINSIDER-Q32025-791x1024.jpg 791w, https:\/\/visionshare.org\/wp-content\/uploads\/VisionShare-TheINSIDER-Q32025-768x994.jpg 768w, https:\/\/visionshare.org\/wp-content\/uploads\/VisionShare-TheINSIDER-Q32025-1187x1536.jpg 1187w, https:\/\/visionshare.org\/wp-content\/uploads\/VisionShare-TheINSIDER-Q32025-9x12.jpg 9w\" sizes=\"auto, (max-width: 1545px) 100vw, 1545px\" \/><\/figure>\n\n\n\n<div class=\"gb-element-f1bff541\">\n<p class=\"has-text-align-center\"><a href=\"https:\/\/visionshare.org\/wp-content\/uploads\/Q32025-VisionShare-TheINSIDER.pdf\">Lire la version PDF<\/a><\/p>\n\n\n\n<p class=\"has-text-align-center\"><a href=\"https:\/\/visionshare.org\/fr\/linitie-volume-1-edition-3\/\">Lire The INSIDER<\/a><\/p>\n<\/div>\n<\/div>\n\n\n\n<div class=\"gb-element-82893b27\">\n<h2 class=\"gb-text gbp-section__headline gb-text-5e023899\">Q2 2025 L'INSIDER<\/h2>\n\n\n\n<figure class=\"wp-block-image size-full is-resized\"><a href=\"https:\/\/visionshare.org\/wp-content\/uploads\/Visionshare-TheINSIDER-Q2-2025.pdf\"><img loading=\"lazy\" decoding=\"async\" width=\"1200\" height=\"1551\" src=\"https:\/\/visionshare.org\/wp-content\/uploads\/Visionshare-q2-2025-theinsider.jpg\" alt=\"Vision Share Q2 2025 Image d&#039;initi\u00e9\" class=\"wp-image-13619\" style=\"width:300px\" srcset=\"https:\/\/visionshare.org\/wp-content\/uploads\/Visionshare-q2-2025-theinsider.jpg 1200w, https:\/\/visionshare.org\/wp-content\/uploads\/Visionshare-q2-2025-theinsider-232x300.jpg 232w, https:\/\/visionshare.org\/wp-content\/uploads\/Visionshare-q2-2025-theinsider-792x1024.jpg 792w, https:\/\/visionshare.org\/wp-content\/uploads\/Visionshare-q2-2025-theinsider-768x993.jpg 768w, https:\/\/visionshare.org\/wp-content\/uploads\/Visionshare-q2-2025-theinsider-1188x1536.jpg 1188w\" sizes=\"auto, (max-width: 1200px) 100vw, 1200px\" \/><\/a><\/figure>\n\n\n\n<div class=\"gb-element-a02633d5\">\n<p class=\"has-text-align-center\"><a href=\"https:\/\/visionshare.org\/wp-content\/uploads\/Visionshare-TheINSIDER-Q2-2025.pdf\">Lire la version PDF<\/a><\/p>\n\n\n\n<p class=\"has-text-align-center\"><a href=\"https:\/\/visionshare.org\/fr\/linitie-volume-1-edition-2\/\">Lire The INSIDER<\/a><\/p>\n<\/div>\n<\/div>\n\n\n\n<div class=\"gb-element-0038890e\">\n<h2 class=\"gb-text gbp-section__headline gb-text-0a57e44f\">Q1 2025 L'INSIDER<\/h2>\n\n\n\n<figure class=\"wp-block-image size-full is-resized\"><a href=\"https:\/\/visionshare.org\/wp-content\/uploads\/Vision-Share_TheINSIDERQ12025.pdf\"><img loading=\"lazy\" decoding=\"async\" width=\"540\" height=\"704\" src=\"https:\/\/visionshare.org\/wp-content\/uploads\/insiderq12025.png\" alt=\"Vision Share Q1 2025 - La lettre d&#039;information INSIDER\" class=\"wp-image-11770\" style=\"width:300px\" srcset=\"https:\/\/visionshare.org\/wp-content\/uploads\/insiderq12025.png 540w, https:\/\/visionshare.org\/wp-content\/uploads\/insiderq12025-230x300.png 230w\" sizes=\"auto, (max-width: 540px) 100vw, 540px\" \/><\/a><\/figure>\n\n\n\n<div class=\"gb-element-debaa56f\">\n<p class=\"has-text-align-center\"><a href=\"https:\/\/visionshare.org\/wp-content\/uploads\/Vision-Share_TheINSIDERQ12025.pdf\">Lire la version PDF<\/a><\/p>\n\n\n\n<p class=\"has-text-align-center\"><a href=\"https:\/\/visionshare.org\/fr\/linitie-volume-1-edition-1\/\">Lire The INSIDER<\/a><\/p>\n<\/div>\n<\/div>\n<\/div>\n\n\n\n<p><\/p>","protected":false},"excerpt":{"rendered":"<p>Vision Share The INSIDER Vision Share released it&#8217;s Q1 2026 edition of it&#8217;s quarterly newsletter, The INSIDER. Discover what&#8217;s happening at Vision Share and what &#8230; <a title=\"Lisez The INSIDER\" class=\"read-more\" href=\"https:\/\/visionshare.org\/fr\/visionshare-newsletters\/\" aria-label=\"En savoir plus sur The INSIDER\">Lire plus<\/a><\/p>","protected":false},"author":1,"featured_media":15747,"parent":0,"menu_order":0,"comment_status":"closed","ping_status":"closed","template":"","meta":{"_acf_changed":false,"footnotes":""},"class_list":["post-11741","page","type-page","status-publish","has-post-thumbnail"],"acf":[],"yoast_head":"<!-- This site is optimized with the Yoast SEO plugin v27.4 - https:\/\/yoast.com\/product\/yoast-seo-wordpress\/ -->\n<title>The INSIDER | Vision Share&#039;s Quarterly Newsletter<\/title>\n<meta name=\"description\" content=\"Read the latest version of The INSIDER, Vision Share&#039;s quarterly newsletter here. Have a story you think we should include in our next issue. Get in touch.\" \/>\n<meta name=\"robots\" content=\"index, follow, max-snippet:-1, max-image-preview:large, max-video-preview:-1\" \/>\n<link rel=\"canonical\" href=\"https:\/\/visionshare.org\/fr\/lettres-dinformation-visionshare\/\" \/>\n<meta property=\"og:locale\" content=\"fr_FR\" \/>\n<meta property=\"og:type\" content=\"article\" \/>\n<meta property=\"og:title\" content=\"The INSIDER | Vision Share&#039;s Quarterly Newsletter\" \/>\n<meta property=\"og:description\" content=\"Read the latest version of The INSIDER, Vision Share&#039;s quarterly newsletter here. Have a story you think we should include in our next issue. Get in touch.\" \/>\n<meta property=\"og:url\" content=\"https:\/\/visionshare.org\/fr\/lettres-dinformation-visionshare\/\" \/>\n<meta property=\"og:site_name\" content=\"Vision Share\" \/>\n<meta property=\"article:publisher\" content=\"https:\/\/www.facebook.com\/visionshareinc\" \/>\n<meta property=\"article:modified_time\" content=\"2026-04-03T19:05:10+00:00\" \/>\n<meta property=\"og:image\" content=\"https:\/\/visionshare.org\/wp-content\/uploads\/INSIDERheaderq12026.jpg\" \/>\n\t<meta property=\"og:image:width\" content=\"2000\" \/>\n\t<meta property=\"og:image:height\" content=\"824\" \/>\n\t<meta property=\"og:image:type\" content=\"image\/jpeg\" \/>\n<meta name=\"twitter:card\" content=\"summary_large_image\" \/>\n<meta name=\"twitter:site\" content=\"@Vision_Share\" \/>\n<meta name=\"twitter:label1\" content=\"Dur\u00e9e de lecture estim\u00e9e\" \/>\n\t<meta name=\"twitter:data1\" content=\"2 minutes\" \/>\n<script type=\"application\/ld+json\" class=\"yoast-schema-graph\">{\"@context\":\"https:\\\/\\\/schema.org\",\"@graph\":[{\"@type\":\"WebPage\",\"@id\":\"https:\\\/\\\/visionshare.org\\\/visionshare-newsletters\\\/\",\"url\":\"https:\\\/\\\/visionshare.org\\\/visionshare-newsletters\\\/\",\"name\":\"The INSIDER | Vision Share's Quarterly Newsletter\",\"isPartOf\":{\"@id\":\"https:\\\/\\\/visionshare.org\\\/#website\"},\"primaryImageOfPage\":{\"@id\":\"https:\\\/\\\/visionshare.org\\\/visionshare-newsletters\\\/#primaryimage\"},\"image\":{\"@id\":\"https:\\\/\\\/visionshare.org\\\/visionshare-newsletters\\\/#primaryimage\"},\"thumbnailUrl\":\"https:\\\/\\\/visionshare.org\\\/wp-content\\\/uploads\\\/INSIDERheaderq12026.jpg\",\"datePublished\":\"2025-04-23T14:11:50+00:00\",\"dateModified\":\"2026-04-03T19:05:10+00:00\",\"description\":\"Read the latest version of The INSIDER, Vision Share's quarterly newsletter here. Have a story you think we should include in our next issue. Get in touch.\",\"breadcrumb\":{\"@id\":\"https:\\\/\\\/visionshare.org\\\/visionshare-newsletters\\\/#breadcrumb\"},\"inLanguage\":\"fr-FR\",\"potentialAction\":[{\"@type\":\"ReadAction\",\"target\":[\"https:\\\/\\\/visionshare.org\\\/visionshare-newsletters\\\/\"]}]},{\"@type\":\"ImageObject\",\"inLanguage\":\"fr-FR\",\"@id\":\"https:\\\/\\\/visionshare.org\\\/visionshare-newsletters\\\/#primaryimage\",\"url\":\"https:\\\/\\\/visionshare.org\\\/wp-content\\\/uploads\\\/INSIDERheaderq12026.jpg\",\"contentUrl\":\"https:\\\/\\\/visionshare.org\\\/wp-content\\\/uploads\\\/INSIDERheaderq12026.jpg\",\"width\":2000,\"height\":824},{\"@type\":\"BreadcrumbList\",\"@id\":\"https:\\\/\\\/visionshare.org\\\/visionshare-newsletters\\\/#breadcrumb\",\"itemListElement\":[{\"@type\":\"ListItem\",\"position\":1,\"name\":\"Home\",\"item\":\"https:\\\/\\\/visionshare.org\\\/\"},{\"@type\":\"ListItem\",\"position\":2,\"name\":\"The INSIDER\"}]},{\"@type\":\"WebSite\",\"@id\":\"https:\\\/\\\/visionshare.org\\\/#website\",\"url\":\"https:\\\/\\\/visionshare.org\\\/\",\"name\":\"Vision Share\",\"description\":\"Your Trusted Source\",\"publisher\":{\"@id\":\"https:\\\/\\\/visionshare.org\\\/#organization\"},\"potentialAction\":[{\"@type\":\"SearchAction\",\"target\":{\"@type\":\"EntryPoint\",\"urlTemplate\":\"https:\\\/\\\/visionshare.org\\\/?s={search_term_string}\"},\"query-input\":{\"@type\":\"PropertyValueSpecification\",\"valueRequired\":true,\"valueName\":\"search_term_string\"}}],\"inLanguage\":\"fr-FR\"},{\"@type\":\"Organization\",\"@id\":\"https:\\\/\\\/visionshare.org\\\/#organization\",\"name\":\"Vision Share\",\"url\":\"https:\\\/\\\/visionshare.org\\\/\",\"logo\":{\"@type\":\"ImageObject\",\"inLanguage\":\"fr-FR\",\"@id\":\"https:\\\/\\\/visionshare.org\\\/#\\\/schema\\\/logo\\\/image\\\/\",\"url\":\"https:\\\/\\\/visionshare.org\\\/wp-content\\\/uploads\\\/cropped-cropped-cropped-VS_Your-trusted-source-logo-01-PNG.png\",\"contentUrl\":\"https:\\\/\\\/visionshare.org\\\/wp-content\\\/uploads\\\/cropped-cropped-cropped-VS_Your-trusted-source-logo-01-PNG.png\",\"width\":1655,\"height\":861,\"caption\":\"Vision Share\"},\"image\":{\"@id\":\"https:\\\/\\\/visionshare.org\\\/#\\\/schema\\\/logo\\\/image\\\/\"},\"sameAs\":[\"https:\\\/\\\/www.facebook.com\\\/visionshareinc\",\"https:\\\/\\\/x.com\\\/Vision_Share\",\"https:\\\/\\\/www.linkedin.com\\\/company\\\/visionsshare\\\/\"]}]}<\/script>\n<!-- \/ Yoast SEO plugin. -->","yoast_head_json":{"title":"The INSIDER | Bulletin trimestriel de Vision Share","description":"Lisez la derni\u00e8re \u00e9dition de The INSIDER, la newsletter de Vision Share. Une histoire \u00e0 partager pour le prochain num\u00e9ro ? Contactez-nous","robots":{"index":"index","follow":"follow","max-snippet":"max-snippet:-1","max-image-preview":"max-image-preview:large","max-video-preview":"max-video-preview:-1"},"canonical":"https:\/\/visionshare.org\/fr\/lettres-dinformation-visionshare\/","og_locale":"fr_FR","og_type":"article","og_title":"The INSIDER | Vision Share's Quarterly Newsletter","og_description":"Read the latest version of The INSIDER, Vision Share's quarterly newsletter here. Have a story you think we should include in our next issue. Get in touch.","og_url":"https:\/\/visionshare.org\/fr\/lettres-dinformation-visionshare\/","og_site_name":"Vision Share","article_publisher":"https:\/\/www.facebook.com\/visionshareinc","article_modified_time":"2026-04-03T19:05:10+00:00","og_image":[{"width":2000,"height":824,"url":"https:\/\/visionshare.org\/wp-content\/uploads\/INSIDERheaderq12026.jpg","type":"image\/jpeg"}],"twitter_card":"summary_large_image","twitter_site":"@Vision_Share","twitter_misc":{"Dur\u00e9e de lecture estim\u00e9e":"2 minutes"},"schema":{"@context":"https:\/\/schema.org","@graph":[{"@type":"WebPage","@id":"https:\/\/visionshare.org\/visionshare-newsletters\/","url":"https:\/\/visionshare.org\/visionshare-newsletters\/","name":"The INSIDER | Bulletin trimestriel de Vision Share","isPartOf":{"@id":"https:\/\/visionshare.org\/#website"},"primaryImageOfPage":{"@id":"https:\/\/visionshare.org\/visionshare-newsletters\/#primaryimage"},"image":{"@id":"https:\/\/visionshare.org\/visionshare-newsletters\/#primaryimage"},"thumbnailUrl":"https:\/\/visionshare.org\/wp-content\/uploads\/INSIDERheaderq12026.jpg","datePublished":"2025-04-23T14:11:50+00:00","dateModified":"2026-04-03T19:05:10+00:00","description":"Lisez la derni\u00e8re \u00e9dition de The INSIDER, la newsletter de Vision Share. Une histoire \u00e0 partager pour le prochain num\u00e9ro ? Contactez-nous","breadcrumb":{"@id":"https:\/\/visionshare.org\/visionshare-newsletters\/#breadcrumb"},"inLanguage":"fr-FR","potentialAction":[{"@type":"ReadAction","target":["https:\/\/visionshare.org\/visionshare-newsletters\/"]}]},{"@type":"ImageObject","inLanguage":"fr-FR","@id":"https:\/\/visionshare.org\/visionshare-newsletters\/#primaryimage","url":"https:\/\/visionshare.org\/wp-content\/uploads\/INSIDERheaderq12026.jpg","contentUrl":"https:\/\/visionshare.org\/wp-content\/uploads\/INSIDERheaderq12026.jpg","width":2000,"height":824},{"@type":"BreadcrumbList","@id":"https:\/\/visionshare.org\/visionshare-newsletters\/#breadcrumb","itemListElement":[{"@type":"ListItem","position":1,"name":"Home","item":"https:\/\/visionshare.org\/"},{"@type":"ListItem","position":2,"name":"The INSIDER"}]},{"@type":"WebSite","@id":"https:\/\/visionshare.org\/#website","url":"https:\/\/visionshare.org\/","name":"Vision Share","description":"Votre source de confiance","publisher":{"@id":"https:\/\/visionshare.org\/#organization"},"potentialAction":[{"@type":"SearchAction","target":{"@type":"EntryPoint","urlTemplate":"https:\/\/visionshare.org\/?s={search_term_string}"},"query-input":{"@type":"PropertyValueSpecification","valueRequired":true,"valueName":"search_term_string"}}],"inLanguage":"fr-FR"},{"@type":"Organization","@id":"https:\/\/visionshare.org\/#organization","name":"Vision Share","url":"https:\/\/visionshare.org\/","logo":{"@type":"ImageObject","inLanguage":"fr-FR","@id":"https:\/\/visionshare.org\/#\/schema\/logo\/image\/","url":"https:\/\/visionshare.org\/wp-content\/uploads\/cropped-cropped-cropped-VS_Your-trusted-source-logo-01-PNG.png","contentUrl":"https:\/\/visionshare.org\/wp-content\/uploads\/cropped-cropped-cropped-VS_Your-trusted-source-logo-01-PNG.png","width":1655,"height":861,"caption":"Vision Share"},"image":{"@id":"https:\/\/visionshare.org\/#\/schema\/logo\/image\/"},"sameAs":["https:\/\/www.facebook.com\/visionshareinc","https:\/\/x.com\/Vision_Share","https:\/\/www.linkedin.com\/company\/visionsshare\/"]}]}},"_links":{"self":[{"href":"https:\/\/visionshare.org\/fr\/wp-json\/wp\/v2\/pages\/11741","targetHints":{"allow":["GET"]}}],"collection":[{"href":"https:\/\/visionshare.org\/fr\/wp-json\/wp\/v2\/pages"}],"about":[{"href":"https:\/\/visionshare.org\/fr\/wp-json\/wp\/v2\/types\/page"}],"author":[{"embeddable":true,"href":"https:\/\/visionshare.org\/fr\/wp-json\/wp\/v2\/users\/1"}],"replies":[{"embeddable":true,"href":"https:\/\/visionshare.org\/fr\/wp-json\/wp\/v2\/comments?post=11741"}],"version-history":[{"count":115,"href":"https:\/\/visionshare.org\/fr\/wp-json\/wp\/v2\/pages\/11741\/revisions"}],"predecessor-version":[{"id":15806,"href":"https:\/\/visionshare.org\/fr\/wp-json\/wp\/v2\/pages\/11741\/revisions\/15806"}],"wp:featuredmedia":[{"embeddable":true,"href":"https:\/\/visionshare.org\/fr\/wp-json\/wp\/v2\/media\/15747"}],"wp:attachment":[{"href":"https:\/\/visionshare.org\/fr\/wp-json\/wp\/v2\/media?parent=11741"}],"curies":[{"name":"wp","href":"https:\/\/api.w.org\/{rel}","templated":true}]}}