{"id":12185,"date":"2025-05-14T07:53:42","date_gmt":"2025-05-14T12:53:42","guid":{"rendered":"https:\/\/visionshare.org\/?page_id=12185"},"modified":"2026-04-10T09:20:00","modified_gmt":"2026-04-10T14:20:00","slug":"keranatural","status":"publish","type":"page","link":"https:\/\/visionshare.org\/fr\/keranatural\/","title":{"rendered":"KeraNatural - Tissu corn\u00e9en st\u00e9rile pr\u00eat pour la greffe"},"content":{"rendered":"<div class=\"gb-container gb-container-a1aa1fe9 alignfull\">\n<div class=\"gb-container gb-container-66d5b9c8 alignfull gbp-section\">\n<div class=\"gb-container gb-container-4d2390ca alignfull gbp-section__inner\">\n<div class=\"gb-container gb-container-c91ed29b alignfull\">\n\n<h1 class=\"gb-headline gb-headline-eb9520d3 gb-headline-text gbp-section__headline\">KeraNatural - Tissu corn\u00e9en st\u00e9rile pr\u00eat pour la greffe<\/h1>\n\n<\/div>\n<\/div>\n\n\n<p class=\"gb-text\">La solution innovante d'allogreffe pour une transplantation corn\u00e9enne s\u00fbre et efficace.<\/p>\n\n\n\n<div class=\"gb-element-ce9736e1\">\n<a class=\"gb-text gbp-button--primary gb-text-5332b989\" href=\"\/fr\/procedure-de-caires-naturelles\/\">Nouveau sur CAIRS ? En savoir plus<\/a>\n\n\n\n<a class=\"gb-text gbp-button--primary gb-text-388332a6\" href=\"#surgicalplan\">Plan de traitement chirurgical (formulaire de demande)<\/a>\n<\/div>\n\n<\/div>\n<div class=\"gb-shapes\"><div class=\"gb-shape gb-shape-1\"><svg xmlns=\"http:\/\/www.w3.org\/2000\/svg\" viewbox=\"0 0 1200 194.3\" preserveaspectratio=\"none\"><path d=\"M1200 133.3l-50 8.9c-50 8.6-150 26.9-250 31.1-100 4.2-200-4.2-300-26.7S400 89.2 300 62.2C200 35.8 100 17.5 50 8.9L0 0v194.3h1200v-61z\"\/><\/svg><\/div><\/div><\/div>\n\n\n<div class=\"gbp-section gb-element-806f2068\">\n<div class=\"gb-element-c1bfef5c\">\n<h2 class=\"gb-text gbp-section__headline gb-text-32bfaaf3\">Pourquoi choisir KeraNatural ?<\/h2>\n\n\n\n<div class=\"gb-element-5447f255\">\n<h4 class=\"gb-text gbp-section__headline\">Int\u00e9gration naturelle<\/h4>\n\n\n\n<p class=\"gb-text gbp-section__text\">Utilise du tissu corn\u00e9en humain, ce qui r\u00e9duit le risque de rejet et d'extrusion par rapport aux options synth\u00e9tiques.<\/p>\n\n\n\n<h4 class=\"gb-text gbp-section__headline\">Peu invasif<\/h4>\n\n\n\n<p class=\"gb-text gbp-section__text\">Il s'agit d'une alternative aux greffes de corn\u00e9e de pleine \u00e9paisseur, qui permet de pr\u00e9server une plus grande partie de la corn\u00e9e naturelle du patient.&nbsp;<\/p>\n\n\n\n<h4 class=\"gb-text gbp-section__headline\">St\u00e9rile et durable<\/h4>\n\n\n\n<p class=\"gb-text gbp-section__text\">St\u00e9rilis\u00e9 par faisceau d'\u00e9lectrons avec une dur\u00e9e de conservation de deux ans, ce qui garantit la s\u00e9curit\u00e9 et la disponibilit\u00e9.<\/p>\n\n\n\n<h4 class=\"gb-text gbp-section__headline\">Des options polyvalentes<\/h4>\n\n\n\n<p class=\"gb-text gbp-section__text\">KeraNatural\u00ae est disponible en diff\u00e9rentes tailles et \u00e9paisseurs pour r\u00e9pondre aux besoins individuels des patients.<\/p>\n<\/div>\n<\/div>\n\n\n\n<span class=\"gb-shape gb-shape-3b740c9f gb-shape--divider\"><svg xmlns=\"http:\/\/www.w3.org\/2000\/svg\" viewbox=\"0 0 1200 194.3\" preserveaspectratio=\"none\"><path d=\"M1200 133.3l-50 8.9c-50 8.6-150 26.9-250 31.1-100 4.2-200-4.2-300-26.7S400 89.2 300 62.2C200 35.8 100 17.5 50 8.9L0 0v194.3h1200v-61z\"><\/path><\/svg><\/span>\n<\/div>\n\n\n\n<div class=\"gbp-section gb-element-e4765385\">\n<div class=\"gbp-section__inner gb-element-39555edb\">\n<div>\n<h2 class=\"gb-text gbp-section__headline\">Comment fonctionne KeraNatural ?<\/h2>\n\n\n\n<figure class=\"wp-block-image size-large is-resized\"><img loading=\"lazy\" decoding=\"async\" width=\"1024\" height=\"576\" src=\"https:\/\/visionshare.org\/wp-content\/uploads\/KN-arc-illustration-1024x576.jpg\" alt=\"KeraArc naturel\" class=\"wp-image-12189\" style=\"object-fit:cover;width:560px;height:315px\" srcset=\"https:\/\/visionshare.org\/wp-content\/uploads\/KN-arc-illustration-1024x576.jpg 1024w, https:\/\/visionshare.org\/wp-content\/uploads\/KN-arc-illustration-300x169.jpg 300w, https:\/\/visionshare.org\/wp-content\/uploads\/KN-arc-illustration-768x432.jpg 768w, https:\/\/visionshare.org\/wp-content\/uploads\/KN-arc-illustration-1536x864.jpg 1536w, https:\/\/visionshare.org\/wp-content\/uploads\/KN-arc-illustration-2048x1152.jpg 2048w\" sizes=\"auto, (max-width: 1024px) 100vw, 1024px\" \/><\/figure>\n\n\n\n<p class=\"gb-text gbp-section__text gb-text-d3e23af5\">KeraNatural\u00ae est implant\u00e9 dans le stroma corn\u00e9en pour aplatir et stabiliser la forme de la corn\u00e9e, am\u00e9liorant ainsi l'acuit\u00e9 visuelle et retardant ou \u00e9liminant potentiellement le besoin de proc\u00e9dures plus invasives.<\/p>\n<\/div>\n\n\n\n<div class=\"gb-element-5c60b6e7\">\n<h2 class=\"gb-text gbp-section__headline\">Regarder un aper\u00e7u<\/h2>\n\n\n\n<iframe loading=\"lazy\" width=\"560\" height=\"315\" src=\"https:\/\/www.youtube.com\/embed\/ze6eHTS9ctw?si=mXykln3kFXc6MbXF\" title=\"Lecteur vid\u00e9o YouTube\" frameborder=\"0\" allow=\"accelerometer; autoplay; clipboard-write; encrypted-media; gyroscope; picture-in-picture; web-share\" referrerpolicy=\"strict-origin-when-cross-origin\" allowfullscreen><\/iframe>\n\n\n\n<p class=\"gb-text gbp-section__text gb-text-7fc57eee\">Choisissez KeraNatural\u00ae - un anneau ou un arc de corn\u00e9e de donneur biocompatible qui remod\u00e8le et stabilise les yeux k\u00e9ratoconiques avec moins de risques que les implants synth\u00e9tiques.<\/p>\n<\/div>\n<\/div>\n<\/div>\n\n\n\n<div class=\"gbp-section gb-element-6f393903\">\n<div class=\"gbp-section__inner gb-element-4af11625\">\n<div>\n<div class=\"gb-element-1781fefd\"><div class=\"wp-block-image\">\n<figure class=\"aligncenter size-medium is-resized\"><img loading=\"lazy\" decoding=\"async\" width=\"300\" height=\"240\" src=\"https:\/\/visionshare.org\/wp-content\/uploads\/keranatural-arc-300x240.png\" alt=\"KeraArc naturel\" class=\"wp-image-12415\" style=\"width:100px\" srcset=\"https:\/\/visionshare.org\/wp-content\/uploads\/keranatural-arc-300x240.png 300w, https:\/\/visionshare.org\/wp-content\/uploads\/keranatural-arc.png 500w\" sizes=\"auto, (max-width: 300px) 100vw, 300px\" \/><\/figure>\n<\/div><\/div>\n\n\n\n<h2 class=\"gb-text gbp-section__headline gb-text-ea077c10\">KeraNatural\u00ae Arc<\/h2>\n\n\n\n<figure class=\"wp-block-image size-full\"><img loading=\"lazy\" decoding=\"async\" width=\"552\" height=\"204\" src=\"https:\/\/visionshare.org\/wp-content\/uploads\/arcs-updated.png\" alt=\"KeraTailles des arcs naturels\" class=\"wp-image-12829\" style=\"object-fit:cover\" srcset=\"https:\/\/visionshare.org\/wp-content\/uploads\/arcs-updated.png 552w, https:\/\/visionshare.org\/wp-content\/uploads\/arcs-updated-300x111.png 300w\" sizes=\"auto, (max-width: 552px) 100vw, 552px\" \/><\/figure>\n<\/div>\n\n\n\n<div class=\"gb-element-6394e5e5\">\n<div class=\"gb-element-51a3dc91\"><div class=\"wp-block-image\">\n<figure class=\"aligncenter size-medium is-resized\"><img loading=\"lazy\" decoding=\"async\" width=\"300\" height=\"240\" src=\"https:\/\/visionshare.org\/wp-content\/uploads\/keranatural-ring-300x240.png\" alt=\"KeraBague naturelle\" class=\"wp-image-12414\" style=\"width:100px\" srcset=\"https:\/\/visionshare.org\/wp-content\/uploads\/keranatural-ring-300x240.png 300w, https:\/\/visionshare.org\/wp-content\/uploads\/keranatural-ring.png 500w\" sizes=\"auto, (max-width: 300px) 100vw, 300px\" \/><\/figure>\n<\/div><\/div>\n\n\n\n<h2 class=\"gb-text gbp-section__headline gb-text-6d2bcc34\">Anneau KeraNatural<\/h2>\n\n\n\n<figure class=\"wp-block-image size-full\"><img loading=\"lazy\" decoding=\"async\" width=\"552\" height=\"204\" src=\"https:\/\/visionshare.org\/wp-content\/uploads\/rings-updated.png\" alt=\"KeraTailles des bagues naturelles\" class=\"wp-image-12830\" style=\"object-fit:cover\" srcset=\"https:\/\/visionshare.org\/wp-content\/uploads\/rings-updated.png 552w, https:\/\/visionshare.org\/wp-content\/uploads\/rings-updated-300x111.png 300w\" sizes=\"auto, (max-width: 552px) 100vw, 552px\" \/><\/figure>\n<\/div>\n<\/div>\n<\/div>\n\n\n\n<div class=\"gb-element-0540d7fb\">\n<blockquote class=\"wp-block-quote has-small-font-size is-layout-flow wp-block-quote-is-layout-flow\">\n<figure class=\"wp-block-pullquote\" style=\"font-size:16px;font-style:normal;font-weight:400\"><blockquote><p><strong>\u201cSi vous voyez, traitez et prenez en charge des k\u00e9ratoc\u00f4nes et que vous souhaitez offrir un v\u00e9ritable outil d'am\u00e9lioration chirurgicale, commencez \u00e0 traiter vos patients avec KeraNatural.\u201d<\/strong><\/p><cite><em>Jonathan D. Solomon, MD, FWCRS,<\/em> <em>Directeur m\u00e9dical,&nbsp;<\/em><br><em>M\u00e9decins et chirurgiens ophtalmologistes de Solomon<\/em><br><em>Maryland<\/em>, \u00c9tats-Unis.<\/cite><\/blockquote><\/figure>\n<\/blockquote>\n<\/div>\n\n\n\n<div class=\"gb-element-bb30777d\" id=\"keranaturalmoreinfo\">\n<span class=\"gb-shape gb-shape-33253384 gb-shape--divider\"><svg xmlns=\"http:\/\/www.w3.org\/2000\/svg\" viewbox=\"0 0 1200 194.3\" preserveaspectratio=\"none\"><path d=\"M1200 133.3l-50 8.9c-50 8.6-150 26.9-250 31.1-100 4.2-200-4.2-300-26.7S400 89.2 300 62.2C200 35.8 100 17.5 50 8.9L0 0v194.3h1200v-61z\"><\/path><\/svg><\/span>\n\n\n\n<div class=\"gb-element-32a4ff2a\">\n<img loading=\"lazy\" decoding=\"async\" width=\"1200\" height=\"357\" class=\"gb-media-a92b1f1d\" alt=\"Logo KeraNatural\" src=\"https:\/\/visionshare.org\/wp-content\/uploads\/KeraNatural-r.png\" title=\"KeraNatural r\" srcset=\"https:\/\/visionshare.org\/wp-content\/uploads\/KeraNatural-r.png 1200w, https:\/\/visionshare.org\/wp-content\/uploads\/KeraNatural-r-300x89.png 300w, https:\/\/visionshare.org\/wp-content\/uploads\/KeraNatural-r-1024x305.png 1024w, https:\/\/visionshare.org\/wp-content\/uploads\/KeraNatural-r-768x228.png 768w\" sizes=\"auto, (max-width: 1200px) 100vw, 1200px\" \/>\n<\/div>\n\n\n\n<h2 class=\"gb-text gbp-section__headline gb-text-ac93ac62\" id=\"surgicalplan\">Demander un plan de traitement chirurgical<\/h2>\n\n\n\n<p class=\"has-text-align-center\">Remplissez le formulaire de demande ci-dessous pour recevoir une recommandation de plan de traitement chirurgical individualis\u00e9.<\/p>\n\n\n\n<p class=\"has-text-align-center\"><a href=\"https:\/\/visionshare.org\/wp-content\/uploads\/KeraNatural_sample_plan.pdf\">Voir un exemple de plan chirurgical<\/a><\/p>\n\n\n\n<iframe aria-label='VS | Plan de traitement chirurgical KeraNatural' frameborder=\"0\" allow=\"camera;\" style=\"height:1950px;width:99%;border:none;\" src='https:\/\/forms.zohopublic.com\/mhowellvisio1\/form\/KeraNaturalSurgeryTreatmentPlanCopy\/formperma\/2B7U3KvZdKt6gvaWs4J9NhKSPKQ87B4zgwTU5xb_NqE?zf_enablecamera=true'><\/iframe>\n\n\n\n<div class=\"gb-element-8ce431fa\">\n<h2 class=\"gb-text gbp-section__headline gb-text-de358dac\"><strong>Remarques importantes<\/strong><\/h2>\n\n\n\n<h3 class=\"gb-text gb-text-97246c51\"><strong>Avant de soumettre le formulaire<\/strong><\/h3>\n\n\n\n<ul class=\"wp-block-list\">\n<li>Veuillez v\u00e9rifier vos donn\u00e9es avant de soumettre le formulaire.<\/li>\n<\/ul>\n\n\n\n<h3 class=\"gb-text gb-text-87f6221c\">Apr\u00e8s avoir soumis le formulaire<\/h3>\n\n\n\n<ul class=\"wp-block-list\">\n<li>Veuillez t\u00e9l\u00e9charger une copie de votre formulaire compl\u00e9t\u00e9 sur l'\u00e9cran qui s'affiche apr\u00e8s l'envoi de votre formulaire.<\/li>\n\n\n\n<li>Vous recevrez \u00e9galement un courriel accusant r\u00e9ception de votre demande de plan chirurgical. Il contiendra un identifiant unique pour votre demande. Si vous souhaitez apporter des modifications \u00e0 votre demande, veuillez envoyer un courriel \u00e0 l'adresse suivante <a href=\"mailto:tdang@visionshare.org\">tdang@visionshare.org<\/a> ASAP avec les modifications demand\u00e9es.<\/li>\n\n\n\n<li>Nous ferons alors les mises \u00e0 jour et vous enverrons un formulaire mis \u00e0 jour pour examen et approbation avant d'\u00e9tablir le plan chirurgical.<\/li>\n\n\n\n<li>Si vous avez des questions ou des pr\u00e9occupations, n'h\u00e9sitez pas \u00e0 nous contacter au 888-657-4448.<\/li>\n<\/ul>\n<\/div>\n<\/div>","protected":false},"excerpt":{"rendered":"<p>KeraNatural The innovative, allograft solution for safe, effective corneal contouring. New to CAIRS? Learn More Surgical Treatment Plan (request form) Why choose KeraNatural? Natural integration &#8230; <a title=\"KeraNatural - Tissu corn\u00e9en st\u00e9rile pr\u00eat pour la greffe\" class=\"read-more\" href=\"https:\/\/visionshare.org\/fr\/keranatural\/\" aria-label=\"En savoir plus sur KeraNatural\">Lire plus<\/a><\/p>","protected":false},"author":1,"featured_media":12189,"parent":0,"menu_order":0,"comment_status":"closed","ping_status":"closed","template":"","meta":{"_acf_changed":false,"footnotes":""},"class_list":["post-12185","page","type-page","status-publish","has-post-thumbnail"],"acf":[],"yoast_head":"<!-- This site is optimized with the Yoast SEO plugin v27.4 - https:\/\/yoast.com\/product\/yoast-seo-wordpress\/ -->\n<title>KeraNatural - Vision Share<\/title>\n<meta name=\"description\" content=\"KeraNatural is a biocompatible donor-cornea ring or arc that reshapes and stabilizes keratoconic eyes with less risk than synthetic implants.\" \/>\n<meta name=\"robots\" content=\"index, follow, max-snippet:-1, max-image-preview:large, max-video-preview:-1\" \/>\n<link rel=\"canonical\" href=\"https:\/\/visionshare.org\/fr\/keranatural\/\" \/>\n<meta property=\"og:locale\" content=\"fr_FR\" \/>\n<meta property=\"og:type\" content=\"article\" \/>\n<meta property=\"og:title\" content=\"KeraNatural - Vision Share\" \/>\n<meta property=\"og:description\" content=\"KeraNatural is a biocompatible donor-cornea ring or arc that reshapes and stabilizes keratoconic eyes with less risk than synthetic implants.\" \/>\n<meta property=\"og:url\" content=\"https:\/\/visionshare.org\/fr\/keranatural\/\" \/>\n<meta property=\"og:site_name\" content=\"Vision Share\" \/>\n<meta property=\"article:publisher\" content=\"https:\/\/www.facebook.com\/visionshareinc\" \/>\n<meta property=\"article:modified_time\" content=\"2026-04-10T14:20:00+00:00\" \/>\n<meta property=\"og:image\" content=\"https:\/\/visionshare.org\/wp-content\/uploads\/KN-arc-illustration-scaled.jpg\" \/>\n\t<meta property=\"og:image:width\" content=\"2560\" \/>\n\t<meta property=\"og:image:height\" content=\"1440\" \/>\n\t<meta property=\"og:image:type\" content=\"image\/jpeg\" \/>\n<meta name=\"twitter:card\" content=\"summary_large_image\" \/>\n<meta name=\"twitter:site\" content=\"@Vision_Share\" \/>\n<meta name=\"twitter:label1\" content=\"Dur\u00e9e de lecture estim\u00e9e\" \/>\n\t<meta name=\"twitter:data1\" content=\"3 minutes\" \/>\n<script type=\"application\/ld+json\" class=\"yoast-schema-graph\">{\"@context\":\"https:\\\/\\\/schema.org\",\"@graph\":[{\"@type\":\"WebPage\",\"@id\":\"https:\\\/\\\/visionshare.org\\\/keranatural\\\/\",\"url\":\"https:\\\/\\\/visionshare.org\\\/keranatural\\\/\",\"name\":\"KeraNatural - Vision Share\",\"isPartOf\":{\"@id\":\"https:\\\/\\\/visionshare.org\\\/#website\"},\"primaryImageOfPage\":{\"@id\":\"https:\\\/\\\/visionshare.org\\\/keranatural\\\/#primaryimage\"},\"image\":{\"@id\":\"https:\\\/\\\/visionshare.org\\\/keranatural\\\/#primaryimage\"},\"thumbnailUrl\":\"https:\\\/\\\/visionshare.org\\\/wp-content\\\/uploads\\\/KN-arc-illustration-scaled.jpg\",\"datePublished\":\"2025-05-14T12:53:42+00:00\",\"dateModified\":\"2026-04-10T14:20:00+00:00\",\"description\":\"KeraNatural is a biocompatible donor-cornea ring or arc that reshapes and stabilizes keratoconic eyes with less risk than synthetic implants.\",\"breadcrumb\":{\"@id\":\"https:\\\/\\\/visionshare.org\\\/keranatural\\\/#breadcrumb\"},\"inLanguage\":\"fr-FR\",\"potentialAction\":[{\"@type\":\"ReadAction\",\"target\":[\"https:\\\/\\\/visionshare.org\\\/keranatural\\\/\"]}]},{\"@type\":\"ImageObject\",\"inLanguage\":\"fr-FR\",\"@id\":\"https:\\\/\\\/visionshare.org\\\/keranatural\\\/#primaryimage\",\"url\":\"https:\\\/\\\/visionshare.org\\\/wp-content\\\/uploads\\\/KN-arc-illustration-scaled.jpg\",\"contentUrl\":\"https:\\\/\\\/visionshare.org\\\/wp-content\\\/uploads\\\/KN-arc-illustration-scaled.jpg\",\"width\":2560,\"height\":1440},{\"@type\":\"BreadcrumbList\",\"@id\":\"https:\\\/\\\/visionshare.org\\\/keranatural\\\/#breadcrumb\",\"itemListElement\":[{\"@type\":\"ListItem\",\"position\":1,\"name\":\"Home\",\"item\":\"https:\\\/\\\/visionshare.org\\\/\"},{\"@type\":\"ListItem\",\"position\":2,\"name\":\"KeraNatural\"}]},{\"@type\":\"WebSite\",\"@id\":\"https:\\\/\\\/visionshare.org\\\/#website\",\"url\":\"https:\\\/\\\/visionshare.org\\\/\",\"name\":\"Vision Share\",\"description\":\"Your Trusted Source\",\"publisher\":{\"@id\":\"https:\\\/\\\/visionshare.org\\\/#organization\"},\"potentialAction\":[{\"@type\":\"SearchAction\",\"target\":{\"@type\":\"EntryPoint\",\"urlTemplate\":\"https:\\\/\\\/visionshare.org\\\/?s={search_term_string}\"},\"query-input\":{\"@type\":\"PropertyValueSpecification\",\"valueRequired\":true,\"valueName\":\"search_term_string\"}}],\"inLanguage\":\"fr-FR\"},{\"@type\":\"Organization\",\"@id\":\"https:\\\/\\\/visionshare.org\\\/#organization\",\"name\":\"Vision Share\",\"url\":\"https:\\\/\\\/visionshare.org\\\/\",\"logo\":{\"@type\":\"ImageObject\",\"inLanguage\":\"fr-FR\",\"@id\":\"https:\\\/\\\/visionshare.org\\\/#\\\/schema\\\/logo\\\/image\\\/\",\"url\":\"https:\\\/\\\/visionshare.org\\\/wp-content\\\/uploads\\\/cropped-cropped-cropped-VS_Your-trusted-source-logo-01-PNG.png\",\"contentUrl\":\"https:\\\/\\\/visionshare.org\\\/wp-content\\\/uploads\\\/cropped-cropped-cropped-VS_Your-trusted-source-logo-01-PNG.png\",\"width\":1655,\"height\":861,\"caption\":\"Vision Share\"},\"image\":{\"@id\":\"https:\\\/\\\/visionshare.org\\\/#\\\/schema\\\/logo\\\/image\\\/\"},\"sameAs\":[\"https:\\\/\\\/www.facebook.com\\\/visionshareinc\",\"https:\\\/\\\/x.com\\\/Vision_Share\",\"https:\\\/\\\/www.linkedin.com\\\/company\\\/visionsshare\\\/\"]}]}<\/script>\n<!-- \/ Yoast SEO plugin. -->","yoast_head_json":{"title":"KeraNatural : tissu corn\u00e9en st\u00e9rile","description":"KeraNatural est un anneau corn\u00e9en de donneur biocompatible qui stabilise les yeux k\u00e9ratoconiques avec moins de risques que les implants synth\u00e9tiques.","robots":{"index":"index","follow":"follow","max-snippet":"max-snippet:-1","max-image-preview":"max-image-preview:large","max-video-preview":"max-video-preview:-1"},"canonical":"https:\/\/visionshare.org\/fr\/keranatural\/","og_locale":"fr_FR","og_type":"article","og_title":"KeraNatural - Vision Share","og_description":"KeraNatural is a biocompatible donor-cornea ring or arc that reshapes and stabilizes keratoconic eyes with less risk than synthetic implants.","og_url":"https:\/\/visionshare.org\/fr\/keranatural\/","og_site_name":"Vision Share","article_publisher":"https:\/\/www.facebook.com\/visionshareinc","article_modified_time":"2026-04-10T14:20:00+00:00","og_image":[{"width":2560,"height":1440,"url":"https:\/\/visionshare.org\/wp-content\/uploads\/KN-arc-illustration-scaled.jpg","type":"image\/jpeg"}],"twitter_card":"summary_large_image","twitter_site":"@Vision_Share","twitter_misc":{"Dur\u00e9e de lecture estim\u00e9e":"3 minutes"},"schema":{"@context":"https:\/\/schema.org","@graph":[{"@type":"WebPage","@id":"https:\/\/visionshare.org\/keranatural\/","url":"https:\/\/visionshare.org\/keranatural\/","name":"KeraNatural : tissu corn\u00e9en st\u00e9rile","isPartOf":{"@id":"https:\/\/visionshare.org\/#website"},"primaryImageOfPage":{"@id":"https:\/\/visionshare.org\/keranatural\/#primaryimage"},"image":{"@id":"https:\/\/visionshare.org\/keranatural\/#primaryimage"},"thumbnailUrl":"https:\/\/visionshare.org\/wp-content\/uploads\/KN-arc-illustration-scaled.jpg","datePublished":"2025-05-14T12:53:42+00:00","dateModified":"2026-04-10T14:20:00+00:00","description":"KeraNatural est un anneau corn\u00e9en de donneur biocompatible qui stabilise les yeux k\u00e9ratoconiques avec moins de risques que les implants synth\u00e9tiques.","breadcrumb":{"@id":"https:\/\/visionshare.org\/keranatural\/#breadcrumb"},"inLanguage":"fr-FR","potentialAction":[{"@type":"ReadAction","target":["https:\/\/visionshare.org\/keranatural\/"]}]},{"@type":"ImageObject","inLanguage":"fr-FR","@id":"https:\/\/visionshare.org\/keranatural\/#primaryimage","url":"https:\/\/visionshare.org\/wp-content\/uploads\/KN-arc-illustration-scaled.jpg","contentUrl":"https:\/\/visionshare.org\/wp-content\/uploads\/KN-arc-illustration-scaled.jpg","width":2560,"height":1440},{"@type":"BreadcrumbList","@id":"https:\/\/visionshare.org\/keranatural\/#breadcrumb","itemListElement":[{"@type":"ListItem","position":1,"name":"Home","item":"https:\/\/visionshare.org\/"},{"@type":"ListItem","position":2,"name":"KeraNatural"}]},{"@type":"WebSite","@id":"https:\/\/visionshare.org\/#website","url":"https:\/\/visionshare.org\/","name":"Vision Share","description":"Votre source de confiance","publisher":{"@id":"https:\/\/visionshare.org\/#organization"},"potentialAction":[{"@type":"SearchAction","target":{"@type":"EntryPoint","urlTemplate":"https:\/\/visionshare.org\/?s={search_term_string}"},"query-input":{"@type":"PropertyValueSpecification","valueRequired":true,"valueName":"search_term_string"}}],"inLanguage":"fr-FR"},{"@type":"Organization","@id":"https:\/\/visionshare.org\/#organization","name":"Vision Share","url":"https:\/\/visionshare.org\/","logo":{"@type":"ImageObject","inLanguage":"fr-FR","@id":"https:\/\/visionshare.org\/#\/schema\/logo\/image\/","url":"https:\/\/visionshare.org\/wp-content\/uploads\/cropped-cropped-cropped-VS_Your-trusted-source-logo-01-PNG.png","contentUrl":"https:\/\/visionshare.org\/wp-content\/uploads\/cropped-cropped-cropped-VS_Your-trusted-source-logo-01-PNG.png","width":1655,"height":861,"caption":"Vision Share"},"image":{"@id":"https:\/\/visionshare.org\/#\/schema\/logo\/image\/"},"sameAs":["https:\/\/www.facebook.com\/visionshareinc","https:\/\/x.com\/Vision_Share","https:\/\/www.linkedin.com\/company\/visionsshare\/"]}]}},"_links":{"self":[{"href":"https:\/\/visionshare.org\/fr\/wp-json\/wp\/v2\/pages\/12185","targetHints":{"allow":["GET"]}}],"collection":[{"href":"https:\/\/visionshare.org\/fr\/wp-json\/wp\/v2\/pages"}],"about":[{"href":"https:\/\/visionshare.org\/fr\/wp-json\/wp\/v2\/types\/page"}],"author":[{"embeddable":true,"href":"https:\/\/visionshare.org\/fr\/wp-json\/wp\/v2\/users\/1"}],"replies":[{"embeddable":true,"href":"https:\/\/visionshare.org\/fr\/wp-json\/wp\/v2\/comments?post=12185"}],"version-history":[{"count":343,"href":"https:\/\/visionshare.org\/fr\/wp-json\/wp\/v2\/pages\/12185\/revisions"}],"predecessor-version":[{"id":16336,"href":"https:\/\/visionshare.org\/fr\/wp-json\/wp\/v2\/pages\/12185\/revisions\/16336"}],"wp:featuredmedia":[{"embeddable":true,"href":"https:\/\/visionshare.org\/fr\/wp-json\/wp\/v2\/media\/12189"}],"wp:attachment":[{"href":"https:\/\/visionshare.org\/fr\/wp-json\/wp\/v2\/media?parent=12185"}],"curies":[{"name":"wp","href":"https:\/\/api.w.org\/{rel}","templated":true}]}}