{"id":12517,"date":"2025-05-21T08:16:48","date_gmt":"2025-05-21T13:16:48","guid":{"rendered":"https:\/\/visionshare.org\/?page_id=12517"},"modified":"2025-09-09T15:08:17","modified_gmt":"2025-09-09T20:08:17","slug":"tissus-steriles-halo","status":"publish","type":"page","link":"https:\/\/visionshare.org\/fr\/halo-sterile-tissues\/","title":{"rendered":"Halo"},"content":{"rendered":"<div class=\"gb-container gb-container-a1aa1fe9 alignfull\">\n<div class=\"gb-container gb-container-66d5b9c8 alignfull gbp-section\">\n<div class=\"gb-container gb-container-4d2390ca alignfull gbp-section__inner\">\n<div class=\"gb-container gb-container-c91ed29b alignfull\">\n\n<h1 class=\"gb-headline gb-headline-eb9520d3 gb-headline-text gbp-section__headline\">Tissu st\u00e9rile Halo<\/h1>\n\n<\/div>\n<\/div>\n\n\n<p class=\"gb-text\"><br>Faire progresser la chirurgie oculaire gr\u00e2ce \u00e0 des solutions st\u00e9riles pr\u00eates \u00e0 l'emploi<\/p>\n\n\n\n<div class=\"gb-element-ce9736e1\">\n<a class=\"gb-text gbp-button--primary gb-text-5332b989\" href=\"#halosteriletissuemoreinfo\">Demander plus d'informations<\/a>\n<\/div>\n\n<\/div>\n<div class=\"gb-shapes\"><div class=\"gb-shape gb-shape-1\"><svg xmlns=\"http:\/\/www.w3.org\/2000\/svg\" viewbox=\"0 0 1200 194.3\" preserveaspectratio=\"none\"><path d=\"M1200 133.3l-50 8.9c-50 8.6-150 26.9-250 31.1-100 4.2-200-4.2-300-26.7S400 89.2 300 62.2C200 35.8 100 17.5 50 8.9L0 0v194.3h1200v-61z\"\/><\/svg><\/div><\/div><\/div>\n\n\n<div class=\"gbp-section gb-element-20ece8f3\">\n<div class=\"gb-element-86fbb10a\">\n<div class=\"gbp-section gb-element-1e4c4ad8\">\n<div class=\"gbp-section__inner gb-element-d70200a3\">\n<div class=\"gb-element-546c507b\">\n<figure class=\"wp-block-image size-full\"><img loading=\"lazy\" decoding=\"async\" width=\"503\" height=\"650\" src=\"https:\/\/visionshare.org\/wp-content\/uploads\/Halo-Sterile-Cornea-gb.jpg\" alt=\"tissu corn\u00e9en st\u00e9rile halo\" class=\"wp-image-12754\" srcset=\"https:\/\/visionshare.org\/wp-content\/uploads\/Halo-Sterile-Cornea-gb.jpg 503w, https:\/\/visionshare.org\/wp-content\/uploads\/Halo-Sterile-Cornea-gb-232x300.jpg 232w\" sizes=\"auto, (max-width: 503px) 100vw, 503px\" \/><\/figure>\n\n\n\n<p class=\"gb-text gbp-section__tagline gb-text-2667cda6\">Corn\u00e9e st\u00e9rile Halo<\/p>\n<\/div>\n\n\n\n<div class=\"gb-element-b313e623\">\n<figure class=\"wp-block-image size-full\"><img loading=\"lazy\" decoding=\"async\" width=\"503\" height=\"650\" src=\"https:\/\/visionshare.org\/wp-content\/uploads\/Halo-Sterile-Sclera-gb.jpg\" alt=\"scl\u00e9rotique st\u00e9rile halo\" class=\"wp-image-12755\" srcset=\"https:\/\/visionshare.org\/wp-content\/uploads\/Halo-Sterile-Sclera-gb.jpg 503w, https:\/\/visionshare.org\/wp-content\/uploads\/Halo-Sterile-Sclera-gb-232x300.jpg 232w\" sizes=\"auto, (max-width: 503px) 100vw, 503px\" \/><\/figure>\n\n\n\n<p class=\"gb-text gbp-section__tagline gb-text-d68c34ec\">Scl\u00e9rotique st\u00e9rile Halo<\/p>\n<\/div>\n\n\n\n<div class=\"gb-element-077e3ba3\">\n<figure class=\"wp-block-image size-full\"><img loading=\"lazy\" decoding=\"async\" width=\"503\" height=\"650\" src=\"https:\/\/visionshare.org\/wp-content\/uploads\/Halo-Sterile-Pericardium-gb.jpg\" alt=\"p\u00e9ricarde st\u00e9rile halo\" class=\"wp-image-12756\" srcset=\"https:\/\/visionshare.org\/wp-content\/uploads\/Halo-Sterile-Pericardium-gb.jpg 503w, https:\/\/visionshare.org\/wp-content\/uploads\/Halo-Sterile-Pericardium-gb-232x300.jpg 232w\" sizes=\"auto, (max-width: 503px) 100vw, 503px\" \/><\/figure>\n\n\n\n<p class=\"gb-text gbp-section__tagline gb-text-37302f56\">P\u00e9ricarde st\u00e9rile Halo<\/p>\n<\/div>\n<\/div>\n<\/div>\n\n\n\n<h2 class=\"gb-text gbp-section__headline gb-text-b2e61a97\">Qu'est-ce que le tissu st\u00e9rile halo ?<\/h2>\n\n\n\n<p class=\"gb-text gbp-section__text gb-text-f955fd1a\"><br>Les tissus st\u00e9riles Halo\u00ae repr\u00e9sentent une avanc\u00e9e significative dans la chirurgie du glaucome et de la corn\u00e9e. D\u00e9velopp\u00e9es par VisionGift, ces allogreffes se conservent \u00e0 temp\u00e9rature ambiante et ne n\u00e9cessitent ni rin\u00e7age ni r\u00e9hydratation, ce qui les rend id\u00e9ales pour les proc\u00e9dures d'urgence et les chirurgies programm\u00e9es. Disponible en corn\u00e9e, scl\u00e9rotique et p\u00e9ricarde, le tissu halo\u00ae est disponible en segments entiers ou pr\u00e9d\u00e9coup\u00e9s.<\/p>\n\n\n\n<div class=\"gb-element-a9299d28\">\n<a class=\"gb-text gbp-button--primary gb-text-3e8f586b\" href=\"#halosteriletissuesmoreinfo\">Demander plus d'informations<\/a>\n<\/div>\n<\/div>\n<\/div>\n\n\n\n<div class=\"gbp-section gb-element-806f2068\">\n<div class=\"gb-element-c1bfef5c\">\n<h2 class=\"gb-text gbp-section__headline gb-text-32bfaaf3\">Pourquoi choisir Halo ?<\/h2>\n\n\n\n<div class=\"gb-element-5447f255\">\n<h4 class=\"gb-text gbp-section__headline\"><br>Visibilit\u00e9 claire et nette apr\u00e8s l'op\u00e9ration<\/h4>\n\n\n\n<p class=\"gb-text gbp-section__text\">Les corn\u00e9es st\u00e9riles Halo\u00ae conservent une clart\u00e9 durable, contrairement aux patchs opaques traditionnels, ce qui facilite l'\u00e9valuation post-op\u00e9ratoire et permet d'obtenir un r\u00e9sultat cosm\u00e9tique plus naturel.<\/p>\n\n\n\n<h4 class=\"gb-text gbp-section__headline\">Pr\u00eat pour la chirurgie<\/h4>\n\n\n\n<p class=\"gb-text gbp-section__text\">Les tissus st\u00e9riles, emball\u00e9s par pelage, permettent un stockage pratique et une manipulation ais\u00e9e dans la salle d'op\u00e9ration.&nbsp;<\/p>\n\n\n\n<h4 class=\"gb-text gbp-section__headline\">Longue dur\u00e9e de conservation<\/h4>\n\n\n\n<p class=\"gb-text gbp-section__text\">Peut \u00eatre conserv\u00e9 \u00e0 temp\u00e9rature ambiante sans avoir besoin d'\u00eatre reconstitu\u00e9, ce qui garantit la disponibilit\u00e9 des tissus pour les besoins programm\u00e9s et urgents.&nbsp;<\/p>\n\n\n\n<h4 class=\"gb-text gbp-section__headline\">St\u00e9rile<\/h4>\n\n\n\n<p class=\"gb-text gbp-section__text\">La st\u00e9rilisation par faisceau d'\u00e9lectrons permet d'atteindre un niveau d'assurance de st\u00e9rilit\u00e9 de 10-\u2076, ce qui r\u00e9duit le temps de traitement et limite l'exposition \u00e0 l'environnement pendant le traitement.&nbsp;<\/p>\n\n\n\n<h4 class=\"gb-text gbp-section__headline\">Vari\u00e9t\u00e9<\/h4>\n\n\n\n<p class=\"gb-text gbp-section__text\">Disponible en corn\u00e9e, scl\u00e9rotique et p\u00e9ricarde, avec des options pour des segments entiers ou pr\u00e9d\u00e9coup\u00e9s. Les corn\u00e9es sont propos\u00e9es en demi-\u00e9paisseur et en \u00e9paisseur totale.&nbsp;<\/p>\n<\/div>\n<\/div>\n\n\n\n<span class=\"gb-shape gb-shape-3b740c9f gb-shape--divider\"><svg xmlns=\"http:\/\/www.w3.org\/2000\/svg\" viewbox=\"0 0 1200 194.3\" preserveaspectratio=\"none\"><path d=\"M1200 133.3l-50 8.9c-50 8.6-150 26.9-250 31.1-100 4.2-200-4.2-300-26.7S400 89.2 300 62.2C200 35.8 100 17.5 50 8.9L0 0v194.3h1200v-61z\"><\/path><\/svg><\/span>\n<\/div>\n\n\n\n<div class=\"gbp-section gb-element-e4765385\">\n<div class=\"gb-element-b80eb82d\">\n<h2 class=\"gb-text gbp-section__headline gb-text-7fb81e35\">Cas d'utilisation clinique id\u00e9aux pour les tissus st\u00e9riles halo<\/h2>\n\n\n\n<div class=\"gb-element-2922b445\">\n<h4 class=\"wp-block-heading\"><strong>Chirurgie du glaucome<\/strong><\/h4>\n\n\n\n<ul class=\"wp-block-list\">\n<li><strong>Couverture du tube\/de la d\u00e9rivation :<\/strong> Prot\u00e8ge les dispositifs de drainage du glaucome afin de r\u00e9duire le risque d'\u00e9rosion ou d'exposition.<\/li>\n\n\n\n<li><strong>Greffes de patchs :<\/strong> Offre une protection st\u00e9rile et transparente pour le mat\u00e9riel implant\u00e9.<\/li>\n<\/ul>\n\n\n\n<h4 class=\"wp-block-heading\"><strong>Chirurgie et r\u00e9paration de la corn\u00e9e<\/strong><\/h4>\n\n\n\n<ul class=\"wp-block-list\">\n<li><strong>ALK\/DALK<\/strong><\/li>\n\n\n\n<li><strong>Patching lamellaire <\/strong><\/li>\n\n\n\n<li><strong>Greffe de corn\u00e9e tectonique :<\/strong> Fournit un renforcement structurel en cas d'amincissement de la corn\u00e9e, de perforations ou de fonte.<\/li>\n\n\n\n<li><strong>Remplacement temporaire ou d'urgence de la k\u00e9ratoplastie :<\/strong> Lorsque des tissus frais ne sont pas imm\u00e9diatement disponibles.<\/li>\n<\/ul>\n\n\n\n<h4 class=\"wp-block-heading\"><strong>Renforcement scl\u00e9ral<\/strong><\/h4>\n\n\n\n<ul class=\"wp-block-list\">\n<li>Utilis\u00e9 pour renforcer les zones d'amincissement scl\u00e9ral ou les d\u00e9fauts dus \u00e0 une maladie ou \u00e0 des complications chirurgicales.<\/li>\n<\/ul>\n\n\n\n<h4 class=\"wp-block-heading\"><strong>Gestion des maladies de la surface oculaire<\/strong><\/h4>\n\n\n\n<ul class=\"wp-block-list\">\n<li>Couvre et prot\u00e8ge les zones compromises ou enflamm\u00e9es en cas de maladie chronique de la surface oculaire.<\/li>\n<\/ul>\n\n\n\n<h4 class=\"wp-block-heading\"><strong>Traumatismes et urgences<\/strong><\/h4>\n\n\n\n<ul class=\"wp-block-list\">\n<li>Rapidement disponible dans les cas de traumatismes n\u00e9cessitant une couverture ou un renforcement imm\u00e9diat.<\/li>\n\n\n\n<li>Conserv\u00e9 \u00e0 temp\u00e9rature ambiante et pr\u00eat sans r\u00e9hydratation, id\u00e9al pour les besoins \u00e0 la demande.<\/li>\n<\/ul>\n\n\n\n<h4 class=\"wp-block-heading\"><strong>Pr\u00e9servation des tissus dans les yeux \u00e0 haut risque<\/strong><\/h4>\n\n\n\n<ul class=\"wp-block-list\">\n<li>Fournit une barri\u00e8re st\u00e9rile pour r\u00e9duire les dommages suppl\u00e9mentaires dans les yeux fragilis\u00e9s (par exemple, apr\u00e8s des br\u00fblures chimiques, une infection ou une intervention chirurgicale).<\/li>\n<\/ul>\n<\/div>\n<\/div>\n<\/div>\n\n\n\n<div class=\"gbp-section gb-element-09a8f212\">\n<div class=\"gbp-section__inner gb-element-359d33ba\">\n<div class=\"gb-element-dc270d0e\">\n<h2 class=\"gb-text gbp-section__headline\">Observer une intervention chirurgicale sur un halo<\/h2>\n\n\n\n<div class=\"gb-element-1b833eb5\">\n<figure class=\"wp-block-video\"><video controls poster=\"https:\/\/visionshare.org\/wp-content\/uploads\/halo-video-title.png\" src=\"https:\/\/visionshare.org\/wp-content\/uploads\/halo-surgical-video_low-res-v1.mp4\"><\/video><\/figure>\n\n\n\n<div style=\"height:16px\" aria-hidden=\"true\" class=\"wp-block-spacer\"><\/div>\n\n\n\n<p class=\"has-contrast-color has-text-color has-link-color wp-elements-76078e23719e74ed9781f2d32509b610\"><strong>Halo<\/strong>\u00ae<strong> Les allogreffes st\u00e9riles sont disponibles dans une vari\u00e9t\u00e9 de types de tissus pour r\u00e9pondre \u00e0 vos besoins chirurgicaux.<\/strong> Le tissu corn\u00e9en est disponible \u00e0 la fois en <strong>moiti\u00e9<\/strong> et <strong>pleine \u00e9paisseur<\/strong>avec des options pour <strong>entiers ou pr\u00e9d\u00e9coup\u00e9s<\/strong> greffes. Les greffons scl\u00e9raux et p\u00e9ricardiques sont \u00e9galement disponibles en <strong>tailles standard<\/strong>Ces tissus sont con\u00e7us pour des applications allant de la couverture de la d\u00e9rivation du glaucome \u00e0 la r\u00e9paration de la surface oculaire. Tous les tissus sont <strong>St\u00e9rilisation par faisceau d'\u00e9lectrons<\/strong>, <strong>stable \u00e0 temp\u00e9rature ambiante<\/strong>et <strong>pr\u00eat \u00e0 l'emploi<\/strong>-assurer la commodit\u00e9, la s\u00e9curit\u00e9 et l'efficacit\u00e9 dans la salle d'op\u00e9ration.<\/p>\n<\/div>\n\n\n\n<div class=\"gb-element-33a9f205\"><\/div>\n\n\n\n<div class=\"gb-element-d45cd2bd\">\n<a class=\"gb-text gb-text-1222e8b6\" href=\"#halosteriletissuesmoreinfo\">Demander plus d'informations<\/a>\n<\/div>\n<\/div>\n\n\n\n<div class=\"gb-element-fffececa\">\n<h2 class=\"gb-text gbp-section__headline gb-text-96c7ebe4\">Options de tissus disponibles<\/h2>\n\n\n\n<figure class=\"wp-block-image size-full is-resized\"><img loading=\"lazy\" decoding=\"async\" width=\"564\" height=\"610\" src=\"https:\/\/visionshare.org\/wp-content\/uploads\/halo.png\" alt=\"types de tissus st\u00e9riles halo\" class=\"wp-image-12520\" style=\"width:560px\" srcset=\"https:\/\/visionshare.org\/wp-content\/uploads\/halo.png 564w, https:\/\/visionshare.org\/wp-content\/uploads\/halo-277x300.png 277w\" sizes=\"auto, (max-width: 564px) 100vw, 564px\" \/><\/figure>\n<\/div>\n<\/div>\n<\/div>\n\n\n\n<div class=\"gb-element-842c473f\" id=\"halosteriletissuemoreinfo\">\n<span class=\"gb-shape gb-shape-846ec584 gb-shape--divider\"><svg xmlns=\"http:\/\/www.w3.org\/2000\/svg\" viewbox=\"0 0 1200 194.3\" preserveaspectratio=\"none\"><path d=\"M1200 133.3l-50 8.9c-50 8.6-150 26.9-250 31.1-100 4.2-200-4.2-300-26.7S400 89.2 300 62.2C200 35.8 100 17.5 50 8.9L0 0v194.3h1200v-61z\"><\/path><\/svg><\/span>\n\n\n\n<div class=\"gb-element-ad40674e\">\n<img loading=\"lazy\" decoding=\"async\" width=\"493\" height=\"163\" class=\"gb-media-e8151557\" alt=\"logo halo\" title=\"halohorizR-removebg-preview\" src=\"https:\/\/visionshare.org\/wp-content\/uploads\/halohorizR-removebg-preview.png\" srcset=\"https:\/\/visionshare.org\/wp-content\/uploads\/halohorizR-removebg-preview.png 493w, https:\/\/visionshare.org\/wp-content\/uploads\/halohorizR-removebg-preview-300x99.png 300w\" sizes=\"auto, (max-width: 493px) 100vw, 493px\" \/>\n\n\n\n<h2 class=\"gb-text gbp-section__headline gb-text-c5f602f8\">Contactez-nous d\u00e8s aujourd'hui<\/h2>\n\n\n\n<div>\n<p class=\"has-text-align-center\">Vous avez des questions sur la fa\u00e7on dont halo\u00ae peut r\u00e9pondre \u00e0 vos besoins chirurgicaux ? Nous sommes l\u00e0 pour vous aider.<\/p>\n<\/div>\n<\/div>\n<\/div>\n\n\n\n<div class=\"gb-element-721428a9\">\n<div class=\"gb-element-38427ffc\">\n<iframe aria-label='Formulaire de contact halo' frameborder=\"0\" style=\"height:900px;width:99%;border:none;\" src='https:\/\/forms.zohopublic.com\/mhowellvisio1\/form\/haloContactForm\/formperma\/ezopKz9HnJzzZQdu2kRMeoojsvSK2eBHsY0w0LkfA5Q'><\/iframe>\n<\/div>\n<\/div>","protected":false},"excerpt":{"rendered":"<p>Halo sterile tissue Advancing ocular surgery with ready-to-use, sterile solutions Request more information Halo\u00ae sterile cornea Halo\u00ae sterile sclera Halo\u00ae sterile pericardium What is halo &#8230; <a title=\"Halo\" class=\"read-more\" href=\"https:\/\/visionshare.org\/fr\/halo-sterile-tissues\/\" aria-label=\"En savoir plus sur Halo\">Lire plus<\/a><\/p>","protected":false},"author":9,"featured_media":0,"parent":0,"menu_order":0,"comment_status":"closed","ping_status":"closed","template":"","meta":{"_acf_changed":false,"footnotes":""},"class_list":["post-12517","page","type-page","status-publish"],"acf":[],"yoast_head":"<!-- This site is optimized with the Yoast SEO plugin v27.4 - https:\/\/yoast.com\/product\/yoast-seo-wordpress\/ -->\n<title>Halo sterile tissues | Vision Share<\/title>\n<meta name=\"description\" content=\"Halo sterile tissues are shelf-stable, room-temperature stored, and require no rinsing or rehydration, making them ideal for the OR.\" \/>\n<meta name=\"robots\" content=\"index, follow, max-snippet:-1, max-image-preview:large, max-video-preview:-1\" \/>\n<link rel=\"canonical\" href=\"https:\/\/visionshare.org\/fr\/tissus-steriles-halo\/\" \/>\n<meta property=\"og:locale\" content=\"fr_FR\" \/>\n<meta property=\"og:type\" content=\"article\" \/>\n<meta property=\"og:title\" content=\"Halo sterile tissues | Vision Share\" \/>\n<meta property=\"og:description\" content=\"Halo sterile tissues are shelf-stable, room-temperature stored, and require no rinsing or rehydration, making them ideal for the OR.\" \/>\n<meta property=\"og:url\" content=\"https:\/\/visionshare.org\/fr\/tissus-steriles-halo\/\" \/>\n<meta property=\"og:site_name\" content=\"Vision Share\" \/>\n<meta property=\"article:publisher\" content=\"https:\/\/www.facebook.com\/visionshareinc\" \/>\n<meta property=\"article:modified_time\" content=\"2025-09-09T20:08:17+00:00\" \/>\n<meta property=\"og:image\" content=\"https:\/\/visionshare.org\/wp-content\/uploads\/Halo-Sterile-Cornea-gb.jpg\" \/>\n\t<meta property=\"og:image:width\" content=\"503\" \/>\n\t<meta property=\"og:image:height\" content=\"650\" \/>\n\t<meta property=\"og:image:type\" content=\"image\/jpeg\" \/>\n<meta name=\"twitter:card\" content=\"summary_large_image\" \/>\n<meta name=\"twitter:site\" content=\"@Vision_Share\" \/>\n<meta name=\"twitter:label1\" content=\"Dur\u00e9e de lecture estim\u00e9e\" \/>\n\t<meta name=\"twitter:data1\" content=\"3 minutes\" \/>\n<script type=\"application\/ld+json\" class=\"yoast-schema-graph\">{\"@context\":\"https:\\\/\\\/schema.org\",\"@graph\":[{\"@type\":\"WebPage\",\"@id\":\"https:\\\/\\\/visionshare.org\\\/halo-sterile-tissues\\\/\",\"url\":\"https:\\\/\\\/visionshare.org\\\/halo-sterile-tissues\\\/\",\"name\":\"Halo sterile tissues | Vision Share\",\"isPartOf\":{\"@id\":\"https:\\\/\\\/visionshare.org\\\/#website\"},\"primaryImageOfPage\":{\"@id\":\"https:\\\/\\\/visionshare.org\\\/halo-sterile-tissues\\\/#primaryimage\"},\"image\":{\"@id\":\"https:\\\/\\\/visionshare.org\\\/halo-sterile-tissues\\\/#primaryimage\"},\"thumbnailUrl\":\"https:\\\/\\\/visionshare.org\\\/wp-content\\\/uploads\\\/Halo-Sterile-Cornea-gb.jpg\",\"datePublished\":\"2025-05-21T13:16:48+00:00\",\"dateModified\":\"2025-09-09T20:08:17+00:00\",\"description\":\"Halo sterile tissues are shelf-stable, room-temperature stored, and require no rinsing or rehydration, making them ideal for the OR.\",\"breadcrumb\":{\"@id\":\"https:\\\/\\\/visionshare.org\\\/halo-sterile-tissues\\\/#breadcrumb\"},\"inLanguage\":\"fr-FR\",\"potentialAction\":[{\"@type\":\"ReadAction\",\"target\":[\"https:\\\/\\\/visionshare.org\\\/halo-sterile-tissues\\\/\"]}]},{\"@type\":\"ImageObject\",\"inLanguage\":\"fr-FR\",\"@id\":\"https:\\\/\\\/visionshare.org\\\/halo-sterile-tissues\\\/#primaryimage\",\"url\":\"https:\\\/\\\/visionshare.org\\\/wp-content\\\/uploads\\\/Halo-Sterile-Cornea-gb.jpg\",\"contentUrl\":\"https:\\\/\\\/visionshare.org\\\/wp-content\\\/uploads\\\/Halo-Sterile-Cornea-gb.jpg\"},{\"@type\":\"BreadcrumbList\",\"@id\":\"https:\\\/\\\/visionshare.org\\\/halo-sterile-tissues\\\/#breadcrumb\",\"itemListElement\":[{\"@type\":\"ListItem\",\"position\":1,\"name\":\"Home\",\"item\":\"https:\\\/\\\/visionshare.org\\\/\"},{\"@type\":\"ListItem\",\"position\":2,\"name\":\"Halo\"}]},{\"@type\":\"WebSite\",\"@id\":\"https:\\\/\\\/visionshare.org\\\/#website\",\"url\":\"https:\\\/\\\/visionshare.org\\\/\",\"name\":\"Vision Share\",\"description\":\"Your Trusted Source\",\"publisher\":{\"@id\":\"https:\\\/\\\/visionshare.org\\\/#organization\"},\"potentialAction\":[{\"@type\":\"SearchAction\",\"target\":{\"@type\":\"EntryPoint\",\"urlTemplate\":\"https:\\\/\\\/visionshare.org\\\/?s={search_term_string}\"},\"query-input\":{\"@type\":\"PropertyValueSpecification\",\"valueRequired\":true,\"valueName\":\"search_term_string\"}}],\"inLanguage\":\"fr-FR\"},{\"@type\":\"Organization\",\"@id\":\"https:\\\/\\\/visionshare.org\\\/#organization\",\"name\":\"Vision Share\",\"url\":\"https:\\\/\\\/visionshare.org\\\/\",\"logo\":{\"@type\":\"ImageObject\",\"inLanguage\":\"fr-FR\",\"@id\":\"https:\\\/\\\/visionshare.org\\\/#\\\/schema\\\/logo\\\/image\\\/\",\"url\":\"https:\\\/\\\/visionshare.org\\\/wp-content\\\/uploads\\\/cropped-cropped-cropped-VS_Your-trusted-source-logo-01-PNG.png\",\"contentUrl\":\"https:\\\/\\\/visionshare.org\\\/wp-content\\\/uploads\\\/cropped-cropped-cropped-VS_Your-trusted-source-logo-01-PNG.png\",\"width\":1655,\"height\":861,\"caption\":\"Vision Share\"},\"image\":{\"@id\":\"https:\\\/\\\/visionshare.org\\\/#\\\/schema\\\/logo\\\/image\\\/\"},\"sameAs\":[\"https:\\\/\\\/www.facebook.com\\\/visionshareinc\",\"https:\\\/\\\/x.com\\\/Vision_Share\",\"https:\\\/\\\/www.linkedin.com\\\/company\\\/visionsshare\\\/\"]}]}<\/script>\n<!-- \/ Yoast SEO plugin. -->","yoast_head_json":{"title":"Tissus st\u00e9riles Halo | Vision Share","description":"Les tissus st\u00e9riles Halo se conservent \u00e0 temp\u00e9rature ambiante et ne n\u00e9cessitent ni rin\u00e7age ni r\u00e9hydratation, ce qui les rend id\u00e9aux pour le bloc op\u00e9ratoire.","robots":{"index":"index","follow":"follow","max-snippet":"max-snippet:-1","max-image-preview":"max-image-preview:large","max-video-preview":"max-video-preview:-1"},"canonical":"https:\/\/visionshare.org\/fr\/tissus-steriles-halo\/","og_locale":"fr_FR","og_type":"article","og_title":"Halo sterile tissues | Vision Share","og_description":"Halo sterile tissues are shelf-stable, room-temperature stored, and require no rinsing or rehydration, making them ideal for the OR.","og_url":"https:\/\/visionshare.org\/fr\/tissus-steriles-halo\/","og_site_name":"Vision Share","article_publisher":"https:\/\/www.facebook.com\/visionshareinc","article_modified_time":"2025-09-09T20:08:17+00:00","og_image":[{"width":503,"height":650,"url":"https:\/\/visionshare.org\/wp-content\/uploads\/Halo-Sterile-Cornea-gb.jpg","type":"image\/jpeg"}],"twitter_card":"summary_large_image","twitter_site":"@Vision_Share","twitter_misc":{"Dur\u00e9e de lecture estim\u00e9e":"3 minutes"},"schema":{"@context":"https:\/\/schema.org","@graph":[{"@type":"WebPage","@id":"https:\/\/visionshare.org\/halo-sterile-tissues\/","url":"https:\/\/visionshare.org\/halo-sterile-tissues\/","name":"Tissus st\u00e9riles Halo | Vision Share","isPartOf":{"@id":"https:\/\/visionshare.org\/#website"},"primaryImageOfPage":{"@id":"https:\/\/visionshare.org\/halo-sterile-tissues\/#primaryimage"},"image":{"@id":"https:\/\/visionshare.org\/halo-sterile-tissues\/#primaryimage"},"thumbnailUrl":"https:\/\/visionshare.org\/wp-content\/uploads\/Halo-Sterile-Cornea-gb.jpg","datePublished":"2025-05-21T13:16:48+00:00","dateModified":"2025-09-09T20:08:17+00:00","description":"Les tissus st\u00e9riles Halo se conservent \u00e0 temp\u00e9rature ambiante et ne n\u00e9cessitent ni rin\u00e7age ni r\u00e9hydratation, ce qui les rend id\u00e9aux pour le bloc op\u00e9ratoire.","breadcrumb":{"@id":"https:\/\/visionshare.org\/halo-sterile-tissues\/#breadcrumb"},"inLanguage":"fr-FR","potentialAction":[{"@type":"ReadAction","target":["https:\/\/visionshare.org\/halo-sterile-tissues\/"]}]},{"@type":"ImageObject","inLanguage":"fr-FR","@id":"https:\/\/visionshare.org\/halo-sterile-tissues\/#primaryimage","url":"https:\/\/visionshare.org\/wp-content\/uploads\/Halo-Sterile-Cornea-gb.jpg","contentUrl":"https:\/\/visionshare.org\/wp-content\/uploads\/Halo-Sterile-Cornea-gb.jpg"},{"@type":"BreadcrumbList","@id":"https:\/\/visionshare.org\/halo-sterile-tissues\/#breadcrumb","itemListElement":[{"@type":"ListItem","position":1,"name":"Home","item":"https:\/\/visionshare.org\/"},{"@type":"ListItem","position":2,"name":"Halo"}]},{"@type":"WebSite","@id":"https:\/\/visionshare.org\/#website","url":"https:\/\/visionshare.org\/","name":"Vision Share","description":"Votre source de confiance","publisher":{"@id":"https:\/\/visionshare.org\/#organization"},"potentialAction":[{"@type":"SearchAction","target":{"@type":"EntryPoint","urlTemplate":"https:\/\/visionshare.org\/?s={search_term_string}"},"query-input":{"@type":"PropertyValueSpecification","valueRequired":true,"valueName":"search_term_string"}}],"inLanguage":"fr-FR"},{"@type":"Organization","@id":"https:\/\/visionshare.org\/#organization","name":"Vision Share","url":"https:\/\/visionshare.org\/","logo":{"@type":"ImageObject","inLanguage":"fr-FR","@id":"https:\/\/visionshare.org\/#\/schema\/logo\/image\/","url":"https:\/\/visionshare.org\/wp-content\/uploads\/cropped-cropped-cropped-VS_Your-trusted-source-logo-01-PNG.png","contentUrl":"https:\/\/visionshare.org\/wp-content\/uploads\/cropped-cropped-cropped-VS_Your-trusted-source-logo-01-PNG.png","width":1655,"height":861,"caption":"Vision Share"},"image":{"@id":"https:\/\/visionshare.org\/#\/schema\/logo\/image\/"},"sameAs":["https:\/\/www.facebook.com\/visionshareinc","https:\/\/x.com\/Vision_Share","https:\/\/www.linkedin.com\/company\/visionsshare\/"]}]}},"_links":{"self":[{"href":"https:\/\/visionshare.org\/fr\/wp-json\/wp\/v2\/pages\/12517","targetHints":{"allow":["GET"]}}],"collection":[{"href":"https:\/\/visionshare.org\/fr\/wp-json\/wp\/v2\/pages"}],"about":[{"href":"https:\/\/visionshare.org\/fr\/wp-json\/wp\/v2\/types\/page"}],"author":[{"embeddable":true,"href":"https:\/\/visionshare.org\/fr\/wp-json\/wp\/v2\/users\/9"}],"replies":[{"embeddable":true,"href":"https:\/\/visionshare.org\/fr\/wp-json\/wp\/v2\/comments?post=12517"}],"version-history":[{"count":191,"href":"https:\/\/visionshare.org\/fr\/wp-json\/wp\/v2\/pages\/12517\/revisions"}],"predecessor-version":[{"id":13818,"href":"https:\/\/visionshare.org\/fr\/wp-json\/wp\/v2\/pages\/12517\/revisions\/13818"}],"wp:attachment":[{"href":"https:\/\/visionshare.org\/fr\/wp-json\/wp\/v2\/media?parent=12517"}],"curies":[{"name":"wp","href":"https:\/\/api.w.org\/{rel}","templated":true}]}}