{"id":12787,"date":"2025-06-02T14:50:37","date_gmt":"2025-06-02T19:50:37","guid":{"rendered":"https:\/\/visionshare.org\/?page_id=12787"},"modified":"2025-09-09T15:43:47","modified_gmt":"2025-09-09T20:43:47","slug":"tissu-sterile","status":"publish","type":"page","link":"https:\/\/visionshare.org\/fr\/sterile-tissue\/","title":{"rendered":"Tissu st\u00e9rile"},"content":{"rendered":"<div class=\"gb-container gb-container-989dc778 gbp-section\">\n<div class=\"gb-container gb-container-7689f7c9\">\n<div class=\"gb-grid-wrapper gb-grid-wrapper-8052e075\">\n<div class=\"gb-grid-column gb-grid-column-f79830a8\"><div class=\"gb-container gb-container-f79830a8\">\n<div class=\"gb-container gb-container-a0046f1f\">\n\n<figure class=\"gb-block-image gb-block-image-d95091c0\"><a href=\"https:\/\/visionshare.org\/fr\/keranatural\/\"><img loading=\"lazy\" decoding=\"async\" width=\"2048\" height=\"1365\" class=\"gb-image gb-image-d95091c0\" src=\"https:\/\/visionshare.org\/wp-content\/uploads\/ring-forcep-close.jpg\" alt=\"\" title=\"anneau forcep fermer\" srcset=\"https:\/\/visionshare.org\/wp-content\/uploads\/ring-forcep-close.jpg 2048w, https:\/\/visionshare.org\/wp-content\/uploads\/ring-forcep-close-300x200.jpg 300w, https:\/\/visionshare.org\/wp-content\/uploads\/ring-forcep-close-1024x683.jpg 1024w, https:\/\/visionshare.org\/wp-content\/uploads\/ring-forcep-close-768x512.jpg 768w, https:\/\/visionshare.org\/wp-content\/uploads\/ring-forcep-close-1536x1024.jpg 1536w\" sizes=\"auto, (max-width: 2048px) 100vw, 2048px\" \/><\/a><\/figure>\n\n\n\n<div>\n<h3 class=\"gb-headline gb-headline-a656f9cc gb-headline-text gbp-section__headline\">KeraNatural - Tissu corn\u00e9en st\u00e9rile pr\u00eat pour la greffe<\/h3>\n\n\n\n<p class=\"has-text-align-left\">KeraNatural\u00ae est un anneau ou un arc d'allogreffe st\u00e9rile fabriqu\u00e9 \u00e0 partir de tissu corn\u00e9en provenant d'un donneur humain. D\u00e9velopp\u00e9 par VisionGift, il offre une alternative naturelle aux implants synth\u00e9tiques pour les patients atteints de k\u00e9ratoc\u00f4ne, dans le but de remodeler la corn\u00e9e et d'am\u00e9liorer la vision.<br><\/p>\n\n\n<div class=\"gb-container gb-container-935333d4\">\n\n<a class=\"gb-button gb-button-46d1155b gb-button-text gbp-button--primary\" href=\"https:\/\/visionshare.org\/fr\/keranatural\/\" target=\"_blank\" rel=\"noopener noreferrer\">En savoir plus - KeraNatural<\/a>\n\n\n\n<a class=\"gb-button gb-button-40b9aa98 gb-button-text gbp-button--primary\" href=\"https:\/\/visionshare.org\/fr\/keranatural\/#keranaturalmoreinfo\" target=\"_blank\" rel=\"noopener noreferrer\">Contactez-nous d\u00e8s aujourd'hui<\/a>\n\n<\/div><\/div>\n\n<\/div>\n<\/div><\/div>\n\n<div class=\"gb-grid-column gb-grid-column-de9bdae2\"><div class=\"gb-container gb-container-de9bdae2\">\n<div class=\"gb-container gb-container-919ce250\">\n\n<figure class=\"gb-block-image gb-block-image-a2567325\"><a href=\"https:\/\/visionshare.org\/fr\/tissus-steriles-halo\/\"><img loading=\"lazy\" decoding=\"async\" width=\"2048\" height=\"1365\" class=\"gb-image gb-image-a2567325\" src=\"https:\/\/visionshare.org\/wp-content\/uploads\/halo-tissue-updated-2.jpg\" alt=\"\" title=\"halo-tissue-updated-2\" srcset=\"https:\/\/visionshare.org\/wp-content\/uploads\/halo-tissue-updated-2.jpg 2048w, https:\/\/visionshare.org\/wp-content\/uploads\/halo-tissue-updated-2-300x200.jpg 300w, https:\/\/visionshare.org\/wp-content\/uploads\/halo-tissue-updated-2-1024x683.jpg 1024w, https:\/\/visionshare.org\/wp-content\/uploads\/halo-tissue-updated-2-768x512.jpg 768w, https:\/\/visionshare.org\/wp-content\/uploads\/halo-tissue-updated-2-1536x1024.jpg 1536w\" sizes=\"auto, (max-width: 2048px) 100vw, 2048px\" \/><\/a><\/figure>\n\n\n\n<div>\n<h3 class=\"gb-headline gb-headline-c81f56d6 gb-headline-text gbp-section__headline\">tissu st\u00e9rile halo<\/h3>\n\n\n\n<p class=\"has-text-align-left\">Les tissus st\u00e9riles Halo\u00ae se conservent \u00e0 temp\u00e9rature ambiante et ne n\u00e9cessitent ni rin\u00e7age ni r\u00e9hydratation, ce qui les rend id\u00e9aux pour les proc\u00e9dures d'urgence et les interventions chirurgicales programm\u00e9es. Les tissus sont disponibles sous forme de corn\u00e9e, de scl\u00e9rotique et de p\u00e9ricarde.<\/p>\n\n\n<div class=\"gb-container gb-container-046f2e8f\">\n\n<a class=\"gb-button gb-button-227484f7 gb-button-text gbp-button--primary\" href=\"https:\/\/visionshare.org\/fr\/halo-sterile-tissue\/\" target=\"_blank\" rel=\"noopener noreferrer\">En savoir plus - halo<\/a>\n\n\n\n<a class=\"gb-button gb-button-e2dd4899 gb-button-text gbp-button--primary\" href=\"https:\/\/visionshare.org\/fr\/tissus-steriles-halo\/#halosteriletissuemoreinfo\" target=\"_blank\" rel=\"noopener noreferrer\">Contactez-nous d\u00e8s aujourd'hui<\/a>\n\n<\/div><\/div>\n\n<\/div>\n<\/div><\/div>\n<\/div>\n<\/div>\n\n\n<div class=\"gb-element-a9805da7\"><div class=\"gb-container gb-container-f15e542d gbp-section__inner\">\n<div class=\"gb-container gb-container-527b3663\">\n<div class=\"gb-container gb-container-fb78dc06\">\n\n<h2 class=\"gb-headline gb-headline-dcdd36f8 gb-headline-text gbp-section__headline\"><strong>Le centre de distribution de Vision Share est disponible 24 heures sur 24, 7 jours sur 7, tous les jours de l'ann\u00e9e.<\/strong><\/h2>\n\n<\/div>\n\n\n<div class=\"gb-headline gb-headline-bc15c0b4 gb-headline-text gbp-section__text\">Notre \u00e9quipe coordonne la distribution des tissus oculaires aux \u00c9tats-Unis et dans le monde entier. Nous contr\u00f4lons en permanence les r\u00e9sultats du traitement et les d\u00e9tails de l'exp\u00e9dition afin de garantir la pr\u00e9cision et l'efficacit\u00e9. Les coordinateurs de distribution de Vision Share, hautement qualifi\u00e9s, s'engagent \u00e0 vous fournir un service personnalis\u00e9 de qualit\u00e9. Nous vous remercions de nous faire confiance pour vos besoins en tissus oculaires. <\/div>\n\n\n\n<p><strong>Centre de distribution Vision Share<\/strong><br>T\u00e9l\u00e9phone :&nbsp;<a href=\"tel:+18886574448\">1-888-657-4448<\/a><br>Courriel :&nbsp;&nbsp;<a href=\"mailto:dc@visionshare.org\">dc@visionshare.org<\/a><\/p>\n\n<\/div>\n<\/div><\/div>\n\n<\/div>","protected":false},"excerpt":{"rendered":"<p>The Vision Share Distribution Center is on call 24 hours a day, 7 days a week, every day of the year. Our team coordinates the &#8230; <a title=\"Tissu st\u00e9rile\" class=\"read-more\" href=\"https:\/\/visionshare.org\/fr\/sterile-tissue\/\" aria-label=\"En savoir plus sur Sterile Tissue\">Lire plus<\/a><\/p>","protected":false},"author":1,"featured_media":13837,"parent":0,"menu_order":0,"comment_status":"closed","ping_status":"closed","template":"","meta":{"_acf_changed":false,"footnotes":""},"class_list":["post-12787","page","type-page","status-publish","has-post-thumbnail"],"acf":[],"yoast_head":"<!-- This site is optimized with the Yoast SEO plugin v27.4 - https:\/\/yoast.com\/product\/yoast-seo-wordpress\/ -->\n<title>Sterile Tissue - Vision Share<\/title>\n<meta name=\"description\" content=\"KeraNatural and halo offer safe, sterile corneal tissue for transplant or research \u2014 ready anytime, anywhere, with no waiting or waste.\" \/>\n<meta name=\"robots\" content=\"index, follow, max-snippet:-1, max-image-preview:large, max-video-preview:-1\" \/>\n<link rel=\"canonical\" href=\"https:\/\/visionshare.org\/fr\/tissu-sterile\/\" \/>\n<meta property=\"og:locale\" content=\"fr_FR\" \/>\n<meta property=\"og:type\" content=\"article\" \/>\n<meta property=\"og:title\" content=\"Sterile Tissue - Vision Share\" \/>\n<meta property=\"og:description\" content=\"KeraNatural and halo offer safe, sterile corneal tissue for transplant or research \u2014 ready anytime, anywhere, with no waiting or waste.\" \/>\n<meta property=\"og:url\" content=\"https:\/\/visionshare.org\/fr\/tissu-sterile\/\" \/>\n<meta property=\"og:site_name\" content=\"Vision Share\" \/>\n<meta property=\"article:publisher\" content=\"https:\/\/www.facebook.com\/visionshareinc\" \/>\n<meta property=\"article:modified_time\" content=\"2025-09-09T20:43:47+00:00\" \/>\n<meta property=\"og:image\" content=\"https:\/\/visionshare.org\/wp-content\/uploads\/sterile-tissue-page-header1.jpg\" \/>\n\t<meta property=\"og:image:width\" content=\"2000\" \/>\n\t<meta property=\"og:image:height\" content=\"741\" \/>\n\t<meta property=\"og:image:type\" content=\"image\/jpeg\" \/>\n<meta name=\"twitter:card\" content=\"summary_large_image\" \/>\n<meta name=\"twitter:site\" content=\"@Vision_Share\" \/>\n<meta name=\"twitter:label1\" content=\"Dur\u00e9e de lecture estim\u00e9e\" \/>\n\t<meta name=\"twitter:data1\" content=\"2 minutes\" \/>\n<script type=\"application\/ld+json\" class=\"yoast-schema-graph\">{\"@context\":\"https:\\\/\\\/schema.org\",\"@graph\":[{\"@type\":\"WebPage\",\"@id\":\"https:\\\/\\\/visionshare.org\\\/sterile-tissue\\\/\",\"url\":\"https:\\\/\\\/visionshare.org\\\/sterile-tissue\\\/\",\"name\":\"Sterile Tissue - Vision Share\",\"isPartOf\":{\"@id\":\"https:\\\/\\\/visionshare.org\\\/#website\"},\"primaryImageOfPage\":{\"@id\":\"https:\\\/\\\/visionshare.org\\\/sterile-tissue\\\/#primaryimage\"},\"image\":{\"@id\":\"https:\\\/\\\/visionshare.org\\\/sterile-tissue\\\/#primaryimage\"},\"thumbnailUrl\":\"https:\\\/\\\/visionshare.org\\\/wp-content\\\/uploads\\\/sterile-tissue-page-header1.jpg\",\"datePublished\":\"2025-06-02T19:50:37+00:00\",\"dateModified\":\"2025-09-09T20:43:47+00:00\",\"description\":\"KeraNatural and halo offer safe, sterile corneal tissue for transplant or research \u2014 ready anytime, anywhere, with no waiting or waste.\",\"breadcrumb\":{\"@id\":\"https:\\\/\\\/visionshare.org\\\/sterile-tissue\\\/#breadcrumb\"},\"inLanguage\":\"fr-FR\",\"potentialAction\":[{\"@type\":\"ReadAction\",\"target\":[\"https:\\\/\\\/visionshare.org\\\/sterile-tissue\\\/\"]}]},{\"@type\":\"ImageObject\",\"inLanguage\":\"fr-FR\",\"@id\":\"https:\\\/\\\/visionshare.org\\\/sterile-tissue\\\/#primaryimage\",\"url\":\"https:\\\/\\\/visionshare.org\\\/wp-content\\\/uploads\\\/sterile-tissue-page-header1.jpg\",\"contentUrl\":\"https:\\\/\\\/visionshare.org\\\/wp-content\\\/uploads\\\/sterile-tissue-page-header1.jpg\",\"width\":2000,\"height\":741,\"caption\":\"sterile-tissue-page-header1\"},{\"@type\":\"BreadcrumbList\",\"@id\":\"https:\\\/\\\/visionshare.org\\\/sterile-tissue\\\/#breadcrumb\",\"itemListElement\":[{\"@type\":\"ListItem\",\"position\":1,\"name\":\"Home\",\"item\":\"https:\\\/\\\/visionshare.org\\\/\"},{\"@type\":\"ListItem\",\"position\":2,\"name\":\"Sterile Tissue\"}]},{\"@type\":\"WebSite\",\"@id\":\"https:\\\/\\\/visionshare.org\\\/#website\",\"url\":\"https:\\\/\\\/visionshare.org\\\/\",\"name\":\"Vision Share\",\"description\":\"Your Trusted Source\",\"publisher\":{\"@id\":\"https:\\\/\\\/visionshare.org\\\/#organization\"},\"potentialAction\":[{\"@type\":\"SearchAction\",\"target\":{\"@type\":\"EntryPoint\",\"urlTemplate\":\"https:\\\/\\\/visionshare.org\\\/?s={search_term_string}\"},\"query-input\":{\"@type\":\"PropertyValueSpecification\",\"valueRequired\":true,\"valueName\":\"search_term_string\"}}],\"inLanguage\":\"fr-FR\"},{\"@type\":\"Organization\",\"@id\":\"https:\\\/\\\/visionshare.org\\\/#organization\",\"name\":\"Vision Share\",\"url\":\"https:\\\/\\\/visionshare.org\\\/\",\"logo\":{\"@type\":\"ImageObject\",\"inLanguage\":\"fr-FR\",\"@id\":\"https:\\\/\\\/visionshare.org\\\/#\\\/schema\\\/logo\\\/image\\\/\",\"url\":\"https:\\\/\\\/visionshare.org\\\/wp-content\\\/uploads\\\/cropped-cropped-cropped-VS_Your-trusted-source-logo-01-PNG.png\",\"contentUrl\":\"https:\\\/\\\/visionshare.org\\\/wp-content\\\/uploads\\\/cropped-cropped-cropped-VS_Your-trusted-source-logo-01-PNG.png\",\"width\":1655,\"height\":861,\"caption\":\"Vision Share\"},\"image\":{\"@id\":\"https:\\\/\\\/visionshare.org\\\/#\\\/schema\\\/logo\\\/image\\\/\"},\"sameAs\":[\"https:\\\/\\\/www.facebook.com\\\/visionshareinc\",\"https:\\\/\\\/x.com\\\/Vision_Share\",\"https:\\\/\\\/www.linkedin.com\\\/company\\\/visionsshare\\\/\"]}]}<\/script>\n<!-- \/ Yoast SEO plugin. -->","yoast_head_json":{"title":"Tissu st\u00e9rile - Vision Share","description":"KeraNatural et halo proposent du tissu corn\u00e9en st\u00e9rile et s\u00fbr pour greffe ou recherche \u2014 pr\u00eat \u00e0 tout moment, partout, sans attente ni gaspillage.","robots":{"index":"index","follow":"follow","max-snippet":"max-snippet:-1","max-image-preview":"max-image-preview:large","max-video-preview":"max-video-preview:-1"},"canonical":"https:\/\/visionshare.org\/fr\/tissu-sterile\/","og_locale":"fr_FR","og_type":"article","og_title":"Sterile Tissue - Vision Share","og_description":"KeraNatural and halo offer safe, sterile corneal tissue for transplant or research \u2014 ready anytime, anywhere, with no waiting or waste.","og_url":"https:\/\/visionshare.org\/fr\/tissu-sterile\/","og_site_name":"Vision Share","article_publisher":"https:\/\/www.facebook.com\/visionshareinc","article_modified_time":"2025-09-09T20:43:47+00:00","og_image":[{"width":2000,"height":741,"url":"https:\/\/visionshare.org\/wp-content\/uploads\/sterile-tissue-page-header1.jpg","type":"image\/jpeg"}],"twitter_card":"summary_large_image","twitter_site":"@Vision_Share","twitter_misc":{"Dur\u00e9e de lecture estim\u00e9e":"2 minutes"},"schema":{"@context":"https:\/\/schema.org","@graph":[{"@type":"WebPage","@id":"https:\/\/visionshare.org\/sterile-tissue\/","url":"https:\/\/visionshare.org\/sterile-tissue\/","name":"Tissu st\u00e9rile - Vision Share","isPartOf":{"@id":"https:\/\/visionshare.org\/#website"},"primaryImageOfPage":{"@id":"https:\/\/visionshare.org\/sterile-tissue\/#primaryimage"},"image":{"@id":"https:\/\/visionshare.org\/sterile-tissue\/#primaryimage"},"thumbnailUrl":"https:\/\/visionshare.org\/wp-content\/uploads\/sterile-tissue-page-header1.jpg","datePublished":"2025-06-02T19:50:37+00:00","dateModified":"2025-09-09T20:43:47+00:00","description":"KeraNatural et halo proposent du tissu corn\u00e9en st\u00e9rile et s\u00fbr pour greffe ou recherche \u2014 pr\u00eat \u00e0 tout moment, partout, sans attente ni gaspillage.","breadcrumb":{"@id":"https:\/\/visionshare.org\/sterile-tissue\/#breadcrumb"},"inLanguage":"fr-FR","potentialAction":[{"@type":"ReadAction","target":["https:\/\/visionshare.org\/sterile-tissue\/"]}]},{"@type":"ImageObject","inLanguage":"fr-FR","@id":"https:\/\/visionshare.org\/sterile-tissue\/#primaryimage","url":"https:\/\/visionshare.org\/wp-content\/uploads\/sterile-tissue-page-header1.jpg","contentUrl":"https:\/\/visionshare.org\/wp-content\/uploads\/sterile-tissue-page-header1.jpg","width":2000,"height":741,"caption":"sterile-tissue-page-header1"},{"@type":"BreadcrumbList","@id":"https:\/\/visionshare.org\/sterile-tissue\/#breadcrumb","itemListElement":[{"@type":"ListItem","position":1,"name":"Home","item":"https:\/\/visionshare.org\/"},{"@type":"ListItem","position":2,"name":"Sterile Tissue"}]},{"@type":"WebSite","@id":"https:\/\/visionshare.org\/#website","url":"https:\/\/visionshare.org\/","name":"Vision Share","description":"Votre source de confiance","publisher":{"@id":"https:\/\/visionshare.org\/#organization"},"potentialAction":[{"@type":"SearchAction","target":{"@type":"EntryPoint","urlTemplate":"https:\/\/visionshare.org\/?s={search_term_string}"},"query-input":{"@type":"PropertyValueSpecification","valueRequired":true,"valueName":"search_term_string"}}],"inLanguage":"fr-FR"},{"@type":"Organization","@id":"https:\/\/visionshare.org\/#organization","name":"Vision Share","url":"https:\/\/visionshare.org\/","logo":{"@type":"ImageObject","inLanguage":"fr-FR","@id":"https:\/\/visionshare.org\/#\/schema\/logo\/image\/","url":"https:\/\/visionshare.org\/wp-content\/uploads\/cropped-cropped-cropped-VS_Your-trusted-source-logo-01-PNG.png","contentUrl":"https:\/\/visionshare.org\/wp-content\/uploads\/cropped-cropped-cropped-VS_Your-trusted-source-logo-01-PNG.png","width":1655,"height":861,"caption":"Vision Share"},"image":{"@id":"https:\/\/visionshare.org\/#\/schema\/logo\/image\/"},"sameAs":["https:\/\/www.facebook.com\/visionshareinc","https:\/\/x.com\/Vision_Share","https:\/\/www.linkedin.com\/company\/visionsshare\/"]}]}},"_links":{"self":[{"href":"https:\/\/visionshare.org\/fr\/wp-json\/wp\/v2\/pages\/12787","targetHints":{"allow":["GET"]}}],"collection":[{"href":"https:\/\/visionshare.org\/fr\/wp-json\/wp\/v2\/pages"}],"about":[{"href":"https:\/\/visionshare.org\/fr\/wp-json\/wp\/v2\/types\/page"}],"author":[{"embeddable":true,"href":"https:\/\/visionshare.org\/fr\/wp-json\/wp\/v2\/users\/1"}],"replies":[{"embeddable":true,"href":"https:\/\/visionshare.org\/fr\/wp-json\/wp\/v2\/comments?post=12787"}],"version-history":[{"count":46,"href":"https:\/\/visionshare.org\/fr\/wp-json\/wp\/v2\/pages\/12787\/revisions"}],"predecessor-version":[{"id":13217,"href":"https:\/\/visionshare.org\/fr\/wp-json\/wp\/v2\/pages\/12787\/revisions\/13217"}],"wp:featuredmedia":[{"embeddable":true,"href":"https:\/\/visionshare.org\/fr\/wp-json\/wp\/v2\/media\/13837"}],"wp:attachment":[{"href":"https:\/\/visionshare.org\/fr\/wp-json\/wp\/v2\/media?parent=12787"}],"curies":[{"name":"wp","href":"https:\/\/api.w.org\/{rel}","templated":true}]}}