{"id":13957,"date":"2025-10-02T13:18:02","date_gmt":"2025-10-02T18:18:02","guid":{"rendered":"https:\/\/visionshare.org\/?page_id=13957"},"modified":"2025-10-20T19:03:59","modified_gmt":"2025-10-21T00:03:59","slug":"articles-sur-linnovation-en-matiere-de-transplantation-de-cornee","status":"publish","type":"page","link":"https:\/\/visionshare.org\/fr\/innovation-corneal-transplantation-articles\/","title":{"rendered":"Articles sur l'innovation en mati\u00e8re de transplantation corn\u00e9enne"},"content":{"rendered":"<h2 class=\"wp-block-heading\">Pr\u00e9sentation de l'innovation dans les banques oculaires<\/h2>\n\n\n\n<p>Dans le domaine des banques d'yeux, l'innovation transforme la fa\u00e7on dont la vue est restaur\u00e9e et pr\u00e9serv\u00e9e. Vision Share pr\u00e9sente des experts de l'industrie \u00e0 l'origine de ces progr\u00e8s, qu'il s'agisse d'avanc\u00e9es dans la pr\u00e9servation des tissus et les techniques chirurgicales ou de nouveaux outils qui \u00e9largissent l'acc\u00e8s aux soins \u00e0 l'\u00e9chelle mondiale. Vous trouverez ci-dessous des articles mettant en lumi\u00e8re l'innovation en mati\u00e8re de transplantation de corn\u00e9e et de recherche oculaire.<\/p>\n\n\n\n<div><div class=\"gb-looper-336211b4\">\n<div class=\"gb-loop-item gb-loop-item-77177ebf post-14460 post type-post status-publish format-standard has-post-thumbnail hentry category-corneal-transplant-innovation generate-columns tablet-grid-50 mobile-grid-100 grid-parent grid-33\">\n<img loading=\"lazy\" decoding=\"async\" width=\"1314\" height=\"1460\" data-media-id=\"14462\" class=\"gb-media-4b2fa0be\" src=\"https:\/\/visionshare.org\/wp-content\/uploads\/KLAL_Pro_Ill_FNL.png\" alt=\"Faire progresser l&#039;innovation dans la transplantation corn\u00e9enne : Le point de vue du vice-pr\u00e9sident de la R&amp;D d&#039;Eversight\" srcset=\"https:\/\/visionshare.org\/wp-content\/uploads\/KLAL_Pro_Ill_FNL.png 1314w, https:\/\/visionshare.org\/wp-content\/uploads\/KLAL_Pro_Ill_FNL-270x300.png 270w, https:\/\/visionshare.org\/wp-content\/uploads\/KLAL_Pro_Ill_FNL-922x1024.png 922w, https:\/\/visionshare.org\/wp-content\/uploads\/KLAL_Pro_Ill_FNL-768x853.png 768w, https:\/\/visionshare.org\/wp-content\/uploads\/KLAL_Pro_Ill_FNL-11x12.png 11w\" sizes=\"auto, (max-width: 1314px) 100vw, 1314px\" \/>\n\n\n\n<h2 class=\"gb-text gb-text-8d643b7c\"><a href=\"https:\/\/visionshare.org\/fr\/advancing-innovation-in-corneal-transplantation-klalpro\/\">Faire progresser l'innovation dans la transplantation corn\u00e9enne : Le point de vue du vice-pr\u00e9sident de la R&amp;D d'Eversight<\/a><\/h2>\n\n\n\n<p class=\"gb-text gb-text-347b20ac\">22 d\u00e9cembre 2025<\/p>\n\n\n\n<p class=\"gb-text\">Dans le cadre de la s\u00e9rie Vision Share sur les avanc\u00e9es dans le domaine de la greffe de corn\u00e9e, nous avons r\u00e9cemment rencontr\u00e9 Onkar B. Sawant, vice-pr\u00e9sident de la recherche et du d\u00e9veloppement d'Eversight, pour discuter des innovations \u00e9mergentes qui fa\u00e7onnent l'avenir de ce domaine. La conversation a mis en lumi\u00e8re la fa\u00e7on dont la science, la technologie et les solutions bas\u00e9es sur les banques d'yeux red\u00e9finissent ce qui est possible pour les patients du monde entier, ainsi que les r\u00e9sultats du webinaire d'Eversight auquel ont particip\u00e9 les docteurs Edward Holland et Nambi Nallasamy. Cet entretien s'inscrit dans le cadre des efforts d\u00e9ploy\u00e9s par Vision Share pour ... <a title=\"Faire progresser l&#039;innovation dans la transplantation corn\u00e9enne : Le point de vue du vice-pr\u00e9sident de la R&amp;D d&#039;Eversight\" class=\"read-more\" href=\"https:\/\/visionshare.org\/fr\/advancing-innovation-in-corneal-transplantation-klalpro\/\" aria-label=\"En savoir plus sur Faire progresser l&#039;innovation dans la transplantation corn\u00e9enne : Le point de vue du vice-pr\u00e9sident de la R&amp;D d&#039;Eversight\">Lire plus<\/a><\/p>\n<\/div>\n\n<div class=\"gb-loop-item gb-loop-item-77177ebf post-14283 post type-post status-publish format-standard has-post-thumbnail hentry category-corneal-transplant-innovation generate-columns tablet-grid-50 mobile-grid-100 grid-parent grid-33\">\n<img loading=\"lazy\" decoding=\"async\" width=\"2560\" height=\"1449\" data-media-id=\"14297\" class=\"gb-media-4b2fa0be\" src=\"https:\/\/visionshare.org\/wp-content\/uploads\/kerify-4-scaled.webp\" alt=\"Kerify : Une nouvelle fronti\u00e8re dans l&#039;\u00e9valuation quantitative des dommages endoth\u00e9liaux\" srcset=\"https:\/\/visionshare.org\/wp-content\/uploads\/kerify-4-scaled.webp 2560w, https:\/\/visionshare.org\/wp-content\/uploads\/kerify-4-300x170.webp 300w, https:\/\/visionshare.org\/wp-content\/uploads\/kerify-4-1024x580.webp 1024w, https:\/\/visionshare.org\/wp-content\/uploads\/kerify-4-768x435.webp 768w, https:\/\/visionshare.org\/wp-content\/uploads\/kerify-4-1536x870.webp 1536w, https:\/\/visionshare.org\/wp-content\/uploads\/kerify-4-2048x1159.webp 2048w, https:\/\/visionshare.org\/wp-content\/uploads\/kerify-4-18x10.webp 18w\" sizes=\"auto, (max-width: 2560px) 100vw, 2560px\" \/>\n\n\n\n<h2 class=\"gb-text gb-text-8d643b7c\"><a href=\"https:\/\/visionshare.org\/fr\/kerify-an-overview\/\">Kerify : Une nouvelle fronti\u00e8re dans l'\u00e9valuation quantitative des dommages endoth\u00e9liaux<\/a><\/h2>\n\n\n\n<p class=\"gb-text gb-text-347b20ac\">9 d\u00e9cembre 2025<\/p>\n\n\n\n<p class=\"gb-text\">Depuis que les k\u00e9ratoplasties endoth\u00e9liales ont \u00e9t\u00e9 introduites aux \u00c9tats-Unis en 2005, les banques oculaires se sont appuy\u00e9es sur la microscopie sp\u00e9culaire de post-traitement pour \u00e9valuer la sant\u00e9 endoth\u00e9liale, g\u00e9n\u00e9ralement en utilisant une petite image centrale qui ne capture qu'une fraction du greffon et qui est souvent influenc\u00e9e par un biais de s\u00e9lection. Kerify, d\u00e9velopp\u00e9 par Lions Gift of Sight (LGS) en partenariat avec les experts en imagerie ADCIS et soutenu par l'EBAA, repr\u00e9sente une avanc\u00e9e significative. Kerify offre une vue rapide et compl\u00e8te du greffon avec une cartographie quantitative des l\u00e9sions des cellules endoth\u00e9liales, apportant ... <a title=\"Kerify : Une nouvelle fronti\u00e8re dans l&#039;\u00e9valuation quantitative des dommages endoth\u00e9liaux\" class=\"read-more\" href=\"https:\/\/visionshare.org\/fr\/kerify-an-overview\/\" aria-label=\"En savoir plus sur Kerify : Une nouvelle fronti\u00e8re dans l&#039;\u00e9valuation quantitative des dommages endoth\u00e9liaux\">Lire plus<\/a><\/p>\n<\/div>\n\n<div class=\"gb-loop-item gb-loop-item-77177ebf post-13951 post type-post status-publish format-standard has-post-thumbnail hentry category-corneal-transplant-innovation category-sterile-tissue generate-columns tablet-grid-50 mobile-grid-100 grid-parent grid-33\">\n<img loading=\"lazy\" decoding=\"async\" width=\"2048\" height=\"1365\" data-media-id=\"12188\" class=\"gb-media-4b2fa0be\" src=\"https:\/\/visionshare.org\/wp-content\/uploads\/ring-forcep-close.jpg\" alt=\"L&#039;avenir de la transplantation de corn\u00e9e : Les points de vue d&#039;un expert de l&#039;industrie\" srcset=\"https:\/\/visionshare.org\/wp-content\/uploads\/ring-forcep-close.jpg 2048w, https:\/\/visionshare.org\/wp-content\/uploads\/ring-forcep-close-300x200.jpg 300w, https:\/\/visionshare.org\/wp-content\/uploads\/ring-forcep-close-1024x683.jpg 1024w, https:\/\/visionshare.org\/wp-content\/uploads\/ring-forcep-close-768x512.jpg 768w, https:\/\/visionshare.org\/wp-content\/uploads\/ring-forcep-close-1536x1024.jpg 1536w\" sizes=\"auto, (max-width: 2048px) 100vw, 2048px\" \/>\n\n\n\n<h2 class=\"gb-text gb-text-8d643b7c\"><a href=\"https:\/\/visionshare.org\/fr\/the-future-of-corneal-transplantation-1\/\">L'avenir de la transplantation de corn\u00e9e : Les points de vue d'un expert de l'industrie<\/a><\/h2>\n\n\n\n<p class=\"gb-text gb-text-347b20ac\">2 octobre 2025<\/p>\n\n\n\n<p class=\"gb-text\">Cet entretien avec le professeur Suphi Taneri fait partie d'une s\u00e9rie plus large consacr\u00e9e \u00e0 l'innovation dans le domaine de la transplantation de la corn\u00e9e. La transplantation de la corn\u00e9e \u00e9volue rapidement. Des techniques chirurgicales raffin\u00e9es aux solutions pr\u00eates \u00e0 l'emploi, l'innovation modifie les r\u00e9sultats pour les patients du monde entier. Pour explorer ces changements, nous nous sommes entretenus avec le professeur Taneri, docteur en m\u00e9decine et ophtalmologiste de premier plan en Allemagne, au sujet des avanc\u00e9es les plus significatives et de ce que l'avenir pourrait r\u00e9server aux chirurgiens, aux patients et aux soins oculaires dans le monde. Dans les prochains articles, nous partagerons les points de vue d'autres experts ... <a title=\"L&#039;avenir de la transplantation de corn\u00e9e : Les points de vue d&#039;un expert de l&#039;industrie\" class=\"read-more\" href=\"https:\/\/visionshare.org\/fr\/the-future-of-corneal-transplantation-1\/\" aria-label=\"En savoir plus sur L&#039;avenir de la transplantation corn\u00e9enne : Les points de vue d&#039;un expert de l&#039;industrie\">Lire plus<\/a><\/p>\n<\/div>\n\n<div class=\"gb-loop-item gb-loop-item-77177ebf post-13940 post type-post status-publish format-standard has-post-thumbnail hentry category-corneal-transplant-innovation generate-columns tablet-grid-50 mobile-grid-100 grid-parent grid-33\">\n<img loading=\"lazy\" decoding=\"async\" width=\"2560\" height=\"2560\" data-media-id=\"13942\" class=\"gb-media-4b2fa0be\" src=\"https:\/\/visionshare.org\/wp-content\/uploads\/XTRA4doublevial-scaled.webp\" alt=\"Extension de la fen\u00eatre de vision : comment XTRA4 pourrait transformer la transplantation de corn\u00e9e\" srcset=\"https:\/\/visionshare.org\/wp-content\/uploads\/XTRA4doublevial-scaled.webp 2560w, https:\/\/visionshare.org\/wp-content\/uploads\/XTRA4doublevial-300x300.webp 300w, https:\/\/visionshare.org\/wp-content\/uploads\/XTRA4doublevial-1024x1024.webp 1024w, https:\/\/visionshare.org\/wp-content\/uploads\/XTRA4doublevial-150x150.webp 150w, https:\/\/visionshare.org\/wp-content\/uploads\/XTRA4doublevial-768x768.webp 768w, https:\/\/visionshare.org\/wp-content\/uploads\/XTRA4doublevial-1536x1536.webp 1536w, https:\/\/visionshare.org\/wp-content\/uploads\/XTRA4doublevial-2048x2048.webp 2048w, https:\/\/visionshare.org\/wp-content\/uploads\/XTRA4doublevial-12x12.webp 12w\" sizes=\"auto, (max-width: 2560px) 100vw, 2560px\" \/>\n\n\n\n<h2 class=\"gb-text gb-text-8d643b7c\"><a href=\"https:\/\/visionshare.org\/fr\/xtra4-corneal-transplant-innovation\/\">Extension de la fen\u00eatre de vision : comment XTRA4 pourrait transformer la transplantation de corn\u00e9e<\/a><\/h2>\n\n\n\n<p class=\"gb-text gb-text-347b20ac\">2 octobre 2025<\/p>\n\n\n\n<p class=\"gb-text\">\u00c0 Vision Share, nous nous engageons \u00e0 mettre en lumi\u00e8re les innovations qui soutiennent la restauration de la vue dans le monde. Aujourd'hui, nous mettons l'accent sur XTRA4 de Moria Surgical, un milieu de stockage hypothermique de nouvelle g\u00e9n\u00e9ration con\u00e7u pour prolonger la pr\u00e9servation de la corn\u00e9e. Ayant r\u00e9cemment re\u00e7u l'autorisation 510(k) de la FDA, XTRA4 permet de conserver la corn\u00e9e jusqu'\u00e0 14 jours.  Pourquoi l'innovation en mati\u00e8re de stockage est importante Actuellement, les solutions de stockage hypothermique ont une fen\u00eatre pratique limit\u00e9e pour la transplantation de la corn\u00e9e. Aux \u00c9tats-Unis, de nombreux chirurgiens \u00e9vitent d'utiliser des tissus conserv\u00e9s pendant plus de sept jours, ce qui entra\u00eene souvent ... <a title=\"Extension de la fen\u00eatre de vision : comment XTRA4 pourrait transformer la transplantation de corn\u00e9e\" class=\"read-more\" href=\"https:\/\/visionshare.org\/fr\/xtra4-corneal-transplant-innovation\/\" aria-label=\"En savoir plus sur Extending the Window of Sight : How XTRA4 Could Transform Corneal Transplantation\">Lire plus<\/a><\/p>\n<\/div>\n\n<div class=\"gb-loop-item gb-loop-item-77177ebf post-13194 post type-post status-publish format-standard has-post-thumbnail hentry category-corneal-transplant-innovation category-halo category-keranatural category-sterile-tissue generate-columns tablet-grid-50 mobile-grid-100 grid-parent grid-33\">\n<img loading=\"lazy\" decoding=\"async\" width=\"989\" height=\"742\" data-media-id=\"13199\" class=\"gb-media-4b2fa0be\" src=\"https:\/\/visionshare.org\/wp-content\/uploads\/tony-phil-corrina-pressrelease.jpg\" alt=\"Les tissus st\u00e9riles KeraNatural et Halo sont d\u00e9sormais disponibles aupr\u00e8s de Vision Share.\" srcset=\"https:\/\/visionshare.org\/wp-content\/uploads\/tony-phil-corrina-pressrelease.jpg 989w, https:\/\/visionshare.org\/wp-content\/uploads\/tony-phil-corrina-pressrelease-300x225.jpg 300w, https:\/\/visionshare.org\/wp-content\/uploads\/tony-phil-corrina-pressrelease-768x576.jpg 768w\" sizes=\"auto, (max-width: 989px) 100vw, 989px\" \/>\n\n\n\n<h2 class=\"gb-text gb-text-8d643b7c\"><a href=\"https:\/\/visionshare.org\/fr\/keranatural-and-halo-now-available-through-vision-share-empowering-surgeons-globally-with-innovative-corneal-treatment-options\/\">Les tissus st\u00e9riles KeraNatural et Halo sont d\u00e9sormais disponibles aupr\u00e8s de Vision Share.<\/a><\/h2>\n\n\n\n<p class=\"gb-text gb-text-347b20ac\">16 juin 2025<\/p>\n\n\n\n<p class=\"gb-text\">Permettre aux chirurgiens du monde entier de b\u00e9n\u00e9ficier d'options de traitement de la corn\u00e9e innovantes Nous sommes fiers de partager avec vous une nouvelle passionnante : Vision Share est d\u00e9sormais le distributeur international exclusif de KeraNatural\u00ae et halo\u00ae en Alg\u00e9rie, au Costa Rica, en Isra\u00ebl, au Maroc, au P\u00e9rou, en Afrique du Sud et en Tunisie. De plus, Vision Share soutiendra \u00e9galement l'acc\u00e8s en Argentine, au Canada et en Suisse. Ce partenariat, annonc\u00e9 dans notre communiqu\u00e9 de presse officiel, apporte deux options innovantes de traitement de la corn\u00e9e de VisionGift \u00e0 plus de chirurgiens et de patients dans le monde entier, soutenant ainsi notre mission de soutien \u00e0 la restauration de la vue dans le monde. ... <a title=\"Les tissus st\u00e9riles KeraNatural et Halo sont d\u00e9sormais disponibles aupr\u00e8s de Vision Share.\" class=\"read-more\" href=\"https:\/\/visionshare.org\/fr\/keranatural-and-halo-now-available-through-vision-share-empowering-surgeons-globally-with-innovative-corneal-treatment-options\/\" aria-label=\"En savoir plus sur Les tissus st\u00e9riles KeraNatural et Halo sont maintenant disponibles chez Vision Share.\">Lire plus<\/a><\/p>\n<\/div>\n<\/div>\n\n\n<div class=\"gb-element-04057fbc gb-query-loop-pagination\">\n\n\n\n<\/div>\n<\/div>\n\n\n\n<p><\/p>","protected":false},"excerpt":{"rendered":"<p>Pr\u00e9sentation de l'innovation dans les banques oculaires Dans le domaine des banques oculaires, l'innovation transforme la mani\u00e8re dont la vue est restaur\u00e9e et pr\u00e9serv\u00e9e. Vision Share pr\u00e9sente l'industrie ... <a title=\"Articles sur l&#039;innovation en mati\u00e8re de transplantation corn\u00e9enne\" class=\"read-more\" href=\"https:\/\/visionshare.org\/fr\/innovation-corneal-transplantation-articles\/\" aria-label=\"En savoir plus sur Innovation in Corneal Transplantation Articles\">Lire plus<\/a><\/p>","protected":false},"author":1,"featured_media":12188,"parent":0,"menu_order":0,"comment_status":"closed","ping_status":"closed","template":"","meta":{"_acf_changed":false,"footnotes":""},"class_list":["post-13957","page","type-page","status-publish","has-post-thumbnail"],"acf":[],"yoast_head":"<!-- This site is optimized with the Yoast SEO plugin v27.4 - https:\/\/yoast.com\/product\/yoast-seo-wordpress\/ -->\n<title>Innovation in Corneal Transplantation Articles - Vision Share<\/title>\n<meta name=\"description\" content=\"View articles related to innovation in corneal transplantation here. If you have any questions about corneal transplantation contact us today.\" \/>\n<meta name=\"robots\" content=\"index, follow, max-snippet:-1, max-image-preview:large, max-video-preview:-1\" \/>\n<link rel=\"canonical\" href=\"https:\/\/visionshare.org\/fr\/articles-sur-linnovation-en-matiere-de-transplantation-de-cornee\/\" \/>\n<meta property=\"og:locale\" content=\"fr_FR\" \/>\n<meta property=\"og:type\" content=\"article\" \/>\n<meta property=\"og:title\" content=\"Innovation in Corneal Transplantation Articles - Vision Share\" \/>\n<meta property=\"og:description\" content=\"View articles related to innovation in corneal transplantation here. If you have any questions about corneal transplantation contact us today.\" \/>\n<meta property=\"og:url\" content=\"https:\/\/visionshare.org\/fr\/articles-sur-linnovation-en-matiere-de-transplantation-de-cornee\/\" \/>\n<meta property=\"og:site_name\" content=\"Vision Share\" \/>\n<meta property=\"article:publisher\" content=\"https:\/\/www.facebook.com\/visionshareinc\" \/>\n<meta property=\"article:modified_time\" content=\"2025-10-21T00:03:59+00:00\" \/>\n<meta property=\"og:image\" content=\"https:\/\/visionshare.org\/wp-content\/uploads\/ring-forcep-close.jpg\" \/>\n\t<meta property=\"og:image:width\" content=\"2048\" \/>\n\t<meta property=\"og:image:height\" content=\"1365\" \/>\n\t<meta property=\"og:image:type\" content=\"image\/jpeg\" \/>\n<meta name=\"twitter:card\" content=\"summary_large_image\" \/>\n<meta name=\"twitter:site\" content=\"@Vision_Share\" \/>\n<meta name=\"twitter:label1\" content=\"Dur\u00e9e de lecture estim\u00e9e\" \/>\n\t<meta name=\"twitter:data1\" content=\"1 minute\" \/>\n<script type=\"application\/ld+json\" class=\"yoast-schema-graph\">{\"@context\":\"https:\\\/\\\/schema.org\",\"@graph\":[{\"@type\":\"WebPage\",\"@id\":\"https:\\\/\\\/visionshare.org\\\/innovation-corneal-transplantation-articles\\\/\",\"url\":\"https:\\\/\\\/visionshare.org\\\/innovation-corneal-transplantation-articles\\\/\",\"name\":\"Innovation in Corneal Transplantation Articles - Vision Share\",\"isPartOf\":{\"@id\":\"https:\\\/\\\/visionshare.org\\\/#website\"},\"primaryImageOfPage\":{\"@id\":\"https:\\\/\\\/visionshare.org\\\/innovation-corneal-transplantation-articles\\\/#primaryimage\"},\"image\":{\"@id\":\"https:\\\/\\\/visionshare.org\\\/innovation-corneal-transplantation-articles\\\/#primaryimage\"},\"thumbnailUrl\":\"https:\\\/\\\/visionshare.org\\\/wp-content\\\/uploads\\\/ring-forcep-close.jpg\",\"datePublished\":\"2025-10-02T18:18:02+00:00\",\"dateModified\":\"2025-10-21T00:03:59+00:00\",\"description\":\"View articles related to innovation in corneal transplantation here. If you have any questions about corneal transplantation contact us today.\",\"breadcrumb\":{\"@id\":\"https:\\\/\\\/visionshare.org\\\/innovation-corneal-transplantation-articles\\\/#breadcrumb\"},\"inLanguage\":\"fr-FR\",\"potentialAction\":[{\"@type\":\"ReadAction\",\"target\":[\"https:\\\/\\\/visionshare.org\\\/innovation-corneal-transplantation-articles\\\/\"]}]},{\"@type\":\"ImageObject\",\"inLanguage\":\"fr-FR\",\"@id\":\"https:\\\/\\\/visionshare.org\\\/innovation-corneal-transplantation-articles\\\/#primaryimage\",\"url\":\"https:\\\/\\\/visionshare.org\\\/wp-content\\\/uploads\\\/ring-forcep-close.jpg\",\"contentUrl\":\"https:\\\/\\\/visionshare.org\\\/wp-content\\\/uploads\\\/ring-forcep-close.jpg\",\"width\":2048,\"height\":1365},{\"@type\":\"BreadcrumbList\",\"@id\":\"https:\\\/\\\/visionshare.org\\\/innovation-corneal-transplantation-articles\\\/#breadcrumb\",\"itemListElement\":[{\"@type\":\"ListItem\",\"position\":1,\"name\":\"Home\",\"item\":\"https:\\\/\\\/visionshare.org\\\/\"},{\"@type\":\"ListItem\",\"position\":2,\"name\":\"Innovation in Corneal Transplantation Articles\"}]},{\"@type\":\"WebSite\",\"@id\":\"https:\\\/\\\/visionshare.org\\\/#website\",\"url\":\"https:\\\/\\\/visionshare.org\\\/\",\"name\":\"Vision Share\",\"description\":\"Your Trusted Source\",\"publisher\":{\"@id\":\"https:\\\/\\\/visionshare.org\\\/#organization\"},\"potentialAction\":[{\"@type\":\"SearchAction\",\"target\":{\"@type\":\"EntryPoint\",\"urlTemplate\":\"https:\\\/\\\/visionshare.org\\\/?s={search_term_string}\"},\"query-input\":{\"@type\":\"PropertyValueSpecification\",\"valueRequired\":true,\"valueName\":\"search_term_string\"}}],\"inLanguage\":\"fr-FR\"},{\"@type\":\"Organization\",\"@id\":\"https:\\\/\\\/visionshare.org\\\/#organization\",\"name\":\"Vision Share\",\"url\":\"https:\\\/\\\/visionshare.org\\\/\",\"logo\":{\"@type\":\"ImageObject\",\"inLanguage\":\"fr-FR\",\"@id\":\"https:\\\/\\\/visionshare.org\\\/#\\\/schema\\\/logo\\\/image\\\/\",\"url\":\"https:\\\/\\\/visionshare.org\\\/wp-content\\\/uploads\\\/cropped-cropped-cropped-VS_Your-trusted-source-logo-01-PNG.png\",\"contentUrl\":\"https:\\\/\\\/visionshare.org\\\/wp-content\\\/uploads\\\/cropped-cropped-cropped-VS_Your-trusted-source-logo-01-PNG.png\",\"width\":1655,\"height\":861,\"caption\":\"Vision Share\"},\"image\":{\"@id\":\"https:\\\/\\\/visionshare.org\\\/#\\\/schema\\\/logo\\\/image\\\/\"},\"sameAs\":[\"https:\\\/\\\/www.facebook.com\\\/visionshareinc\",\"https:\\\/\\\/x.com\\\/Vision_Share\",\"https:\\\/\\\/www.linkedin.com\\\/company\\\/visionsshare\\\/\"]}]}<\/script>\n<!-- \/ Yoast SEO plugin. -->","yoast_head_json":{"title":"Articles sur l'innovation dans la transplantation de corn\u00e9e - Vision Share","description":"Consultez les articles relatifs \u00e0 l'innovation dans la transplantation de la corn\u00e9e ici. Si vous avez des questions sur la greffe de corn\u00e9e, contactez-nous d\u00e8s aujourd'hui.","robots":{"index":"index","follow":"follow","max-snippet":"max-snippet:-1","max-image-preview":"max-image-preview:large","max-video-preview":"max-video-preview:-1"},"canonical":"https:\/\/visionshare.org\/fr\/articles-sur-linnovation-en-matiere-de-transplantation-de-cornee\/","og_locale":"fr_FR","og_type":"article","og_title":"Innovation in Corneal Transplantation Articles - Vision Share","og_description":"View articles related to innovation in corneal transplantation here. If you have any questions about corneal transplantation contact us today.","og_url":"https:\/\/visionshare.org\/fr\/articles-sur-linnovation-en-matiere-de-transplantation-de-cornee\/","og_site_name":"Vision Share","article_publisher":"https:\/\/www.facebook.com\/visionshareinc","article_modified_time":"2025-10-21T00:03:59+00:00","og_image":[{"width":2048,"height":1365,"url":"https:\/\/visionshare.org\/wp-content\/uploads\/ring-forcep-close.jpg","type":"image\/jpeg"}],"twitter_card":"summary_large_image","twitter_site":"@Vision_Share","twitter_misc":{"Dur\u00e9e de lecture estim\u00e9e":"1 minute"},"schema":{"@context":"https:\/\/schema.org","@graph":[{"@type":"WebPage","@id":"https:\/\/visionshare.org\/innovation-corneal-transplantation-articles\/","url":"https:\/\/visionshare.org\/innovation-corneal-transplantation-articles\/","name":"Articles sur l'innovation dans la transplantation de corn\u00e9e - Vision Share","isPartOf":{"@id":"https:\/\/visionshare.org\/#website"},"primaryImageOfPage":{"@id":"https:\/\/visionshare.org\/innovation-corneal-transplantation-articles\/#primaryimage"},"image":{"@id":"https:\/\/visionshare.org\/innovation-corneal-transplantation-articles\/#primaryimage"},"thumbnailUrl":"https:\/\/visionshare.org\/wp-content\/uploads\/ring-forcep-close.jpg","datePublished":"2025-10-02T18:18:02+00:00","dateModified":"2025-10-21T00:03:59+00:00","description":"Consultez les articles relatifs \u00e0 l'innovation dans la transplantation de la corn\u00e9e ici. Si vous avez des questions sur la greffe de corn\u00e9e, contactez-nous d\u00e8s aujourd'hui.","breadcrumb":{"@id":"https:\/\/visionshare.org\/innovation-corneal-transplantation-articles\/#breadcrumb"},"inLanguage":"fr-FR","potentialAction":[{"@type":"ReadAction","target":["https:\/\/visionshare.org\/innovation-corneal-transplantation-articles\/"]}]},{"@type":"ImageObject","inLanguage":"fr-FR","@id":"https:\/\/visionshare.org\/innovation-corneal-transplantation-articles\/#primaryimage","url":"https:\/\/visionshare.org\/wp-content\/uploads\/ring-forcep-close.jpg","contentUrl":"https:\/\/visionshare.org\/wp-content\/uploads\/ring-forcep-close.jpg","width":2048,"height":1365},{"@type":"BreadcrumbList","@id":"https:\/\/visionshare.org\/innovation-corneal-transplantation-articles\/#breadcrumb","itemListElement":[{"@type":"ListItem","position":1,"name":"Home","item":"https:\/\/visionshare.org\/"},{"@type":"ListItem","position":2,"name":"Innovation in Corneal Transplantation Articles"}]},{"@type":"WebSite","@id":"https:\/\/visionshare.org\/#website","url":"https:\/\/visionshare.org\/","name":"Vision Share","description":"Votre source de confiance","publisher":{"@id":"https:\/\/visionshare.org\/#organization"},"potentialAction":[{"@type":"SearchAction","target":{"@type":"EntryPoint","urlTemplate":"https:\/\/visionshare.org\/?s={search_term_string}"},"query-input":{"@type":"PropertyValueSpecification","valueRequired":true,"valueName":"search_term_string"}}],"inLanguage":"fr-FR"},{"@type":"Organization","@id":"https:\/\/visionshare.org\/#organization","name":"Vision Share","url":"https:\/\/visionshare.org\/","logo":{"@type":"ImageObject","inLanguage":"fr-FR","@id":"https:\/\/visionshare.org\/#\/schema\/logo\/image\/","url":"https:\/\/visionshare.org\/wp-content\/uploads\/cropped-cropped-cropped-VS_Your-trusted-source-logo-01-PNG.png","contentUrl":"https:\/\/visionshare.org\/wp-content\/uploads\/cropped-cropped-cropped-VS_Your-trusted-source-logo-01-PNG.png","width":1655,"height":861,"caption":"Vision Share"},"image":{"@id":"https:\/\/visionshare.org\/#\/schema\/logo\/image\/"},"sameAs":["https:\/\/www.facebook.com\/visionshareinc","https:\/\/x.com\/Vision_Share","https:\/\/www.linkedin.com\/company\/visionsshare\/"]}]}},"_links":{"self":[{"href":"https:\/\/visionshare.org\/fr\/wp-json\/wp\/v2\/pages\/13957","targetHints":{"allow":["GET"]}}],"collection":[{"href":"https:\/\/visionshare.org\/fr\/wp-json\/wp\/v2\/pages"}],"about":[{"href":"https:\/\/visionshare.org\/fr\/wp-json\/wp\/v2\/types\/page"}],"author":[{"embeddable":true,"href":"https:\/\/visionshare.org\/fr\/wp-json\/wp\/v2\/users\/1"}],"replies":[{"embeddable":true,"href":"https:\/\/visionshare.org\/fr\/wp-json\/wp\/v2\/comments?post=13957"}],"version-history":[{"count":26,"href":"https:\/\/visionshare.org\/fr\/wp-json\/wp\/v2\/pages\/13957\/revisions"}],"predecessor-version":[{"id":14081,"href":"https:\/\/visionshare.org\/fr\/wp-json\/wp\/v2\/pages\/13957\/revisions\/14081"}],"wp:featuredmedia":[{"embeddable":true,"href":"https:\/\/visionshare.org\/fr\/wp-json\/wp\/v2\/media\/12188"}],"wp:attachment":[{"href":"https:\/\/visionshare.org\/fr\/wp-json\/wp\/v2\/media?parent=13957"}],"curies":[{"name":"wp","href":"https:\/\/api.w.org\/{rel}","templated":true}]}}