{"id":1490,"date":"2017-07-12T10:08:59","date_gmt":"2017-07-12T17:08:59","guid":{"rendered":"https:\/\/visionshare.org\/?page_id=1490"},"modified":"2025-11-11T17:43:04","modified_gmt":"2025-11-11T23:43:04","slug":"demande-de-tissu","status":"publish","type":"page","link":"https:\/\/visionshare.org\/fr\/request-tissue\/","title":{"rendered":"Demande de tissus oculaires"},"content":{"rendered":"<div class=\"gb-container gb-container-989dc778 gbp-section\">\n<div class=\"gb-container gb-container-7689f7c9\">\n<div class=\"gb-grid-wrapper gb-grid-wrapper-8052e075\">\n<div class=\"gb-grid-column gb-grid-column-f79830a8\"><div class=\"gb-container gb-container-f79830a8\">\n<div class=\"gb-container gb-container-a0046f1f\">\n\n<figure class=\"gb-block-image gb-block-image-d95091c0\"><a href=\"https:\/\/vsdc.visionshare.org\/\"><img loading=\"lazy\" decoding=\"async\" width=\"1080\" height=\"1080\" class=\"gb-image gb-image-d95091c0\" src=\"https:\/\/visionshare.org\/wp-content\/uploads\/1-1.jpg\" alt=\"Image du traitement des tissus oculaires\" srcset=\"https:\/\/visionshare.org\/wp-content\/uploads\/1-1.jpg 1080w, https:\/\/visionshare.org\/wp-content\/uploads\/1-1-300x300.jpg 300w, https:\/\/visionshare.org\/wp-content\/uploads\/1-1-1024x1024.jpg 1024w, https:\/\/visionshare.org\/wp-content\/uploads\/1-1-150x150.jpg 150w, https:\/\/visionshare.org\/wp-content\/uploads\/1-1-768x768.jpg 768w, https:\/\/visionshare.org\/wp-content\/uploads\/1-1-500x500.jpg 500w, https:\/\/visionshare.org\/wp-content\/uploads\/1-1-700x700.jpg 700w, https:\/\/visionshare.org\/wp-content\/uploads\/1-1-100x100.jpg 100w\" sizes=\"auto, (max-width: 1080px) 100vw, 1080px\" \/><\/a><\/figure>\n\n\n\n<h3 class=\"gb-headline gb-headline-a656f9cc gb-headline-text gbp-section__headline\">Membres, clients et utilisateurs actuels de Vision Share<\/h3>\n\n\n\n<p class=\"has-text-align-left\">Si vous \u00eates d\u00e9j\u00e0 membre ou client de la banque d'yeux Vision Share, ou si vous \u00eates un utilisateur habituel, veuillez utiliser le lien ci-dessous pour demander des tissus oculaires. Merci de nous faire confiance pour la distribution de vos tissus oculaires. <\/p>\n\n<\/div>\n\n<div class=\"gb-container gb-container-935333d4\">\n\n<a class=\"gb-button gb-button-52b3e3a1 gb-button-text gbp-button--primary\" href=\"https:\/\/vsdc.visionshare.org\/\" target=\"_blank\" rel=\"noopener noreferrer\">Utilisateurs existants - Demander un tissu ici<\/a>\n\n<\/div>\n<\/div><\/div>\n\n<div class=\"gb-grid-column gb-grid-column-de9bdae2\"><div class=\"gb-container gb-container-de9bdae2\">\n<div class=\"gb-container gb-container-919ce250\">\n\n<figure class=\"gb-block-image gb-block-image-a2567325\"><img loading=\"lazy\" decoding=\"async\" width=\"1080\" height=\"1080\" class=\"gb-image gb-image-a2567325\" src=\"https:\/\/visionshare.org\/wp-content\/uploads\/2-1.jpg\" alt=\"Chirurgien examinant un patient image\" srcset=\"https:\/\/visionshare.org\/wp-content\/uploads\/2-1.jpg 1080w, https:\/\/visionshare.org\/wp-content\/uploads\/2-1-300x300.jpg 300w, https:\/\/visionshare.org\/wp-content\/uploads\/2-1-1024x1024.jpg 1024w, https:\/\/visionshare.org\/wp-content\/uploads\/2-1-150x150.jpg 150w, https:\/\/visionshare.org\/wp-content\/uploads\/2-1-768x768.jpg 768w\" sizes=\"auto, (max-width: 1080px) 100vw, 1080px\" \/><\/figure>\n\n\n\n<h3 class=\"gb-headline gb-headline-c81f56d6 gb-headline-text gbp-section__headline\">Nouveaux chirurgiens et banques d'yeux <\/h3>\n\n\n\n<p class=\"has-text-align-left\">Vous n'\u00eates pas encore utilisateur ? Pas de probl\u00e8me. Si vous \u00eates un nouveau chirurgien ou une nouvelle banque d'yeux, nous serions ravis d'entrer en contact avec vous pour en savoir plus sur vos besoins. Veuillez utiliser les liens ci-dessous pour contacter Vision Share. Nous nous r\u00e9jouissons de vous rencontrer bient\u00f4t.<\/p>\n\n<\/div>\n\n<div class=\"gb-container gb-container-046f2e8f\">\n\n<a class=\"gb-button gb-button-df7cc96e gb-button-text gbp-button--primary\" href=\"https:\/\/visionshare.org\/fr\/formulaire-de-contact-pour-les-nouveaux-chirurgiens\/\" target=\"_blank\" rel=\"noopener noreferrer\">Nouveaux chirurgiens - Contactez-nous ici<\/a>\n\n\n\n<a class=\"gb-button gb-button-806280a3 gb-button-text gbp-button--primary\" href=\"https:\/\/visionshare.org\/fr\/nouveau-formulaire-de-contact-pour-la-banque-des-yeux\/\" target=\"_blank\" rel=\"noopener noreferrer\">Nouvelles banques d'yeux - Contactez-nous ici<\/a>\n\n<\/div>\n<\/div><\/div>\n\n<div class=\"gb-grid-column gb-grid-column-cdbdb335\"><div class=\"gb-container gb-container-cdbdb335\">\n<div class=\"gb-container gb-container-836ef062\">\n\n<figure class=\"gb-block-image gb-block-image-4d299c0c\"><a href=\"https:\/\/visionshare.org\/fr\/fourniture-de-tissus-oculaires-pour-la-recherche\/\"><img loading=\"lazy\" decoding=\"async\" width=\"1200\" height=\"1200\" class=\"gb-image gb-image-4d299c0c\" src=\"https:\/\/visionshare.org\/wp-content\/uploads\/vs-researchimage.jpg\" alt=\"Image de la recherche Vision Share avec Tony\" srcset=\"https:\/\/visionshare.org\/wp-content\/uploads\/vs-researchimage.jpg 1200w, https:\/\/visionshare.org\/wp-content\/uploads\/vs-researchimage-300x300.jpg 300w, https:\/\/visionshare.org\/wp-content\/uploads\/vs-researchimage-1024x1024.jpg 1024w, https:\/\/visionshare.org\/wp-content\/uploads\/vs-researchimage-150x150.jpg 150w, https:\/\/visionshare.org\/wp-content\/uploads\/vs-researchimage-768x768.jpg 768w, https:\/\/visionshare.org\/wp-content\/uploads\/vs-researchimage-500x500.jpg 500w, https:\/\/visionshare.org\/wp-content\/uploads\/vs-researchimage-700x700.jpg 700w, https:\/\/visionshare.org\/wp-content\/uploads\/vs-researchimage-100x100.jpg 100w\" sizes=\"auto, (max-width: 1200px) 100vw, 1200px\" \/><\/a><\/figure>\n\n\n\n<h3 class=\"gb-headline gb-headline-7da2a2d5 gb-headline-text gbp-section__headline\">Nouveaux chercheurs dans le domaine du partage de la vision<\/h3>\n\n\n\n<p>Si vous travaillez dans le domaine de la recherche, veuillez utiliser les liens ci-dessous pour nous contacter et nous faire part de vos besoins en mati\u00e8re de recherche. Merci de consid\u00e9rer Vision Share pour vos besoins de recherche.<\/p>\n\n<\/div>\n\n<div class=\"gb-container gb-container-924519f1\">\n\n<a class=\"gb-button gb-button-b4e024fc gb-button-text gbp-button--primary\" href=\"\/fr\/fourniture-de-tissus-oculaires-pour-la-recherche\/#researchteam\" target=\"_blank\" rel=\"noopener noreferrer\">Chercheurs - Contactez-nous ici<\/a>\n\n\n\n<a class=\"gb-button gb-button-04ff14c1 gb-button-text gbp-button--primary\" href=\"https:\/\/visionshare.org\/fr\/fourniture-de-tissus-oculaires-pour-la-recherche\/\" target=\"_blank\" rel=\"noopener noreferrer\"> Approvisionnement en tissus oculaires pour la recherche - En savoir plus<\/a>\n\n<\/div>\n<\/div><\/div>\n<\/div>\n<\/div>\n\n<div class=\"gb-container gb-container-556e0f8a\"><\/div>\n\n\n<div class=\"gb-element-b294ba92\">\n<div class=\"wp-block-columns has-base-4-background-color has-background is-layout-flex wp-container-core-columns-is-layout-9d6595d7 wp-block-columns-is-layout-flex\">\n<div class=\"wp-block-column is-layout-flow wp-block-column-is-layout-flow\" style=\"flex-basis:100%\">\n<h2 class=\"wp-block-heading has-text-align-center has-accent-color has-text-color has-link-color wp-elements-93dd5ae1a3b5b4346750f9d9a23c2816\">Ce que disent nos chirurgiens ?<\/h2>\n\n\n\n<div class=\"gb-element-922f16eb\">\n<div class=\"gb-element-122c4ffa\">\n<p class=\"gb-text\">Vision Share r\u00e9ussit \u00e0 combiner convivialit\u00e9, engagement, qualit\u00e9 maximale, accessibilit\u00e9, efficacit\u00e9, orientation client et fiabilit\u00e9. C'est toujours un plaisir de prendre contact avec Vision Share, et il est toujours rassurant de savoir que cette organisation est l\u00e0 pour vous : si un probl\u00e8me peut \u00eatre r\u00e9solu, Vision Share le r\u00e9soudra.<\/p>\n\n\n\n<div>\n<img loading=\"lazy\" decoding=\"async\" width=\"200\" height=\"200\" class=\"gb-media-ea33d3f5\" src=\"https:\/\/visionshare.org\/wp-content\/uploads\/drkandtony.jpg\" title=\"drkandtony\" alt=\"\" srcset=\"https:\/\/visionshare.org\/wp-content\/uploads\/drkandtony.jpg 200w, https:\/\/visionshare.org\/wp-content\/uploads\/drkandtony-150x150.jpg 150w, https:\/\/visionshare.org\/wp-content\/uploads\/drkandtony-12x12.jpg 12w\" sizes=\"auto, (max-width: 200px) 100vw, 200px\" \/>\n\n\n\n<div>\n<div class=\"gb-text gb-text-85a4ea16\">Prof. Claude Kaufmann<\/div>\n\n\n\n<div class=\"gb-text\">H\u00f4pital cantonal de Lucerne<\/div>\n\n\n\n<div class=\"gb-text\">Lucerne, Suisse<\/div>\n<\/div>\n<\/div>\n<\/div>\n<\/div>\n<\/div>\n<\/div>\n<\/div>\n\n\n<div class=\"gb-container gb-container-f15e542d gbp-section__inner\">\n<div class=\"gb-container gb-container-527b3663\">\n<div class=\"gb-container gb-container-fb78dc06\">\n\n<h2 class=\"gb-headline gb-headline-dcdd36f8 gb-headline-text gbp-section__headline\"><strong>Le centre de distribution de Vision Share est disponible 24 heures sur 24, 7 jours sur 7, tous les jours de l'ann\u00e9e.<\/strong><\/h2>\n\n<\/div>\n\n\n<div class=\"gb-headline gb-headline-bc15c0b4 gb-headline-text gbp-section__text\">Notre \u00e9quipe coordonne la distribution des tissus oculaires aux \u00c9tats-Unis et dans le monde entier. Nous contr\u00f4lons en permanence les r\u00e9sultats du traitement et les d\u00e9tails de l'exp\u00e9dition afin de garantir la pr\u00e9cision et l'efficacit\u00e9. Les coordinateurs de distribution de Vision Share, hautement qualifi\u00e9s, s'engagent \u00e0 vous fournir un service personnalis\u00e9 de qualit\u00e9. Nous vous remercions de nous faire confiance pour vos besoins en tissus oculaires. <\/div>\n\n\n\n<p><strong>Centre de distribution Vision Share<\/strong><br>T\u00e9l\u00e9phone :&nbsp;<a href=\"tel:+18886574448\">1-888-657-4448<\/a><br>Courriel :&nbsp;&nbsp;<a href=\"mailto:dc@visionshare.org\">dc@visionshare.org<\/a><\/p>\n\n<\/div>\n<\/div>\n<\/div>","protected":false},"excerpt":{"rendered":"<p>What our surgeons are saying? Vision Share manages to combine friendliness, commitment, the highest quality, accessibility, efficiency, customer focus, and reliability. It is always a &#8230; <a title=\"Demande de tissus oculaires\" class=\"read-more\" href=\"https:\/\/visionshare.org\/fr\/request-tissue\/\" aria-label=\"En savoir plus sur Request Ocular Tissue\">Lire plus<\/a><\/p>","protected":false},"author":1,"featured_media":10032,"parent":0,"menu_order":0,"comment_status":"closed","ping_status":"closed","template":"","meta":{"_acf_changed":false,"footnotes":""},"class_list":["post-1490","page","type-page","status-publish","has-post-thumbnail"],"acf":[],"yoast_head":"<!-- This site is optimized with the Yoast SEO plugin v27.4 - https:\/\/yoast.com\/product\/yoast-seo-wordpress\/ -->\n<title>Request Ocular Tissue - Vision Share<\/title>\n<meta name=\"description\" content=\"Request ocular tissue with confidence \u2014 fast, reliable, and quality-assured for surgery or research. Get in touch with our team today.\" \/>\n<meta name=\"robots\" content=\"index, follow, max-snippet:-1, max-image-preview:large, max-video-preview:-1\" \/>\n<link rel=\"canonical\" href=\"https:\/\/visionshare.org\/fr\/demande-de-tissu\/\" \/>\n<meta property=\"og:locale\" content=\"fr_FR\" \/>\n<meta property=\"og:type\" content=\"article\" \/>\n<meta property=\"og:title\" content=\"Request Ocular Tissue - Vision Share\" \/>\n<meta property=\"og:description\" content=\"Request ocular tissue with confidence \u2014 fast, reliable, and quality-assured for surgery or research. Get in touch with our team today.\" \/>\n<meta property=\"og:url\" content=\"https:\/\/visionshare.org\/fr\/demande-de-tissu\/\" \/>\n<meta property=\"og:site_name\" content=\"Vision Share\" \/>\n<meta property=\"article:publisher\" content=\"https:\/\/www.facebook.com\/visionshareinc\" \/>\n<meta property=\"article:modified_time\" content=\"2025-11-11T23:43:04+00:00\" \/>\n<meta property=\"og:image\" content=\"https:\/\/visionshare.org\/wp-content\/uploads\/requesttissuepageheader.jpg\" \/>\n\t<meta property=\"og:image:width\" content=\"2160\" \/>\n\t<meta property=\"og:image:height\" content=\"850\" \/>\n\t<meta property=\"og:image:type\" content=\"image\/jpeg\" \/>\n<meta name=\"twitter:card\" content=\"summary_large_image\" \/>\n<meta name=\"twitter:site\" content=\"@Vision_Share\" \/>\n<meta name=\"twitter:label1\" content=\"Dur\u00e9e de lecture estim\u00e9e\" \/>\n\t<meta name=\"twitter:data1\" content=\"3 minutes\" \/>\n<script type=\"application\/ld+json\" class=\"yoast-schema-graph\">{\"@context\":\"https:\\\/\\\/schema.org\",\"@graph\":[{\"@type\":\"WebPage\",\"@id\":\"https:\\\/\\\/visionshare.org\\\/request-tissue\\\/\",\"url\":\"https:\\\/\\\/visionshare.org\\\/request-tissue\\\/\",\"name\":\"Request Ocular Tissue - Vision Share\",\"isPartOf\":{\"@id\":\"https:\\\/\\\/visionshare.org\\\/#website\"},\"primaryImageOfPage\":{\"@id\":\"https:\\\/\\\/visionshare.org\\\/request-tissue\\\/#primaryimage\"},\"image\":{\"@id\":\"https:\\\/\\\/visionshare.org\\\/request-tissue\\\/#primaryimage\"},\"thumbnailUrl\":\"https:\\\/\\\/visionshare.org\\\/wp-content\\\/uploads\\\/requesttissuepageheader.jpg\",\"datePublished\":\"2017-07-12T17:08:59+00:00\",\"dateModified\":\"2025-11-11T23:43:04+00:00\",\"description\":\"Request ocular tissue with confidence \u2014 fast, reliable, and quality-assured for surgery or research. Get in touch with our team today.\",\"breadcrumb\":{\"@id\":\"https:\\\/\\\/visionshare.org\\\/request-tissue\\\/#breadcrumb\"},\"inLanguage\":\"fr-FR\",\"potentialAction\":[{\"@type\":\"ReadAction\",\"target\":[\"https:\\\/\\\/visionshare.org\\\/request-tissue\\\/\"]}]},{\"@type\":\"ImageObject\",\"inLanguage\":\"fr-FR\",\"@id\":\"https:\\\/\\\/visionshare.org\\\/request-tissue\\\/#primaryimage\",\"url\":\"https:\\\/\\\/visionshare.org\\\/wp-content\\\/uploads\\\/requesttissuepageheader.jpg\",\"contentUrl\":\"https:\\\/\\\/visionshare.org\\\/wp-content\\\/uploads\\\/requesttissuepageheader.jpg\",\"width\":2160,\"height\":850,\"caption\":\"request-tissue-pageheader\"},{\"@type\":\"BreadcrumbList\",\"@id\":\"https:\\\/\\\/visionshare.org\\\/request-tissue\\\/#breadcrumb\",\"itemListElement\":[{\"@type\":\"ListItem\",\"position\":1,\"name\":\"Home\",\"item\":\"https:\\\/\\\/visionshare.org\\\/\"},{\"@type\":\"ListItem\",\"position\":2,\"name\":\"Request Ocular Tissue\"}]},{\"@type\":\"WebSite\",\"@id\":\"https:\\\/\\\/visionshare.org\\\/#website\",\"url\":\"https:\\\/\\\/visionshare.org\\\/\",\"name\":\"Vision Share\",\"description\":\"Your Trusted Source\",\"publisher\":{\"@id\":\"https:\\\/\\\/visionshare.org\\\/#organization\"},\"potentialAction\":[{\"@type\":\"SearchAction\",\"target\":{\"@type\":\"EntryPoint\",\"urlTemplate\":\"https:\\\/\\\/visionshare.org\\\/?s={search_term_string}\"},\"query-input\":{\"@type\":\"PropertyValueSpecification\",\"valueRequired\":true,\"valueName\":\"search_term_string\"}}],\"inLanguage\":\"fr-FR\"},{\"@type\":\"Organization\",\"@id\":\"https:\\\/\\\/visionshare.org\\\/#organization\",\"name\":\"Vision Share\",\"url\":\"https:\\\/\\\/visionshare.org\\\/\",\"logo\":{\"@type\":\"ImageObject\",\"inLanguage\":\"fr-FR\",\"@id\":\"https:\\\/\\\/visionshare.org\\\/#\\\/schema\\\/logo\\\/image\\\/\",\"url\":\"https:\\\/\\\/visionshare.org\\\/wp-content\\\/uploads\\\/cropped-cropped-cropped-VS_Your-trusted-source-logo-01-PNG.png\",\"contentUrl\":\"https:\\\/\\\/visionshare.org\\\/wp-content\\\/uploads\\\/cropped-cropped-cropped-VS_Your-trusted-source-logo-01-PNG.png\",\"width\":1655,\"height\":861,\"caption\":\"Vision Share\"},\"image\":{\"@id\":\"https:\\\/\\\/visionshare.org\\\/#\\\/schema\\\/logo\\\/image\\\/\"},\"sameAs\":[\"https:\\\/\\\/www.facebook.com\\\/visionshareinc\",\"https:\\\/\\\/x.com\\\/Vision_Share\",\"https:\\\/\\\/www.linkedin.com\\\/company\\\/visionsshare\\\/\"]}]}<\/script>\n<!-- \/ Yoast SEO plugin. -->","yoast_head_json":{"title":"Demande de tissus oculaires - Vision Share","description":"Demandez du tissu oculaire en toute confiance : rapide, fiable et garanti de qualit\u00e9 pour la chirurgie ou la recherche. Contactez notre \u00e9quipe d\u00e8s aujourd\u2019hui.","robots":{"index":"index","follow":"follow","max-snippet":"max-snippet:-1","max-image-preview":"max-image-preview:large","max-video-preview":"max-video-preview:-1"},"canonical":"https:\/\/visionshare.org\/fr\/demande-de-tissu\/","og_locale":"fr_FR","og_type":"article","og_title":"Request Ocular Tissue - Vision Share","og_description":"Request ocular tissue with confidence \u2014 fast, reliable, and quality-assured for surgery or research. Get in touch with our team today.","og_url":"https:\/\/visionshare.org\/fr\/demande-de-tissu\/","og_site_name":"Vision Share","article_publisher":"https:\/\/www.facebook.com\/visionshareinc","article_modified_time":"2025-11-11T23:43:04+00:00","og_image":[{"width":2160,"height":850,"url":"https:\/\/visionshare.org\/wp-content\/uploads\/requesttissuepageheader.jpg","type":"image\/jpeg"}],"twitter_card":"summary_large_image","twitter_site":"@Vision_Share","twitter_misc":{"Dur\u00e9e de lecture estim\u00e9e":"3 minutes"},"schema":{"@context":"https:\/\/schema.org","@graph":[{"@type":"WebPage","@id":"https:\/\/visionshare.org\/request-tissue\/","url":"https:\/\/visionshare.org\/request-tissue\/","name":"Demande de tissus oculaires - Vision Share","isPartOf":{"@id":"https:\/\/visionshare.org\/#website"},"primaryImageOfPage":{"@id":"https:\/\/visionshare.org\/request-tissue\/#primaryimage"},"image":{"@id":"https:\/\/visionshare.org\/request-tissue\/#primaryimage"},"thumbnailUrl":"https:\/\/visionshare.org\/wp-content\/uploads\/requesttissuepageheader.jpg","datePublished":"2017-07-12T17:08:59+00:00","dateModified":"2025-11-11T23:43:04+00:00","description":"Demandez du tissu oculaire en toute confiance : rapide, fiable et garanti de qualit\u00e9 pour la chirurgie ou la recherche. Contactez notre \u00e9quipe d\u00e8s aujourd\u2019hui.","breadcrumb":{"@id":"https:\/\/visionshare.org\/request-tissue\/#breadcrumb"},"inLanguage":"fr-FR","potentialAction":[{"@type":"ReadAction","target":["https:\/\/visionshare.org\/request-tissue\/"]}]},{"@type":"ImageObject","inLanguage":"fr-FR","@id":"https:\/\/visionshare.org\/request-tissue\/#primaryimage","url":"https:\/\/visionshare.org\/wp-content\/uploads\/requesttissuepageheader.jpg","contentUrl":"https:\/\/visionshare.org\/wp-content\/uploads\/requesttissuepageheader.jpg","width":2160,"height":850,"caption":"request-tissue-pageheader"},{"@type":"BreadcrumbList","@id":"https:\/\/visionshare.org\/request-tissue\/#breadcrumb","itemListElement":[{"@type":"ListItem","position":1,"name":"Home","item":"https:\/\/visionshare.org\/"},{"@type":"ListItem","position":2,"name":"Request Ocular Tissue"}]},{"@type":"WebSite","@id":"https:\/\/visionshare.org\/#website","url":"https:\/\/visionshare.org\/","name":"Vision Share","description":"Votre source de confiance","publisher":{"@id":"https:\/\/visionshare.org\/#organization"},"potentialAction":[{"@type":"SearchAction","target":{"@type":"EntryPoint","urlTemplate":"https:\/\/visionshare.org\/?s={search_term_string}"},"query-input":{"@type":"PropertyValueSpecification","valueRequired":true,"valueName":"search_term_string"}}],"inLanguage":"fr-FR"},{"@type":"Organization","@id":"https:\/\/visionshare.org\/#organization","name":"Vision Share","url":"https:\/\/visionshare.org\/","logo":{"@type":"ImageObject","inLanguage":"fr-FR","@id":"https:\/\/visionshare.org\/#\/schema\/logo\/image\/","url":"https:\/\/visionshare.org\/wp-content\/uploads\/cropped-cropped-cropped-VS_Your-trusted-source-logo-01-PNG.png","contentUrl":"https:\/\/visionshare.org\/wp-content\/uploads\/cropped-cropped-cropped-VS_Your-trusted-source-logo-01-PNG.png","width":1655,"height":861,"caption":"Vision Share"},"image":{"@id":"https:\/\/visionshare.org\/#\/schema\/logo\/image\/"},"sameAs":["https:\/\/www.facebook.com\/visionshareinc","https:\/\/x.com\/Vision_Share","https:\/\/www.linkedin.com\/company\/visionsshare\/"]}]}},"_links":{"self":[{"href":"https:\/\/visionshare.org\/fr\/wp-json\/wp\/v2\/pages\/1490","targetHints":{"allow":["GET"]}}],"collection":[{"href":"https:\/\/visionshare.org\/fr\/wp-json\/wp\/v2\/pages"}],"about":[{"href":"https:\/\/visionshare.org\/fr\/wp-json\/wp\/v2\/types\/page"}],"author":[{"embeddable":true,"href":"https:\/\/visionshare.org\/fr\/wp-json\/wp\/v2\/users\/1"}],"replies":[{"embeddable":true,"href":"https:\/\/visionshare.org\/fr\/wp-json\/wp\/v2\/comments?post=1490"}],"version-history":[{"count":303,"href":"https:\/\/visionshare.org\/fr\/wp-json\/wp\/v2\/pages\/1490\/revisions"}],"predecessor-version":[{"id":14275,"href":"https:\/\/visionshare.org\/fr\/wp-json\/wp\/v2\/pages\/1490\/revisions\/14275"}],"wp:featuredmedia":[{"embeddable":true,"href":"https:\/\/visionshare.org\/fr\/wp-json\/wp\/v2\/media\/10032"}],"wp:attachment":[{"href":"https:\/\/visionshare.org\/fr\/wp-json\/wp\/v2\/media?parent=1490"}],"curies":[{"name":"wp","href":"https:\/\/api.w.org\/{rel}","templated":true}]}}