{"id":2794,"date":"2017-07-21T10:22:47","date_gmt":"2017-07-21T17:22:47","guid":{"rendered":"https:\/\/visionshare.org\/?page_id=2794"},"modified":"2026-04-21T08:52:58","modified_gmt":"2026-04-21T13:52:58","slug":"personnes-cles","status":"publish","type":"page","link":"https:\/\/visionshare.org\/fr\/about\/key-people\/","title":{"rendered":"L'\u00e9quipe Vision Share"},"content":{"rendered":"<div class=\"gb-container gb-container-6ba29ab8 alignfull\">\n<div class=\"gb-container gb-container-26a9d2ca alignfull gbp-section\">\n<div class=\"gb-container gb-container-0b400e35 alignfull gbp-section__inner\">\n<div class=\"gb-container gb-container-783e2cc9 alignfull\">\n\n<h1 class=\"gb-headline gb-headline-29f9b541 gb-headline-text gbp-section__headline\">Faites connaissance avec notre \u00e9quipe<\/h1>\n\n\n\n<p><\/p>\n\n\n\n<p><\/p>\n\n<\/div>\n<\/div>\n<\/div>\n<div class=\"gb-shapes\"><div class=\"gb-shape gb-shape-1\"><svg xmlns=\"http:\/\/www.w3.org\/2000\/svg\" viewbox=\"0 0 1200 194.3\" preserveaspectratio=\"none\"><path d=\"M1200 133.3l-50 8.9c-50 8.6-150 26.9-250 31.1-100 4.2-200-4.2-300-26.7S400 89.2 300 62.2C200 35.8 100 17.5 50 8.9L0 0v194.3h1200v-61z\"\/><\/svg><\/div><\/div><\/div>\n\n<div class=\"gb-container gb-container-b9dae4f7\">\n<div class=\"gb-container gb-container-3c1719a8 gbp-section__inner\">\n<div class=\"gb-container gb-container-4d641187\">\n\n<h2 class=\"gb-headline gb-headline-5382eb99 gb-headline-text gbp-section__headline\">Nous vous remercions de l'int\u00e9r\u00eat que vous portez \u00e0 Vision Share. <\/h2>\n\n\n\n<p class=\"has-text-align-center\">Nous n'avons pas souvent l'occasion de parler de nous. Voici donc une petite pr\u00e9sentation de notre \u00e9quipe. Brisons la glace. <\/p>\n\n\n<div class=\"gb-container gb-container-c567bc29\">\n\n<div class=\"wp-block-media-text is-stacked-on-mobile\" style=\"grid-template-columns:33% auto\"><figure class=\"wp-block-media-text__media\"><img loading=\"lazy\" decoding=\"async\" width=\"768\" height=\"1024\" src=\"https:\/\/visionshare.org\/wp-content\/uploads\/PhilFasoneheadshot2024-768x1024.jpg\" alt=\"Phil Fasone 2024 Headshot\" class=\"wp-image-7041 size-full\" srcset=\"https:\/\/visionshare.org\/wp-content\/uploads\/PhilFasoneheadshot2024-768x1024.jpg 768w, https:\/\/visionshare.org\/wp-content\/uploads\/PhilFasoneheadshot2024-225x300.jpg 225w, https:\/\/visionshare.org\/wp-content\/uploads\/PhilFasoneheadshot2024-500x667.jpg 500w, https:\/\/visionshare.org\/wp-content\/uploads\/PhilFasoneheadshot2024-700x933.jpg 700w, https:\/\/visionshare.org\/wp-content\/uploads\/PhilFasoneheadshot2024.jpg 900w\" sizes=\"auto, (max-width: 768px) 100vw, 768px\" \/><\/figure><div class=\"wp-block-media-text__content\">\n<h4 class=\"wp-block-heading has-text-align-left\">Philip Fasone<\/h4>\n\n\n\n<h4 class=\"gb-headline gb-headline-94b75e42 gb-headline-text\"><strong>Directeur ex\u00e9cutif<\/strong><\/h4>\n\n\n\n<p>Philip a rejoint Vision Share en 2016. Auparavant, il a \u00e9t\u00e9 vice-pr\u00e9sident des ventes pour un distributeur international de l'American Heart Association et directeur principal du d\u00e9veloppement des distributeurs internationaux pour une soci\u00e9t\u00e9 de biotechnologie. Il apporte plus de 20 ans d'exp\u00e9rience dans la distribution internationale, les op\u00e9rations, le service client et le d\u00e9veloppement commercial. Philip est titulaire d'une licence en gestion de l'universit\u00e9 de Phoenix et a particip\u00e9 \u00e0 cinq triathlons de distance olympique.<\/p>\n<\/div><\/div>\n\n<\/div>\n\n<div class=\"gb-container gb-container-69e4a5d9\">\n\n<div class=\"wp-block-media-text has-media-on-the-right is-stacked-on-mobile\" style=\"grid-template-columns:auto 33%\"><div class=\"wp-block-media-text__content\">\n<h4 class=\"wp-block-heading has-text-align-left\">Tony Dang<\/h4>\n\n\n\n<h4 class=\"gb-headline gb-headline-a8fe2e0c gb-headline-text\"><strong>Directeur des services \u00e0 la client\u00e8le<\/strong><\/h4>\n\n\n\n<p>Tony a rejoint Vision Share en 2016 apr\u00e8s avoir travaill\u00e9 dans le secteur de la sant\u00e9 au Canada, se sp\u00e9cialisant dans l'inventaire, la gestion de la cha\u00eene d'approvisionnement et la logistique pour le gouvernement provincial. Depuis, il a progress\u00e9 dans le secteur des banques ophtalmologiques, en se concentrant sur les itin\u00e9raires d'exp\u00e9dition et la rationalisation des op\u00e9rations quotidiennes. Tout en continuant \u00e0 superviser les op\u00e9rations, Tony a \u00e9galement pris la direction du d\u00e9partement de d\u00e9veloppement des affaires, en se concentrant sur l'\u00e9tablissement de relations et la cr\u00e9ation de nouvelles opportunit\u00e9s pour l'organisation. Joueur de tennis depuis toujours, Tony a particip\u00e9 \u00e0 des comp\u00e9titions universitaires et professionnelles. Pendant son temps libre, il aime passer du temps avec sa femme et son fils de 4 ans.<\/p>\n<\/div><figure class=\"wp-block-media-text__media\"><img loading=\"lazy\" decoding=\"async\" width=\"768\" height=\"1024\" src=\"https:\/\/visionshare.org\/wp-content\/uploads\/TonyDangheadshot2024-768x1024.jpg\" alt=\"Tony Dang 2024 Headshot\" class=\"wp-image-7450 size-full\" srcset=\"https:\/\/visionshare.org\/wp-content\/uploads\/TonyDangheadshot2024-768x1024.jpg 768w, https:\/\/visionshare.org\/wp-content\/uploads\/TonyDangheadshot2024-225x300.jpg 225w, https:\/\/visionshare.org\/wp-content\/uploads\/TonyDangheadshot2024-500x667.jpg 500w, https:\/\/visionshare.org\/wp-content\/uploads\/TonyDangheadshot2024-700x933.jpg 700w, https:\/\/visionshare.org\/wp-content\/uploads\/TonyDangheadshot2024.jpg 900w\" sizes=\"auto, (max-width: 768px) 100vw, 768px\" \/><\/figure><\/div>\n\n<\/div>\n\n<div class=\"gb-container gb-container-98e1d076\">\n\n<div class=\"wp-block-media-text is-stacked-on-mobile\" style=\"grid-template-columns:33% auto\"><figure class=\"wp-block-media-text__media\"><img loading=\"lazy\" decoding=\"async\" width=\"768\" height=\"1024\" src=\"https:\/\/visionshare.org\/wp-content\/uploads\/MelanieHowellheadshot20241-768x1024.jpg\" alt=\"Melanie Howell 2024 Headshot\" class=\"wp-image-7463 size-full\" srcset=\"https:\/\/visionshare.org\/wp-content\/uploads\/MelanieHowellheadshot20241-768x1024.jpg 768w, https:\/\/visionshare.org\/wp-content\/uploads\/MelanieHowellheadshot20241-225x300.jpg 225w, https:\/\/visionshare.org\/wp-content\/uploads\/MelanieHowellheadshot20241-500x667.jpg 500w, https:\/\/visionshare.org\/wp-content\/uploads\/MelanieHowellheadshot20241-700x933.jpg 700w, https:\/\/visionshare.org\/wp-content\/uploads\/MelanieHowellheadshot20241.jpg 900w\" sizes=\"auto, (max-width: 768px) 100vw, 768px\" \/><\/figure><div class=\"wp-block-media-text__content\">\n<h4 class=\"wp-block-heading has-text-align-left\">Melanie Howell<\/h4>\n\n\n\n<h4 class=\"gb-headline gb-headline-8cefeb39 gb-headline-text\"><strong>Responsable marketing<\/strong><\/h4>\n\n\n\n<p>Melanie a rejoint Vision Share en juillet 2024 apr\u00e8s avoir pass\u00e9 quatre ans en tant que consultante en marketing dans une agence de marketing num\u00e9rique. Auparavant, elle a occup\u00e9 divers postes, notamment dans les domaines du marketing, de la comptabilit\u00e9 et de la gestion de projet, au sein d'une soci\u00e9t\u00e9 de conseil en logiciels pendant plus de dix ans. Elle est titulaire d'un MBA en gestion de projet de l'universit\u00e9 de Mary Washington et d'une licence en gestion d'entreprise de l'universit\u00e9 King. Pendant son temps libre, Melanie aime la photographie, les randonn\u00e9es dans la nature et l'art oratoire.<\/p>\n<\/div><\/div>\n\n<\/div>\n\n<div class=\"gb-container gb-container-4d965b89\">\n\n<div class=\"wp-block-media-text has-media-on-the-right is-stacked-on-mobile\" style=\"grid-template-columns:auto 33%\"><div class=\"wp-block-media-text__content\">\n<h4 class=\"wp-block-heading has-text-align-left\">Darrell Walters<\/h4>\n\n\n\n<h4 class=\"gb-headline gb-headline-9c921b80 gb-headline-text\"><strong>Responsable de la comptabilit\u00e9<\/strong><\/h4>\n\n\n\n<p>Darrell a rejoint l'\u00e9quipe de Vision Share en 2025, apportant plus de 20 ans d'exp\u00e9rience en finance et en direction op\u00e9rationnelle dans les secteurs des organisations \u00e0 but non lucratif, de la sant\u00e9, de la logistique et de l'\u00e9ducation. Il est passionn\u00e9 par la mise en place de syst\u00e8mes financiers qui permettent une croissance ax\u00e9e sur la mission et aident les organisations \u00e0 fonctionner avec clart\u00e9 et d\u00e9termination. Darrell est titulaire d'une ma\u00eetrise en comptabilit\u00e9 et a dirig\u00e9 des \u00e9quipes financi\u00e8res pour des organisations \u00e0 but non lucratif internationales, g\u00e9rant des budgets de plusieurs millions de dollars en mettant l'accent sur la transparence, l'intendance et la planification strat\u00e9gique. En dehors de son travail, Darrell est un mari et un p\u00e8re de quatre enfants. Il encourage le football am\u00e9ricain, les Braves et passe ses week-ends sur les lignes de touche en tant que fier papa d'une \u00e9quipe de football.<\/p>\n<\/div><figure class=\"wp-block-media-text__media\"><img loading=\"lazy\" decoding=\"async\" width=\"768\" height=\"1024\" src=\"https:\/\/visionshare.org\/wp-content\/uploads\/darrellwatersheadshot2025-768x1024.jpg\" alt=\"\" class=\"wp-image-14451 size-full\" srcset=\"https:\/\/visionshare.org\/wp-content\/uploads\/darrellwatersheadshot2025-768x1024.jpg 768w, https:\/\/visionshare.org\/wp-content\/uploads\/darrellwatersheadshot2025-225x300.jpg 225w, https:\/\/visionshare.org\/wp-content\/uploads\/darrellwatersheadshot2025-9x12.jpg 9w, https:\/\/visionshare.org\/wp-content\/uploads\/darrellwatersheadshot2025.jpg 900w\" sizes=\"auto, (max-width: 768px) 100vw, 768px\" \/><\/figure><\/div>\n\n<\/div>\n\n<div class=\"gb-container gb-container-4fb5a17e\">\n\n<div class=\"wp-block-media-text is-stacked-on-mobile\" style=\"grid-template-columns:33% auto\"><figure class=\"wp-block-media-text__media\"><img loading=\"lazy\" decoding=\"async\" width=\"768\" height=\"1024\" src=\"https:\/\/visionshare.org\/wp-content\/uploads\/brian-edited1-768x1024.jpg\" alt=\"Brian Keenan 2024 Headshot\" class=\"wp-image-8428 size-full\" srcset=\"https:\/\/visionshare.org\/wp-content\/uploads\/brian-edited1-768x1024.jpg 768w, https:\/\/visionshare.org\/wp-content\/uploads\/brian-edited1-225x300.jpg 225w, https:\/\/visionshare.org\/wp-content\/uploads\/brian-edited1-500x667.jpg 500w, https:\/\/visionshare.org\/wp-content\/uploads\/brian-edited1-700x933.jpg 700w, https:\/\/visionshare.org\/wp-content\/uploads\/brian-edited1.jpg 900w\" sizes=\"auto, (max-width: 768px) 100vw, 768px\" \/><\/figure><div class=\"wp-block-media-text__content\">\n<h4 class=\"wp-block-heading has-text-align-left\">Brian Keenan<\/h4>\n\n\n\n<h4 class=\"gb-headline gb-headline-e7979b25 gb-headline-text\"><strong>Sp\u00e9cialiste du d\u00e9veloppement de la client\u00e8le<\/strong><\/h4>\n\n\n\n<p>Brian a rejoint l'\u00e9quipe de Vision Share en 2022. Il a travaill\u00e9 dans le domaine de la gestion du marketing sur le terrain et de la gestion du parrainage d'entreprise. Il est \u00e9galement acupuncteur et herboriste agr\u00e9\u00e9. Il est titulaire d'une licence en journalisme\/relations publiques et d'une ma\u00eetrise en m\u00e9decine traditionnelle chinoise.<\/p>\n<\/div><\/div>\n\n<\/div>\n\n<div class=\"gb-container gb-container-1f4a9006\">\n\n<div class=\"wp-block-media-text has-media-on-the-right is-stacked-on-mobile\" style=\"grid-template-columns:auto 33%\"><div class=\"wp-block-media-text__content\">\n<h4 class=\"wp-block-heading has-text-align-left\">Salvatore Moore<\/h4>\n\n\n\n<h4 class=\"gb-headline gb-headline-736425bc gb-headline-text\"><strong>Coordinateur des services aux clients oculaires<\/strong><\/h4>\n\n\n\n<p>Salvatore a rejoint Vision Share en 2023 avec une exp\u00e9rience pr\u00e9alable en ophtalmologie acquise au cours d'ann\u00e9es de travail dans un cabinet priv\u00e9. Il adore les soins ophtalmologiques et a un r\u00e9el d\u00e9sir d'aider les gens. Pendant son temps libre, Sal aime jouer aux jeux vid\u00e9o et dessiner. Il esp\u00e8re un jour parcourir le pays dans son v\u00e9hicule r\u00e9cr\u00e9atif.<\/p>\n<\/div><figure class=\"wp-block-media-text__media\"><img loading=\"lazy\" decoding=\"async\" width=\"768\" height=\"1024\" src=\"https:\/\/visionshare.org\/wp-content\/uploads\/salmooreheadshot2024-768x1024.jpg\" alt=\"Salvatore Moore 2024 Headshot\" class=\"wp-image-7712 size-full\" srcset=\"https:\/\/visionshare.org\/wp-content\/uploads\/salmooreheadshot2024-768x1024.jpg 768w, https:\/\/visionshare.org\/wp-content\/uploads\/salmooreheadshot2024-225x300.jpg 225w, https:\/\/visionshare.org\/wp-content\/uploads\/salmooreheadshot2024-500x667.jpg 500w, https:\/\/visionshare.org\/wp-content\/uploads\/salmooreheadshot2024-700x933.jpg 700w, https:\/\/visionshare.org\/wp-content\/uploads\/salmooreheadshot2024.jpg 900w\" sizes=\"auto, (max-width: 768px) 100vw, 768px\" \/><\/figure><\/div>\n\n<\/div>\n\n<div class=\"gb-container gb-container-c5d09d77\">\n\n<div class=\"wp-block-media-text is-stacked-on-mobile\" style=\"grid-template-columns:33% auto\"><figure class=\"wp-block-media-text__media\"><img loading=\"lazy\" decoding=\"async\" width=\"768\" height=\"1024\" src=\"https:\/\/visionshare.org\/wp-content\/uploads\/angela2025headshot-768x1024.jpg\" alt=\"Angela Horne 2025 Headshot\" class=\"wp-image-13789 size-full\" srcset=\"https:\/\/visionshare.org\/wp-content\/uploads\/angela2025headshot-768x1024.jpg 768w, https:\/\/visionshare.org\/wp-content\/uploads\/angela2025headshot-225x300.jpg 225w, https:\/\/visionshare.org\/wp-content\/uploads\/angela2025headshot-9x12.jpg 9w, https:\/\/visionshare.org\/wp-content\/uploads\/angela2025headshot.jpg 900w\" sizes=\"auto, (max-width: 768px) 100vw, 768px\" \/><\/figure><div class=\"wp-block-media-text__content\">\n<h4 class=\"wp-block-heading has-text-align-left\">Angela Horne<\/h4>\n\n\n\n<h4 class=\"gb-headline gb-headline-3af7e44a gb-headline-text\"><strong>Coordinateur des services aux clients oculaires<\/strong><\/h4>\n\n\n\n<p>Angela a rejoint Vision Share en ao\u00fbt 2025. Opticienne certifi\u00e9e avec un B.S. en biologie de l\u2019Universit\u00e9 de West Florida, elle allie son expertise technique \u00e0 une profonde passion pour la science et la restauration de la vision. Dans son temps libre, Angela aime faire du snowboard et passer du temps avec sa famille.<\/p>\n<\/div><\/div>\n\n<\/div>\n<\/div>\n<\/div>\n<\/div>","protected":false},"excerpt":{"rendered":"<p>Meet our Team Thank you for your interest in Vision Share. It&#8217;s not too often that we get to talk about ourselves. Here&#8217;s a little &#8230; <a title=\"L&#039;\u00e9quipe Vision Share\" class=\"read-more\" href=\"https:\/\/visionshare.org\/fr\/about\/key-people\/\" aria-label=\"En savoir plus sur The Vision Share Team\">Lire plus<\/a><\/p>","protected":false},"author":1,"featured_media":0,"parent":44,"menu_order":0,"comment_status":"closed","ping_status":"closed","template":"","meta":{"_acf_changed":false,"footnotes":""},"class_list":["post-2794","page","type-page","status-publish"],"acf":[],"yoast_head":"<!-- This site is optimized with the Yoast SEO plugin v27.4 - https:\/\/yoast.com\/product\/yoast-seo-wordpress\/ -->\n<title>Meet the Vision Share team<\/title>\n<meta name=\"description\" content=\"Here\u2019s a little introduction to the Vision Share team. Let\u2019s break the ice. Want to connect? We&#039;d love to hear from you. Contact us today.\" \/>\n<meta name=\"robots\" content=\"index, follow, max-snippet:-1, max-image-preview:large, max-video-preview:-1\" \/>\n<link rel=\"canonical\" href=\"https:\/\/visionshare.org\/fr\/a-propos-de\/personnes-cles\/\" \/>\n<meta property=\"og:locale\" content=\"fr_FR\" \/>\n<meta property=\"og:type\" content=\"article\" \/>\n<meta property=\"og:title\" content=\"Meet the Vision Share team\" \/>\n<meta property=\"og:description\" content=\"Here\u2019s a little introduction to the Vision Share team. Let\u2019s break the ice. Want to connect? We&#039;d love to hear from you. Contact us today.\" \/>\n<meta property=\"og:url\" content=\"https:\/\/visionshare.org\/fr\/a-propos-de\/personnes-cles\/\" \/>\n<meta property=\"og:site_name\" content=\"Vision Share\" \/>\n<meta property=\"article:publisher\" content=\"https:\/\/www.facebook.com\/visionshareinc\" \/>\n<meta property=\"article:modified_time\" content=\"2026-04-21T13:52:58+00:00\" \/>\n<meta property=\"og:image\" content=\"https:\/\/visionshare.org\/wp-content\/uploads\/PhilFasoneheadshot2024.jpg\" \/>\n\t<meta property=\"og:image:width\" content=\"900\" \/>\n\t<meta property=\"og:image:height\" content=\"1200\" \/>\n\t<meta property=\"og:image:type\" content=\"image\/jpeg\" \/>\n<meta name=\"twitter:card\" content=\"summary_large_image\" \/>\n<meta name=\"twitter:site\" content=\"@Vision_Share\" \/>\n<meta name=\"twitter:label1\" content=\"Dur\u00e9e de lecture estim\u00e9e\" \/>\n\t<meta name=\"twitter:data1\" content=\"4 minutes\" \/>\n<script type=\"application\/ld+json\" class=\"yoast-schema-graph\">{\"@context\":\"https:\\\/\\\/schema.org\",\"@graph\":[{\"@type\":\"WebPage\",\"@id\":\"https:\\\/\\\/visionshare.org\\\/about\\\/key-people\\\/\",\"url\":\"https:\\\/\\\/visionshare.org\\\/about\\\/key-people\\\/\",\"name\":\"Meet the Vision Share team\",\"isPartOf\":{\"@id\":\"https:\\\/\\\/visionshare.org\\\/#website\"},\"primaryImageOfPage\":{\"@id\":\"https:\\\/\\\/visionshare.org\\\/about\\\/key-people\\\/#primaryimage\"},\"image\":{\"@id\":\"https:\\\/\\\/visionshare.org\\\/about\\\/key-people\\\/#primaryimage\"},\"thumbnailUrl\":\"https:\\\/\\\/visionshare.org\\\/wp-content\\\/uploads\\\/PhilFasoneheadshot2024-768x1024.jpg\",\"datePublished\":\"2017-07-21T17:22:47+00:00\",\"dateModified\":\"2026-04-21T13:52:58+00:00\",\"description\":\"Here\u2019s a little introduction to the Vision Share team. Let\u2019s break the ice. Want to connect? We'd love to hear from you. Contact us today.\",\"breadcrumb\":{\"@id\":\"https:\\\/\\\/visionshare.org\\\/about\\\/key-people\\\/#breadcrumb\"},\"inLanguage\":\"fr-FR\",\"potentialAction\":[{\"@type\":\"ReadAction\",\"target\":[\"https:\\\/\\\/visionshare.org\\\/about\\\/key-people\\\/\"]}]},{\"@type\":\"ImageObject\",\"inLanguage\":\"fr-FR\",\"@id\":\"https:\\\/\\\/visionshare.org\\\/about\\\/key-people\\\/#primaryimage\",\"url\":\"https:\\\/\\\/visionshare.org\\\/wp-content\\\/uploads\\\/PhilFasoneheadshot2024-768x1024.jpg\",\"contentUrl\":\"https:\\\/\\\/visionshare.org\\\/wp-content\\\/uploads\\\/PhilFasoneheadshot2024-768x1024.jpg\"},{\"@type\":\"BreadcrumbList\",\"@id\":\"https:\\\/\\\/visionshare.org\\\/about\\\/key-people\\\/#breadcrumb\",\"itemListElement\":[{\"@type\":\"ListItem\",\"position\":1,\"name\":\"Home\",\"item\":\"https:\\\/\\\/visionshare.org\\\/\"},{\"@type\":\"ListItem\",\"position\":2,\"name\":\"About us\",\"item\":\"https:\\\/\\\/visionshare.org\\\/about\\\/\"},{\"@type\":\"ListItem\",\"position\":3,\"name\":\"The Vision Share Team\"}]},{\"@type\":\"WebSite\",\"@id\":\"https:\\\/\\\/visionshare.org\\\/#website\",\"url\":\"https:\\\/\\\/visionshare.org\\\/\",\"name\":\"Vision Share\",\"description\":\"Your Trusted Source\",\"publisher\":{\"@id\":\"https:\\\/\\\/visionshare.org\\\/#organization\"},\"potentialAction\":[{\"@type\":\"SearchAction\",\"target\":{\"@type\":\"EntryPoint\",\"urlTemplate\":\"https:\\\/\\\/visionshare.org\\\/?s={search_term_string}\"},\"query-input\":{\"@type\":\"PropertyValueSpecification\",\"valueRequired\":true,\"valueName\":\"search_term_string\"}}],\"inLanguage\":\"fr-FR\"},{\"@type\":\"Organization\",\"@id\":\"https:\\\/\\\/visionshare.org\\\/#organization\",\"name\":\"Vision Share\",\"url\":\"https:\\\/\\\/visionshare.org\\\/\",\"logo\":{\"@type\":\"ImageObject\",\"inLanguage\":\"fr-FR\",\"@id\":\"https:\\\/\\\/visionshare.org\\\/#\\\/schema\\\/logo\\\/image\\\/\",\"url\":\"https:\\\/\\\/visionshare.org\\\/wp-content\\\/uploads\\\/cropped-cropped-cropped-VS_Your-trusted-source-logo-01-PNG.png\",\"contentUrl\":\"https:\\\/\\\/visionshare.org\\\/wp-content\\\/uploads\\\/cropped-cropped-cropped-VS_Your-trusted-source-logo-01-PNG.png\",\"width\":1655,\"height\":861,\"caption\":\"Vision Share\"},\"image\":{\"@id\":\"https:\\\/\\\/visionshare.org\\\/#\\\/schema\\\/logo\\\/image\\\/\"},\"sameAs\":[\"https:\\\/\\\/www.facebook.com\\\/visionshareinc\",\"https:\\\/\\\/x.com\\\/Vision_Share\",\"https:\\\/\\\/www.linkedin.com\\\/company\\\/visionsshare\\\/\"]}]}<\/script>\n<!-- \/ Yoast SEO plugin. -->","yoast_head_json":{"title":"Pr\u00e9sentation de l\u2019\u00e9quipe de Vision Share","description":"Voici l\u2019\u00e9quipe de Vision Share ! Vous souhaitez entrer en contact ? Nous serions ravis d\u2019\u00e9changer avec vous. Contactez-nous d\u00e8s aujourd\u2019hui.","robots":{"index":"index","follow":"follow","max-snippet":"max-snippet:-1","max-image-preview":"max-image-preview:large","max-video-preview":"max-video-preview:-1"},"canonical":"https:\/\/visionshare.org\/fr\/a-propos-de\/personnes-cles\/","og_locale":"fr_FR","og_type":"article","og_title":"Meet the Vision Share team","og_description":"Here\u2019s a little introduction to the Vision Share team. Let\u2019s break the ice. Want to connect? We'd love to hear from you. Contact us today.","og_url":"https:\/\/visionshare.org\/fr\/a-propos-de\/personnes-cles\/","og_site_name":"Vision Share","article_publisher":"https:\/\/www.facebook.com\/visionshareinc","article_modified_time":"2026-04-21T13:52:58+00:00","og_image":[{"width":900,"height":1200,"url":"https:\/\/visionshare.org\/wp-content\/uploads\/PhilFasoneheadshot2024.jpg","type":"image\/jpeg"}],"twitter_card":"summary_large_image","twitter_site":"@Vision_Share","twitter_misc":{"Dur\u00e9e de lecture estim\u00e9e":"4 minutes"},"schema":{"@context":"https:\/\/schema.org","@graph":[{"@type":"WebPage","@id":"https:\/\/visionshare.org\/about\/key-people\/","url":"https:\/\/visionshare.org\/about\/key-people\/","name":"Pr\u00e9sentation de l\u2019\u00e9quipe de Vision Share","isPartOf":{"@id":"https:\/\/visionshare.org\/#website"},"primaryImageOfPage":{"@id":"https:\/\/visionshare.org\/about\/key-people\/#primaryimage"},"image":{"@id":"https:\/\/visionshare.org\/about\/key-people\/#primaryimage"},"thumbnailUrl":"https:\/\/visionshare.org\/wp-content\/uploads\/PhilFasoneheadshot2024-768x1024.jpg","datePublished":"2017-07-21T17:22:47+00:00","dateModified":"2026-04-21T13:52:58+00:00","description":"Voici l\u2019\u00e9quipe de Vision Share ! Vous souhaitez entrer en contact ? Nous serions ravis d\u2019\u00e9changer avec vous. Contactez-nous d\u00e8s aujourd\u2019hui.","breadcrumb":{"@id":"https:\/\/visionshare.org\/about\/key-people\/#breadcrumb"},"inLanguage":"fr-FR","potentialAction":[{"@type":"ReadAction","target":["https:\/\/visionshare.org\/about\/key-people\/"]}]},{"@type":"ImageObject","inLanguage":"fr-FR","@id":"https:\/\/visionshare.org\/about\/key-people\/#primaryimage","url":"https:\/\/visionshare.org\/wp-content\/uploads\/PhilFasoneheadshot2024-768x1024.jpg","contentUrl":"https:\/\/visionshare.org\/wp-content\/uploads\/PhilFasoneheadshot2024-768x1024.jpg"},{"@type":"BreadcrumbList","@id":"https:\/\/visionshare.org\/about\/key-people\/#breadcrumb","itemListElement":[{"@type":"ListItem","position":1,"name":"Home","item":"https:\/\/visionshare.org\/"},{"@type":"ListItem","position":2,"name":"About us","item":"https:\/\/visionshare.org\/about\/"},{"@type":"ListItem","position":3,"name":"The Vision Share Team"}]},{"@type":"WebSite","@id":"https:\/\/visionshare.org\/#website","url":"https:\/\/visionshare.org\/","name":"Vision Share","description":"Votre source de confiance","publisher":{"@id":"https:\/\/visionshare.org\/#organization"},"potentialAction":[{"@type":"SearchAction","target":{"@type":"EntryPoint","urlTemplate":"https:\/\/visionshare.org\/?s={search_term_string}"},"query-input":{"@type":"PropertyValueSpecification","valueRequired":true,"valueName":"search_term_string"}}],"inLanguage":"fr-FR"},{"@type":"Organization","@id":"https:\/\/visionshare.org\/#organization","name":"Vision Share","url":"https:\/\/visionshare.org\/","logo":{"@type":"ImageObject","inLanguage":"fr-FR","@id":"https:\/\/visionshare.org\/#\/schema\/logo\/image\/","url":"https:\/\/visionshare.org\/wp-content\/uploads\/cropped-cropped-cropped-VS_Your-trusted-source-logo-01-PNG.png","contentUrl":"https:\/\/visionshare.org\/wp-content\/uploads\/cropped-cropped-cropped-VS_Your-trusted-source-logo-01-PNG.png","width":1655,"height":861,"caption":"Vision Share"},"image":{"@id":"https:\/\/visionshare.org\/#\/schema\/logo\/image\/"},"sameAs":["https:\/\/www.facebook.com\/visionshareinc","https:\/\/x.com\/Vision_Share","https:\/\/www.linkedin.com\/company\/visionsshare\/"]}]}},"_links":{"self":[{"href":"https:\/\/visionshare.org\/fr\/wp-json\/wp\/v2\/pages\/2794","targetHints":{"allow":["GET"]}}],"collection":[{"href":"https:\/\/visionshare.org\/fr\/wp-json\/wp\/v2\/pages"}],"about":[{"href":"https:\/\/visionshare.org\/fr\/wp-json\/wp\/v2\/types\/page"}],"author":[{"embeddable":true,"href":"https:\/\/visionshare.org\/fr\/wp-json\/wp\/v2\/users\/1"}],"replies":[{"embeddable":true,"href":"https:\/\/visionshare.org\/fr\/wp-json\/wp\/v2\/comments?post=2794"}],"version-history":[{"count":273,"href":"https:\/\/visionshare.org\/fr\/wp-json\/wp\/v2\/pages\/2794\/revisions"}],"predecessor-version":[{"id":16402,"href":"https:\/\/visionshare.org\/fr\/wp-json\/wp\/v2\/pages\/2794\/revisions\/16402"}],"up":[{"embeddable":true,"href":"https:\/\/visionshare.org\/fr\/wp-json\/wp\/v2\/pages\/44"}],"wp:attachment":[{"href":"https:\/\/visionshare.org\/fr\/wp-json\/wp\/v2\/media?parent=2794"}],"curies":[{"name":"wp","href":"https:\/\/api.w.org\/{rel}","templated":true}]}}