{"id":44,"date":"2022-02-13T16:43:35","date_gmt":"2022-02-13T16:43:35","guid":{"rendered":"https:\/\/clinic.wordifysites.com\/?page_id=44"},"modified":"2026-02-13T12:39:41","modified_gmt":"2026-02-13T18:39:41","slug":"a-propos-de","status":"publish","type":"page","link":"https:\/\/visionshare.org\/fr\/about\/","title":{"rendered":"A propos de nous"},"content":{"rendered":"<div class=\"gb-container gb-container-13cd6077 gbp-section\">\n<div class=\"gb-container gb-container-abc0de2e gbp-section__inner\">\n<div class=\"gb-container gb-container-0662827f alignfull\">\n\n<h1 class=\"gb-headline gb-headline-4919975f gb-headline-text gbp-section__headline\">\u00c0 propos de nous<\/h1>\n\n<\/div>\n<\/div>\n<div class=\"gb-shapes\"><div class=\"gb-shape gb-shape-1\"><svg xmlns=\"http:\/\/www.w3.org\/2000\/svg\" viewbox=\"0 0 1200 194.3\" preserveaspectratio=\"none\"><path d=\"M1200 133.3l-50 8.9c-50 8.6-150 26.9-250 31.1-100 4.2-200-4.2-300-26.7S400 89.2 300 62.2C200 35.8 100 17.5 50 8.9L0 0v194.3h1200v-61z\"\/><\/svg><\/div><\/div><\/div>\n\n<section class=\"gb-container gb-container-3c70eca0\">\n\n<div class=\"wp-block-media-text is-stacked-on-mobile has-base-4-background-color has-background\" style=\"grid-template-columns:40% auto\"><figure class=\"wp-block-media-text__media\"><img loading=\"lazy\" decoding=\"async\" width=\"1024\" height=\"637\" src=\"https:\/\/visionshare.org\/wp-content\/uploads\/CC7I3581-1365x850-1-1024x637.webp\" alt=\"R\u00e9union de l&#039;\u00e9quipe Vision Share \u00e0 Chicago\" class=\"wp-image-13642 size-full\" srcset=\"https:\/\/visionshare.org\/wp-content\/uploads\/CC7I3581-1365x850-1-1024x637.webp 1024w, https:\/\/visionshare.org\/wp-content\/uploads\/CC7I3581-1365x850-1-300x187.webp 300w, https:\/\/visionshare.org\/wp-content\/uploads\/CC7I3581-1365x850-1-768x478.webp 768w, https:\/\/visionshare.org\/wp-content\/uploads\/CC7I3581-1365x850-1.webp 1365w\" sizes=\"auto, (max-width: 1024px) 100vw, 1024px\" \/><\/figure><div class=\"wp-block-media-text__content\">\n<h2 class=\"wp-block-heading has-accent-color has-text-color has-link-color wp-elements-87c29182b633bba12292c7728711e2c0\">Notre mission : Fournir des tissus oculaires avec un service exceptionnel et soutenir la restauration de la vue dans le monde entier.<\/h2>\n\n\n\n<p class=\"has-contrast-color has-text-color has-link-color wp-elements-1d4d715d30b59152242ebb8a09fd0a76\">Au <a href=\"https:\/\/visionshare.org\/fr\/\">Vision Share<\/a> nous livrons des tissus corn\u00e9ens dans le monde entier et connectons notre r\u00e9seau de banques d'yeux aux chirurgiens et aux chercheurs du monde entier.<\/p>\n<\/div><\/div>\n\n<\/section>\n\n<div class=\"gb-container gb-container-cd451cd3\">\n<div class=\"gb-container gb-container-7aef3063\">\n\n<h3 class=\"wp-block-heading has-text-align-center\" style=\"font-size:31px\">En travaillant avec Vision Share, vous b\u00e9n\u00e9ficiez<\/h3>\n\n\n<div class=\"gb-container gb-container-88846010\">\n\n<div class=\"flip-card-group\">\n    <div class=\"flip-card\">\n        <div class=\"flip-card-inner\">\n            <div class=\"flip-card-front\">\n                <h3><strong>EXP\u00c9RIENCE<\/strong><\/h3>\n            <\/div>\n            <div class=\"flip-card-back\">\n                <p>Plus de 28 ans de <strong>Exp\u00e9rience<\/strong> nous a permis de devenir une source fiable pour les greffes de corn\u00e9e et les tissus de recherche en repr\u00e9sentant fi\u00e8rement un r\u00e9seau de banques d'yeux de premier plan qui sont \u00e0 la fois accr\u00e9dit\u00e9es par l'EBAA et enregistr\u00e9es aupr\u00e8s de la FDA.<\/p>\n            <\/div>\n        <\/div>\n    <\/div>\n    <div class=\"flip-card middle-card\"> <!-- Added \"middle-card\" class -->\n        <div class=\"flip-card-inner\">\n            <div class=\"flip-card-front\">\n                <h3><strong>FIABILIT\u00c9<\/strong><\/h3>\n            <\/div>\n            <div class=\"flip-card-back\">\n                <p>Notre r\u00e9seau de banques d'yeux et notre expertise en mati\u00e8re de distribution offrent aux chirurgiens, aux banques d'yeux et aux chercheurs un r\u00e9seau de banques d'yeux de premier ordre. <strong>Fiable<\/strong> et une source constante de tissus de qualit\u00e9 qui comprend le traitement et les dispositifs pr\u00e9charg\u00e9s.<\/p>\n            <\/div>\n        <\/div>\n    <\/div>\n    <div class=\"flip-card\">\n        <div class=\"flip-card-inner\">\n            <div class=\"flip-card-front\">\n                <h3><strong>SERVICE<\/strong><\/h3>\n            <\/div>\n            <div class=\"flip-card-back\">\n                <p>Nous offrons des services exceptionnels <strong>Service<\/strong> qui comprend l'acc\u00e8s \u00e0 des experts de l'industrie des banques oculaires en tant que ressource unique pour soutenir le d\u00e9veloppement des banques oculaires, de la recherche et des programmes de transplantation \u00e0 l'\u00e9chelle mondiale.<\/p>\n            <\/div>\n        <\/div>\n    <\/div>\n<\/div>\n\n<\/div>\n<\/div>\n\n<section class=\"gb-container gb-container-173c66c2\">\n<div class=\"gb-container gb-container-833cfe47 alignfull\">\n\n<figure class=\"wp-block-image size-full\"><img decoding=\"async\" src=\"https:\/\/visionshare.org\/wp-content\/uploads\/websiteborderinmiddle3.svg\" alt=\"\" class=\"wp-image-7997\"\/><\/figure>\n\n<\/div>\n<\/section>\n<\/div>\n\n<section class=\"gb-container gb-container-38f71c3a\">\n<div class=\"gb-container gb-container-020f4567\">\n<div class=\"gb-grid-wrapper gb-grid-wrapper-939bac29\">\n<div class=\"gb-grid-column gb-grid-column-81012654\"><div class=\"gb-container gb-container-81012654\">\n\n<h2 class=\"gb-headline gb-headline-eeaa93f6 gb-headline-text\">28+<\/h2>\n\n\n\n<h3 class=\"gb-headline gb-headline-993d1d1c gb-headline-text\">Ann\u00e9es d'exp\u00e9rience<\/h3>\n\n<\/div><\/div>\n\n<div class=\"gb-grid-column gb-grid-column-89550e27\"><div class=\"gb-container gb-container-89550e27\">\n\n<h2 class=\"gb-headline gb-headline-a4b9e51e gb-headline-text\">8<\/h2>\n\n\n\n<h3 class=\"gb-headline gb-headline-1645ebbd gb-headline-text\">Membres de la banque d'yeux<\/h3>\n\n<\/div><\/div>\n\n<div class=\"gb-grid-column gb-grid-column-c2efb033\"><div class=\"gb-container gb-container-c2efb033\">\n\n<h2 class=\"gb-headline gb-headline-c762790c gb-headline-text\">141,000+<\/h2>\n\n\n\n<h3 class=\"gb-headline gb-headline-fd53bb5b gb-headline-text\">Corn\u00e9es transplant\u00e9es<\/h3>\n\n<\/div><\/div>\n<\/div>\n<\/div>\n<\/section>\n\n<section class=\"gb-container gb-container-bfaa4864\">\n<div class=\"gb-grid-wrapper gb-grid-wrapper-7e5f543c\">\n<div class=\"gb-grid-column gb-grid-column-f2b8ac7f\"><div class=\"gb-container gb-container-f2b8ac7f\">\n\n<h2 class=\"gb-headline gb-headline-c98d35e8 gb-headline-text\">Notre histoire<\/h2>\n\n\n\n<p class=\"has-text-align-left\">Depuis 1998, Vision Share est guid\u00e9e par un principe simple : lorsque les banques oculaires mettent en commun leurs ressources, elles peuvent placer plus de tissus, r\u00e9duire les inefficacit\u00e9s et mieux servir les chirurgiens et les patients, sans compromettre les normes ou l'autonomie.<\/p>\n\n\n\n<p><strong>La mise en commun des ressources permet aux membres de Vision Share de s'assurer que les tissus des donneurs parviennent aux patients qui en ont besoin, au moment et \u00e0 l'endroit o\u00f9 ils sont le plus n\u00e9cessaires.<\/strong><\/p>\n\n\n\n<p>Aujourd'hui, notre r\u00e9seau soutient des programmes de transplantation et de recherche dans plus de 30 pays et a facilit\u00e9 le placement de plus de 141 000 corn\u00e9es dans le monde. Cette ampleur est rendue possible par des partenariats de confiance avec les principales banques oculaires accr\u00e9dit\u00e9es par l'EBAA, qui s'engagent \u00e0 collaborer et \u00e0 atteindre l'excellence.<\/p>\n\n\n\n<p class=\"has-text-align-left\">Chaque don que nous g\u00e9rons nous aide \u00e0 remplir notre mission : fournir un service exceptionnel et soutenir la restauration de la vue dans le monde.<\/p>\n\n\n\n<p><strong>Phil Fasone, Directeur ex\u00e9cutif<\/strong><\/p>\n\n\n\n<figure class=\"gb-block-image gb-block-image-7d464260\"><img loading=\"lazy\" decoding=\"async\" width=\"903\" height=\"304\" class=\"gb-image gb-image-7d464260\" src=\"https:\/\/visionshare.org\/wp-content\/uploads\/Signature-2024-PHIL.png\" alt=\"Signature de Phil Fasone\" title=\"Signature 2024 PHIL\" srcset=\"https:\/\/visionshare.org\/wp-content\/uploads\/Signature-2024-PHIL.png 903w, https:\/\/visionshare.org\/wp-content\/uploads\/Signature-2024-PHIL-300x101.png 300w, https:\/\/visionshare.org\/wp-content\/uploads\/Signature-2024-PHIL-768x259.png 768w, https:\/\/visionshare.org\/wp-content\/uploads\/Signature-2024-PHIL-500x168.png 500w, https:\/\/visionshare.org\/wp-content\/uploads\/Signature-2024-PHIL-700x236.png 700w\" sizes=\"auto, (max-width: 903px) 100vw, 903px\" \/><\/figure>\n\n\n\n<p><strong>Vision Share, Inc.&nbsp;&nbsp;&nbsp;&nbsp;<\/strong><\/p>\n\n<\/div><\/div>\n\n<div class=\"gb-grid-column gb-grid-column-2f644cb3\"><div class=\"gb-container gb-container-2f644cb3\">\n<div class=\"gb-container gb-container-038a6900\">\n<div class=\"wp-block-image\">\n<figure class=\"aligncenter size-large is-resized\"><img loading=\"lazy\" decoding=\"async\" width=\"768\" height=\"1024\" src=\"https:\/\/visionshare.org\/wp-content\/uploads\/au1-768x1024.jpg\" alt=\"Phil Fasone, directeur ex\u00e9cutif de Vision Share\" class=\"wp-image-7790\" style=\"width:359px;height:auto\" srcset=\"https:\/\/visionshare.org\/wp-content\/uploads\/au1-768x1024.jpg 768w, https:\/\/visionshare.org\/wp-content\/uploads\/au1-225x300.jpg 225w, https:\/\/visionshare.org\/wp-content\/uploads\/au1-500x667.jpg 500w, https:\/\/visionshare.org\/wp-content\/uploads\/au1-700x933.jpg 700w, https:\/\/visionshare.org\/wp-content\/uploads\/au1.jpg 900w\" sizes=\"auto, (max-width: 768px) 100vw, 768px\" \/><\/figure>\n<\/div>\n<\/div>\n<\/div><\/div>\n<\/div>\n<\/section>\n\n<section class=\"gb-container gb-container-94daabc2\">\n<div class=\"gb-container gb-container-0412b36c\">\n\n<h2 class=\"gb-headline gb-headline-d62ea97e gb-headline-text\">Ce que disent nos chirurgiens<\/h2>\n\n\n<div class=\"gb-grid-wrapper gb-grid-wrapper-3c113c55\">\n<div class=\"gb-grid-column gb-grid-column-5651103b\"><div class=\"gb-container gb-container-5651103b\">\n<div class=\"gb-container gb-container-10bef237\">\n\n<h2 class=\"wp-block-heading has-text-align-center has-accent-color has-text-color has-link-color has-large-font-size wp-elements-32d5ba7ba984d2741faec0ff14fa320d\"><strong>PARTENARIAT<\/strong><\/h2>\n\n\n\n<p>En 2016, lors de la conf\u00e9rence de l'Acad\u00e9mie am\u00e9ricaine d'ophtalmologie \u00e0 Chicago, j'ai visit\u00e9 le stand de Vision Share. C'est probablement le moment qui a chang\u00e9 ce que je fais en termes de greffes de corn\u00e9e. Cela a ouvert l'acc\u00e8s \u00e0 des tissus de corn\u00e9e de qualit\u00e9 pour plus de 8 pays en Afrique, en commen\u00e7ant par le Rwanda. Nous \u00e9tions un r\u00e9seau d'h\u00f4pitaux appartenant au m\u00eame propri\u00e9taire. <strong>Ce partenariat a chang\u00e9 de nombreuses vies en Afrique. Je pense qu'entre 400 et 500 personnes ont b\u00e9n\u00e9fici\u00e9 de cette rencontre depuis 2016.&nbsp;<\/strong><br><br>Cela m'a permis, par exemple, de donner une bonne corn\u00e9e \u00e0 un jeune gar\u00e7on de 8 ans. Il souffrait d'anasarque aigu\u00eb. Apr\u00e8s avoir commenc\u00e9 \u00e0 travailler avec Vision Share, nous pouvions commander, obtenir une corn\u00e9e et proc\u00e9der \u00e0 la transplantation dans les sept jours. Ce n'\u00e9tait pas possible jusqu'\u00e0 ce que je rencontre Vision Share.<\/p>\n\n\n<div class=\"wp-block-image is-style-rounded\">\n<figure class=\"aligncenter size-large is-resized\"><img loading=\"lazy\" decoding=\"async\" width=\"1024\" height=\"1024\" src=\"https:\/\/visionshare.org\/wp-content\/uploads\/drjohnpic-1024x1024.jpg\" alt=\"John Nkurikiye headshot with testimoinal (en anglais)\" class=\"wp-image-8611\" style=\"width:150px;height:150px\" srcset=\"https:\/\/visionshare.org\/wp-content\/uploads\/drjohnpic-1024x1024.jpg 1024w, https:\/\/visionshare.org\/wp-content\/uploads\/drjohnpic-300x300.jpg 300w, https:\/\/visionshare.org\/wp-content\/uploads\/drjohnpic-150x150.jpg 150w, https:\/\/visionshare.org\/wp-content\/uploads\/drjohnpic-768x768.jpg 768w, https:\/\/visionshare.org\/wp-content\/uploads\/drjohnpic-500x500.jpg 500w, https:\/\/visionshare.org\/wp-content\/uploads\/drjohnpic-700x700.jpg 700w, https:\/\/visionshare.org\/wp-content\/uploads\/drjohnpic-100x100.jpg 100w, https:\/\/visionshare.org\/wp-content\/uploads\/drjohnpic.jpg 1200w\" sizes=\"auto, (max-width: 1024px) 100vw, 1024px\" \/><\/figure>\n<\/div>\n\n\n<h3 class=\"gb-headline gb-headline-f86eb354 gb-headline-text\">Dr. John Nkurikiye<\/h3>\n\n\n\n<p class=\"gb-headline gb-headline-3ba82cac gb-headline-text\">Pr\u00e9sident ex\u00e9cutif, RIIO iHospital et pr\u00e9sident du COESCA<br>Rwanda<\/p>\n\n<\/div>\n<\/div><\/div>\n\n<div class=\"gb-grid-column gb-grid-column-e66c4b8f\"><div class=\"gb-container gb-container-e66c4b8f\">\n<div class=\"gb-container gb-container-7a287172\">\n\n<h2 class=\"wp-block-heading has-text-align-center has-accent-color has-text-color has-link-color has-large-font-size wp-elements-0b677b151a8d4e499c8f39b3e545e7f4\"><strong>COLLABORATION<\/strong><\/h2>\n\n\n\n<p>La c\u00e9cit\u00e9 corn\u00e9enne est un probl\u00e8me de sant\u00e9 publique croissant dans les pays en d\u00e9veloppement comme le Maroc. Le k\u00e9ratoc\u00f4ne, une maladie qui touche principalement les jeunes, repr\u00e9sente 50% des cas de greffe de corn\u00e9e au Maroc. Son impact sur les patients et leurs familles est profond, perturbant l'\u00e9ducation, les carri\u00e8res et le bien-\u00eatre mental.&nbsp;<br><br>La greffe de corn\u00e9e, rendue possible par le don de tissus, a progress\u00e9 de mani\u00e8re significative au Maroc, notamment gr\u00e2ce au partenariat entre Vision Share et l'h\u00f4pital Cheikh Zaid de Rabat. <strong>Cette collaboration a permis \u00e0 plus de 1 000 patients de b\u00e9n\u00e9ficier d'interventions chirurgicales qui ont chang\u00e9 leur vie.<\/strong><br><br>Nous remercions Vision Share et toutes les personnes impliqu\u00e9es dans les banques d'yeux aux \u00c9tats-Unis, dont le d\u00e9vouement rend possible ces transplantations qui transforment des vies.<br><\/p>\n\n\n<div class=\"wp-block-image is-style-rounded\">\n<figure class=\"aligncenter size-full is-resized\"><img loading=\"lazy\" decoding=\"async\" width=\"500\" height=\"500\" src=\"https:\/\/visionshare.org\/wp-content\/uploads\/drbelemekkiheadshot.jpg\" alt=\"Prof. M Belmekki headshot with testimonial\" class=\"wp-image-10026\" style=\"width:150px\" srcset=\"https:\/\/visionshare.org\/wp-content\/uploads\/drbelemekkiheadshot.jpg 500w, https:\/\/visionshare.org\/wp-content\/uploads\/drbelemekkiheadshot-300x300.jpg 300w, https:\/\/visionshare.org\/wp-content\/uploads\/drbelemekkiheadshot-150x150.jpg 150w, https:\/\/visionshare.org\/wp-content\/uploads\/drbelemekkiheadshot-100x100.jpg 100w\" sizes=\"auto, (max-width: 500px) 100vw, 500px\" \/><\/figure>\n<\/div>\n\n\n<h3 class=\"gb-headline gb-headline-34565c99 gb-headline-text\"><strong>M Belmekki<\/strong><\/h3>\n\n\n\n<p class=\"gb-headline gb-headline-65728991 gb-headline-text\">&nbsp;H\u00f4pital Cheikh Zaid <br>Rabat, Maroc<\/p>\n\n<\/div>\n<\/div><\/div>\n<\/div>\n<\/div>\n<\/section>","protected":false},"excerpt":{"rendered":"<p>About Us Our Mission: Provide ocular tissue with exceptional service and support global sight restoration. At Vision Share we deliver corneal tissue worldwide and connect &#8230; <a title=\"A propos de nous\" class=\"read-more\" href=\"https:\/\/visionshare.org\/fr\/about\/\" aria-label=\"En savoir plus sur About us\">Lire plus<\/a><\/p>","protected":false},"author":1,"featured_media":7352,"parent":0,"menu_order":0,"comment_status":"closed","ping_status":"closed","template":"","meta":{"_acf_changed":false,"footnotes":""},"class_list":["post-44","page","type-page","status-publish","has-post-thumbnail"],"acf":[],"yoast_head":"<!-- This site is optimized with the Yoast SEO plugin v27.4 - https:\/\/yoast.com\/product\/yoast-seo-wordpress\/ -->\n<title>About us - Vision Share<\/title>\n<meta name=\"description\" content=\"At Vision Share we connect eye banks, surgeons, and researchers by providing them access to corneal tissue for transplants and research.\" \/>\n<meta name=\"robots\" content=\"index, follow, max-snippet:-1, max-image-preview:large, max-video-preview:-1\" \/>\n<link rel=\"canonical\" href=\"https:\/\/visionshare.org\/fr\/a-propos-de\/\" \/>\n<meta property=\"og:locale\" content=\"fr_FR\" \/>\n<meta property=\"og:type\" content=\"article\" \/>\n<meta property=\"og:title\" content=\"About us - Vision Share\" \/>\n<meta property=\"og:description\" content=\"At Vision Share we connect eye banks, surgeons, and researchers by providing them access to corneal tissue for transplants and research.\" \/>\n<meta property=\"og:url\" content=\"https:\/\/visionshare.org\/fr\/a-propos-de\/\" \/>\n<meta property=\"og:site_name\" content=\"Vision Share\" \/>\n<meta property=\"article:publisher\" content=\"https:\/\/www.facebook.com\/visionshareinc\" \/>\n<meta property=\"article:modified_time\" content=\"2026-02-13T18:39:41+00:00\" \/>\n<meta property=\"og:image\" content=\"https:\/\/visionshare.org\/wp-content\/uploads\/teampageheaderimage1875x625.jpg\" \/>\n\t<meta property=\"og:image:width\" content=\"1875\" \/>\n\t<meta property=\"og:image:height\" content=\"625\" \/>\n\t<meta property=\"og:image:type\" content=\"image\/jpeg\" \/>\n<meta name=\"twitter:card\" content=\"summary_large_image\" \/>\n<meta name=\"twitter:site\" content=\"@Vision_Share\" \/>\n<meta name=\"twitter:label1\" content=\"Dur\u00e9e de lecture estim\u00e9e\" \/>\n\t<meta name=\"twitter:data1\" content=\"4 minutes\" \/>\n<script type=\"application\/ld+json\" class=\"yoast-schema-graph\">{\"@context\":\"https:\\\/\\\/schema.org\",\"@graph\":[{\"@type\":\"WebPage\",\"@id\":\"https:\\\/\\\/visionshare.org\\\/about\\\/\",\"url\":\"https:\\\/\\\/visionshare.org\\\/about\\\/\",\"name\":\"About us - Vision Share\",\"isPartOf\":{\"@id\":\"https:\\\/\\\/visionshare.org\\\/#website\"},\"primaryImageOfPage\":{\"@id\":\"https:\\\/\\\/visionshare.org\\\/about\\\/#primaryimage\"},\"image\":{\"@id\":\"https:\\\/\\\/visionshare.org\\\/about\\\/#primaryimage\"},\"thumbnailUrl\":\"https:\\\/\\\/visionshare.org\\\/wp-content\\\/uploads\\\/teampageheaderimage1875x625.jpg\",\"datePublished\":\"2022-02-13T16:43:35+00:00\",\"dateModified\":\"2026-02-13T18:39:41+00:00\",\"description\":\"At Vision Share we connect eye banks, surgeons, and researchers by providing them access to corneal tissue for transplants and research.\",\"breadcrumb\":{\"@id\":\"https:\\\/\\\/visionshare.org\\\/about\\\/#breadcrumb\"},\"inLanguage\":\"fr-FR\",\"potentialAction\":[{\"@type\":\"ReadAction\",\"target\":[\"https:\\\/\\\/visionshare.org\\\/about\\\/\"]}]},{\"@type\":\"ImageObject\",\"inLanguage\":\"fr-FR\",\"@id\":\"https:\\\/\\\/visionshare.org\\\/about\\\/#primaryimage\",\"url\":\"https:\\\/\\\/visionshare.org\\\/wp-content\\\/uploads\\\/teampageheaderimage1875x625.jpg\",\"contentUrl\":\"https:\\\/\\\/visionshare.org\\\/wp-content\\\/uploads\\\/teampageheaderimage1875x625.jpg\",\"width\":1875,\"height\":625,\"caption\":\"VSTeampage-headerimage\"},{\"@type\":\"BreadcrumbList\",\"@id\":\"https:\\\/\\\/visionshare.org\\\/about\\\/#breadcrumb\",\"itemListElement\":[{\"@type\":\"ListItem\",\"position\":1,\"name\":\"Home\",\"item\":\"https:\\\/\\\/visionshare.org\\\/\"},{\"@type\":\"ListItem\",\"position\":2,\"name\":\"About us\"}]},{\"@type\":\"WebSite\",\"@id\":\"https:\\\/\\\/visionshare.org\\\/#website\",\"url\":\"https:\\\/\\\/visionshare.org\\\/\",\"name\":\"Vision Share\",\"description\":\"Your Trusted Source\",\"publisher\":{\"@id\":\"https:\\\/\\\/visionshare.org\\\/#organization\"},\"potentialAction\":[{\"@type\":\"SearchAction\",\"target\":{\"@type\":\"EntryPoint\",\"urlTemplate\":\"https:\\\/\\\/visionshare.org\\\/?s={search_term_string}\"},\"query-input\":{\"@type\":\"PropertyValueSpecification\",\"valueRequired\":true,\"valueName\":\"search_term_string\"}}],\"inLanguage\":\"fr-FR\"},{\"@type\":\"Organization\",\"@id\":\"https:\\\/\\\/visionshare.org\\\/#organization\",\"name\":\"Vision Share\",\"url\":\"https:\\\/\\\/visionshare.org\\\/\",\"logo\":{\"@type\":\"ImageObject\",\"inLanguage\":\"fr-FR\",\"@id\":\"https:\\\/\\\/visionshare.org\\\/#\\\/schema\\\/logo\\\/image\\\/\",\"url\":\"https:\\\/\\\/visionshare.org\\\/wp-content\\\/uploads\\\/cropped-cropped-cropped-VS_Your-trusted-source-logo-01-PNG.png\",\"contentUrl\":\"https:\\\/\\\/visionshare.org\\\/wp-content\\\/uploads\\\/cropped-cropped-cropped-VS_Your-trusted-source-logo-01-PNG.png\",\"width\":1655,\"height\":861,\"caption\":\"Vision Share\"},\"image\":{\"@id\":\"https:\\\/\\\/visionshare.org\\\/#\\\/schema\\\/logo\\\/image\\\/\"},\"sameAs\":[\"https:\\\/\\\/www.facebook.com\\\/visionshareinc\",\"https:\\\/\\\/x.com\\\/Vision_Share\",\"https:\\\/\\\/www.linkedin.com\\\/company\\\/visionsshare\\\/\"]}]}<\/script>\n<!-- \/ Yoast SEO plugin. -->","yoast_head_json":{"title":"\u00c0 propos de nous - Vision Share","description":"Vision Share met en relation les banques d'yeux, les chirurgiens et les chercheurs en leur donnant acc\u00e8s \u00e0 du tissu corn\u00e9en pour les greffes et la recherche.","robots":{"index":"index","follow":"follow","max-snippet":"max-snippet:-1","max-image-preview":"max-image-preview:large","max-video-preview":"max-video-preview:-1"},"canonical":"https:\/\/visionshare.org\/fr\/a-propos-de\/","og_locale":"fr_FR","og_type":"article","og_title":"About us - Vision Share","og_description":"At Vision Share we connect eye banks, surgeons, and researchers by providing them access to corneal tissue for transplants and research.","og_url":"https:\/\/visionshare.org\/fr\/a-propos-de\/","og_site_name":"Vision Share","article_publisher":"https:\/\/www.facebook.com\/visionshareinc","article_modified_time":"2026-02-13T18:39:41+00:00","og_image":[{"width":1875,"height":625,"url":"https:\/\/visionshare.org\/wp-content\/uploads\/teampageheaderimage1875x625.jpg","type":"image\/jpeg"}],"twitter_card":"summary_large_image","twitter_site":"@Vision_Share","twitter_misc":{"Dur\u00e9e de lecture estim\u00e9e":"4 minutes"},"schema":{"@context":"https:\/\/schema.org","@graph":[{"@type":"WebPage","@id":"https:\/\/visionshare.org\/about\/","url":"https:\/\/visionshare.org\/about\/","name":"\u00c0 propos de nous - Vision Share","isPartOf":{"@id":"https:\/\/visionshare.org\/#website"},"primaryImageOfPage":{"@id":"https:\/\/visionshare.org\/about\/#primaryimage"},"image":{"@id":"https:\/\/visionshare.org\/about\/#primaryimage"},"thumbnailUrl":"https:\/\/visionshare.org\/wp-content\/uploads\/teampageheaderimage1875x625.jpg","datePublished":"2022-02-13T16:43:35+00:00","dateModified":"2026-02-13T18:39:41+00:00","description":"Vision Share met en relation les banques d'yeux, les chirurgiens et les chercheurs en leur donnant acc\u00e8s \u00e0 du tissu corn\u00e9en pour les greffes et la recherche.","breadcrumb":{"@id":"https:\/\/visionshare.org\/about\/#breadcrumb"},"inLanguage":"fr-FR","potentialAction":[{"@type":"ReadAction","target":["https:\/\/visionshare.org\/about\/"]}]},{"@type":"ImageObject","inLanguage":"fr-FR","@id":"https:\/\/visionshare.org\/about\/#primaryimage","url":"https:\/\/visionshare.org\/wp-content\/uploads\/teampageheaderimage1875x625.jpg","contentUrl":"https:\/\/visionshare.org\/wp-content\/uploads\/teampageheaderimage1875x625.jpg","width":1875,"height":625,"caption":"VSTeampage-headerimage"},{"@type":"BreadcrumbList","@id":"https:\/\/visionshare.org\/about\/#breadcrumb","itemListElement":[{"@type":"ListItem","position":1,"name":"Home","item":"https:\/\/visionshare.org\/"},{"@type":"ListItem","position":2,"name":"About us"}]},{"@type":"WebSite","@id":"https:\/\/visionshare.org\/#website","url":"https:\/\/visionshare.org\/","name":"Vision Share","description":"Votre source de confiance","publisher":{"@id":"https:\/\/visionshare.org\/#organization"},"potentialAction":[{"@type":"SearchAction","target":{"@type":"EntryPoint","urlTemplate":"https:\/\/visionshare.org\/?s={search_term_string}"},"query-input":{"@type":"PropertyValueSpecification","valueRequired":true,"valueName":"search_term_string"}}],"inLanguage":"fr-FR"},{"@type":"Organization","@id":"https:\/\/visionshare.org\/#organization","name":"Vision Share","url":"https:\/\/visionshare.org\/","logo":{"@type":"ImageObject","inLanguage":"fr-FR","@id":"https:\/\/visionshare.org\/#\/schema\/logo\/image\/","url":"https:\/\/visionshare.org\/wp-content\/uploads\/cropped-cropped-cropped-VS_Your-trusted-source-logo-01-PNG.png","contentUrl":"https:\/\/visionshare.org\/wp-content\/uploads\/cropped-cropped-cropped-VS_Your-trusted-source-logo-01-PNG.png","width":1655,"height":861,"caption":"Vision Share"},"image":{"@id":"https:\/\/visionshare.org\/#\/schema\/logo\/image\/"},"sameAs":["https:\/\/www.facebook.com\/visionshareinc","https:\/\/x.com\/Vision_Share","https:\/\/www.linkedin.com\/company\/visionsshare\/"]}]}},"_links":{"self":[{"href":"https:\/\/visionshare.org\/fr\/wp-json\/wp\/v2\/pages\/44","targetHints":{"allow":["GET"]}}],"collection":[{"href":"https:\/\/visionshare.org\/fr\/wp-json\/wp\/v2\/pages"}],"about":[{"href":"https:\/\/visionshare.org\/fr\/wp-json\/wp\/v2\/types\/page"}],"author":[{"embeddable":true,"href":"https:\/\/visionshare.org\/fr\/wp-json\/wp\/v2\/users\/1"}],"replies":[{"embeddable":true,"href":"https:\/\/visionshare.org\/fr\/wp-json\/wp\/v2\/comments?post=44"}],"version-history":[{"count":415,"href":"https:\/\/visionshare.org\/fr\/wp-json\/wp\/v2\/pages\/44\/revisions"}],"predecessor-version":[{"id":14604,"href":"https:\/\/visionshare.org\/fr\/wp-json\/wp\/v2\/pages\/44\/revisions\/14604"}],"wp:featuredmedia":[{"embeddable":true,"href":"https:\/\/visionshare.org\/fr\/wp-json\/wp\/v2\/media\/7352"}],"wp:attachment":[{"href":"https:\/\/visionshare.org\/fr\/wp-json\/wp\/v2\/media?parent=44"}],"curies":[{"name":"wp","href":"https:\/\/api.w.org\/{rel}","templated":true}]}}