{"id":6511,"date":"2024-10-08T16:15:31","date_gmt":"2024-10-08T21:15:31","guid":{"rendered":"https:\/\/visionshare.org\/?page_id=6511"},"modified":"2025-09-09T13:54:00","modified_gmt":"2025-09-09T18:54:00","slug":"lebw","status":"publish","type":"page","link":"https:\/\/visionshare.org\/fr\/member-list-info\/lebw\/","title":{"rendered":"Banque d'yeux Lions du Wisconsin"},"content":{"rendered":"<div class=\"gb-container gb-container-d452ee7a\">\n<div class=\"gb-container gb-container-7d07da58 gbp-section__inner\">\n<div class=\"gb-container gb-container-9c385b46\">\n\n<figure class=\"gb-block-image gb-block-image-2c8b1d92\"><img loading=\"lazy\" decoding=\"async\" width=\"2048\" height=\"1536\" class=\"gb-image gb-image-2c8b1d92\" src=\"https:\/\/visionshare.org\/wp-content\/uploads\/LEBW-Transporter.jpg\" alt=\"Transporteur LEBW\" title=\"Transporteur LEBW\" srcset=\"https:\/\/visionshare.org\/wp-content\/uploads\/LEBW-Transporter.jpg 2048w, https:\/\/visionshare.org\/wp-content\/uploads\/LEBW-Transporter-300x225.jpg 300w, https:\/\/visionshare.org\/wp-content\/uploads\/LEBW-Transporter-1024x768.jpg 1024w, https:\/\/visionshare.org\/wp-content\/uploads\/LEBW-Transporter-768x576.jpg 768w, https:\/\/visionshare.org\/wp-content\/uploads\/LEBW-Transporter-1536x1152.jpg 1536w, https:\/\/visionshare.org\/wp-content\/uploads\/LEBW-Transporter-500x375.jpg 500w, https:\/\/visionshare.org\/wp-content\/uploads\/LEBW-Transporter-700x525.jpg 700w\" sizes=\"auto, (max-width: 2048px) 100vw, 2048px\" \/><\/figure>\n\n<\/div>\n\n<div class=\"gb-container gb-container-00852ae2\">\n\n<p class=\"gb-headline gb-headline-50c37c70 gb-headline-text gbp-section__text\">Le <strong>Banque oculaire Lions du Wisconsin (LEBW)<\/strong> a \u00e9t\u00e9 fond\u00e9e il y a plus de 50 ans et dessert l'ensemble de l'\u00c9tat du Wisconsin en collaborant avec des chirurgiens et des chercheurs afin de fournir des tissus oculaires d'une importance vitale pour la transplantation et la recherche.<\/p>\n\n\n\n<h3 class=\"gb-headline gb-headline-273989dd gb-headline-text gbp-section__text\"><strong>Mission et valeurs<\/strong><\/h3>\n\n\n\n<p>Sa mission est de restaurer le don de la vue. Elle y parvient en combinant les greffes de corn\u00e9e, en faisant progresser la recherche dans le domaine de l'ophtalmologie et en encourageant les dons d'organes, d'yeux et de tissus.<\/p>\n\n<\/div>\n<\/div>\n\n<div class=\"gb-container gb-container-7295cd14 gbp-section__inner\">\n<div class=\"gb-container gb-container-8800a765 mobile-reverse-container-1\">\n\n<h2 class=\"gb-headline gb-headline-663f7f47 gb-headline-text gbp-section__headline\">Services et impact<\/h2>\n\n\n\n<p>Gr\u00e2ce \u00e0 un r\u00e9seau de professionnels de la sant\u00e9, de b\u00e9n\u00e9voles et de membres du Lions Club, la LEBW continue \u00e0 sensibiliser et \u00e0 promouvoir l'importance du don d'yeux, ainsi qu'\u00e0 favoriser la collaboration avec les h\u00f4pitaux, les pompes fun\u00e8bres et d'autres \u00e9tablissements m\u00e9dicaux afin de rationaliser le processus de don.<\/p>\n\n<\/div>\n\n<div class=\"gb-container gb-container-6b58214d mobile-reverse-container-2\">\n\n<figure class=\"gb-block-image gb-block-image-c3c5b2b9\"><img loading=\"lazy\" decoding=\"async\" width=\"1200\" height=\"800\" class=\"gb-image gb-image-c3c5b2b9\" src=\"https:\/\/visionshare.org\/wp-content\/uploads\/lebw-ct-processing.jpg\" alt=\"lebw-traitement du tissu corn\u00e9en\" srcset=\"https:\/\/visionshare.org\/wp-content\/uploads\/lebw-ct-processing.jpg 1200w, https:\/\/visionshare.org\/wp-content\/uploads\/lebw-ct-processing-300x200.jpg 300w, https:\/\/visionshare.org\/wp-content\/uploads\/lebw-ct-processing-1024x683.jpg 1024w, https:\/\/visionshare.org\/wp-content\/uploads\/lebw-ct-processing-768x512.jpg 768w\" sizes=\"auto, (max-width: 1200px) 100vw, 1200px\" \/><\/figure>\n\n<\/div>\n<\/div>\n\n<div class=\"gb-container gb-container-d1339a43 gbp-section__inner\">\n<div class=\"gb-container gb-container-b8cec7d4\">\n\n<figure class=\"gb-block-image gb-block-image-ca505df4\"><img loading=\"lazy\" decoding=\"async\" width=\"1200\" height=\"1200\" class=\"gb-image gb-image-ca505df4\" src=\"https:\/\/visionshare.org\/wp-content\/uploads\/lebw-team.jpg\" alt=\"L&#039;\u00e9quipe LEBW\" title=\"lebw-team\" srcset=\"https:\/\/visionshare.org\/wp-content\/uploads\/lebw-team.jpg 1200w, https:\/\/visionshare.org\/wp-content\/uploads\/lebw-team-300x300.jpg 300w, https:\/\/visionshare.org\/wp-content\/uploads\/lebw-team-1024x1024.jpg 1024w, https:\/\/visionshare.org\/wp-content\/uploads\/lebw-team-150x150.jpg 150w, https:\/\/visionshare.org\/wp-content\/uploads\/lebw-team-768x768.jpg 768w, https:\/\/visionshare.org\/wp-content\/uploads\/lebw-team-500x500.jpg 500w, https:\/\/visionshare.org\/wp-content\/uploads\/lebw-team-700x700.jpg 700w, https:\/\/visionshare.org\/wp-content\/uploads\/lebw-team-100x100.jpg 100w\" sizes=\"auto, (max-width: 1200px) 100vw, 1200px\" \/><\/figure>\n\n<\/div>\n\n<div class=\"gb-container gb-container-844ef4bb\">\n\n<h2 class=\"gb-headline gb-headline-da595920 gb-headline-text gbp-section__headline\">Engagement communautaire et b\u00e9n\u00e9volat<\/h2>\n\n\n\n<p>LEBW est \u00e9troitement li\u00e9 \u00e0 la communaut\u00e9, les b\u00e9n\u00e9voles jouant un r\u00f4le essentiel dans son travail. Les b\u00e9n\u00e9voles contribuent \u00e0 la sensibilisation, soutiennent les familles des donneurs et facilitent la communication avec les receveurs de greffe. <\/p>\n\n\n\n<p>Cette approche centr\u00e9e sur la communaut\u00e9 permet non seulement de sensibiliser le public \u00e0 l'importance du don d'yeux, mais aussi d'apporter un soutien \u00e9motionnel et logistique aux personnes impliqu\u00e9es dans le processus de don.<\/p>\n\n<\/div>\n<\/div>\n\n<div class=\"gb-container gb-container-a0368a4e gbp-section__inner\">\n<div class=\"gb-container gb-container-3120ff1a\">\n<div class=\"gb-container gb-container-e560db6a\">\n<div class=\"gb-container gb-container-2e83002b gbp-section\">\n<div class=\"gb-container gb-container-180e0582 gbp-section__inner\">\n<div class=\"gb-container gb-container-a0f98063\">\n\n<h2 class=\"gb-headline gb-headline-7abefd36 gb-headline-text gbp-section__headline\">D\u00e9vouement \u00e0 la qualit\u00e9 et \u00e0 l'innovation<\/h2>\n\n\n\n<div class=\"gb-headline gb-headline-99e038e0 gb-headline-text gbp-section__text\">LEBW applique des normes de qualit\u00e9 rigoureuses pour la manipulation, le traitement et la distribution des tissus corn\u00e9ens. Elle s'engage \u00e0 s'am\u00e9liorer constamment, en utilisant la recherche m\u00e9dicale innovante pour \u00e9tendre les possibilit\u00e9s de ce qui peut \u00eatre r\u00e9alis\u00e9 par la transplantation de la corn\u00e9e.<\/div>\n\n\n\n<p><\/p>\n\n\n\n<p>En r\u00e9sum\u00e9, la banque des yeux Lions du Wisconsin joue un r\u00f4le cl\u00e9 dans la lutte contre la c\u00e9cit\u00e9, en aidant les personnes \u00e0 recouvrer la vue et en am\u00e9liorant les conditions de vie gr\u00e2ce \u00e0 la transplantation, \u00e0 l'\u00e9ducation et \u00e0 la recherche.<\/p>\n\n\n<div class=\"gb-container gb-container-4bd041a8\">\n\n<a class=\"gb-button gb-button-e89fb59f gb-button-text gbp-button--primary\" href=\"https:\/\/lebw.org\/\" target=\"_blank\" rel=\"noopener noreferrer\">Visitez leur site web<\/a>\n\n<\/div>\n<\/div>\n<\/div>\n<\/div>\n<\/div>\n<\/div>\n<\/div>\n<\/div>","protected":false},"excerpt":{"rendered":"<p>The Lions Eye Bank of Wisconsin (LEBW) was founded over 50 years ago and serves the entire state of Wisconsin by working with surgeons and &#8230; <a title=\"Banque d&#039;yeux Lions du Wisconsin\" class=\"read-more\" href=\"https:\/\/visionshare.org\/fr\/member-list-info\/lebw\/\" aria-label=\"En savoir plus sur Lions Eye Bank of Wisconsin\">Lire plus<\/a><\/p>","protected":false},"author":1,"featured_media":6520,"parent":1306,"menu_order":0,"comment_status":"closed","ping_status":"closed","template":"","meta":{"_acf_changed":false,"footnotes":""},"class_list":["post-6511","page","type-page","status-publish","has-post-thumbnail"],"acf":[],"yoast_head":"<!-- This site is optimized with the Yoast SEO plugin v27.4 - https:\/\/yoast.com\/product\/yoast-seo-wordpress\/ -->\n<title>Lions Eye Bank of Wisconsin - Vision Share<\/title>\n<meta name=\"description\" content=\"Lions Eye Bank of Wisconsin is a member eye bank of the Vision Share network. Learn more about LEBW on our website today.\" \/>\n<meta name=\"robots\" content=\"index, follow, max-snippet:-1, max-image-preview:large, max-video-preview:-1\" \/>\n<link rel=\"canonical\" href=\"https:\/\/visionshare.org\/fr\/liste-des-membres\/lebw\/\" \/>\n<meta property=\"og:locale\" content=\"fr_FR\" \/>\n<meta property=\"og:type\" content=\"article\" \/>\n<meta property=\"og:title\" content=\"Lions Eye Bank of Wisconsin - Vision Share\" \/>\n<meta property=\"og:description\" content=\"Lions Eye Bank of Wisconsin is a member eye bank of the Vision Share network. Learn more about LEBW on our website today.\" \/>\n<meta property=\"og:url\" content=\"https:\/\/visionshare.org\/fr\/liste-des-membres\/lebw\/\" \/>\n<meta property=\"og:site_name\" content=\"Vision Share\" \/>\n<meta property=\"article:publisher\" content=\"https:\/\/www.facebook.com\/visionshareinc\" \/>\n<meta property=\"article:modified_time\" content=\"2025-09-09T18:54:00+00:00\" \/>\n<meta property=\"og:image\" content=\"https:\/\/visionshare.org\/wp-content\/uploads\/lebw-outsidethebuilding.jpg\" \/>\n\t<meta property=\"og:image:width\" content=\"1430\" \/>\n\t<meta property=\"og:image:height\" content=\"519\" \/>\n\t<meta property=\"og:image:type\" content=\"image\/jpeg\" \/>\n<meta name=\"twitter:card\" content=\"summary_large_image\" \/>\n<meta name=\"twitter:site\" content=\"@Vision_Share\" \/>\n<meta name=\"twitter:label1\" content=\"Dur\u00e9e de lecture estim\u00e9e\" \/>\n\t<meta name=\"twitter:data1\" content=\"2 minutes\" \/>\n<script type=\"application\/ld+json\" class=\"yoast-schema-graph\">{\"@context\":\"https:\\\/\\\/schema.org\",\"@graph\":[{\"@type\":\"WebPage\",\"@id\":\"https:\\\/\\\/visionshare.org\\\/member-list-info\\\/lebw\\\/\",\"url\":\"https:\\\/\\\/visionshare.org\\\/member-list-info\\\/lebw\\\/\",\"name\":\"Lions Eye Bank of Wisconsin - Vision Share\",\"isPartOf\":{\"@id\":\"https:\\\/\\\/visionshare.org\\\/#website\"},\"primaryImageOfPage\":{\"@id\":\"https:\\\/\\\/visionshare.org\\\/member-list-info\\\/lebw\\\/#primaryimage\"},\"image\":{\"@id\":\"https:\\\/\\\/visionshare.org\\\/member-list-info\\\/lebw\\\/#primaryimage\"},\"thumbnailUrl\":\"https:\\\/\\\/visionshare.org\\\/wp-content\\\/uploads\\\/lebw-outsidethebuilding.jpg\",\"datePublished\":\"2024-10-08T21:15:31+00:00\",\"dateModified\":\"2025-09-09T18:54:00+00:00\",\"description\":\"Lions Eye Bank of Wisconsin is a member eye bank of the Vision Share network. Learn more about LEBW on our website today.\",\"breadcrumb\":{\"@id\":\"https:\\\/\\\/visionshare.org\\\/member-list-info\\\/lebw\\\/#breadcrumb\"},\"inLanguage\":\"fr-FR\",\"potentialAction\":[{\"@type\":\"ReadAction\",\"target\":[\"https:\\\/\\\/visionshare.org\\\/member-list-info\\\/lebw\\\/\"]}]},{\"@type\":\"ImageObject\",\"inLanguage\":\"fr-FR\",\"@id\":\"https:\\\/\\\/visionshare.org\\\/member-list-info\\\/lebw\\\/#primaryimage\",\"url\":\"https:\\\/\\\/visionshare.org\\\/wp-content\\\/uploads\\\/lebw-outsidethebuilding.jpg\",\"contentUrl\":\"https:\\\/\\\/visionshare.org\\\/wp-content\\\/uploads\\\/lebw-outsidethebuilding.jpg\",\"width\":1430,\"height\":519,\"caption\":\"lebw-outsidethebuilding\"},{\"@type\":\"BreadcrumbList\",\"@id\":\"https:\\\/\\\/visionshare.org\\\/member-list-info\\\/lebw\\\/#breadcrumb\",\"itemListElement\":[{\"@type\":\"ListItem\",\"position\":1,\"name\":\"Home\",\"item\":\"https:\\\/\\\/visionshare.org\\\/\"},{\"@type\":\"ListItem\",\"position\":2,\"name\":\"Vision Share Eye Bank Network\",\"item\":\"https:\\\/\\\/visionshare.org\\\/member-list-info\\\/\"},{\"@type\":\"ListItem\",\"position\":3,\"name\":\"Lions Eye Bank of Wisconsin\"}]},{\"@type\":\"WebSite\",\"@id\":\"https:\\\/\\\/visionshare.org\\\/#website\",\"url\":\"https:\\\/\\\/visionshare.org\\\/\",\"name\":\"Vision Share\",\"description\":\"Your Trusted Source\",\"publisher\":{\"@id\":\"https:\\\/\\\/visionshare.org\\\/#organization\"},\"potentialAction\":[{\"@type\":\"SearchAction\",\"target\":{\"@type\":\"EntryPoint\",\"urlTemplate\":\"https:\\\/\\\/visionshare.org\\\/?s={search_term_string}\"},\"query-input\":{\"@type\":\"PropertyValueSpecification\",\"valueRequired\":true,\"valueName\":\"search_term_string\"}}],\"inLanguage\":\"fr-FR\"},{\"@type\":\"Organization\",\"@id\":\"https:\\\/\\\/visionshare.org\\\/#organization\",\"name\":\"Vision Share\",\"url\":\"https:\\\/\\\/visionshare.org\\\/\",\"logo\":{\"@type\":\"ImageObject\",\"inLanguage\":\"fr-FR\",\"@id\":\"https:\\\/\\\/visionshare.org\\\/#\\\/schema\\\/logo\\\/image\\\/\",\"url\":\"https:\\\/\\\/visionshare.org\\\/wp-content\\\/uploads\\\/cropped-cropped-cropped-VS_Your-trusted-source-logo-01-PNG.png\",\"contentUrl\":\"https:\\\/\\\/visionshare.org\\\/wp-content\\\/uploads\\\/cropped-cropped-cropped-VS_Your-trusted-source-logo-01-PNG.png\",\"width\":1655,\"height\":861,\"caption\":\"Vision Share\"},\"image\":{\"@id\":\"https:\\\/\\\/visionshare.org\\\/#\\\/schema\\\/logo\\\/image\\\/\"},\"sameAs\":[\"https:\\\/\\\/www.facebook.com\\\/visionshareinc\",\"https:\\\/\\\/x.com\\\/Vision_Share\",\"https:\\\/\\\/www.linkedin.com\\\/company\\\/visionsshare\\\/\"]}]}<\/script>\n<!-- \/ Yoast SEO plugin. -->","yoast_head_json":{"title":"Banque de corn\u00e9es Lions du Wisconsin - Partage de la vision","description":"Lions Eye Bank of Wisconsin est une banque d\u2019yeux membre du r\u00e9seau Vision Share. D\u00e9couvrez-en plus sur LEBW sur notre site web d\u00e8s aujourd\u2019hui.","robots":{"index":"index","follow":"follow","max-snippet":"max-snippet:-1","max-image-preview":"max-image-preview:large","max-video-preview":"max-video-preview:-1"},"canonical":"https:\/\/visionshare.org\/fr\/liste-des-membres\/lebw\/","og_locale":"fr_FR","og_type":"article","og_title":"Lions Eye Bank of Wisconsin - Vision Share","og_description":"Lions Eye Bank of Wisconsin is a member eye bank of the Vision Share network. Learn more about LEBW on our website today.","og_url":"https:\/\/visionshare.org\/fr\/liste-des-membres\/lebw\/","og_site_name":"Vision Share","article_publisher":"https:\/\/www.facebook.com\/visionshareinc","article_modified_time":"2025-09-09T18:54:00+00:00","og_image":[{"width":1430,"height":519,"url":"https:\/\/visionshare.org\/wp-content\/uploads\/lebw-outsidethebuilding.jpg","type":"image\/jpeg"}],"twitter_card":"summary_large_image","twitter_site":"@Vision_Share","twitter_misc":{"Dur\u00e9e de lecture estim\u00e9e":"2 minutes"},"schema":{"@context":"https:\/\/schema.org","@graph":[{"@type":"WebPage","@id":"https:\/\/visionshare.org\/member-list-info\/lebw\/","url":"https:\/\/visionshare.org\/member-list-info\/lebw\/","name":"Banque de corn\u00e9es Lions du Wisconsin - Partage de la vision","isPartOf":{"@id":"https:\/\/visionshare.org\/#website"},"primaryImageOfPage":{"@id":"https:\/\/visionshare.org\/member-list-info\/lebw\/#primaryimage"},"image":{"@id":"https:\/\/visionshare.org\/member-list-info\/lebw\/#primaryimage"},"thumbnailUrl":"https:\/\/visionshare.org\/wp-content\/uploads\/lebw-outsidethebuilding.jpg","datePublished":"2024-10-08T21:15:31+00:00","dateModified":"2025-09-09T18:54:00+00:00","description":"Lions Eye Bank of Wisconsin est une banque d\u2019yeux membre du r\u00e9seau Vision Share. D\u00e9couvrez-en plus sur LEBW sur notre site web d\u00e8s aujourd\u2019hui.","breadcrumb":{"@id":"https:\/\/visionshare.org\/member-list-info\/lebw\/#breadcrumb"},"inLanguage":"fr-FR","potentialAction":[{"@type":"ReadAction","target":["https:\/\/visionshare.org\/member-list-info\/lebw\/"]}]},{"@type":"ImageObject","inLanguage":"fr-FR","@id":"https:\/\/visionshare.org\/member-list-info\/lebw\/#primaryimage","url":"https:\/\/visionshare.org\/wp-content\/uploads\/lebw-outsidethebuilding.jpg","contentUrl":"https:\/\/visionshare.org\/wp-content\/uploads\/lebw-outsidethebuilding.jpg","width":1430,"height":519,"caption":"lebw-outsidethebuilding"},{"@type":"BreadcrumbList","@id":"https:\/\/visionshare.org\/member-list-info\/lebw\/#breadcrumb","itemListElement":[{"@type":"ListItem","position":1,"name":"Home","item":"https:\/\/visionshare.org\/"},{"@type":"ListItem","position":2,"name":"Vision Share Eye Bank Network","item":"https:\/\/visionshare.org\/member-list-info\/"},{"@type":"ListItem","position":3,"name":"Lions Eye Bank of Wisconsin"}]},{"@type":"WebSite","@id":"https:\/\/visionshare.org\/#website","url":"https:\/\/visionshare.org\/","name":"Vision Share","description":"Votre source de confiance","publisher":{"@id":"https:\/\/visionshare.org\/#organization"},"potentialAction":[{"@type":"SearchAction","target":{"@type":"EntryPoint","urlTemplate":"https:\/\/visionshare.org\/?s={search_term_string}"},"query-input":{"@type":"PropertyValueSpecification","valueRequired":true,"valueName":"search_term_string"}}],"inLanguage":"fr-FR"},{"@type":"Organization","@id":"https:\/\/visionshare.org\/#organization","name":"Vision Share","url":"https:\/\/visionshare.org\/","logo":{"@type":"ImageObject","inLanguage":"fr-FR","@id":"https:\/\/visionshare.org\/#\/schema\/logo\/image\/","url":"https:\/\/visionshare.org\/wp-content\/uploads\/cropped-cropped-cropped-VS_Your-trusted-source-logo-01-PNG.png","contentUrl":"https:\/\/visionshare.org\/wp-content\/uploads\/cropped-cropped-cropped-VS_Your-trusted-source-logo-01-PNG.png","width":1655,"height":861,"caption":"Vision Share"},"image":{"@id":"https:\/\/visionshare.org\/#\/schema\/logo\/image\/"},"sameAs":["https:\/\/www.facebook.com\/visionshareinc","https:\/\/x.com\/Vision_Share","https:\/\/www.linkedin.com\/company\/visionsshare\/"]}]}},"_links":{"self":[{"href":"https:\/\/visionshare.org\/fr\/wp-json\/wp\/v2\/pages\/6511","targetHints":{"allow":["GET"]}}],"collection":[{"href":"https:\/\/visionshare.org\/fr\/wp-json\/wp\/v2\/pages"}],"about":[{"href":"https:\/\/visionshare.org\/fr\/wp-json\/wp\/v2\/types\/page"}],"author":[{"embeddable":true,"href":"https:\/\/visionshare.org\/fr\/wp-json\/wp\/v2\/users\/1"}],"replies":[{"embeddable":true,"href":"https:\/\/visionshare.org\/fr\/wp-json\/wp\/v2\/comments?post=6511"}],"version-history":[{"count":58,"href":"https:\/\/visionshare.org\/fr\/wp-json\/wp\/v2\/pages\/6511\/revisions"}],"predecessor-version":[{"id":13800,"href":"https:\/\/visionshare.org\/fr\/wp-json\/wp\/v2\/pages\/6511\/revisions\/13800"}],"up":[{"embeddable":true,"href":"https:\/\/visionshare.org\/fr\/wp-json\/wp\/v2\/pages\/1306"}],"wp:featuredmedia":[{"embeddable":true,"href":"https:\/\/visionshare.org\/fr\/wp-json\/wp\/v2\/media\/6520"}],"wp:attachment":[{"href":"https:\/\/visionshare.org\/fr\/wp-json\/wp\/v2\/media?parent=6511"}],"curies":[{"name":"wp","href":"https:\/\/api.w.org\/{rel}","templated":true}]}}