{"id":6646,"date":"2024-10-09T15:32:47","date_gmt":"2024-10-09T20:32:47","guid":{"rendered":"https:\/\/visionshare.org\/?page_id=6646"},"modified":"2026-03-04T13:31:26","modified_gmt":"2026-03-04T19:31:26","slug":"utah-lions-eye-bank","status":"publish","type":"page","link":"https:\/\/visionshare.org\/fr\/member-list-info\/utah-lions-eye-bank\/","title":{"rendered":"Banque oculaire des Lions de l'Utah"},"content":{"rendered":"<div class=\"gb-container gb-container-d452ee7a\">\n<div class=\"gb-container gb-container-7d07da58 gbp-section__inner\">\n<div class=\"gb-container gb-container-9c385b46\">\n\n<figure class=\"gb-block-image gb-block-image-2c8b1d92\"><img loading=\"lazy\" decoding=\"async\" width=\"2560\" height=\"1786\" class=\"gb-image gb-image-2c8b1d92\" src=\"https:\/\/visionshare.org\/wp-content\/uploads\/eye-bank-scaled.jpg\" alt=\"Bureau de la banque oculaire des Lions de l&#039;Utah\" title=\"banque des yeux\" srcset=\"https:\/\/visionshare.org\/wp-content\/uploads\/eye-bank-scaled.jpg 2560w, https:\/\/visionshare.org\/wp-content\/uploads\/eye-bank-300x209.jpg 300w, https:\/\/visionshare.org\/wp-content\/uploads\/eye-bank-1024x714.jpg 1024w, https:\/\/visionshare.org\/wp-content\/uploads\/eye-bank-768x536.jpg 768w, https:\/\/visionshare.org\/wp-content\/uploads\/eye-bank-1536x1071.jpg 1536w, https:\/\/visionshare.org\/wp-content\/uploads\/eye-bank-2048x1429.jpg 2048w, https:\/\/visionshare.org\/wp-content\/uploads\/eye-bank-500x349.jpg 500w, https:\/\/visionshare.org\/wp-content\/uploads\/eye-bank-700x488.jpg 700w\" sizes=\"auto, (max-width: 2560px) 100vw, 2560px\" \/><\/figure>\n\n<\/div>\n\n<div class=\"gb-container gb-container-00852ae2\">\n\n<h2 class=\"gb-headline gb-headline-6c4b8a24 gb-headline-text gbp-section__headline\">Mission et h\u00e9ritage<\/h2>\n\n\n\n<p class=\"gb-headline gb-headline-50c37c70 gb-headline-text gbp-section__text\">Fond\u00e9e en 1972, la banque oculaire des Lions de l'Utah (ULEB) a pass\u00e9 plus de cinq d\u00e9cennies \u00e0 restaurer la vision et \u00e0 faire progresser la sant\u00e9 oculaire dans toute la r\u00e9gion. Au service de l'Utah, de l'Idaho, de l'est du Nevada et de l'ouest du Wyoming, l'ULEB travaille en partenariat avec des chirurgiens, des chercheurs et des familles de donneurs afin de fournir des tissus corn\u00e9ens pour des transplantations qui changent la vie.<br><\/p>\n\n\n\n<p>Fond\u00e9e sur la compassion, le service et l'innovation, la mission de l'ULEB s'\u00e9tend au-del\u00e0 de la transplantation, en soutenant la recherche qui fait progresser le traitement des maladies oculaires complexes et renforce l'avenir des soins de la vue.<\/p>\n\n\n\n<p>En 2022, l'ULEB a c\u00e9l\u00e9br\u00e9 son 50e anniversaire en accueillant les familles des donneurs, les receveurs de greffes et les ophtalmologistes dans ses locaux pour une c\u00e9l\u00e9bration communautaire. Cet \u00e9v\u00e9nement a \u00e9t\u00e9 l'occasion de remercier personnellement les familles de donneurs, de souligner l'impact du don sur la vie et d'offrir un aper\u00e7u des op\u00e9rations de r\u00e9cup\u00e9ration et de traitement de pointe de l'ULEB, reflet de son engagement en mati\u00e8re de transparence et d'intendance.<\/p>\n\n<\/div>\n<\/div>\n\n<div class=\"gb-container gb-container-7295cd14 gbp-section__inner\">\n<div class=\"gb-container gb-container-8800a765 mobile-reverse-container-1\">\n\n<h2 class=\"gb-headline gb-headline-663f7f47 gb-headline-text gbp-section__headline\">Histoire et impact r\u00e9gional<\/h2>\n\n\n\n<p>Fond\u00e9e par des membres du Lions Clubs International, l'ULEB a \u00e9t\u00e9 cr\u00e9\u00e9e dans le but d'\u00e9largir l'acc\u00e8s \u00e0 la transplantation de corn\u00e9e et de promouvoir la sensibilisation aux dons d'yeux.<\/p>\n\n\n\n<p>Au fil des ans, l'organisation a facilit\u00e9 des milliers de greffes, am\u00e9liorant la qualit\u00e9 de vie des personnes confront\u00e9es \u00e0 une perte de vision. Depuis ses d\u00e9buts jusqu'\u00e0 son r\u00f4le actuel de leader r\u00e9gional dans le domaine des banques d'yeux, l'ULEB continue de fournir des ressources essentielles pour le traitement des affections corn\u00e9ennes complexes, notamment le k\u00e9ratoc\u00f4ne, la cicatrisation de la corn\u00e9e et d'autres maladies qui menacent la vue.<\/p>\n\n\n\n<p>L'ULEB s'associe \u00e0 DonorConnect pour soutenir le Monument de la c\u00e9l\u00e9bration de la vie, un hommage aux donneurs d'organes et de tissus et aux vies transform\u00e9es par le don.<\/p>\n\n<\/div>\n\n<div class=\"gb-container gb-container-6b58214d mobile-reverse-container-2\">\n\n<figure class=\"gb-block-image gb-block-image-c3c5b2b9\"><img loading=\"lazy\" decoding=\"async\" width=\"1200\" height=\"900\" class=\"gb-image gb-image-c3c5b2b9\" src=\"https:\/\/visionshare.org\/wp-content\/uploads\/DSAEK-uleb.jpg\" alt=\"Processeur de tissus corn\u00e9ens de la banque d&#039;yeux Lions de l&#039;Utah\" title=\"DSAEK-uleb\" srcset=\"https:\/\/visionshare.org\/wp-content\/uploads\/DSAEK-uleb.jpg 1200w, https:\/\/visionshare.org\/wp-content\/uploads\/DSAEK-uleb-300x225.jpg 300w, https:\/\/visionshare.org\/wp-content\/uploads\/DSAEK-uleb-1024x768.jpg 1024w, https:\/\/visionshare.org\/wp-content\/uploads\/DSAEK-uleb-768x576.jpg 768w, https:\/\/visionshare.org\/wp-content\/uploads\/DSAEK-uleb-500x375.jpg 500w, https:\/\/visionshare.org\/wp-content\/uploads\/DSAEK-uleb-700x525.jpg 700w\" sizes=\"auto, (max-width: 1200px) 100vw, 1200px\" \/><\/figure>\n\n<\/div>\n<\/div>\n\n<div class=\"gb-container gb-container-d1339a43 gbp-section__inner\">\n<div class=\"gb-container gb-container-b8cec7d4\">\n\n<figure class=\"gb-block-image gb-block-image-ca505df4\"><img loading=\"lazy\" decoding=\"async\" width=\"400\" height=\"600\" class=\"gb-image gb-image-ca505df4\" src=\"https:\/\/visionshare.org\/wp-content\/uploads\/chris-headshot-sm.webp\" alt=\"\" title=\"chris-headshot-sm\" srcset=\"https:\/\/visionshare.org\/wp-content\/uploads\/chris-headshot-sm.webp 400w, https:\/\/visionshare.org\/wp-content\/uploads\/chris-headshot-sm-200x300.webp 200w, https:\/\/visionshare.org\/wp-content\/uploads\/chris-headshot-sm-8x12.webp 8w\" sizes=\"auto, (max-width: 400px) 100vw, 400px\" \/><\/figure>\n\n<\/div>\n\n<div class=\"gb-container gb-container-844ef4bb\">\n\n<h2 class=\"gb-headline gb-headline-16988a04 gb-headline-text gbp-section__headline\">Reconnaissance du leadership<\/h2>\n\n\n\n<p>En reconnaissance de son engagement \u00e0 faire progresser les banques oculaires et le don de la vue, le directeur ex\u00e9cutif de l'ULEB, <strong>Chris Hanna<\/strong>, a re\u00e7u le <strong>2026 Prix Heise<\/strong> - l'une des distinctions les plus prestigieuses dans ce domaine. Sous sa direction, l'ULEB a renforc\u00e9 les partenariats cliniques, am\u00e9lior\u00e9 la gestion des familles de donneurs et d\u00e9velopp\u00e9 des collaborations de recherche qui continuent \u00e0 transformer des vies.<\/p>\n\n<\/div>\n<\/div>\n\n<div class=\"gb-container gb-container-f30a6174 gbp-section__inner\">\n<div class=\"gb-container gb-container-f06b011c\">\n\n<h2 class=\"gb-headline gb-headline-4ebe43a7 gb-headline-text gbp-section__headline\">Recherche et collaboration clinique<\/h2>\n\n\n\n<p>L'ULEB travaille en \u00e9troite collaboration avec des institutions de recherche de premier plan, notamment le John A. Moran Eye Center, r\u00e9guli\u00e8rement class\u00e9 parmi les 10 meilleurs centres ophtalmologiques des \u00c9tats-Unis.<\/p>\n\n\n\n<p>Gr\u00e2ce \u00e0 ses partenariats avec des chercheurs de premier plan, l'ULEB soutient les avanc\u00e9es scientifiques de pointe. Les domaines d'int\u00e9r\u00eat des chercheurs Moran et affili\u00e9s comprennent les maladies c\u00e9citantes telles que la d\u00e9g\u00e9n\u00e9rescence maculaire li\u00e9e \u00e0 l'\u00e2ge et d'autres affections oculaires graves. La recherche utilisant des yeux entiers ultra-frais r\u00e9cup\u00e9r\u00e9s par l'ULEB en moins de cinq heures a contribu\u00e9 \u00e0 des d\u00e9couvertes significatives, y compris des travaux publi\u00e9s dans Science Advances sur la r\u00e9cup\u00e9ration des l\u00e9sions isch\u00e9miques r\u00e9tiniennes.<\/p>\n\n\n\n<p>Pour en savoir plus sur cette recherche, consultez Science Advances :\u00a0<strong><u><a href=\"https:\/\/www.science.org\/doi\/10.1126\/sciadv.adx7204\" target=\"_blank\" rel=\"noreferrer noopener\">Gu\u00e9rison des l\u00e9sions isch\u00e9miques de la r\u00e9tine | Science Advances<\/a><\/u><\/strong><\/p>\n\n\n\n<p>Cette int\u00e9gration de la transplantation clinique et de la d\u00e9couverte scientifique fait de l'ULEB un contributeur essentiel aux soins des patients et \u00e0 l'innovation.<\/p>\n\n<\/div>\n\n<div class=\"gb-container gb-container-8b28b8b0\">\n\n<figure class=\"gb-block-image gb-block-image-2f80d544\"><img loading=\"lazy\" decoding=\"async\" width=\"1200\" height=\"790\" class=\"gb-image gb-image-2f80d544\" src=\"https:\/\/visionshare.org\/wp-content\/uploads\/ULEB-Vehicle-at-Moran.jpg\" alt=\"Banque oculaire des Lions de l&#039;Utah et Centre ophtalmologique John A Moran\" title=\"V\u00e9hicule ULEB \u00e0 Moran\" srcset=\"https:\/\/visionshare.org\/wp-content\/uploads\/ULEB-Vehicle-at-Moran.jpg 1200w, https:\/\/visionshare.org\/wp-content\/uploads\/ULEB-Vehicle-at-Moran-300x198.jpg 300w, https:\/\/visionshare.org\/wp-content\/uploads\/ULEB-Vehicle-at-Moran-1024x674.jpg 1024w, https:\/\/visionshare.org\/wp-content\/uploads\/ULEB-Vehicle-at-Moran-768x506.jpg 768w, https:\/\/visionshare.org\/wp-content\/uploads\/ULEB-Vehicle-at-Moran-500x329.jpg 500w, https:\/\/visionshare.org\/wp-content\/uploads\/ULEB-Vehicle-at-Moran-700x461.jpg 700w\" sizes=\"auto, (max-width: 1200px) 100vw, 1200px\" \/><\/figure>\n\n<\/div>\n<\/div>\n\n<div class=\"gb-container gb-container-7e820888 gbp-section__inner\">\n<div class=\"gb-container gb-container-5948e38e mobile-reverse-container-2\">\n\n<figure class=\"gb-block-image gb-block-image-3345b6c5\"><img loading=\"lazy\" decoding=\"async\" width=\"1200\" height=\"800\" class=\"gb-image gb-image-3345b6c5\" src=\"https:\/\/visionshare.org\/wp-content\/uploads\/Donate-Life-glass.jpg\" alt=\"La photo de Donate Life au bureau de l&#039;ULEB\" title=\"Donate Life glass\" srcset=\"https:\/\/visionshare.org\/wp-content\/uploads\/Donate-Life-glass.jpg 1200w, https:\/\/visionshare.org\/wp-content\/uploads\/Donate-Life-glass-300x200.jpg 300w, https:\/\/visionshare.org\/wp-content\/uploads\/Donate-Life-glass-1024x683.jpg 1024w, https:\/\/visionshare.org\/wp-content\/uploads\/Donate-Life-glass-768x512.jpg 768w, https:\/\/visionshare.org\/wp-content\/uploads\/Donate-Life-glass-500x333.jpg 500w, https:\/\/visionshare.org\/wp-content\/uploads\/Donate-Life-glass-700x467.jpg 700w\" sizes=\"auto, (max-width: 1200px) 100vw, 1200px\" \/><\/figure>\n\n<\/div>\n\n<div class=\"gb-container gb-container-f9111b8f mobile-reverse-container-1\">\n\n<h2 class=\"gb-headline gb-headline-e27ea809 gb-headline-text gbp-section__headline\">Engagement communautaire et public<\/h2>\n\n\n\n<p>En tant qu'organisation \u00e0 but non lucratif, l'ULEB reste profond\u00e9ment ancr\u00e9e dans sa communaut\u00e9. La Banque d'yeux sensibilise activement au don d'yeux par le biais d'initiatives de sensibilisation, d'\u00e9v\u00e9nements publics et de r\u00e9cits qui mettent en relation les familles des donneurs et les receveurs.<\/p>\n\n\n\n<p>Une r\u00e9cente couverture m\u00e9diatique de FOX 13 et KUTV met en lumi\u00e8re l'impact puissant du don de corn\u00e9e - qui redonne non seulement la vue, mais aussi une nouvelle raison d'\u00eatre et de l'espoir.<\/p>\n\n\n\n<p><strong>Voir le reportage de Fox 13<\/strong><\/p>\n\n\n\n<p><a href=\"https:\/\/www.fox13now.com\/community\/gift-of-hope\/how-a-donated-cornea-gave-one-utahn-back-his-vision-and-his-purpose\">https:\/\/www.fox13now.com\/community\/gift-of-hope\/how-a-donated-cornea-gave-one-utahn-back-his-vision-and-his-purpose<\/a><\/p>\n\n\n\n<p><strong>Voir le reportage de KUTV<\/strong><\/p>\n\n\n\n<p><a href=\"https:\/\/kutv.com\/news\/arc-salt-lake\/utah-lions-eye-bank-urges-more-people-to-give-ultimate-gift-register-as-donors\">https:\/\/kutv.com\/news\/arc-salt-lake\/utah-lions-eye-bank-urges-more-people-to-give-ultimate-gift-register-as-donors<\/a><\/p>\n\n<\/div>\n<\/div>\n\n<div class=\"gb-container gb-container-a0368a4e gbp-section__inner\">\n<div class=\"gb-container gb-container-3120ff1a\">\n<div class=\"gb-container gb-container-e560db6a\">\n<div class=\"gb-container gb-container-2e83002b gbp-section\">\n<div class=\"gb-container gb-container-180e0582 gbp-section__inner\">\n<div class=\"gb-container gb-container-a0f98063\">\n\n<h2 class=\"gb-headline gb-headline-7abefd36 gb-headline-text gbp-section__headline\">Soutien aux donneurs et aux familles<\/h2>\n\n\n\n<div class=\"gb-headline gb-headline-99e038e0 gb-headline-text gbp-section__text\">L'ULEB s'engage \u00e0 honorer chaque donneur et \u00e0 soutenir leurs familles avec compassion et transparence. Lorsque les tissus ne sont pas adapt\u00e9s \u00e0 la transplantation, ils sont orient\u00e9s vers la recherche, ce qui permet d'\u00e9tendre l'impact du don aux g\u00e9n\u00e9rations futures. Gr\u00e2ce \u00e0 son engagement durable \u00e0 restaurer la vue, \u00e0 faire progresser la recherche et \u00e0 honorer l'h\u00e9ritage des donneurs, la banque oculaire des Lions de l'Utah continue de changer des vies au niveau local et au-del\u00e0.<\/div>\n\n\n<div class=\"gb-container gb-container-4bd041a8\">\n\n<a class=\"gb-button gb-button-e89fb59f gb-button-text gbp-button--primary\" href=\"https:\/\/www.utaheyebank.org\/\" target=\"_blank\" rel=\"noopener noreferrer\">Visitez leur site web<\/a>\n\n<\/div>\n<\/div>\n<\/div>\n<\/div>\n<\/div>\n<\/div>\n<\/div>\n<\/div>\n\n\n<p><\/p>","protected":false},"excerpt":{"rendered":"<p>Mission and Legacy Founded in 1972, the Utah Lions Eye Bank (ULEB) has spent more than five decades restoring vision and advancing eye health across &#8230; <a title=\"Banque oculaire des Lions de l&#039;Utah\" class=\"read-more\" href=\"https:\/\/visionshare.org\/fr\/member-list-info\/utah-lions-eye-bank\/\" aria-label=\"En savoir plus sur Utah Lions Eye Bank\">Lire plus<\/a><\/p>","protected":false},"author":1,"featured_media":8560,"parent":1306,"menu_order":0,"comment_status":"closed","ping_status":"closed","template":"","meta":{"_acf_changed":false,"footnotes":""},"class_list":["post-6646","page","type-page","status-publish","has-post-thumbnail"],"acf":[],"yoast_head":"<!-- This site is optimized with the Yoast SEO plugin v27.4 - https:\/\/yoast.com\/product\/yoast-seo-wordpress\/ -->\n<title>Utah Lions Eye Bank - Vision Share Member<\/title>\n<meta name=\"description\" content=\"Utah Lions Eye Bank is a member eye bank of the Vision Share network. They have dedicated over five decades to restoring vision and hope.\" \/>\n<meta name=\"robots\" content=\"index, follow, max-snippet:-1, max-image-preview:large, max-video-preview:-1\" \/>\n<link rel=\"canonical\" href=\"https:\/\/visionshare.org\/fr\/liste-des-membres\/utah-lions-eye-bank\/\" \/>\n<meta property=\"og:locale\" content=\"fr_FR\" \/>\n<meta property=\"og:type\" content=\"article\" \/>\n<meta property=\"og:title\" content=\"Utah Lions Eye Bank - Vision Share Member\" \/>\n<meta property=\"og:description\" content=\"Utah Lions Eye Bank is a member eye bank of the Vision Share network. They have dedicated over five decades to restoring vision and hope.\" \/>\n<meta property=\"og:url\" content=\"https:\/\/visionshare.org\/fr\/liste-des-membres\/utah-lions-eye-bank\/\" \/>\n<meta property=\"og:site_name\" content=\"Vision Share\" \/>\n<meta property=\"article:publisher\" content=\"https:\/\/www.facebook.com\/visionshareinc\" \/>\n<meta property=\"article:modified_time\" content=\"2026-03-04T19:31:26+00:00\" \/>\n<meta property=\"og:image\" content=\"https:\/\/visionshare.org\/wp-content\/uploads\/eye-bank-scaled.jpg\" \/>\n\t<meta property=\"og:image:width\" content=\"2560\" \/>\n\t<meta property=\"og:image:height\" content=\"1786\" \/>\n\t<meta property=\"og:image:type\" content=\"image\/jpeg\" \/>\n<meta name=\"twitter:card\" content=\"summary_large_image\" \/>\n<meta name=\"twitter:site\" content=\"@Vision_Share\" \/>\n<meta name=\"twitter:label1\" content=\"Dur\u00e9e de lecture estim\u00e9e\" \/>\n\t<meta name=\"twitter:data1\" content=\"4 minutes\" \/>\n<script type=\"application\/ld+json\" class=\"yoast-schema-graph\">{\"@context\":\"https:\\\/\\\/schema.org\",\"@graph\":[{\"@type\":\"WebPage\",\"@id\":\"https:\\\/\\\/visionshare.org\\\/member-list-info\\\/utah-lions-eye-bank\\\/\",\"url\":\"https:\\\/\\\/visionshare.org\\\/member-list-info\\\/utah-lions-eye-bank\\\/\",\"name\":\"Utah Lions Eye Bank - Vision Share Member\",\"isPartOf\":{\"@id\":\"https:\\\/\\\/visionshare.org\\\/#website\"},\"primaryImageOfPage\":{\"@id\":\"https:\\\/\\\/visionshare.org\\\/member-list-info\\\/utah-lions-eye-bank\\\/#primaryimage\"},\"image\":{\"@id\":\"https:\\\/\\\/visionshare.org\\\/member-list-info\\\/utah-lions-eye-bank\\\/#primaryimage\"},\"thumbnailUrl\":\"https:\\\/\\\/visionshare.org\\\/wp-content\\\/uploads\\\/eye-bank-scaled.jpg\",\"datePublished\":\"2024-10-09T20:32:47+00:00\",\"dateModified\":\"2026-03-04T19:31:26+00:00\",\"description\":\"Utah Lions Eye Bank is a member eye bank of the Vision Share network. They have dedicated over five decades to restoring vision and hope.\",\"breadcrumb\":{\"@id\":\"https:\\\/\\\/visionshare.org\\\/member-list-info\\\/utah-lions-eye-bank\\\/#breadcrumb\"},\"inLanguage\":\"fr-FR\",\"potentialAction\":[{\"@type\":\"ReadAction\",\"target\":[\"https:\\\/\\\/visionshare.org\\\/member-list-info\\\/utah-lions-eye-bank\\\/\"]}]},{\"@type\":\"ImageObject\",\"inLanguage\":\"fr-FR\",\"@id\":\"https:\\\/\\\/visionshare.org\\\/member-list-info\\\/utah-lions-eye-bank\\\/#primaryimage\",\"url\":\"https:\\\/\\\/visionshare.org\\\/wp-content\\\/uploads\\\/eye-bank-scaled.jpg\",\"contentUrl\":\"https:\\\/\\\/visionshare.org\\\/wp-content\\\/uploads\\\/eye-bank-scaled.jpg\",\"width\":2560,\"height\":1786,\"caption\":\"Utah Lions Eye Bank Office\"},{\"@type\":\"BreadcrumbList\",\"@id\":\"https:\\\/\\\/visionshare.org\\\/member-list-info\\\/utah-lions-eye-bank\\\/#breadcrumb\",\"itemListElement\":[{\"@type\":\"ListItem\",\"position\":1,\"name\":\"Home\",\"item\":\"https:\\\/\\\/visionshare.org\\\/\"},{\"@type\":\"ListItem\",\"position\":2,\"name\":\"Vision Share Eye Bank Network\",\"item\":\"https:\\\/\\\/visionshare.org\\\/member-list-info\\\/\"},{\"@type\":\"ListItem\",\"position\":3,\"name\":\"Utah Lions Eye Bank\"}]},{\"@type\":\"WebSite\",\"@id\":\"https:\\\/\\\/visionshare.org\\\/#website\",\"url\":\"https:\\\/\\\/visionshare.org\\\/\",\"name\":\"Vision Share\",\"description\":\"Your Trusted Source\",\"publisher\":{\"@id\":\"https:\\\/\\\/visionshare.org\\\/#organization\"},\"potentialAction\":[{\"@type\":\"SearchAction\",\"target\":{\"@type\":\"EntryPoint\",\"urlTemplate\":\"https:\\\/\\\/visionshare.org\\\/?s={search_term_string}\"},\"query-input\":{\"@type\":\"PropertyValueSpecification\",\"valueRequired\":true,\"valueName\":\"search_term_string\"}}],\"inLanguage\":\"fr-FR\"},{\"@type\":\"Organization\",\"@id\":\"https:\\\/\\\/visionshare.org\\\/#organization\",\"name\":\"Vision Share\",\"url\":\"https:\\\/\\\/visionshare.org\\\/\",\"logo\":{\"@type\":\"ImageObject\",\"inLanguage\":\"fr-FR\",\"@id\":\"https:\\\/\\\/visionshare.org\\\/#\\\/schema\\\/logo\\\/image\\\/\",\"url\":\"https:\\\/\\\/visionshare.org\\\/wp-content\\\/uploads\\\/cropped-cropped-cropped-VS_Your-trusted-source-logo-01-PNG.png\",\"contentUrl\":\"https:\\\/\\\/visionshare.org\\\/wp-content\\\/uploads\\\/cropped-cropped-cropped-VS_Your-trusted-source-logo-01-PNG.png\",\"width\":1655,\"height\":861,\"caption\":\"Vision Share\"},\"image\":{\"@id\":\"https:\\\/\\\/visionshare.org\\\/#\\\/schema\\\/logo\\\/image\\\/\"},\"sameAs\":[\"https:\\\/\\\/www.facebook.com\\\/visionshareinc\",\"https:\\\/\\\/x.com\\\/Vision_Share\",\"https:\\\/\\\/www.linkedin.com\\\/company\\\/visionsshare\\\/\"]}]}<\/script>\n<!-- \/ Yoast SEO plugin. -->","yoast_head_json":{"title":"Utah Lions Eye Bank - Membre de Vision Share","description":"Utah Lions Eye Bank est une banque d\u2019yeux membre du r\u00e9seau Vision Share. Elle consacre depuis plus de cinquante ans ses efforts \u00e0 restaurer la vue et l\u2019espoir.","robots":{"index":"index","follow":"follow","max-snippet":"max-snippet:-1","max-image-preview":"max-image-preview:large","max-video-preview":"max-video-preview:-1"},"canonical":"https:\/\/visionshare.org\/fr\/liste-des-membres\/utah-lions-eye-bank\/","og_locale":"fr_FR","og_type":"article","og_title":"Utah Lions Eye Bank - Vision Share Member","og_description":"Utah Lions Eye Bank is a member eye bank of the Vision Share network. They have dedicated over five decades to restoring vision and hope.","og_url":"https:\/\/visionshare.org\/fr\/liste-des-membres\/utah-lions-eye-bank\/","og_site_name":"Vision Share","article_publisher":"https:\/\/www.facebook.com\/visionshareinc","article_modified_time":"2026-03-04T19:31:26+00:00","og_image":[{"width":2560,"height":1786,"url":"https:\/\/visionshare.org\/wp-content\/uploads\/eye-bank-scaled.jpg","type":"image\/jpeg"}],"twitter_card":"summary_large_image","twitter_site":"@Vision_Share","twitter_misc":{"Dur\u00e9e de lecture estim\u00e9e":"4 minutes"},"schema":{"@context":"https:\/\/schema.org","@graph":[{"@type":"WebPage","@id":"https:\/\/visionshare.org\/member-list-info\/utah-lions-eye-bank\/","url":"https:\/\/visionshare.org\/member-list-info\/utah-lions-eye-bank\/","name":"Utah Lions Eye Bank - Membre de Vision Share","isPartOf":{"@id":"https:\/\/visionshare.org\/#website"},"primaryImageOfPage":{"@id":"https:\/\/visionshare.org\/member-list-info\/utah-lions-eye-bank\/#primaryimage"},"image":{"@id":"https:\/\/visionshare.org\/member-list-info\/utah-lions-eye-bank\/#primaryimage"},"thumbnailUrl":"https:\/\/visionshare.org\/wp-content\/uploads\/eye-bank-scaled.jpg","datePublished":"2024-10-09T20:32:47+00:00","dateModified":"2026-03-04T19:31:26+00:00","description":"Utah Lions Eye Bank est une banque d\u2019yeux membre du r\u00e9seau Vision Share. Elle consacre depuis plus de cinquante ans ses efforts \u00e0 restaurer la vue et l\u2019espoir.","breadcrumb":{"@id":"https:\/\/visionshare.org\/member-list-info\/utah-lions-eye-bank\/#breadcrumb"},"inLanguage":"fr-FR","potentialAction":[{"@type":"ReadAction","target":["https:\/\/visionshare.org\/member-list-info\/utah-lions-eye-bank\/"]}]},{"@type":"ImageObject","inLanguage":"fr-FR","@id":"https:\/\/visionshare.org\/member-list-info\/utah-lions-eye-bank\/#primaryimage","url":"https:\/\/visionshare.org\/wp-content\/uploads\/eye-bank-scaled.jpg","contentUrl":"https:\/\/visionshare.org\/wp-content\/uploads\/eye-bank-scaled.jpg","width":2560,"height":1786,"caption":"Utah Lions Eye Bank Office"},{"@type":"BreadcrumbList","@id":"https:\/\/visionshare.org\/member-list-info\/utah-lions-eye-bank\/#breadcrumb","itemListElement":[{"@type":"ListItem","position":1,"name":"Home","item":"https:\/\/visionshare.org\/"},{"@type":"ListItem","position":2,"name":"Vision Share Eye Bank Network","item":"https:\/\/visionshare.org\/member-list-info\/"},{"@type":"ListItem","position":3,"name":"Utah Lions Eye Bank"}]},{"@type":"WebSite","@id":"https:\/\/visionshare.org\/#website","url":"https:\/\/visionshare.org\/","name":"Vision Share","description":"Votre source de confiance","publisher":{"@id":"https:\/\/visionshare.org\/#organization"},"potentialAction":[{"@type":"SearchAction","target":{"@type":"EntryPoint","urlTemplate":"https:\/\/visionshare.org\/?s={search_term_string}"},"query-input":{"@type":"PropertyValueSpecification","valueRequired":true,"valueName":"search_term_string"}}],"inLanguage":"fr-FR"},{"@type":"Organization","@id":"https:\/\/visionshare.org\/#organization","name":"Vision Share","url":"https:\/\/visionshare.org\/","logo":{"@type":"ImageObject","inLanguage":"fr-FR","@id":"https:\/\/visionshare.org\/#\/schema\/logo\/image\/","url":"https:\/\/visionshare.org\/wp-content\/uploads\/cropped-cropped-cropped-VS_Your-trusted-source-logo-01-PNG.png","contentUrl":"https:\/\/visionshare.org\/wp-content\/uploads\/cropped-cropped-cropped-VS_Your-trusted-source-logo-01-PNG.png","width":1655,"height":861,"caption":"Vision Share"},"image":{"@id":"https:\/\/visionshare.org\/#\/schema\/logo\/image\/"},"sameAs":["https:\/\/www.facebook.com\/visionshareinc","https:\/\/x.com\/Vision_Share","https:\/\/www.linkedin.com\/company\/visionsshare\/"]}]}},"_links":{"self":[{"href":"https:\/\/visionshare.org\/fr\/wp-json\/wp\/v2\/pages\/6646","targetHints":{"allow":["GET"]}}],"collection":[{"href":"https:\/\/visionshare.org\/fr\/wp-json\/wp\/v2\/pages"}],"about":[{"href":"https:\/\/visionshare.org\/fr\/wp-json\/wp\/v2\/types\/page"}],"author":[{"embeddable":true,"href":"https:\/\/visionshare.org\/fr\/wp-json\/wp\/v2\/users\/1"}],"replies":[{"embeddable":true,"href":"https:\/\/visionshare.org\/fr\/wp-json\/wp\/v2\/comments?post=6646"}],"version-history":[{"count":32,"href":"https:\/\/visionshare.org\/fr\/wp-json\/wp\/v2\/pages\/6646\/revisions"}],"predecessor-version":[{"id":15343,"href":"https:\/\/visionshare.org\/fr\/wp-json\/wp\/v2\/pages\/6646\/revisions\/15343"}],"up":[{"embeddable":true,"href":"https:\/\/visionshare.org\/fr\/wp-json\/wp\/v2\/pages\/1306"}],"wp:featuredmedia":[{"embeddable":true,"href":"https:\/\/visionshare.org\/fr\/wp-json\/wp\/v2\/media\/8560"}],"wp:attachment":[{"href":"https:\/\/visionshare.org\/fr\/wp-json\/wp\/v2\/media?parent=6646"}],"curies":[{"name":"wp","href":"https:\/\/api.w.org\/{rel}","templated":true}]}}