{"id":6709,"date":"2024-10-10T14:13:10","date_gmt":"2024-10-10T19:13:10","guid":{"rendered":"https:\/\/visionshare.org\/?page_id=6709"},"modified":"2025-09-09T15:28:32","modified_gmt":"2025-09-09T20:28:32","slug":"banque-ophtalmologique-sauver-la-vue","status":"publish","type":"page","link":"https:\/\/visionshare.org\/fr\/member-list-info\/saving-sight-eye-bank\/","title":{"rendered":"Sauver la vue"},"content":{"rendered":"<div class=\"gb-container gb-container-d452ee7a\">\n<div class=\"gb-container gb-container-7d07da58 gbp-section__inner\">\n<div class=\"gb-container gb-container-9c385b46\">\n\n<figure class=\"gb-block-image gb-block-image-2c8b1d92\"><img loading=\"lazy\" decoding=\"async\" width=\"1500\" height=\"980\" class=\"gb-image gb-image-2c8b1d92\" src=\"https:\/\/visionshare.org\/wp-content\/uploads\/SS-Team.jpg\" alt=\"Photo de l&#039;\u00e9quipe de Saving Sight\" title=\"\u00c9quipe SS\" srcset=\"https:\/\/visionshare.org\/wp-content\/uploads\/SS-Team.jpg 1500w, https:\/\/visionshare.org\/wp-content\/uploads\/SS-Team-300x196.jpg 300w, https:\/\/visionshare.org\/wp-content\/uploads\/SS-Team-1024x669.jpg 1024w, https:\/\/visionshare.org\/wp-content\/uploads\/SS-Team-768x502.jpg 768w, https:\/\/visionshare.org\/wp-content\/uploads\/SS-Team-500x327.jpg 500w, https:\/\/visionshare.org\/wp-content\/uploads\/SS-Team-700x457.jpg 700w\" sizes=\"auto, (max-width: 1500px) 100vw, 1500px\" \/><\/figure>\n\n<\/div>\n\n<div class=\"gb-container gb-container-00852ae2\">\n\n<p>Fond\u00e9e en 1960, Saving Sight est l'une des principales banques oculaires des \u00c9tats-Unis. Avec son si\u00e8ge \u00e0 Kansas City, dans le Missouri, l'organisation facilite les dons de tissus oculaires dans le Missouri, le Kansas et le centre de l'Illinois, ce qui a un impact sur les personnes au niveau local et mondial gr\u00e2ce aux greffes de corn\u00e9e et aux initiatives de sauvegarde de la vue.<br><\/p>\n\n\n\n<p><strong>Mission et vision<\/strong><\/p>\n\n\n\n<p>La mission de Saving Sight est au c\u0153ur de son travail :&nbsp;<em>changer des vies en sauvant la vue<\/em>. Cette mission guide tous les aspects de l'organisation, depuis la r\u00e9cup\u00e9ration et le traitement des tissus des donneurs jusqu'\u00e0 la collaboration avec les h\u00f4pitaux, les ophtalmologues et les chercheurs pour restaurer la vision.<\/p>\n\n<\/div>\n<\/div>\n\n<div class=\"gb-container gb-container-7295cd14 gbp-section__inner\">\n<div class=\"gb-container gb-container-8800a765 mobile-reverse-container-1\">\n\n<h2 class=\"gb-headline gb-headline-663f7f47 gb-headline-text gbp-section__headline\">Valeurs et engagement en faveur de la qualit\u00e9<\/h2>\n\n\n\n<p>Saving Sight adh\u00e8re aux normes les plus strictes en mati\u00e8re de s\u00e9curit\u00e9 et d'excellence. En tant que membre de l'Eye Bank Association of America (EBAA) enti\u00e8rement accr\u00e9dit\u00e9 et agr\u00e9\u00e9 par la Food and Drug Administration (FDA) des \u00c9tats-Unis, elle veille \u00e0 ce que tous les tissus des donneurs r\u00e9pondent \u00e0 des r\u00e8gles de qualit\u00e9 rigoureuses.<\/p>\n\n\n\n<p>Le travail de Saving Sight est ancr\u00e9 dans le principe d'agir en tant que gestionnaires responsables du don. Son approche holistique du service consiste \u00e0 honorer la g\u00e9n\u00e9rosit\u00e9 des donneurs tout en veillant \u00e0 ce que chaque aspect du processus de don et de transplantation soit trait\u00e9 avec soin, dignit\u00e9 et respect.<\/p>\n\n<\/div>\n\n<div class=\"gb-container gb-container-6b58214d mobile-reverse-container-2\">\n\n<figure class=\"gb-block-image gb-block-image-c3c5b2b9\"><img loading=\"lazy\" decoding=\"async\" width=\"1200\" height=\"675\" class=\"gb-image gb-image-c3c5b2b9\" src=\"https:\/\/visionshare.org\/wp-content\/uploads\/PLDSAEK-07-1.webp\" alt=\"Tissu corn\u00e9en Saving Sight\" title=\"PLDSAEK-07\" srcset=\"https:\/\/visionshare.org\/wp-content\/uploads\/PLDSAEK-07-1.webp 1200w, https:\/\/visionshare.org\/wp-content\/uploads\/PLDSAEK-07-1-300x169.webp 300w, https:\/\/visionshare.org\/wp-content\/uploads\/PLDSAEK-07-1-1024x576.webp 1024w, https:\/\/visionshare.org\/wp-content\/uploads\/PLDSAEK-07-1-768x432.webp 768w, https:\/\/visionshare.org\/wp-content\/uploads\/PLDSAEK-07-1-500x281.webp 500w, https:\/\/visionshare.org\/wp-content\/uploads\/PLDSAEK-07-1-700x394.webp 700w\" sizes=\"auto, (max-width: 1200px) 100vw, 1200px\" \/><\/figure>\n\n<\/div>\n<\/div>\n\n<div class=\"gb-container gb-container-d1339a43 gbp-section__inner\">\n<div class=\"gb-container gb-container-b8cec7d4\">\n\n<figure class=\"gb-block-image gb-block-image-ca505df4\"><img loading=\"lazy\" decoding=\"async\" width=\"1200\" height=\"1021\" class=\"gb-image gb-image-ca505df4\" src=\"https:\/\/visionshare.org\/wp-content\/uploads\/SSPubEd-1200x1021-1.webp\" alt=\"L&#039;\u00e9quipe de Saving Sight chez Walgreens\" title=\"SSPubEd-1200x1021\" srcset=\"https:\/\/visionshare.org\/wp-content\/uploads\/SSPubEd-1200x1021-1.webp 1200w, https:\/\/visionshare.org\/wp-content\/uploads\/SSPubEd-1200x1021-1-300x255.webp 300w, https:\/\/visionshare.org\/wp-content\/uploads\/SSPubEd-1200x1021-1-1024x871.webp 1024w, https:\/\/visionshare.org\/wp-content\/uploads\/SSPubEd-1200x1021-1-768x653.webp 768w, https:\/\/visionshare.org\/wp-content\/uploads\/SSPubEd-1200x1021-1-500x425.webp 500w, https:\/\/visionshare.org\/wp-content\/uploads\/SSPubEd-1200x1021-1-700x596.webp 700w\" sizes=\"auto, (max-width: 1200px) 100vw, 1200px\" \/><\/figure>\n\n<\/div>\n\n<div class=\"gb-container gb-container-844ef4bb\">\n\n<h2 class=\"gb-headline gb-headline-16988a04 gb-headline-text gbp-section__headline\">Impact sur la communaut\u00e9 et \u00e9ducation<\/h2>\n\n\n\n<p>En plus de son travail direct sur le don de tissus, Saving Sight met fortement l'accent sur l'\u00e9ducation et l'implication de la communaut\u00e9. Elle travaille en \u00e9troite collaboration avec les familles des donneurs, les receveurs de greffes et les professionnels de la sant\u00e9 afin de les sensibiliser \u00e0 l'importance du don d'yeux.  En tant que partenaire de Donate Life America, elle encourage un plus grand nombre de personnes \u00e0 se faire enregistrer comme donneurs, garantissant ainsi que les futurs patients auront acc\u00e8s aux tissus n\u00e9cessaires pour sauver la vue.<\/p>\n\n\n\n<p>L'engagement de Saving Sight en faveur de la communaut\u00e9 et de l'\u00e9ducation en a fait un acteur essentiel, non seulement dans le domaine des banques d'yeux, mais aussi dans la lutte plus large contre la c\u00e9cit\u00e9 \u00e9vitable. En facilitant le lien entre les donneurs et les receveurs, Saving Sight a construit un h\u00e9ritage d'espoir, de compassion et de restauration.<\/p>\n\n\n\n<p><\/p>\n\n<\/div>\n<\/div>\n\n<div class=\"gb-container gb-container-a0368a4e gbp-section__inner\">\n<div class=\"gb-container gb-container-3120ff1a\">\n<div class=\"gb-container gb-container-e560db6a\">\n<div class=\"gb-container gb-container-2e83002b gbp-section\">\n<div class=\"gb-container gb-container-180e0582 gbp-section__inner\">\n<div class=\"gb-container gb-container-a0f98063\">\n\n<h2 class=\"gb-headline gb-headline-7abefd36 gb-headline-text gbp-section__headline\">Perspectives d'avenir<\/h2>\n\n\n\n<div class=\"gb-headline gb-headline-99e038e0 gb-headline-text gbp-section__text\">En tant que l'une des plus grandes banques oculaires du pays, Saving Sight s'efforce d'\u00e9largir son impact. Au-del\u00e0 des services bancaires oculaires traditionnels, Saving Sight apporte des solutions innovantes \u00e0 la communaut\u00e9 oculaire. En 2015, Saving Sight a lanc\u00e9 Vital Tears, un leader dans le traitement des larmes de s\u00e9rum pour les patients souffrant de s\u00e9cheresse oculaire aux \u00c9tats-Unis. De plus, Saving Sight est un investisseur principal dans Brightstar Therapeutics et est fier d'offrir BrightMEM pour le traitement des maladies de la surface oculaire.<\/div>\n\n\n<div class=\"gb-container gb-container-4bd041a8\">\n\n<a class=\"gb-button gb-button-e89fb59f gb-button-text gbp-button--primary\" href=\"https:\/\/saving-sight.org\/\" target=\"_blank\" rel=\"noopener noreferrer\">Visitez leur site web<\/a>\n\n<\/div>\n<\/div>\n<\/div>\n<\/div>\n<\/div>\n<\/div>\n<\/div>\n<\/div>\n\n\n<p><\/p>","protected":false},"excerpt":{"rendered":"<p>Established in 1960, Saving Sight is one of the leading eye banks in the United States. With headquarters in Kansas City, Missouri, the organization facilitates &#8230; <a title=\"Sauver la vue\" class=\"read-more\" href=\"https:\/\/visionshare.org\/fr\/member-list-info\/saving-sight-eye-bank\/\" aria-label=\"En savoir plus sur Saving Sight\">Lire plus<\/a><\/p>","protected":false},"author":1,"featured_media":6839,"parent":1306,"menu_order":0,"comment_status":"closed","ping_status":"closed","template":"","meta":{"_acf_changed":false,"footnotes":""},"class_list":["post-6709","page","type-page","status-publish","has-post-thumbnail"],"acf":[],"yoast_head":"<!-- This site is optimized with the Yoast SEO plugin v27.4 - https:\/\/yoast.com\/product\/yoast-seo-wordpress\/ -->\n<title>Saving Sight - Vision Share<\/title>\n<meta name=\"description\" content=\"We are honored to have Saving Sight as a part of the Vision Share network of eye banks. Saving Sight is a leading eye banks in the US.\" \/>\n<meta name=\"robots\" content=\"index, follow, max-snippet:-1, max-image-preview:large, max-video-preview:-1\" \/>\n<link rel=\"canonical\" href=\"https:\/\/visionshare.org\/fr\/liste-des-membres\/banque-ophtalmologique-sauver-la-vue\/\" \/>\n<meta property=\"og:locale\" content=\"fr_FR\" \/>\n<meta property=\"og:type\" content=\"article\" \/>\n<meta property=\"og:title\" content=\"Saving Sight - Vision Share\" \/>\n<meta property=\"og:description\" content=\"We are honored to have Saving Sight as a part of the Vision Share network of eye banks. Saving Sight is a leading eye banks in the US.\" \/>\n<meta property=\"og:url\" content=\"https:\/\/visionshare.org\/fr\/liste-des-membres\/banque-ophtalmologique-sauver-la-vue\/\" \/>\n<meta property=\"og:site_name\" content=\"Vision Share\" \/>\n<meta property=\"article:publisher\" content=\"https:\/\/www.facebook.com\/visionshareinc\" \/>\n<meta property=\"article:modified_time\" content=\"2025-09-09T20:28:32+00:00\" \/>\n<meta property=\"og:image\" content=\"https:\/\/visionshare.org\/wp-content\/uploads\/SS-Building-scaled.webp\" \/>\n\t<meta property=\"og:image:width\" content=\"2560\" \/>\n\t<meta property=\"og:image:height\" content=\"1161\" \/>\n\t<meta property=\"og:image:type\" content=\"image\/webp\" \/>\n<meta name=\"twitter:card\" content=\"summary_large_image\" \/>\n<meta name=\"twitter:site\" content=\"@Vision_Share\" \/>\n<meta name=\"twitter:label1\" content=\"Dur\u00e9e de lecture estim\u00e9e\" \/>\n\t<meta name=\"twitter:data1\" content=\"3 minutes\" \/>\n<script type=\"application\/ld+json\" class=\"yoast-schema-graph\">{\"@context\":\"https:\\\/\\\/schema.org\",\"@graph\":[{\"@type\":\"WebPage\",\"@id\":\"https:\\\/\\\/visionshare.org\\\/member-list-info\\\/saving-sight-eye-bank\\\/\",\"url\":\"https:\\\/\\\/visionshare.org\\\/member-list-info\\\/saving-sight-eye-bank\\\/\",\"name\":\"Saving Sight - Vision Share\",\"isPartOf\":{\"@id\":\"https:\\\/\\\/visionshare.org\\\/#website\"},\"primaryImageOfPage\":{\"@id\":\"https:\\\/\\\/visionshare.org\\\/member-list-info\\\/saving-sight-eye-bank\\\/#primaryimage\"},\"image\":{\"@id\":\"https:\\\/\\\/visionshare.org\\\/member-list-info\\\/saving-sight-eye-bank\\\/#primaryimage\"},\"thumbnailUrl\":\"https:\\\/\\\/visionshare.org\\\/wp-content\\\/uploads\\\/SS-Building-scaled.webp\",\"datePublished\":\"2024-10-10T19:13:10+00:00\",\"dateModified\":\"2025-09-09T20:28:32+00:00\",\"description\":\"We are honored to have Saving Sight as a part of the Vision Share network of eye banks. Saving Sight is a leading eye banks in the US.\",\"breadcrumb\":{\"@id\":\"https:\\\/\\\/visionshare.org\\\/member-list-info\\\/saving-sight-eye-bank\\\/#breadcrumb\"},\"inLanguage\":\"fr-FR\",\"potentialAction\":[{\"@type\":\"ReadAction\",\"target\":[\"https:\\\/\\\/visionshare.org\\\/member-list-info\\\/saving-sight-eye-bank\\\/\"]}]},{\"@type\":\"ImageObject\",\"inLanguage\":\"fr-FR\",\"@id\":\"https:\\\/\\\/visionshare.org\\\/member-list-info\\\/saving-sight-eye-bank\\\/#primaryimage\",\"url\":\"https:\\\/\\\/visionshare.org\\\/wp-content\\\/uploads\\\/SS-Building-scaled.webp\",\"contentUrl\":\"https:\\\/\\\/visionshare.org\\\/wp-content\\\/uploads\\\/SS-Building-scaled.webp\",\"width\":2560,\"height\":1161,\"caption\":\"SS Building1\"},{\"@type\":\"BreadcrumbList\",\"@id\":\"https:\\\/\\\/visionshare.org\\\/member-list-info\\\/saving-sight-eye-bank\\\/#breadcrumb\",\"itemListElement\":[{\"@type\":\"ListItem\",\"position\":1,\"name\":\"Home\",\"item\":\"https:\\\/\\\/visionshare.org\\\/\"},{\"@type\":\"ListItem\",\"position\":2,\"name\":\"Vision Share Eye Bank Network\",\"item\":\"https:\\\/\\\/visionshare.org\\\/member-list-info\\\/\"},{\"@type\":\"ListItem\",\"position\":3,\"name\":\"Saving Sight\"}]},{\"@type\":\"WebSite\",\"@id\":\"https:\\\/\\\/visionshare.org\\\/#website\",\"url\":\"https:\\\/\\\/visionshare.org\\\/\",\"name\":\"Vision Share\",\"description\":\"Your Trusted Source\",\"publisher\":{\"@id\":\"https:\\\/\\\/visionshare.org\\\/#organization\"},\"potentialAction\":[{\"@type\":\"SearchAction\",\"target\":{\"@type\":\"EntryPoint\",\"urlTemplate\":\"https:\\\/\\\/visionshare.org\\\/?s={search_term_string}\"},\"query-input\":{\"@type\":\"PropertyValueSpecification\",\"valueRequired\":true,\"valueName\":\"search_term_string\"}}],\"inLanguage\":\"fr-FR\"},{\"@type\":\"Organization\",\"@id\":\"https:\\\/\\\/visionshare.org\\\/#organization\",\"name\":\"Vision Share\",\"url\":\"https:\\\/\\\/visionshare.org\\\/\",\"logo\":{\"@type\":\"ImageObject\",\"inLanguage\":\"fr-FR\",\"@id\":\"https:\\\/\\\/visionshare.org\\\/#\\\/schema\\\/logo\\\/image\\\/\",\"url\":\"https:\\\/\\\/visionshare.org\\\/wp-content\\\/uploads\\\/cropped-cropped-cropped-VS_Your-trusted-source-logo-01-PNG.png\",\"contentUrl\":\"https:\\\/\\\/visionshare.org\\\/wp-content\\\/uploads\\\/cropped-cropped-cropped-VS_Your-trusted-source-logo-01-PNG.png\",\"width\":1655,\"height\":861,\"caption\":\"Vision Share\"},\"image\":{\"@id\":\"https:\\\/\\\/visionshare.org\\\/#\\\/schema\\\/logo\\\/image\\\/\"},\"sameAs\":[\"https:\\\/\\\/www.facebook.com\\\/visionshareinc\",\"https:\\\/\\\/x.com\\\/Vision_Share\",\"https:\\\/\\\/www.linkedin.com\\\/company\\\/visionsshare\\\/\"]}]}<\/script>\n<!-- \/ Yoast SEO plugin. -->","yoast_head_json":{"title":"Sauver la vue - Vision Share","description":"Nous sommes honor\u00e9s d\u2019avoir Saving Sight au sein du r\u00e9seau de banques d\u2019yeux Vision Share. Saving Sight est l\u2019une des principales banques d\u2019yeux aux \u00c9tats-Unis.","robots":{"index":"index","follow":"follow","max-snippet":"max-snippet:-1","max-image-preview":"max-image-preview:large","max-video-preview":"max-video-preview:-1"},"canonical":"https:\/\/visionshare.org\/fr\/liste-des-membres\/banque-ophtalmologique-sauver-la-vue\/","og_locale":"fr_FR","og_type":"article","og_title":"Saving Sight - Vision Share","og_description":"We are honored to have Saving Sight as a part of the Vision Share network of eye banks. Saving Sight is a leading eye banks in the US.","og_url":"https:\/\/visionshare.org\/fr\/liste-des-membres\/banque-ophtalmologique-sauver-la-vue\/","og_site_name":"Vision Share","article_publisher":"https:\/\/www.facebook.com\/visionshareinc","article_modified_time":"2025-09-09T20:28:32+00:00","og_image":[{"width":2560,"height":1161,"url":"https:\/\/visionshare.org\/wp-content\/uploads\/SS-Building-scaled.webp","type":"image\/webp"}],"twitter_card":"summary_large_image","twitter_site":"@Vision_Share","twitter_misc":{"Dur\u00e9e de lecture estim\u00e9e":"3 minutes"},"schema":{"@context":"https:\/\/schema.org","@graph":[{"@type":"WebPage","@id":"https:\/\/visionshare.org\/member-list-info\/saving-sight-eye-bank\/","url":"https:\/\/visionshare.org\/member-list-info\/saving-sight-eye-bank\/","name":"Sauver la vue - Vision Share","isPartOf":{"@id":"https:\/\/visionshare.org\/#website"},"primaryImageOfPage":{"@id":"https:\/\/visionshare.org\/member-list-info\/saving-sight-eye-bank\/#primaryimage"},"image":{"@id":"https:\/\/visionshare.org\/member-list-info\/saving-sight-eye-bank\/#primaryimage"},"thumbnailUrl":"https:\/\/visionshare.org\/wp-content\/uploads\/SS-Building-scaled.webp","datePublished":"2024-10-10T19:13:10+00:00","dateModified":"2025-09-09T20:28:32+00:00","description":"Nous sommes honor\u00e9s d\u2019avoir Saving Sight au sein du r\u00e9seau de banques d\u2019yeux Vision Share. Saving Sight est l\u2019une des principales banques d\u2019yeux aux \u00c9tats-Unis.","breadcrumb":{"@id":"https:\/\/visionshare.org\/member-list-info\/saving-sight-eye-bank\/#breadcrumb"},"inLanguage":"fr-FR","potentialAction":[{"@type":"ReadAction","target":["https:\/\/visionshare.org\/member-list-info\/saving-sight-eye-bank\/"]}]},{"@type":"ImageObject","inLanguage":"fr-FR","@id":"https:\/\/visionshare.org\/member-list-info\/saving-sight-eye-bank\/#primaryimage","url":"https:\/\/visionshare.org\/wp-content\/uploads\/SS-Building-scaled.webp","contentUrl":"https:\/\/visionshare.org\/wp-content\/uploads\/SS-Building-scaled.webp","width":2560,"height":1161,"caption":"SS Building1"},{"@type":"BreadcrumbList","@id":"https:\/\/visionshare.org\/member-list-info\/saving-sight-eye-bank\/#breadcrumb","itemListElement":[{"@type":"ListItem","position":1,"name":"Home","item":"https:\/\/visionshare.org\/"},{"@type":"ListItem","position":2,"name":"Vision Share Eye Bank Network","item":"https:\/\/visionshare.org\/member-list-info\/"},{"@type":"ListItem","position":3,"name":"Saving Sight"}]},{"@type":"WebSite","@id":"https:\/\/visionshare.org\/#website","url":"https:\/\/visionshare.org\/","name":"Vision Share","description":"Votre source de confiance","publisher":{"@id":"https:\/\/visionshare.org\/#organization"},"potentialAction":[{"@type":"SearchAction","target":{"@type":"EntryPoint","urlTemplate":"https:\/\/visionshare.org\/?s={search_term_string}"},"query-input":{"@type":"PropertyValueSpecification","valueRequired":true,"valueName":"search_term_string"}}],"inLanguage":"fr-FR"},{"@type":"Organization","@id":"https:\/\/visionshare.org\/#organization","name":"Vision Share","url":"https:\/\/visionshare.org\/","logo":{"@type":"ImageObject","inLanguage":"fr-FR","@id":"https:\/\/visionshare.org\/#\/schema\/logo\/image\/","url":"https:\/\/visionshare.org\/wp-content\/uploads\/cropped-cropped-cropped-VS_Your-trusted-source-logo-01-PNG.png","contentUrl":"https:\/\/visionshare.org\/wp-content\/uploads\/cropped-cropped-cropped-VS_Your-trusted-source-logo-01-PNG.png","width":1655,"height":861,"caption":"Vision Share"},"image":{"@id":"https:\/\/visionshare.org\/#\/schema\/logo\/image\/"},"sameAs":["https:\/\/www.facebook.com\/visionshareinc","https:\/\/x.com\/Vision_Share","https:\/\/www.linkedin.com\/company\/visionsshare\/"]}]}},"_links":{"self":[{"href":"https:\/\/visionshare.org\/fr\/wp-json\/wp\/v2\/pages\/6709","targetHints":{"allow":["GET"]}}],"collection":[{"href":"https:\/\/visionshare.org\/fr\/wp-json\/wp\/v2\/pages"}],"about":[{"href":"https:\/\/visionshare.org\/fr\/wp-json\/wp\/v2\/types\/page"}],"author":[{"embeddable":true,"href":"https:\/\/visionshare.org\/fr\/wp-json\/wp\/v2\/users\/1"}],"replies":[{"embeddable":true,"href":"https:\/\/visionshare.org\/fr\/wp-json\/wp\/v2\/comments?post=6709"}],"version-history":[{"count":21,"href":"https:\/\/visionshare.org\/fr\/wp-json\/wp\/v2\/pages\/6709\/revisions"}],"predecessor-version":[{"id":13827,"href":"https:\/\/visionshare.org\/fr\/wp-json\/wp\/v2\/pages\/6709\/revisions\/13827"}],"up":[{"embeddable":true,"href":"https:\/\/visionshare.org\/fr\/wp-json\/wp\/v2\/pages\/1306"}],"wp:featuredmedia":[{"embeddable":true,"href":"https:\/\/visionshare.org\/fr\/wp-json\/wp\/v2\/media\/6839"}],"wp:attachment":[{"href":"https:\/\/visionshare.org\/fr\/wp-json\/wp\/v2\/media?parent=6709"}],"curies":[{"name":"wp","href":"https:\/\/api.w.org\/{rel}","templated":true}]}}