{"id":6724,"date":"2024-10-10T15:22:39","date_gmt":"2024-10-10T20:22:39","guid":{"rendered":"https:\/\/visionshare.org\/?page_id=6724"},"modified":"2025-09-09T14:51:12","modified_gmt":"2025-09-09T19:51:12","slug":"banque-ophtalmologique-eversight","status":"publish","type":"page","link":"https:\/\/visionshare.org\/fr\/member-list-info\/eversight-eye-bank\/","title":{"rendered":"Eversight"},"content":{"rendered":"<div class=\"gb-container gb-container-d452ee7a\">\n<div class=\"gb-container gb-container-7d07da58 gbp-section__inner\">\n<div class=\"gb-container gb-container-9c385b46\">\n\n<figure class=\"gb-block-image gb-block-image-2c8b1d92\"><img loading=\"lazy\" decoding=\"async\" width=\"768\" height=\"1024\" class=\"gb-image gb-image-2c8b1d92\" src=\"https:\/\/visionshare.org\/wp-content\/uploads\/EV_VS_Mission-768x1024.jpg\" alt=\"Mission, valeurs, objectif, philosophie et autres d&#039;Eversight\" title=\"EV_VS_Mission\" srcset=\"https:\/\/visionshare.org\/wp-content\/uploads\/EV_VS_Mission-768x1024.jpg 768w, https:\/\/visionshare.org\/wp-content\/uploads\/EV_VS_Mission-225x300.jpg 225w, https:\/\/visionshare.org\/wp-content\/uploads\/EV_VS_Mission-1152x1536.jpg 1152w, https:\/\/visionshare.org\/wp-content\/uploads\/EV_VS_Mission-500x667.jpg 500w, https:\/\/visionshare.org\/wp-content\/uploads\/EV_VS_Mission-700x933.jpg 700w, https:\/\/visionshare.org\/wp-content\/uploads\/EV_VS_Mission.jpg 1200w\" sizes=\"auto, (max-width: 768px) 100vw, 768px\" \/><\/figure>\n\n<\/div>\n\n<div class=\"gb-container gb-container-00852ae2\">\n\n<h2 class=\"gb-headline gb-headline-273989dd gb-headline-text gbp-section__text\"><strong>Mission, vision et culture<\/strong><\/h2>\n\n\n\n<p class=\"has-medium-font-size\">Eversight est une banque oculaire internationale \u00e0 but non lucratif dont la mission est de restaurer la vue et de pr\u00e9venir la c\u00e9cit\u00e9 gr\u00e2ce au pouvoir curatif du don, de la transplantation et de la recherche. Eversight et ses nombreux partenaires d\u00e9vou\u00e9s s'efforcent de lutter contre le fardeau mondial de la c\u00e9cit\u00e9 corn\u00e9enne et de faire de la vision une r\u00e9alit\u00e9 pour un plus grand nombre de personnes dans le monde.<\/p>\n\n\n\n<p class=\"has-medium-font-size\">Depuis plus de 75 ans, Eversight entretient des relations authentiques avec les donateurs et leurs familles pour faire en sorte que le don de la vue soit accessible au plus grand nombre. L'objectif d'Eversight est de donner aux gens les moyens d'agir et de transformer leur vie. <\/p>\n\n\n\n<p class=\"has-medium-font-size\">Les valeurs de service, de dynamisme et de confiance guident Eversight \u00e0 chaque \u00e9tape de son parcours vers sa vision d'un monde sans c\u00e9cit\u00e9, o\u00f9 personne ne souffre d'une d\u00e9ficience visuelle \u00e9vitable.  <\/p>\n\n\n\n<p class=\"has-medium-font-size\"><a href=\"https:\/\/www.eversightvision.org\/who-we-are\/mission-vision-culture\/\">En savoir plus<\/a><\/p>\n\n<\/div>\n<\/div>\n\n<div class=\"gb-container gb-container-7295cd14 gbp-section__inner\">\n<div class=\"gb-container gb-container-8800a765 mobile-reverse-container-1\">\n\n<h2 class=\"gb-headline gb-headline-663f7f47 gb-headline-text gbp-section__headline\">Histoire et h\u00e9ritage<\/h2>\n\n\n\n<p class=\"has-medium-font-size\">Fond\u00e9e en 1947 sous le nom d'Illinois Eye Bank, Eversight est devenue un leader mondial dans le domaine des soins oculaires. Quatri\u00e8me banque ophtalmologique des \u00c9tats-Unis \u00e0 l'origine, sa mission s'est \u00e9largie au fil des d\u00e9cennies pour englober non seulement les greffes de corn\u00e9e, mais aussi la recherche de pointe sur la pr\u00e9vention et la gu\u00e9rison des affections oculaires c\u00e9citantes. <\/p>\n\n\n\n<p class=\"has-medium-font-size\">Le nom d'Eversight a \u00e9t\u00e9 officiellement adopt\u00e9 en 2015 et sert aujourd'hui les familles de donneurs, les patients, les chirurgiens et les chercheurs du monde entier \u00e0 partir de zones de service situ\u00e9es en Arizona, au Connecticut, en Illinois, au Michigan, au New Jersey, en Ohio et en Cor\u00e9e du Sud.<\/p>\n\n\n\n<p class=\"has-medium-font-size\"><a href=\"https:\/\/www.eversightvision.org\/who-we-are\/mission-history\/\">En savoir plus<\/a><\/p>\n\n<\/div>\n\n<div class=\"gb-container gb-container-6b58214d mobile-reverse-container-2\">\n\n<figure class=\"gb-block-image gb-block-image-c3c5b2b9\"><img loading=\"lazy\" decoding=\"async\" width=\"768\" height=\"1024\" class=\"gb-image gb-image-c3c5b2b9\" src=\"https:\/\/visionshare.org\/wp-content\/uploads\/EV_VS_History-768x1024.jpg\" alt=\"Image des d\u00e9buts de l&#039;Eye Banking\" title=\"EV_VS_Histoire\" srcset=\"https:\/\/visionshare.org\/wp-content\/uploads\/EV_VS_History-768x1024.jpg 768w, https:\/\/visionshare.org\/wp-content\/uploads\/EV_VS_History-225x300.jpg 225w, https:\/\/visionshare.org\/wp-content\/uploads\/EV_VS_History-1152x1536.jpg 1152w, https:\/\/visionshare.org\/wp-content\/uploads\/EV_VS_History-500x667.jpg 500w, https:\/\/visionshare.org\/wp-content\/uploads\/EV_VS_History-700x933.jpg 700w, https:\/\/visionshare.org\/wp-content\/uploads\/EV_VS_History.jpg 1200w\" sizes=\"auto, (max-width: 768px) 100vw, 768px\" \/><\/figure>\n\n<\/div>\n<\/div>\n\n<div class=\"gb-container gb-container-c50a5e44 gbp-section__inner\">\n<div class=\"gb-container gb-container-9dd23264\">\n\n<figure class=\"gb-block-image gb-block-image-81f4f184\"><img loading=\"lazy\" decoding=\"async\" width=\"768\" height=\"1024\" class=\"gb-image gb-image-81f4f184\" src=\"https:\/\/visionshare.org\/wp-content\/uploads\/EV_VS_Global-768x1024.jpg\" alt=\"Eversight Global Impact via Eye Banking\" title=\"EV_VS_Global\" srcset=\"https:\/\/visionshare.org\/wp-content\/uploads\/EV_VS_Global-768x1024.jpg 768w, https:\/\/visionshare.org\/wp-content\/uploads\/EV_VS_Global-225x300.jpg 225w, https:\/\/visionshare.org\/wp-content\/uploads\/EV_VS_Global-1152x1536.jpg 1152w, https:\/\/visionshare.org\/wp-content\/uploads\/EV_VS_Global-500x667.jpg 500w, https:\/\/visionshare.org\/wp-content\/uploads\/EV_VS_Global-700x933.jpg 700w, https:\/\/visionshare.org\/wp-content\/uploads\/EV_VS_Global.jpg 1200w\" sizes=\"auto, (max-width: 768px) 100vw, 768px\" \/><\/figure>\n\n<\/div>\n\n<div class=\"gb-container gb-container-ab912b09\">\n\n<h2 class=\"gb-headline gb-headline-ff1114bd gb-headline-text gbp-section__headline\">Impact mondial<\/h2>\n\n\n\n<p class=\"has-medium-font-size\">La port\u00e9e d'Eversight ne se limite pas aux \u00c9tats-Unis, puisqu'elle s'efforce d'\u00e9liminer la c\u00e9cit\u00e9 corn\u00e9enne dans le monde entier gr\u00e2ce au d\u00e9veloppement de banques d'yeux, \u00e0 la formation clinique et \u00e0 la fourniture de tissus. Elle s'emploie activement \u00e0 relever les d\u00e9fis mondiaux en mati\u00e8re de vision, en proposant des solutions \u00e0 court et \u00e0 long terme pour transformer la vie de plus de 12 millions de personnes souffrant de c\u00e9cit\u00e9 corn\u00e9enne dans le monde.<\/p>\n\n\n\n<p class=\"has-medium-font-size\">L'organisation met en place des partenariats mondiaux et des programmes de formation afin d'\u00e9tendre son impact au-del\u00e0 des fronti\u00e8res. Elle travaille en \u00e9troite collaboration avec des ophtalmologues, des chercheurs, des banquiers des yeux et d'autres professionnels des soins oculaires afin de faire progresser les traitements et d'\u00e9largir l'acc\u00e8s \u00e0 des greffes qui changent la vie. <\/p>\n\n\n\n<p class=\"has-medium-font-size\">Gr\u00e2ce \u00e0 l'incroyable g\u00e9n\u00e9rosit\u00e9 des donateurs am\u00e9ricains et de leurs familles, Eversight fournit \u00e9galement de la corn\u00e9e pour la transplantation et la recherche dans le monde entier, donnant ainsi de l'espoir pour l'avenir et redonnant la vue aux patients qui en ont besoin.<\/p>\n\n\n\n<p class=\"has-medium-font-size\"><a href=\"https:\/\/www.eversightvision.org\/our-focus\/global-vision\/\">En savoir plus<\/a><\/p>\n\n<\/div>\n<\/div>\n\n<div class=\"gb-container gb-container-d197b611 gbp-section__inner\">\n<div class=\"gb-container gb-container-dd20a8b7 mobile-reverse-container-1\">\n\n<h2 class=\"gb-headline gb-headline-d4d70cdc gb-headline-text gbp-section__headline\">Recherche et d\u00e9veloppement<\/h2>\n\n\n\n<p class=\"has-medium-font-size\">Eversight est un partenaire de R&amp;D complet dans le domaine des yeux et de la vision, qui s'engage \u00e0 faire preuve d'une curiosit\u00e9 d\u00e9brid\u00e9e, d'une curiosit\u00e9 scientifique solide et d'innovations concr\u00e8tes pour pr\u00e9venir, traiter et gu\u00e9rir les affections oculaires c\u00e9citantes. L'approche collaborative d'Eversight rassemble les universit\u00e9s, les entreprises de biotechnologie et les laboratoires pharmaceutiques afin de r\u00e9aliser des d\u00e9couvertes r\u00e9volutionnaires visant \u00e0 faire progresser la science et \u00e0 faire de la vision une r\u00e9alit\u00e9 pour les g\u00e9n\u00e9rations \u00e0 venir.<\/p>\n\n\n\n<p class=\"has-medium-font-size\">En tant que banque d'yeux et organisme de recherche sous contrat (ORC) sous un m\u00eame toit, Eversight offre un acc\u00e8s aux tissus oculaires humains et aux biofluides gracieusement offerts par les donneurs et leurs familles. Eversight est votre guichet unique pour la collaboration, les tissus de recherche, la conception d'\u00e9tudes, la r\u00e9daction de propositions de subventions, l'\u00e9valuation des donn\u00e9es, l'imagerie, les tests, la r\u00e9daction de manuscrits, la publication dans des revues \u00e0 comit\u00e9 de lecture et plus encore. <\/p>\n\n\n\n<p class=\"has-medium-font-size\">Ils peuvent \u00e9galement faciliter la caract\u00e9risation de mod\u00e8les animaux avec les tissus fournis par le client. Eversight est une CRO+ guid\u00e9e par la volont\u00e9 de g\u00e9rer de mani\u00e8re responsable les tissus des donneurs et de maximiser leurs dons d\u00e9sint\u00e9ress\u00e9s.<\/p>\n\n\n\n<p class=\"has-medium-font-size\"><a href=\"https:\/\/www.eversightvision.org\/eye-vision-research\/\">En savoir plus<\/a><\/p>\n\n<\/div>\n\n<div class=\"gb-container gb-container-ff86357e mobile-reverse-container-2\">\n\n<figure class=\"gb-block-image gb-block-image-3a5a0502\"><img loading=\"lazy\" decoding=\"async\" width=\"768\" height=\"1024\" class=\"gb-image gb-image-3a5a0502\" src=\"https:\/\/visionshare.org\/wp-content\/uploads\/EV_VS_Research-768x1024.jpg\" alt=\"D\u00e9partement R&amp;D d&#039;Eversight\" title=\"EV_VS_Research\" srcset=\"https:\/\/visionshare.org\/wp-content\/uploads\/EV_VS_Research-768x1024.jpg 768w, https:\/\/visionshare.org\/wp-content\/uploads\/EV_VS_Research-225x300.jpg 225w, https:\/\/visionshare.org\/wp-content\/uploads\/EV_VS_Research-1152x1536.jpg 1152w, https:\/\/visionshare.org\/wp-content\/uploads\/EV_VS_Research-500x667.jpg 500w, https:\/\/visionshare.org\/wp-content\/uploads\/EV_VS_Research-700x933.jpg 700w, https:\/\/visionshare.org\/wp-content\/uploads\/EV_VS_Research.jpg 1200w\" sizes=\"auto, (max-width: 768px) 100vw, 768px\" \/><\/figure>\n\n<\/div>\n<\/div>\n\n<div class=\"gb-container gb-container-a0368a4e gbp-section__inner\">\n<div class=\"gb-container gb-container-3120ff1a\">\n<div class=\"gb-container gb-container-e560db6a\">\n<div class=\"gb-container gb-container-2e83002b gbp-section\">\n<div class=\"gb-container gb-container-180e0582 gbp-section__inner\">\n<div class=\"gb-container gb-container-a0f98063\">\n\n<p class=\"has-medium-font-size\">Forte d'un riche h\u00e9ritage et d'une mission tourn\u00e9e vers l'avenir, Eversight reste un acteur essentiel dans la lutte mondiale contre la c\u00e9cit\u00e9, offrant de l'espoir \u00e0 des millions de personnes et \u0153uvrant pour un monde o\u00f9 la vue est accessible \u00e0 tous. <\/p>\n\n\n<div class=\"gb-container gb-container-4bd041a8\">\n\n<a class=\"gb-button gb-button-e89fb59f gb-button-text gbp-button--primary\" href=\"https:\/\/www.eversightvision.org\" target=\"_blank\" rel=\"noopener noreferrer\">Visitez leur site web<\/a>\n\n<\/div>\n<\/div>\n<\/div>\n<\/div>\n<\/div>\n<\/div>\n<\/div>\n<\/div>","protected":false},"excerpt":{"rendered":"<p>Mission, Vision and Culture Eversight is a global nonprofit eye bank with a mission to restore sight and prevent blindness through the healing power of &#8230; <a title=\"Eversight\" class=\"read-more\" href=\"https:\/\/visionshare.org\/fr\/member-list-info\/eversight-eye-bank\/\" aria-label=\"En savoir plus sur Eversight\">Lire plus<\/a><\/p>","protected":false},"author":1,"featured_media":9827,"parent":1306,"menu_order":0,"comment_status":"closed","ping_status":"closed","template":"","meta":{"_acf_changed":false,"footnotes":""},"class_list":["post-6724","page","type-page","status-publish","has-post-thumbnail"],"acf":[],"yoast_head":"<!-- This site is optimized with the Yoast SEO plugin v27.4 - https:\/\/yoast.com\/product\/yoast-seo-wordpress\/ -->\n<title>Eversight - Vision Share Member<\/title>\n<meta name=\"description\" content=\"Learn more about Eversight, one of our member eye banks at Vision Share.\" \/>\n<meta name=\"robots\" content=\"index, follow, max-snippet:-1, max-image-preview:large, max-video-preview:-1\" \/>\n<link rel=\"canonical\" href=\"https:\/\/visionshare.org\/fr\/liste-des-membres\/banque-ophtalmologique-eversight\/\" \/>\n<meta property=\"og:locale\" content=\"fr_FR\" \/>\n<meta property=\"og:type\" content=\"article\" \/>\n<meta property=\"og:title\" content=\"Eversight - Vision Share Member\" \/>\n<meta property=\"og:description\" content=\"Learn more about Eversight, one of our member eye banks at Vision Share.\" \/>\n<meta property=\"og:url\" content=\"https:\/\/visionshare.org\/fr\/liste-des-membres\/banque-ophtalmologique-eversight\/\" \/>\n<meta property=\"og:site_name\" content=\"Vision Share\" \/>\n<meta property=\"article:publisher\" content=\"https:\/\/www.facebook.com\/visionshareinc\" \/>\n<meta property=\"article:modified_time\" content=\"2025-09-09T19:51:12+00:00\" \/>\n<meta property=\"og:image\" content=\"https:\/\/visionshare.org\/wp-content\/uploads\/EV_VS_Header_REV-1920x600-1.jpg\" \/>\n\t<meta property=\"og:image:width\" content=\"1920\" \/>\n\t<meta property=\"og:image:height\" content=\"600\" \/>\n\t<meta property=\"og:image:type\" content=\"image\/jpeg\" \/>\n<meta name=\"twitter:card\" content=\"summary_large_image\" \/>\n<meta name=\"twitter:site\" content=\"@Vision_Share\" \/>\n<meta name=\"twitter:label1\" content=\"Dur\u00e9e de lecture estim\u00e9e\" \/>\n\t<meta name=\"twitter:data1\" content=\"4 minutes\" \/>\n<script type=\"application\/ld+json\" class=\"yoast-schema-graph\">{\"@context\":\"https:\\\/\\\/schema.org\",\"@graph\":[{\"@type\":\"WebPage\",\"@id\":\"https:\\\/\\\/visionshare.org\\\/member-list-info\\\/eversight-eye-bank\\\/\",\"url\":\"https:\\\/\\\/visionshare.org\\\/member-list-info\\\/eversight-eye-bank\\\/\",\"name\":\"Eversight - Vision Share Member\",\"isPartOf\":{\"@id\":\"https:\\\/\\\/visionshare.org\\\/#website\"},\"primaryImageOfPage\":{\"@id\":\"https:\\\/\\\/visionshare.org\\\/member-list-info\\\/eversight-eye-bank\\\/#primaryimage\"},\"image\":{\"@id\":\"https:\\\/\\\/visionshare.org\\\/member-list-info\\\/eversight-eye-bank\\\/#primaryimage\"},\"thumbnailUrl\":\"https:\\\/\\\/visionshare.org\\\/wp-content\\\/uploads\\\/EV_VS_Header_REV-1920x600-1.jpg\",\"datePublished\":\"2024-10-10T20:22:39+00:00\",\"dateModified\":\"2025-09-09T19:51:12+00:00\",\"description\":\"Learn more about Eversight, one of our member eye banks at Vision Share.\",\"breadcrumb\":{\"@id\":\"https:\\\/\\\/visionshare.org\\\/member-list-info\\\/eversight-eye-bank\\\/#breadcrumb\"},\"inLanguage\":\"fr-FR\",\"potentialAction\":[{\"@type\":\"ReadAction\",\"target\":[\"https:\\\/\\\/visionshare.org\\\/member-list-info\\\/eversight-eye-bank\\\/\"]}]},{\"@type\":\"ImageObject\",\"inLanguage\":\"fr-FR\",\"@id\":\"https:\\\/\\\/visionshare.org\\\/member-list-info\\\/eversight-eye-bank\\\/#primaryimage\",\"url\":\"https:\\\/\\\/visionshare.org\\\/wp-content\\\/uploads\\\/EV_VS_Header_REV-1920x600-1.jpg\",\"contentUrl\":\"https:\\\/\\\/visionshare.org\\\/wp-content\\\/uploads\\\/EV_VS_Header_REV-1920x600-1.jpg\",\"width\":1920,\"height\":600,\"caption\":\"EV_VS_Header_REV-1920x600\"},{\"@type\":\"BreadcrumbList\",\"@id\":\"https:\\\/\\\/visionshare.org\\\/member-list-info\\\/eversight-eye-bank\\\/#breadcrumb\",\"itemListElement\":[{\"@type\":\"ListItem\",\"position\":1,\"name\":\"Home\",\"item\":\"https:\\\/\\\/visionshare.org\\\/\"},{\"@type\":\"ListItem\",\"position\":2,\"name\":\"Vision Share Eye Bank Network\",\"item\":\"https:\\\/\\\/visionshare.org\\\/member-list-info\\\/\"},{\"@type\":\"ListItem\",\"position\":3,\"name\":\"Eversight\"}]},{\"@type\":\"WebSite\",\"@id\":\"https:\\\/\\\/visionshare.org\\\/#website\",\"url\":\"https:\\\/\\\/visionshare.org\\\/\",\"name\":\"Vision Share\",\"description\":\"Your Trusted Source\",\"publisher\":{\"@id\":\"https:\\\/\\\/visionshare.org\\\/#organization\"},\"potentialAction\":[{\"@type\":\"SearchAction\",\"target\":{\"@type\":\"EntryPoint\",\"urlTemplate\":\"https:\\\/\\\/visionshare.org\\\/?s={search_term_string}\"},\"query-input\":{\"@type\":\"PropertyValueSpecification\",\"valueRequired\":true,\"valueName\":\"search_term_string\"}}],\"inLanguage\":\"fr-FR\"},{\"@type\":\"Organization\",\"@id\":\"https:\\\/\\\/visionshare.org\\\/#organization\",\"name\":\"Vision Share\",\"url\":\"https:\\\/\\\/visionshare.org\\\/\",\"logo\":{\"@type\":\"ImageObject\",\"inLanguage\":\"fr-FR\",\"@id\":\"https:\\\/\\\/visionshare.org\\\/#\\\/schema\\\/logo\\\/image\\\/\",\"url\":\"https:\\\/\\\/visionshare.org\\\/wp-content\\\/uploads\\\/cropped-cropped-cropped-VS_Your-trusted-source-logo-01-PNG.png\",\"contentUrl\":\"https:\\\/\\\/visionshare.org\\\/wp-content\\\/uploads\\\/cropped-cropped-cropped-VS_Your-trusted-source-logo-01-PNG.png\",\"width\":1655,\"height\":861,\"caption\":\"Vision Share\"},\"image\":{\"@id\":\"https:\\\/\\\/visionshare.org\\\/#\\\/schema\\\/logo\\\/image\\\/\"},\"sameAs\":[\"https:\\\/\\\/www.facebook.com\\\/visionshareinc\",\"https:\\\/\\\/x.com\\\/Vision_Share\",\"https:\\\/\\\/www.linkedin.com\\\/company\\\/visionsshare\\\/\"]}]}<\/script>\n<!-- \/ Yoast SEO plugin. -->","yoast_head_json":{"title":"Eversight - Membre de Vision Share","description":"D\u00e9couvrez-en plus sur Eversight, l\u2019une de nos banques d\u2019yeux membres de Vision Share.","robots":{"index":"index","follow":"follow","max-snippet":"max-snippet:-1","max-image-preview":"max-image-preview:large","max-video-preview":"max-video-preview:-1"},"canonical":"https:\/\/visionshare.org\/fr\/liste-des-membres\/banque-ophtalmologique-eversight\/","og_locale":"fr_FR","og_type":"article","og_title":"Eversight - Vision Share Member","og_description":"Learn more about Eversight, one of our member eye banks at Vision Share.","og_url":"https:\/\/visionshare.org\/fr\/liste-des-membres\/banque-ophtalmologique-eversight\/","og_site_name":"Vision Share","article_publisher":"https:\/\/www.facebook.com\/visionshareinc","article_modified_time":"2025-09-09T19:51:12+00:00","og_image":[{"width":1920,"height":600,"url":"https:\/\/visionshare.org\/wp-content\/uploads\/EV_VS_Header_REV-1920x600-1.jpg","type":"image\/jpeg"}],"twitter_card":"summary_large_image","twitter_site":"@Vision_Share","twitter_misc":{"Dur\u00e9e de lecture estim\u00e9e":"4 minutes"},"schema":{"@context":"https:\/\/schema.org","@graph":[{"@type":"WebPage","@id":"https:\/\/visionshare.org\/member-list-info\/eversight-eye-bank\/","url":"https:\/\/visionshare.org\/member-list-info\/eversight-eye-bank\/","name":"Eversight - Membre de Vision Share","isPartOf":{"@id":"https:\/\/visionshare.org\/#website"},"primaryImageOfPage":{"@id":"https:\/\/visionshare.org\/member-list-info\/eversight-eye-bank\/#primaryimage"},"image":{"@id":"https:\/\/visionshare.org\/member-list-info\/eversight-eye-bank\/#primaryimage"},"thumbnailUrl":"https:\/\/visionshare.org\/wp-content\/uploads\/EV_VS_Header_REV-1920x600-1.jpg","datePublished":"2024-10-10T20:22:39+00:00","dateModified":"2025-09-09T19:51:12+00:00","description":"D\u00e9couvrez-en plus sur Eversight, l\u2019une de nos banques d\u2019yeux membres de Vision Share.","breadcrumb":{"@id":"https:\/\/visionshare.org\/member-list-info\/eversight-eye-bank\/#breadcrumb"},"inLanguage":"fr-FR","potentialAction":[{"@type":"ReadAction","target":["https:\/\/visionshare.org\/member-list-info\/eversight-eye-bank\/"]}]},{"@type":"ImageObject","inLanguage":"fr-FR","@id":"https:\/\/visionshare.org\/member-list-info\/eversight-eye-bank\/#primaryimage","url":"https:\/\/visionshare.org\/wp-content\/uploads\/EV_VS_Header_REV-1920x600-1.jpg","contentUrl":"https:\/\/visionshare.org\/wp-content\/uploads\/EV_VS_Header_REV-1920x600-1.jpg","width":1920,"height":600,"caption":"EV_VS_Header_REV-1920x600"},{"@type":"BreadcrumbList","@id":"https:\/\/visionshare.org\/member-list-info\/eversight-eye-bank\/#breadcrumb","itemListElement":[{"@type":"ListItem","position":1,"name":"Home","item":"https:\/\/visionshare.org\/"},{"@type":"ListItem","position":2,"name":"Vision Share Eye Bank Network","item":"https:\/\/visionshare.org\/member-list-info\/"},{"@type":"ListItem","position":3,"name":"Eversight"}]},{"@type":"WebSite","@id":"https:\/\/visionshare.org\/#website","url":"https:\/\/visionshare.org\/","name":"Vision Share","description":"Votre source de confiance","publisher":{"@id":"https:\/\/visionshare.org\/#organization"},"potentialAction":[{"@type":"SearchAction","target":{"@type":"EntryPoint","urlTemplate":"https:\/\/visionshare.org\/?s={search_term_string}"},"query-input":{"@type":"PropertyValueSpecification","valueRequired":true,"valueName":"search_term_string"}}],"inLanguage":"fr-FR"},{"@type":"Organization","@id":"https:\/\/visionshare.org\/#organization","name":"Vision Share","url":"https:\/\/visionshare.org\/","logo":{"@type":"ImageObject","inLanguage":"fr-FR","@id":"https:\/\/visionshare.org\/#\/schema\/logo\/image\/","url":"https:\/\/visionshare.org\/wp-content\/uploads\/cropped-cropped-cropped-VS_Your-trusted-source-logo-01-PNG.png","contentUrl":"https:\/\/visionshare.org\/wp-content\/uploads\/cropped-cropped-cropped-VS_Your-trusted-source-logo-01-PNG.png","width":1655,"height":861,"caption":"Vision Share"},"image":{"@id":"https:\/\/visionshare.org\/#\/schema\/logo\/image\/"},"sameAs":["https:\/\/www.facebook.com\/visionshareinc","https:\/\/x.com\/Vision_Share","https:\/\/www.linkedin.com\/company\/visionsshare\/"]}]}},"_links":{"self":[{"href":"https:\/\/visionshare.org\/fr\/wp-json\/wp\/v2\/pages\/6724","targetHints":{"allow":["GET"]}}],"collection":[{"href":"https:\/\/visionshare.org\/fr\/wp-json\/wp\/v2\/pages"}],"about":[{"href":"https:\/\/visionshare.org\/fr\/wp-json\/wp\/v2\/types\/page"}],"author":[{"embeddable":true,"href":"https:\/\/visionshare.org\/fr\/wp-json\/wp\/v2\/users\/1"}],"replies":[{"embeddable":true,"href":"https:\/\/visionshare.org\/fr\/wp-json\/wp\/v2\/comments?post=6724"}],"version-history":[{"count":44,"href":"https:\/\/visionshare.org\/fr\/wp-json\/wp\/v2\/pages\/6724\/revisions"}],"predecessor-version":[{"id":13811,"href":"https:\/\/visionshare.org\/fr\/wp-json\/wp\/v2\/pages\/6724\/revisions\/13811"}],"up":[{"embeddable":true,"href":"https:\/\/visionshare.org\/fr\/wp-json\/wp\/v2\/pages\/1306"}],"wp:featuredmedia":[{"embeddable":true,"href":"https:\/\/visionshare.org\/fr\/wp-json\/wp\/v2\/media\/9827"}],"wp:attachment":[{"href":"https:\/\/visionshare.org\/fr\/wp-json\/wp\/v2\/media?parent=6724"}],"curies":[{"name":"wp","href":"https:\/\/api.w.org\/{rel}","templated":true}]}}