{"id":6761,"date":"2024-10-10T16:31:44","date_gmt":"2024-10-10T21:31:44","guid":{"rendered":"https:\/\/visionshare.org\/?page_id=6761"},"modified":"2025-08-20T10:37:54","modified_gmt":"2025-08-20T15:37:54","slug":"ut-southwestern-transplant-center","status":"publish","type":"page","link":"https:\/\/visionshare.org\/fr\/member-list-info\/ut-southwestern-transplant-center\/","title":{"rendered":"Centre de services de transplantation de l'UT Southwestern"},"content":{"rendered":"<div class=\"gb-container gb-container-d452ee7a\">\n<div class=\"gb-container gb-container-7d07da58 gbp-section__inner\">\n<div class=\"gb-container gb-container-9c385b46\">\n\n<figure class=\"gb-block-image gb-block-image-2c8b1d92\"><img loading=\"lazy\" decoding=\"async\" width=\"640\" height=\"420\" class=\"gb-image gb-image-2c8b1d92\" src=\"https:\/\/visionshare.org\/wp-content\/uploads\/utswmemberprofile2.jpg\" alt=\"utswmemberprofile2\" srcset=\"https:\/\/visionshare.org\/wp-content\/uploads\/utswmemberprofile2.jpg 640w, https:\/\/visionshare.org\/wp-content\/uploads\/utswmemberprofile2-300x197.jpg 300w, https:\/\/visionshare.org\/wp-content\/uploads\/utswmemberprofile2-500x328.jpg 500w\" sizes=\"auto, (max-width: 640px) 100vw, 640px\" \/><\/figure>\n\n<\/div>\n\n<div class=\"gb-container gb-container-00852ae2\">\n\n<h2 class=\"gb-headline gb-headline-663f7f47 gb-headline-text gbp-section__headline\">L'histoire<\/h2>\n\n\n\n<p>Fond\u00e9e en 1943 sous le nom de Southwestern Medical School, UT Southwestern est devenue une institution m\u00e9dicale universitaire prestigieuse. Le Centre de services de transplantation a \u00e9t\u00e9 cr\u00e9\u00e9 en 1984, la banque d'yeux \u00e9tant un \u00e9l\u00e9ment essentiel de ses op\u00e9rations. La croissance du centre refl\u00e8te l'expansion plus large de l'UT Southwestern. Forte de son histoire en mati\u00e8re d'enseignement m\u00e9dical et de recherche, l'UT Southwestern est rest\u00e9e \u00e0 la pointe de la transplantation de corn\u00e9e et du don de tissus, aidant des milliers de personnes \u00e0 recouvrer la vue et \u00e0 am\u00e9liorer leur qualit\u00e9 de vie.<\/p>\n\n<\/div>\n<\/div>\n\n<div class=\"gb-container gb-container-7295cd14 gbp-section__inner\">\n<div class=\"gb-container gb-container-8800a765 mobile-reverse-container-1\">\n\n<h2 class=\"gb-headline gb-headline-b4a6994c gb-headline-text gbp-section__headline\">Services et impact<\/h2>\n\n\n\n<p>La banque oculaire de l'UT Southwestern travaille en \u00e9troite collaboration avec les familles des donneurs, les receveurs et les chirurgiens pour faciliter les dons d'yeux et de corn\u00e9es. Outre les greffes de corn\u00e9e, le centre prend \u00e9galement en charge la r\u00e9cup\u00e9ration de tissus pour les valves cardiaques, les tendons, les os et les greffes de peau. Les recherches approfondies et l'expertise clinique de l'institution garantissent que les progr\u00e8s m\u00e9dicaux et les r\u00e9sultats pour les patients restent une priorit\u00e9.<\/p>\n\n<\/div>\n\n<div class=\"gb-container gb-container-6b58214d mobile-reverse-container-2\">\n\n<figure class=\"gb-block-image gb-block-image-c3c5b2b9\"><img loading=\"lazy\" decoding=\"async\" width=\"640\" height=\"420\" class=\"gb-image gb-image-c3c5b2b9\" src=\"https:\/\/visionshare.org\/wp-content\/uploads\/utswmemberprofile2.jpg\" alt=\"utswmemberprofile2\" srcset=\"https:\/\/visionshare.org\/wp-content\/uploads\/utswmemberprofile2.jpg 640w, https:\/\/visionshare.org\/wp-content\/uploads\/utswmemberprofile2-300x197.jpg 300w, https:\/\/visionshare.org\/wp-content\/uploads\/utswmemberprofile2-500x328.jpg 500w\" sizes=\"auto, (max-width: 640px) 100vw, 640px\" \/><\/figure>\n\n<\/div>\n<\/div>\n\n<div class=\"gb-container gb-container-d1339a43 gbp-section__inner\">\n<div class=\"gb-container gb-container-b8cec7d4\">\n\n<figure class=\"gb-block-image gb-block-image-ca505df4\"><img loading=\"lazy\" decoding=\"async\" width=\"640\" height=\"420\" class=\"gb-image gb-image-ca505df4\" src=\"https:\/\/visionshare.org\/wp-content\/uploads\/utswmemberprofile2.jpg\" alt=\"utswmemberprofile2\" srcset=\"https:\/\/visionshare.org\/wp-content\/uploads\/utswmemberprofile2.jpg 640w, https:\/\/visionshare.org\/wp-content\/uploads\/utswmemberprofile2-300x197.jpg 300w, https:\/\/visionshare.org\/wp-content\/uploads\/utswmemberprofile2-500x328.jpg 500w\" sizes=\"auto, (max-width: 640px) 100vw, 640px\" \/><\/figure>\n\n<\/div>\n\n<div class=\"gb-container gb-container-844ef4bb\">\n\n<h2 class=\"gb-headline gb-headline-da595920 gb-headline-text gbp-section__headline\">Communaut\u00e9 et recherche<\/h2>\n\n\n\n<p>En plus de faciliter les transplantations qui changent la vie, UT Southwestern met l'accent sur la recherche et l'\u00e9ducation. L'implication de la banque oculaire dans la recherche va de l'\u00e9valuation de nouvelles techniques de transplantation de la corn\u00e9e \u00e0 l'am\u00e9lioration de la pr\u00e9servation des tissus. Les collaborations avec d'autres \u00e9tablissements de sant\u00e9 et programmes de recherche permettent une innovation continue, aidant le centre \u00e0 rester un leader dans le domaine de la transplantation.<\/p>\n\n\n\n<p>Pour plus d'informations sur le UT Southwestern Transplant Center, <a href=\"https:\/\/www.utsouthwestern.edu\/education\/medical-school\/departments\/transplant-services-center\/\">visitez leur site web<\/a> aujourd'hui.<\/p>\n\n<\/div>\n<\/div>\n<\/div>","protected":false},"excerpt":{"rendered":"<p>History Founded in 1943 as Southwestern Medical School, UT Southwestern has grown into a prestigious academic medical institution. The Transplant Services Center was established in &#8230; <a title=\"Centre de services de transplantation de l&#039;UT Southwestern\" class=\"read-more\" href=\"https:\/\/visionshare.org\/fr\/member-list-info\/ut-southwestern-transplant-center\/\" aria-label=\"En savoir plus sur UT Southwestern Transplant Services Center\">Lire plus<\/a><\/p>","protected":false},"author":1,"featured_media":0,"parent":1306,"menu_order":0,"comment_status":"closed","ping_status":"closed","template":"","meta":{"_acf_changed":false,"footnotes":""},"class_list":["post-6761","page","type-page","status-publish"],"acf":[],"yoast_head":"<!-- This site is optimized with the Yoast SEO plugin v27.4 - https:\/\/yoast.com\/product\/yoast-seo-wordpress\/ -->\n<title>UT Southwestern Transplant Services Center - Vision Share<\/title>\n<meta name=\"description\" content=\"UT Southwestern Transplant Services Center is a member of the Vision Share network of eye banks. They emphasize research and education.\" \/>\n<meta name=\"robots\" content=\"index, follow, max-snippet:-1, max-image-preview:large, max-video-preview:-1\" \/>\n<link rel=\"canonical\" href=\"https:\/\/visionshare.org\/fr\/liste-des-membres\/ut-southwestern-transplant-center\/\" \/>\n<meta property=\"og:locale\" content=\"fr_FR\" \/>\n<meta property=\"og:type\" content=\"article\" \/>\n<meta property=\"og:title\" content=\"UT Southwestern Transplant Services Center - Vision Share\" \/>\n<meta property=\"og:description\" content=\"UT Southwestern Transplant Services Center is a member of the Vision Share network of eye banks. They emphasize research and education.\" \/>\n<meta property=\"og:url\" content=\"https:\/\/visionshare.org\/fr\/liste-des-membres\/ut-southwestern-transplant-center\/\" \/>\n<meta property=\"og:site_name\" content=\"Vision Share\" \/>\n<meta property=\"article:publisher\" content=\"https:\/\/www.facebook.com\/visionshareinc\" \/>\n<meta property=\"article:modified_time\" content=\"2025-08-20T15:37:54+00:00\" \/>\n<meta property=\"og:image\" content=\"https:\/\/visionshare.org\/wp-content\/uploads\/utswmemberprofile2.jpg\" \/>\n<meta name=\"twitter:card\" content=\"summary_large_image\" \/>\n<meta name=\"twitter:site\" content=\"@Vision_Share\" \/>\n<meta name=\"twitter:label1\" content=\"Dur\u00e9e de lecture estim\u00e9e\" \/>\n\t<meta name=\"twitter:data1\" content=\"2 minutes\" \/>\n<script type=\"application\/ld+json\" class=\"yoast-schema-graph\">{\"@context\":\"https:\\\/\\\/schema.org\",\"@graph\":[{\"@type\":\"WebPage\",\"@id\":\"https:\\\/\\\/visionshare.org\\\/member-list-info\\\/ut-southwestern-transplant-center\\\/\",\"url\":\"https:\\\/\\\/visionshare.org\\\/member-list-info\\\/ut-southwestern-transplant-center\\\/\",\"name\":\"UT Southwestern Transplant Services Center - Vision Share\",\"isPartOf\":{\"@id\":\"https:\\\/\\\/visionshare.org\\\/#website\"},\"primaryImageOfPage\":{\"@id\":\"https:\\\/\\\/visionshare.org\\\/member-list-info\\\/ut-southwestern-transplant-center\\\/#primaryimage\"},\"image\":{\"@id\":\"https:\\\/\\\/visionshare.org\\\/member-list-info\\\/ut-southwestern-transplant-center\\\/#primaryimage\"},\"thumbnailUrl\":\"https:\\\/\\\/visionshare.org\\\/wp-content\\\/uploads\\\/utswmemberprofile2.jpg\",\"datePublished\":\"2024-10-10T21:31:44+00:00\",\"dateModified\":\"2025-08-20T15:37:54+00:00\",\"description\":\"UT Southwestern Transplant Services Center is a member of the Vision Share network of eye banks. They emphasize research and education.\",\"breadcrumb\":{\"@id\":\"https:\\\/\\\/visionshare.org\\\/member-list-info\\\/ut-southwestern-transplant-center\\\/#breadcrumb\"},\"inLanguage\":\"fr-FR\",\"potentialAction\":[{\"@type\":\"ReadAction\",\"target\":[\"https:\\\/\\\/visionshare.org\\\/member-list-info\\\/ut-southwestern-transplant-center\\\/\"]}]},{\"@type\":\"ImageObject\",\"inLanguage\":\"fr-FR\",\"@id\":\"https:\\\/\\\/visionshare.org\\\/member-list-info\\\/ut-southwestern-transplant-center\\\/#primaryimage\",\"url\":\"https:\\\/\\\/visionshare.org\\\/wp-content\\\/uploads\\\/utswmemberprofile2.jpg\",\"contentUrl\":\"https:\\\/\\\/visionshare.org\\\/wp-content\\\/uploads\\\/utswmemberprofile2.jpg\"},{\"@type\":\"BreadcrumbList\",\"@id\":\"https:\\\/\\\/visionshare.org\\\/member-list-info\\\/ut-southwestern-transplant-center\\\/#breadcrumb\",\"itemListElement\":[{\"@type\":\"ListItem\",\"position\":1,\"name\":\"Home\",\"item\":\"https:\\\/\\\/visionshare.org\\\/\"},{\"@type\":\"ListItem\",\"position\":2,\"name\":\"Vision Share Eye Bank Network\",\"item\":\"https:\\\/\\\/visionshare.org\\\/member-list-info\\\/\"},{\"@type\":\"ListItem\",\"position\":3,\"name\":\"UT Southwestern Transplant Services Center\"}]},{\"@type\":\"WebSite\",\"@id\":\"https:\\\/\\\/visionshare.org\\\/#website\",\"url\":\"https:\\\/\\\/visionshare.org\\\/\",\"name\":\"Vision Share\",\"description\":\"Your Trusted Source\",\"publisher\":{\"@id\":\"https:\\\/\\\/visionshare.org\\\/#organization\"},\"potentialAction\":[{\"@type\":\"SearchAction\",\"target\":{\"@type\":\"EntryPoint\",\"urlTemplate\":\"https:\\\/\\\/visionshare.org\\\/?s={search_term_string}\"},\"query-input\":{\"@type\":\"PropertyValueSpecification\",\"valueRequired\":true,\"valueName\":\"search_term_string\"}}],\"inLanguage\":\"fr-FR\"},{\"@type\":\"Organization\",\"@id\":\"https:\\\/\\\/visionshare.org\\\/#organization\",\"name\":\"Vision Share\",\"url\":\"https:\\\/\\\/visionshare.org\\\/\",\"logo\":{\"@type\":\"ImageObject\",\"inLanguage\":\"fr-FR\",\"@id\":\"https:\\\/\\\/visionshare.org\\\/#\\\/schema\\\/logo\\\/image\\\/\",\"url\":\"https:\\\/\\\/visionshare.org\\\/wp-content\\\/uploads\\\/cropped-cropped-cropped-VS_Your-trusted-source-logo-01-PNG.png\",\"contentUrl\":\"https:\\\/\\\/visionshare.org\\\/wp-content\\\/uploads\\\/cropped-cropped-cropped-VS_Your-trusted-source-logo-01-PNG.png\",\"width\":1655,\"height\":861,\"caption\":\"Vision Share\"},\"image\":{\"@id\":\"https:\\\/\\\/visionshare.org\\\/#\\\/schema\\\/logo\\\/image\\\/\"},\"sameAs\":[\"https:\\\/\\\/www.facebook.com\\\/visionshareinc\",\"https:\\\/\\\/x.com\\\/Vision_Share\",\"https:\\\/\\\/www.linkedin.com\\\/company\\\/visionsshare\\\/\"]}]}<\/script>\n<!-- \/ Yoast SEO plugin. -->","yoast_head_json":{"title":"UT Southwestern Transplant Services Center - Miembro de Vision Share","description":"UT Southwestern Transplant Services Center est une banque d\u2019yeux membre du r\u00e9seau Vision Share. Elle met l\u2019accent sur la recherche et l\u2019\u00e9ducation.","robots":{"index":"index","follow":"follow","max-snippet":"max-snippet:-1","max-image-preview":"max-image-preview:large","max-video-preview":"max-video-preview:-1"},"canonical":"https:\/\/visionshare.org\/fr\/liste-des-membres\/ut-southwestern-transplant-center\/","og_locale":"fr_FR","og_type":"article","og_title":"UT Southwestern Transplant Services Center - Vision Share","og_description":"UT Southwestern Transplant Services Center is a member of the Vision Share network of eye banks. They emphasize research and education.","og_url":"https:\/\/visionshare.org\/fr\/liste-des-membres\/ut-southwestern-transplant-center\/","og_site_name":"Vision Share","article_publisher":"https:\/\/www.facebook.com\/visionshareinc","article_modified_time":"2025-08-20T15:37:54+00:00","og_image":[{"url":"https:\/\/visionshare.org\/wp-content\/uploads\/utswmemberprofile2.jpg","type":"","width":"","height":""}],"twitter_card":"summary_large_image","twitter_site":"@Vision_Share","twitter_misc":{"Dur\u00e9e de lecture estim\u00e9e":"2 minutes"},"schema":{"@context":"https:\/\/schema.org","@graph":[{"@type":"WebPage","@id":"https:\/\/visionshare.org\/member-list-info\/ut-southwestern-transplant-center\/","url":"https:\/\/visionshare.org\/member-list-info\/ut-southwestern-transplant-center\/","name":"UT Southwestern Transplant Services Center - Miembro de Vision Share","isPartOf":{"@id":"https:\/\/visionshare.org\/#website"},"primaryImageOfPage":{"@id":"https:\/\/visionshare.org\/member-list-info\/ut-southwestern-transplant-center\/#primaryimage"},"image":{"@id":"https:\/\/visionshare.org\/member-list-info\/ut-southwestern-transplant-center\/#primaryimage"},"thumbnailUrl":"https:\/\/visionshare.org\/wp-content\/uploads\/utswmemberprofile2.jpg","datePublished":"2024-10-10T21:31:44+00:00","dateModified":"2025-08-20T15:37:54+00:00","description":"UT Southwestern Transplant Services Center est une banque d\u2019yeux membre du r\u00e9seau Vision Share. Elle met l\u2019accent sur la recherche et l\u2019\u00e9ducation.","breadcrumb":{"@id":"https:\/\/visionshare.org\/member-list-info\/ut-southwestern-transplant-center\/#breadcrumb"},"inLanguage":"fr-FR","potentialAction":[{"@type":"ReadAction","target":["https:\/\/visionshare.org\/member-list-info\/ut-southwestern-transplant-center\/"]}]},{"@type":"ImageObject","inLanguage":"fr-FR","@id":"https:\/\/visionshare.org\/member-list-info\/ut-southwestern-transplant-center\/#primaryimage","url":"https:\/\/visionshare.org\/wp-content\/uploads\/utswmemberprofile2.jpg","contentUrl":"https:\/\/visionshare.org\/wp-content\/uploads\/utswmemberprofile2.jpg"},{"@type":"BreadcrumbList","@id":"https:\/\/visionshare.org\/member-list-info\/ut-southwestern-transplant-center\/#breadcrumb","itemListElement":[{"@type":"ListItem","position":1,"name":"Home","item":"https:\/\/visionshare.org\/"},{"@type":"ListItem","position":2,"name":"Vision Share Eye Bank Network","item":"https:\/\/visionshare.org\/member-list-info\/"},{"@type":"ListItem","position":3,"name":"UT Southwestern Transplant Services Center"}]},{"@type":"WebSite","@id":"https:\/\/visionshare.org\/#website","url":"https:\/\/visionshare.org\/","name":"Vision Share","description":"Votre source de confiance","publisher":{"@id":"https:\/\/visionshare.org\/#organization"},"potentialAction":[{"@type":"SearchAction","target":{"@type":"EntryPoint","urlTemplate":"https:\/\/visionshare.org\/?s={search_term_string}"},"query-input":{"@type":"PropertyValueSpecification","valueRequired":true,"valueName":"search_term_string"}}],"inLanguage":"fr-FR"},{"@type":"Organization","@id":"https:\/\/visionshare.org\/#organization","name":"Vision Share","url":"https:\/\/visionshare.org\/","logo":{"@type":"ImageObject","inLanguage":"fr-FR","@id":"https:\/\/visionshare.org\/#\/schema\/logo\/image\/","url":"https:\/\/visionshare.org\/wp-content\/uploads\/cropped-cropped-cropped-VS_Your-trusted-source-logo-01-PNG.png","contentUrl":"https:\/\/visionshare.org\/wp-content\/uploads\/cropped-cropped-cropped-VS_Your-trusted-source-logo-01-PNG.png","width":1655,"height":861,"caption":"Vision Share"},"image":{"@id":"https:\/\/visionshare.org\/#\/schema\/logo\/image\/"},"sameAs":["https:\/\/www.facebook.com\/visionshareinc","https:\/\/x.com\/Vision_Share","https:\/\/www.linkedin.com\/company\/visionsshare\/"]}]}},"_links":{"self":[{"href":"https:\/\/visionshare.org\/fr\/wp-json\/wp\/v2\/pages\/6761","targetHints":{"allow":["GET"]}}],"collection":[{"href":"https:\/\/visionshare.org\/fr\/wp-json\/wp\/v2\/pages"}],"about":[{"href":"https:\/\/visionshare.org\/fr\/wp-json\/wp\/v2\/types\/page"}],"author":[{"embeddable":true,"href":"https:\/\/visionshare.org\/fr\/wp-json\/wp\/v2\/users\/1"}],"replies":[{"embeddable":true,"href":"https:\/\/visionshare.org\/fr\/wp-json\/wp\/v2\/comments?post=6761"}],"version-history":[{"count":3,"href":"https:\/\/visionshare.org\/fr\/wp-json\/wp\/v2\/pages\/6761\/revisions"}],"predecessor-version":[{"id":11393,"href":"https:\/\/visionshare.org\/fr\/wp-json\/wp\/v2\/pages\/6761\/revisions\/11393"}],"up":[{"embeddable":true,"href":"https:\/\/visionshare.org\/fr\/wp-json\/wp\/v2\/pages\/1306"}],"wp:attachment":[{"href":"https:\/\/visionshare.org\/fr\/wp-json\/wp\/v2\/media?parent=6761"}],"curies":[{"name":"wp","href":"https:\/\/api.w.org\/{rel}","templated":true}]}}