{"id":6768,"date":"2024-10-10T16:48:56","date_gmt":"2024-10-10T21:48:56","guid":{"rendered":"https:\/\/visionshare.org\/?page_id=6768"},"modified":"2025-09-09T15:33:23","modified_gmt":"2025-09-09T20:33:23","slug":"sierra-donor-services-eye-bank","status":"publish","type":"page","link":"https:\/\/visionshare.org\/fr\/member-list-info\/sierra-donor-services-eye-bank\/","title":{"rendered":"Banque d'yeux Sierra Donor Services"},"content":{"rendered":"<div class=\"gb-container gb-container-d452ee7a\">\n<div class=\"gb-container gb-container-7d07da58 gbp-section__inner\">\n<div class=\"gb-container gb-container-9c385b46\">\n\n<figure class=\"gb-block-image gb-block-image-2c8b1d92\"><img loading=\"lazy\" decoding=\"async\" width=\"1200\" height=\"900\" class=\"gb-image gb-image-2c8b1d92\" src=\"https:\/\/visionshare.org\/wp-content\/uploads\/sierra-global-reach1.jpg\" alt=\"L&#039;\u00e9quipe de la banque des yeux de Sierra Donor Services.\" title=\"sierra-global-reach1\" srcset=\"https:\/\/visionshare.org\/wp-content\/uploads\/sierra-global-reach1.jpg 1200w, https:\/\/visionshare.org\/wp-content\/uploads\/sierra-global-reach1-300x225.jpg 300w, https:\/\/visionshare.org\/wp-content\/uploads\/sierra-global-reach1-1024x768.jpg 1024w, https:\/\/visionshare.org\/wp-content\/uploads\/sierra-global-reach1-768x576.jpg 768w, https:\/\/visionshare.org\/wp-content\/uploads\/sierra-global-reach1-500x375.jpg 500w, https:\/\/visionshare.org\/wp-content\/uploads\/sierra-global-reach1-700x525.jpg 700w\" sizes=\"auto, (max-width: 1200px) 100vw, 1200px\" \/><\/figure>\n\n<\/div>\n\n<div class=\"gb-container gb-container-00852ae2\">\n\n<h2 class=\"gb-headline gb-headline-663f7f47 gb-headline-text gbp-section__headline\">Mission et valeurs fondamentales<\/h2>\n\n\n\n<p class=\"gb-headline gb-headline-50c37c70 gb-headline-text gbp-section__text\">La mission de la Sierra Donor Services Eye Bank (SDSEB) est de \"sauver et d'am\u00e9liorer des vies\". Elle y parvient en favorisant un environnement o\u00f9 des professionnels d\u00e9sint\u00e9ress\u00e9s s'engagent \u00e0 changer des vies. En mettant l'accent sur les donneurs, les familles de donneurs et les vies de ceux qu'ils influencent, en \u00e9tant un membre stable de la communaut\u00e9 et en mettant les patients au premier plan, ils peuvent maximiser le don de la vue.<\/p>\n\n<\/div>\n<\/div>\n\n<div class=\"gb-container gb-container-7295cd14 gbp-section__inner\">\n<div class=\"gb-container gb-container-8800a765 mobile-reverse-container-1\">\n\n<h2 class=\"gb-headline gb-headline-1ef69c29 gb-headline-text gbp-section__headline\">Histoire et port\u00e9e mondiale<\/h2>\n\n\n\n<p>Sierra Donor Services Eye Bank (SDSEB) est un r\u00e9seau de donneurs \u00e0 but non lucratif qui facilite le don de la vue dans les \u00c9tats de Californie, du Nouveau-Mexique, du Nevada et du Tennessee. La SDSEB fait partie de la famille d'organisations d'approvisionnement en organes et en tissus DCI Donor Services, Inc.<\/p>\n\n\n\n<p>La SDSEB offre le don de la vue depuis 50 ans. Issue des Lions Clubs locaux qui desservaient leur r\u00e9gion, cette agence \u00e0 but non lucratif travaille avec des m\u00e9decins partenaires aux \u00c9tats-Unis et dans le monde entier pour lutter contre la c\u00e9cit\u00e9 traitable et \u00e9vitable en fournissant du tissu corn\u00e9en \u00e0 des fins de transplantation. La SDSEB estime que toute personne dans le besoin m\u00e9rite le don de la vue. En 2024, SDSEB a distribu\u00e9 du tissu corn\u00e9en dans plus de 30 pays et a collabor\u00e9 avec des m\u00e9decins pour fournir des soins ophtalmologiques qui changent la vie des patients afin de leur apporter une meilleure qualit\u00e9 de vie.<\/p>\n\n\n\n<p>La SDSEB est \u00e9galement impliqu\u00e9e dans des initiatives de formation visant \u00e0 d\u00e9velopper les banques oculaires dans les pays en voie de d\u00e9veloppement. Il a accueilli des m\u00e9decins, des infirmi\u00e8res ophtalmologistes et des techniciens de banques d'yeux de divers pays d'Am\u00e9rique centrale et d'Am\u00e9rique du Sud afin de d\u00e9velopper les connaissances, la s\u00e9curit\u00e9 et la durabilit\u00e9 des banques d'yeux \u00e0 l'\u00e9chelle internationale.<\/p>\n\n<\/div>\n\n<div class=\"gb-container gb-container-6b58214d mobile-reverse-container-2\">\n\n<figure class=\"gb-block-image gb-block-image-c3c5b2b9\"><img loading=\"lazy\" decoding=\"async\" width=\"1200\" height=\"834\" class=\"gb-image gb-image-c3c5b2b9\" src=\"https:\/\/visionshare.org\/wp-content\/uploads\/sierradonorservicesmap-2024.jpg\" alt=\"Carte du monde montrant les 30+ pays auxquels Sierra Donor Services a distribu\u00e9 du tissu corn\u00e9en en 2024.\" title=\"sierradonorservicesmap-2024\" srcset=\"https:\/\/visionshare.org\/wp-content\/uploads\/sierradonorservicesmap-2024.jpg 1200w, https:\/\/visionshare.org\/wp-content\/uploads\/sierradonorservicesmap-2024-300x209.jpg 300w, https:\/\/visionshare.org\/wp-content\/uploads\/sierradonorservicesmap-2024-1024x712.jpg 1024w, https:\/\/visionshare.org\/wp-content\/uploads\/sierradonorservicesmap-2024-768x534.jpg 768w, https:\/\/visionshare.org\/wp-content\/uploads\/sierradonorservicesmap-2024-500x348.jpg 500w, https:\/\/visionshare.org\/wp-content\/uploads\/sierradonorservicesmap-2024-700x487.jpg 700w\" sizes=\"auto, (max-width: 1200px) 100vw, 1200px\" \/><\/figure>\n\n<\/div>\n<\/div>\n\n<div class=\"gb-container gb-container-a0368a4e gbp-section__inner\">\n<div class=\"gb-container gb-container-3120ff1a\">\n<div class=\"gb-container gb-container-e560db6a\">\n<div class=\"gb-container gb-container-2e83002b gbp-section\">\n<div class=\"gb-container gb-container-180e0582 gbp-section__inner\">\n<div class=\"gb-container gb-container-a0f98063\">\n\n<h2 class=\"gb-headline gb-headline-7abefd36 gb-headline-text gbp-section__headline\">Efforts humanitaires<\/h2>\n\n\n\n<p>SDSEB continue \u00e0 faire une diff\u00e9rence profonde en redonnant la vue \u00e0 des patients dans le besoin, tant au niveau national qu'international, tout en respectant les normes les plus \u00e9lev\u00e9es en mati\u00e8re de s\u00e9curit\u00e9 et de contr\u00f4le de la qualit\u00e9. Ses efforts humanitaires ont \u00e9t\u00e9 consid\u00e9rables, soutenant des missions dans des r\u00e9gions telles que les Cara\u00efbes, l'Am\u00e9rique du Sud, l'Am\u00e9rique centrale, l'Afrique et l'Asie. Depuis le d\u00e9but des ann\u00e9es 2000, elle a fourni des tissus corn\u00e9ens \u00e0 plus de 10 000 patients dans le monde.<\/p>\n\n\n<div class=\"gb-container gb-container-4bd041a8\">\n\n<a class=\"gb-button gb-button-e89fb59f gb-button-text gbp-button--primary\" href=\"https:\/\/sierraeyebank.dcids.org\/\" target=\"_blank\" rel=\"noopener noreferrer\">Visitez leur site web<\/a>\n\n<\/div>\n<\/div>\n<\/div>\n<\/div>\n<\/div>\n<\/div>\n<\/div>\n<\/div>","protected":false},"excerpt":{"rendered":"<p>Mission and Core Values Sierra Donor Services Eye Bank\u2019s (SDSEB) mission is to \u201csave and improve lives.\u201d They do this by fostering an environment where &#8230; <a title=\"Banque d&#039;yeux Sierra Donor Services\" class=\"read-more\" href=\"https:\/\/visionshare.org\/fr\/member-list-info\/sierra-donor-services-eye-bank\/\" aria-label=\"En savoir plus sur Sierra Donor Services Eye Bank\">Lire plus<\/a><\/p>","protected":false},"author":1,"featured_media":9664,"parent":1306,"menu_order":0,"comment_status":"closed","ping_status":"closed","template":"","meta":{"_acf_changed":false,"footnotes":""},"class_list":["post-6768","page","type-page","status-publish","has-post-thumbnail"],"acf":[],"yoast_head":"<!-- This site is optimized with the Yoast SEO plugin v27.4 - https:\/\/yoast.com\/product\/yoast-seo-wordpress\/ -->\n<title>Sierra Donor Services Eye Bank - Vision Share<\/title>\n<meta name=\"description\" content=\"Sierra Donor Services Eye Bank is a part of the Vision Share network of eye banks. They have been providing the gift of sight for 50 years.\" \/>\n<meta name=\"robots\" content=\"index, follow, max-snippet:-1, max-image-preview:large, max-video-preview:-1\" \/>\n<link rel=\"canonical\" href=\"https:\/\/visionshare.org\/fr\/liste-des-membres\/sierra-donor-services-eye-bank\/\" \/>\n<meta property=\"og:locale\" content=\"fr_FR\" \/>\n<meta property=\"og:type\" content=\"article\" \/>\n<meta property=\"og:title\" content=\"Sierra Donor Services Eye Bank - Vision Share\" \/>\n<meta property=\"og:description\" content=\"Sierra Donor Services Eye Bank is a part of the Vision Share network of eye banks. They have been providing the gift of sight for 50 years.\" \/>\n<meta property=\"og:url\" content=\"https:\/\/visionshare.org\/fr\/liste-des-membres\/sierra-donor-services-eye-bank\/\" \/>\n<meta property=\"og:site_name\" content=\"Vision Share\" \/>\n<meta property=\"article:publisher\" content=\"https:\/\/www.facebook.com\/visionshareinc\" \/>\n<meta property=\"article:modified_time\" content=\"2025-09-09T20:33:23+00:00\" \/>\n<meta property=\"og:image\" content=\"https:\/\/visionshare.org\/wp-content\/uploads\/sierra-page-header1.jpg\" \/>\n\t<meta property=\"og:image:width\" content=\"1920\" \/>\n\t<meta property=\"og:image:height\" content=\"1440\" \/>\n\t<meta property=\"og:image:type\" content=\"image\/jpeg\" \/>\n<meta name=\"twitter:card\" content=\"summary_large_image\" \/>\n<meta name=\"twitter:site\" content=\"@Vision_Share\" \/>\n<meta name=\"twitter:label1\" content=\"Dur\u00e9e de lecture estim\u00e9e\" \/>\n\t<meta name=\"twitter:data1\" content=\"2 minutes\" \/>\n<script type=\"application\/ld+json\" class=\"yoast-schema-graph\">{\"@context\":\"https:\\\/\\\/schema.org\",\"@graph\":[{\"@type\":\"WebPage\",\"@id\":\"https:\\\/\\\/visionshare.org\\\/member-list-info\\\/sierra-donor-services-eye-bank\\\/\",\"url\":\"https:\\\/\\\/visionshare.org\\\/member-list-info\\\/sierra-donor-services-eye-bank\\\/\",\"name\":\"Sierra Donor Services Eye Bank - Vision Share\",\"isPartOf\":{\"@id\":\"https:\\\/\\\/visionshare.org\\\/#website\"},\"primaryImageOfPage\":{\"@id\":\"https:\\\/\\\/visionshare.org\\\/member-list-info\\\/sierra-donor-services-eye-bank\\\/#primaryimage\"},\"image\":{\"@id\":\"https:\\\/\\\/visionshare.org\\\/member-list-info\\\/sierra-donor-services-eye-bank\\\/#primaryimage\"},\"thumbnailUrl\":\"https:\\\/\\\/visionshare.org\\\/wp-content\\\/uploads\\\/sierra-page-header1.jpg\",\"datePublished\":\"2024-10-10T21:48:56+00:00\",\"dateModified\":\"2025-09-09T20:33:23+00:00\",\"description\":\"Sierra Donor Services Eye Bank is a part of the Vision Share network of eye banks. They have been providing the gift of sight for 50 years.\",\"breadcrumb\":{\"@id\":\"https:\\\/\\\/visionshare.org\\\/member-list-info\\\/sierra-donor-services-eye-bank\\\/#breadcrumb\"},\"inLanguage\":\"fr-FR\",\"potentialAction\":[{\"@type\":\"ReadAction\",\"target\":[\"https:\\\/\\\/visionshare.org\\\/member-list-info\\\/sierra-donor-services-eye-bank\\\/\"]}]},{\"@type\":\"ImageObject\",\"inLanguage\":\"fr-FR\",\"@id\":\"https:\\\/\\\/visionshare.org\\\/member-list-info\\\/sierra-donor-services-eye-bank\\\/#primaryimage\",\"url\":\"https:\\\/\\\/visionshare.org\\\/wp-content\\\/uploads\\\/sierra-page-header1.jpg\",\"contentUrl\":\"https:\\\/\\\/visionshare.org\\\/wp-content\\\/uploads\\\/sierra-page-header1.jpg\",\"width\":1920,\"height\":1440,\"caption\":\"sierra-page-header1\"},{\"@type\":\"BreadcrumbList\",\"@id\":\"https:\\\/\\\/visionshare.org\\\/member-list-info\\\/sierra-donor-services-eye-bank\\\/#breadcrumb\",\"itemListElement\":[{\"@type\":\"ListItem\",\"position\":1,\"name\":\"Home\",\"item\":\"https:\\\/\\\/visionshare.org\\\/\"},{\"@type\":\"ListItem\",\"position\":2,\"name\":\"Vision Share Eye Bank Network\",\"item\":\"https:\\\/\\\/visionshare.org\\\/member-list-info\\\/\"},{\"@type\":\"ListItem\",\"position\":3,\"name\":\"Sierra Donor Services Eye Bank\"}]},{\"@type\":\"WebSite\",\"@id\":\"https:\\\/\\\/visionshare.org\\\/#website\",\"url\":\"https:\\\/\\\/visionshare.org\\\/\",\"name\":\"Vision Share\",\"description\":\"Your Trusted Source\",\"publisher\":{\"@id\":\"https:\\\/\\\/visionshare.org\\\/#organization\"},\"potentialAction\":[{\"@type\":\"SearchAction\",\"target\":{\"@type\":\"EntryPoint\",\"urlTemplate\":\"https:\\\/\\\/visionshare.org\\\/?s={search_term_string}\"},\"query-input\":{\"@type\":\"PropertyValueSpecification\",\"valueRequired\":true,\"valueName\":\"search_term_string\"}}],\"inLanguage\":\"fr-FR\"},{\"@type\":\"Organization\",\"@id\":\"https:\\\/\\\/visionshare.org\\\/#organization\",\"name\":\"Vision Share\",\"url\":\"https:\\\/\\\/visionshare.org\\\/\",\"logo\":{\"@type\":\"ImageObject\",\"inLanguage\":\"fr-FR\",\"@id\":\"https:\\\/\\\/visionshare.org\\\/#\\\/schema\\\/logo\\\/image\\\/\",\"url\":\"https:\\\/\\\/visionshare.org\\\/wp-content\\\/uploads\\\/cropped-cropped-cropped-VS_Your-trusted-source-logo-01-PNG.png\",\"contentUrl\":\"https:\\\/\\\/visionshare.org\\\/wp-content\\\/uploads\\\/cropped-cropped-cropped-VS_Your-trusted-source-logo-01-PNG.png\",\"width\":1655,\"height\":861,\"caption\":\"Vision Share\"},\"image\":{\"@id\":\"https:\\\/\\\/visionshare.org\\\/#\\\/schema\\\/logo\\\/image\\\/\"},\"sameAs\":[\"https:\\\/\\\/www.facebook.com\\\/visionshareinc\",\"https:\\\/\\\/x.com\\\/Vision_Share\",\"https:\\\/\\\/www.linkedin.com\\\/company\\\/visionsshare\\\/\"]}]}<\/script>\n<!-- \/ Yoast SEO plugin. -->","yoast_head_json":{"title":"Banque d'yeux Sierra Donor Services - Vision Share","description":"Sierra Donor Services Eye Bank fait partie du r\u00e9seau de banques d\u2019yeux Vision Share. Elle offre le don de la vue depuis 50 ans.","robots":{"index":"index","follow":"follow","max-snippet":"max-snippet:-1","max-image-preview":"max-image-preview:large","max-video-preview":"max-video-preview:-1"},"canonical":"https:\/\/visionshare.org\/fr\/liste-des-membres\/sierra-donor-services-eye-bank\/","og_locale":"fr_FR","og_type":"article","og_title":"Sierra Donor Services Eye Bank - Vision Share","og_description":"Sierra Donor Services Eye Bank is a part of the Vision Share network of eye banks. They have been providing the gift of sight for 50 years.","og_url":"https:\/\/visionshare.org\/fr\/liste-des-membres\/sierra-donor-services-eye-bank\/","og_site_name":"Vision Share","article_publisher":"https:\/\/www.facebook.com\/visionshareinc","article_modified_time":"2025-09-09T20:33:23+00:00","og_image":[{"width":1920,"height":1440,"url":"https:\/\/visionshare.org\/wp-content\/uploads\/sierra-page-header1.jpg","type":"image\/jpeg"}],"twitter_card":"summary_large_image","twitter_site":"@Vision_Share","twitter_misc":{"Dur\u00e9e de lecture estim\u00e9e":"2 minutes"},"schema":{"@context":"https:\/\/schema.org","@graph":[{"@type":"WebPage","@id":"https:\/\/visionshare.org\/member-list-info\/sierra-donor-services-eye-bank\/","url":"https:\/\/visionshare.org\/member-list-info\/sierra-donor-services-eye-bank\/","name":"Banque d'yeux Sierra Donor Services - Vision Share","isPartOf":{"@id":"https:\/\/visionshare.org\/#website"},"primaryImageOfPage":{"@id":"https:\/\/visionshare.org\/member-list-info\/sierra-donor-services-eye-bank\/#primaryimage"},"image":{"@id":"https:\/\/visionshare.org\/member-list-info\/sierra-donor-services-eye-bank\/#primaryimage"},"thumbnailUrl":"https:\/\/visionshare.org\/wp-content\/uploads\/sierra-page-header1.jpg","datePublished":"2024-10-10T21:48:56+00:00","dateModified":"2025-09-09T20:33:23+00:00","description":"Sierra Donor Services Eye Bank fait partie du r\u00e9seau de banques d\u2019yeux Vision Share. Elle offre le don de la vue depuis 50 ans.","breadcrumb":{"@id":"https:\/\/visionshare.org\/member-list-info\/sierra-donor-services-eye-bank\/#breadcrumb"},"inLanguage":"fr-FR","potentialAction":[{"@type":"ReadAction","target":["https:\/\/visionshare.org\/member-list-info\/sierra-donor-services-eye-bank\/"]}]},{"@type":"ImageObject","inLanguage":"fr-FR","@id":"https:\/\/visionshare.org\/member-list-info\/sierra-donor-services-eye-bank\/#primaryimage","url":"https:\/\/visionshare.org\/wp-content\/uploads\/sierra-page-header1.jpg","contentUrl":"https:\/\/visionshare.org\/wp-content\/uploads\/sierra-page-header1.jpg","width":1920,"height":1440,"caption":"sierra-page-header1"},{"@type":"BreadcrumbList","@id":"https:\/\/visionshare.org\/member-list-info\/sierra-donor-services-eye-bank\/#breadcrumb","itemListElement":[{"@type":"ListItem","position":1,"name":"Home","item":"https:\/\/visionshare.org\/"},{"@type":"ListItem","position":2,"name":"Vision Share Eye Bank Network","item":"https:\/\/visionshare.org\/member-list-info\/"},{"@type":"ListItem","position":3,"name":"Sierra Donor Services Eye Bank"}]},{"@type":"WebSite","@id":"https:\/\/visionshare.org\/#website","url":"https:\/\/visionshare.org\/","name":"Vision Share","description":"Votre source de confiance","publisher":{"@id":"https:\/\/visionshare.org\/#organization"},"potentialAction":[{"@type":"SearchAction","target":{"@type":"EntryPoint","urlTemplate":"https:\/\/visionshare.org\/?s={search_term_string}"},"query-input":{"@type":"PropertyValueSpecification","valueRequired":true,"valueName":"search_term_string"}}],"inLanguage":"fr-FR"},{"@type":"Organization","@id":"https:\/\/visionshare.org\/#organization","name":"Vision Share","url":"https:\/\/visionshare.org\/","logo":{"@type":"ImageObject","inLanguage":"fr-FR","@id":"https:\/\/visionshare.org\/#\/schema\/logo\/image\/","url":"https:\/\/visionshare.org\/wp-content\/uploads\/cropped-cropped-cropped-VS_Your-trusted-source-logo-01-PNG.png","contentUrl":"https:\/\/visionshare.org\/wp-content\/uploads\/cropped-cropped-cropped-VS_Your-trusted-source-logo-01-PNG.png","width":1655,"height":861,"caption":"Vision Share"},"image":{"@id":"https:\/\/visionshare.org\/#\/schema\/logo\/image\/"},"sameAs":["https:\/\/www.facebook.com\/visionshareinc","https:\/\/x.com\/Vision_Share","https:\/\/www.linkedin.com\/company\/visionsshare\/"]}]}},"_links":{"self":[{"href":"https:\/\/visionshare.org\/fr\/wp-json\/wp\/v2\/pages\/6768","targetHints":{"allow":["GET"]}}],"collection":[{"href":"https:\/\/visionshare.org\/fr\/wp-json\/wp\/v2\/pages"}],"about":[{"href":"https:\/\/visionshare.org\/fr\/wp-json\/wp\/v2\/types\/page"}],"author":[{"embeddable":true,"href":"https:\/\/visionshare.org\/fr\/wp-json\/wp\/v2\/users\/1"}],"replies":[{"embeddable":true,"href":"https:\/\/visionshare.org\/fr\/wp-json\/wp\/v2\/comments?post=6768"}],"version-history":[{"count":10,"href":"https:\/\/visionshare.org\/fr\/wp-json\/wp\/v2\/pages\/6768\/revisions"}],"predecessor-version":[{"id":13834,"href":"https:\/\/visionshare.org\/fr\/wp-json\/wp\/v2\/pages\/6768\/revisions\/13834"}],"up":[{"embeddable":true,"href":"https:\/\/visionshare.org\/fr\/wp-json\/wp\/v2\/pages\/1306"}],"wp:featuredmedia":[{"embeddable":true,"href":"https:\/\/visionshare.org\/fr\/wp-json\/wp\/v2\/media\/9664"}],"wp:attachment":[{"href":"https:\/\/visionshare.org\/fr\/wp-json\/wp\/v2\/media?parent=6768"}],"curies":[{"name":"wp","href":"https:\/\/api.w.org\/{rel}","templated":true}]}}