{"id":6785,"date":"2024-10-10T17:12:28","date_gmt":"2024-10-10T22:12:28","guid":{"rendered":"https:\/\/visionshare.org\/?page_id=6785"},"modified":"2025-10-20T19:08:37","modified_gmt":"2025-10-21T00:08:37","slug":"la-banque-des-yeux-du-kentucky","status":"publish","type":"page","link":"https:\/\/visionshare.org\/fr\/member-list-info\/the-eye-bank-of-kentucky\/","title":{"rendered":"La banque des yeux du Kentucky"},"content":{"rendered":"<div class=\"gb-container gb-container-d452ee7a\">\n<div class=\"gb-container gb-container-7d07da58 gbp-section__inner\">\n<div class=\"gb-container gb-container-9c385b46\">\n\n<figure class=\"gb-block-image gb-block-image-2c8b1d92\"><img loading=\"lazy\" decoding=\"async\" width=\"1200\" height=\"800\" class=\"gb-image gb-image-2c8b1d92\" src=\"https:\/\/visionshare.org\/wp-content\/uploads\/ebky-page1image.jpg\" alt=\"Traitement des tissus de corn\u00e9e par l&#039;Eye Bank of Kentucky\" title=\"ebky-page1image\" srcset=\"https:\/\/visionshare.org\/wp-content\/uploads\/ebky-page1image.jpg 1200w, https:\/\/visionshare.org\/wp-content\/uploads\/ebky-page1image-300x200.jpg 300w, https:\/\/visionshare.org\/wp-content\/uploads\/ebky-page1image-1024x683.jpg 1024w, https:\/\/visionshare.org\/wp-content\/uploads\/ebky-page1image-768x512.jpg 768w, https:\/\/visionshare.org\/wp-content\/uploads\/ebky-page1image-500x333.jpg 500w, https:\/\/visionshare.org\/wp-content\/uploads\/ebky-page1image-700x467.jpg 700w\" sizes=\"auto, (max-width: 1200px) 100vw, 1200px\" \/><\/figure>\n\n<\/div>\n\n<div class=\"gb-container gb-container-00852ae2\">\n\n<h2 class=\"gb-headline gb-headline-663f7f47 gb-headline-text gbp-section__headline\">L'histoire<\/h2>\n\n\n\n<p class=\"gb-headline gb-headline-50c37c70 gb-headline-text gbp-section__text\">La banque oculaire du Kentucky a une longue histoire ancr\u00e9e dans les principes des banques de tissus \u00e0 but non lucratif et ax\u00e9es sur la communaut\u00e9. Cr\u00e9\u00e9e \u00e0 l'origine dans le cadre du r\u00e9seau plus large des banques de corn\u00e9es des Lions du Kentucky, elle est finalement devenue une entit\u00e9 ind\u00e9pendante, ce qui lui a permis de se concentrer sur la croissance et le d\u00e9veloppement au sein de l'\u00c9tat. <\/p>\n\n\n\n<p>L'h\u00e9ritage de la banque d'yeux a commenc\u00e9 par de petits efforts communautaires pour r\u00e9cup\u00e9rer et stocker le tissu corn\u00e9en et s'est d\u00e9velopp\u00e9 en une op\u00e9ration \u00e0 l'\u00e9chelle de l'\u00c9tat qui collabore \u00e9troitement avec les professionnels de la sant\u00e9 pour mettre en relation le tissu corn\u00e9en avec les personnes qui en ont besoin.<\/p>\n\n<\/div>\n<\/div>\n\n<div class=\"gb-container gb-container-7295cd14 gbp-section__inner\">\n<div class=\"gb-container gb-container-8800a765 mobile-reverse-container-1\">\n\n<h2 class=\"gb-headline gb-headline-f9e3a6af gb-headline-text gbp-section__headline\">Mission et valeurs<\/h2>\n\n\n\n<p>L'Eye Bank of Kentucky se consacre \u00e0 la restauration de la vue par le biais de greffes de corn\u00e9e, de la recherche oculaire et de l'\u00e9ducation m\u00e9dicale. Elle met \u00e9galement l'accent sur la promotion de l'importance des dons d'yeux, d'organes et de tissus. L'organisation d\u00e9fend des valeurs de compassion, de respect des donneurs et de leurs familles, et s'engage \u00e0 respecter les normes les plus strictes en mati\u00e8re de qualit\u00e9, de s\u00e9curit\u00e9 et de r\u00e9sultats positifs pour les patients. Ces valeurs sont au c\u0153ur de sa mission : transformer des vies gr\u00e2ce au don de la vue.<\/p>\n\n<\/div>\n\n<div class=\"gb-container gb-container-6b58214d mobile-reverse-container-2\">\n\n<figure class=\"gb-block-image gb-block-image-c3c5b2b9\"><img loading=\"lazy\" decoding=\"async\" width=\"1200\" height=\"800\" class=\"gb-image gb-image-c3c5b2b9\" src=\"https:\/\/visionshare.org\/wp-content\/uploads\/cpivoneyspeaker.jpg\" alt=\"Charles Pivoney remporte le prix Heise\" title=\"cpivoneyspeaker\" srcset=\"https:\/\/visionshare.org\/wp-content\/uploads\/cpivoneyspeaker.jpg 1200w, https:\/\/visionshare.org\/wp-content\/uploads\/cpivoneyspeaker-300x200.jpg 300w, https:\/\/visionshare.org\/wp-content\/uploads\/cpivoneyspeaker-1024x683.jpg 1024w, https:\/\/visionshare.org\/wp-content\/uploads\/cpivoneyspeaker-768x512.jpg 768w, https:\/\/visionshare.org\/wp-content\/uploads\/cpivoneyspeaker-500x333.jpg 500w, https:\/\/visionshare.org\/wp-content\/uploads\/cpivoneyspeaker-700x467.jpg 700w\" sizes=\"auto, (max-width: 1200px) 100vw, 1200px\" \/><\/figure>\n\n<\/div>\n<\/div>\n\n<div class=\"gb-container gb-container-d1339a43 gbp-section__inner\">\n<div class=\"gb-container gb-container-b8cec7d4\">\n\n<figure class=\"gb-block-image gb-block-image-ca505df4\"><img loading=\"lazy\" decoding=\"async\" width=\"1200\" height=\"900\" class=\"gb-image gb-image-ca505df4\" src=\"https:\/\/visionshare.org\/wp-content\/uploads\/ebky-team.jpg\" alt=\"Charles Pivoney avec son \u00e9quipe\" title=\"\u00e9quipe ebky\" srcset=\"https:\/\/visionshare.org\/wp-content\/uploads\/ebky-team.jpg 1200w, https:\/\/visionshare.org\/wp-content\/uploads\/ebky-team-300x225.jpg 300w, https:\/\/visionshare.org\/wp-content\/uploads\/ebky-team-1024x768.jpg 1024w, https:\/\/visionshare.org\/wp-content\/uploads\/ebky-team-768x576.jpg 768w, https:\/\/visionshare.org\/wp-content\/uploads\/ebky-team-500x375.jpg 500w, https:\/\/visionshare.org\/wp-content\/uploads\/ebky-team-700x525.jpg 700w\" sizes=\"auto, (max-width: 1200px) 100vw, 1200px\" \/><\/figure>\n\n<\/div>\n\n<div class=\"gb-container gb-container-844ef4bb\">\n\n<h2 class=\"gb-headline gb-headline-da595920 gb-headline-text gbp-section__headline\">Impact et contributions<\/h2>\n\n\n\n<p>L'Eye Bank of Kentucky a contribu\u00e9 de mani\u00e8re substantielle \u00e0 la restauration de la vue dans tout l'\u00c9tat. En r\u00e9cup\u00e9rant, en \u00e9valuant et en distribuant les corn\u00e9es donn\u00e9es, elle a consid\u00e9rablement am\u00e9lior\u00e9 la qualit\u00e9 de vie de nombreux habitants du Kentucky. Ses travaux en mati\u00e8re de recherche oculaire font \u00e9galement progresser les connaissances m\u00e9dicales, tandis que ses initiatives \u00e9ducatives contribuent \u00e0 sensibiliser la population \u00e0 l'importance du don. En \u00e9tablissant des partenariats avec des professionnels de la sant\u00e9 et des organisations communautaires, la Banque des yeux continue d'\u00e9tendre son impact.<\/p>\n\n<\/div>\n<\/div>\n\n<div class=\"gb-container gb-container-155551ef gbp-section__inner\">\n<div class=\"gb-container gb-container-929181d5 mobile-reverse-container-1\">\n\n<h2 class=\"gb-headline gb-headline-8d48dde1 gb-headline-text gbp-section__headline\">Prix<\/h2>\n\n\n\n<p>Charles Pivoney, pr\u00e9sident de l'Eye Bank of Kentucky, a \u00e9t\u00e9 le laur\u00e9at 2024 du prestigieux prix Heise. Ce prix est d\u00e9cern\u00e9 chaque ann\u00e9e \u00e0 des banquiers oculaires non m\u00e9dicaux en reconnaissance de leur d\u00e9vouement exceptionnel au d\u00e9veloppement de l'Eye Bank Association of America et pour avoir illustr\u00e9 les pr\u00e9ceptes de Leonard Heise, un contributeur majeur \u00e0 la lutte contre la c\u00e9cit\u00e9 et l'un des fondateurs de l'EBAA.<\/p>\n\n<\/div>\n\n<div class=\"gb-container gb-container-e25a389d mobile-reverse-container-2\">\n\n<figure class=\"gb-block-image gb-block-image-fdbb17b1\"><img loading=\"lazy\" decoding=\"async\" width=\"1200\" height=\"857\" class=\"gb-image gb-image-fdbb17b1\" src=\"https:\/\/visionshare.org\/wp-content\/uploads\/EBKYHeiseAward.jpg\" alt=\"Laur\u00e9at du prix Heise - EBKY\" title=\"Prix EBKYHeise\" srcset=\"https:\/\/visionshare.org\/wp-content\/uploads\/EBKYHeiseAward.jpg 1200w, https:\/\/visionshare.org\/wp-content\/uploads\/EBKYHeiseAward-300x214.jpg 300w, https:\/\/visionshare.org\/wp-content\/uploads\/EBKYHeiseAward-1024x731.jpg 1024w, https:\/\/visionshare.org\/wp-content\/uploads\/EBKYHeiseAward-768x548.jpg 768w, https:\/\/visionshare.org\/wp-content\/uploads\/EBKYHeiseAward-500x357.jpg 500w, https:\/\/visionshare.org\/wp-content\/uploads\/EBKYHeiseAward-700x500.jpg 700w\" sizes=\"auto, (max-width: 1200px) 100vw, 1200px\" \/><\/figure>\n\n<\/div>\n<\/div>\n\n<div class=\"gb-container gb-container-a0368a4e gbp-section__inner\">\n<div class=\"gb-container gb-container-3120ff1a\">\n<div class=\"gb-container gb-container-e560db6a\">\n<div class=\"gb-container gb-container-2e83002b gbp-section\">\n<div class=\"gb-container gb-container-180e0582 gbp-section__inner\">\n<div class=\"gb-container gb-container-a0f98063\">\n\n<h2 class=\"gb-headline gb-headline-7abefd36 gb-headline-text gbp-section__headline\">Engagement communautaire<\/h2>\n\n\n\n<p>L'implication de la communaut\u00e9 est essentielle au succ\u00e8s de la Banque d'yeux. L'organisation collabore fr\u00e9quemment avec d'autres organisations \u00e0 but non lucratif et s'engage dans des campagnes d'\u00e9ducation du public pour sensibiliser au don d'organes et de tissus. Sa participation \u00e0 \"Network for Hope\" \u00e0 Cincinnati contribue \u00e0 promouvoir l'enregistrement des donneurs d'organes et de tissus dans tout le Kentucky, l'Ohio, l'Indiana et la Virginie-Occidentale. En outre, elle veille \u00e0 ce que les donneurs et leurs familles soient honor\u00e9s et respect\u00e9s, reconnaissant ainsi l'impact profond de leur g\u00e9n\u00e9rosit\u00e9.<\/p>\n\n\n<div class=\"gb-container gb-container-4bd041a8\">\n\n<a class=\"gb-button gb-button-e89fb59f gb-button-text gbp-button--primary\" href=\"https:\/\/www.ebky.org\/\" target=\"_blank\" rel=\"noopener noreferrer\">Visitez leur nouveau site web<\/a>\n\n<\/div>\n<\/div>\n<\/div>\n<\/div>\n<\/div>\n<\/div>\n<\/div>\n<\/div>\n\n\n<p><\/p>","protected":false},"excerpt":{"rendered":"<p>History The Eye Bank of Kentucky has a long history rooted in the principles of nonprofit, community-focused tissue banking. Originally established as part of the &#8230; <a title=\"La banque des yeux du Kentucky\" class=\"read-more\" href=\"https:\/\/visionshare.org\/fr\/member-list-info\/the-eye-bank-of-kentucky\/\" aria-label=\"En savoir plus sur The Eye Bank Of Kentucky\">Lire plus<\/a><\/p>","protected":false},"author":1,"featured_media":0,"parent":1306,"menu_order":0,"comment_status":"closed","ping_status":"closed","template":"","meta":{"_acf_changed":false,"footnotes":""},"class_list":["post-6785","page","type-page","status-publish"],"acf":[],"yoast_head":"<!-- This site is optimized with the Yoast SEO plugin v27.6 - https:\/\/yoast.com\/product\/yoast-seo-wordpress\/ -->\n<title>The Eye Bank Of Kentucky - Vision Share<\/title>\n<meta name=\"description\" content=\"Interested in learning more about the Eye Bank of Kentucky? View our member eye bank&#039;s information on this page.\" \/>\n<meta name=\"robots\" content=\"index, follow, max-snippet:-1, max-image-preview:large, max-video-preview:-1\" \/>\n<link rel=\"canonical\" href=\"https:\/\/visionshare.org\/fr\/liste-des-membres\/la-banque-des-yeux-du-kentucky\/\" \/>\n<meta property=\"og:locale\" content=\"fr_FR\" \/>\n<meta property=\"og:type\" content=\"article\" \/>\n<meta property=\"og:title\" content=\"The Eye Bank Of Kentucky - Vision Share\" \/>\n<meta property=\"og:description\" content=\"Interested in learning more about the Eye Bank of Kentucky? View our member eye bank&#039;s information on this page.\" \/>\n<meta property=\"og:url\" content=\"https:\/\/visionshare.org\/fr\/liste-des-membres\/la-banque-des-yeux-du-kentucky\/\" \/>\n<meta property=\"og:site_name\" content=\"Vision Share\" \/>\n<meta property=\"article:publisher\" content=\"https:\/\/www.facebook.com\/visionshareinc\" \/>\n<meta property=\"article:modified_time\" content=\"2025-10-21T00:08:37+00:00\" \/>\n<meta property=\"og:image\" content=\"https:\/\/visionshare.org\/wp-content\/uploads\/ebky-page1image.jpg\" \/>\n<meta name=\"twitter:card\" content=\"summary_large_image\" \/>\n<meta name=\"twitter:site\" content=\"@Vision_Share\" \/>\n<meta name=\"twitter:label1\" content=\"Dur\u00e9e de lecture estim\u00e9e\" \/>\n\t<meta name=\"twitter:data1\" content=\"3 minutes\" \/>\n<script type=\"application\/ld+json\" class=\"yoast-schema-graph\">{\"@context\":\"https:\\\/\\\/schema.org\",\"@graph\":[{\"@type\":\"WebPage\",\"@id\":\"https:\\\/\\\/visionshare.org\\\/member-list-info\\\/the-eye-bank-of-kentucky\\\/\",\"url\":\"https:\\\/\\\/visionshare.org\\\/member-list-info\\\/the-eye-bank-of-kentucky\\\/\",\"name\":\"The Eye Bank Of Kentucky - Vision Share\",\"isPartOf\":{\"@id\":\"https:\\\/\\\/visionshare.org\\\/#website\"},\"primaryImageOfPage\":{\"@id\":\"https:\\\/\\\/visionshare.org\\\/member-list-info\\\/the-eye-bank-of-kentucky\\\/#primaryimage\"},\"image\":{\"@id\":\"https:\\\/\\\/visionshare.org\\\/member-list-info\\\/the-eye-bank-of-kentucky\\\/#primaryimage\"},\"thumbnailUrl\":\"https:\\\/\\\/visionshare.org\\\/wp-content\\\/uploads\\\/ebky-page1image.jpg\",\"datePublished\":\"2024-10-10T22:12:28+00:00\",\"dateModified\":\"2025-10-21T00:08:37+00:00\",\"description\":\"Interested in learning more about the Eye Bank of Kentucky? View our member eye bank's information on this page.\",\"breadcrumb\":{\"@id\":\"https:\\\/\\\/visionshare.org\\\/member-list-info\\\/the-eye-bank-of-kentucky\\\/#breadcrumb\"},\"inLanguage\":\"fr-FR\",\"potentialAction\":[{\"@type\":\"ReadAction\",\"target\":[\"https:\\\/\\\/visionshare.org\\\/member-list-info\\\/the-eye-bank-of-kentucky\\\/\"]}]},{\"@type\":\"ImageObject\",\"inLanguage\":\"fr-FR\",\"@id\":\"https:\\\/\\\/visionshare.org\\\/member-list-info\\\/the-eye-bank-of-kentucky\\\/#primaryimage\",\"url\":\"https:\\\/\\\/visionshare.org\\\/wp-content\\\/uploads\\\/ebky-page1image.jpg\",\"contentUrl\":\"https:\\\/\\\/visionshare.org\\\/wp-content\\\/uploads\\\/ebky-page1image.jpg\"},{\"@type\":\"BreadcrumbList\",\"@id\":\"https:\\\/\\\/visionshare.org\\\/member-list-info\\\/the-eye-bank-of-kentucky\\\/#breadcrumb\",\"itemListElement\":[{\"@type\":\"ListItem\",\"position\":1,\"name\":\"Home\",\"item\":\"https:\\\/\\\/visionshare.org\\\/\"},{\"@type\":\"ListItem\",\"position\":2,\"name\":\"Vision Share Eye Bank Network\",\"item\":\"https:\\\/\\\/visionshare.org\\\/member-list-info\\\/\"},{\"@type\":\"ListItem\",\"position\":3,\"name\":\"The Eye Bank Of Kentucky\"}]},{\"@type\":\"WebSite\",\"@id\":\"https:\\\/\\\/visionshare.org\\\/#website\",\"url\":\"https:\\\/\\\/visionshare.org\\\/\",\"name\":\"Vision Share\",\"description\":\"Your Trusted Source\",\"publisher\":{\"@id\":\"https:\\\/\\\/visionshare.org\\\/#organization\"},\"potentialAction\":[{\"@type\":\"SearchAction\",\"target\":{\"@type\":\"EntryPoint\",\"urlTemplate\":\"https:\\\/\\\/visionshare.org\\\/?s={search_term_string}\"},\"query-input\":{\"@type\":\"PropertyValueSpecification\",\"valueRequired\":true,\"valueName\":\"search_term_string\"}}],\"inLanguage\":\"fr-FR\"},{\"@type\":\"Organization\",\"@id\":\"https:\\\/\\\/visionshare.org\\\/#organization\",\"name\":\"Vision Share\",\"url\":\"https:\\\/\\\/visionshare.org\\\/\",\"logo\":{\"@type\":\"ImageObject\",\"inLanguage\":\"fr-FR\",\"@id\":\"https:\\\/\\\/visionshare.org\\\/#\\\/schema\\\/logo\\\/image\\\/\",\"url\":\"https:\\\/\\\/visionshare.org\\\/wp-content\\\/uploads\\\/cropped-cropped-cropped-VS_Your-trusted-source-logo-01-PNG.png\",\"contentUrl\":\"https:\\\/\\\/visionshare.org\\\/wp-content\\\/uploads\\\/cropped-cropped-cropped-VS_Your-trusted-source-logo-01-PNG.png\",\"width\":1655,\"height\":861,\"caption\":\"Vision Share\"},\"image\":{\"@id\":\"https:\\\/\\\/visionshare.org\\\/#\\\/schema\\\/logo\\\/image\\\/\"},\"sameAs\":[\"https:\\\/\\\/www.facebook.com\\\/visionshareinc\",\"https:\\\/\\\/x.com\\\/Vision_Share\",\"https:\\\/\\\/www.linkedin.com\\\/company\\\/visionsshare\\\/\"]}]}<\/script>\n<!-- \/ Yoast SEO plugin. -->","yoast_head_json":{"title":"The Eye Bank Of Kentucky - Partage de la vision","description":"Vous souhaitez en savoir plus sur la Eye Bank of Kentucky ? Consultez les informations relatives \u00e0 nos banques oculaires membres sur cette page.","robots":{"index":"index","follow":"follow","max-snippet":"max-snippet:-1","max-image-preview":"max-image-preview:large","max-video-preview":"max-video-preview:-1"},"canonical":"https:\/\/visionshare.org\/fr\/liste-des-membres\/la-banque-des-yeux-du-kentucky\/","og_locale":"fr_FR","og_type":"article","og_title":"The Eye Bank Of Kentucky - Vision Share","og_description":"Interested in learning more about the Eye Bank of Kentucky? View our member eye bank's information on this page.","og_url":"https:\/\/visionshare.org\/fr\/liste-des-membres\/la-banque-des-yeux-du-kentucky\/","og_site_name":"Vision Share","article_publisher":"https:\/\/www.facebook.com\/visionshareinc","article_modified_time":"2025-10-21T00:08:37+00:00","og_image":[{"url":"https:\/\/visionshare.org\/wp-content\/uploads\/ebky-page1image.jpg","type":"","width":"","height":""}],"twitter_card":"summary_large_image","twitter_site":"@Vision_Share","twitter_misc":{"Dur\u00e9e de lecture estim\u00e9e":"3 minutes"},"schema":{"@context":"https:\/\/schema.org","@graph":[{"@type":"WebPage","@id":"https:\/\/visionshare.org\/member-list-info\/the-eye-bank-of-kentucky\/","url":"https:\/\/visionshare.org\/member-list-info\/the-eye-bank-of-kentucky\/","name":"The Eye Bank Of Kentucky - Partage de la vision","isPartOf":{"@id":"https:\/\/visionshare.org\/#website"},"primaryImageOfPage":{"@id":"https:\/\/visionshare.org\/member-list-info\/the-eye-bank-of-kentucky\/#primaryimage"},"image":{"@id":"https:\/\/visionshare.org\/member-list-info\/the-eye-bank-of-kentucky\/#primaryimage"},"thumbnailUrl":"https:\/\/visionshare.org\/wp-content\/uploads\/ebky-page1image.jpg","datePublished":"2024-10-10T22:12:28+00:00","dateModified":"2025-10-21T00:08:37+00:00","description":"Vous souhaitez en savoir plus sur la Eye Bank of Kentucky ? Consultez les informations relatives \u00e0 nos banques oculaires membres sur cette page.","breadcrumb":{"@id":"https:\/\/visionshare.org\/member-list-info\/the-eye-bank-of-kentucky\/#breadcrumb"},"inLanguage":"fr-FR","potentialAction":[{"@type":"ReadAction","target":["https:\/\/visionshare.org\/member-list-info\/the-eye-bank-of-kentucky\/"]}]},{"@type":"ImageObject","inLanguage":"fr-FR","@id":"https:\/\/visionshare.org\/member-list-info\/the-eye-bank-of-kentucky\/#primaryimage","url":"https:\/\/visionshare.org\/wp-content\/uploads\/ebky-page1image.jpg","contentUrl":"https:\/\/visionshare.org\/wp-content\/uploads\/ebky-page1image.jpg"},{"@type":"BreadcrumbList","@id":"https:\/\/visionshare.org\/member-list-info\/the-eye-bank-of-kentucky\/#breadcrumb","itemListElement":[{"@type":"ListItem","position":1,"name":"Home","item":"https:\/\/visionshare.org\/"},{"@type":"ListItem","position":2,"name":"Vision Share Eye Bank Network","item":"https:\/\/visionshare.org\/member-list-info\/"},{"@type":"ListItem","position":3,"name":"The Eye Bank Of Kentucky"}]},{"@type":"WebSite","@id":"https:\/\/visionshare.org\/#website","url":"https:\/\/visionshare.org\/","name":"Vision Share","description":"Votre source de confiance","publisher":{"@id":"https:\/\/visionshare.org\/#organization"},"potentialAction":[{"@type":"SearchAction","target":{"@type":"EntryPoint","urlTemplate":"https:\/\/visionshare.org\/?s={search_term_string}"},"query-input":{"@type":"PropertyValueSpecification","valueRequired":true,"valueName":"search_term_string"}}],"inLanguage":"fr-FR"},{"@type":"Organization","@id":"https:\/\/visionshare.org\/#organization","name":"Vision Share","url":"https:\/\/visionshare.org\/","logo":{"@type":"ImageObject","inLanguage":"fr-FR","@id":"https:\/\/visionshare.org\/#\/schema\/logo\/image\/","url":"https:\/\/visionshare.org\/wp-content\/uploads\/cropped-cropped-cropped-VS_Your-trusted-source-logo-01-PNG.png","contentUrl":"https:\/\/visionshare.org\/wp-content\/uploads\/cropped-cropped-cropped-VS_Your-trusted-source-logo-01-PNG.png","width":1655,"height":861,"caption":"Vision Share"},"image":{"@id":"https:\/\/visionshare.org\/#\/schema\/logo\/image\/"},"sameAs":["https:\/\/www.facebook.com\/visionshareinc","https:\/\/x.com\/Vision_Share","https:\/\/www.linkedin.com\/company\/visionsshare\/"]}]}},"_links":{"self":[{"href":"https:\/\/visionshare.org\/fr\/wp-json\/wp\/v2\/pages\/6785","targetHints":{"allow":["GET"]}}],"collection":[{"href":"https:\/\/visionshare.org\/fr\/wp-json\/wp\/v2\/pages"}],"about":[{"href":"https:\/\/visionshare.org\/fr\/wp-json\/wp\/v2\/types\/page"}],"author":[{"embeddable":true,"href":"https:\/\/visionshare.org\/fr\/wp-json\/wp\/v2\/users\/1"}],"replies":[{"embeddable":true,"href":"https:\/\/visionshare.org\/fr\/wp-json\/wp\/v2\/comments?post=6785"}],"version-history":[{"count":17,"href":"https:\/\/visionshare.org\/fr\/wp-json\/wp\/v2\/pages\/6785\/revisions"}],"predecessor-version":[{"id":13816,"href":"https:\/\/visionshare.org\/fr\/wp-json\/wp\/v2\/pages\/6785\/revisions\/13816"}],"up":[{"embeddable":true,"href":"https:\/\/visionshare.org\/fr\/wp-json\/wp\/v2\/pages\/1306"}],"wp:attachment":[{"href":"https:\/\/visionshare.org\/fr\/wp-json\/wp\/v2\/media?parent=6785"}],"curies":[{"name":"wp","href":"https:\/\/api.w.org\/{rel}","templated":true}]}}