{"id":8144,"date":"2024-10-29T08:26:21","date_gmt":"2024-10-29T13:26:21","guid":{"rendered":"https:\/\/visionshare.org\/?page_id=8144"},"modified":"2026-03-02T13:51:45","modified_gmt":"2026-03-02T19:51:45","slug":"donner","status":"publish","type":"page","link":"https:\/\/visionshare.org\/fr\/give\/","title":{"rendered":"Faites un don \u00e0 Vision Share pour soutenir la restauration de la vue dans le monde"},"content":{"rendered":"<div class=\"gb-container gb-container-00e842b9 alignfull gbp-section\">\n<div class=\"gb-container gb-container-c576d0c3 gbp-section__inner\">\n<div class=\"gb-container gb-container-9d4def1d\">\n\n<h1 class=\"gb-headline gb-headline-0010e718 gb-headline-text gbp-section__headline\">Votre don transforme des vies dans le monde entier, en donnant aux personnes dans le besoin une chance d'acc\u00e9der \u00e0 un avenir meilleur.<\/h1>\n\n\n<div class=\"gb-container gb-container-1f20a3e1\">\n\n<a class=\"gb-button gb-button-4e938dad gb-button-text gbp-button--primary\" href=\"https:\/\/www.paypal.com\/donate\/?hosted_button_id=48UELE8RP7FF8\">Aidez \u00e0 restaurer la vue d'une personne aujourd'hui<\/a>\n\n<\/div>\n<\/div>\n<\/div>\n<div class=\"gb-shapes\"><div class=\"gb-shape gb-shape-1\"><svg xmlns=\"http:\/\/www.w3.org\/2000\/svg\" viewbox=\"0 0 1200 194.3\" preserveaspectratio=\"none\"><path d=\"M1200 133.3l-50 8.9c-50 8.6-150 26.9-250 31.1-100 4.2-200-4.2-300-26.7S400 89.2 300 62.2C200 35.8 100 17.5 50 8.9L0 0v194.3h1200v-61z\"\/><\/svg><\/div><\/div><\/div>\n\n<div class=\"gb-container gb-container-535ea841 give-main-section gbp-section\">\n<div class=\"gb-container gb-container-58140729 gbp-section__inner\">\n<div class=\"gb-container gb-container-d19142c2 sub-container-2\">\n\n<h2 class=\"gb-headline gb-headline-8d6d76b4 gb-headline-text gbp-section__headline\" id=\"emmanuels-story\">L'histoire puissante d'Emmanuel<\/h2>\n\n\n\n<div class=\"gb-headline gb-headline-d32fe39e gb-headline-text gbp-section__text\">Emmanuel \u00e9tait confront\u00e9 \u00e0 un avenir sans vision, luttant pour suivre l'\u00e9cole en raison d'un k\u00e9ratoc\u00f4ne avanc\u00e9 dans les deux yeux. Ses r\u00eaves s'\u00e9vanouissaient et il a d\u00fb abandonner l'\u00e9cole. Mais gr\u00e2ce aux soins d\u00e9vou\u00e9s du Dr John et au soutien de Vision Share, Emmanuel a re\u00e7u les greffes de corn\u00e9e dont il avait d\u00e9sesp\u00e9r\u00e9ment besoin. Aujourd'hui, sa vision est r\u00e9tablie et il est retourn\u00e9 \u00e0 l'\u00e9cole, \u00e9tudiant pour devenir m\u00e9decin avec l'objectif de se sp\u00e9cialiser dans la sant\u00e9 de la corn\u00e9e.<br><\/div>\n\n\n\n<h6 class=\"wp-block-heading\">Regardez la puissante histoire d'Emmanuel racont\u00e9e par le Dr John Nkurikiye, pr\u00e9sident ex\u00e9cutif de RIIO iHospital au Rwanda, en Afrique.<em> (partenaire de Vision Share depuis 2016).<\/em><\/h6>\n\n\n\n<iframe loading=\"lazy\" width=\"560\" height=\"315\"\n  src=\"https:\/\/www.youtube.com\/embed\/kCIMFSpw8wU?cc_load_policy=1\"\n  title=\"L&#039;histoire d&#039;Emmanuel - Vision Share\"\n  frameborder=\"0\"\n  allow=\"accelerometer; autoplay; clipboard-write; encrypted-media; gyroscope; picture-in-picture\"\n  allowfullscreen>\n<\/iframe>\n\n\n\n<p class=\"has-small-font-size\"><em>Vos dons g\u00e9n\u00e9reux rendent possible des histoires comme celle d'Emmanuel.<\/em><\/p>\n\n\n<div class=\"gb-container gb-container-27145ff4\">\n\n<a class=\"gb-button gb-button-d754e00c gb-button-text gbp-button--secondary\" href=\"https:\/\/www.paypal.com\/donate\/?hosted_button_id=48UELE8RP7FF8\">Rejoignez-nous pour restaurer la vision et l'espoir<\/a>\n\n<\/div>\n<\/div>\n\n<div class=\"gb-container gb-container-1a335d0e sub-container-1\">\n\n<figure class=\"gb-block-image gb-block-image-db4988b0\"><img loading=\"lazy\" decoding=\"async\" width=\"2250\" height=\"2250\" class=\"gb-image gb-image-db4988b0\" src=\"https:\/\/visionshare.org\/wp-content\/uploads\/emmanuelpicture.jpg\" alt=\"John et Emmanuel\" srcset=\"https:\/\/visionshare.org\/wp-content\/uploads\/emmanuelpicture.jpg 2250w, https:\/\/visionshare.org\/wp-content\/uploads\/emmanuelpicture-300x300.jpg 300w, https:\/\/visionshare.org\/wp-content\/uploads\/emmanuelpicture-1024x1024.jpg 1024w, https:\/\/visionshare.org\/wp-content\/uploads\/emmanuelpicture-150x150.jpg 150w, https:\/\/visionshare.org\/wp-content\/uploads\/emmanuelpicture-768x768.jpg 768w, https:\/\/visionshare.org\/wp-content\/uploads\/emmanuelpicture-1536x1536.jpg 1536w, https:\/\/visionshare.org\/wp-content\/uploads\/emmanuelpicture-2048x2048.jpg 2048w, https:\/\/visionshare.org\/wp-content\/uploads\/emmanuelpicture-500x500.jpg 500w, https:\/\/visionshare.org\/wp-content\/uploads\/emmanuelpicture-700x700.jpg 700w, https:\/\/visionshare.org\/wp-content\/uploads\/emmanuelpicture-100x100.jpg 100w\" sizes=\"auto, (max-width: 2250px) 100vw, 2250px\" \/><\/figure>\n\n<\/div>\n<\/div>\n<\/div>\n\n<div class=\"gb-container gb-container-4b1b7ac9 alignfull gbp-section\">\n<div class=\"gb-container gb-container-4dd73ab7 gbp-section__inner\">\n<div class=\"gb-container gb-container-bf0e62f0\">\n\n<div class=\"gb-headline gb-headline-abb5bc4f gb-headline-text gbp-section__tagline\">VOTRE DON EST IMPORTANT<\/div>\n\n\n\n<h2 class=\"gb-headline gb-headline-535ea083 gb-headline-text gbp-section__headline\">Ensemble, nous pouvons soutenir la restauration de la vue dans le monde<\/h2>\n\n\n\n<div class=\"gb-headline gb-headline-e3ecc160 gb-headline-text gbp-section__text\">Tout le monde devrait avoir acc\u00e8s au tissu corn\u00e9en. Malheureusement, ce n'est pas le cas pour des millions de personnes vivant dans les pays en d\u00e9veloppement. Actuellement, plus de 12,7 millions de personnes souffrent de c\u00e9cit\u00e9 corn\u00e9enne, une condition qui est souvent \u00e9vitable ou traitable. Ensemble, nous pouvons changer cette r\u00e9alit\u00e9. <strong>Notre mission est de soutenir la restauration de la vue dans le monde entier, et votre contribution nous aide \u00e0 atteindre cet objectif et \u00e0 redonner espoir \u00e0 d'innombrables personnes. <\/strong><\/div>\n\n<\/div>\n<\/div>\n<\/div>\n\n<div class=\"gb-container gb-container-15fc1ac6 alignfull gbp-section\">\n<div class=\"gb-container gb-container-d566d6fa gbp-section__inner\">\n<div class=\"gb-container gb-container-630317c4\">\n\n<h2 class=\"gb-headline gb-headline-5106f80b gb-headline-text gbp-section__headline\">Quelques informations et mesures cl\u00e9s<\/h2>\n\n<\/div>\n\n<div class=\"gb-container gb-container-dda33ef0\">\n\n<div class=\"gb-headline gb-headline-26eb13e7 gb-headline-text gbp-section__text\">Il est de plus en plus difficile de r\u00e9pondre aux besoins en tissus des pays \u00e0 faible revenu. La moiti\u00e9 des cas sont \u00e9vitables. Votre don transformera des vies.<\/div>\n\n<\/div>\n<\/div>\n\n<div class=\"gb-container gb-container-e546e9b8\">\n\n<figure class=\"wp-block-image size-large\"><img loading=\"lazy\" decoding=\"async\" width=\"1920\" height=\"1080\" src=\"https:\/\/visionshare.org\/wp-content\/uploads\/globalneedforcornealtissue.svg\" alt=\"Besoin mondial de statistiques sur les tissus corn\u00e9ens\" class=\"wp-image-8213\"\/><\/figure>\n\n<\/div>\n<div class=\"gb-shapes\"><div class=\"gb-shape gb-shape-1\"><svg xmlns=\"http:\/\/www.w3.org\/2000\/svg\" viewbox=\"0 0 1200 194.3\" preserveaspectratio=\"none\"><path d=\"M1200 133.3l-50 8.9c-50 8.6-150 26.9-250 31.1-100 4.2-200-4.2-300-26.7S400 89.2 300 62.2C200 35.8 100 17.5 50 8.9L0 0v194.3h1200v-61z\"\/><\/svg><\/div><div class=\"gb-shape gb-shape-2\"><svg xmlns=\"http:\/\/www.w3.org\/2000\/svg\" viewbox=\"0 0 1200 194.3\" preserveaspectratio=\"none\"><path d=\"M1200 133.3l-50 8.9c-50 8.6-150 26.9-250 31.1-100 4.2-200-4.2-300-26.7S400 89.2 300 62.2C200 35.8 100 17.5 50 8.9L0 0v194.3h1200v-61z\"\/><\/svg><\/div><\/div><\/div>\n\n<div class=\"gb-container gb-container-e3ecbfa3 alignfull gbp-section\">\n<div class=\"gb-container gb-container-f6e7fb02 gbp-section__inner\">\n<div class=\"gb-container gb-container-88d57d2d\">\n\n<h2 class=\"gb-headline gb-headline-1b70fa32 gbp-section__headline\"><span class=\"gb-icon\"><svg aria-hidden=\"true\" role=\"img\" height=\"1em\" width=\"1em\" viewbox=\"0 0 512 512\" xmlns=\"http:\/\/www.w3.org\/2000\/svg\"><path fill=\"currentColor\" d=\"M462.3 62.6C407.5 15.9 326 24.3 275.7 76.2L256 96.5l-19.7-20.3C186.1 24.3 104.5 15.9 49.7 62.6c-62.8 53.6-66.1 149.8-9.9 207.9l193.5 199.8c12.5 12.9 32.8 12.9 45.3 0l193.5-199.8c56.3-58.1 53-154.3-9.8-207.9z\"><\/path><\/svg><\/span><span class=\"gb-headline-text\">Quand tu te donnes<\/span><\/h2>\n\n\n<div class=\"gb-container gb-container-f1bf2fad\">\n\n<div class=\"flip-card-group-give\">\n    <div class=\"flip-card-1\">\n        <div class=\"flip-card-inner-1\">\n            <div class=\"flip-card-front-1\">\n                <h3><strong>Fournir du tissu corn\u00e9en<\/strong><\/h3>\n            <\/div>\n            <div class=\"flip-card-back-1\">\n                <p>Chaque tissu est un don et notre priorit\u00e9 est de lui trouver une place. Cependant, chaque don est soumis \u00e0 des frais de traitement des tissus qui peuvent rendre l'approvisionnement en tissus difficile, voire impossible. Votre don permettra de subventionner ces frais pour les personnes dont les moyens financiers sont limit\u00e9s ou d'assurer un remboursement total pour les personnes qui ne peuvent pas payer. Tout le monde devrait avoir la possibilit\u00e9 de b\u00e9n\u00e9ficier d'une greffe de corn\u00e9e en cas de besoin. Votre don leur donne cette chance.<\/p>\n            <\/div>\n        <\/div>\n    <\/div>\n    <div class=\"flip-card-1\">\n        <div class=\"flip-card-inner-1\">\n            <div class=\"flip-card-front-1\">\n                <h3><strong>Aide \u00e0 l'exp\u00e9dition<\/strong><\/h3>\n            <\/div>\n            <div class=\"flip-card-back-1\">\n                <p>Les patients du monde entier ont des difficult\u00e9s \u00e0 payer les frais d'exp\u00e9dition \u00e9lev\u00e9s. Ces frais peuvent emp\u00eacher les personnes dans le besoin de demander du tissu corn\u00e9en. Votre don aidera ces personnes \u00e0 faire face aux frais d'exp\u00e9dition et \u00e9liminera cet obstacle afin que les chirurgiens puissent se concentrer sur la r\u00e9alisation de greffes de corn\u00e9e qui changeront la vie de leurs patients sans avoir \u00e0 leur imposer des frais d'exp\u00e9dition \u00e9lev\u00e9s.<\/p>\n            <\/div>\n        <\/div>\n    <\/div>\n    <div class=\"flip-card-1\">\n        <div class=\"flip-card-inner-1\">\n            <div class=\"flip-card-front-1\">\n <h3><strong>Soutenir la mission de Vision Share<\/strong><\/h3>\n            <\/div>\n            <div class=\"flip-card-back-1\">\n                <p>Une partie de votre don soutiendra les op\u00e9rations de Vision Share, notamment la communication avec les membres de la banque des yeux, le soutien aux chirurgiens et aux patients, et le d\u00e9veloppement de programmes. Chacune de ces fonctions fournit \u00e0 Vision Share les outils n\u00e9cessaires pour soutenir la restauration de la vue dans le monde.<\/p>\n            <\/div>\n        <\/div>\n    <\/div>\n<\/div>\n\n<\/div>\n<\/div>\n\n<div class=\"gb-container gb-container-a4fada3b\">\n\n<a class=\"gb-button gb-button-4d289333 gb-button-text gbp-button--secondary\" href=\"https:\/\/www.paypal.com\/donate\/?hosted_button_id=48UELE8RP7FF8\">Faites la diff\u00e9rence aujourd'hui<\/a>\n\n<\/div>\n<\/div>\n<\/div>\n\n<div class=\"gb-container gb-container-b9c37198 give-main-container alignfull\">\n<div class=\"gb-container gb-container-5c7e8d7f\">\n<div class=\"gb-container gb-container-0c25bb25 sub-container-2\">\n\n<div class=\"gb-headline gb-headline-6164a43e gb-headline-text\">En 2016, lors de la conf\u00e9rence de l'Acad\u00e9mie am\u00e9ricaine d'ophtalmologie \u00e0 Chicago, j'ai visit\u00e9 le stand de Vision Share. C'est probablement le moment qui a chang\u00e9 ce que je fais en termes de greffes de corn\u00e9e. Cela a ouvert l'acc\u00e8s \u00e0 des tissus de corn\u00e9e de qualit\u00e9 pour plus de 8 pays en Afrique, en commen\u00e7ant par le Rwanda. Nous \u00e9tions un r\u00e9seau d'h\u00f4pitaux appartenant au m\u00eame propri\u00e9taire. Ce partenariat a chang\u00e9 de nombreuses vies en Afrique. Je pense qu'entre 400 et 500 personnes ont b\u00e9n\u00e9fici\u00e9 de cette rencontre depuis 2016.&nbsp;<br><br>Cela m'a permis, par exemple, de donner une bonne corn\u00e9e \u00e0 un jeune gar\u00e7on de 8 ans. Il souffrait d'anasarque aigu\u00eb. Apr\u00e8s avoir commenc\u00e9 \u00e0 travailler avec Vision Share, nous pouvions commander, obtenir une corn\u00e9e et proc\u00e9der \u00e0 la transplantation dans les sept jours. Ce n'\u00e9tait pas possible jusqu'\u00e0 ce que je rencontre Vision Share.<\/div>\n\n\n\n<div class=\"gb-headline gb-headline-d5fabb52 gb-headline-text\">Dr John Nkurikiye, pr\u00e9sident ex\u00e9cutif de RIIO iHospital et pr\u00e9sident de COESCA<br> Rwanda, Afrique<\/div>\n\n<\/div>\n\n<div class=\"gb-container gb-container-68ce41c5 sub-container-1\">\n\n<figure class=\"gb-block-image gb-block-image-2c2c725d\"><img loading=\"lazy\" decoding=\"async\" width=\"1200\" height=\"1200\" class=\"gb-image gb-image-2c2c725d\" src=\"https:\/\/visionshare.org\/wp-content\/uploads\/drjohnpic.jpg\" alt=\"Dr. John Nkurikiye\" srcset=\"https:\/\/visionshare.org\/wp-content\/uploads\/drjohnpic.jpg 1200w, https:\/\/visionshare.org\/wp-content\/uploads\/drjohnpic-300x300.jpg 300w, https:\/\/visionshare.org\/wp-content\/uploads\/drjohnpic-1024x1024.jpg 1024w, https:\/\/visionshare.org\/wp-content\/uploads\/drjohnpic-150x150.jpg 150w, https:\/\/visionshare.org\/wp-content\/uploads\/drjohnpic-768x768.jpg 768w, https:\/\/visionshare.org\/wp-content\/uploads\/drjohnpic-500x500.jpg 500w, https:\/\/visionshare.org\/wp-content\/uploads\/drjohnpic-700x700.jpg 700w, https:\/\/visionshare.org\/wp-content\/uploads\/drjohnpic-100x100.jpg 100w\" sizes=\"auto, (max-width: 1200px) 100vw, 1200px\" \/><\/figure>\n\n<\/div>\n<\/div>\n<\/div>\n\n<div class=\"gb-container gb-container-c39500b5 alignfull gbp-section\">\n<div class=\"gb-container gb-container-5cf4528d gbp-section__inner\">\n<div class=\"gb-container gb-container-2cbe5eec\">\n\n<h3 class=\"gb-headline gb-headline-9a8883f4 gb-headline-text gbp-section__headline\">Informations sur les dons<\/h3>\n\n\n\n<div class=\"gb-headline gb-headline-904808f3 gb-headline-text gbp-section__text\"><strong>Vision Share est une organisation caritative de type 501 (c)(3). Tous les dons sont d\u00e9ductibles des imp\u00f4ts dans la mesure o\u00f9 la loi le permet.<\/strong> <strong>Vision Share se conforme pleinement aux exigences f\u00e9d\u00e9rales et nationales en mati\u00e8re de sollicitation caritative.<\/strong><\/div>\n\n<\/div>\n<\/div>\n<\/div>\n\n<div class=\"gb-container gb-container-b51c48c3 gbp-section\">\n<div class=\"gb-container gb-container-77c4fb6b gbp-section__inner\">\n<div class=\"gb-container gb-container-81d90faf\">\n\n<h2 class=\"gb-headline gb-headline-4488610a gb-headline-text gbp-section__headline\">Vous voulez donner d'une autre mani\u00e8re ?<\/h2>\n\n<\/div>\n<\/div>\n\n<div class=\"gb-container gb-container-14b28e48\">\n<div class=\"gb-container gb-container-d7bd973d\">\n<div class=\"gb-grid-wrapper gb-grid-wrapper-ba287320\">\n<div class=\"gb-grid-column gb-grid-column-d3998992\"><div class=\"gb-container gb-container-d3998992\">\n\n<div class=\"gb-headline gb-headline-0d5eb77d gb-headline-text\">Pour un ACH ou un virement bancaire<\/div>\n\n\n\n<div class=\"gb-headline gb-headline-c8ecb863 gb-headline-text gbp-section__text\">Envoyez-nous un courriel \u00e0 <a href=\"mailto:giving@visionshare.org\">giving@visionshare.org<\/a>.<br> <\/div>\n\n<\/div><\/div>\n\n<div class=\"gb-grid-column gb-grid-column-10137a19\"><div class=\"gb-container gb-container-10137a19\">\n\n<div class=\"gb-headline gb-headline-e0d8c392 gb-headline-text\">Envoyer un ch\u00e8que<\/div>\n\n\n\n<div class=\"gb-headline gb-headline-dd80100e gb-headline-text gbp-section__text\">Vision Share <br>3023 N. Clark Street, Suite #118,<br> Chicago, IL 60657<\/div>\n\n<\/div><\/div>\n\n<div class=\"gb-grid-column gb-grid-column-024b28c5\"><div class=\"gb-container gb-container-024b28c5\">\n\n<div class=\"gb-headline gb-headline-3779934d gb-headline-text\">Donner par t\u00e9l\u00e9phone<\/div>\n\n\n\n<div class=\"gb-headline gb-headline-2b5cfc76 gb-headline-text gbp-section__text\">Appeler le 888-657-4448<\/div>\n\n<\/div><\/div>\n<\/div>\n<\/div>\n<\/div>\n<\/div>\n\n\n<p><\/p>","protected":false},"excerpt":{"rendered":"<p>Your gift transforms lives around the world, giving people in need a chance to achieve a brighter future. Emmanuel&#8217;s powerful story Emmanuel faced a future &#8230; <a title=\"Faites un don \u00e0 Vision Share pour soutenir la restauration de la vue dans le monde\" class=\"read-more\" href=\"https:\/\/visionshare.org\/fr\/give\/\" aria-label=\"En savoir plus sur Give to Vision Share to Support Global Sight Restoration\">Lire plus<\/a><\/p>","protected":false},"author":1,"featured_media":8166,"parent":0,"menu_order":0,"comment_status":"closed","ping_status":"closed","template":"","meta":{"_acf_changed":false,"footnotes":""},"class_list":["post-8144","page","type-page","status-publish","has-post-thumbnail"],"acf":[],"yoast_head":"<!-- This site is optimized with the Yoast SEO plugin v27.6 - https:\/\/yoast.com\/product\/yoast-seo-wordpress\/ -->\n<title>Give to Vision Share to Support Global Sight Restoration<\/title>\n<meta name=\"description\" content=\"Interested in supporting global sight restoration? Your gift to Vision Share will give people in need a chance to achieve a brighter future.\" \/>\n<meta name=\"robots\" content=\"index, follow, max-snippet:-1, max-image-preview:large, max-video-preview:-1\" \/>\n<link rel=\"canonical\" href=\"https:\/\/visionshare.org\/fr\/donner\/\" \/>\n<meta property=\"og:locale\" content=\"fr_FR\" \/>\n<meta property=\"og:type\" content=\"article\" \/>\n<meta property=\"og:title\" content=\"Give to Vision Share to Support Global Sight Restoration\" \/>\n<meta property=\"og:description\" content=\"Interested in supporting global sight restoration? Your gift to Vision Share will give people in need a chance to achieve a brighter future.\" \/>\n<meta property=\"og:url\" content=\"https:\/\/visionshare.org\/fr\/donner\/\" \/>\n<meta property=\"og:site_name\" content=\"Vision Share\" \/>\n<meta property=\"article:publisher\" content=\"https:\/\/www.facebook.com\/visionshareinc\" \/>\n<meta property=\"article:modified_time\" content=\"2026-03-02T19:51:45+00:00\" \/>\n<meta property=\"og:image\" content=\"https:\/\/visionshare.org\/wp-content\/uploads\/emmanuelpicture.jpg\" \/>\n\t<meta property=\"og:image:width\" content=\"2250\" \/>\n\t<meta property=\"og:image:height\" content=\"2250\" \/>\n\t<meta property=\"og:image:type\" content=\"image\/jpeg\" \/>\n<meta name=\"twitter:card\" content=\"summary_large_image\" \/>\n<meta name=\"twitter:site\" content=\"@Vision_Share\" \/>\n<meta name=\"twitter:label1\" content=\"Dur\u00e9e de lecture estim\u00e9e\" \/>\n\t<meta name=\"twitter:data1\" content=\"4 minutes\" \/>\n<script type=\"application\/ld+json\" class=\"yoast-schema-graph\">{\"@context\":\"https:\\\/\\\/schema.org\",\"@graph\":[{\"@type\":\"WebPage\",\"@id\":\"https:\\\/\\\/visionshare.org\\\/give\\\/\",\"url\":\"https:\\\/\\\/visionshare.org\\\/give\\\/\",\"name\":\"Give to Vision Share to Support Global Sight Restoration\",\"isPartOf\":{\"@id\":\"https:\\\/\\\/visionshare.org\\\/#website\"},\"primaryImageOfPage\":{\"@id\":\"https:\\\/\\\/visionshare.org\\\/give\\\/#primaryimage\"},\"image\":{\"@id\":\"https:\\\/\\\/visionshare.org\\\/give\\\/#primaryimage\"},\"thumbnailUrl\":\"https:\\\/\\\/visionshare.org\\\/wp-content\\\/uploads\\\/emmanuelpicture.jpg\",\"datePublished\":\"2024-10-29T13:26:21+00:00\",\"dateModified\":\"2026-03-02T19:51:45+00:00\",\"description\":\"Interested in supporting global sight restoration? Your gift to Vision Share will give people in need a chance to achieve a brighter future.\",\"breadcrumb\":{\"@id\":\"https:\\\/\\\/visionshare.org\\\/give\\\/#breadcrumb\"},\"inLanguage\":\"fr-FR\",\"potentialAction\":[{\"@type\":\"ReadAction\",\"target\":[\"https:\\\/\\\/visionshare.org\\\/give\\\/\"]}]},{\"@type\":\"ImageObject\",\"inLanguage\":\"fr-FR\",\"@id\":\"https:\\\/\\\/visionshare.org\\\/give\\\/#primaryimage\",\"url\":\"https:\\\/\\\/visionshare.org\\\/wp-content\\\/uploads\\\/emmanuelpicture.jpg\",\"contentUrl\":\"https:\\\/\\\/visionshare.org\\\/wp-content\\\/uploads\\\/emmanuelpicture.jpg\",\"width\":2250,\"height\":2250,\"caption\":\"emmanuelpicture\"},{\"@type\":\"BreadcrumbList\",\"@id\":\"https:\\\/\\\/visionshare.org\\\/give\\\/#breadcrumb\",\"itemListElement\":[{\"@type\":\"ListItem\",\"position\":1,\"name\":\"Home\",\"item\":\"https:\\\/\\\/visionshare.org\\\/\"},{\"@type\":\"ListItem\",\"position\":2,\"name\":\"Give to Vision Share to Support Global Sight Restoration\"}]},{\"@type\":\"WebSite\",\"@id\":\"https:\\\/\\\/visionshare.org\\\/#website\",\"url\":\"https:\\\/\\\/visionshare.org\\\/\",\"name\":\"Vision Share\",\"description\":\"Your Trusted Source\",\"publisher\":{\"@id\":\"https:\\\/\\\/visionshare.org\\\/#organization\"},\"potentialAction\":[{\"@type\":\"SearchAction\",\"target\":{\"@type\":\"EntryPoint\",\"urlTemplate\":\"https:\\\/\\\/visionshare.org\\\/?s={search_term_string}\"},\"query-input\":{\"@type\":\"PropertyValueSpecification\",\"valueRequired\":true,\"valueName\":\"search_term_string\"}}],\"inLanguage\":\"fr-FR\"},{\"@type\":\"Organization\",\"@id\":\"https:\\\/\\\/visionshare.org\\\/#organization\",\"name\":\"Vision Share\",\"url\":\"https:\\\/\\\/visionshare.org\\\/\",\"logo\":{\"@type\":\"ImageObject\",\"inLanguage\":\"fr-FR\",\"@id\":\"https:\\\/\\\/visionshare.org\\\/#\\\/schema\\\/logo\\\/image\\\/\",\"url\":\"https:\\\/\\\/visionshare.org\\\/wp-content\\\/uploads\\\/cropped-cropped-cropped-VS_Your-trusted-source-logo-01-PNG.png\",\"contentUrl\":\"https:\\\/\\\/visionshare.org\\\/wp-content\\\/uploads\\\/cropped-cropped-cropped-VS_Your-trusted-source-logo-01-PNG.png\",\"width\":1655,\"height\":861,\"caption\":\"Vision Share\"},\"image\":{\"@id\":\"https:\\\/\\\/visionshare.org\\\/#\\\/schema\\\/logo\\\/image\\\/\"},\"sameAs\":[\"https:\\\/\\\/www.facebook.com\\\/visionshareinc\",\"https:\\\/\\\/x.com\\\/Vision_Share\",\"https:\\\/\\\/www.linkedin.com\\\/company\\\/visionsshare\\\/\"]}]}<\/script>\n<!-- \/ Yoast SEO plugin. -->","yoast_head_json":{"title":"Faites un don \u00e0 Vision Share pour soutenir la restauration de la vue dans le monde","description":"Int\u00e9ress\u00e9 \u00e0 soutenir la restauration de la vue ? Votre don \u00e0 Vision Share offre aux personnes dans le besoin un avenir plus lumineux.","robots":{"index":"index","follow":"follow","max-snippet":"max-snippet:-1","max-image-preview":"max-image-preview:large","max-video-preview":"max-video-preview:-1"},"canonical":"https:\/\/visionshare.org\/fr\/donner\/","og_locale":"fr_FR","og_type":"article","og_title":"Give to Vision Share to Support Global Sight Restoration","og_description":"Interested in supporting global sight restoration? Your gift to Vision Share will give people in need a chance to achieve a brighter future.","og_url":"https:\/\/visionshare.org\/fr\/donner\/","og_site_name":"Vision Share","article_publisher":"https:\/\/www.facebook.com\/visionshareinc","article_modified_time":"2026-03-02T19:51:45+00:00","og_image":[{"width":2250,"height":2250,"url":"https:\/\/visionshare.org\/wp-content\/uploads\/emmanuelpicture.jpg","type":"image\/jpeg"}],"twitter_card":"summary_large_image","twitter_site":"@Vision_Share","twitter_misc":{"Dur\u00e9e de lecture estim\u00e9e":"4 minutes"},"schema":{"@context":"https:\/\/schema.org","@graph":[{"@type":"WebPage","@id":"https:\/\/visionshare.org\/give\/","url":"https:\/\/visionshare.org\/give\/","name":"Faites un don \u00e0 Vision Share pour soutenir la restauration de la vue dans le monde","isPartOf":{"@id":"https:\/\/visionshare.org\/#website"},"primaryImageOfPage":{"@id":"https:\/\/visionshare.org\/give\/#primaryimage"},"image":{"@id":"https:\/\/visionshare.org\/give\/#primaryimage"},"thumbnailUrl":"https:\/\/visionshare.org\/wp-content\/uploads\/emmanuelpicture.jpg","datePublished":"2024-10-29T13:26:21+00:00","dateModified":"2026-03-02T19:51:45+00:00","description":"Int\u00e9ress\u00e9 \u00e0 soutenir la restauration de la vue ? Votre don \u00e0 Vision Share offre aux personnes dans le besoin un avenir plus lumineux.","breadcrumb":{"@id":"https:\/\/visionshare.org\/give\/#breadcrumb"},"inLanguage":"fr-FR","potentialAction":[{"@type":"ReadAction","target":["https:\/\/visionshare.org\/give\/"]}]},{"@type":"ImageObject","inLanguage":"fr-FR","@id":"https:\/\/visionshare.org\/give\/#primaryimage","url":"https:\/\/visionshare.org\/wp-content\/uploads\/emmanuelpicture.jpg","contentUrl":"https:\/\/visionshare.org\/wp-content\/uploads\/emmanuelpicture.jpg","width":2250,"height":2250,"caption":"emmanuelpicture"},{"@type":"BreadcrumbList","@id":"https:\/\/visionshare.org\/give\/#breadcrumb","itemListElement":[{"@type":"ListItem","position":1,"name":"Home","item":"https:\/\/visionshare.org\/"},{"@type":"ListItem","position":2,"name":"Give to Vision Share to Support Global Sight Restoration"}]},{"@type":"WebSite","@id":"https:\/\/visionshare.org\/#website","url":"https:\/\/visionshare.org\/","name":"Vision Share","description":"Votre source de confiance","publisher":{"@id":"https:\/\/visionshare.org\/#organization"},"potentialAction":[{"@type":"SearchAction","target":{"@type":"EntryPoint","urlTemplate":"https:\/\/visionshare.org\/?s={search_term_string}"},"query-input":{"@type":"PropertyValueSpecification","valueRequired":true,"valueName":"search_term_string"}}],"inLanguage":"fr-FR"},{"@type":"Organization","@id":"https:\/\/visionshare.org\/#organization","name":"Vision Share","url":"https:\/\/visionshare.org\/","logo":{"@type":"ImageObject","inLanguage":"fr-FR","@id":"https:\/\/visionshare.org\/#\/schema\/logo\/image\/","url":"https:\/\/visionshare.org\/wp-content\/uploads\/cropped-cropped-cropped-VS_Your-trusted-source-logo-01-PNG.png","contentUrl":"https:\/\/visionshare.org\/wp-content\/uploads\/cropped-cropped-cropped-VS_Your-trusted-source-logo-01-PNG.png","width":1655,"height":861,"caption":"Vision Share"},"image":{"@id":"https:\/\/visionshare.org\/#\/schema\/logo\/image\/"},"sameAs":["https:\/\/www.facebook.com\/visionshareinc","https:\/\/x.com\/Vision_Share","https:\/\/www.linkedin.com\/company\/visionsshare\/"]}]}},"_links":{"self":[{"href":"https:\/\/visionshare.org\/fr\/wp-json\/wp\/v2\/pages\/8144","targetHints":{"allow":["GET"]}}],"collection":[{"href":"https:\/\/visionshare.org\/fr\/wp-json\/wp\/v2\/pages"}],"about":[{"href":"https:\/\/visionshare.org\/fr\/wp-json\/wp\/v2\/types\/page"}],"author":[{"embeddable":true,"href":"https:\/\/visionshare.org\/fr\/wp-json\/wp\/v2\/users\/1"}],"replies":[{"embeddable":true,"href":"https:\/\/visionshare.org\/fr\/wp-json\/wp\/v2\/comments?post=8144"}],"version-history":[{"count":335,"href":"https:\/\/visionshare.org\/fr\/wp-json\/wp\/v2\/pages\/8144\/revisions"}],"predecessor-version":[{"id":15060,"href":"https:\/\/visionshare.org\/fr\/wp-json\/wp\/v2\/pages\/8144\/revisions\/15060"}],"wp:featuredmedia":[{"embeddable":true,"href":"https:\/\/visionshare.org\/fr\/wp-json\/wp\/v2\/media\/8166"}],"wp:attachment":[{"href":"https:\/\/visionshare.org\/fr\/wp-json\/wp\/v2\/media?parent=8144"}],"curies":[{"name":"wp","href":"https:\/\/api.w.org\/{rel}","templated":true}]}}